{"id":930,"date":"2012-05-17T19:40:03","date_gmt":"2012-05-17T17:40:03","guid":{"rendered":"https:\/\/www.iemn.fr\/?page_id=930"},"modified":"2018-05-28T15:35:05","modified_gmt":"2018-05-28T13:35:05","slug":"scanning-probe-microscopy","status":"publish","type":"page","link":"https:\/\/www.iemn.fr\/en\/scanning-probe-microscopy","title":{"rendered":"Scanning Probe Microscopy"},"content":{"rendered":"<style type=\"text\/css\" data-created_by=\"avia_inline_auto\" id=\"style-css-av-3mbeiu-75dab578f559624b8fca8923b6a0b068\">\n#top .av-special-heading.av-3mbeiu-75dab578f559624b8fca8923b6a0b068{\npadding-bottom:35px;\n}\nbody .av-special-heading.av-3mbeiu-75dab578f559624b8fca8923b6a0b068 .av-special-heading-tag .heading-char{\nfont-size:25px;\n}\n.av-special-heading.av-3mbeiu-75dab578f559624b8fca8923b6a0b068 .av-subheading{\nfont-size:15px;\n}\n<\/style>\n<div  class='av-special-heading av-3mbeiu-75dab578f559624b8fca8923b6a0b068 av-special-heading-h5  avia-builder-el-0  el_before_av_two_fifth  avia-builder-el-first'><h5 class='av-special-heading-tag'  itemprop=\"headline\"  >Plate-forme de Microscopie en Champ Proche<\/h5><div class=\"special-heading-border\"><div class=\"special-heading-inner-border\"><\/div><\/div><\/div>\n<div class='flex_column_table av-3f2n6e-d0daac6f608a27af89856dae19e96817 sc-av_two_fifth av-equal-height-column-flextable'>\n<style type=\"text\/css\" data-created_by=\"avia_inline_auto\" id=\"style-css-av-3f2n6e-d0daac6f608a27af89856dae19e96817\">\n.flex_column.av-3f2n6e-d0daac6f608a27af89856dae19e96817{\nborder-radius:0px 0px 0px 0px;\npadding:0px 0px 0px 0px;\n}\n<\/style>\n<div  class='flex_column av-3f2n6e-d0daac6f608a27af89856dae19e96817 av_two_fifth  avia-builder-el-1  el_after_av_heading  el_before_av_three_fifth  first flex_column_table_cell av-equal-height-column av-align-middle av-zero-column-padding'     ><style type=\"text\/css\" data-created_by=\"avia_inline_auto\" id=\"style-css-av-bq9ha-81dd5f6cfb7bffc2edea83242bd63571\">\n.avia-image-container.av-bq9ha-81dd5f6cfb7bffc2edea83242bd63571 img.avia_image{\nbox-shadow:none;\n}\n.avia-image-container.av-bq9ha-81dd5f6cfb7bffc2edea83242bd63571 .av-image-caption-overlay-center{\ncolor:#ffffff;\n}\n<\/style>\n<div  class='avia-image-container av-bq9ha-81dd5f6cfb7bffc2edea83242bd63571 av-styling- avia-align-center  avia-builder-el-2  avia-builder-el-no-sibling'   itemprop=\"image\" itemscope=\"itemscope\" itemtype=\"https:\/\/schema.org\/ImageObject\" ><div class=\"avia-image-container-inner\"><div class=\"avia-image-overlay-wrap\"><img decoding=\"async\" fetchpriority=\"high\" class='wp-image-12427 avia-img-lazy-loading-not-12427 avia_image' src=\"https:\/\/www.iemn.fr\/wp-content\/uploads\/2016\/11\/presentation-PF-champ-proche-300x223-300x223.png\" alt='' title='presentation-pf-champ-proche-300x223'  height=\"223\" width=\"300\"  itemprop=\"thumbnailUrl\"  \/><\/div><\/div><\/div><\/div>\n<div class='av-flex-placeholder'><\/div>\n<style type=\"text\/css\" data-created_by=\"avia_inline_auto\" id=\"style-css-av-3211ba-3a230a15de6292fa0d0a3d224bc10490\">\n.flex_column.av-3211ba-3a230a15de6292fa0d0a3d224bc10490{\nborder-radius:0px 0px 0px 0px;\npadding:0px 0px 0px 0px;\n}\n<\/style>\n<div  class='flex_column av-3211ba-3a230a15de6292fa0d0a3d224bc10490 av_three_fifth  avia-builder-el-3  el_after_av_two_fifth  el_before_av_one_full  flex_column_table_cell av-equal-height-column av-align-middle av-zero-column-padding'     ><section  class='av_textblock_section av-2xx7jy-31ba31273d8fc1e4447cd45ea59f017b'   itemscope=\"itemscope\" itemtype=\"https:\/\/schema.org\/CreativeWork\" ><div class='avia_textblock'  itemprop=\"text\" ><p style=\"text-align: justify;\">La plate-forme de <b>microscopie en champ proche<\/b> r\u00e9unit les moyens d\u00e9di\u00e9s \u00e0 l\u2019analyse topographique, physique et \u00e9lectrique de surfaces <b>de 100\u00b5m <\/b><b>jusqu\u2019\u00e0 l\u2019\u00e9chelle <\/b><b>atomique<\/b>.<\/p>\n<p style=\"text-align: justify;\">This direct investigation technique at the nanometric scale is at the origin of the emergence of nanosciences and nanotechnologies. As soon as it was created in 1993, the<b>IEMN<\/b> a d\u00e9cid\u00e9 de se doter de ces \u00e9quipements pour <b>imager, manipuler et caract\u00e9riser atomes et objets nanom\u00e9triques<\/b>. Aujourd\u2019hui, la plate-forme est install\u00e9e sur 400m\u00b2 dans un <b>b\u00e2timent <\/b><b>d\u00e9di\u00e9<\/b>, achev\u00e9 en 2015, offrant des conditions exp\u00e9rimentales exceptionnelles.<\/p>\n<\/div><\/section><br \/>\n<div  class='avia-button-wrap av-2pdoke-568ff2f025cd71c0c173804d2331a0ab-wrap avia-button-center  avia-builder-el-5  el_after_av_textblock  avia-builder-el-last'>\n<style type=\"text\/css\" data-created_by=\"avia_inline_auto\" id=\"style-css-av-2pdoke-568ff2f025cd71c0c173804d2331a0ab\">\n#top #wrap_all .avia-button.av-2pdoke-568ff2f025cd71c0c173804d2331a0ab{\nbackground-color:#cee3ea;\nborder-color:#cee3ea;\ncolor:#000000;\ntransition:all 0.4s ease-in-out;\n}\n<\/style>\n<a href='\/en\/?page_id=12413'  class='avia-button av-2pdoke-568ff2f025cd71c0c173804d2331a0ab av-link-btn avia-icon_select-no avia-size-medium avia-position-center'   aria-label=\"En savoir plus sur son organisation\"><span class='avia_iconbox_title' >En savoir plus sur son organisation<\/span><\/a><\/div><\/p><\/div><\/div><!--close column table wrapper. Autoclose: 1 -->\n<div class='flex_column_table av-2l07l2-721399f27f34a616f896d1c72978aa3a sc-av_one_full av-equal-height-column-flextable'>\n<style type=\"text\/css\" data-created_by=\"avia_inline_auto\" id=\"style-css-av-2l07l2-721399f27f34a616f896d1c72978aa3a\">\n.flex_column.av-2l07l2-721399f27f34a616f896d1c72978aa3a{\nborder-radius:0px 0px 0px 0px;\npadding:5px 0px 15px 0px;\n}\n<\/style>\n<div  class='flex_column av-2l07l2-721399f27f34a616f896d1c72978aa3a av_one_full  avia-builder-el-6  el_after_av_three_fifth  el_before_av_one_fifth  first flex_column_table_cell av-equal-height-column av-align-middle'     ><section  class='av_textblock_section av-2ha3ni-763fffac442eb863d9895ff9b9072ef7'   itemscope=\"itemscope\" itemtype=\"https:\/\/schema.org\/CreativeWork\" ><div class='avia_textblock'  itemprop=\"text\" ><p style=\"text-align: justify;\">Our instruments cover a broad spectrum of possibilities for the <b>direct measurement of phenomena at the nanometric scale<\/b> : AFM \u00e0 l\u2019air et modes d\u00e9riv\u00e9s, AFM\/STM en Ultra-vide, nano-manipulation, mesures (multi-pointes) de transport \u00e0 l\u2019\u00e9chelle nanom\u00e9trique, combinaison MEB\/STM\/AFM. La plate-forme de microscopie en champ proche est d\u00e9volue au support des activit\u00e9s de recherche de l\u2019IEMN; elle est \u00e9galement ouverte <b>\u00e0 toute demande externe de prestation ou collaboration, acad\u00e9mique ou <\/b><b>industrielle, <\/b>via le r\u00e9seau <b>RENATECH.<\/b><\/p>\n<\/div><\/section><\/div><\/div><!--close column table wrapper. Autoclose: 1 -->\n<div class='flex_column_table av-26ht9a-c7a03fa0fa4c6afdba40a527849826b4 sc-av_one_fifth av-equal-height-column-flextable'>\n<style type=\"text\/css\" data-created_by=\"avia_inline_auto\" id=\"style-css-av-26ht9a-c7a03fa0fa4c6afdba40a527849826b4\">\n.flex_column.av-26ht9a-c7a03fa0fa4c6afdba40a527849826b4{\nborder-radius:0px 0px 0px 0px;\npadding:0px 0px 0px 0px;\n}\n<\/style>\n<div  class='flex_column av-26ht9a-c7a03fa0fa4c6afdba40a527849826b4 av_one_fifth  avia-builder-el-8  el_after_av_one_full  el_before_av_one_fifth  first flex_column_table_cell av-equal-height-column av-align-middle av-zero-column-padding  column-top-margin'     ><\/div>\n<div class='av-flex-placeholder'><\/div>\n<style type=\"text\/css\" data-created_by=\"avia_inline_auto\" id=\"style-css-av-233j92-f6e740722a516fd26c62759fb591523d\">\n.flex_column.av-233j92-f6e740722a516fd26c62759fb591523d{\nborder-radius:0px 0px 0px 0px;\npadding:0px 0px 0px 0px;\n}\n<\/style>\n<div  class='flex_column av-233j92-f6e740722a516fd26c62759fb591523d av_one_fifth  avia-builder-el-9  el_after_av_one_fifth  el_before_av_one_fifth  flex_column_table_cell av-equal-height-column av-align-middle av-zero-column-padding  column-top-margin'     ><style type=\"text\/css\" data-created_by=\"avia_inline_auto\" id=\"style-css-av-1yz7qu-efeccfe2d0dd54c1653df55cffaaaf29\">\n.avia-image-container.av-1yz7qu-efeccfe2d0dd54c1653df55cffaaaf29 img.avia_image{\nbox-shadow:none;\n}\n.avia-image-container.av-1yz7qu-efeccfe2d0dd54c1653df55cffaaaf29 .av-caption-image-overlay-bg{\nopacity:0.4;\nbackground-color:#000000;\n}\n.avia-image-container.av-1yz7qu-efeccfe2d0dd54c1653df55cffaaaf29 .av-image-caption-overlay-center{\ncolor:#ffffff;\n}\n<\/style>\n<div  class='avia-image-container av-1yz7qu-efeccfe2d0dd54c1653df55cffaaaf29 av-styling- av-img-linked avia-align-right  avia-builder-el-10  avia-builder-el-no-sibling  noHover av-overlay-on-hover'   itemprop=\"image\" itemscope=\"itemscope\" itemtype=\"https:\/\/schema.org\/ImageObject\" ><div class=\"avia-image-container-inner\"><div class=\"avia-image-overlay-wrap\"><a href=\"\/en\/?page_id=12414\" class='avia_image'  aria-label='pf_champ-proche_domaine-air-180x180'><div class=\"av-image-caption-overlay\"><div class=\"av-caption-image-overlay-bg\"><\/div><div class=\"av-image-caption-overlay-position\"><div class=\"av-image-caption-overlay-center\"><p>Air Domain<\/p>\n<\/div><\/div><\/div><img decoding=\"async\" fetchpriority=\"high\" class='wp-image-12429 avia-img-lazy-loading-not-12429 avia_image' src=\"https:\/\/www.iemn.fr\/wp-content\/uploads\/2016\/11\/PF_champ-proche_Domaine-Air-180x180.jpg\" alt='' title='pf_champ-proche_domaine-air-180x180'  height=\"180\" width=\"180\"  itemprop=\"thumbnailUrl\" srcset=\"https:\/\/www.iemn.fr\/wp-content\/uploads\/2016\/11\/PF_champ-proche_Domaine-Air-180x180.jpg 180w, https:\/\/www.iemn.fr\/wp-content\/uploads\/2016\/11\/PF_champ-proche_Domaine-Air-180x180-80x80.jpg 80w, https:\/\/www.iemn.fr\/wp-content\/uploads\/2016\/11\/PF_champ-proche_Domaine-Air-180x180-36x36.jpg 36w\" sizes=\"(max-width: 180px) 100vw, 180px\" \/><\/a><\/div><\/div><\/div><\/div>\n<div class='av-flex-placeholder'><\/div>\n<style type=\"text\/css\" data-created_by=\"avia_inline_auto\" id=\"style-css-av-66qly-e5e9c6d486dd1cb9831cccc4c3c72e21\">\n.flex_column.av-66qly-e5e9c6d486dd1cb9831cccc4c3c72e21{\nborder-radius:0px 0px 0px 0px;\npadding:0px 0px 0px 0px;\n}\n<\/style>\n<div  class='flex_column av-66qly-e5e9c6d486dd1cb9831cccc4c3c72e21 av_one_fifth  avia-builder-el-11  el_after_av_one_fifth  el_before_av_one_fifth  flex_column_table_cell av-equal-height-column av-align-middle  column-top-margin'     ><p><div  class='avia-button-wrap av-1lu9ie-411292975c26c440d3d19c4955a0ab9e-wrap avia-button-left  avia-builder-el-12  el_before_av_button  avia-builder-el-first'><a href='\/en\/?page_id=12414'  class='avia-button av-1lu9ie-411292975c26c440d3d19c4955a0ab9e av-link-btn avia-icon_select-yes-left-icon avia-size-large avia-position-left avia-color-theme-color'   aria-label=\"Air Domain\"><span class='avia_button_icon avia_button_icon_left' aria-hidden='true' data-av_icon='\ue87c' data-av_iconfont='entypo-fontello'><\/span><span class='avia_iconbox_title' >Air Domain<\/span><\/a><\/div><br \/>\n<div  class='avia-button-wrap av-1cqb6m-67f4dcba2da73ce94f62f837521f790f-wrap avia-button-right  avia-builder-el-13  el_after_av_button  avia-builder-el-last'><a href='\/en\/?page_id=12410'  class='avia-button av-1cqb6m-67f4dcba2da73ce94f62f837521f790f av-link-btn avia-icon_select-yes-right-icon avia-size-large avia-position-right avia-color-theme-color'   aria-label=\"UHV domain\"><span class='avia_iconbox_title' >UHV domain<\/span><span class='avia_button_icon avia_button_icon_right' aria-hidden='true' data-av_icon='\ue87d' data-av_iconfont='entypo-fontello'><\/span><\/a><\/div><\/p><\/div>\n<div class='av-flex-placeholder'><\/div>\n<style type=\"text\/css\" data-created_by=\"avia_inline_auto\" id=\"style-css-av-19vfha-7a6febe3a0f25397c9ba2048f72cf88f\">\n.flex_column.av-19vfha-7a6febe3a0f25397c9ba2048f72cf88f{\nborder-radius:0px 0px 0px 0px;\npadding:0px 0px 0px 0px;\n}\n<\/style>\n<div  class='flex_column av-19vfha-7a6febe3a0f25397c9ba2048f72cf88f av_one_fifth  avia-builder-el-14  el_after_av_one_fifth  el_before_av_one_fifth  flex_column_table_cell av-equal-height-column av-align-middle av-zero-column-padding  column-top-margin'     ><style type=\"text\/css\" data-created_by=\"avia_inline_auto\" id=\"style-css-av-3vigu-fdace983b9cfd6169bd903d9edbe3e58\">\n.avia-image-container.av-3vigu-fdace983b9cfd6169bd903d9edbe3e58 img.avia_image{\nbox-shadow:none;\n}\n.avia-image-container.av-3vigu-fdace983b9cfd6169bd903d9edbe3e58 .av-caption-image-overlay-bg{\nopacity:0.4;\nbackground-color:#000000;\n}\n.avia-image-container.av-3vigu-fdace983b9cfd6169bd903d9edbe3e58 .av-image-caption-overlay-center{\ncolor:#ffffff;\n}\n<\/style>\n<div  class='avia-image-container av-3vigu-fdace983b9cfd6169bd903d9edbe3e58 av-styling- av-img-linked avia-align-left  avia-builder-el-15  avia-builder-el-no-sibling  noHover av-overlay-on-hover'   itemprop=\"image\" itemscope=\"itemscope\" itemtype=\"https:\/\/schema.org\/ImageObject\" ><div class=\"avia-image-container-inner\"><div class=\"avia-image-overlay-wrap\"><a href=\"\/en\/?page_id=12410\" class='avia_image'  aria-label='pf_champ-proche_domaine-uhv-180x180'><div class=\"av-image-caption-overlay\"><div class=\"av-caption-image-overlay-bg\"><\/div><div class=\"av-image-caption-overlay-position\"><div class=\"av-image-caption-overlay-center\"><p>UHV domain<\/p>\n<\/div><\/div><\/div><img decoding=\"async\" fetchpriority=\"high\" class='wp-image-12430 avia-img-lazy-loading-not-12430 avia_image' src=\"https:\/\/www.iemn.fr\/wp-content\/uploads\/2016\/11\/PF_champ-proche_Domaine-UHV-180x180.png\" alt='' title='pf_champ-proche_domaine-uhv-180x180'  height=\"180\" width=\"180\"  itemprop=\"thumbnailUrl\" srcset=\"https:\/\/www.iemn.fr\/wp-content\/uploads\/2016\/11\/PF_champ-proche_Domaine-UHV-180x180.png 180w, https:\/\/www.iemn.fr\/wp-content\/uploads\/2016\/11\/PF_champ-proche_Domaine-UHV-180x180-80x80.png 80w, https:\/\/www.iemn.fr\/wp-content\/uploads\/2016\/11\/PF_champ-proche_Domaine-UHV-180x180-36x36.png 36w\" sizes=\"(max-width: 180px) 100vw, 180px\" \/><\/a><\/div><\/div><\/div><\/div>\n<div class='av-flex-placeholder'><\/div>\n<style type=\"text\/css\" data-created_by=\"avia_inline_auto\" id=\"style-css-av-y65l2-cbbe579a1e7bf6d0827a8ef8dc7d428b\">\n.flex_column.av-y65l2-cbbe579a1e7bf6d0827a8ef8dc7d428b{\nborder-radius:0px 0px 0px 0px;\npadding:0px 0px 0px 0px;\n}\n<\/style>\n<div  class='flex_column av-y65l2-cbbe579a1e7bf6d0827a8ef8dc7d428b av_one_fifth  avia-builder-el-16  el_after_av_one_fifth  el_before_av_one_fifth  flex_column_table_cell av-equal-height-column av-align-middle av-zero-column-padding  column-top-margin'     ><\/div><\/div><!--close column table wrapper. Autoclose: 1 -->\n<div class='flex_column_table av-tnjf2-ce2f7c7d4b8b80e8fe0398643491296b sc-av_one_fifth av-equal-height-column-flextable'>\n<style type=\"text\/css\" data-created_by=\"avia_inline_auto\" id=\"style-css-av-tnjf2-ce2f7c7d4b8b80e8fe0398643491296b\">\n#top .flex_column_table.av-equal-height-column-flextable.av-tnjf2-ce2f7c7d4b8b80e8fe0398643491296b{\nmargin-top:10px;\nmargin-bottom:10px;\n}\n.flex_column.av-tnjf2-ce2f7c7d4b8b80e8fe0398643491296b{\nborder-radius:0px 0px 0px 0px;\npadding:0px 0px 0px 0px;\n}\n<\/style>\n<div  class='flex_column av-tnjf2-ce2f7c7d4b8b80e8fe0398643491296b av_one_fifth  avia-builder-el-17  el_after_av_one_fifth  el_before_av_three_fifth  first flex_column_table_cell av-equal-height-column av-align-middle av-zero-column-padding  column-top-margin'     ><\/div>\n<div class='av-flex-placeholder'><\/div>\n<style type=\"text\/css\" data-created_by=\"avia_inline_auto\" id=\"style-css-av-ke20m-2d65b0365c7ef52072ff7d1059019148\">\n#top .flex_column_table.av-equal-height-column-flextable.av-ke20m-2d65b0365c7ef52072ff7d1059019148{\nmargin-top:10px;\nmargin-bottom:10px;\n}\n.flex_column.av-ke20m-2d65b0365c7ef52072ff7d1059019148{\nborder-radius:10px 10px 10px 10px;\npadding:5px 15px 5px 15px;\nbackground-color:#cee3ea;\n}\n<\/style>\n<div  class='flex_column av-ke20m-2d65b0365c7ef52072ff7d1059019148 av_three_fifth  avia-builder-el-18  el_after_av_one_fifth  el_before_av_one_fifth  flex_column_table_cell av-equal-height-column av-align-middle  column-top-margin'     ><section  class='av_textblock_section av-evuzi-f00d7b94e05606513127e7ae0c78a07e'   itemscope=\"itemscope\" itemtype=\"https:\/\/schema.org\/CreativeWork\" ><div class='avia_textblock'  itemprop=\"text\" ><p style=\"text-align: justify;\"><strong><em>Contact:<\/em> <\/strong> [annuaire fiche=\u00a0\u00bbDominique;Deresmes\u00a0\u00bb], Responsable de la plate-forme<\/p>\n<p style=\"text-align: justify;\"><em><strong>Mots cl\u00e9s:<\/strong><\/em> Microscopie 3D, SPM, STM, AFM, R\u00e9solution sub-nanom\u00e9trique, Nanocaract\u00e9risation physique, Renatech<\/p>\n<p style=\"text-align: justify;\"><em><strong>Domaines applicatifs:<\/strong>\u00a0<\/em>Nanosciences, Physique des surfaces, des mat\u00e9riaux et des nanostructures, Chimie des surfaces<\/p>\n<\/div><\/section><\/div><div class='av-flex-placeholder'><\/div>\n<style type=\"text\/css\" data-created_by=\"avia_inline_auto\" id=\"style-css-av-acava-ccf189906c715866fb3113d5e105111e\">\n#top .flex_column_table.av-equal-height-column-flextable.av-acava-ccf189906c715866fb3113d5e105111e{\nmargin-top:10px;\nmargin-bottom:10px;\n}\n.flex_column.av-acava-ccf189906c715866fb3113d5e105111e{\nborder-radius:0px 0px 0px 0px;\npadding:0px 0px 0px 0px;\n}\n<\/style>\n<div  class='flex_column av-acava-ccf189906c715866fb3113d5e105111e av_one_fifth  avia-builder-el-20  el_after_av_three_fifth  avia-builder-el-last  flex_column_table_cell av-equal-height-column av-align-middle av-zero-column-padding  column-top-margin'     ><\/div><\/div><!--close column table wrapper. Autoclose: 1 --><\/p>","protected":false},"excerpt":{"rendered":"","protected":false},"author":2,"featured_media":0,"parent":0,"menu_order":15,"comment_status":"closed","ping_status":"open","template":"","meta":{"footnotes":""},"class_list":["post-930","page","type-page","status-publish","hentry"],"_links":{"self":[{"href":"https:\/\/www.iemn.fr\/en\/wp-json\/wp\/v2\/pages\/930","targetHints":{"allow":["GET"]}}],"collection":[{"href":"https:\/\/www.iemn.fr\/en\/wp-json\/wp\/v2\/pages"}],"about":[{"href":"https:\/\/www.iemn.fr\/en\/wp-json\/wp\/v2\/types\/page"}],"author":[{"embeddable":true,"href":"https:\/\/www.iemn.fr\/en\/wp-json\/wp\/v2\/users\/2"}],"replies":[{"embeddable":true,"href":"https:\/\/www.iemn.fr\/en\/wp-json\/wp\/v2\/comments?post=930"}],"version-history":[{"count":0,"href":"https:\/\/www.iemn.fr\/en\/wp-json\/wp\/v2\/pages\/930\/revisions"}],"wp:attachment":[{"href":"https:\/\/www.iemn.fr\/en\/wp-json\/wp\/v2\/media?parent=930"}],"curies":[{"name":"wp","href":"https:\/\/api.w.org\/{rel}","templated":true}]}}