{"id":76810,"date":"2026-01-13T09:36:35","date_gmt":"2026-01-13T07:36:35","guid":{"rendered":"https:\/\/www.iemn.fr\/?page_id=76810"},"modified":"2026-02-06T16:53:15","modified_gmt":"2026-02-06T14:53:15","slug":"nos-tetes-chercheuses","status":"publish","type":"page","link":"https:\/\/www.iemn.fr\/en\/nos-tetes-chercheuses","title":{"rendered":"\u00ab\u00a0Nos t\u00eates chercheuses\u00a0\u00bb"},"content":{"rendered":"<section  class='av_textblock_section av-mkca559h-ecd675056e9cb27e0dbbbc26f5d4a0cf'   itemscope=\"itemscope\" itemtype=\"https:\/\/schema.org\/CreativeWork\" ><div class='avia_textblock'  itemprop=\"text\" ><h2 style=\"text-align: center;\" data-start=\"114\" data-end=\"571\">\u201cT\u00eates chercheuses\u201d : portraits de Celles et ceux qui font la science<\/h2>\n<h5 data-start=\"114\" data-end=\"571\"><\/h5>\n<\/div><\/section>\n\n<style type=\"text\/css\" data-created_by=\"avia_inline_auto\" id=\"style-css-av-mkca9adu-522994bfa795bb986da80d30b3448db6\">\n#top .hr.av-mkca9adu-522994bfa795bb986da80d30b3448db6{\nmargin-top:30px;\nmargin-bottom:30px;\n}\n.hr.av-mkca9adu-522994bfa795bb986da80d30b3448db6 .hr-inner{\nwidth:600px;\nmax-width:45%;\n}\n<\/style>\n<div  class='hr av-mkca9adu-522994bfa795bb986da80d30b3448db6 hr-custom  avia-builder-el-1  el_after_av_textblock  el_before_av_one_fifth  hr-center hr-icon-yes'><span class='hr-inner inner-border-av-border-fat'><span class=\"hr-inner-style\"><\/span><\/span><span class='av-seperator-icon' aria-hidden='true' data-av_icon='\ue80b' data-av_iconfont='entypo-fontello'><\/span><span class='hr-inner inner-border-av-border-fat'><span class=\"hr-inner-style\"><\/span><\/span><\/div>\n<div  class='flex_column av-29q0zwq-9497f77d4c1d47b24b08ac0563960a85 av_one_fifth  avia-builder-el-2  el_after_av_hr  el_before_av_two_third  first flex_column_div av-hide-on-mobile'     ><section  class='av_textblock_section av-mkcb016g-af57ceaaf398577fb33e55cc04f51a0d'   itemscope=\"itemscope\" itemtype=\"https:\/\/schema.org\/CreativeWork\" ><div class='avia_textblock'  itemprop=\"text\" ><\/div><\/section><\/div>\n<div  class='flex_column av-1fpwe8a-9846b15414cb1e2874ea591ec4b733df av_two_third  avia-builder-el-4  el_after_av_one_fifth  el_before_av_one_third  flex_column_div'     ><section  class='av_textblock_section av-10knmfe-85b90b2f4b39ccb471fc8ea4b56ebf66'   itemscope=\"itemscope\" itemtype=\"https:\/\/schema.org\/CreativeWork\" ><div class='avia_textblock'  itemprop=\"text\" ><blockquote>\n<h4 style=\"text-align: left; line-height: 20pt;\" data-start=\"114\" data-end=\"571\"><img loading=\"lazy\" decoding=\"async\" class=\"wp-image-76816 alignleft\" src=\"https:\/\/www.iemn.fr\/wp-content\/uploads\/2026\/01\/visuel_tetes_chercheuses.jpg\" alt=\"\" width=\"140\" height=\"193\" srcset=\"https:\/\/www.iemn.fr\/wp-content\/uploads\/2026\/01\/visuel_tetes_chercheuses.jpg 399w, https:\/\/www.iemn.fr\/wp-content\/uploads\/2026\/01\/visuel_tetes_chercheuses-218x300.jpg 218w, https:\/\/www.iemn.fr\/wp-content\/uploads\/2026\/01\/visuel_tetes_chercheuses-9x12.jpg 9w\" sizes=\"auto, (max-width: 140px) 100vw, 140px\" \/>Ing\u00e9nieurs, doctorants, post-doctorants et chercheurs : partez \u00e0 la rencontre des talents qui font progresser la recherche, l\u2019ing\u00e9nierie et la technologie au c\u0153ur de notre laboratoire.<br data-start=\"298\" data-end=\"301\" \/>\u00c0 travers une s\u00e9rie de portraits vid\u00e9o courts (moins de 3 minutes), nous mettrons en lumi\u00e8re leur expertise, leur passion et les plateformes technologiques de pointe qui font la renomm\u00e9e de l\u2019IEMN.<\/h4>\n<h5 style=\"text-align: left; line-height: 20pt;\" data-start=\"114\" data-end=\"571\"><span style=\"color: #f16728;\"><strong>\n<style type=\"text\/css\" data-created_by=\"avia_inline_auto\" id=\"style-css-av-twyia2-ee8fab612ccc7a225437cfe1db485e36\">\n.av_font_icon.av-twyia2-ee8fab612ccc7a225437cfe1db485e36{\ncolor:#f16728;\nborder-color:#f16728;\n}\n.av_font_icon.av-twyia2-ee8fab612ccc7a225437cfe1db485e36 .av-icon-char{\nfont-size:60px;\nline-height:60px;\n}\n<\/style>\n<span  class='av_font_icon av-twyia2-ee8fab612ccc7a225437cfe1db485e36 avia_animate_when_visible av-icon-style- avia-icon-pos-left avia-icon-animate'><span class='av-icon-char' aria-hidden='true' data-av_icon='\ue87f' data-av_iconfont='entypo-fontello' ><\/span><\/span><\/strong><\/span><\/h5>\n<h4 style=\"text-align: left; line-height: 20pt;\" data-start=\"114\" data-end=\"571\"><em><span style=\"color: #f16728;\">De nouveaux portraits viendront enrichir r\u00e9guli\u00e8rement cette collection !<\/span><\/em><\/h4>\n<\/blockquote>\n<h5 data-start=\"114\" data-end=\"571\"><\/h5>\n<\/div><\/section><\/div>\n<div class='flex_column_table av-1ij432i-b3206c04043cab4eb6256549af4505b7 sc-av_one_third av-equal-height-column-flextable'>\n<style type=\"text\/css\" data-created_by=\"avia_inline_auto\" id=\"style-css-av-1ij432i-b3206c04043cab4eb6256549af4505b7\">\n@keyframes av_boxShadowEffect_av-1ij432i-b3206c04043cab4eb6256549af4505b7-column {\n0%   { box-shadow:  0 0 0 0 #d6d6d6; opacity: 1; }\n100% { box-shadow:  0 0 10px 0 #d6d6d6; opacity: 1; }\n}\n.flex_column.av-1ij432i-b3206c04043cab4eb6256549af4505b7{\nbox-shadow: 0 0 10px 0 #d6d6d6;\nborder-width:4px;\nborder-style:solid;\nborder-radius:20px 20px 20px 20px;\npadding:10px 10px 10px 10px;\n}\n<\/style>\n<div  class='flex_column av-1ij432i-b3206c04043cab4eb6256549af4505b7 av_one_third  avia-builder-el-7  el_after_av_two_third  el_before_av_one_third  first flex_column_table_cell av-equal-height-column av-align-top shadow-not-animated  column-top-margin'     ><section  class='av_textblock_section av-1a9d7fu-f719a612e87875e3e61f6161df6568fb'   itemscope=\"itemscope\" itemtype=\"https:\/\/schema.org\/CreativeWork\" ><div class='avia_textblock'  itemprop=\"text\" ><h5 style=\"text-align: left; line-height: 20pt;\" data-start=\"114\" data-end=\"571\"><a href=\"https:\/\/youtube.com\/shorts\/3oSsXduXLgc\"><span style=\"color: #f16728;\"><strong>\n<style type=\"text\/css\" data-created_by=\"avia_inline_auto\" id=\"style-css-av-twyia2-1-d407a483d2290f6693ee33cbe1782772\">\n.av_font_icon.av-twyia2-1-d407a483d2290f6693ee33cbe1782772{\ncolor:#f16728;\nborder-color:#f16728;\n}\n.av_font_icon.av-twyia2-1-d407a483d2290f6693ee33cbe1782772 .av-icon-char{\nfont-size:60px;\nline-height:60px;\n}\n<\/style>\n<span  class='av_font_icon av-twyia2-1-d407a483d2290f6693ee33cbe1782772 avia_animate_when_visible av-icon-style- avia-icon-pos-left avia-icon-animate'><span class='av-icon-char' aria-hidden='true' data-av_icon='\ue80d' data-av_iconfont='entypo-fontello' ><\/span><\/span> <\/strong><\/span><span style=\"color: #f16728;\">Saliha Ouendi<br \/>\nIng\u00e9nieure d&rsquo;\u00e9tudes en Lithographie.<\/span><\/a><\/h5>\n<p style=\"text-justify: left;\"><a href=\"https:\/\/youtube.com\/shorts\/3oSsXduXLgc\"><img loading=\"lazy\" decoding=\"async\" class=\"alignleft wp-image-76828\" src=\"https:\/\/www.iemn.fr\/wp-content\/uploads\/2026\/01\/saliha.jpg\" alt=\"\" width=\"160\" height=\"160\" srcset=\"https:\/\/www.iemn.fr\/wp-content\/uploads\/2026\/01\/saliha.jpg 400w, https:\/\/www.iemn.fr\/wp-content\/uploads\/2026\/01\/saliha-300x300.jpg 300w, https:\/\/www.iemn.fr\/wp-content\/uploads\/2026\/01\/saliha-80x80.jpg 80w, https:\/\/www.iemn.fr\/wp-content\/uploads\/2026\/01\/saliha-12x12.jpg 12w, https:\/\/www.iemn.fr\/wp-content\/uploads\/2026\/01\/saliha-36x36.jpg 36w, https:\/\/www.iemn.fr\/wp-content\/uploads\/2026\/01\/saliha-180x180.jpg 180w\" sizes=\"auto, (max-width: 160px) 100vw, 160px\" \/><\/a>\u00ab Ma fille pense que je suis docteur\u2026 \u00a0Alors pourquoi pas un jour ? \u00bb<br \/>\nFaites la connaissance de Saliha, jeune maman inspirante et passionn\u00e9e de sciences !<br \/>\nElle partage son parcours avec authenticit\u00e9 et rappelle qu\u2019on peut r\u00eaver grand\u00a0:\u00a0pour soi, et pour la prochaine g\u00e9n\u00e9ration !<\/p>\n<\/div><\/section><\/div><div class='av-flex-placeholder'><\/div>\n<style type=\"text\/css\" data-created_by=\"avia_inline_auto\" id=\"style-css-av-1g6g8ui-2316cebbd530ebe79ec30f6d703ffe91\">\n@keyframes av_boxShadowEffect_av-1g6g8ui-2316cebbd530ebe79ec30f6d703ffe91-column {\n0%   { box-shadow:  0 0 0 0 #d6d6d6; opacity: 1; }\n100% { box-shadow:  0 0 10px 0 #d6d6d6; opacity: 1; }\n}\n.flex_column.av-1g6g8ui-2316cebbd530ebe79ec30f6d703ffe91{\nbox-shadow: 0 0 10px 0 #d6d6d6;\nborder-width:4px;\nborder-style:solid;\nborder-radius:20px 20px 20px 20px;\npadding:10px 10px 10px 10px;\n}\n<\/style>\n<div  class='flex_column av-1g6g8ui-2316cebbd530ebe79ec30f6d703ffe91 av_one_third  avia-builder-el-10  el_after_av_one_third  el_before_av_one_third  flex_column_table_cell av-equal-height-column av-align-top shadow-not-animated  column-top-margin'     ><section  class='av_textblock_section av-17i8j7u-395d5b454615ae1bdd3747f4b895e9f2'   itemscope=\"itemscope\" itemtype=\"https:\/\/schema.org\/CreativeWork\" ><div class='avia_textblock'  itemprop=\"text\" ><h5 style=\"text-align: left; line-height: 20pt;\" data-start=\"114\" data-end=\"571\"><a href=\"https:\/\/www.youtube.com\/watch?v=E6nyp5Kd9D0\" target=\"_blank\" rel=\"noopener\"><span style=\"color: #f16728;\"><strong>\n<style type=\"text\/css\" data-created_by=\"avia_inline_auto\" id=\"style-css-av-k6xrqi-71cbeff3742e1f9e278c297929c14480\">\n.av_font_icon.av-k6xrqi-71cbeff3742e1f9e278c297929c14480{\ncolor:#f16728;\nborder-color:#f16728;\n}\n.av_font_icon.av-k6xrqi-71cbeff3742e1f9e278c297929c14480 .av-icon-char{\nfont-size:60px;\nline-height:60px;\n}\n<\/style>\n<span  class='av_font_icon av-k6xrqi-71cbeff3742e1f9e278c297929c14480 avia_animate_when_visible av-icon-style- avia-icon-pos-left avia-icon-animate'><span class='av-icon-char' aria-hidden='true' data-av_icon='\ue80d' data-av_iconfont='entypo-fontello' ><\/span><\/span> <\/strong><\/span><span style=\"color: #f16728;\">ABDELMALEK ZEMOUR,<br \/>\ndoctorant CIFRE chez STMicroelectronics.<\/span><\/a><\/h5>\n<p style=\"text-justify: left;\"><a href=\"https:\/\/www.youtube.com\/watch?v=E6nyp5Kd9D0\" target=\"_blank\" rel=\"noopener\"><img loading=\"lazy\" decoding=\"async\" class=\"wp-image-76846 alignleft\" src=\"https:\/\/www.iemn.fr\/wp-content\/uploads\/2026\/01\/abdel-1.jpg\" alt=\"\" width=\"160\" height=\"160\" srcset=\"https:\/\/www.iemn.fr\/wp-content\/uploads\/2026\/01\/abdel-1.jpg 400w, https:\/\/www.iemn.fr\/wp-content\/uploads\/2026\/01\/abdel-1-300x300.jpg 300w, https:\/\/www.iemn.fr\/wp-content\/uploads\/2026\/01\/abdel-1-80x80.jpg 80w, https:\/\/www.iemn.fr\/wp-content\/uploads\/2026\/01\/abdel-1-12x12.jpg 12w, https:\/\/www.iemn.fr\/wp-content\/uploads\/2026\/01\/abdel-1-36x36.jpg 36w, https:\/\/www.iemn.fr\/wp-content\/uploads\/2026\/01\/abdel-1-180x180.jpg 180w\" sizes=\"auto, (max-width: 160px) 100vw, 160px\" \/><\/a>Cette th\u00e8se est le fruit d&rsquo;une collaboration entre un laboratoire acad\u00e9mique (l\u2019IEMN-CNRS) et une entreprise ( STMicroelectronics).<br \/>\nElle s\u2019inscrit parfaitement dans la strat\u00e9gie \u00c9lectronique France 2030, qui permet \u00e0 la France de renforcer sa souverainet\u00e9 nationale dans certains secteurs de l\u2019industrie \u00e9lectronique.<br \/>\nSupervis\u00e9e par Mohammed ZAKNOUNE (DR-CNRS), Malek ZEGAOUI (IR-CNRS) et Pascal Chevalier (Manager-STMicroelectronics), cette th\u00e8se a \u00e9t\u00e9 r\u00e9alis\u00e9e dans le cadre d&rsquo;une convention industrielle de formation par la recherche (CIFRE).<br \/>\nDurant ces trois ann\u00e9es de th\u00e8se, Abdelmalek a fait preuve d\u2019une t\u00e9nacit\u00e9 et d\u2019une r\u00e9silience \u00e0 toute \u00e9preuve pour obtenir d\u2019excellents r\u00e9sultats \u00e0 l\u2019\u00e9tat de l\u2019art mondial. Il a mis en \u0153uvre de sa propre initiative une approche innovante d\u2019interposeur thermique au niveau des dispositifs III-V sur silicium, compatible avec les proc\u00e9d\u00e9s de fabrication CMOS. Cette approche a fait l\u2019objet d\u2019un d\u00e9p\u00f4t de brevet entre STMicroelectronics et le CNRS.<\/p>\n<\/div><\/section><\/div><\/p>\n<div class='av-flex-placeholder'><\/div>\n<style type=\"text\/css\" data-created_by=\"avia_inline_auto\" id=\"style-css-av-mb0yui-f3428744cc6fde97d0e87d2ab2969abd\">\n@keyframes av_boxShadowEffect_av-mb0yui-f3428744cc6fde97d0e87d2ab2969abd-column {\n0%   { box-shadow:  0 0 0 0 #d6d6d6; opacity: 1; }\n100% { box-shadow:  0 0 10px 0 #d6d6d6; opacity: 1; }\n}\n.flex_column.av-mb0yui-f3428744cc6fde97d0e87d2ab2969abd{\nbox-shadow: 0 0 10px 0 #d6d6d6;\nborder-width:4px;\nborder-style:solid;\nborder-radius:20px 20px 20px 20px;\npadding:10px 10px 10px 10px;\n}\n<\/style>\n<div  class='flex_column av-mb0yui-f3428744cc6fde97d0e87d2ab2969abd av_one_third  avia-builder-el-13  el_after_av_one_third  avia-builder-el-last  flex_column_table_cell av-equal-height-column av-align-top shadow-not-animated  column-top-margin'     ><section  class='av_textblock_section av-mkcevxgk-091e9628ba7806d8096971bc2b106ce0'   itemscope=\"itemscope\" itemtype=\"https:\/\/schema.org\/CreativeWork\" ><div class='avia_textblock'  itemprop=\"text\" ><h5 style=\"text-align: left; line-height: 20pt;\" data-start=\"114\" data-end=\"571\"><a href=\"https:\/\/www.youtube.com\/watch?v=E6nyp5Kd9D0\" target=\"_blank\" rel=\"noopener\"><span style=\"color: #f16728;\"><strong>\n<style type=\"text\/css\" data-created_by=\"avia_inline_auto\" id=\"style-css-av-k6xrqi-1-55116d51a28ce807804c275d228f4615\">\n.av_font_icon.av-k6xrqi-1-55116d51a28ce807804c275d228f4615{\ncolor:#f16728;\nborder-color:#f16728;\n}\n.av_font_icon.av-k6xrqi-1-55116d51a28ce807804c275d228f4615 .av-icon-char{\nfont-size:60px;\nline-height:60px;\n}\n<\/style>\n<span  class='av_font_icon av-k6xrqi-1-55116d51a28ce807804c275d228f4615 avia_animate_when_visible av-icon-style- avia-icon-pos-left avia-icon-animate'><span class='av-icon-char' aria-hidden='true' data-av_icon='\ue81d' data-av_iconfont='entypo-fontello' ><\/span><\/span> <\/strong><\/span><\/a><span style=\"color: #f16728;\">Une autre rencontre inspirante arrive bient\u00f4t&#8230; rendez-vous dans quelques jours !<\/span><\/h5>\n<p><img loading=\"lazy\" decoding=\"async\" class=\"alignnone wp-image-76871\" src=\"https:\/\/www.iemn.fr\/wp-content\/uploads\/2026\/01\/prochain2.jpg\" alt=\"\" width=\"160\" height=\"160\" srcset=\"https:\/\/www.iemn.fr\/wp-content\/uploads\/2026\/01\/prochain2.jpg 200w, https:\/\/www.iemn.fr\/wp-content\/uploads\/2026\/01\/prochain2-80x80.jpg 80w, https:\/\/www.iemn.fr\/wp-content\/uploads\/2026\/01\/prochain2-12x12.jpg 12w, https:\/\/www.iemn.fr\/wp-content\/uploads\/2026\/01\/prochain2-36x36.jpg 36w, https:\/\/www.iemn.fr\/wp-content\/uploads\/2026\/01\/prochain2-180x180.jpg 180w\" sizes=\"auto, (max-width: 160px) 100vw, 160px\" \/><\/p>\n<\/div><\/section><\/div><\/div><!--close column table wrapper. Autoclose: 1 -->","protected":false},"excerpt":{"rendered":"","protected":false},"author":2,"featured_media":76992,"parent":0,"menu_order":0,"comment_status":"closed","ping_status":"closed","template":"","meta":{"footnotes":""},"class_list":["post-76810","page","type-page","status-publish","has-post-thumbnail","hentry"],"_links":{"self":[{"href":"https:\/\/www.iemn.fr\/en\/wp-json\/wp\/v2\/pages\/76810","targetHints":{"allow":["GET"]}}],"collection":[{"href":"https:\/\/www.iemn.fr\/en\/wp-json\/wp\/v2\/pages"}],"about":[{"href":"https:\/\/www.iemn.fr\/en\/wp-json\/wp\/v2\/types\/page"}],"author":[{"embeddable":true,"href":"https:\/\/www.iemn.fr\/en\/wp-json\/wp\/v2\/users\/2"}],"replies":[{"embeddable":true,"href":"https:\/\/www.iemn.fr\/en\/wp-json\/wp\/v2\/comments?post=76810"}],"version-history":[{"count":59,"href":"https:\/\/www.iemn.fr\/en\/wp-json\/wp\/v2\/pages\/76810\/revisions"}],"predecessor-version":[{"id":76812,"href":"https:\/\/www.iemn.fr\/en\/wp-json\/wp\/v2\/pages\/76810\/revisions\/76812"}],"wp:featuredmedia":[{"embeddable":true,"href":"https:\/\/www.iemn.fr\/en\/wp-json\/wp\/v2\/media\/76992"}],"wp:attachment":[{"href":"https:\/\/www.iemn.fr\/en\/wp-json\/wp\/v2\/media?parent=76810"}],"curies":[{"name":"wp","href":"https:\/\/api.w.org\/{rel}","templated":true}]}}