{"id":76800,"date":"2026-01-09T17:14:08","date_gmt":"2026-01-09T15:14:08","guid":{"rendered":"https:\/\/www.iemn.fr\/?page_id=76800"},"modified":"2026-01-13T09:19:38","modified_gmt":"2026-01-13T07:19:38","slug":"stages-dobservation-college-lycee","status":"publish","type":"page","link":"https:\/\/www.iemn.fr\/en\/formation\/stages-dobservation-college-lycee","title":{"rendered":"Stages d&rsquo;observation coll\u00e8ge\/lyc\u00e9e"},"content":{"rendered":"<section  class='av_textblock_section av-mk70kgvj-bd6e5000427b7ec4817634bff14375d6'   itemscope=\"itemscope\" itemtype=\"https:\/\/schema.org\/CreativeWork\" ><div class='avia_textblock'  itemprop=\"text\" ><p><img loading=\"lazy\" decoding=\"async\" class=\"aligncenter wp-image-76783 size-full\" src=\"https:\/\/www.iemn.fr\/wp-content\/uploads\/2026\/01\/salleBlanche.jpg\" alt=\"\" width=\"1200\" height=\"235\" srcset=\"https:\/\/www.iemn.fr\/wp-content\/uploads\/2026\/01\/salleBlanche.jpg 1200w, https:\/\/www.iemn.fr\/wp-content\/uploads\/2026\/01\/salleBlanche-300x59.jpg 300w, https:\/\/www.iemn.fr\/wp-content\/uploads\/2026\/01\/salleBlanche-1030x202.jpg 1030w, https:\/\/www.iemn.fr\/wp-content\/uploads\/2026\/01\/salleBlanche-768x150.jpg 768w, https:\/\/www.iemn.fr\/wp-content\/uploads\/2026\/01\/salleBlanche-18x4.jpg 18w, https:\/\/www.iemn.fr\/wp-content\/uploads\/2026\/01\/salleBlanche-705x138.jpg 705w\" sizes=\"auto, (max-width: 1200px) 100vw, 1200px\" \/><\/p>\n<\/div><\/section>\n<section  class='av_textblock_section av-mk70kvwx-cb908c24b32167d57a58df9935bba6ca'   itemscope=\"itemscope\" itemtype=\"https:\/\/schema.org\/CreativeWork\" ><div class='avia_textblock'  itemprop=\"text\" ><h2 style=\"text-align: center;\">Une semaine au c\u0153ur de la recherche : plongez dans les m\u00e9tiers de l\u2019IEMN<\/h2>\n<h4 style=\"text-align: center;\"><strong>L&rsquo;IEMN ouvre ses portes aux \u00e9l\u00e8ves de coll\u00e8ge et de lyc\u00e9e dans le cadre de stages d\u2019observation<\/strong><\/h4>\n<\/div><\/section>\n<div  class='flex_column av-13yahb4-3be964643e5ceebdc88a6612777400bd av_three_fifth  avia-builder-el-2  el_after_av_textblock  el_before_av_two_fifth  first flex_column_div  column-top-margin'     ><section  class='av_textblock_section av-mk70l80c-3a82ae95686fe02fd7fa7b74214790a6'   itemscope=\"itemscope\" itemtype=\"https:\/\/schema.org\/CreativeWork\" ><div class='avia_textblock'  itemprop=\"text\" ><blockquote>\n<p><strong>L\u2019Institut d\u2019\u00c9lectronique, de Micro\u00e9lectronique et de Nanotechnologie (IEMN) ouvre ses portes aux \u00e9l\u00e8ves de coll\u00e8ge et de lyc\u00e9e (3e et 2nde) dans le cadre de stages d\u2019observation d\u00e9di\u00e9s \u00e0 la d\u00e9couverte des m\u00e9tiers de la recherche scientifique et de l\u2019accompagnement \u00e0 la recherche, au sein d\u2019un environnement technologique de pointe.<\/strong><\/p>\n<\/blockquote>\n<p><strong>\n<style type=\"text\/css\" data-created_by=\"avia_inline_auto\" id=\"style-css-av-mqde7m-1-6-2-4e2204da517f7ff7955cc805bb6ac7d6\">\n.av_font_icon.av-mqde7m-1-6-2-4e2204da517f7ff7955cc805bb6ac7d6{\ncolor:#f16728;\nborder-color:#f16728;\n}\n.av_font_icon.av-mqde7m-1-6-2-4e2204da517f7ff7955cc805bb6ac7d6 .av-icon-char{\nfont-size:25px;\nline-height:25px;\n}\n<\/style>\n<span  class='av_font_icon av-mqde7m-1-6-2-4e2204da517f7ff7955cc805bb6ac7d6 avia_animate_when_visible av-icon-style- avia-icon-pos-left avia-icon-animate'><span class='av-icon-char' aria-hidden='true' data-av_icon='\ue80b' data-av_iconfont='entypo-fontello' ><\/span><\/span><span style=\"color: #800000;\">Capacit\u00e9 d\u2019accueil : 8 \u00e9l\u00e8ves<\/span><\/strong><\/p>\n<p><strong>\n<style type=\"text\/css\" data-created_by=\"avia_inline_auto\" id=\"style-css-av-mqde7m-1-6-c3bbe13c44c54ca187103f2d0fd3a181\">\n.av_font_icon.av-mqde7m-1-6-c3bbe13c44c54ca187103f2d0fd3a181{\ncolor:#f16728;\nborder-color:#f16728;\n}\n.av_font_icon.av-mqde7m-1-6-c3bbe13c44c54ca187103f2d0fd3a181 .av-icon-char{\nfont-size:25px;\nline-height:25px;\n}\n<\/style>\n<span  class='av_font_icon av-mqde7m-1-6-c3bbe13c44c54ca187103f2d0fd3a181 avia_animate_when_visible av-icon-style- avia-icon-pos-left avia-icon-animate'><span class='av-icon-char' aria-hidden='true' data-av_icon='\ue842' data-av_iconfont='entypo-fontello' ><\/span><\/span><\/strong>Dot\u00e9 d\u2019infrastructures de tr\u00e8s haut niveau, comparables aux meilleures installations europ\u00e9ennes, l\u2019IEMN est un laboratoire de r\u00e9f\u00e9rence dans le domaine des micro- et nanotechnologies. Ses travaux trouvent des applications majeures dans des secteurs vari\u00e9s tels que l\u2019information, la communication, les transports et la sant\u00e9.<\/p>\n<p><strong>\n<style type=\"text\/css\" data-created_by=\"avia_inline_auto\" id=\"style-css-av-mqde7m-1-6-2-1-4a3713cf8816054928911f1556ba31a6\">\n.av_font_icon.av-mqde7m-1-6-2-1-4a3713cf8816054928911f1556ba31a6{\ncolor:#f16728;\nborder-color:#f16728;\n}\n.av_font_icon.av-mqde7m-1-6-2-1-4a3713cf8816054928911f1556ba31a6 .av-icon-char{\nfont-size:25px;\nline-height:25px;\n}\n<\/style>\n<span  class='av_font_icon av-mqde7m-1-6-2-1-4a3713cf8816054928911f1556ba31a6 avia_animate_when_visible av-icon-style- avia-icon-pos-left avia-icon-animate'><span class='av-icon-char' aria-hidden='true' data-av_icon='\ue842' data-av_iconfont='entypo-fontello' ><\/span><\/span><\/strong>Tout au long de cette semaine d\u2019immersion, les \u00e9l\u00e8ves auront l\u2019opportunit\u00e9 de d\u00e9couvrir les coulisses d\u2019un grand laboratoire, d\u2019observer des \u00e9quipements de pointe et d\u2019\u00e9changer avec des professionnels passionn\u00e9s.<\/p>\n<\/div><\/section><br \/>\n<section  class='av_textblock_section av-mk70xw7n-d63cff540b5bdfcf48d381d00b1fe7ce'   itemscope=\"itemscope\" itemtype=\"https:\/\/schema.org\/CreativeWork\" ><div class='avia_textblock'  itemprop=\"text\" ><p><a href=\"https:\/\/www.iemn.fr\/wp-content\/uploads\/2026\/01\/planning_stages_2026b.jpg\"><img loading=\"lazy\" decoding=\"async\" class=\"alignnone size-full wp-image-76798\" src=\"https:\/\/www.iemn.fr\/wp-content\/uploads\/2026\/01\/planning_stages_2026b.jpg\" alt=\"\" width=\"1200\" height=\"680\" srcset=\"https:\/\/www.iemn.fr\/wp-content\/uploads\/2026\/01\/planning_stages_2026b.jpg 1200w, https:\/\/www.iemn.fr\/wp-content\/uploads\/2026\/01\/planning_stages_2026b-300x170.jpg 300w, https:\/\/www.iemn.fr\/wp-content\/uploads\/2026\/01\/planning_stages_2026b-1030x584.jpg 1030w, https:\/\/www.iemn.fr\/wp-content\/uploads\/2026\/01\/planning_stages_2026b-768x435.jpg 768w, https:\/\/www.iemn.fr\/wp-content\/uploads\/2026\/01\/planning_stages_2026b-18x10.jpg 18w, https:\/\/www.iemn.fr\/wp-content\/uploads\/2026\/01\/planning_stages_2026b-705x400.jpg 705w\" sizes=\"auto, (max-width: 1200px) 100vw, 1200px\" \/><\/a><\/p>\n<\/div><\/section><\/p><\/div>\n<div  class='flex_column av-jigurk-87c714e0cdce92aca39e641e0b29579d av_two_fifth  avia-builder-el-8  el_after_av_three_fifth  avia-builder-el-last  flex_column_div  column-top-margin'     ><section  class='av_textblock_section av-mk70lhvf-98bf386390caac2c45b25fb31b61daab'   itemscope=\"itemscope\" itemtype=\"https:\/\/schema.org\/CreativeWork\" ><div class='avia_textblock'  itemprop=\"text\" ><p><strong>\n<style type=\"text\/css\" data-created_by=\"avia_inline_auto\" id=\"style-css-av-mqde7m-1-6-1-3-99b1acfcffa10dc89224b22cd917d837\">\n.av_font_icon.av-mqde7m-1-6-1-3-99b1acfcffa10dc89224b22cd917d837{\ncolor:#f16728;\nborder-color:#f16728;\n}\n.av_font_icon.av-mqde7m-1-6-1-3-99b1acfcffa10dc89224b22cd917d837 .av-icon-char{\nfont-size:25px;\nline-height:25px;\n}\n<\/style>\n<span  class='av_font_icon av-mqde7m-1-6-1-3-99b1acfcffa10dc89224b22cd917d837 avia_animate_when_visible av-icon-style- avia-icon-pos-left avia-icon-animate'><span class='av-icon-char' aria-hidden='true' data-av_icon='\ue803' data-av_iconfont='entypo-fontello' ><\/span><\/span><span style=\"color: #800000;\">Ils pourront notamment explorer les m\u00e9tiers suivants :<\/span><\/strong><\/p>\n<ul>\n<li>Le m\u00e9tier de Technicien.ne<\/li>\n<li>Le m\u00e9tier d\u2019Ing\u00e9nieur.e<\/li>\n<li>Le m\u00e9tier de Chercheur.se<\/li>\n<li>Le m\u00e9tier de Charg\u00e9.e d\u2019Administration<\/li>\n<li>Le m\u00e9tier de Charg\u00e9.e de Communication<\/li>\n<\/ul>\n<p><strong>\n<style type=\"text\/css\" data-created_by=\"avia_inline_auto\" id=\"style-css-av-mqde7m-1-6-1-3-1-a815f548b9e76f5434823f51cc5fb4ec\">\n.av_font_icon.av-mqde7m-1-6-1-3-1-a815f548b9e76f5434823f51cc5fb4ec{\ncolor:#f16728;\nborder-color:#f16728;\n}\n.av_font_icon.av-mqde7m-1-6-1-3-1-a815f548b9e76f5434823f51cc5fb4ec .av-icon-char{\nfont-size:25px;\nline-height:25px;\n}\n<\/style>\n<span  class='av_font_icon av-mqde7m-1-6-1-3-1-a815f548b9e76f5434823f51cc5fb4ec avia_animate_when_visible av-icon-style- avia-icon-pos-left avia-icon-animate'><span class='av-icon-char' aria-hidden='true' data-av_icon='\ue803' data-av_iconfont='entypo-fontello' ><\/span><\/span> d&rsquo;accueil 2025-2026 :<\/strong><\/p>\n<ul>\n<li>24 au 28 novembre 2025<\/li>\n<li>5 au 9 janvier 2026<\/li>\n<li>15 au 19 juin 2026<\/li>\n<li>22 au 26 juin 2026*<\/li>\n<\/ul>\n<p><em>*Semaine r\u00e9serv\u00e9e aux filles, pour promouvoir la Science au F\u00e9minin.<\/em><\/p>\n<p><strong>\n<style type=\"text\/css\" data-created_by=\"avia_inline_auto\" id=\"style-css-av-mqde7m-1-6-1-3-1-1-8aba1985d6206f00ac737d7bf2284dd2\">\n.av_font_icon.av-mqde7m-1-6-1-3-1-1-8aba1985d6206f00ac737d7bf2284dd2{\ncolor:#f16728;\nborder-color:#f16728;\n}\n.av_font_icon.av-mqde7m-1-6-1-3-1-1-8aba1985d6206f00ac737d7bf2284dd2 .av-icon-char{\nfont-size:25px;\nline-height:25px;\n}\n<\/style>\n<span  class='av_font_icon av-mqde7m-1-6-1-3-1-1-8aba1985d6206f00ac737d7bf2284dd2 avia_animate_when_visible av-icon-style- avia-icon-pos-left avia-icon-animate'><span class='av-icon-char' aria-hidden='true' data-av_icon='\ue803' data-av_iconfont='entypo-fontello' ><\/span><\/span><span style=\"color: #800000;\">Equipe organisatrice :<\/span><\/strong><\/p>\n<p><span style=\"color: #f16728;\"><strong>\n<style type=\"text\/css\" data-created_by=\"avia_inline_auto\" id=\"style-css-av-mqde7m-11665d57be50482f466d54b8a3268ec6\">\n.av_font_icon.av-mqde7m-11665d57be50482f466d54b8a3268ec6{\ncolor:#f16728;\nborder-color:#f16728;\n}\n.av_font_icon.av-mqde7m-11665d57be50482f466d54b8a3268ec6 .av-icon-char{\nfont-size:25px;\nline-height:25px;\n}\n<\/style>\n<span  class='av_font_icon av-mqde7m-11665d57be50482f466d54b8a3268ec6 avia_animate_when_visible av-icon-style- avia-icon-pos-left avia-icon-animate'><span class='av-icon-char' aria-hidden='true' data-av_icon='\ue805' data-av_iconfont='entypo-fontello' ><\/span><\/span>nora.benbahlouli@iemn.fr <\/strong><\/span><\/p>\n<p><span style=\"color: #f16728;\"><strong>\n<style type=\"text\/css\" data-created_by=\"avia_inline_auto\" id=\"style-css-av-mqde7m-2-818f94eedbef30b6a6f089c5d07f52ab\">\n.av_font_icon.av-mqde7m-2-818f94eedbef30b6a6f089c5d07f52ab{\ncolor:#f16728;\nborder-color:#f16728;\n}\n.av_font_icon.av-mqde7m-2-818f94eedbef30b6a6f089c5d07f52ab .av-icon-char{\nfont-size:25px;\nline-height:25px;\n}\n<\/style>\n<span  class='av_font_icon av-mqde7m-2-818f94eedbef30b6a6f089c5d07f52ab avia_animate_when_visible av-icon-style- avia-icon-pos-left avia-icon-animate'><span class='av-icon-char' aria-hidden='true' data-av_icon='\ue805' data-av_iconfont='entypo-fontello' ><\/span><\/span>pascale.diener@junia.com <\/strong><\/span><\/p>\n<p><span style=\"color: #f16728;\"><strong>\n<style type=\"text\/css\" data-created_by=\"avia_inline_auto\" id=\"style-css-av-mqde7m-1-ec2c04f41b7420486817f2e799a043b8\">\n.av_font_icon.av-mqde7m-1-ec2c04f41b7420486817f2e799a043b8{\ncolor:#f16728;\nborder-color:#f16728;\n}\n.av_font_icon.av-mqde7m-1-ec2c04f41b7420486817f2e799a043b8 .av-icon-char{\nfont-size:25px;\nline-height:25px;\n}\n<\/style>\n<span  class='av_font_icon av-mqde7m-1-ec2c04f41b7420486817f2e799a043b8 avia_animate_when_visible av-icon-style- avia-icon-pos-left avia-icon-animate'><span class='av-icon-char' aria-hidden='true' data-av_icon='\ue805' data-av_iconfont='entypo-fontello' ><\/span><\/span>imen.hnid@univ-lille.fr<\/strong><\/span><\/p>\n<\/div><\/section><\/div>","protected":false},"excerpt":{"rendered":"","protected":false},"author":2,"featured_media":0,"parent":63,"menu_order":0,"comment_status":"closed","ping_status":"closed","template":"","meta":{"footnotes":""},"class_list":["post-76800","page","type-page","status-publish","hentry"],"_links":{"self":[{"href":"https:\/\/www.iemn.fr\/en\/wp-json\/wp\/v2\/pages\/76800","targetHints":{"allow":["GET"]}}],"collection":[{"href":"https:\/\/www.iemn.fr\/en\/wp-json\/wp\/v2\/pages"}],"about":[{"href":"https:\/\/www.iemn.fr\/en\/wp-json\/wp\/v2\/types\/page"}],"author":[{"embeddable":true,"href":"https:\/\/www.iemn.fr\/en\/wp-json\/wp\/v2\/users\/2"}],"replies":[{"embeddable":true,"href":"https:\/\/www.iemn.fr\/en\/wp-json\/wp\/v2\/comments?post=76800"}],"version-history":[{"count":5,"href":"https:\/\/www.iemn.fr\/en\/wp-json\/wp\/v2\/pages\/76800\/revisions"}],"predecessor-version":[{"id":76802,"href":"https:\/\/www.iemn.fr\/en\/wp-json\/wp\/v2\/pages\/76800\/revisions\/76802"}],"up":[{"embeddable":true,"href":"https:\/\/www.iemn.fr\/en\/wp-json\/wp\/v2\/pages\/63"}],"wp:attachment":[{"href":"https:\/\/www.iemn.fr\/en\/wp-json\/wp\/v2\/media?parent=76800"}],"curies":[{"name":"wp","href":"https:\/\/api.w.org\/{rel}","templated":true}]}}