{"id":75036,"date":"2025-09-16T09:06:43","date_gmt":"2025-09-16T07:06:43","guid":{"rendered":"https:\/\/www.iemn.fr\/?page_id=75036"},"modified":"2025-09-23T08:55:54","modified_gmt":"2025-09-23T06:55:54","slug":"projet-phare-quantum-technologies","status":"publish","type":"page","link":"https:\/\/www.iemn.fr\/en\/projet-phare-quantum-technologies","title":{"rendered":"Projet phare Quantum Technologies"},"content":{"rendered":"<section  class='av_textblock_section av-mfm7gryk-5efb7ac46925e60fb861de62bb4ab695'   itemscope=\"itemscope\" itemtype=\"https:\/\/schema.org\/CreativeWork\" ><div class='avia_textblock'  itemprop=\"text\" ><h1 style=\"text-align: center;\"><span style=\"color: #e88215;\">QUANTUM TECHNOLOGIES<\/span><\/h1>\n<hr \/>\n<\/div><\/section>\n<div  class='flex_column av-13q2nss-1d6b54abf4996f62f6bfc2f67a26e7f4 av_one_full  avia-builder-el-1  el_after_av_textblock  el_before_av_three_fifth  first flex_column_div  column-top-margin'     ><section  class='av_textblock_section av-mfm7ja6f-77219990ed34e8068fca29332ca7796f'   itemscope=\"itemscope\" itemtype=\"https:\/\/schema.org\/CreativeWork\" ><div class='avia_textblock'  itemprop=\"text\" ><h1 style=\"text-align: center;\"><span style=\"color: #c24718;\">L\u2019IEMN explore les fronti\u00e8res de l\u2019\u00e8re quantique avec la cr\u00e9ation de son 10\u00e8me flagship<\/span><\/h1>\n<\/div><\/section><\/div>\n<div  class='flex_column av-19s3lj0-f620ed54922102668dc2811f156adc60 av_three_fifth  avia-builder-el-3  el_after_av_one_full  el_before_av_two_fifth  first flex_column_div  column-top-margin'     ><section  class='av_textblock_section av-mfm7zcwd-98fc7a0eaef450280493de2105723320'   itemscope=\"itemscope\" itemtype=\"https:\/\/schema.org\/CreativeWork\" ><div class='avia_textblock'  itemprop=\"text\" ><h3 style=\"text-align: center;\"><\/h3>\n<h5 style=\"line-height: 2; text-align: left;\"><strong><a href=\"https:\/\/www.iemn.fr\/wp-content\/uploads\/2025\/09\/croquis_chat_fr_jaune.jpg\"><img loading=\"lazy\" decoding=\"async\" class=\"alignnone wp-image-75048\" src=\"https:\/\/www.iemn.fr\/wp-content\/uploads\/2025\/09\/croquis_chat_fr_jaune.jpg\" alt=\"\" width=\"800\" height=\"514\" srcset=\"https:\/\/www.iemn.fr\/wp-content\/uploads\/2025\/09\/croquis_chat_fr_jaune.jpg 1000w, https:\/\/www.iemn.fr\/wp-content\/uploads\/2025\/09\/croquis_chat_fr_jaune-300x193.jpg 300w, https:\/\/www.iemn.fr\/wp-content\/uploads\/2025\/09\/croquis_chat_fr_jaune-768x493.jpg 768w, https:\/\/www.iemn.fr\/wp-content\/uploads\/2025\/09\/croquis_chat_fr_jaune-18x12.jpg 18w, https:\/\/www.iemn.fr\/wp-content\/uploads\/2025\/09\/croquis_chat_fr_jaune-705x453.jpg 705w\" sizes=\"auto, (max-width: 800px) 100vw, 800px\" \/><\/a><\/strong><\/h5>\n<\/div><\/section><\/div>\n<div  class='flex_column av-nomc64-1a4cbfd3ab07052e4b1faab25f74c50a av_two_fifth  avia-builder-el-5  el_after_av_three_fifth  el_before_av_one_half  flex_column_div  column-top-margin'     ><section  class='av_textblock_section av-mfm84kn2-5c9ee459e7daf8b1ecf31c61dbca504d'   itemscope=\"itemscope\" itemtype=\"https:\/\/schema.org\/CreativeWork\" ><div class='avia_textblock'  itemprop=\"text\" ><h5 style=\"line-height: 2; text-align: left;\"><\/h5>\n<blockquote>\n<h4 style=\"line-height: 2; text-align: left;\"><strong>La cr\u00e9ation de ce 10\u00e8me flagship traduit les efforts croissants en recherche et innovation de l&rsquo;IEMN sur les mat\u00e9riaux et technologies quantiques qui ouvrent des perspectives fascinantes en nano\u00e9lectronique, en m\u00e9trologie, en traitement de l&rsquo;information et bien plus encore.<\/strong><\/h4>\n<\/blockquote>\n<\/div><\/section><\/div><div  class='flex_column av-16xr6n0-aec2991c021c177e7938d9b7f9d998e3 av_one_half  avia-builder-el-7  el_after_av_two_fifth  el_before_av_one_half  first flex_column_div'     ><section  class='av_textblock_section av-mfm8826r-8c8b8b3edb4b5b01b5e0f2047f3da6fc'   itemscope=\"itemscope\" itemtype=\"https:\/\/schema.org\/CreativeWork\" ><div class='avia_textblock'  itemprop=\"text\" ><p>Dans le cadre de ce flagship, nous nous concentrons dans un premier temps sur plusieurs axes de recherche qui, pour la plupart, se font en \u00e9troite collaboration avec des partenaires fran\u00e7ais ou \u00e9trangers. Tout d&rsquo;abord, nous explorons les <strong><span style=\"color: #000000;\">mat\u00e9riaux quantiques<\/span><\/strong>, par exemple en \u00e9tudiant les transitions de phase quantique dans les mat\u00e9riaux de Mott, en d\u00e9veloppant des simulations quantiques ou en examinant les \u00e9tats \u00e9lectroniques de bord prot\u00e9g\u00e9s par la topologie. Ces recherches ouvrent la voie \u00e0 des applications innovantes en nano\u00e9lectronique, en spintronique et en science des mat\u00e9riaux.<\/p>\n<p>Ensuite, nous nous attardons sur les <strong><span style=\"color: #000000;\">capteurs et la m\u00e9trologie quantiques<\/span><\/strong>. Nous d\u00e9veloppons des plateformes optom\u00e9caniques pour la d\u00e9tection de phonons uniques et cr\u00e9ons des dispositifs atomiques miniatures pour des applications en m\u00e9trologie, telles que les \u00e9lectrom\u00e8tres et les magn\u00e9tom\u00e8tres. Nous utilisons \u00e9galement des centres NV (paires lacune impuret\u00e9 d\u2019azote) dans le diamant pour la m\u00e9trologie de nanor\u00e9sonateurs acoustiques, ouvrant ainsi de nouvelles perspectives pour les capteurs quantiques hybrides. Les travaux sur les mat\u00e9riaux et dispositifs quantiques n\u00e9cessiteront \u00e9galement des innovations en nano-caract\u00e9risation.<\/p>\n<\/div><\/section><\/div><\/p>\n<div  class='flex_column av-ixki2k-2c308a4ccc1f601b434a22c986974c29 av_one_half  avia-builder-el-9  el_after_av_one_half  el_before_av_one_full  flex_column_div'     ><section  class='av_textblock_section av-mfm88ob6-86228e34fc109daaf87cfda01eb77005'   itemscope=\"itemscope\" itemtype=\"https:\/\/schema.org\/CreativeWork\" ><div class='avia_textblock'  itemprop=\"text\" ><p>Un axe de recherche en \u00e9mergence concerne les <strong><span style=\"color: #000000;\">technologies pour le traitement quantique de l&rsquo;information et la cryptographie quantique.<\/span><\/strong> Nous visons la cr\u00e9ation de lasers \u00e0 base de bo\u00eetes quantiques (collo\u00efdales ou \u00e9pitaxiales) et des sources de photons uniques pour les technologies quantiques.<\/p>\n<p>Nous explorons \u00e9galement les <strong><span style=\"color: #000000;\">analogues quantiques,<\/span><\/strong> en d\u00e9veloppant des micro-dispositifs acousto-fluidiques et en \u00e9tudiant des syst\u00e8mes photoniques, phononiques et m\u00e9caniques multimodes coupl\u00e9s. Ces recherches nous aideront \u00e0 mieux appr\u00e9hender les comportements quantiques et classiques, tout en ouvrant de nouvelles perspectives pour explorer le monde quantique qui rec\u00e8le encore de nombreux myst\u00e8res.<\/p>\n<p>Enfin, nous nous concentrons sur les <strong><span style=\"color: #000000;\">calculs, algorithmes et mod\u00e9lisations quantiques.<\/span><\/strong> Nous adaptons des probl\u00e8mes d&rsquo;optimisation pour les ordinateurs quantiques en utilisant des algorithmes avanc\u00e9s et explorons les applications des calculs quantiques en cybers\u00e9curit\u00e9 et en r\u00e9flectom\u00e9trie. Nous \u00e9tudions \u00e9galement la thermodynamique quantique et int\u00e9grerons des algorithmes quantiques dans les syst\u00e8mes de t\u00e9l\u00e9communications cognitifs.<\/p>\n<\/div><\/section><\/div>\n<div  class='flex_column av-w8ffx8-cfa3efb4734420f4e9b94a4633bfe8c0 av_one_full  avia-builder-el-11  el_after_av_one_half  avia-builder-el-last  first flex_column_div  column-top-margin'     ><section  class='av_textblock_section av-mfm7k8mg-b77331d5c74abff865778678aa2e8f58'   itemscope=\"itemscope\" itemtype=\"https:\/\/schema.org\/CreativeWork\" ><div class='avia_textblock'  itemprop=\"text\" ><div style=\"display: flex; align-items: center;\"><\/div>\n<div style=\"display: flex; align-items: center;\">\n<h6 style=\"text-align: left; margin-right: 10px;\">Coordinators:<\/h6>\n<div style=\"margin-right: 10px;\"><a style=\"display: inline-block; padding: 5px 10px; background-color: #444444; color: #ffffff; text-decoration: none; border-radius: 10px;\" href=\"mailto:yannick.Dusch@iemn.fr\">yannick.Dusch@iemn.fr<\/a><\/div>\n<div style=\"margin-right: 10px;\"><a style=\"display: inline-block; padding: 5px 10px; background-color: #444444; color: #ffffff; text-decoration: none; border-radius: 10px;\" href=\"mailto:isabelle.lefebvre@iemn.fr\">isabelle.lefebvre@iemn.fr<\/a><\/div>\n<div style=\"margin-right: 10px;\"><a style=\"display: inline-block; padding: 5px 10px; background-color: #444444; color: #ffffff; text-decoration: none; border-radius: 10px;\" href=\"mailto:xin.zhou@iemn.fr\">xin.zhou@iemn.fr<\/a><\/div>\n<\/div>\n<\/div><\/section><\/div>","protected":false},"excerpt":{"rendered":"","protected":false},"author":2,"featured_media":0,"parent":0,"menu_order":0,"comment_status":"closed","ping_status":"closed","template":"","meta":{"footnotes":""},"class_list":["post-75036","page","type-page","status-publish","hentry"],"_links":{"self":[{"href":"https:\/\/www.iemn.fr\/en\/wp-json\/wp\/v2\/pages\/75036","targetHints":{"allow":["GET"]}}],"collection":[{"href":"https:\/\/www.iemn.fr\/en\/wp-json\/wp\/v2\/pages"}],"about":[{"href":"https:\/\/www.iemn.fr\/en\/wp-json\/wp\/v2\/types\/page"}],"author":[{"embeddable":true,"href":"https:\/\/www.iemn.fr\/en\/wp-json\/wp\/v2\/users\/2"}],"replies":[{"embeddable":true,"href":"https:\/\/www.iemn.fr\/en\/wp-json\/wp\/v2\/comments?post=75036"}],"version-history":[{"count":12,"href":"https:\/\/www.iemn.fr\/en\/wp-json\/wp\/v2\/pages\/75036\/revisions"}],"predecessor-version":[{"id":75226,"href":"https:\/\/www.iemn.fr\/en\/wp-json\/wp\/v2\/pages\/75036\/revisions\/75226"}],"wp:attachment":[{"href":"https:\/\/www.iemn.fr\/en\/wp-json\/wp\/v2\/media?parent=75036"}],"curies":[{"name":"wp","href":"https:\/\/api.w.org\/{rel}","templated":true}]}}