{"id":74855,"date":"2025-09-03T10:25:14","date_gmt":"2025-09-03T08:25:14","guid":{"rendered":"https:\/\/www.iemn.fr\/?page_id=74855"},"modified":"2025-09-03T10:44:27","modified_gmt":"2025-09-03T08:44:27","slug":"projet-interreg-secuweb-crosss3","status":"publish","type":"page","link":"https:\/\/www.iemn.fr\/en\/la-recherche\/les-groupes\/comnum\/projet-interreg-secuweb-crosss3","title":{"rendered":"Projet Interreg SecuWeb &#8211; CrossS3"},"content":{"rendered":"<div id='layer_slider_1'  class='avia-layerslider main_color avia-shadow  avia-builder-el-0  el_before_av_submenu  avia-builder-el-first  container_wrap sidebar_right'  style='height: 261px;'  ><div id=\"layerslider_47_pn2ergtvg75j\" data-ls-slug=\"homepageslider\" class=\"ls-wp-container fitvidsignore ls-selectable\" style=\"width:1140px;height:260px;margin:0 auto;margin-bottom: 0px;\"><div class=\"ls-slide\" data-ls=\"bgposition:50% 50%;duration:6000;transition2d:5;\"><img loading=\"lazy\" decoding=\"async\" width=\"2600\" height=\"270\" src=\"https:\/\/www.iemn.fr\/wp-content\/uploads\/2018\/10\/sliders_groupe_commun.jpg\" class=\"ls-bg\" alt=\"COMNUM\" srcset=\"https:\/\/www.iemn.fr\/wp-content\/uploads\/2018\/10\/sliders_groupe_commun.jpg 2600w, https:\/\/www.iemn.fr\/wp-content\/uploads\/2018\/10\/sliders_groupe_commun-300x31.jpg 300w, https:\/\/www.iemn.fr\/wp-content\/uploads\/2018\/10\/sliders_groupe_commun-768x80.jpg 768w, https:\/\/www.iemn.fr\/wp-content\/uploads\/2018\/10\/sliders_groupe_commun-1030x107.jpg 1030w, https:\/\/www.iemn.fr\/wp-content\/uploads\/2018\/10\/sliders_groupe_commun-1500x156.jpg 1500w, https:\/\/www.iemn.fr\/wp-content\/uploads\/2018\/10\/sliders_groupe_commun-705x73.jpg 705w\" sizes=\"auto, (max-width: 2600px) 100vw, 2600px\" \/><ls-layer style=\"font-size:14px;text-align:left;font-style:normal;text-decoration:none;text-transform:none;font-weight:700;letter-spacing:0px;background-position:0% 0%;background-repeat:no-repeat;mix-blend-mode:normal;top:231px;left:0px;height:30px;width:320px;line-height:32px;color:#ffffff;border-radius:6px 6px 6px 6px;padding-left:50px;background-color:rgba(0, 0, 0, 0.57);\" class=\"ls-l ls-ib-icon ls-text-layer\" data-ls=\"minfontsize:0;minmobilefontsize:0;\"><i class=\"fa fa-user-circle\" style=\"color:#f2f2f2;margin-right:0.8em;font-size:1em;transform:translateY( -0.125em );\"><\/i>GROUPE DE RECHERCHE : COMNUM<\/ls-layer><\/div><\/div><\/div>\n<div id='sub_menu1'  class='av-submenu-container av-mf3ogkju-7d2b03f753991ab1cfee11c83fe24299 footer_color  avia-builder-el-1  el_after_av_layerslider  el_before_av_one_half  submenu-not-first container_wrap sidebar_right' style='z-index:301' ><div class='container av-menu-mobile-disabled av-submenu-pos-left'><ul id='av-custom-submenu-1' class='av-subnav-menu' role='menu'>\n<li class='menu-item av-mf3obnht-021d5d007b4b783ba71465137f2dbc09 menu-item-top-level menu-item-top-level-1' role='menuitem'><a href='https:\/\/www.iemn.fr\/en\/la-recherche\/les-groupes\/comnum'  ><span class='avia-bullet'><\/span><span class='avia-menu-text'>Introduction<\/span><\/a><\/li>\n<li class='menu-item av-mf3oc0og-c504a433573d5db4c0ef003e9e8f3d5c menu-item-top-level menu-item-top-level-2' role='menuitem'><a href='https:\/\/www.iemn.fr\/en\/la-recherche\/les-groupes\/comnum\/membres'  ><span class='avia-bullet'><\/span><span class='avia-menu-text'>Members<\/span><\/a><\/li>\n<li class='menu-item av-mf3ocvea-f6509540b6a16be7f54039dc4a71efc0 menu-item-top-level menu-item-top-level-3' role='menuitem'><a href='https:\/\/www.iemn.fr\/en\/la-recherche\/les-groupes\/comnum\/transports-intelligents'  ><span class='avia-bullet'><\/span><span class='avia-menu-text'>Intelligent Transportation<\/span><\/a><\/li>\n<li class='menu-item av-mf3odnol-7ca5934e06791cbce8653de713e6a991 menu-item-top-level menu-item-top-level-4' role='menuitem'><a href='https:\/\/www.iemn.fr\/en\/la-recherche\/les-groupes\/comnum\/transmission-video-numerique'  ><span class='avia-bullet'><\/span><span class='avia-menu-text'>Digital video transmission system<\/span><\/a><\/li>\n<li class='menu-item av-mf3og1fq-09140ba0c156b6be8945c7ccf8dde5e8 menu-item-top-level menu-item-top-level-5' role='menuitem'><a href='https:\/\/www.iemn.fr\/en\/la-recherche\/les-groupes\/comnum\/systemes-de-communications-multi-utilisateurs'  ><span class='avia-bullet'><\/span><span class='avia-menu-text'>Multi-User Communication Systems<\/span><\/a><\/li>\n<li class='menu-item av-mf3obnht-1-15de3f27b6afbd6f6fb7fce9ca80ceb1 menu-item-top-level menu-item-top-level-6' role='menuitem'><a href='https:\/\/www.iemn.fr\/en\/la-recherche\/les-groupes\/comnum\/projet-interreg-secuweb-crosss3'  ><span class='avia-bullet'><\/span><span class='avia-menu-text'>Projet Interreg CrossS3 SecuWeb<\/span><\/a><\/li>\n<li class='menu-item av-mf3ogisd-c87409e8213648ee77b94e76d7e15134 menu-item-top-level menu-item-top-level-7' role='menuitem'><a href='https:\/\/www.iemn.fr\/en\/la-recherche\/les-groupes'  ><span class='avia-bullet'><\/span><span class='avia-menu-text'>Other Groups<\/span><\/a><\/li>\n<\/ul><\/div><\/div><div id='after_submenu_1'  class='main_color av_default_container_wrap container_wrap sidebar_right'  ><div class='container av-section-cont-open' ><div class='template-page content  av-content-small alpha units'><div class='post-entry post-entry-type-page post-entry-74855'><div class='entry-content-wrapper clearfix'>\n<div  class='flex_column av-7wt8ef-e173fbc5711a96ec5e260a69e4c16e74 av_one_half  avia-builder-el-2  el_after_av_submenu  el_before_av_one_half  avia-builder-el-first  first flex_column_div'     ><style type=\"text\/css\" data-created_by=\"avia_inline_auto\" id=\"style-css-av-mf3olsi8-98c5cd7a394127c7b4533db86d6f2cfb\">\n#top .av-special-heading.av-mf3olsi8-98c5cd7a394127c7b4533db86d6f2cfb{\npadding-bottom:10px;\n}\nbody .av-special-heading.av-mf3olsi8-98c5cd7a394127c7b4533db86d6f2cfb .av-special-heading-tag .heading-char{\nfont-size:25px;\n}\n.av-special-heading.av-mf3olsi8-98c5cd7a394127c7b4533db86d6f2cfb .av-subheading{\nfont-size:15px;\n}\n<\/style>\n<div  class='av-special-heading av-mf3olsi8-98c5cd7a394127c7b4533db86d6f2cfb av-special-heading-h1  avia-builder-el-3  avia-builder-el-no-sibling'><h1 class='av-special-heading-tag'  itemprop=\"headline\"  >Projet SecuWeb<\/h1><div class=\"special-heading-border\"><div class=\"special-heading-inner-border\"><\/div><\/div><\/div><\/div>\n<div  class='flex_column av-1ruq39j-f62d6a137818d2c087d8a9ebc8c24a46 av_one_half  avia-builder-el-4  el_after_av_one_half  el_before_av_two_third  flex_column_div'     ><style type=\"text\/css\" data-created_by=\"avia_inline_auto\" id=\"style-css-av-mf3ooun2-671170c6bfaeb15fb33d1e946496e0cf\">\n.avia-image-container.av-mf3ooun2-671170c6bfaeb15fb33d1e946496e0cf img.avia_image{\nbox-shadow:none;\n}\n.avia-image-container.av-mf3ooun2-671170c6bfaeb15fb33d1e946496e0cf .av-image-caption-overlay-center{\ncolor:#ffffff;\n}\n<\/style>\n<div  class='avia-image-container av-mf3ooun2-671170c6bfaeb15fb33d1e946496e0cf av-styling- avia-align-right  avia-builder-el-5  avia-builder-el-no-sibling'   itemprop=\"image\" itemscope=\"itemscope\" itemtype=\"https:\/\/schema.org\/ImageObject\" ><div class=\"avia-image-container-inner\"><div class=\"avia-image-overlay-wrap\"><img decoding=\"async\" fetchpriority=\"high\" class='wp-image-74857 avia-img-lazy-loading-not-74857 avia_image' src=\"https:\/\/www.iemn.fr\/wp-content\/uploads\/2025\/09\/Interreg-CrossS3-SecuWeb-300x168.jpg\" alt='Interreg - CrossS3 - SecuWeb' title='Interreg-CrossS3-SecuWeb'  height=\"168\" width=\"300\"  itemprop=\"thumbnailUrl\" srcset=\"https:\/\/www.iemn.fr\/wp-content\/uploads\/2025\/09\/Interreg-CrossS3-SecuWeb-300x168.jpg 300w, https:\/\/www.iemn.fr\/wp-content\/uploads\/2025\/09\/Interreg-CrossS3-SecuWeb-18x10.jpg 18w, https:\/\/www.iemn.fr\/wp-content\/uploads\/2025\/09\/Interreg-CrossS3-SecuWeb.jpg 586w\" sizes=\"(max-width: 300px) 100vw, 300px\" \/><\/div><\/div><\/div><\/div>\n<div  class='flex_column av-1a0fnuv-bfc4b7a6aa821a02a62e2f698b5086fb av_two_third  avia-builder-el-6  el_after_av_one_half  el_before_av_one_third  first flex_column_div  column-top-margin'     ><section  class='av_textblock_section av-mf3oqpss-247caed0cd04d8a6babf29c357e1a1d7'   itemscope=\"itemscope\" itemtype=\"https:\/\/schema.org\/CreativeWork\" ><div class='avia_textblock'  itemprop=\"text\" ><h2><strong>Description du projet\u00a0<\/strong><\/h2>\n<p>SecuWeb vise \u00e0 renforcer la s\u00e9curit\u00e9 des donn\u00e9es dans les entreprises et organisations en Flandre, en Wallonie et en France.<\/p>\n<p>Le projet \u00e9tudie comment les technologies innovantes telles que Solid, la Blockchain, l&rsquo;internet quantique, la 5G, l&rsquo;IA et l&rsquo;IoT peuvent contribuer \u00e0 une utilisation plus s\u00e9curis\u00e9e des donn\u00e9es.<\/p>\n<p>\u00c0 l&rsquo;aide de d\u00e9monstrateurs et de cas d&rsquo;usage, nous explorons comment mettre en \u0153uvre ces technologies dans les entreprises et organisations. Nous nous concentrons sur des secteurs cl\u00e9s tels que la sant\u00e9, l\u2019industrie 4.0, la mobilit\u00e9 et la nutrition.<\/p>\n<h2><strong>Dur\u00e9e du projet<\/strong><\/h2>\n<p>01\/10\/2024 \u2013 30\/09\/2028<\/p>\n<\/div><\/section><\/div>\n<div  class='flex_column av-m3cfmv-469e51d3da7126549c49f7c4365d9957 av_one_third  avia-builder-el-8  el_after_av_two_third  el_before_av_textblock  flex_column_div  column-top-margin'     ><style type=\"text\/css\" data-created_by=\"avia_inline_auto\" id=\"style-css-av-mf3orocz-8bfc17584c5cb0eaa6c63951b21237fa\">\n.avia-image-container.av-mf3orocz-8bfc17584c5cb0eaa6c63951b21237fa img.avia_image{\nbox-shadow:none;\n}\n.avia-image-container.av-mf3orocz-8bfc17584c5cb0eaa6c63951b21237fa .av-image-caption-overlay-center{\ncolor:#ffffff;\n}\n<\/style>\n<div  class='avia-image-container av-mf3orocz-8bfc17584c5cb0eaa6c63951b21237fa av-styling- avia-align-right  avia-builder-el-9  avia-builder-el-no-sibling'   itemprop=\"image\" itemscope=\"itemscope\" itemtype=\"https:\/\/schema.org\/ImageObject\" ><div class=\"avia-image-container-inner\"><div class=\"avia-image-overlay-wrap\"><img decoding=\"async\" fetchpriority=\"high\" class='wp-image-74858 avia-img-lazy-loading-not-74858 avia_image' src=\"https:\/\/www.iemn.fr\/wp-content\/uploads\/2025\/09\/Budget-Interreg-CrossS3-SecuWeb-148x300.png\" alt='' title='Budget-Interreg-CrossS3-SecuWeb'  height=\"300\" width=\"148\"  itemprop=\"thumbnailUrl\" srcset=\"https:\/\/www.iemn.fr\/wp-content\/uploads\/2025\/09\/Budget-Interreg-CrossS3-SecuWeb-148x300.png 148w, https:\/\/www.iemn.fr\/wp-content\/uploads\/2025\/09\/Budget-Interreg-CrossS3-SecuWeb-6x12.png 6w, https:\/\/www.iemn.fr\/wp-content\/uploads\/2025\/09\/Budget-Interreg-CrossS3-SecuWeb.png 298w\" sizes=\"(max-width: 148px) 100vw, 148px\" \/><\/div><\/div><\/div><\/div>\n<section  class='av_textblock_section av-mf3os737-b653a4bb9d68e23e8ef0d4c9cfd50c0f'   itemscope=\"itemscope\" itemtype=\"https:\/\/schema.org\/CreativeWork\" ><div class='avia_textblock'  itemprop=\"text\" ><h2><strong>Objectifs du projet\u00a0<\/strong><\/h2>\n<p>Dans le cadre du projet Interreg Fr-W-Vl SecuWeb, CITC, Eurasant\u00e9, Howest, Idelux, Sirris, UCLouvain, UGent et UPHF travaillent, sous la coordination de TUA West, \u00e0 un futur internet plus s\u00e9curis\u00e9. Nous nous concentrons sur les applications et la mise en \u0153uvre de technologies innovantes qui conduisent \u00e0 une utilisation plus s\u00fbre des donn\u00e9es dans les entreprises et organisations, dans les secteurs de la e-sant\u00e9, de l&rsquo;industrie 4.0, de la mobilit\u00e9 et de la nutrition, qui constituent des fers de lance importants de l&rsquo;\u00e9conomie de nos r\u00e9gions.<\/p>\n<p>Les partenaires du projet m\u00e8nent conjointement des recherches sur la mani\u00e8re dont les technologies innovantes telles que Solid, la blockchain, l&rsquo;Internet quantique, la 5G, l\u2019IA et l\u2019IoT peuvent contribuer \u00e0 une utilisation plus s\u00fbre des donn\u00e9es. Les partenaires des diff\u00e9rentes r\u00e9gions disposent d&rsquo;une expertise et d\u2019infrastructures compl\u00e9mentaires, ce qui les am\u00e8ne naturellement \u00e0 un renforcement mutuel.<\/p>\n<p>Pour informer, inspirer et sensibiliser les entreprises et organisations \u00e0 une utilisation plus s\u00fbre des donn\u00e9es, nous organisons, entre autres, des journ\u00e9es d&rsquo;inspiration transfrontali\u00e8res, des d\u00e9monstrations, des conf\u00e9rences et des ateliers. Nous proc\u00e9dons \u00e9galement \u00e0 une analyse des besoins des groupes cibles afin de r\u00e9pondre au mieux \u00e0 leurs besoins en termes d&rsquo;utilisation s\u00e9curis\u00e9e des donn\u00e9es.<\/p>\n<p>Enfin, nous d\u00e9veloppons plusieurs cas d&rsquo;utilisation avec des entreprises et des organisations des secteurs de la sant\u00e9, de l&rsquo;industrie 4.0, de la mobilit\u00e9 et de la nutrition. Gr\u00e2ce \u00e0 ces cas d&rsquo;utilisation, nous montrerons aux utilisateurs comment des technologies innovantes favorisant une utilisation plus s\u00fbre des donn\u00e9es peut \u00eatre d\u00e9ploy\u00e9es au sein de leur entreprise ou organisation.<\/p>\n<p><a href=\"https:\/\/www.iemn.fr\/wp-content\/uploads\/2025\/09\/Image3.png\"><img loading=\"lazy\" decoding=\"async\" class=\"aligncenter wp-image-74859 size-medium\" src=\"https:\/\/www.iemn.fr\/wp-content\/uploads\/2025\/09\/Image3-300x300.png\" alt=\"\" width=\"300\" height=\"300\" srcset=\"https:\/\/www.iemn.fr\/wp-content\/uploads\/2025\/09\/Image3-300x300.png 300w, https:\/\/www.iemn.fr\/wp-content\/uploads\/2025\/09\/Image3-80x80.png 80w, https:\/\/www.iemn.fr\/wp-content\/uploads\/2025\/09\/Image3-12x12.png 12w, https:\/\/www.iemn.fr\/wp-content\/uploads\/2025\/09\/Image3-36x36.png 36w, https:\/\/www.iemn.fr\/wp-content\/uploads\/2025\/09\/Image3-180x180.png 180w, https:\/\/www.iemn.fr\/wp-content\/uploads\/2025\/09\/Image3.png 574w\" sizes=\"auto, (max-width: 300px) 100vw, 300px\" \/><\/a><\/p>\n<\/div><\/section>\n<section  class='av_textblock_section av-mf3ovcpe-37ed805e239ab54245b898f2e26ce92c'   itemscope=\"itemscope\" itemtype=\"https:\/\/schema.org\/CreativeWork\" ><div class='avia_textblock'  itemprop=\"text\" ><h2><strong>Partners<\/strong><\/h2>\n<p><a href=\"https:\/\/www.iemn.fr\/wp-content\/uploads\/2025\/09\/Partenaires-Projet-Interreg-CrossS3-SecuWeb.png\"><img loading=\"lazy\" decoding=\"async\" class=\"aligncenter wp-image-74860 size-full\" src=\"https:\/\/www.iemn.fr\/wp-content\/uploads\/2025\/09\/Partenaires-Projet-Interreg-CrossS3-SecuWeb.png\" alt=\"\" width=\"605\" height=\"210\" srcset=\"https:\/\/www.iemn.fr\/wp-content\/uploads\/2025\/09\/Partenaires-Projet-Interreg-CrossS3-SecuWeb.png 605w, https:\/\/www.iemn.fr\/wp-content\/uploads\/2025\/09\/Partenaires-Projet-Interreg-CrossS3-SecuWeb-300x104.png 300w, https:\/\/www.iemn.fr\/wp-content\/uploads\/2025\/09\/Partenaires-Projet-Interreg-CrossS3-SecuWeb-18x6.png 18w\" sizes=\"auto, (max-width: 605px) 100vw, 605px\" \/><\/a><\/p>\n<\/div><\/section>","protected":false},"excerpt":{"rendered":"","protected":false},"author":51,"featured_media":0,"parent":26078,"menu_order":0,"comment_status":"closed","ping_status":"closed","template":"","meta":{"footnotes":""},"class_list":["post-74855","page","type-page","status-publish","hentry"],"_links":{"self":[{"href":"https:\/\/www.iemn.fr\/en\/wp-json\/wp\/v2\/pages\/74855","targetHints":{"allow":["GET"]}}],"collection":[{"href":"https:\/\/www.iemn.fr\/en\/wp-json\/wp\/v2\/pages"}],"about":[{"href":"https:\/\/www.iemn.fr\/en\/wp-json\/wp\/v2\/types\/page"}],"author":[{"embeddable":true,"href":"https:\/\/www.iemn.fr\/en\/wp-json\/wp\/v2\/users\/51"}],"replies":[{"embeddable":true,"href":"https:\/\/www.iemn.fr\/en\/wp-json\/wp\/v2\/comments?post=74855"}],"version-history":[{"count":11,"href":"https:\/\/www.iemn.fr\/en\/wp-json\/wp\/v2\/pages\/74855\/revisions"}],"predecessor-version":[{"id":74879,"href":"https:\/\/www.iemn.fr\/en\/wp-json\/wp\/v2\/pages\/74855\/revisions\/74879"}],"up":[{"embeddable":true,"href":"https:\/\/www.iemn.fr\/en\/wp-json\/wp\/v2\/pages\/26078"}],"wp:attachment":[{"href":"https:\/\/www.iemn.fr\/en\/wp-json\/wp\/v2\/media?parent=74855"}],"curies":[{"name":"wp","href":"https:\/\/api.w.org\/{rel}","templated":true}]}}