{"id":73912,"date":"2025-06-05T11:41:19","date_gmt":"2025-06-05T09:41:19","guid":{"rendered":"https:\/\/www.iemn.fr\/?page_id=73912"},"modified":"2025-06-05T11:42:29","modified_gmt":"2025-06-05T09:42:29","slug":"essai-traduction-auto","status":"publish","type":"page","link":"https:\/\/www.iemn.fr\/en\/essai-traduction-auto","title":{"rendered":"Essai traduction auto"},"content":{"rendered":"<section  class='av_textblock_section av-mbj6s8tm-660c395c3192d902a357b4f8b43fe3de'   itemscope=\"itemscope\" itemtype=\"https:\/\/schema.org\/CreativeWork\" ><div class='avia_textblock'  itemprop=\"text\" ><p>Mardi prochain \u00e0 10h30 salle du conseil Prof. Shima Rajabali nouvelle professeure \u00e0\u00a0 TU Delft arriv\u00e9 ce septembre d&rsquo;Harvard pr\u00e9sentera ses r\u00e9sultats et futures recherches<b>.<\/b><\/p>\n<\/div><\/section>","protected":false},"excerpt":{"rendered":"","protected":false},"author":2,"featured_media":0,"parent":0,"menu_order":0,"comment_status":"closed","ping_status":"closed","template":"","meta":{"footnotes":""},"class_list":["post-73912","page","type-page","status-publish","hentry"],"_links":{"self":[{"href":"https:\/\/www.iemn.fr\/en\/wp-json\/wp\/v2\/pages\/73912","targetHints":{"allow":["GET"]}}],"collection":[{"href":"https:\/\/www.iemn.fr\/en\/wp-json\/wp\/v2\/pages"}],"about":[{"href":"https:\/\/www.iemn.fr\/en\/wp-json\/wp\/v2\/types\/page"}],"author":[{"embeddable":true,"href":"https:\/\/www.iemn.fr\/en\/wp-json\/wp\/v2\/users\/2"}],"replies":[{"embeddable":true,"href":"https:\/\/www.iemn.fr\/en\/wp-json\/wp\/v2\/comments?post=73912"}],"version-history":[{"count":2,"href":"https:\/\/www.iemn.fr\/en\/wp-json\/wp\/v2\/pages\/73912\/revisions"}],"predecessor-version":[{"id":73914,"href":"https:\/\/www.iemn.fr\/en\/wp-json\/wp\/v2\/pages\/73912\/revisions\/73914"}],"wp:attachment":[{"href":"https:\/\/www.iemn.fr\/en\/wp-json\/wp\/v2\/media?parent=73912"}],"curies":[{"name":"wp","href":"https:\/\/api.w.org\/{rel}","templated":true}]}}