{"id":68122,"date":"2024-07-10T11:58:24","date_gmt":"2024-07-10T09:58:24","guid":{"rendered":"https:\/\/www.iemn.fr\/?page_id=68122"},"modified":"2024-07-12T08:31:54","modified_gmt":"2024-07-12T06:31:54","slug":"imen-hnid","status":"publish","type":"page","link":"https:\/\/www.iemn.fr\/en\/la-recherche\/les-groupes\/groupe-ncm\/people-2\/imen-hnid","title":{"rendered":"Imen-hnid"},"content":{"rendered":"<div id='layer_slider_1'  class='avia-layerslider main_color avia-shadow  avia-builder-el-0  el_before_av_one_fourth  avia-builder-el-first  container_wrap sidebar_right'  style='height: 261px;'  ><div id=\"layerslider_3_g5ivkjdhk847\" data-ls-slug=\"homepageslider\" class=\"ls-wp-container fitvidsignore ls-selectable\" style=\"width:100%;height:260px;margin:0 auto;margin-bottom: 0px;\"><div class=\"ls-slide\" data-ls=\"duration:4000;transition2d:5;\"><\/div><div class=\"ls-slide\" data-ls=\"duration:4000;transition2d:5;\"><\/div><div class=\"ls-slide\" data-ls=\"duration:4000;transition2d:5;\"><\/div><div class=\"ls-slide\" data-ls=\"duration:4000;transition2d:5;\"><div style=\"width:;height:;padding-top:;padding-right:;padding-bottom:;padding-left:;border-top:;border-right:;border-bottom:;border-left:;font-family:;font-size:;line-height:;color:;background:;border-radius:;top:0px;left:0px;\" class=\"ls-l ls-post-layer\" data-ls=\"offsetxin:80;easingin:linear;offsetxout:-80;durationout:400;easingout:linear;parallaxlevel:0;\"><\/div><\/div><\/div><\/div><div id='after_layer_slider_1'  class='main_color av_default_container_wrap container_wrap sidebar_right'  ><div class='container av-section-cont-open' ><div class='template-page content  av-content-small alpha units'><div class='post-entry post-entry-type-page post-entry-68122'><div class='entry-content-wrapper clearfix'>\n<div  class='flex_column av-av_one_fourth-db3c685d37a83d385059f6f31cd9c4a7 av_one_fourth  avia-builder-el-1  el_after_av_layerslider  el_before_av_three_fourth  avia-builder-el-first  first flex_column_div'     ><section  class='av_textblock_section av-lyfo2nrf-f515d38ad4dbe84483936688c659c8bb'   itemscope=\"itemscope\" itemtype=\"https:\/\/schema.org\/CreativeWork\" ><div class='avia_textblock'  itemprop=\"text\" ><p><strong><br \/>\n<a href=\"https:\/\/www.iemn.fr\/wp-content\/uploads\/2022\/09\/imen.jpg\"><img loading=\"lazy\" decoding=\"async\" class=\"alignnone wp-image-54808 size-full\" src=\"https:\/\/www.iemn.fr\/wp-content\/uploads\/2022\/09\/imen.jpg\" alt=\"\" width=\"92\" height=\"123\" srcset=\"https:\/\/www.iemn.fr\/wp-content\/uploads\/2022\/09\/imen.jpg 92w, https:\/\/www.iemn.fr\/wp-content\/uploads\/2022\/09\/imen-9x12.jpg 9w\" sizes=\"auto, (max-width: 92px) 100vw, 92px\" \/><\/a><\/strong><\/p>\n<p><strong><span style=\"color: #800000;\">Imen HNID<\/span><br \/>\n<\/strong>Associate Professor at Polytech Lille<br \/>\n+33 (0)3 20 19 79 32<br \/>\nOffice : 134<br \/>\n<a href=\"mailto:imen.hnid@iemn.fr\">imen.hnid@iemn.fr<\/a><\/p>\n<\/div><\/section><\/div><div  class='flex_column av-av_three_fourth-40977bc09da27d5fd81d8979a05c6d09 av_three_fourth  avia-builder-el-3  el_after_av_one_fourth  avia-builder-el-last  flex_column_div'     ><section  class='av_textblock_section av-lyfo2tim-484c5056f1198704c6a27562e69fb18f'   itemscope=\"itemscope\" itemtype=\"https:\/\/schema.org\/CreativeWork\" ><div class='avia_textblock'  itemprop=\"text\" ><p><strong>Imen HNID\u00a0currently works as an associate professor\u00a0at\u00a0\u00e9cole\u00a0polytech Lille and at Institut d\u2019Electronique, de Micro\u00e9lectronique et de Nanotechnologie (IEMN). She teaches several topics in the physical chemistry of materials, and she does\u00a0research in\u00a0nanoscience, molecular electronics, and\u00a0nanotechnologies. One current project is\u00a0Evolving electronic transport in molecules\/nanoparticles networks \u2013 EVOLMONET.<\/strong><\/p>\n<hr \/>\n<p><strong><span style=\"color: #800000;\">CURRENT RESEARCH INTERESTS<\/span><\/strong><\/p>\n<ul>\n<li>Scanning probe microscope in electric mode (Conducting-AFM)<\/li>\n<li>Functionalization and surface characterizations<\/li>\n<li>Electronic properties of light switchable molecules deposited in self-assembled monolayer<\/li>\n<\/ul>\n<hr \/>\n<p><strong><span style=\"color: #800000;\">RESEARCH EXPERIENCE<\/span><\/strong><\/p>\n<p><strong>2022 \u2013 Present\u00a0: Associate professor,<\/strong> Polytech Lille \/ IEMN (Lille, France).<\/p>\n<p><strong>2021-2022\u00a0: Postdoctoral Fellow,<\/strong> French National Research Center CNRS, IEMN (Lille, France). Supervisors: St\u00e9phane Lenfant and Dominique Vuillaume.<\/p>\n<p><strong>2017-2021\u00a0: PhD student,<\/strong> The laboratory Interfaces Traitements Organisation et DYnamique des Syst\u00e8mes ITODYS (Paris, France). Photoactive molecular surfaces and junctions: organizations, functionalizations and characterizations by scanning tunneling microscopy (STM) and conductive atomic force microscopy (C-AFM). Supervisor: Jean Christophe Lacroix.<\/p>\n<hr \/>\n<p><strong><span style=\"color: #800000;\">EDUCATION<\/span><\/strong><\/p>\n<p><strong>2017-2021 :<\/strong> PhD, University of Paris \/ Nanosciences, Materials, Surfaces.<\/p>\n<p><strong>2016-2017 :<\/strong> MSc, University of Paris Saclay \/ Inorganic Chemistry \u2013 Molecules, Surfaces, and Nano-objects.<\/p>\n<p><strong>2012-2016 :<\/strong> Engineering degree, University of Tunis-El Manar \/ Analytical Chemistry and Instrumentation.<\/p>\n<hr \/>\n<p><strong><span style=\"color: #800000;\">DISTINCTIONS<\/span><\/strong><\/p>\n<ul>\n<li><strong>National\u00a0Prize :<\/strong> 2nd PhD thesis award \u00a0of\u00a0 Ren\u00e9 Dabard \u2013 ENSCR 2022.\u00a0Issued by \u00c9cole nationale sup\u00e9rieure de chimie de Rennes.<\/li>\n<li><strong>Regional\u00a0Prize :<\/strong> Best PhD thesis award 2022 in Inorganic, Mineral and Materials Chemistry of the SCF-IdF (Soci\u00e9t\u00e9 Chimique de France-\u00cele de France).<\/li>\n<li><strong>Scholarship<\/strong> to perform a research internship in France. Issued by the Ministry of Education and Scientific Research of Tunisia (March-June 2016).<\/li>\n<\/ul>\n<hr \/>\n<p><strong><span style=\"color: #800000;\">SCIENTIFIC PRODUCTION<\/span><\/strong><\/p>\n<p><strong>ORCID :<\/strong> <a href=\"https:\/\/orcid.org\/0000-0002-4468-5334\" target=\"_blank\" rel=\"noopener\">https:\/\/orcid.org\/0000-0002-4468-5334<\/a><br \/>\n<strong>GOOGLE SCHOLAR :<\/strong> <a href=\"https:\/\/scholar.google.com\/citations?user=R7_VtMYAAAAJ&amp;hl=fr\" target=\"_blank\" rel=\"noopener\">https:\/\/scholar.google.com\/citations?user=R7_VtMYAAAAJ&amp;hl=fr<\/a><\/p>\n<hr \/>\n<p><strong><span style=\"color: #800000;\">5 SELECTED PUBLICATIONS<\/span><\/strong><\/p>\n<p><strong><span style=\"color: #993300;\">5.<\/span> <\/strong>Visualization and Comprehension of Electronic and Topographic Contrasts on Cooperatively Switched Diarylethene-Bridged Ditopic Ligand.<br \/>\n<strong>I. Hnid,<\/strong> L. Guan, E. Chatir, S. Cobo, F. Lafolet, F. Maurel, J.-C. Lacroix, X. Sun. Nanomaterials. 12, 1318 (2022). <strong>DOI :<\/strong>\u00a0<a href=\"https:\/\/www.mdpi.com\/2079-4991\/12\/8\/1318\" target=\"_blank\" rel=\"noopener\">https:\/\/www.mdpi.com\/2079-4991\/12\/8\/1318<\/a><\/p>\n<p><strong><span style=\"color: #993300;\">4.<\/span> <\/strong>Unprecedented ON\/OFF Ratios in Photoactive Diarylethene-Bisthienylbenzene Molecular Junctions.<br \/>\n<strong>I. Hnid,<\/strong> M. Liu, D. Frath, S. Bellynck, F. Lafolet, X. Sun, J.-C. Lacroix. Nano Lett. 21, 18, 7555-7560 (2021). <strong>DOI<\/strong> <strong>: <\/strong><a href=\"https:\/\/doi.org\/10.1021\/acs.nanolett.1c01983\" target=\"_blank\" rel=\"noopener\">https:\/\/doi.org\/10.1021\/acs.nanolett.1c01983<\/a><\/p>\n<p><strong><span style=\"color: #993300;\">3.<\/span><\/strong> Combining photomodulation and rectification in coordination molecular wires based on dithienylethene molecular junctions.<br \/>\n<strong>I. Hnid,<\/strong> A. Grempka, A. Khettabi, X. Sun, J.-C. Lacroix, F. Lafolet, S. Cobo. J. Phys. Chem. C. 124, 48, 26304- 26309 (2020). <strong>DOI :<\/strong> <a href=\"https:\/\/doi.org\/10.1021\/acs.jpcc.0c08233\" target=\"_blank\" rel=\"noopener\">https:\/\/doi.org\/10.1021\/acs.jpcc.0c08233<\/a><\/p>\n<p><strong><span style=\"color: #993300;\">2.<\/span><\/strong> Highly efficient photoswitch in diarylethene-based molecular junctions.<br \/>\n<strong>I. Hnid,<\/strong> D. Frath, F. Lafolet, X. Sun, J.-C. Lacroix. J. Am. Chem. Soc. 142, 7732-7736 (2020). <strong>DOI :\u00a0<\/strong><a href=\"https:\/\/doi.org\/10.1021\/jacs.0c01213\" target=\"_blank\" rel=\"noopener\">https:\/\/doi.org\/10.1021\/jacs.0c01213<\/a><\/p>\n<p><strong><span style=\"color: #993300;\">1.<\/span><\/strong> Multi-functional switches of ditopic ligands with azobenzene central bridges at a molecular scale.<br \/>\n<strong>I. Hnid,<\/strong> D. Frath, F. Lafolet, X. Sun, J.-C. Lacroix. Nanoscale. 11, 23042-23048 (2019).<br \/>\n<strong>DOI :\u00a0<\/strong><a href=\"https:\/\/doi.org\/10.1039\/C9NR06350A\" target=\"_blank\" rel=\"noopener\">https:\/\/doi.org\/10.1039\/C9NR06350A<\/a><\/p>\n<\/div><\/section><\/div><\/p>","protected":false},"excerpt":{"rendered":"","protected":false},"author":23,"featured_media":0,"parent":24983,"menu_order":0,"comment_status":"closed","ping_status":"closed","template":"","meta":{"footnotes":""},"class_list":["post-68122","page","type-page","status-publish","hentry"],"_links":{"self":[{"href":"https:\/\/www.iemn.fr\/en\/wp-json\/wp\/v2\/pages\/68122","targetHints":{"allow":["GET"]}}],"collection":[{"href":"https:\/\/www.iemn.fr\/en\/wp-json\/wp\/v2\/pages"}],"about":[{"href":"https:\/\/www.iemn.fr\/en\/wp-json\/wp\/v2\/types\/page"}],"author":[{"embeddable":true,"href":"https:\/\/www.iemn.fr\/en\/wp-json\/wp\/v2\/users\/23"}],"replies":[{"embeddable":true,"href":"https:\/\/www.iemn.fr\/en\/wp-json\/wp\/v2\/comments?post=68122"}],"version-history":[{"count":0,"href":"https:\/\/www.iemn.fr\/en\/wp-json\/wp\/v2\/pages\/68122\/revisions"}],"up":[{"embeddable":true,"href":"https:\/\/www.iemn.fr\/en\/wp-json\/wp\/v2\/pages\/24983"}],"wp:attachment":[{"href":"https:\/\/www.iemn.fr\/en\/wp-json\/wp\/v2\/media?parent=68122"}],"curies":[{"name":"wp","href":"https:\/\/api.w.org\/{rel}","templated":true}]}}