{"id":67610,"date":"2024-07-04T14:54:42","date_gmt":"2024-07-04T12:54:42","guid":{"rendered":"https:\/\/www.iemn.fr\/?page_id=67610"},"modified":"2024-07-04T15:34:23","modified_gmt":"2024-07-04T13:34:23","slug":"msrc","status":"publish","type":"page","link":"https:\/\/www.iemn.fr\/en\/les_plateformes\/plateforme-de-caracterisation-multi-physique-pcmp\/compatibilite-electro-magnetique\/msrc","title":{"rendered":"Reverberation chamber with mode mixing"},"content":{"rendered":"<div class='flex_column_table av-lxys1z3v-5bc10ddc87ed3ed1f4fe00d94603f124 sc-av_one_fifth av-equal-height-column-flextable'>\n<style type=\"text\/css\" data-created_by=\"avia_inline_auto\" id=\"style-css-av-lxys1z3v-5bc10ddc87ed3ed1f4fe00d94603f124\">\n.flex_column.av-lxys1z3v-5bc10ddc87ed3ed1f4fe00d94603f124{\nborder-radius:0px 0px 0px 0px;\npadding:0px 0px 0px 0px;\n}\n<\/style>\n<div  class='flex_column av-lxys1z3v-5bc10ddc87ed3ed1f4fe00d94603f124 av_one_fifth  avia-builder-el-0  el_before_av_four_fifth  avia-builder-el-first  first flex_column_table_cell av-equal-height-column av-align-middle av-zero-column-padding'     ><\/div>\n<div class='av-flex-placeholder'><\/div><div  class='flex_column av-2mu02n9-a6569e5c675b925bae6ea1f9af75b8df av_four_fifth  avia-builder-el-1  el_after_av_one_fifth  el_before_av_one_fifth  flex_column_table_cell av-equal-height-column av-align-middle'     ><section  class='av_textblock_section av-lxyrtqey-67949009a2cc3266743bf3574d816fea'   itemscope=\"itemscope\" itemtype=\"https:\/\/schema.org\/CreativeWork\" ><div class='avia_textblock'  itemprop=\"text\" ><h3><strong>Reverberation chamber with mode mixing<\/strong><\/h3>\n<\/div><\/section><br \/>\n<section  class='av_textblock_section av-1w3p5l1-f0e82905def5c21cb7979c3343bf3beb'   itemscope=\"itemscope\" itemtype=\"https:\/\/schema.org\/CreativeWork\" ><div class='avia_textblock'  itemprop=\"text\" ><blockquote>\n<p>Contact: Pierre Laly<\/p>\n<\/blockquote>\n<\/div><\/section><br \/>\n<section  class='av_textblock_section av-ly7b3yc8-de9be7ffcfac79e1254c0c1ed1daf5e8'   itemscope=\"itemscope\" itemtype=\"https:\/\/schema.org\/CreativeWork\" ><div class='avia_textblock'  itemprop=\"text\" ><p>Contrairement \u00e0 la chambre an\u00e9cho\u00efque \u00e0 radiofr\u00e9quences (RFAC), la chambre r\u00e9verb\u00e9rante \u00e0 brassage de modes est un outil de mesure tr\u00e8s complexe \u00e0 facteur Q \u00e9lev\u00e9 destin\u00e9 \u00e0 simuler des environnements \u00e9lectromagn\u00e9tiques r\u00e9alistes tels que ceux rencontr\u00e9s par les appareils \u00e9lectroniques dans les grandes bo\u00eetes blind\u00e9es, les avions, les v\u00e9hicules automobiles, etc. Le CSEM consiste en une chambre \u00e9lectriquement grande avec des parois hautement conductrices. La fr\u00e9quence de travail la plus basse (LWF) d&rsquo;un CSEM est telle que sa longueur d&rsquo;onde est inf\u00e9rieure \u00e0 la plus petite dimension de la chambre. Uns chambre r\u00e9verb\u00e9rante \u00e0 brassage de modes est \u00e9quip\u00e9e d&rsquo;une palette m\u00e9tallique (l&rsquo;agitateur) qui peut \u00eatre d\u00e9plac\u00e9e au moyen d&rsquo;un moteur continu ou pas \u00e0 pas. Physiquement, cette chambre agit comme une cavit\u00e9 surdimensionn\u00e9e dans laquelle un grand nombre de modes r\u00e9sonnants peuvent \u00eatre excit\u00e9s autour de n&rsquo;importe quelle fr\u00e9quence sup\u00e9rieure \u00e0 la LWF. Ainsi, la rotation de l&rsquo;agitateur permet d&rsquo;obtenir diff\u00e9rentes conditions limites et, par cons\u00e9quent, de g\u00e9n\u00e9rer un environnement \u00e9lectromagn\u00e9tique complexe avec un champ distribu\u00e9 de mani\u00e8re al\u00e9atoire en termes d&rsquo;amplitude, de phase et de polarisation. Cependant, loin de la paroi (&gt;\uf06c\/4), les champs restent en moyenne statistiquement uniformes et isotropes dans la chambre. Par cons\u00e9quent, toutes les grandeurs physiques (par exemple, le champ E, la puissance, etc.) sont mesur\u00e9es en tant que valeurs moyennes d&rsquo;ensembles de donn\u00e9es collect\u00e9es lorsque l&rsquo;agitateur est en mouvement. Les propri\u00e9t\u00e9s d&rsquo;uniformit\u00e9 et d&rsquo;isotropie sont v\u00e9rifi\u00e9es par une proc\u00e9dure d&rsquo;\u00e9talonnage normalis\u00e9e bas\u00e9e sur l&rsquo;\u00e9cart-type (STD) des \u00e9chantillons de champ E acquis \u00e0 diff\u00e9rents endroits de la chambre. Gr\u00e2ce au facteur Q \u00e9lev\u00e9, il est possible d&rsquo;obtenir un niveau de champ \u00e9lev\u00e9 avec une faible puissance d&rsquo;entr\u00e9e. Pour assurer son fonctionnement, l&rsquo;instrumentation suivante est disponible : &#8211; Analyseur de spectre RS FSV30 (10 Hz -30 GHz) &#8211; VNA RS ZVA 24 (10 MHz -24 GHz) &#8211; G\u00e9n\u00e9rateur RF synth\u00e9tis\u00e9 (10 MHz -20 GHz, 10 dBm) &#8211; Antennes large bande ( 30MHz -18 GHz) : log-p\u00e9riodique, double cr\u00eate &#8211; Sonde de champ \u00e9lectrique large bande (100kHz &#8211; 6 GHz)<\/p>\n<p><em>\u00a0Avantages :<\/em><br \/>\n\u2013 \u00c9quipement peu co\u00fbteux par rapport au RFAC<br \/>\n\u2013 Environnement \u00e0 facteur Q (qualit\u00e9) \u00e9lev\u00e9 permettant un niveau \u00e9lev\u00e9 de champ E \u00e0 l\u2019int\u00e9rieur de la chambre avec un amplificateur de faible puissance.<br \/>\n\u2013 Faibles pertes d\u2019insertion par rapport \u00e0 l\u2019espace libre et au RFAC.<br \/>\n\u2013 Homog\u00e9n\u00e9it\u00e9 spatiale du champ dans le volume de travail<br \/>\n\u2013 Il n\u2019est pas n\u00e9cessaire de changer la polarisation des antennes et d\u2019utiliser une table tournante lors des essais CEM.<br \/>\n\u2013 Possibilit\u00e9 de mesurer la puissance isotrope totale rayonn\u00e9e par un \u00e9quipement.<\/p>\n<p><em>Inconv\u00e9nients, limites<\/em> :<br \/>\n\u2013 Perte de directivit\u00e9 des antennes,<br \/>\n\u2013 N\u00e9cessit\u00e9 de faire tourner l\u2019agitateur pendant toute mesure<\/p>\n<\/div><\/section><\/p><\/div><\/div><!--close column table wrapper. Autoclose: 1 -->\n<div class='flex_column_table av-ixw0qt-70db8d31c001934eea578022ffc9c4c8 sc-av_one_fifth av-equal-height-column-flextable'>\n<style type=\"text\/css\" data-created_by=\"avia_inline_auto\" id=\"style-css-av-ixw0qt-70db8d31c001934eea578022ffc9c4c8\">\n.flex_column.av-ixw0qt-70db8d31c001934eea578022ffc9c4c8{\nborder-radius:0px 0px 0px 0px;\npadding:0px 0px 0px 0px;\n}\n<\/style>\n<div  class='flex_column av-ixw0qt-70db8d31c001934eea578022ffc9c4c8 av_one_fifth  avia-builder-el-5  el_after_av_four_fifth  el_before_av_one_fourth  first flex_column_table_cell av-equal-height-column av-align-middle av-zero-column-padding'     ><\/div>\n<div class='av-flex-placeholder'><\/div>\n<style type=\"text\/css\" data-created_by=\"avia_inline_auto\" id=\"style-css-av-2wrlgk-e2117cc86dccc48796735220fe1685c8\">\n.flex_column.av-2wrlgk-e2117cc86dccc48796735220fe1685c8{\nborder-radius:0px 0px 0px 0px;\npadding:0px 0px 0px 0px;\n}\n<\/style>\n<div  class='flex_column av-2wrlgk-e2117cc86dccc48796735220fe1685c8 av_one_fourth  avia-builder-el-6  el_after_av_one_fifth  el_before_av_one_half  flex_column_table_cell av-equal-height-column av-align-middle av-zero-column-padding'     ><style type=\"text\/css\" data-created_by=\"avia_inline_auto\" id=\"style-css-av-ly7b5mf5-35ffeca6c2f6e8e22917a56a815e559f\">\n.avia-image-container.av-ly7b5mf5-35ffeca6c2f6e8e22917a56a815e559f img.avia_image{\nbox-shadow:none;\n}\n.avia-image-container.av-ly7b5mf5-35ffeca6c2f6e8e22917a56a815e559f .av-image-caption-overlay-center{\ncolor:#ffffff;\n}\n<\/style>\n<div  class='avia-image-container av-ly7b5mf5-35ffeca6c2f6e8e22917a56a815e559f av-styling- avia-align-center  avia-builder-el-7  avia-builder-el-no-sibling'   itemprop=\"image\" itemscope=\"itemscope\" itemtype=\"https:\/\/schema.org\/ImageObject\" ><div class=\"avia-image-container-inner\"><div class=\"avia-image-overlay-wrap\"><img decoding=\"async\" fetchpriority=\"high\" class='wp-image-67667 avia-img-lazy-loading-not-67667 avia_image' src=\"https:\/\/www.iemn.fr\/wp-content\/uploads\/2024\/07\/MSRC.png\" alt='' title='MSRC'  height=\"327\" width=\"845\"  itemprop=\"thumbnailUrl\" srcset=\"https:\/\/www.iemn.fr\/wp-content\/uploads\/2024\/07\/MSRC.png 845w, https:\/\/www.iemn.fr\/wp-content\/uploads\/2024\/07\/MSRC-300x116.png 300w, https:\/\/www.iemn.fr\/wp-content\/uploads\/2024\/07\/MSRC-768x297.png 768w, https:\/\/www.iemn.fr\/wp-content\/uploads\/2024\/07\/MSRC-18x7.png 18w, https:\/\/www.iemn.fr\/wp-content\/uploads\/2024\/07\/MSRC-705x273.png 705w\" sizes=\"(max-width: 845px) 100vw, 845px\" \/><\/div><\/div><\/div><\/div><div class='av-flex-placeholder'><\/div>\n<style type=\"text\/css\" data-created_by=\"avia_inline_auto\" id=\"style-css-av-h7m2v9-7e8441e87aa79bd63c645b8ef41f798c\">\n.flex_column.av-h7m2v9-7e8441e87aa79bd63c645b8ef41f798c{\nborder-radius:0px 0px 0px 0px;\npadding:0px 0px 0px 0px;\n}\n<\/style>\n<div  class='flex_column av-h7m2v9-7e8441e87aa79bd63c645b8ef41f798c av_one_half  avia-builder-el-8  el_after_av_one_fourth  avia-builder-el-last  flex_column_table_cell av-equal-height-column av-align-middle av-zero-column-padding'     ><p><section  class='av_textblock_section av-4jdrnyd-0277eac321def94e9237544ba7e6593f'   itemscope=\"itemscope\" itemtype=\"https:\/\/schema.org\/CreativeWork\" ><div class='avia_textblock'  itemprop=\"text\" ><\/div><\/section><br \/>\n\n<style type=\"text\/css\" data-created_by=\"avia_inline_auto\" id=\"style-css-av-3q8064l-94321b1ee340272d74a7f68bc375fbb8\">\n#top .av-special-heading.av-3q8064l-94321b1ee340272d74a7f68bc375fbb8{\npadding-bottom:20px;\n}\nbody .av-special-heading.av-3q8064l-94321b1ee340272d74a7f68bc375fbb8 .av-special-heading-tag .heading-char{\nfont-size:25px;\n}\n.av-special-heading.av-3q8064l-94321b1ee340272d74a7f68bc375fbb8 .av-subheading{\nfont-size:15px;\n}\n<\/style>\n<div  class='av-special-heading av-3q8064l-94321b1ee340272d74a7f68bc375fbb8 av-special-heading-h6  avia-builder-el-10  el_after_av_textblock  el_before_av_textblock'><h6 class='av-special-heading-tag'  itemprop=\"headline\"  >Deposits of organic thin films under vacuum are also proposed (parylene, pentacene,...).<\/h6><div class=\"special-heading-border\"><div class=\"special-heading-inner-border\"><\/div><\/div><\/div><br \/>\n<section  class='av_textblock_section av-365zsth-d082767e7b2dd6ac175f484114d3e42e'   itemscope=\"itemscope\" itemtype=\"https:\/\/schema.org\/CreativeWork\" ><div class='avia_textblock'  itemprop=\"text\" ><h6>Applications CEM \u2013 r\u00e9seau :<\/h6>\n<p>\u2013 Mesure des \u00e9missions rayonn\u00e9es et de la susceptibilit\u00e9 des \u00e9quipements \u00e9lectriques\/\u00e9lectroniques<br \/>\n\u2013 Caract\u00e9risation de l\u2019efficacit\u00e9 du blindage des mat\u00e9riaux plats, des c\u00e2bles blind\u00e9s et des connecteurs<\/p>\n<h6>Autres applications :<\/h6>\n<p>\u2013 Caract\u00e9risation de l\u2019efficacit\u00e9 du rayonnement des \u00e9tiquettes RFID (identification par radiofr\u00e9quence)<br \/>\n\u2013 Emulation du canal de propagation des t\u00e9l\u00e9communications par trajets multiples<br \/>\n\u2013 \u00c9mulation d\u2019un environnement diffus pour \u00e9valuer le taux d\u2019absorption sp\u00e9cifique du corps humain.<br \/>\nCompl\u00e9mentaire avec d\u2019autres techniques pr\u00e9sentes \u00e0 l\u2019IEMN : Pole SigmaCom, CHOP<\/p>\n<\/div><\/section><\/p><\/div><\/div><!--close column table wrapper. Autoclose: 1 --><\/p>","protected":false},"excerpt":{"rendered":"","protected":false},"author":12,"featured_media":0,"parent":19447,"menu_order":3,"comment_status":"closed","ping_status":"closed","template":"","meta":{"footnotes":""},"class_list":["post-67610","page","type-page","status-publish","hentry"],"_links":{"self":[{"href":"https:\/\/www.iemn.fr\/en\/wp-json\/wp\/v2\/pages\/67610","targetHints":{"allow":["GET"]}}],"collection":[{"href":"https:\/\/www.iemn.fr\/en\/wp-json\/wp\/v2\/pages"}],"about":[{"href":"https:\/\/www.iemn.fr\/en\/wp-json\/wp\/v2\/types\/page"}],"author":[{"embeddable":true,"href":"https:\/\/www.iemn.fr\/en\/wp-json\/wp\/v2\/users\/12"}],"replies":[{"embeddable":true,"href":"https:\/\/www.iemn.fr\/en\/wp-json\/wp\/v2\/comments?post=67610"}],"version-history":[{"count":0,"href":"https:\/\/www.iemn.fr\/en\/wp-json\/wp\/v2\/pages\/67610\/revisions"}],"up":[{"embeddable":true,"href":"https:\/\/www.iemn.fr\/en\/wp-json\/wp\/v2\/pages\/19447"}],"wp:attachment":[{"href":"https:\/\/www.iemn.fr\/en\/wp-json\/wp\/v2\/media?parent=67610"}],"curies":[{"name":"wp","href":"https:\/\/api.w.org\/{rel}","templated":true}]}}