{"id":66364,"date":"2024-06-25T15:21:14","date_gmt":"2024-06-25T13:21:14","guid":{"rendered":"https:\/\/www.iemn.fr\/?page_id=66364"},"modified":"2025-02-14T12:17:27","modified_gmt":"2025-02-14T10:17:27","slug":"actualites-du-groupe-puissance","status":"publish","type":"page","link":"https:\/\/www.iemn.fr\/en\/la-recherche\/les-groupes\/groupe-puissance\/actualites-du-groupe-puissance","title":{"rendered":"PUISSANCE Group news"},"content":{"rendered":"<div id='layer_slider_1'  class='avia-layerslider main_color avia-shadow  avia-builder-el-0  el_before_av_submenu  avia-builder-el-first  container_wrap sidebar_right'  style='height: 261px;'  ><div id=\"layerslider_44_1nwpc3orvxqmo\" data-ls-slug=\"homepageslider\" class=\"ls-wp-container fitvidsignore ls-selectable\" style=\"width:1140px;height:260px;margin:0 auto;margin-bottom: 0px;\"><div class=\"ls-slide\" data-ls=\"bgposition:50% 50%;duration:6000;transition2d:5;\"><img loading=\"lazy\" decoding=\"async\" width=\"2600\" height=\"270\" src=\"https:\/\/www.iemn.fr\/wp-content\/uploads\/2018\/10\/sliders_groupe_puissance1.jpg\" class=\"ls-bg\" alt=\"\" srcset=\"https:\/\/www.iemn.fr\/wp-content\/uploads\/2018\/10\/sliders_groupe_puissance1.jpg 2600w, https:\/\/www.iemn.fr\/wp-content\/uploads\/2018\/10\/sliders_groupe_puissance1-300x31.jpg 300w, https:\/\/www.iemn.fr\/wp-content\/uploads\/2018\/10\/sliders_groupe_puissance1-768x80.jpg 768w, https:\/\/www.iemn.fr\/wp-content\/uploads\/2018\/10\/sliders_groupe_puissance1-1030x107.jpg 1030w, https:\/\/www.iemn.fr\/wp-content\/uploads\/2018\/10\/sliders_groupe_puissance1-1500x156.jpg 1500w, https:\/\/www.iemn.fr\/wp-content\/uploads\/2018\/10\/sliders_groupe_puissance1-705x73.jpg 705w\" sizes=\"auto, (max-width: 2600px) 100vw, 2600px\" \/><ls-layer style=\"font-size:14px;text-align:left;font-style:normal;text-decoration:none;text-transform:none;font-weight:700;letter-spacing:0px;background-position:0% 0%;background-repeat:no-repeat;mix-blend-mode:normal;top:231px;left:0px;height:30px;width:360px;line-height:32px;color:#ffffff;border-radius:6px 6px 6px 6px;padding-left:50px;background-color:rgba(0, 0, 0, 0.57);\" class=\"ls-l ls-ib-icon ls-text-layer\" data-ls=\"minfontsize:0;minmobilefontsize:0;\"><i class=\"fa fa-user-circle\" style=\"color:#f2f2f2;margin-right:0.8em;font-size:1em;transform:translateY( -0.125em );\"><\/i>GROUPE DE RECHERCHE : PUISSANCE<\/ls-layer><\/div><div class=\"ls-slide\" data-ls=\"bgposition:50% 50%;duration:6000;transition2d:5;\"><img loading=\"lazy\" decoding=\"async\" width=\"2600\" height=\"270\" src=\"https:\/\/www.iemn.fr\/wp-content\/uploads\/2018\/10\/sliders_groupe_puissance2.jpg\" class=\"ls-bg\" alt=\"\" srcset=\"https:\/\/www.iemn.fr\/wp-content\/uploads\/2018\/10\/sliders_groupe_puissance2.jpg 2600w, https:\/\/www.iemn.fr\/wp-content\/uploads\/2018\/10\/sliders_groupe_puissance2-300x31.jpg 300w, https:\/\/www.iemn.fr\/wp-content\/uploads\/2018\/10\/sliders_groupe_puissance2-768x80.jpg 768w, https:\/\/www.iemn.fr\/wp-content\/uploads\/2018\/10\/sliders_groupe_puissance2-1030x107.jpg 1030w, https:\/\/www.iemn.fr\/wp-content\/uploads\/2018\/10\/sliders_groupe_puissance2-1500x156.jpg 1500w, https:\/\/www.iemn.fr\/wp-content\/uploads\/2018\/10\/sliders_groupe_puissance2-705x73.jpg 705w\" sizes=\"auto, (max-width: 2600px) 100vw, 2600px\" \/><ls-layer style=\"font-size:14px;text-align:left;font-style:normal;text-decoration:none;text-transform:none;font-weight:700;letter-spacing:0px;background-position:0% 0%;background-repeat:no-repeat;mix-blend-mode:normal;top:231px;left:0px;height:30px;width:360px;line-height:32px;color:#ffffff;border-radius:6px 6px 6px 6px;padding-left:50px;background-color:rgba(0, 0, 0, 0.57);\" class=\"ls-l ls-ib-icon ls-text-layer\" data-ls=\"minfontsize:0;minmobilefontsize:0;\"><i class=\"fa fa-user-circle\" style=\"color:#f2f2f2;margin-right:0.8em;font-size:1em;transform:translateY( -0.125em );\"><\/i>GROUPE DE RECHERCHE : PUISSANCE<\/ls-layer><\/div><div class=\"ls-slide\" data-ls=\"bgposition:50% 50%;duration:6000;transition2d:5;\"><img loading=\"lazy\" decoding=\"async\" width=\"2600\" height=\"270\" src=\"https:\/\/www.iemn.fr\/wp-content\/uploads\/2018\/10\/sliders_groupe_puissance3.jpg\" class=\"ls-bg\" alt=\"\" srcset=\"https:\/\/www.iemn.fr\/wp-content\/uploads\/2018\/10\/sliders_groupe_puissance3.jpg 2600w, https:\/\/www.iemn.fr\/wp-content\/uploads\/2018\/10\/sliders_groupe_puissance3-300x31.jpg 300w, https:\/\/www.iemn.fr\/wp-content\/uploads\/2018\/10\/sliders_groupe_puissance3-768x80.jpg 768w, https:\/\/www.iemn.fr\/wp-content\/uploads\/2018\/10\/sliders_groupe_puissance3-1030x107.jpg 1030w, https:\/\/www.iemn.fr\/wp-content\/uploads\/2018\/10\/sliders_groupe_puissance3-1500x156.jpg 1500w, https:\/\/www.iemn.fr\/wp-content\/uploads\/2018\/10\/sliders_groupe_puissance3-705x73.jpg 705w\" sizes=\"auto, (max-width: 2600px) 100vw, 2600px\" \/><ls-layer style=\"font-size:14px;text-align:left;font-style:normal;text-decoration:none;text-transform:none;font-weight:700;letter-spacing:0px;background-position:0% 0%;background-repeat:no-repeat;mix-blend-mode:normal;top:231px;left:0px;height:30px;width:360px;line-height:32px;color:#ffffff;border-radius:6px 6px 6px 6px;padding-left:50px;background-color:rgba(0, 0, 0, 0.57);\" class=\"ls-l ls-ib-icon ls-text-layer\" data-ls=\"minfontsize:0;minmobilefontsize:0;\"><i class=\"fa fa-user-circle\" style=\"color:#f2f2f2;margin-right:0.8em;font-size:1em;transform:translateY( -0.125em );\"><\/i>GROUPE DE RECHERCHE : PUISSANCE<\/ls-layer><\/div><div class=\"ls-slide\" data-ls=\"bgposition:50% 50%;duration:6000;transition2d:5;\"><img loading=\"lazy\" decoding=\"async\" width=\"2600\" height=\"270\" src=\"https:\/\/www.iemn.fr\/wp-content\/uploads\/2018\/12\/sliders_groupe_puissance_v4.jpg\" class=\"ls-bg\" alt=\"\" srcset=\"https:\/\/www.iemn.fr\/wp-content\/uploads\/2018\/12\/sliders_groupe_puissance_v4.jpg 2600w, https:\/\/www.iemn.fr\/wp-content\/uploads\/2018\/12\/sliders_groupe_puissance_v4-300x31.jpg 300w, https:\/\/www.iemn.fr\/wp-content\/uploads\/2018\/12\/sliders_groupe_puissance_v4-768x80.jpg 768w, https:\/\/www.iemn.fr\/wp-content\/uploads\/2018\/12\/sliders_groupe_puissance_v4-1030x107.jpg 1030w, https:\/\/www.iemn.fr\/wp-content\/uploads\/2018\/12\/sliders_groupe_puissance_v4-1500x156.jpg 1500w, https:\/\/www.iemn.fr\/wp-content\/uploads\/2018\/12\/sliders_groupe_puissance_v4-705x73.jpg 705w\" sizes=\"auto, (max-width: 2600px) 100vw, 2600px\" \/><ls-layer style=\"font-size:14px;text-align:left;font-style:normal;text-decoration:none;text-transform:none;font-weight:700;letter-spacing:0px;background-position:0% 0%;background-repeat:no-repeat;mix-blend-mode:normal;top:231px;left:0px;height:30px;width:360px;line-height:32px;color:#ffffff;border-radius:6px 6px 6px 6px;padding-left:50px;background-color:rgba(0, 0, 0, 0.57);\" class=\"ls-l ls-ib-icon ls-text-layer\" data-ls=\"minfontsize:0;minmobilefontsize:0;\"><i class=\"fa fa-user-circle\" style=\"color:#f2f2f2;margin-right:0.8em;font-size:1em;transform:translateY( -0.125em );\"><\/i>GROUPE DE RECHERCHE : PUISSANCE<\/ls-layer><\/div><\/div><\/div>\n<div class='clear'><\/div><div id='sub_menu1'  class='av-submenu-container av-2g804l8-680aae5a8543ec9eeb634a4d42a08d69 header_color  avia-builder-el-1  el_after_av_layerslider  el_before_av_one_full  av-sticky-submenu submenu-not-first container_wrap sidebar_right' style='z-index:301' ><div class='container av-menu-mobile-disabled av-submenu-pos-center'><ul id='av-custom-submenu-1' class='av-subnav-menu' role='menu'>\n<li class='menu-item av-24j4t24-0c8376a575bc106981b42c545a9ae1e9 menu-item-top-level menu-item-top-level-1' role='menuitem'><a href='https:\/\/www.iemn.fr\/en\/la-recherche\/les-groupes\/groupe-puissance'  ><span class='avia-bullet'><\/span><span class='avia-menu-text'>Introduction<\/span><\/a><\/li>\n<li class='menu-item av-1h1iukc-60829dc9bb8ba19ab2fa92d942a6fe45 menu-item-top-level menu-item-top-level-2' role='menuitem'><a href='https:\/\/www.iemn.fr\/en\/la-recherche\/les-groupes\/groupe-puissance\/members'  ><span class='avia-bullet'><\/span><span class='avia-menu-text'>Members<\/span><\/a><\/li>\n<li class='menu-item av-10l2eho-7390d4e7e33dc8c5d42f494dc833470d menu-item-top-level menu-item-top-level-3' role='menuitem'><a href='https:\/\/www.iemn.fr\/en\/la-recherche\/les-groupes\/groupe-puissance\/research'  ><span class='avia-bullet'><\/span><span class='avia-menu-text'>Research Highlights<\/span><\/a><\/li>\n<li class='menu-item av-wbtfdo-e0e93e7537f88cb3288519cab3f17476 menu-item-top-level menu-item-top-level-4' role='menuitem'><a href='https:\/\/www.iemn.fr\/en\/la-recherche\/les-groupes\/groupe-puissance\/projets-europeens-internationaux-pia-anr'  ><span class='avia-bullet'><\/span><span class='avia-menu-text'>European \/ international \/ PIA \/ ANR projects<\/span><\/a><\/li>\n<li class='menu-item av-lxug733a-1e434c89dd8e0c32e539d6c8811a82d4 menu-item-top-level menu-item-top-level-5' role='menuitem'><a href='https:\/\/www.iemn.fr\/en\/la-recherche\/les-groupes\/groupe-puissance\/actualites-du-groupe-puissance'  ><span class='avia-bullet'><\/span><span class='avia-menu-text'>News<\/span><\/a><\/li>\n<\/ul><\/div><\/div><div class='sticky_placeholder'><\/div><div id='after_submenu_1'  class='main_color av_default_container_wrap container_wrap sidebar_right'  ><div class='container av-section-cont-open' ><div class='template-page content  av-content-small alpha units'><div class='post-entry post-entry-type-page post-entry-66364'><div class='entry-content-wrapper clearfix'>\n<div  class='flex_column av-obprr0-1c3e78126b0e65bc6d3efd06158da664 av_one_full  avia-builder-el-2  el_after_av_submenu  el_before_av_one_half  avia-builder-el-first  first flex_column_div'     ><section  class='av_textblock_section av-m2uajui8-6626760355b50ac115967f7152dc8655'   itemscope=\"itemscope\" itemtype=\"https:\/\/schema.org\/CreativeWork\" ><div class='avia_textblock'  itemprop=\"text\" ><h3>AAP interne IEMN 2025 &#8211; projet retenu<\/h3>\n<h3><strong>Impact des conditions de passivation sur les propri\u00e9t\u00e9s \u00e9lectroniques des composants sur mat\u00e9riaux grand-gap (WBG) et ultra grand-gap\u00a0(UWBG)<\/strong><\/h3>\n<p><strong>\u00a0<\/strong><\/p>\n<p><strong><u>Porteurs du projet, participants : <\/u><\/strong><\/p>\n<p>Port\u00e9 par les <strong>Flagship MATERIAUX<\/strong> and <strong>ENERGY<\/strong> et plus particuli\u00e8rement par\u00a0:<\/p>\n<p><u>Porteurs du projet<\/u>\u00a0: <strong>C. MONCASILUQUE (CMNF) et M. ABOU DAHER (ANODE)<\/strong><\/p>\n<p><u>Chercheurs impliqu\u00e9s<\/u><strong>\u00a0: <\/strong><strong>M. LESECQ (PUISSANCE), Z. BOUGRIOUA (PUISSANCE), M. ZAKNOUNE (ANODE)<\/strong><\/p>\n<p>L\u2019objectif de ce projet est de traiter diff\u00e9rents aspects des proc\u00e9d\u00e9s de passivation des dispositifs sur WBG (diodes Schottky) et UWBG (diodes de puissance) avec le nouvel \u00e9quipement PECVD de l\u2019IEMN. Une attention particuli\u00e8re sera port\u00e9e sur les conditions dans lesquelles les passivations seront r\u00e9alis\u00e9es. L\u2019\u00e9tude de la passivation ne se r\u00e9duira donc pas \u00e0 un simple d\u00e9p\u00f4t de couche mince de nitrure ou d\u2019oxyde de silicium dans le but d\u2019isoler les dispositifs et de les prot\u00e9ger de l\u2019environnement ext\u00e9rieur (humidit\u00e9, oxyg\u00e8ne, impuret\u00e9s, &#8230;). L\u2019\u00e9tape de passivation ainsi que la pr\u00e9paration des surfaces et les conditions du proc\u00e9d\u00e9 peuvent affecter significativement les performances des dispositifs et leur fiabilit\u00e9.<\/p>\n<\/div><\/section><\/div><div  class='flex_column av-lxx970sg-c7adce701d5d2fe7ab13a73e47f4fb45 av_one_half  avia-builder-el-4  el_after_av_one_full  el_before_av_one_half  first flex_column_div  column-top-margin'     ><section  class='av_textblock_section av-lxx98073-7619442f151685258187853dd2990261'   itemscope=\"itemscope\" itemtype=\"https:\/\/schema.org\/CreativeWork\" ><div class='avia_textblock'  itemprop=\"text\" ><h3><a href=\"https:\/\/www.iemn.fr\/wp-content\/uploads\/2024\/06\/Technique-de-lingenieur-Logo.jpg\"><img loading=\"lazy\" decoding=\"async\" class=\"wp-image-66793 alignleft\" src=\"https:\/\/www.iemn.fr\/wp-content\/uploads\/2024\/06\/Technique-de-lingenieur-Logo.jpg\" alt=\"\" width=\"93\" height=\"76\" srcset=\"https:\/\/www.iemn.fr\/wp-content\/uploads\/2024\/06\/Technique-de-lingenieur-Logo.jpg 254w, https:\/\/www.iemn.fr\/wp-content\/uploads\/2024\/06\/Technique-de-lingenieur-Logo-15x12.jpg 15w\" sizes=\"auto, (max-width: 93px) 100vw, 93px\" \/><\/a>Dispositifs HEMT \u00e0 base de GaN \u2013 Mat\u00e9riaux et \u00e9pitaxie<\/h3>\n<h4>par Jean-Claude DE JAEGER<\/h4>\n<h5>Mars 2024<\/h5>\n<p><a href=\"https:\/\/www.techniques-ingenieur.fr\/base-documentaire\/materiaux-th11\/materiaux-a-proprietes-electriques-et-optiques-42375210\/dispositifs-hemt-a-base-de-gan-e1995\/\">Dispositifs HEMT \u00e0 base de GaN \u2013 Mat\u00e9riaux et \u00e9pitaxie : Dossier complet | Techniques de l\u2019Ing\u00e9nieur (techniques-ingenieur.fr)<\/a><\/p>\n<\/div><\/section><\/div><div  class='flex_column av-22zw9o-2b2c07cab466ebf30652517a646b1c3c av_one_half  avia-builder-el-6  el_after_av_one_half  el_before_av_textblock  flex_column_div  column-top-margin'     ><section  class='av_textblock_section av-m0mcpctu-e309a4b82abd92ecbb54255164da7f24'   itemscope=\"itemscope\" itemtype=\"https:\/\/schema.org\/CreativeWork\" ><div class='avia_textblock'  itemprop=\"text\" ><h3><a href=\"https:\/\/www.iemn.fr\/wp-content\/uploads\/2024\/06\/Technique-de-lingenieur-Logo.jpg\"><img loading=\"lazy\" decoding=\"async\" class=\"wp-image-66793 alignleft\" src=\"https:\/\/www.iemn.fr\/wp-content\/uploads\/2024\/06\/Technique-de-lingenieur-Logo.jpg\" alt=\"\" width=\"93\" height=\"76\" srcset=\"https:\/\/www.iemn.fr\/wp-content\/uploads\/2024\/06\/Technique-de-lingenieur-Logo.jpg 254w, https:\/\/www.iemn.fr\/wp-content\/uploads\/2024\/06\/Technique-de-lingenieur-Logo-15x12.jpg 15w\" sizes=\"auto, (max-width: 93px) 100vw, 93px\" \/><\/a>GaN-based HEMT devices - Technology and characterisation<\/h3>\n<h4>par Jean-Claude DE JAEGER<\/h4>\n<h5>July 2024<\/h5>\n<p><a href=\"https:\/\/www.techniques-ingenieur.fr\/base-documentaire\/electronique-photonique-th13\/microelectronique-dispositifs-technologies-et-circuits-42286210\/dispositifs-hemt-a-base-de-gan-e1996\/\">https:\/\/www.techniques-ingenieur.fr\/base-documentaire\/electronique-photonique-th13\/microelectronique-dispositifs-technologies-et-circuits-42286210\/dispositifs-hemt-a-base-de-gan-e1996\/<\/a><\/p>\n<\/div><\/section><\/div><\/p>\n<section  class='av_textblock_section av-39ze58-9a52bedf0165619003ed2d795384902f'   itemscope=\"itemscope\" itemtype=\"https:\/\/schema.org\/CreativeWork\" ><div class='avia_textblock'  itemprop=\"text\" ><p>dfhfghfhjhjgjghj<\/p>\n<\/div><\/section>","protected":false},"excerpt":{"rendered":"","protected":false},"author":2,"featured_media":0,"parent":25722,"menu_order":0,"comment_status":"closed","ping_status":"closed","template":"","meta":{"footnotes":""},"class_list":["post-66364","page","type-page","status-publish","hentry"],"_links":{"self":[{"href":"https:\/\/www.iemn.fr\/en\/wp-json\/wp\/v2\/pages\/66364","targetHints":{"allow":["GET"]}}],"collection":[{"href":"https:\/\/www.iemn.fr\/en\/wp-json\/wp\/v2\/pages"}],"about":[{"href":"https:\/\/www.iemn.fr\/en\/wp-json\/wp\/v2\/types\/page"}],"author":[{"embeddable":true,"href":"https:\/\/www.iemn.fr\/en\/wp-json\/wp\/v2\/users\/2"}],"replies":[{"embeddable":true,"href":"https:\/\/www.iemn.fr\/en\/wp-json\/wp\/v2\/comments?post=66364"}],"version-history":[{"count":0,"href":"https:\/\/www.iemn.fr\/en\/wp-json\/wp\/v2\/pages\/66364\/revisions"}],"up":[{"embeddable":true,"href":"https:\/\/www.iemn.fr\/en\/wp-json\/wp\/v2\/pages\/25722"}],"wp:attachment":[{"href":"https:\/\/www.iemn.fr\/en\/wp-json\/wp\/v2\/media?parent=66364"}],"curies":[{"name":"wp","href":"https:\/\/api.w.org\/{rel}","templated":true}]}}