{"id":65304,"date":"2024-06-17T15:41:37","date_gmt":"2024-06-17T13:41:37","guid":{"rendered":"https:\/\/www.iemn.fr\/?page_id=65304"},"modified":"2024-06-24T20:54:02","modified_gmt":"2024-06-24T18:54:02","slug":"traitements-thermiques","status":"publish","type":"page","link":"https:\/\/www.iemn.fr\/en\/les_plateformes\/cmnf\/depots-couches-minces\/traitements-thermiques","title":{"rendered":"Heat tratments"},"content":{"rendered":"<div id='layer_slider_1'  class='avia-layerslider main_color avia-shadow  avia-builder-el-0  el_before_av_one_full  avia-builder-el-first  container_wrap sidebar_right'  style='height: 261px;'  ><div id=\"layerslider_26_1svw79o8brn6n\" data-ls-slug=\"homepageslider\" class=\"ls-wp-container fitvidsignore ls-selectable\" style=\"width:1140px;height:260px;margin:0 auto;margin-bottom: 0px;\"><div class=\"ls-slide\" data-ls=\"duration:6000;transition2d:5;\"><img loading=\"lazy\" decoding=\"async\" width=\"2600\" height=\"270\" src=\"https:\/\/www.iemn.fr\/wp-content\/uploads\/2018\/06\/Slider_CMNF1.jpg\" class=\"ls-bg\" alt=\"\" srcset=\"https:\/\/www.iemn.fr\/wp-content\/uploads\/2018\/06\/Slider_CMNF1.jpg 2600w, https:\/\/www.iemn.fr\/wp-content\/uploads\/2018\/06\/Slider_CMNF1-300x31.jpg 300w, https:\/\/www.iemn.fr\/wp-content\/uploads\/2018\/06\/Slider_CMNF1-768x80.jpg 768w, https:\/\/www.iemn.fr\/wp-content\/uploads\/2018\/06\/Slider_CMNF1-1030x107.jpg 1030w, https:\/\/www.iemn.fr\/wp-content\/uploads\/2018\/06\/Slider_CMNF1-1500x156.jpg 1500w, https:\/\/www.iemn.fr\/wp-content\/uploads\/2018\/06\/Slider_CMNF1-705x73.jpg 705w\" sizes=\"auto, (max-width: 2600px) 100vw, 2600px\" \/><ls-layer style=\"font-size:14px;text-align:left;font-style:normal;text-decoration:none;text-transform:none;font-weight:700;letter-spacing:0px;background-position:0% 0%;background-repeat:no-repeat;mix-blend-mode:normal;top:231px;left:0px;height:30px;width:500px;line-height:32px;color:#ffffff;border-radius:6px 6px 6px 6px;padding-left:50px;background-color:rgba(0, 0, 0, 0.57);\" class=\"ls-l ls-ib-icon ls-text-layer\" data-ls=\"minfontsize:0;minmobilefontsize:0;\"><i class=\"fa fa-user-circle\" style=\"color:#f2f2f2;margin-right:0.8em;font-size:1em;transform:translateY( -0.125em );\"><\/i>PLATEFORME : CENTRALE DE MICRO NANO FABRICATION<\/ls-layer><\/div><div class=\"ls-slide\" data-ls=\"duration:4000;transition2d:5;\"><img loading=\"lazy\" decoding=\"async\" width=\"2600\" height=\"270\" src=\"https:\/\/www.iemn.fr\/wp-content\/uploads\/2018\/06\/Slider_CMNF2.jpg\" class=\"ls-bg\" alt=\"\" srcset=\"https:\/\/www.iemn.fr\/wp-content\/uploads\/2018\/06\/Slider_CMNF2.jpg 2600w, https:\/\/www.iemn.fr\/wp-content\/uploads\/2018\/06\/Slider_CMNF2-300x31.jpg 300w, https:\/\/www.iemn.fr\/wp-content\/uploads\/2018\/06\/Slider_CMNF2-768x80.jpg 768w, https:\/\/www.iemn.fr\/wp-content\/uploads\/2018\/06\/Slider_CMNF2-1030x107.jpg 1030w, https:\/\/www.iemn.fr\/wp-content\/uploads\/2018\/06\/Slider_CMNF2-1500x156.jpg 1500w, https:\/\/www.iemn.fr\/wp-content\/uploads\/2018\/06\/Slider_CMNF2-705x73.jpg 705w\" sizes=\"auto, (max-width: 2600px) 100vw, 2600px\" \/><ls-layer style=\"font-size:14px;text-align:left;font-style:normal;text-decoration:none;text-transform:none;font-weight:700;letter-spacing:0px;background-position:0% 0%;background-repeat:no-repeat;mix-blend-mode:normal;top:231px;left:0px;height:30px;width:500px;line-height:32px;color:#ffffff;border-radius:6px 6px 6px 6px;padding-left:50px;background-color:rgba(0, 0, 0, 0.57);\" class=\"ls-l ls-ib-icon ls-text-layer\" data-ls=\"minfontsize:0;minmobilefontsize:0;\"><i class=\"fa fa-user-circle\" style=\"color:#f2f2f2;margin-right:0.8em;font-size:1em;transform:translateY( -0.125em );\"><\/i>PLATEFORME : CENTRALE DE MICRO NANO FABRICATION<\/ls-layer><\/div><div class=\"ls-slide\" data-ls=\"duration:4000;transition2d:5;\"><img loading=\"lazy\" decoding=\"async\" width=\"2600\" height=\"270\" src=\"https:\/\/www.iemn.fr\/wp-content\/uploads\/2018\/06\/Slider_CMNF3-1.jpg\" class=\"ls-bg\" alt=\"\" srcset=\"https:\/\/www.iemn.fr\/wp-content\/uploads\/2018\/06\/Slider_CMNF3-1.jpg 2600w, https:\/\/www.iemn.fr\/wp-content\/uploads\/2018\/06\/Slider_CMNF3-1-300x31.jpg 300w, https:\/\/www.iemn.fr\/wp-content\/uploads\/2018\/06\/Slider_CMNF3-1-768x80.jpg 768w, https:\/\/www.iemn.fr\/wp-content\/uploads\/2018\/06\/Slider_CMNF3-1-1030x107.jpg 1030w, https:\/\/www.iemn.fr\/wp-content\/uploads\/2018\/06\/Slider_CMNF3-1-1500x156.jpg 1500w, https:\/\/www.iemn.fr\/wp-content\/uploads\/2018\/06\/Slider_CMNF3-1-705x73.jpg 705w\" sizes=\"auto, (max-width: 2600px) 100vw, 2600px\" \/><ls-layer style=\"font-size:14px;text-align:left;font-style:normal;text-decoration:none;text-transform:none;font-weight:700;letter-spacing:0px;background-position:0% 0%;background-repeat:no-repeat;mix-blend-mode:normal;top:231px;left:0px;height:30px;width:500px;line-height:32px;color:#ffffff;border-radius:6px 6px 6px 6px;padding-left:50px;background-color:rgba(0, 0, 0, 0.57);\" class=\"ls-l ls-ib-icon ls-text-layer\" data-ls=\"minfontsize:0;minmobilefontsize:0;\"><i class=\"fa fa-user-circle\" style=\"color:#f2f2f2;margin-right:0.8em;font-size:1em;transform:translateY( -0.125em );\"><\/i>PLATEFORME : CENTRALE DE MICRO NANO FABRICATION<\/ls-layer><\/div><div class=\"ls-slide\" data-ls=\"duration:4000;transition2d:5;\"><img loading=\"lazy\" decoding=\"async\" width=\"2600\" height=\"270\" src=\"https:\/\/www.iemn.fr\/wp-content\/uploads\/2018\/06\/Slider_CMNF4.jpg\" class=\"ls-bg\" alt=\"\" srcset=\"https:\/\/www.iemn.fr\/wp-content\/uploads\/2018\/06\/Slider_CMNF4.jpg 2600w, https:\/\/www.iemn.fr\/wp-content\/uploads\/2018\/06\/Slider_CMNF4-300x31.jpg 300w, https:\/\/www.iemn.fr\/wp-content\/uploads\/2018\/06\/Slider_CMNF4-768x80.jpg 768w, https:\/\/www.iemn.fr\/wp-content\/uploads\/2018\/06\/Slider_CMNF4-1030x107.jpg 1030w, https:\/\/www.iemn.fr\/wp-content\/uploads\/2018\/06\/Slider_CMNF4-1500x156.jpg 1500w, https:\/\/www.iemn.fr\/wp-content\/uploads\/2018\/06\/Slider_CMNF4-705x73.jpg 705w\" sizes=\"auto, (max-width: 2600px) 100vw, 2600px\" \/><ls-layer style=\"font-size:14px;text-align:left;font-style:normal;text-decoration:none;text-transform:none;font-weight:700;letter-spacing:0px;background-position:0% 0%;background-repeat:no-repeat;mix-blend-mode:normal;top:231px;left:0px;height:30px;width:500px;line-height:32px;color:#ffffff;border-radius:6px 6px 6px 6px;padding-left:50px;background-color:rgba(0, 0, 0, 0.57);\" class=\"ls-l ls-ib-icon ls-text-layer\" data-ls=\"minfontsize:0;minmobilefontsize:0;\"><i class=\"fa fa-user-circle\" style=\"color:#f2f2f2;margin-right:0.8em;font-size:1em;transform:translateY( -0.125em );\"><\/i>PLATEFORME : CENTRALE DE MICRO NANO FABRICATION<\/ls-layer><\/div><\/div><\/div><div id='after_layer_slider_1'  class='main_color av_default_container_wrap container_wrap sidebar_right'  ><div class='container av-section-cont-open' ><div class='template-page content  av-content-small alpha units'><div class='post-entry post-entry-type-page post-entry-65304'><div class='entry-content-wrapper clearfix'>\n<div  class='flex_column av-qtqhlk-2a882b9af1bec788ad240fcc8a61a921 av_one_full  avia-builder-el-1  el_after_av_layerslider  el_before_av_one_fourth  avia-builder-el-first  first flex_column_div'     ><p>\n<style type=\"text\/css\" data-created_by=\"avia_inline_auto\" id=\"style-css-av-l0uv0k9u-605b100ddb60165f709e5fa82f11d56b\">\n#top .av-special-heading.av-l0uv0k9u-605b100ddb60165f709e5fa82f11d56b{\npadding-bottom:10px;\n}\nbody .av-special-heading.av-l0uv0k9u-605b100ddb60165f709e5fa82f11d56b .av-special-heading-tag .heading-char{\nfont-size:25px;\n}\n.av-special-heading.av-l0uv0k9u-605b100ddb60165f709e5fa82f11d56b .av-subheading{\nfont-size:15px;\n}\n<\/style>\n<div  class='av-special-heading av-l0uv0k9u-605b100ddb60165f709e5fa82f11d56b av-special-heading-h3  avia-builder-el-2  el_before_av_textblock  avia-builder-el-first'><h3 class='av-special-heading-tag'  itemprop=\"headline\"  >Heat tratments<\/h3><div class=\"special-heading-border\"><div class=\"special-heading-inner-border\"><\/div><\/div><\/div><br \/>\n<section  class='av_textblock_section av-lxj1rrvq-3438dc57689c5d82e2d89418e023111e'   itemscope=\"itemscope\" itemtype=\"https:\/\/schema.org\/CreativeWork\" ><div class='avia_textblock'  itemprop=\"text\" ><blockquote>\n<h4>Contact: Marc Dewitte<\/h4>\n<\/blockquote>\n<\/div><\/section><\/p><\/div><div class='flex_column_table av-ro1gag-be20ef79731d40b0a1809f200dfe7067 sc-av_one_fourth av-equal-height-column-flextable'>\n<style type=\"text\/css\" data-created_by=\"avia_inline_auto\" id=\"style-css-av-ro1gag-be20ef79731d40b0a1809f200dfe7067\">\n#top .flex_column_table.av-equal-height-column-flextable.av-ro1gag-be20ef79731d40b0a1809f200dfe7067{\nmargin-top:0px;\nmargin-bottom:0px;\n}\n.flex_column.av-ro1gag-be20ef79731d40b0a1809f200dfe7067{\nwidth:22%;\nmargin-left:0;\n}\n#top .flex_column_table.av-equal-height-column-flextable.av-ro1gag-be20ef79731d40b0a1809f200dfe7067 .av-flex-placeholder{\nwidth:4%;\n}\n<\/style>\n<div  class='flex_column av-ro1gag-be20ef79731d40b0a1809f200dfe7067 av_one_fourth  avia-builder-el-4  el_after_av_one_full  el_before_av_one_half  first flex_column_table_cell av-equal-height-column av-align-middle  column-top-margin'     ><style type=\"text\/css\" data-created_by=\"avia_inline_auto\" id=\"style-css-av-lxj1o60s-d6fe14ed01cce400e9f2db4797fe8d25\">\n.avia-image-container.av-lxj1o60s-d6fe14ed01cce400e9f2db4797fe8d25 img.avia_image{\nbox-shadow:none;\n}\n.avia-image-container.av-lxj1o60s-d6fe14ed01cce400e9f2db4797fe8d25 .av-image-caption-overlay-center{\ncolor:#ffffff;\n}\n<\/style>\n<div  class='avia-image-container av-lxj1o60s-d6fe14ed01cce400e9f2db4797fe8d25 av-styling- avia-align-center  avia-builder-el-5  avia-builder-el-no-sibling'   itemprop=\"image\" itemscope=\"itemscope\" itemtype=\"https:\/\/schema.org\/ImageObject\" ><div class=\"avia-image-container-inner\"><div class=\"avia-image-overlay-wrap\"><img decoding=\"async\" fetchpriority=\"high\" class='wp-image-65288 avia-img-lazy-loading-not-65288 avia_image' src=\"https:\/\/www.iemn.fr\/wp-content\/uploads\/2024\/06\/RTA-300x197.jpg\" alt='' title='RTA'  height=\"197\" width=\"300\"  itemprop=\"thumbnailUrl\" srcset=\"https:\/\/www.iemn.fr\/wp-content\/uploads\/2024\/06\/RTA-300x197.jpg 300w, https:\/\/www.iemn.fr\/wp-content\/uploads\/2024\/06\/RTA-1030x676.jpg 1030w, https:\/\/www.iemn.fr\/wp-content\/uploads\/2024\/06\/RTA-768x504.jpg 768w, https:\/\/www.iemn.fr\/wp-content\/uploads\/2024\/06\/RTA-1536x1007.jpg 1536w, https:\/\/www.iemn.fr\/wp-content\/uploads\/2024\/06\/RTA-2048x1343.jpg 2048w, https:\/\/www.iemn.fr\/wp-content\/uploads\/2024\/06\/RTA-18x12.jpg 18w, https:\/\/www.iemn.fr\/wp-content\/uploads\/2024\/06\/RTA-1500x984.jpg 1500w, https:\/\/www.iemn.fr\/wp-content\/uploads\/2024\/06\/RTA-705x462.jpg 705w\" sizes=\"(max-width: 300px) 100vw, 300px\" \/><\/div><\/div><\/div><\/div><div class='av-flex-placeholder'><\/div>\n<style type=\"text\/css\" data-created_by=\"avia_inline_auto\" id=\"style-css-av-cnacxww-2-b77be96f1dd29ecce40e34b4bb758d92\">\n#top .flex_column_table.av-equal-height-column-flextable.av-cnacxww-2-b77be96f1dd29ecce40e34b4bb758d92{\nmargin-top:0px;\nmargin-bottom:0px;\n}\n.flex_column.av-cnacxww-2-b77be96f1dd29ecce40e34b4bb758d92{\nwidth:48%;\nmargin-left:0;\nborder-radius:0px 0px 0px 0px;\npadding:0px 0px 0px 0px;\n}\n#top .flex_column_table.av-equal-height-column-flextable.av-cnacxww-2-b77be96f1dd29ecce40e34b4bb758d92 .av-flex-placeholder{\nwidth:4%;\n}\n<\/style>\n<div  class='flex_column av-cnacxww-2-b77be96f1dd29ecce40e34b4bb758d92 av_one_half  avia-builder-el-6  el_after_av_one_fourth  el_before_av_one_fourth  flex_column_table_cell av-equal-height-column av-align-middle av-zero-column-padding  column-top-margin'     ><section  class='av_textblock_section av-c04jd74-1-271097403873705cf6efec30554d48c1'   itemscope=\"itemscope\" itemtype=\"https:\/\/schema.org\/CreativeWork\" ><div class='avia_textblock'  itemprop=\"text\" ><p>A Jipelec Jetfirst 200 oven allows fast thermal annealing with the following characteristics<\/p>\n<ul>\n<li>Temperature range: 100 to 1100\u00b0C<\/li>\n<li>Atmosphere: nitrogen; nitrogen-hydrogen (5%); oxygen, argon<\/li>\n<li>Sample size: up to 8 inches<\/li>\n<\/ul>\n<p>Un four Carbolite tubulaire permet des recuits \u00e0 pression atmosph\u00e9rique<\/p>\n<ul>\n<li>Temperature range: 100 to 1100\u00b0C<\/li>\n<li>Taille des \u00e9chantillons : jusqu\u2019\u00e0 3 pouces<\/li>\n<li>Atmosph\u00e8re : azote ; azote-hydrog\u00e9n\u00e9 (5%) ; argon<\/li>\n<\/ul>\n<\/div><\/section><\/div><div class='av-flex-placeholder'><\/div>\n<style type=\"text\/css\" data-created_by=\"avia_inline_auto\" id=\"style-css-av-av_one_fourth-26782202c502ea8071dbcc46c0c4d9bf\">\n#top .flex_column_table.av-equal-height-column-flextable.av-av_one_fourth-26782202c502ea8071dbcc46c0c4d9bf{\nmargin-top:0px;\nmargin-bottom:0px;\n}\n.flex_column.av-av_one_fourth-26782202c502ea8071dbcc46c0c4d9bf{\nwidth:22%;\nmargin-left:0;\n}\n#top .flex_column_table.av-equal-height-column-flextable.av-av_one_fourth-26782202c502ea8071dbcc46c0c4d9bf .av-flex-placeholder{\nwidth:4%;\n}\n<\/style>\n<div  class='flex_column av-av_one_fourth-26782202c502ea8071dbcc46c0c4d9bf av_one_fourth  avia-builder-el-8  el_after_av_one_half  avia-builder-el-last  flex_column_table_cell av-equal-height-column av-align-middle  column-top-margin'     ><style type=\"text\/css\" data-created_by=\"avia_inline_auto\" id=\"style-css-av-lxtc64a1-90fff288101a04a9abafa2572d432db5\">\n.avia-image-container.av-lxtc64a1-90fff288101a04a9abafa2572d432db5 img.avia_image{\nbox-shadow:none;\n}\n.avia-image-container.av-lxtc64a1-90fff288101a04a9abafa2572d432db5 .av-image-caption-overlay-center{\ncolor:#ffffff;\n}\n<\/style>\n<div  class='avia-image-container av-lxtc64a1-90fff288101a04a9abafa2572d432db5 av-styling- avia-align-center  avia-builder-el-9  avia-builder-el-no-sibling'   itemprop=\"image\" itemscope=\"itemscope\" itemtype=\"https:\/\/schema.org\/ImageObject\" ><div class=\"avia-image-container-inner\"><div class=\"avia-image-overlay-wrap\"><img decoding=\"async\" fetchpriority=\"high\" class='wp-image-66328 avia-img-lazy-loading-not-66328 avia_image' src=\"https:\/\/www.iemn.fr\/wp-content\/uploads\/2024\/06\/Carbolite-1-300x223.jpg\" alt='' title='Carbolite'  height=\"223\" width=\"300\"  itemprop=\"thumbnailUrl\" srcset=\"https:\/\/www.iemn.fr\/wp-content\/uploads\/2024\/06\/Carbolite-1-300x223.jpg 300w, https:\/\/www.iemn.fr\/wp-content\/uploads\/2024\/06\/Carbolite-1-1030x766.jpg 1030w, https:\/\/www.iemn.fr\/wp-content\/uploads\/2024\/06\/Carbolite-1-768x571.jpg 768w, https:\/\/www.iemn.fr\/wp-content\/uploads\/2024\/06\/Carbolite-1-16x12.jpg 16w, https:\/\/www.iemn.fr\/wp-content\/uploads\/2024\/06\/Carbolite-1-705x525.jpg 705w, https:\/\/www.iemn.fr\/wp-content\/uploads\/2024\/06\/Carbolite-1.jpg 1059w\" sizes=\"(max-width: 300px) 100vw, 300px\" \/><\/div><\/div><\/div><\/div><\/div><!--close column table wrapper. Autoclose: 1 --><\/p>","protected":false},"excerpt":{"rendered":"","protected":false},"author":12,"featured_media":0,"parent":10722,"menu_order":15,"comment_status":"closed","ping_status":"closed","template":"","meta":{"footnotes":""},"class_list":["post-65304","page","type-page","status-publish","hentry"],"_links":{"self":[{"href":"https:\/\/www.iemn.fr\/en\/wp-json\/wp\/v2\/pages\/65304","targetHints":{"allow":["GET"]}}],"collection":[{"href":"https:\/\/www.iemn.fr\/en\/wp-json\/wp\/v2\/pages"}],"about":[{"href":"https:\/\/www.iemn.fr\/en\/wp-json\/wp\/v2\/types\/page"}],"author":[{"embeddable":true,"href":"https:\/\/www.iemn.fr\/en\/wp-json\/wp\/v2\/users\/12"}],"replies":[{"embeddable":true,"href":"https:\/\/www.iemn.fr\/en\/wp-json\/wp\/v2\/comments?post=65304"}],"version-history":[{"count":0,"href":"https:\/\/www.iemn.fr\/en\/wp-json\/wp\/v2\/pages\/65304\/revisions"}],"up":[{"embeddable":true,"href":"https:\/\/www.iemn.fr\/en\/wp-json\/wp\/v2\/pages\/10722"}],"wp:attachment":[{"href":"https:\/\/www.iemn.fr\/en\/wp-json\/wp\/v2\/media?parent=65304"}],"curies":[{"name":"wp","href":"https:\/\/api.w.org\/{rel}","templated":true}]}}