{"id":63934,"date":"2024-05-30T11:14:14","date_gmt":"2024-05-30T09:14:14","guid":{"rendered":"https:\/\/www.iemn.fr\/?page_id=63934"},"modified":"2024-05-30T15:10:54","modified_gmt":"2024-05-30T13:10:54","slug":"redirection","status":"publish","type":"page","link":"https:\/\/www.iemn.fr\/en\/redirection","title":{"rendered":"Redirection"},"content":{"rendered":"<div style=\"max-width: 600px; margin: 0 auto; background-color: #fff; padding: 30px; border-radius: 8px; box-shadow: 0 0 20px rgba(0, 0, 0, 0.1);\">\n<h2 style=\"color: #a81010; margin-top: 20px;\">Acc\u00e8s refus\u00e9<\/h2>\n<p style=\"color: #333; margin-bottom: 20px;\">D\u00e9sol\u00e9, vous n\u2019avez pas la permission de modifier cette page.<\/p>\n<p style=\"color: #333; margin-bottom: 20px;\">Si vous pensez qu\u2019il s\u2019agit d\u2019une erreur, veuillez contacter l\u2019administrateur du site.<\/p>\n<p><a style=\"text-decoration: none; color: #fff; background-color: #a81010; padding: 10px 20px; border-radius: 5px; display: inline-block;\" href=\"https:\/\/www.iemn.fr\/en\/\">Retourner \u00e0 la page d\u2019accueil<\/a><\/p>\n<\/div>","protected":false},"excerpt":{"rendered":"<p>Acc\u00e8s refus\u00e9 D\u00e9sol\u00e9, vous n&rsquo;avez pas la permission de modifier cette page. Si vous pensez qu&rsquo;il s&rsquo;agit d&rsquo;une erreur, veuillez contacter l&rsquo;administrateur du site. Retourner \u00e0 la page d&rsquo;accueil<\/p>","protected":false},"author":23,"featured_media":0,"parent":0,"menu_order":0,"comment_status":"closed","ping_status":"closed","template":"","meta":{"footnotes":""},"class_list":["post-63934","page","type-page","status-publish","hentry"],"_links":{"self":[{"href":"https:\/\/www.iemn.fr\/en\/wp-json\/wp\/v2\/pages\/63934","targetHints":{"allow":["GET"]}}],"collection":[{"href":"https:\/\/www.iemn.fr\/en\/wp-json\/wp\/v2\/pages"}],"about":[{"href":"https:\/\/www.iemn.fr\/en\/wp-json\/wp\/v2\/types\/page"}],"author":[{"embeddable":true,"href":"https:\/\/www.iemn.fr\/en\/wp-json\/wp\/v2\/users\/23"}],"replies":[{"embeddable":true,"href":"https:\/\/www.iemn.fr\/en\/wp-json\/wp\/v2\/comments?post=63934"}],"version-history":[{"count":0,"href":"https:\/\/www.iemn.fr\/en\/wp-json\/wp\/v2\/pages\/63934\/revisions"}],"wp:attachment":[{"href":"https:\/\/www.iemn.fr\/en\/wp-json\/wp\/v2\/media?parent=63934"}],"curies":[{"name":"wp","href":"https:\/\/api.w.org\/{rel}","templated":true}]}}