{"id":63121,"date":"2024-04-05T10:48:01","date_gmt":"2024-04-05T08:48:01","guid":{"rendered":"https:\/\/www.iemn.fr\/?page_id=63121"},"modified":"2024-07-16T11:40:10","modified_gmt":"2024-07-16T09:40:10","slug":"programmation","status":"publish","type":"page","link":"https:\/\/www.iemn.fr\/en\/les_plateformes\/plateforme-de-caracterisation-multi-physique-pcmp\/systemes-communication-avances\/prototypage-2\/programmation","title":{"rendered":"Programming"},"content":{"rendered":"<style type=\"text\/css\" data-created_by=\"avia_inline_auto\" id=\"style-css-av-15dq1f5-d581a153b5e348deb6172e3a235770c0\">\n.flex_column.av-15dq1f5-d581a153b5e348deb6172e3a235770c0{\nborder-radius:0px 0px 0px 0px;\npadding:0px 0px 0px 0px;\n}\n<\/style>\n<div  class='flex_column av-15dq1f5-d581a153b5e348deb6172e3a235770c0 av_one_fifth  avia-builder-el-0  el_before_av_one_fifth  avia-builder-el-first  first flex_column_div av-zero-column-padding'     ><section  class='av_textblock_section av-lutgnc6t-c6debef0e3009d47fc0f168e57b43f9a'   itemscope=\"itemscope\" itemtype=\"https:\/\/schema.org\/CreativeWork\" ><div class='avia_textblock'  itemprop=\"text\" ><p style=\"text-align: center\"><a href=\"https:\/\/www.iemn.fr\/wp-content\/uploads\/2024\/06\/programmation.jpg\"><img loading=\"lazy\" decoding=\"async\" class=\"size-full wp-image-64357 aligncenter\" src=\"https:\/\/www.iemn.fr\/wp-content\/uploads\/2024\/06\/programmation.jpg\" alt=\"\" width=\"150\" height=\"150\" srcset=\"https:\/\/www.iemn.fr\/wp-content\/uploads\/2024\/06\/programmation.jpg 300w, https:\/\/www.iemn.fr\/wp-content\/uploads\/2024\/06\/programmation-80x80.jpg 80w, https:\/\/www.iemn.fr\/wp-content\/uploads\/2024\/06\/programmation-12x12.jpg 12w, https:\/\/www.iemn.fr\/wp-content\/uploads\/2024\/06\/programmation-36x36.jpg 36w, https:\/\/www.iemn.fr\/wp-content\/uploads\/2024\/06\/programmation-180x180.jpg 180w\" sizes=\"auto, (max-width: 150px) 100vw, 150px\" \/><\/a><\/p>\n<\/div><\/section><\/div>\n\n<style type=\"text\/css\" data-created_by=\"avia_inline_auto\" id=\"style-css-av-l3dln5-c96452147b355892d0d3919695cd279b\">\n.flex_column.av-l3dln5-c96452147b355892d0d3919695cd279b{\nborder-radius:0px 0px 0px 0px;\npadding:0px 0px 0px 0px;\n}\n<\/style>\n<div  class='flex_column av-l3dln5-c96452147b355892d0d3919695cd279b av_one_fifth  avia-builder-el-2  el_after_av_one_fifth  el_before_av_three_fifth  flex_column_div av-zero-column-padding'     ><\/div>\n\n<style type=\"text\/css\" data-created_by=\"avia_inline_auto\" id=\"style-css-av-22veykx-ad92c371054510061142698b0b27efc9\">\n.flex_column.av-22veykx-ad92c371054510061142698b0b27efc9{\nborder-radius:0px 0px 0px 0px;\npadding:0px 0px 0px 0px;\n}\n<\/style>\n<div  class='flex_column av-22veykx-ad92c371054510061142698b0b27efc9 av_three_fifth  avia-builder-el-3  el_after_av_one_fifth  el_before_av_hr  flex_column_div av-zero-column-padding'     ><section  class='av_textblock_section av-lumfax4r-a31dc9ed3029129e7e171c30d66e4d4e'   itemscope=\"itemscope\" itemtype=\"https:\/\/schema.org\/CreativeWork\" ><div class='avia_textblock'  itemprop=\"text\" ><h1><\/h1>\n<h1><\/h1>\n<h1>Programming<\/h1>\n<\/div><\/section><\/div><div  class='hr av-mu969-9430c23c1d3b88873fd3074820a24169 hr-default  avia-builder-el-5  el_after_av_three_fifth  el_before_av_one_full'><span class='hr-inner'><span class=\"hr-inner-style\"><\/span><\/span><\/div><\/p>\n\n<style type=\"text\/css\" data-created_by=\"avia_inline_auto\" id=\"style-css-av-162fj0x-5520bb07af33d65f7be257d6c79ed2bb\">\n.flex_column.av-162fj0x-5520bb07af33d65f7be257d6c79ed2bb{\nborder-radius:0px 0px 0px 0px;\npadding:0px 0px 0px 0px;\n}\n<\/style>\n<div  class='flex_column av-162fj0x-5520bb07af33d65f7be257d6c79ed2bb av_one_full  avia-builder-el-6  el_after_av_hr  avia-builder-el-last  first flex_column_div av-zero-column-padding'     ><section  class='av_textblock_section av-whl9g1-3df0ecf5ae4e1ff9437bf0b16800a4ad'   itemscope=\"itemscope\" itemtype=\"https:\/\/schema.org\/CreativeWork\" ><div class='avia_textblock'  itemprop=\"text\" ><h5>\n<style type=\"text\/css\" data-created_by=\"avia_inline_auto\" id=\"style-css-av-13ewzjw-9a9f1cfb2a3570afb0f44a0c4adce97a\">\n.av_font_icon.av-13ewzjw-9a9f1cfb2a3570afb0f44a0c4adce97a{\ncolor:#800000;\nborder-color:#800000;\n}\n.av_font_icon.av-13ewzjw-9a9f1cfb2a3570afb0f44a0c4adce97a .av-icon-char{\nfont-size:30px;\nline-height:30px;\n}\n<\/style>\n<span  class='av_font_icon av-13ewzjw-9a9f1cfb2a3570afb0f44a0c4adce97a avia_animate_when_visible av-icon-style- avia-icon-pos-left avia-icon-animate'><span class='av-icon-char' aria-hidden='true' data-av_icon='\ue871' data-av_iconfont='entypo-fontello' ><\/span><\/span><\/h5>\n<p>Nous disposons de plusieurs plateformes de d\u00e9veloppement num\u00e9rique programmables pour interfacer des couches mat\u00e9rielles et\/ou des instruments pour le d\u00e9veloppement rapide de syst\u00e8mes complexes (communication, acquisition de donn\u00e9es, traitement et visualisation) :<\/p>\n<p><a href=\"https:\/\/www.iemn.fr\/wp-content\/uploads\/2024\/05\/plateforme_03.jpg\"><img loading=\"lazy\" decoding=\"async\" class=\"alignright size-full wp-image-63633\" src=\"https:\/\/www.iemn.fr\/wp-content\/uploads\/2024\/05\/plateforme_03.jpg\" alt=\"\" width=\"550\" height=\"367\" srcset=\"https:\/\/www.iemn.fr\/wp-content\/uploads\/2024\/05\/plateforme_03.jpg 550w, https:\/\/www.iemn.fr\/wp-content\/uploads\/2024\/05\/plateforme_03-300x200.jpg 300w, https:\/\/www.iemn.fr\/wp-content\/uploads\/2024\/05\/plateforme_03-18x12.jpg 18w\" sizes=\"auto, (max-width: 550px) 100vw, 550px\" \/><\/a>\u2022 FPGA (Altera, Xilinx, Actel)<br \/>\n\u2022 Microcontroller (AVR, Arduino, ESP32,\u2026), microprocessor (ARM,\u2026)<br \/>\n\u2022 Specific Radio (BT, Lora, Zigbee, Wifi , 802.15.4,\u2026)<\/p>\n<\/div><\/section><\/div>","protected":false},"excerpt":{"rendered":"","protected":false},"author":20,"featured_media":0,"parent":62935,"menu_order":0,"comment_status":"closed","ping_status":"closed","template":"","meta":{"footnotes":""},"class_list":["post-63121","page","type-page","status-publish","hentry"],"_links":{"self":[{"href":"https:\/\/www.iemn.fr\/en\/wp-json\/wp\/v2\/pages\/63121","targetHints":{"allow":["GET"]}}],"collection":[{"href":"https:\/\/www.iemn.fr\/en\/wp-json\/wp\/v2\/pages"}],"about":[{"href":"https:\/\/www.iemn.fr\/en\/wp-json\/wp\/v2\/types\/page"}],"author":[{"embeddable":true,"href":"https:\/\/www.iemn.fr\/en\/wp-json\/wp\/v2\/users\/20"}],"replies":[{"embeddable":true,"href":"https:\/\/www.iemn.fr\/en\/wp-json\/wp\/v2\/comments?post=63121"}],"version-history":[{"count":0,"href":"https:\/\/www.iemn.fr\/en\/wp-json\/wp\/v2\/pages\/63121\/revisions"}],"up":[{"embeddable":true,"href":"https:\/\/www.iemn.fr\/en\/wp-json\/wp\/v2\/pages\/62935"}],"wp:attachment":[{"href":"https:\/\/www.iemn.fr\/en\/wp-json\/wp\/v2\/media?parent=63121"}],"curies":[{"name":"wp","href":"https:\/\/api.w.org\/{rel}","templated":true}]}}