{"id":63117,"date":"2024-04-05T10:45:42","date_gmt":"2024-04-05T08:45:42","guid":{"rendered":"https:\/\/www.iemn.fr\/?page_id=63117"},"modified":"2024-07-16T18:23:21","modified_gmt":"2024-07-16T16:23:21","slug":"realisations","status":"publish","type":"page","link":"https:\/\/www.iemn.fr\/en\/les_plateformes\/plateforme-de-caracterisation-multi-physique-pcmp\/systemes-communication-avances\/prototypage-2\/realisations","title":{"rendered":"Achievements"},"content":{"rendered":"<style type=\"text\/css\" data-created_by=\"avia_inline_auto\" id=\"style-css-av-1ccuodp-ff9d6dc8ad6cfd646eac251df0d3bf54\">\n.flex_column.av-1ccuodp-ff9d6dc8ad6cfd646eac251df0d3bf54{\nborder-radius:0px 0px 0px 0px;\npadding:0px 0px 0px 0px;\n}\n<\/style>\n<div  class='flex_column av-1ccuodp-ff9d6dc8ad6cfd646eac251df0d3bf54 av_one_fifth  avia-builder-el-0  el_before_av_three_fifth  avia-builder-el-first  first flex_column_div av-zero-column-padding'     ><section  class='av_textblock_section av-lutgaz3p-4863ecaaecd68ead0953208577247431'   itemscope=\"itemscope\" itemtype=\"https:\/\/schema.org\/CreativeWork\" ><div class='avia_textblock'  itemprop=\"text\" ><p style=\"text-align: center\"><a href=\"https:\/\/www.iemn.fr\/wp-content\/uploads\/2024\/06\/realisations-logo.jpg\"><img loading=\"lazy\" decoding=\"async\" class=\"size-full wp-image-64331 aligncenter\" src=\"https:\/\/www.iemn.fr\/wp-content\/uploads\/2024\/06\/realisations-logo.jpg\" alt=\"\" width=\"150\" height=\"150\" srcset=\"https:\/\/www.iemn.fr\/wp-content\/uploads\/2024\/06\/realisations-logo.jpg 300w, https:\/\/www.iemn.fr\/wp-content\/uploads\/2024\/06\/realisations-logo-80x80.jpg 80w, https:\/\/www.iemn.fr\/wp-content\/uploads\/2024\/06\/realisations-logo-12x12.jpg 12w, https:\/\/www.iemn.fr\/wp-content\/uploads\/2024\/06\/realisations-logo-36x36.jpg 36w, https:\/\/www.iemn.fr\/wp-content\/uploads\/2024\/06\/realisations-logo-180x180.jpg 180w\" sizes=\"auto, (max-width: 150px) 100vw, 150px\" \/><\/a><\/p>\n<\/div><\/section><\/div>\n\n<style type=\"text\/css\" data-created_by=\"avia_inline_auto\" id=\"style-css-av-27e4q7h-99d6ca6bf999e9a87d2b4d2b245069e9\">\n.flex_column.av-27e4q7h-99d6ca6bf999e9a87d2b4d2b245069e9{\nborder-radius:0px 0px 0px 0px;\npadding:0px 0px 0px 0px;\n}\n<\/style>\n<div  class='flex_column av-27e4q7h-99d6ca6bf999e9a87d2b4d2b245069e9 av_three_fifth  avia-builder-el-2  el_after_av_one_fifth  el_before_av_hr  flex_column_div av-zero-column-padding'     ><section  class='av_textblock_section av-lumf7rnm-2319a917978127ab64267fd9a06c6fa8'   itemscope=\"itemscope\" itemtype=\"https:\/\/schema.org\/CreativeWork\" ><div class='avia_textblock'  itemprop=\"text\" ><h1><\/h1>\n<h1><\/h1>\n<h1>Achievements<\/h1>\n<p>Nous disposons d\u2019ateliers d\u2019\u00e9lectronique sur les p\u00f4les SigmaCom et C2EM, dot\u00e9s d\u2019\u00e9quipements de prototypage rapide pour produire des circuits imprim\u00e9s.<\/p>\n<\/div><\/section><\/div>\n<div  class='hr av-r3z3il-d7487fed6d014887e952dd9cdddec048 hr-default  avia-builder-el-4  el_after_av_three_fifth  el_before_av_three_fourth'><span class='hr-inner'><span class=\"hr-inner-style\"><\/span><\/span><\/div>\n<div  class='flex_column av-rmuje5-d7db7e42736d94ee33036a26c66d9a4a av_three_fourth  avia-builder-el-5  el_after_av_hr  el_before_av_one_fourth  first flex_column_div'     ><section  class='av_textblock_section av-ly8roh2j-15ab8802607c1321617bbb5bf0b9c6cc'   itemscope=\"itemscope\" itemtype=\"https:\/\/schema.org\/CreativeWork\" ><div class='avia_textblock'  itemprop=\"text\" ><p><strong>Moyens pr\u00e9sents sur le p\u00f4le C2EM :\u00a0<\/strong><\/p>\n<p>\u2022 Autodesk Eagle and Fusion 360<br \/>\nSchematic with Electrical Rule Check<br \/>\nBoard with Design Rule Check<br \/>\nECAD-MCAD co-design process<\/p>\n<p>\u2022 LPKF PCB milling machine ProtoMat S63<br \/>\nMat. Size 229x305mm<br \/>\nResolution 0.5\u00b5m<br \/>\nAutomatic tool change<br \/>\nMinimum isolation 0.15mm<br \/>\nMinimum width 0.15mm<\/p>\n<p>\u2022 LPKF ProtoLaser H4<br \/>\nMat. Size 305x229x7mm<br \/>\nR\u00e9solution 1\u00b5m<br \/>\nAutomatic tool change for drilling<br \/>\nMinimum isolation 30\u00b5m<br \/>\nMinimum width 50\u00b5m (tested)<\/p>\n<p>\u2022 LPKF Multipress-II (multi-Layer) \u2013 Up to 6 layers<\/p>\n<p>\u2022 LPKF MiniContact RS \u2013 Holes Metallization<br \/>\nMax. material size (X x Y) 230 mm x 330 mm (9\u201d x 13\u201d)<br \/>\nMax. layout area (X x Y) 200 mm x 300 mm (7.8\u201d x 11.8\u201d)<br \/>\nReverse pulse plating Adjustable<br \/>\nTolerance \u00b1 2 \u03bcm (0.08 Mil), copper coating<br \/>\nMinimum hole diameter \u2265 0.2 mm (8 mil)<br \/>\nViaCleaner Included<br \/>\nChemical tinning Included<\/p>\n<p>\u2022 Tools for component assembly and welding<\/p>\n<\/div><\/section><\/div><div  class='flex_column av-kxlp2l-85342f4f015261375102b55585e313a5 av_one_fourth  avia-builder-el-7  el_after_av_three_fourth  el_before_av_hr  flex_column_div'     ><p>\n<style type=\"text\/css\" data-created_by=\"avia_inline_auto\" id=\"style-css-av-ly8rcoef-5e44ca5d373d92a3bf736461fc01430c\">\n.avia-image-container.av-ly8rcoef-5e44ca5d373d92a3bf736461fc01430c img.avia_image{\nbox-shadow:none;\n}\n.avia-image-container.av-ly8rcoef-5e44ca5d373d92a3bf736461fc01430c .av-image-caption-overlay-center{\ncolor:#ffffff;\n}\n<\/style>\n<div  class='avia-image-container av-ly8rcoef-5e44ca5d373d92a3bf736461fc01430c av-styling- avia-align-center  avia-builder-el-8  el_before_av_textblock  avia-builder-el-first'   itemprop=\"image\" itemscope=\"itemscope\" itemtype=\"https:\/\/schema.org\/ImageObject\" ><div class=\"avia-image-container-inner\"><div class=\"avia-image-overlay-wrap\"><img decoding=\"async\" fetchpriority=\"high\" class='wp-image-67800 avia-img-lazy-loading-not-67800 avia_image' src=\"https:\/\/www.iemn.fr\/wp-content\/uploads\/2024\/07\/20240603_142139-300x225.jpg\" alt='' title='20240603_142139'  height=\"225\" width=\"300\"  itemprop=\"thumbnailUrl\" srcset=\"https:\/\/www.iemn.fr\/wp-content\/uploads\/2024\/07\/20240603_142139-300x225.jpg 300w, https:\/\/www.iemn.fr\/wp-content\/uploads\/2024\/07\/20240603_142139-1030x773.jpg 1030w, https:\/\/www.iemn.fr\/wp-content\/uploads\/2024\/07\/20240603_142139-768x576.jpg 768w, https:\/\/www.iemn.fr\/wp-content\/uploads\/2024\/07\/20240603_142139-1536x1152.jpg 1536w, https:\/\/www.iemn.fr\/wp-content\/uploads\/2024\/07\/20240603_142139-2048x1536.jpg 2048w, https:\/\/www.iemn.fr\/wp-content\/uploads\/2024\/07\/20240603_142139-16x12.jpg 16w, https:\/\/www.iemn.fr\/wp-content\/uploads\/2024\/07\/20240603_142139-1500x1125.jpg 1500w, https:\/\/www.iemn.fr\/wp-content\/uploads\/2024\/07\/20240603_142139-705x529.jpg 705w\" sizes=\"(max-width: 300px) 100vw, 300px\" \/><\/div><\/div><\/div><br \/>\n<section  class='av_textblock_section av-lye3nbng-e4e002d5881590553071e55579f26b19'   itemscope=\"itemscope\" itemtype=\"https:\/\/schema.org\/CreativeWork\" ><div class='avia_textblock'  itemprop=\"text\" ><p style=\"text-align: center\">ProtoLaser H4 \u2013 syst\u00e8me hybride de gravure laser LPKF<\/p>\n<\/div><\/section><\/p><\/div><\/p>\n<div  class='hr av-4y1ykt-fddc5debb8a60e2b0411b07dc4ecdbea hr-default  avia-builder-el-10  el_after_av_one_fourth  el_before_av_three_fifth'><span class='hr-inner'><span class=\"hr-inner-style\"><\/span><\/span><\/div>\n\n<style type=\"text\/css\" data-created_by=\"avia_inline_auto\" id=\"style-css-av-48xgul-29b870236d973c424ced203b18ecc6bf\">\n.flex_column.av-48xgul-29b870236d973c424ced203b18ecc6bf{\nborder-radius:0px 0px 0px 0px;\npadding:0px 0px 0px 0px;\n}\n<\/style>\n<div  class='flex_column av-48xgul-29b870236d973c424ced203b18ecc6bf av_three_fifth  avia-builder-el-11  el_after_av_hr  el_before_av_one_third  first flex_column_div av-zero-column-padding'     ><section  class='av_textblock_section av-ly8qye8a-60b5168c505a5aec89eeeebb85e56082'   itemscope=\"itemscope\" itemtype=\"https:\/\/schema.org\/CreativeWork\" ><div class='avia_textblock'  itemprop=\"text\" ><p><strong>Moyens pr\u00e9sents sur le p\u00f4le SigmaCom :\u00a0<\/strong><\/p>\n<p>\u2022 PCB Design Package TINA<br \/>\n\u2022 LPKF PCB ProtoMat H100 fully Automated<br \/>\nMat. Size 400\u00d7360 mm \u2013 Resolution 0.25\u03bcm \u2013 Minimum isolation 0.1mm \u2013 Minimum width 0.1mm \u2013 Minimum hole diameter 0.15 mm \u2013 Automatic 30 position tool changer \u2013 Optical fiducial recognition<br \/>\n\u2022 Semi-automatic station for SMD assembly<br \/>\n\u2022 SMD soldering by reflow furnace<\/p>\n<\/div><\/section><\/div>\n\n<style type=\"text\/css\" data-created_by=\"avia_inline_auto\" id=\"style-css-av-1ar5rv1-45acd1d0ecb4a72d8ec2c070b5c9dc12\">\n.flex_column.av-1ar5rv1-45acd1d0ecb4a72d8ec2c070b5c9dc12{\nborder-radius:0px 0px 0px 0px;\npadding:0px 0px 0px 0px;\n}\n<\/style>\n<div  class='flex_column av-1ar5rv1-45acd1d0ecb4a72d8ec2c070b5c9dc12 av_one_third  avia-builder-el-13  el_after_av_three_fifth  el_before_av_hr  flex_column_div av-zero-column-padding'     ><section  class='av_textblock_section av-ly8qrvf8-43958fce98a0bce59d7021ae0fa27bbc'   itemscope=\"itemscope\" itemtype=\"https:\/\/schema.org\/CreativeWork\" ><div class='avia_textblock'  itemprop=\"text\" ><div id=\"attachment_63629\" style=\"width: 310px\" class=\"wp-caption aligncenter\"><a href=\"https:\/\/www.iemn.fr\/wp-content\/uploads\/2024\/05\/plateforme2_04.jpg\"><img loading=\"lazy\" decoding=\"async\" aria-describedby=\"caption-attachment-63629\" class=\"wp-image-63629\" src=\"https:\/\/www.iemn.fr\/wp-content\/uploads\/2024\/05\/plateforme2_04-225x300.jpg\" alt=\"\" width=\"300\" height=\"400\" srcset=\"https:\/\/www.iemn.fr\/wp-content\/uploads\/2024\/05\/plateforme2_04-225x300.jpg 225w, https:\/\/www.iemn.fr\/wp-content\/uploads\/2024\/05\/plateforme2_04-9x12.jpg 9w, https:\/\/www.iemn.fr\/wp-content\/uploads\/2024\/05\/plateforme2_04-529x705.jpg 529w, https:\/\/www.iemn.fr\/wp-content\/uploads\/2024\/05\/plateforme2_04.jpg 550w\" sizes=\"auto, (max-width: 300px) 100vw, 300px\" \/><\/a><p id=\"caption-attachment-63629\" class=\"wp-caption-text\">Mechanical engraver for the realization of high frequency circuit boards<\/p><\/div>\n<\/div><\/section><\/div>\n<div  class='hr av-wsucrx-a8fe24cefb0e09d4f3a2a90fe5d57804 hr-default  avia-builder-el-15  el_after_av_one_third  avia-builder-el-last'><span class='hr-inner'><span class=\"hr-inner-style\"><\/span><\/span><\/div>","protected":false},"excerpt":{"rendered":"","protected":false},"author":20,"featured_media":0,"parent":62935,"menu_order":0,"comment_status":"closed","ping_status":"closed","template":"","meta":{"footnotes":""},"class_list":["post-63117","page","type-page","status-publish","hentry"],"_links":{"self":[{"href":"https:\/\/www.iemn.fr\/en\/wp-json\/wp\/v2\/pages\/63117","targetHints":{"allow":["GET"]}}],"collection":[{"href":"https:\/\/www.iemn.fr\/en\/wp-json\/wp\/v2\/pages"}],"about":[{"href":"https:\/\/www.iemn.fr\/en\/wp-json\/wp\/v2\/types\/page"}],"author":[{"embeddable":true,"href":"https:\/\/www.iemn.fr\/en\/wp-json\/wp\/v2\/users\/20"}],"replies":[{"embeddable":true,"href":"https:\/\/www.iemn.fr\/en\/wp-json\/wp\/v2\/comments?post=63117"}],"version-history":[{"count":0,"href":"https:\/\/www.iemn.fr\/en\/wp-json\/wp\/v2\/pages\/63117\/revisions"}],"up":[{"embeddable":true,"href":"https:\/\/www.iemn.fr\/en\/wp-json\/wp\/v2\/pages\/62935"}],"wp:attachment":[{"href":"https:\/\/www.iemn.fr\/en\/wp-json\/wp\/v2\/media?parent=63117"}],"curies":[{"name":"wp","href":"https:\/\/api.w.org\/{rel}","templated":true}]}}