{"id":63104,"date":"2024-04-05T09:52:04","date_gmt":"2024-04-05T07:52:04","guid":{"rendered":"https:\/\/www.iemn.fr\/?page_id=63104"},"modified":"2024-07-16T18:27:38","modified_gmt":"2024-07-16T16:27:38","slug":"conceptionmodelisation","status":"publish","type":"page","link":"https:\/\/www.iemn.fr\/en\/les_plateformes\/plateforme-de-caracterisation-multi-physique-pcmp\/systemes-communication-avances\/prototypage-2\/conceptionmodelisation","title":{"rendered":"Design Modelling"},"content":{"rendered":"<style type=\"text\/css\" data-created_by=\"avia_inline_auto\" id=\"style-css-av-2h7fckg-7733c9de30e7e161b61f1f7e09b43871\">\n.flex_column.av-2h7fckg-7733c9de30e7e161b61f1f7e09b43871{\nborder-radius:0px 0px 0px 0px;\npadding:0px 0px 0px 0px;\n}\n<\/style>\n<div  class='flex_column av-2h7fckg-7733c9de30e7e161b61f1f7e09b43871 av_one_fifth  avia-builder-el-0  el_before_av_one_fifth  avia-builder-el-first  first flex_column_div av-zero-column-padding'     ><section  class='av_textblock_section av-lumrdsru-5968e34ded56d9646d2efbca2046a99a'   itemscope=\"itemscope\" itemtype=\"https:\/\/schema.org\/CreativeWork\" ><div class='avia_textblock'  itemprop=\"text\" ><p style=\"text-align: center\"><a href=\"https:\/\/www.iemn.fr\/wp-content\/uploads\/2024\/06\/conception-modelisation.jpg\"><img loading=\"lazy\" decoding=\"async\" class=\"size-full wp-image-64323 aligncenter\" src=\"https:\/\/www.iemn.fr\/wp-content\/uploads\/2024\/06\/conception-modelisation.jpg\" alt=\"\" width=\"150\" height=\"150\" srcset=\"https:\/\/www.iemn.fr\/wp-content\/uploads\/2024\/06\/conception-modelisation.jpg 300w, https:\/\/www.iemn.fr\/wp-content\/uploads\/2024\/06\/conception-modelisation-80x80.jpg 80w, https:\/\/www.iemn.fr\/wp-content\/uploads\/2024\/06\/conception-modelisation-12x12.jpg 12w, https:\/\/www.iemn.fr\/wp-content\/uploads\/2024\/06\/conception-modelisation-36x36.jpg 36w, https:\/\/www.iemn.fr\/wp-content\/uploads\/2024\/06\/conception-modelisation-180x180.jpg 180w\" sizes=\"auto, (max-width: 150px) 100vw, 150px\" \/><\/a><\/p>\n<\/div><\/section><\/div>\n\n<style type=\"text\/css\" data-created_by=\"avia_inline_auto\" id=\"style-css-av-1d0wl7k-4378b656e2cdaaf1cd4fcc377f5bee06\">\n.flex_column.av-1d0wl7k-4378b656e2cdaaf1cd4fcc377f5bee06{\nborder-radius:0px 0px 0px 0px;\npadding:0px 0px 0px 0px;\n}\n<\/style>\n<div  class='flex_column av-1d0wl7k-4378b656e2cdaaf1cd4fcc377f5bee06 av_one_fifth  avia-builder-el-2  el_after_av_one_fifth  el_before_av_three_fifth  flex_column_div av-zero-column-padding'     ><\/div>\n\n<style type=\"text\/css\" data-created_by=\"avia_inline_auto\" id=\"style-css-av-w09jq8-97b128b30996daf9f46073a201e1855a\">\n.flex_column.av-w09jq8-97b128b30996daf9f46073a201e1855a{\nborder-radius:0px 0px 0px 0px;\npadding:0px 0px 0px 0px;\n}\n<\/style>\n<div  class='flex_column av-w09jq8-97b128b30996daf9f46073a201e1855a av_three_fifth  avia-builder-el-3  el_after_av_one_fifth  el_before_av_one_full  flex_column_div av-zero-column-padding'     ><section  class='av_textblock_section av-lutg2myp-f53486f79a37246ea481ba299ce1dcb5'   itemscope=\"itemscope\" itemtype=\"https:\/\/schema.org\/CreativeWork\" ><div class='avia_textblock'  itemprop=\"text\" ><h1><\/h1>\n<h1><\/h1>\n<h1><\/h1>\n<h1><\/h1>\n<h1><\/h1>\n<h1><\/h1>\n<h1>CONCEPTION \/ MODELISATION<\/h1>\n<p>Designing new advanced systems, up to and including demonstrators and\/or prototypes.<\/p>\n<\/div><\/section><\/div>\n<div  class='flex_column av-lyo7su8z-5e75127cdaf01593d1e5ff5eb84dcc2f av_one_full  avia-builder-el-5  el_after_av_three_fifth  el_before_av_one_third  first flex_column_div'     ><section  class='av_textblock_section av-lyo7t2c4-92b44407aa0f510df614d8aef6d47182'   itemscope=\"itemscope\" itemtype=\"https:\/\/schema.org\/CreativeWork\" ><div class='avia_textblock'  itemprop=\"text\" ><hr \/>\n<h5>\n<style type=\"text\/css\" data-created_by=\"avia_inline_auto\" id=\"style-css-av-13ewzjw-9a9f1cfb2a3570afb0f44a0c4adce97a\">\n.av_font_icon.av-13ewzjw-9a9f1cfb2a3570afb0f44a0c4adce97a{\ncolor:#800000;\nborder-color:#800000;\n}\n.av_font_icon.av-13ewzjw-9a9f1cfb2a3570afb0f44a0c4adce97a .av-icon-char{\nfont-size:30px;\nline-height:30px;\n}\n<\/style>\n<span  class='av_font_icon av-13ewzjw-9a9f1cfb2a3570afb0f44a0c4adce97a avia_animate_when_visible av-icon-style- avia-icon-pos-left avia-icon-animate'><span class='av-icon-char' aria-hidden='true' data-av_icon='\ue871' data-av_iconfont='entypo-fontello' ><\/span><\/span><\/h5>\n<p>Outils informatiques d\u2019aide \u00e0 la conception et \u00e0 la mod\u00e9lisation de composants, de circuits et de syst\u00e8mes jusqu\u2019au millim\u00e8tre :<\/p>\n<\/div><\/section><\/div>\n<div  class='flex_column av-16msjwg-38289e07afd7e58410caa24568ed0de6 av_one_third  avia-builder-el-8  el_after_av_one_full  el_before_av_two_third  first flex_column_div  column-top-margin'     ><section  class='av_textblock_section av-lyo7q565-3b2e0529d5aa0cbf4e13918a42e39d16'   itemscope=\"itemscope\" itemtype=\"https:\/\/schema.org\/CreativeWork\" ><div class='avia_textblock'  itemprop=\"text\" ><p><strong>Moyens pr\u00e9sents sur le p\u00f4le SigmaCom :\u00a0<\/strong><\/p>\n<ul>\n<li>Systems simulations<br \/>\n\u2013 ADS and CADENCE<br \/>\n\u2013 Matlab-Simulink- Spice<br \/>\n\u2013 TINA<br \/>\n\u2013 VHDL<\/li>\n<li>3D electromagnetic simulations<br \/>\n\u2013 HFSS<br \/>\n\u2013 CST<\/li>\n<li>Data storage and visualization<br \/>\n\u2013\u00a0 InfluxDB<br \/>\n\u2013\u00a0 Grafana<\/li>\n<\/ul>\n<p><strong>Moyens pr\u00e9sents sur le p\u00f4le C2EM :\u00a0<\/strong><\/p>\n<p>\u2022 Autodesk Eagle and Fusion 360<br \/>\n\u2013 Schematic with Electrical Rule Check<br \/>\n\u2013 Board with Design Rule Check<br \/>\n\u2013 ECAD-MCAD co-design process<\/p>\n<\/div><\/section><\/div><div  class='flex_column av-q7peio-f56c9f360d6286bd75a5208da75916b4 av_two_third  avia-builder-el-10  el_after_av_one_third  avia-builder-el-last  flex_column_div  column-top-margin'     ><section  class='av_textblock_section av-lyo7pn7z-9a4335fdff666d451f1d217521e46b73'   itemscope=\"itemscope\" itemtype=\"https:\/\/schema.org\/CreativeWork\" ><div class='avia_textblock'  itemprop=\"text\" ><div id=\"attachment_63627\" style=\"width: 610px\" class=\"wp-caption alignright\"><a href=\"https:\/\/www.iemn.fr\/wp-content\/uploads\/2024\/05\/synoptique-IOT-com.jpg\"><img loading=\"lazy\" decoding=\"async\" aria-describedby=\"caption-attachment-63627\" class=\"wp-image-63627\" src=\"https:\/\/www.iemn.fr\/wp-content\/uploads\/2024\/05\/synoptique-IOT-com.jpg\" alt=\"\" width=\"600\" height=\"382\" srcset=\"https:\/\/www.iemn.fr\/wp-content\/uploads\/2024\/05\/synoptique-IOT-com.jpg 650w, https:\/\/www.iemn.fr\/wp-content\/uploads\/2024\/05\/synoptique-IOT-com-300x191.jpg 300w, https:\/\/www.iemn.fr\/wp-content\/uploads\/2024\/05\/synoptique-IOT-com-18x12.jpg 18w\" sizes=\"auto, (max-width: 600px) 100vw, 600px\" \/><\/a><p id=\"caption-attachment-63627\" class=\"wp-caption-text\">Synoptique IOT<\/p><\/div>\n<\/div><\/section><\/div><\/p>","protected":false},"excerpt":{"rendered":"","protected":false},"author":20,"featured_media":0,"parent":62935,"menu_order":0,"comment_status":"closed","ping_status":"closed","template":"","meta":{"footnotes":""},"class_list":["post-63104","page","type-page","status-publish","hentry"],"_links":{"self":[{"href":"https:\/\/www.iemn.fr\/en\/wp-json\/wp\/v2\/pages\/63104","targetHints":{"allow":["GET"]}}],"collection":[{"href":"https:\/\/www.iemn.fr\/en\/wp-json\/wp\/v2\/pages"}],"about":[{"href":"https:\/\/www.iemn.fr\/en\/wp-json\/wp\/v2\/types\/page"}],"author":[{"embeddable":true,"href":"https:\/\/www.iemn.fr\/en\/wp-json\/wp\/v2\/users\/20"}],"replies":[{"embeddable":true,"href":"https:\/\/www.iemn.fr\/en\/wp-json\/wp\/v2\/comments?post=63104"}],"version-history":[{"count":0,"href":"https:\/\/www.iemn.fr\/en\/wp-json\/wp\/v2\/pages\/63104\/revisions"}],"up":[{"embeddable":true,"href":"https:\/\/www.iemn.fr\/en\/wp-json\/wp\/v2\/pages\/62935"}],"wp:attachment":[{"href":"https:\/\/www.iemn.fr\/en\/wp-json\/wp\/v2\/media?parent=63104"}],"curies":[{"name":"wp","href":"https:\/\/api.w.org\/{rel}","templated":true}]}}