{"id":60696,"date":"2023-10-26T11:39:59","date_gmt":"2023-10-26T09:39:59","guid":{"rendered":"https:\/\/www.iemn.fr\/?page_id=60696"},"modified":"2023-10-26T11:40:21","modified_gmt":"2023-10-26T09:40:21","slug":"clement-barbot","status":"publish","type":"page","link":"https:\/\/www.iemn.fr\/en\/la-recherche\/les-groupes\/epiphy\/members\/clement-barbot","title":{"rendered":"Cl\u00e9ment Barbot"},"content":{"rendered":"<div id='layer_slider_1'  class='avia-layerslider main_color avia-shadow  avia-builder-el-0  el_before_av_one_fourth  avia-builder-el-first  container_wrap sidebar_right'  style='height: 261px;'  ><div id=\"layerslider_37_1oazzv0ijt7at\" data-ls-slug=\"homepageslider\" class=\"ls-wp-container fitvidsignore ls-selectable\" style=\"width:1140px;height:260px;margin:0 auto;margin-bottom: 0px;\"><div class=\"ls-slide\" data-ls=\"duration:6000;transition2d:5;\"><img loading=\"lazy\" decoding=\"async\" width=\"2600\" height=\"270\" src=\"https:\/\/www.iemn.fr\/wp-content\/uploads\/2018\/09\/groupe_ncm_iemn_lille-2.jpg\" class=\"ls-bg\" alt=\"\" srcset=\"https:\/\/www.iemn.fr\/wp-content\/uploads\/2018\/09\/groupe_ncm_iemn_lille-2.jpg 2600w, https:\/\/www.iemn.fr\/wp-content\/uploads\/2018\/09\/groupe_ncm_iemn_lille-2-300x31.jpg 300w, https:\/\/www.iemn.fr\/wp-content\/uploads\/2018\/09\/groupe_ncm_iemn_lille-2-768x80.jpg 768w, https:\/\/www.iemn.fr\/wp-content\/uploads\/2018\/09\/groupe_ncm_iemn_lille-2-1030x107.jpg 1030w, https:\/\/www.iemn.fr\/wp-content\/uploads\/2018\/09\/groupe_ncm_iemn_lille-2-1500x156.jpg 1500w, https:\/\/www.iemn.fr\/wp-content\/uploads\/2018\/09\/groupe_ncm_iemn_lille-2-705x73.jpg 705w\" sizes=\"auto, (max-width: 2600px) 100vw, 2600px\" \/><img loading=\"lazy\" decoding=\"async\" width=\"2560\" height=\"266\" src=\"https:\/\/www.iemn.fr\/wp-content\/uploads\/2022\/01\/slider_ncm4-scaled.jpg\" class=\"ls-l ls-img-layer\" alt=\"\" srcset=\"https:\/\/www.iemn.fr\/wp-content\/uploads\/2022\/01\/slider_ncm4-scaled.jpg 2560w, https:\/\/www.iemn.fr\/wp-content\/uploads\/2022\/01\/slider_ncm4-300x31.jpg 300w, https:\/\/www.iemn.fr\/wp-content\/uploads\/2022\/01\/slider_ncm4-1030x107.jpg 1030w, https:\/\/www.iemn.fr\/wp-content\/uploads\/2022\/01\/slider_ncm4-768x80.jpg 768w, https:\/\/www.iemn.fr\/wp-content\/uploads\/2022\/01\/slider_ncm4-1536x160.jpg 1536w, https:\/\/www.iemn.fr\/wp-content\/uploads\/2022\/01\/slider_ncm4-2048x213.jpg 2048w, https:\/\/www.iemn.fr\/wp-content\/uploads\/2022\/01\/slider_ncm4-18x2.jpg 18w, https:\/\/www.iemn.fr\/wp-content\/uploads\/2022\/01\/slider_ncm4-1500x156.jpg 1500w, https:\/\/www.iemn.fr\/wp-content\/uploads\/2022\/01\/slider_ncm4-705x73.jpg 705w\" sizes=\"auto, (max-width: 2560px) 100vw, 2560px\" style=\"font-size:36px;color:#000;text-align:left;font-style:normal;text-decoration:none;text-transform:none;font-weight:400;letter-spacing:0px;border-style:solid;border-color:#000;background-position:0% 0%;background-repeat:no-repeat;top:0px;left:-710px;\"><ls-layer style=\"font-size:14px;text-align:left;font-style:normal;text-decoration:none;text-transform:none;font-weight:700;letter-spacing:0px;border-style:solid;border-color:#000;background-position:0% 0%;background-repeat:no-repeat;width:300px;height:30px;left:0px;top:231px;color:#ffffff;line-height:32px;border-radius:6px 6px 6px 6px;padding-left:50px;background-color:rgba(0, 0, 0, 0.57);\" class=\"ls-l ls-ib-icon ls-text-layer\"><i class=\"fa fa-user-circle\" style=\"color:#ffffff;margin-right:0.8em;font-size:1em;transform:translateY( -0.125em );\"><\/i>GROUPE DE RECHERCHE : NCM<\/ls-layer><\/div><div class=\"ls-slide\" data-ls=\"duration:6000;transition2d:5;\"><img loading=\"lazy\" decoding=\"async\" width=\"2600\" height=\"270\" src=\"https:\/\/www.iemn.fr\/wp-content\/uploads\/2018\/09\/groupe_ncm_iemn_lille-2.jpg\" class=\"ls-bg\" alt=\"\" srcset=\"https:\/\/www.iemn.fr\/wp-content\/uploads\/2018\/09\/groupe_ncm_iemn_lille-2.jpg 2600w, https:\/\/www.iemn.fr\/wp-content\/uploads\/2018\/09\/groupe_ncm_iemn_lille-2-300x31.jpg 300w, https:\/\/www.iemn.fr\/wp-content\/uploads\/2018\/09\/groupe_ncm_iemn_lille-2-768x80.jpg 768w, https:\/\/www.iemn.fr\/wp-content\/uploads\/2018\/09\/groupe_ncm_iemn_lille-2-1030x107.jpg 1030w, https:\/\/www.iemn.fr\/wp-content\/uploads\/2018\/09\/groupe_ncm_iemn_lille-2-1500x156.jpg 1500w, https:\/\/www.iemn.fr\/wp-content\/uploads\/2018\/09\/groupe_ncm_iemn_lille-2-705x73.jpg 705w\" sizes=\"auto, (max-width: 2600px) 100vw, 2600px\" \/><img loading=\"lazy\" decoding=\"async\" width=\"2560\" height=\"266\" src=\"https:\/\/www.iemn.fr\/wp-content\/uploads\/2022\/01\/slider_ncm3-scaled.jpg\" class=\"ls-l ls-img-layer\" alt=\"\" srcset=\"https:\/\/www.iemn.fr\/wp-content\/uploads\/2022\/01\/slider_ncm3-scaled.jpg 2560w, https:\/\/www.iemn.fr\/wp-content\/uploads\/2022\/01\/slider_ncm3-300x31.jpg 300w, https:\/\/www.iemn.fr\/wp-content\/uploads\/2022\/01\/slider_ncm3-1030x107.jpg 1030w, https:\/\/www.iemn.fr\/wp-content\/uploads\/2022\/01\/slider_ncm3-768x80.jpg 768w, https:\/\/www.iemn.fr\/wp-content\/uploads\/2022\/01\/slider_ncm3-1536x160.jpg 1536w, https:\/\/www.iemn.fr\/wp-content\/uploads\/2022\/01\/slider_ncm3-2048x213.jpg 2048w, https:\/\/www.iemn.fr\/wp-content\/uploads\/2022\/01\/slider_ncm3-18x2.jpg 18w, https:\/\/www.iemn.fr\/wp-content\/uploads\/2022\/01\/slider_ncm3-1500x156.jpg 1500w, https:\/\/www.iemn.fr\/wp-content\/uploads\/2022\/01\/slider_ncm3-705x73.jpg 705w\" sizes=\"auto, (max-width: 2560px) 100vw, 2560px\" style=\"font-size:36px;color:#000;text-align:left;font-style:normal;text-decoration:none;text-transform:none;font-weight:400;letter-spacing:0px;border-style:solid;border-color:#000;background-position:0% 0%;background-repeat:no-repeat;top:0px;left:-710px;\"><ls-layer style=\"font-size:14px;text-align:left;font-style:normal;text-decoration:none;text-transform:none;font-weight:700;letter-spacing:0px;border-style:solid;border-color:#000;background-position:0% 0%;background-repeat:no-repeat;width:300px;height:30px;left:0px;top:231px;color:#ffffff;line-height:32px;border-radius:6px 6px 6px 6px;padding-left:50px;background-color:rgba(0, 0, 0, 0.57);\" class=\"ls-l ls-ib-icon ls-text-layer\"><i class=\"fa fa-user-circle\" style=\"color:#ffffff;margin-right:0.8em;font-size:1em;transform:translateY( -0.125em );\"><\/i>GROUPE DE RECHERCHE : NCM<\/ls-layer><\/div><div class=\"ls-slide\" data-ls=\"duration:6000;transition2d:5;\"><img loading=\"lazy\" decoding=\"async\" width=\"2600\" height=\"270\" src=\"https:\/\/www.iemn.fr\/wp-content\/uploads\/2018\/09\/groupe_ncm_iemn_lille-2.jpg\" class=\"ls-bg\" alt=\"\" srcset=\"https:\/\/www.iemn.fr\/wp-content\/uploads\/2018\/09\/groupe_ncm_iemn_lille-2.jpg 2600w, https:\/\/www.iemn.fr\/wp-content\/uploads\/2018\/09\/groupe_ncm_iemn_lille-2-300x31.jpg 300w, https:\/\/www.iemn.fr\/wp-content\/uploads\/2018\/09\/groupe_ncm_iemn_lille-2-768x80.jpg 768w, https:\/\/www.iemn.fr\/wp-content\/uploads\/2018\/09\/groupe_ncm_iemn_lille-2-1030x107.jpg 1030w, https:\/\/www.iemn.fr\/wp-content\/uploads\/2018\/09\/groupe_ncm_iemn_lille-2-1500x156.jpg 1500w, https:\/\/www.iemn.fr\/wp-content\/uploads\/2018\/09\/groupe_ncm_iemn_lille-2-705x73.jpg 705w\" sizes=\"auto, (max-width: 2600px) 100vw, 2600px\" \/><img loading=\"lazy\" decoding=\"async\" width=\"2600\" height=\"270\" src=\"https:\/\/www.iemn.fr\/wp-content\/uploads\/2018\/09\/groupe_ncm_iemn_lille-2.jpg\" class=\"ls-l ls-img-layer\" alt=\"\" srcset=\"https:\/\/www.iemn.fr\/wp-content\/uploads\/2018\/09\/groupe_ncm_iemn_lille-2.jpg 2600w, https:\/\/www.iemn.fr\/wp-content\/uploads\/2018\/09\/groupe_ncm_iemn_lille-2-300x31.jpg 300w, https:\/\/www.iemn.fr\/wp-content\/uploads\/2018\/09\/groupe_ncm_iemn_lille-2-768x80.jpg 768w, https:\/\/www.iemn.fr\/wp-content\/uploads\/2018\/09\/groupe_ncm_iemn_lille-2-1030x107.jpg 1030w, https:\/\/www.iemn.fr\/wp-content\/uploads\/2018\/09\/groupe_ncm_iemn_lille-2-1500x156.jpg 1500w, https:\/\/www.iemn.fr\/wp-content\/uploads\/2018\/09\/groupe_ncm_iemn_lille-2-705x73.jpg 705w\" sizes=\"auto, (max-width: 2600px) 100vw, 2600px\" style=\"font-size:36px;color:#000;text-align:left;font-style:normal;text-decoration:none;text-transform:none;font-weight:400;letter-spacing:0px;border-style:solid;border-color:#000;background-position:0% 0%;background-repeat:no-repeat;top:0px;left:-682px;width:2504px;height:260px;\"><ls-layer style=\"font-size:14px;text-align:left;font-style:normal;text-decoration:none;text-transform:none;font-weight:700;letter-spacing:0px;border-style:solid;border-color:#000;background-position:0% 0%;background-repeat:no-repeat;width:300px;height:30px;left:0px;top:231px;color:#ffffff;line-height:32px;border-radius:6px 6px 6px 6px;padding-left:50px;background-color:rgba(0, 0, 0, 0.57);\" class=\"ls-l ls-ib-icon ls-text-layer\"><i class=\"fa fa-user-circle\" style=\"color:#ffffff;margin-right:0.8em;font-size:1em;transform:translateY( -0.125em );\"><\/i>GROUPE DE RECHERCHE : NCM<\/ls-layer><\/div><\/div><\/div><div id='after_layer_slider_1'  class='main_color av_default_container_wrap container_wrap sidebar_right'  ><div class='container av-section-cont-open' ><div class='template-page content  av-content-small alpha units'><div class='post-entry post-entry-type-page post-entry-60696'><div class='entry-content-wrapper clearfix'>\n\n<style type=\"text\/css\" data-created_by=\"avia_inline_auto\" id=\"style-css-av-1mf2b6s-b05bb668dc91a7385566382fc296c268\">\n.flex_column.av-1mf2b6s-b05bb668dc91a7385566382fc296c268{\nborder-width:11px;\nborder-color:#ffffff;\nborder-style:solid;\nborder-radius:0px 0px 0px 0px;\npadding:10px 10px 10px 10px;\nbackground:url(https:\/\/www.iemn.fr\/wp-content\/uploads\/2020\/04\/CV_h-1.png) 100% 0% no-repeat scroll #e5e5e5;\n}\n<\/style>\n<div  class='flex_column av-1mf2b6s-b05bb668dc91a7385566382fc296c268 av_one_fourth  avia-builder-el-1  el_after_av_layerslider  el_before_av_three_fourth  avia-builder-el-first  first no_margin flex_column_div'     ><section  class='av_textblock_section av-k9b5rz0l-b282aa7a52c152db95abf68731031b0d'   itemscope=\"itemscope\" itemtype=\"https:\/\/schema.org\/CreativeWork\" ><div class='avia_textblock'  itemprop=\"text\" ><p><strong><br \/>\n<a href=\"https:\/\/www.iemn.fr\/wp-content\/uploads\/2023\/10\/Clement_Barbot.jpg\"><img loading=\"lazy\" decoding=\"async\" class=\"alignnone wp-image-60697\" src=\"https:\/\/www.iemn.fr\/wp-content\/uploads\/2023\/10\/Clement_Barbot.jpg\" alt=\"\" width=\"150\" height=\"161\" srcset=\"https:\/\/www.iemn.fr\/wp-content\/uploads\/2023\/10\/Clement_Barbot.jpg 200w, https:\/\/www.iemn.fr\/wp-content\/uploads\/2023\/10\/Clement_Barbot-11x12.jpg 11w\" sizes=\"auto, (max-width: 150px) 100vw, 150px\" \/><\/a><\/strong><\/p>\n<p><strong><span style=\"color: #800000;\">Cl\u00e9ment BARBOT<\/span><br \/>\n<\/strong>PhD student \"Epitaxial growth and near-field characterization of InSb nanostructures for advanced electron devices\".<br \/>\n+33 (0)3 20 19 78 65<br \/>\n<a href=\"mailto:clement.barbot@univ-lille.fr\">clement.barbot@univ-lille.fr<\/a><\/p>\n<\/div><\/section><\/div>\n<style type=\"text\/css\" data-created_by=\"avia_inline_auto\" id=\"style-css-av-1c1gt38-43c01166bd9e5fc03259d41e1fb7dc67\">\n.flex_column.av-1c1gt38-43c01166bd9e5fc03259d41e1fb7dc67{\nborder-radius:0px 0px 0px 0px;\npadding:0px 0px 0px 0px;\n}\n<\/style>\n<div  class='flex_column av-1c1gt38-43c01166bd9e5fc03259d41e1fb7dc67 av_three_fourth  avia-builder-el-3  el_after_av_one_fourth  avia-builder-el-last  no_margin flex_column_div av-zero-column-padding'     ><section  class='av_textblock_section av-k9b5d70q-7e414fb1ad0b31386b15a217c9f8c08f'   itemscope=\"itemscope\" itemtype=\"https:\/\/schema.org\/CreativeWork\" ><div class='avia_textblock'  itemprop=\"text\" ><p><strong>Graduated in 2019 from a material science engineering degree at EEIGM (Ecole Europ\u00e9enne d'Ing\u00e9nieur en G\u00e9nie des Mat\u00e9riaux) in Nancy, he studied there all classes of materials in details (glass, wood, ceramics, semiconductors, metals, and so on...). As part of the programme, courses about quantum physics and semiconductors properties were attended as well. Additionally, an international exchange programme he took part at the LTU (Lulea Tekniska Universitet) in Sweden, 2018, offered him the possibility to further study the material characterization techniques (SEM\/TEM, STM; AFM, PL, Raman, XRD, etc...).<\/strong><\/p>\n<p>The various work experience he gained so far (see below) allowed him to build a strong interest, extensive knowledge on the nanotechnology field and to develop a first good hands-on practice with advanced equipments:<\/p>\n<ul>\n<li>6 months lab internship at the IJL (Institut Jean Lamour) in Nancy on ZnO layer optimization via RF sputtering (PVD)<\/li>\n<li>6 months industrial internship at the CRM (Centre de Recherche en M\u00e9tallurgie) in Li\u00e8ge (Belgium) on Alkali Doping (Na,K) of CuInGaSe solar cells<\/li>\n<li>Dec 2019 to July 2022 at IMEC Leuven (Belgium) as a Process Engineer within the in-Line Metrology Team (Inbspection, XRD, Ellipsometry, SEM, Sheetresistance, Chemical Contam ToF-SIMS, etc&#8230;), daily work in 200&amp;300mm Si cleanrooms<\/li>\n<\/ul>\n<p>During his time at IEMN, he will be interested in the SAG (Selective Area Growth) of InSb nanowires via MBE technique on various substrates (GaAs, GaInP, CdTe) and their physical characterization via AFM,STM and Nanoprobe (4PP measurement) in the perspective of evidencing enhanced electronic-transport in such devices.<\/p>\n<\/div><\/section><\/div><\/p>","protected":false},"excerpt":{"rendered":"","protected":false},"author":2,"featured_media":0,"parent":16184,"menu_order":0,"comment_status":"closed","ping_status":"closed","template":"","meta":{"footnotes":""},"class_list":["post-60696","page","type-page","status-publish","hentry"],"_links":{"self":[{"href":"https:\/\/www.iemn.fr\/en\/wp-json\/wp\/v2\/pages\/60696","targetHints":{"allow":["GET"]}}],"collection":[{"href":"https:\/\/www.iemn.fr\/en\/wp-json\/wp\/v2\/pages"}],"about":[{"href":"https:\/\/www.iemn.fr\/en\/wp-json\/wp\/v2\/types\/page"}],"author":[{"embeddable":true,"href":"https:\/\/www.iemn.fr\/en\/wp-json\/wp\/v2\/users\/2"}],"replies":[{"embeddable":true,"href":"https:\/\/www.iemn.fr\/en\/wp-json\/wp\/v2\/comments?post=60696"}],"version-history":[{"count":0,"href":"https:\/\/www.iemn.fr\/en\/wp-json\/wp\/v2\/pages\/60696\/revisions"}],"up":[{"embeddable":true,"href":"https:\/\/www.iemn.fr\/en\/wp-json\/wp\/v2\/pages\/16184"}],"wp:attachment":[{"href":"https:\/\/www.iemn.fr\/en\/wp-json\/wp\/v2\/media?parent=60696"}],"curies":[{"name":"wp","href":"https:\/\/api.w.org\/{rel}","templated":true}]}}