{"id":602,"date":"2012-05-10T15:53:21","date_gmt":"2012-05-10T13:53:21","guid":{"rendered":"https:\/\/www.iemn.fr\/?page_id=602"},"modified":"2012-05-10T15:53:36","modified_gmt":"2012-05-10T13:53:36","slug":"caracterisation-thz","status":"publish","type":"page","link":"https:\/\/www.iemn.fr\/en\/caracterisation-thz","title":{"rendered":"Caract\u00e9risation THz"},"content":{"rendered":"<div>\n<h1>Caract\u00e9risation THz<\/h1>\n<\/div>\n<p>Activit\u00e9 sub-millim\u00e9trique\u00a0: G\u00e9n\u00e9ration d\u2019ondes THz<\/p>\n<p>Une activit\u00e9 de caract\u00e9risation aux fr\u00e9quences t\u00e9rahertz (THz) a \u00e9t\u00e9 d\u00e9velopp\u00e9e depuis 1999. L\u2019approche initialement \u00e9tudi\u00e9e se situe dans le domaine temporel, et est bas\u00e9 sur une m\u00e9thode d\u2019\u00e9chantillonnage \u00e9lectro-optique construite autour d\u2019un laser \u00e0 impulsions femto-seconde. Les impulsions \u00e9lectriques THz sont g\u00e9n\u00e9r\u00e9es par des photo-conducteurs fabriqu\u00e9s sur la base de semi-conducteurs \u00e0 temps de vie ultra court (sub-ps), comme le GaAs \u00e9pitaxi\u00e9 \u00e0 basse temp\u00e9rature. Le temps de mont\u00e9e de ces impulsions est de 500 fs, la gamme de fr\u00e9quence couverte allant de 100 GHz \u00e0 2 THz. Ensuite, ces impulsions large bande sont d\u00e9tect\u00e9es par une technique d\u2019\u00e9lectro-absorption propre \u00e0 l\u2019IEMN.<\/p>\n<p>En parall\u00e8le \u00e0 la g\u00e9n\u00e9ration\/r\u00e9ception r\u00e9solue dans le temps des impulsions THz, une activit\u00e9 de g\u00e9n\u00e9ration de signaux THz-CW a d\u00e9marr\u00e9 depuis 2002. Cette g\u00e9n\u00e9ration est r\u00e9alis\u00e9e par l\u2019injection optique de deux sources lasers de deux fr\u00e9quences diff\u00e9rentes dans un semi-conducteur. Deux voies de r\u00e9alisation sont possibles\u00a0: d\u2019une part les photoconducteurs sur semi-conducteurs \u00e0 temps de vie court (GaAs-BT) et d\u2019autre part les photo-diodes \u00e0 grande bande passante (UTC, Uni Travelling Carrier). Ces deux voies d\u2019\u00e9tude aboutissent \u00e0 la g\u00e9n\u00e9ration de signaux THz continus (THz-CW), l\u2019accord de fr\u00e9quence \u00e9tant obtenu par l\u2019accordabilit\u00e9 des sources laser.<\/p>\n<p>Les applications de la g\u00e9n\u00e9ration d\u2019onde THz, en mode impulsionnel ou bien en mode continu (THz-CW) peuvent-\u00eatre, entre autres, le test de composants sur de tr\u00e8s hautes bandes de fr\u00e9quence (centaines de GHz), l\u2019imagerie, \u2026<\/p>\n<p>&nbsp;<\/p>\n<p><a href=\"https:\/\/www.iemn.fr\/wp-content\/uploads\/2012\/05\/3foto_thz_v1.jpg\"><img loading=\"lazy\" decoding=\"async\" class=\"aligncenter size-medium wp-image-603\" title=\"Caract\u00e9risation THz\" src=\"https:\/\/www.iemn.fr\/wp-content\/uploads\/2012\/05\/3foto_thz_v1-300x216.jpg\" alt=\"Caract\u00e9risation THz\" width=\"300\" height=\"216\" \/><\/a><\/p>","protected":false},"excerpt":{"rendered":"<p>Caract\u00e9risation THz Activit\u00e9 sub-millim\u00e9trique\u00a0: G\u00e9n\u00e9ration d\u2019ondes THz Une activit\u00e9 de caract\u00e9risation aux fr\u00e9quences t\u00e9rahertz (THz) a \u00e9t\u00e9 d\u00e9velopp\u00e9e depuis 1999. L\u2019approche initialement \u00e9tudi\u00e9e se situe dans le domaine temporel, et est bas\u00e9 sur une m\u00e9thode d\u2019\u00e9chantillonnage \u00e9lectro-optique construite autour d\u2019un laser \u00e0 impulsions femto-seconde. Les impulsions \u00e9lectriques THz sont g\u00e9n\u00e9r\u00e9es par des photo-conducteurs fabriqu\u00e9s sur [&hellip;]<\/p>","protected":false},"author":2,"featured_media":0,"parent":0,"menu_order":0,"comment_status":"closed","ping_status":"open","template":"","meta":{"footnotes":""},"class_list":["post-602","page","type-page","status-publish","hentry"],"_links":{"self":[{"href":"https:\/\/www.iemn.fr\/en\/wp-json\/wp\/v2\/pages\/602","targetHints":{"allow":["GET"]}}],"collection":[{"href":"https:\/\/www.iemn.fr\/en\/wp-json\/wp\/v2\/pages"}],"about":[{"href":"https:\/\/www.iemn.fr\/en\/wp-json\/wp\/v2\/types\/page"}],"author":[{"embeddable":true,"href":"https:\/\/www.iemn.fr\/en\/wp-json\/wp\/v2\/users\/2"}],"replies":[{"embeddable":true,"href":"https:\/\/www.iemn.fr\/en\/wp-json\/wp\/v2\/comments?post=602"}],"version-history":[{"count":0,"href":"https:\/\/www.iemn.fr\/en\/wp-json\/wp\/v2\/pages\/602\/revisions"}],"wp:attachment":[{"href":"https:\/\/www.iemn.fr\/en\/wp-json\/wp\/v2\/media?parent=602"}],"curies":[{"name":"wp","href":"https:\/\/api.w.org\/{rel}","templated":true}]}}