{"id":598,"date":"2012-05-10T15:50:55","date_gmt":"2012-05-10T13:50:55","guid":{"rendered":"https:\/\/www.iemn.fr\/?page_id=598"},"modified":"2012-05-10T15:51:10","modified_gmt":"2012-05-10T13:51:10","slug":"mesures-en-temperature","status":"publish","type":"page","link":"https:\/\/www.iemn.fr\/en\/mesures-en-temperature","title":{"rendered":"Mesures en temp\u00e9rature"},"content":{"rendered":"<h1>Mesures en temp\u00e9rature<\/h1>\n<p>&nbsp;<\/p>\n<p><a href=\"https:\/\/www.iemn.fr\/wp-content\/uploads\/2012\/05\/banccryocor2_01.jpg\"><img loading=\"lazy\" decoding=\"async\" class=\"aligncenter size-large wp-image-599\" title=\"Mesures en temp\u00e9rature\" src=\"https:\/\/www.iemn.fr\/wp-content\/uploads\/2012\/05\/banccryocor2_01-764x1024.jpg\" alt=\"Mesures en temp\u00e9rature\" width=\"584\" height=\"782\" \/><\/a><\/p>\n<p>&nbsp;<\/p>\n<p>La centrale de caract\u00e9risation est \u00e9quip\u00e9e de deux stations sous pointes hyperfr\u00e9quences basses et hautes temp\u00e9ratures. Une station cryog\u00e9nique sous pointes de type JANIS permet d\u2019effectuer des mesures hyperfr\u00e9quences jusque 67 GHz pour des temp\u00e9ratures allant de 400K \u00e0 4.5K. Elle permet entre autre de d\u00e9terminer le mod\u00e8le de bruit des composants.<\/p>\n<p>Une autre station \u00e9quip\u00e9e d\u2019un \u00ab\u00a0chuck\u00a0\u00bb chauffant et de deux supports de sondes hyperfr\u00e9quences sp\u00e9cifiquement d\u00e9velopp\u00e9s et optimis\u00e9s au sein du laboratoire, nous permettent d\u2019effectuer des mesures sous pointes jusque 40 GHz \u00e0 de tr\u00e8s hautes temp\u00e9ratures (600K max).<\/p>","protected":false},"excerpt":{"rendered":"<p>Mesures en temp\u00e9rature &nbsp; &nbsp; La centrale de caract\u00e9risation est \u00e9quip\u00e9e de deux stations sous pointes hyperfr\u00e9quences basses et hautes temp\u00e9ratures. Une station cryog\u00e9nique sous pointes de type JANIS permet d\u2019effectuer des mesures hyperfr\u00e9quences jusque 67 GHz pour des temp\u00e9ratures allant de 400K \u00e0 4.5K. Elle permet entre autre de d\u00e9terminer le mod\u00e8le de bruit [&hellip;]<\/p>","protected":false},"author":2,"featured_media":0,"parent":0,"menu_order":0,"comment_status":"closed","ping_status":"open","template":"","meta":{"footnotes":""},"class_list":["post-598","page","type-page","status-publish","hentry"],"_links":{"self":[{"href":"https:\/\/www.iemn.fr\/en\/wp-json\/wp\/v2\/pages\/598","targetHints":{"allow":["GET"]}}],"collection":[{"href":"https:\/\/www.iemn.fr\/en\/wp-json\/wp\/v2\/pages"}],"about":[{"href":"https:\/\/www.iemn.fr\/en\/wp-json\/wp\/v2\/types\/page"}],"author":[{"embeddable":true,"href":"https:\/\/www.iemn.fr\/en\/wp-json\/wp\/v2\/users\/2"}],"replies":[{"embeddable":true,"href":"https:\/\/www.iemn.fr\/en\/wp-json\/wp\/v2\/comments?post=598"}],"version-history":[{"count":0,"href":"https:\/\/www.iemn.fr\/en\/wp-json\/wp\/v2\/pages\/598\/revisions"}],"wp:attachment":[{"href":"https:\/\/www.iemn.fr\/en\/wp-json\/wp\/v2\/media?parent=598"}],"curies":[{"name":"wp","href":"https:\/\/api.w.org\/{rel}","templated":true}]}}