{"id":59367,"date":"2023-09-12T11:34:52","date_gmt":"2023-09-12T09:34:52","guid":{"rendered":"https:\/\/www.iemn.fr\/?page_id=59367"},"modified":"2024-10-17T14:54:31","modified_gmt":"2024-10-17T12:54:31","slug":"projet-anr-twins","status":"publish","type":"page","link":"https:\/\/www.iemn.fr\/en\/projet-anr-twins","title":{"rendered":"ANR TWINS project"},"content":{"rendered":"<style type=\"text\/css\" data-created_by=\"avia_inline_auto\" id=\"style-css-av-obgwup-e849561b42eb2866e0aa5229228349dd\">\n.flex_column.av-obgwup-e849561b42eb2866e0aa5229228349dd{\nborder-radius:0px 0px 0px 0px;\npadding:0px 0px 0px 0px;\n}\n<\/style>\n<div  class='flex_column av-obgwup-e849561b42eb2866e0aa5229228349dd av_one_full  avia-builder-el-0  el_before_av_one_full  avia-builder-el-first  first flex_column_div av-zero-column-padding'     ><style type=\"text\/css\" data-created_by=\"avia_inline_auto\" id=\"style-css-av-l48hjacc-51f1c3abb998a01ce275ef5054d6adcb\">\n.avia-image-container.av-l48hjacc-51f1c3abb998a01ce275ef5054d6adcb img.avia_image{\nbox-shadow:none;\n}\n.avia-image-container.av-l48hjacc-51f1c3abb998a01ce275ef5054d6adcb .av-image-caption-overlay-center{\ncolor:#ffffff;\n}\n<\/style>\n<div  class='avia-image-container av-l48hjacc-51f1c3abb998a01ce275ef5054d6adcb av-styling- avia-align-center  avia-builder-el-1  avia-builder-el-no-sibling'   itemprop=\"image\" itemscope=\"itemscope\" itemtype=\"https:\/\/schema.org\/ImageObject\" ><div class=\"avia-image-container-inner\"><div class=\"avia-image-overlay-wrap\"><img decoding=\"async\" fetchpriority=\"high\" class='wp-image-53098 avia-img-lazy-loading-not-53098 avia_image' src=\"https:\/\/www.iemn.fr\/wp-content\/uploads\/2022\/06\/logo_anr.jpg\" alt='' title='logo_anr'  height=\"85\" width=\"300\"  itemprop=\"thumbnailUrl\" srcset=\"https:\/\/www.iemn.fr\/wp-content\/uploads\/2022\/06\/logo_anr.jpg 300w, https:\/\/www.iemn.fr\/wp-content\/uploads\/2022\/06\/logo_anr-18x5.jpg 18w\" sizes=\"(max-width: 300px) 100vw, 300px\" \/><\/div><\/div><\/div><\/div>\n\n<style type=\"text\/css\" data-created_by=\"avia_inline_auto\" id=\"style-css-av-l48hejsx-e4793490ff2a2a809d51b2d1d36f4496\">\n.flex_column.av-l48hejsx-e4793490ff2a2a809d51b2d1d36f4496{\nborder-radius:20px 20px 20px 20px;\npadding:10px 10px 10px 10px;\nbackground-color:#ebb401;\n}\n<\/style>\n<div  class='flex_column av-l48hejsx-e4793490ff2a2a809d51b2d1d36f4496 av_one_full  avia-builder-el-2  el_after_av_one_full  el_before_av_one_full  first flex_column_div  column-top-margin'     ><section  class='av_textblock_section av-l48hdtga-55abfa5656db44fdd76b37aed52962f6'   itemscope=\"itemscope\" itemtype=\"https:\/\/schema.org\/CreativeWork\" ><div class='avia_textblock'  itemprop=\"text\" ><h3 style=\"text-align: center;\">Projet ANR -23-CE51-0011<\/h3>\n<\/div><\/section><\/div>\n\n<style type=\"text\/css\" data-created_by=\"avia_inline_auto\" id=\"style-css-av-lkgiy9-6fe9252508a87bef590816866096ff99\">\n.flex_column.av-lkgiy9-6fe9252508a87bef590816866096ff99{\nborder-radius:0px 0px 0px 0px;\npadding:20px 0px 20px 0px;\n}\n<\/style>\n<div  class='flex_column av-lkgiy9-6fe9252508a87bef590816866096ff99 av_one_full  avia-builder-el-4  el_after_av_one_full  el_before_av_textblock  first flex_column_div  column-top-margin'     ><section  class='av_textblock_section av-l48g5n3e-d14dff6097a6073ddf6a61e5992886d8'   itemscope=\"itemscope\" itemtype=\"https:\/\/schema.org\/CreativeWork\" ><div class='avia_textblock'  itemprop=\"text\" ><h4>\n<style type=\"text\/css\" data-created_by=\"avia_inline_auto\" id=\"style-css-av-mqde7m-b8f4c22e6bbeb9225144fbb1e9b8c6d8\">\n.av_font_icon.av-mqde7m-b8f4c22e6bbeb9225144fbb1e9b8c6d8{\ncolor:#ebb401;\nborder-color:#ebb401;\n}\n.av_font_icon.av-mqde7m-b8f4c22e6bbeb9225144fbb1e9b8c6d8 .av-icon-char{\nfont-size:25px;\nline-height:25px;\n}\n<\/style>\n<span  class='av_font_icon av-mqde7m-b8f4c22e6bbeb9225144fbb1e9b8c6d8 avia_animate_when_visible av-icon-style- avia-icon-pos-left avia-icon-animate'><span class='av-icon-char' aria-hidden='true' data-av_icon='\ue889' data-av_iconfont='entypo-fontello' ><\/span><\/span>TWINS<\/h4>\n<h5>Towards the co-integration of high frequency devices on epitaxial ScAlN<br \/>\nVers la co-int\u00e9gration de dispositifs haute fr\u00e9quence sur ScAlN \u00e9pitaxi\u00e9<\/h5>\n<\/div><\/section><\/div>\n<section  class='av_textblock_section av-l48g64e5-b1c6fc41ede5d9ffe50c71bec5ec6310'   itemscope=\"itemscope\" itemtype=\"https:\/\/schema.org\/CreativeWork\" ><div class='avia_textblock'  itemprop=\"text\" ><p style=\"font-weight: 400;\"><strong>The communications network will undergo enormous changes in the coming years, with the surge in data traffic for mobile telecommunications and the emergence of the Internet of Things.<\/strong> The need to meet this demand calls for monolithic device integration to reduce costs and circuit size, while increasing functionality and performance. The 1-10 GHz frequency range, of great interest for telecommunications including beyond 7 GHz for future 6G, requires the development of high crystalline quality materials such as nitrides for the development of critical elements such as power amplifiers. ScAlN is currently considered the most promising barrier-zone material for the next generation of RF HEMTs (high electron mobility transistors), replacing AlGaN or AlN materials due to its high carrier density and mobility. In addition, thick ScAlN is currently used as a piezoelectric material for surface acoustic wave (SAW) devices, although their performance is currently limited by the crystalline quality of the sputtered materials. These devices will therefore be able to benefit from the advantages of epitaxial ScAlN with improved crystalline quality, all the more so for operation in the 1-10 GHz frequency range.<\/p>\n<p><span style=\"font-weight: 400;\"><strong>Against this backdrop, the ambition of the TWINS project is to demonstrate the potential of epitaxial ScAlN for fabricating high-performance RF devices, and to provide an insight into the technological avenues for their monolithic co-integration on the same substrate.<\/strong> This will enable the development of a monolithic, voltage-controlled oscillator operating in the 1-10GHz range, based on the joint use of SAW devices and transistors. ScAlN will be grown by molecular jet epitaxy to achieve high crystal quality. The elementary devices required for the targeted application (SAW and transistors) will be the subject of specific growth technology development. Finally, the possibility of using localized epitaxy will be investigated to benefit from the optimization of the individual structure on the same substrate in order to co-integrate the two devices.<\/span><br \/>\n<a href=\"https:\/\/www.iemn.fr\/wp-content\/uploads\/2023\/09\/visuel_twins.jpg\"><img loading=\"lazy\" decoding=\"async\" class=\"wp-image-59368 size-full aligncenter\" src=\"https:\/\/www.iemn.fr\/wp-content\/uploads\/2023\/09\/visuel_twins.jpg\" alt=\"\" width=\"587\" height=\"247\" srcset=\"https:\/\/www.iemn.fr\/wp-content\/uploads\/2023\/09\/visuel_twins.jpg 587w, https:\/\/www.iemn.fr\/wp-content\/uploads\/2023\/09\/visuel_twins-300x126.jpg 300w, https:\/\/www.iemn.fr\/wp-content\/uploads\/2023\/09\/visuel_twins-18x8.jpg 18w\" sizes=\"auto, (max-width: 587px) 100vw, 587px\" \/><\/a><a href=\"https:\/\/www.iemn.fr\/wp-content\/uploads\/2022\/06\/croquis1.jpg\"><br \/>\n<\/a><\/p>\n<\/div><\/section>\n\n<style type=\"text\/css\" data-created_by=\"avia_inline_auto\" id=\"style-css-av-lkgiy9-6fe9252508a87bef590816866096ff99\">\n.flex_column.av-lkgiy9-6fe9252508a87bef590816866096ff99{\nborder-radius:0px 0px 0px 0px;\npadding:20px 0px 20px 0px;\n}\n<\/style>\n<div  class='flex_column av-lkgiy9-6fe9252508a87bef590816866096ff99 av_one_full  avia-builder-el-8  el_after_av_textblock  el_before_av_one_half  first flex_column_div  column-top-margin'     ><section  class='av_textblock_section av-l48g5n3e-d14dff6097a6073ddf6a61e5992886d8'   itemscope=\"itemscope\" itemtype=\"https:\/\/schema.org\/CreativeWork\" ><div class='avia_textblock'  itemprop=\"text\" ><h4>\n<style type=\"text\/css\" data-created_by=\"avia_inline_auto\" id=\"style-css-av-mqde7m-b8f4c22e6bbeb9225144fbb1e9b8c6d8\">\n.av_font_icon.av-mqde7m-b8f4c22e6bbeb9225144fbb1e9b8c6d8{\ncolor:#ebb401;\nborder-color:#ebb401;\n}\n.av_font_icon.av-mqde7m-b8f4c22e6bbeb9225144fbb1e9b8c6d8 .av-icon-char{\nfont-size:25px;\nline-height:25px;\n}\n<\/style>\n<span  class='av_font_icon av-mqde7m-b8f4c22e6bbeb9225144fbb1e9b8c6d8 avia_animate_when_visible av-icon-style- avia-icon-pos-left avia-icon-animate'><span class='av-icon-char' aria-hidden='true' data-av_icon='\ue889' data-av_iconfont='entypo-fontello' ><\/span><\/span>Partners<\/h4>\n<h5><\/h5>\n<\/div><\/section><\/div>\n<div class='flex_column_table av-237o9w1-cd438bafe80ab5c33f888bda2691441e sc-av_one_half av-equal-height-column-flextable'>\n<style type=\"text\/css\" data-created_by=\"avia_inline_auto\" id=\"style-css-av-237o9w1-cd438bafe80ab5c33f888bda2691441e\">\n@keyframes av_boxShadowEffect_av-237o9w1-cd438bafe80ab5c33f888bda2691441e-column {\n0%   { box-shadow:  0 0 0 0 #d3d3d3; opacity: 1; }\n100% { box-shadow:  0 0 10px 0 #d3d3d3; opacity: 1; }\n}\n.flex_column.av-237o9w1-cd438bafe80ab5c33f888bda2691441e{\nbox-shadow: 0 0 10px 0 #d3d3d3;\nborder-width:2px;\nborder-color:#cccccc;\nborder-style:solid;\nborder-radius:10px 10px 10px 10px;\npadding:20px 20px 20px 20px;\n}\n<\/style>\n<div  class='flex_column av-237o9w1-cd438bafe80ab5c33f888bda2691441e av_one_half  avia-builder-el-11  el_after_av_one_full  el_before_av_one_half  first flex_column_table_cell av-equal-height-column av-align-middle shadow-not-animated  column-top-margin'     ><section  class='av_textblock_section av-l48gdxv4-2ae09003fd94017ae2e0fee6578cc2d3'   itemscope=\"itemscope\" itemtype=\"https:\/\/schema.org\/CreativeWork\" ><div class='avia_textblock'  itemprop=\"text\" ><h4><a href=\"https:\/\/www.iemn.fr\/en\/\"><img loading=\"lazy\" decoding=\"async\" class=\"alignnone size-medium wp-image-42329 aligncenter\" src=\"https:\/\/www.iemn.fr\/wp-content\/uploads\/2020\/09\/logo_iemn_def-300x110.jpg\" alt=\"\" width=\"300\" height=\"110\" srcset=\"https:\/\/www.iemn.fr\/wp-content\/uploads\/2020\/09\/logo_iemn_def-300x110.jpg 300w, https:\/\/www.iemn.fr\/wp-content\/uploads\/2020\/09\/logo_iemn_def.jpg 340w\" sizes=\"auto, (max-width: 300px) 100vw, 300px\" \/><\/a><\/h4>\n<h4 style=\"text-align: center;\"><strong>Institut d\u2019Electronique, de Micro\u00e9lectronique et de Nanotechnologie, IEMN<\/strong><\/h4>\n<h5 style=\"text-align: center;\"><em>Coordinatrice : Marie Lesecq<br \/>\n<a href=\"mailto:marie.lesecq@univ-lille.fr\">marie.lesecq@univ-lille.fr<\/a><\/em><\/h5>\n<\/div><\/section><\/div>\n<div class='av-flex-placeholder'><\/div>\n<style type=\"text\/css\" data-created_by=\"avia_inline_auto\" id=\"style-css-av-237o9w1-7b69530381d1b97bd96abd8a80c1793f\">\n@keyframes av_boxShadowEffect_av-237o9w1-7b69530381d1b97bd96abd8a80c1793f-column {\n0%   { box-shadow:  0 0 0 0 #d3d3d3; opacity: 1; }\n100% { box-shadow:  0 0 10px 0 #d3d3d3; opacity: 1; }\n}\n.flex_column.av-237o9w1-7b69530381d1b97bd96abd8a80c1793f{\nbox-shadow: 0 0 10px 0 #d3d3d3;\nborder-width:2px;\nborder-color:#cccccc;\nborder-style:solid;\nborder-radius:10px 10px 10px 10px;\npadding:20px 20px 20px 20px;\n}\n<\/style>\n<div  class='flex_column av-237o9w1-7b69530381d1b97bd96abd8a80c1793f av_one_half  avia-builder-el-13  el_after_av_one_half  el_before_av_one_half  flex_column_table_cell av-equal-height-column av-align-middle shadow-not-animated  column-top-margin'     ><section  class='av_textblock_section av-l48gdxv4-2ae09003fd94017ae2e0fee6578cc2d3'   itemscope=\"itemscope\" itemtype=\"https:\/\/schema.org\/CreativeWork\" ><div class='avia_textblock'  itemprop=\"text\" ><h4><a href=\"https:\/\/ijl.univ-lorraine.fr\" target=\"_blank\" rel=\"noopener\"><img loading=\"lazy\" decoding=\"async\" class=\"alignnone wp-image-59371 size-full aligncenter\" src=\"https:\/\/www.iemn.fr\/wp-content\/uploads\/2023\/09\/logo_ijl.jpg\" alt=\"\" width=\"200\" height=\"69\" srcset=\"https:\/\/www.iemn.fr\/wp-content\/uploads\/2023\/09\/logo_ijl.jpg 200w, https:\/\/www.iemn.fr\/wp-content\/uploads\/2023\/09\/logo_ijl-18x6.jpg 18w\" sizes=\"auto, (max-width: 200px) 100vw, 200px\" \/><\/a><\/h4>\n<h5 style=\"text-align: center;\"><em>Responsable scientifique : Omar Elmazria<br \/>\n<a href=\"mailto:omar.elmazria@univ-lorraine.fr\">omar.elmazria@univ-lorraine.fr<\/a><\/em><\/h5>\n<\/div><\/section><\/div><\/div><!--close column table wrapper. Autoclose: 1 -->\n<div class='flex_column_table av-237o9w1-cd438bafe80ab5c33f888bda2691441e sc-av_one_half av-equal-height-column-flextable'>\n<style type=\"text\/css\" data-created_by=\"avia_inline_auto\" id=\"style-css-av-237o9w1-cd438bafe80ab5c33f888bda2691441e\">\n@keyframes av_boxShadowEffect_av-237o9w1-cd438bafe80ab5c33f888bda2691441e-column {\n0%   { box-shadow:  0 0 0 0 #d3d3d3; opacity: 1; }\n100% { box-shadow:  0 0 10px 0 #d3d3d3; opacity: 1; }\n}\n.flex_column.av-237o9w1-cd438bafe80ab5c33f888bda2691441e{\nbox-shadow: 0 0 10px 0 #d3d3d3;\nborder-width:2px;\nborder-color:#cccccc;\nborder-style:solid;\nborder-radius:10px 10px 10px 10px;\npadding:20px 20px 20px 20px;\n}\n<\/style>\n<div  class='flex_column av-237o9w1-cd438bafe80ab5c33f888bda2691441e av_one_half  avia-builder-el-15  el_after_av_one_half  el_before_av_one_half  first flex_column_table_cell av-equal-height-column av-align-middle shadow-not-animated  column-top-margin'     ><section  class='av_textblock_section av-l48gdxv4-2ae09003fd94017ae2e0fee6578cc2d3'   itemscope=\"itemscope\" itemtype=\"https:\/\/schema.org\/CreativeWork\" ><div class='avia_textblock'  itemprop=\"text\" ><h4><a href=\"https:\/\/www.crhea.cnrs.fr\" target=\"_blank\" rel=\"noopener\"><img loading=\"lazy\" decoding=\"async\" class=\"alignnone wp-image-59372 size-full aligncenter\" src=\"https:\/\/www.iemn.fr\/wp-content\/uploads\/2023\/09\/logo_crhea.jpg\" alt=\"\" width=\"200\" height=\"94\" srcset=\"https:\/\/www.iemn.fr\/wp-content\/uploads\/2023\/09\/logo_crhea.jpg 200w, https:\/\/www.iemn.fr\/wp-content\/uploads\/2023\/09\/logo_crhea-18x8.jpg 18w\" sizes=\"auto, (max-width: 200px) 100vw, 200px\" \/><\/a><\/h4>\n<h5 style=\"text-align: center;\"><em>Responsable scientifique : Maxime Hugues<br \/>\n<a href=\"mailto:maxime.hugues@crhea.cnrs.fr\">maxime.hugues@crhea.cnrs.fr<\/a><\/em><\/h5>\n<\/div><\/section><\/div>\n<div class='av-flex-placeholder'><\/div>\n<style type=\"text\/css\" data-created_by=\"avia_inline_auto\" id=\"style-css-av-237o9w1-7685416d55eef293c52e426b0e463002\">\n.flex_column.av-237o9w1-7685416d55eef293c52e426b0e463002{\nborder-width:2px;\nborder-color:#ffffff;\nborder-style:solid;\nborder-radius:10px 10px 10px 10px;\npadding:20px 20px 20px 20px;\n}\n<\/style>\n<div  class='flex_column av-237o9w1-7685416d55eef293c52e426b0e463002 av_one_half  avia-builder-el-17  el_after_av_one_half  el_before_av_one_full  flex_column_table_cell av-equal-height-column av-align-middle  column-top-margin'     ><\/div><\/div><!--close column table wrapper. Autoclose: 1 -->\n\n<style type=\"text\/css\" data-created_by=\"avia_inline_auto\" id=\"style-css-av-lkgiy9-6fe9252508a87bef590816866096ff99\">\n.flex_column.av-lkgiy9-6fe9252508a87bef590816866096ff99{\nborder-radius:0px 0px 0px 0px;\npadding:20px 0px 20px 0px;\n}\n<\/style>\n<div  class='flex_column av-lkgiy9-6fe9252508a87bef590816866096ff99 av_one_full  avia-builder-el-18  el_after_av_one_half  el_before_av_sidebar  first flex_column_div  column-top-margin'     ><section  class='av_textblock_section av-l48g5n3e-d14dff6097a6073ddf6a61e5992886d8'   itemscope=\"itemscope\" itemtype=\"https:\/\/schema.org\/CreativeWork\" ><div class='avia_textblock'  itemprop=\"text\" ><h4>\n<style type=\"text\/css\" data-created_by=\"avia_inline_auto\" id=\"style-css-av-mqde7m-e840e0f0038803c4902c4483cceaf705\">\n.av_font_icon.av-mqde7m-e840e0f0038803c4902c4483cceaf705{\ncolor:#ebb401;\nborder-color:#ebb401;\n}\n.av_font_icon.av-mqde7m-e840e0f0038803c4902c4483cceaf705 .av-icon-char{\nfont-size:25px;\nline-height:25px;\n}\n<\/style>\n<span  class='av_font_icon av-mqde7m-e840e0f0038803c4902c4483cceaf705 avia_animate_when_visible av-icon-style- avia-icon-pos-left avia-icon-animate'><span class='av-icon-char' aria-hidden='true' data-av_icon='\ue826' data-av_iconfont='entypo-fontello' ><\/span><\/span><\/h4>\n<h4><a href=\"https:\/\/haltools.archives-ouvertes.fr\/Public\/afficheRequetePubli.php?projet_anr=97845&amp;CB_auteur=oui&amp;CB_titre=oui&amp;CB_identifiant=oui&amp;CB_article=oui&amp;CB_vignette=oui&amp;langue=Anglais&amp;tri_exp=annee_publi&amp;tri_exp2=typdoc&amp;tri_exp3=date_publi&amp;ordre_aff=TA&amp;CB_rubriqueDiv=oui&amp;Fen=Aff&amp;css=..\/css\/VisuRubriqueEncadre.css\" target=\"_blank\" rel=\"noopener\">Discover all TWINS publications<\/a><\/h4>\n<h5><\/h5>\n<\/div><\/section><\/div><div  class='avia-builder-widget-area clearfix  avia-builder-el-21  el_after_av_one_full  avia-builder-el-last'><div id=\"hal-plus-publications-13\" class=\"widget clearfix wphal-plus-publications\"><h3 class=\"widgettitle\">Recently published by partner IEMN<\/h3><ul class=\"widhal-ul\"><li class=\"widhal-li\"><a href=\"https:\/\/hal.science\/hal-05467612v1\" target=\"_blank\" rel=\"noopener\">Demonstration of ScAlN\/GaN RF HEMTs on silicon substrate<\/a><\/li><li class=\"widhal-li\"><a href=\"https:\/\/hal.science\/hal-05467212v1\" target=\"_blank\" rel=\"noopener\">Development of ScAlN\/GaN High Electron Mobility Transistor on silicon substrate for RF applications<\/a><\/li><li class=\"widhal-li\"><a href=\"https:\/\/hal.science\/hal-05168319v1\" target=\"_blank\" rel=\"noopener\">Influence of Growth Temperature and Scandium Concentration on the Surface Oxidation of ScAlN Films Grown by Molecular Beam Epitaxy<\/a><\/li><li class=\"widhal-li\"><a href=\"https:\/\/hal.science\/hal-05467164v1\" target=\"_blank\" rel=\"noopener\">Co-Integration of High-Frequency Devices on Epitaxial ScAlN for Tunable RF SAW Filters<\/a><\/li><li class=\"widhal-li\"><a href=\"https:\/\/hal.science\/hal-05201862v1\" target=\"_blank\" rel=\"noopener\">Ammonia-MBE growth of ScAlN for high power\/high frequency electronics<\/a><\/li><li class=\"widhal-li\"><a href=\"https:\/\/hal.science\/hal-05440883v1\" target=\"_blank\" rel=\"noopener\">Surface oxidation and oxygen incorporation in ScAlN films grown by molecular beam epitaxy<\/a><\/li><\/ul><\/div><\/div><\/p>","protected":false},"excerpt":{"rendered":"","protected":false},"author":2,"featured_media":0,"parent":0,"menu_order":0,"comment_status":"closed","ping_status":"closed","template":"","meta":{"footnotes":""},"class_list":["post-59367","page","type-page","status-publish","hentry"],"_links":{"self":[{"href":"https:\/\/www.iemn.fr\/en\/wp-json\/wp\/v2\/pages\/59367","targetHints":{"allow":["GET"]}}],"collection":[{"href":"https:\/\/www.iemn.fr\/en\/wp-json\/wp\/v2\/pages"}],"about":[{"href":"https:\/\/www.iemn.fr\/en\/wp-json\/wp\/v2\/types\/page"}],"author":[{"embeddable":true,"href":"https:\/\/www.iemn.fr\/en\/wp-json\/wp\/v2\/users\/2"}],"replies":[{"embeddable":true,"href":"https:\/\/www.iemn.fr\/en\/wp-json\/wp\/v2\/comments?post=59367"}],"version-history":[{"count":0,"href":"https:\/\/www.iemn.fr\/en\/wp-json\/wp\/v2\/pages\/59367\/revisions"}],"wp:attachment":[{"href":"https:\/\/www.iemn.fr\/en\/wp-json\/wp\/v2\/media?parent=59367"}],"curies":[{"name":"wp","href":"https:\/\/api.w.org\/{rel}","templated":true}]}}