{"id":55034,"date":"2022-10-11T09:05:31","date_gmt":"2022-10-11T07:05:31","guid":{"rendered":"https:\/\/www.iemn.fr\/?page_id=55034"},"modified":"2024-04-04T09:45:50","modified_gmt":"2024-04-04T07:45:50","slug":"projet-anr-wisstitwin","status":"publish","type":"page","link":"https:\/\/www.iemn.fr\/en\/projet-anr-wisstitwin","title":{"rendered":"Projet ANR WISSTITWIN"},"content":{"rendered":"<style type=\"text\/css\" data-created_by=\"avia_inline_auto\" id=\"style-css-av-obgwup-e849561b42eb2866e0aa5229228349dd\">\n.flex_column.av-obgwup-e849561b42eb2866e0aa5229228349dd{\nborder-radius:0px 0px 0px 0px;\npadding:0px 0px 0px 0px;\n}\n<\/style>\n<div  class='flex_column av-obgwup-e849561b42eb2866e0aa5229228349dd av_one_full  avia-builder-el-0  el_before_av_one_full  avia-builder-el-first  first flex_column_div av-zero-column-padding'     ><style type=\"text\/css\" data-created_by=\"avia_inline_auto\" id=\"style-css-av-l48hjacc-51f1c3abb998a01ce275ef5054d6adcb\">\n.avia-image-container.av-l48hjacc-51f1c3abb998a01ce275ef5054d6adcb img.avia_image{\nbox-shadow:none;\n}\n.avia-image-container.av-l48hjacc-51f1c3abb998a01ce275ef5054d6adcb .av-image-caption-overlay-center{\ncolor:#ffffff;\n}\n<\/style>\n<div  class='avia-image-container av-l48hjacc-51f1c3abb998a01ce275ef5054d6adcb av-styling- avia-align-center  avia-builder-el-1  avia-builder-el-no-sibling'   itemprop=\"image\" itemscope=\"itemscope\" itemtype=\"https:\/\/schema.org\/ImageObject\" ><div class=\"avia-image-container-inner\"><div class=\"avia-image-overlay-wrap\"><img decoding=\"async\" fetchpriority=\"high\" class='wp-image-53098 avia-img-lazy-loading-not-53098 avia_image' src=\"https:\/\/www.iemn.fr\/wp-content\/uploads\/2022\/06\/logo_anr.jpg\" alt='' title='logo_anr'  height=\"85\" width=\"300\"  itemprop=\"thumbnailUrl\" srcset=\"https:\/\/www.iemn.fr\/wp-content\/uploads\/2022\/06\/logo_anr.jpg 300w, https:\/\/www.iemn.fr\/wp-content\/uploads\/2022\/06\/logo_anr-18x5.jpg 18w\" sizes=\"(max-width: 300px) 100vw, 300px\" \/><\/div><\/div><\/div><\/div>\n\n<style type=\"text\/css\" data-created_by=\"avia_inline_auto\" id=\"style-css-av-l48hejsx-e4793490ff2a2a809d51b2d1d36f4496\">\n.flex_column.av-l48hejsx-e4793490ff2a2a809d51b2d1d36f4496{\nborder-radius:20px 20px 20px 20px;\npadding:10px 10px 10px 10px;\nbackground-color:#ebb401;\n}\n<\/style>\n<div  class='flex_column av-l48hejsx-e4793490ff2a2a809d51b2d1d36f4496 av_one_full  avia-builder-el-2  el_after_av_one_full  el_before_av_one_full  first flex_column_div  column-top-margin'     ><section  class='av_textblock_section av-l48hdtga-55abfa5656db44fdd76b37aed52962f6'   itemscope=\"itemscope\" itemtype=\"https:\/\/schema.org\/CreativeWork\" ><div class='avia_textblock'  itemprop=\"text\" ><h2 style=\"text-align: center;\">Project ANR-20-CE42-0009<\/h2>\n<\/div><\/section><\/div>\n\n<style type=\"text\/css\" data-created_by=\"avia_inline_auto\" id=\"style-css-av-lkgiy9-6fe9252508a87bef590816866096ff99\">\n.flex_column.av-lkgiy9-6fe9252508a87bef590816866096ff99{\nborder-radius:0px 0px 0px 0px;\npadding:20px 0px 20px 0px;\n}\n<\/style>\n<div  class='flex_column av-lkgiy9-6fe9252508a87bef590816866096ff99 av_one_full  avia-builder-el-4  el_after_av_one_full  el_before_av_textblock  first flex_column_div  column-top-margin'     ><section  class='av_textblock_section av-l48g5n3e-d14dff6097a6073ddf6a61e5992886d8'   itemscope=\"itemscope\" itemtype=\"https:\/\/schema.org\/CreativeWork\" ><div class='avia_textblock'  itemprop=\"text\" ><h4>\n<style type=\"text\/css\" data-created_by=\"avia_inline_auto\" id=\"style-css-av-mqde7m-b8f4c22e6bbeb9225144fbb1e9b8c6d8\">\n.av_font_icon.av-mqde7m-b8f4c22e6bbeb9225144fbb1e9b8c6d8{\ncolor:#ebb401;\nborder-color:#ebb401;\n}\n.av_font_icon.av-mqde7m-b8f4c22e6bbeb9225144fbb1e9b8c6d8 .av-icon-char{\nfont-size:25px;\nline-height:25px;\n}\n<\/style>\n<span  class='av_font_icon av-mqde7m-b8f4c22e6bbeb9225144fbb1e9b8c6d8 avia_animate_when_visible av-icon-style- avia-icon-pos-left avia-icon-animate'><span class='av-icon-char' aria-hidden='true' data-av_icon='\ue889' data-av_iconfont='entypo-fontello' ><\/span><\/span>WISSTITWIN<\/h4>\n<h5>Wireless and Integrated multi-parameters SAW Sensors Technologies for Implementation of a digital TWIN for electrical machines.<\/h5>\n<\/div><\/section><\/div>\n<section  class='av_textblock_section av-l48g64e5-b1c6fc41ede5d9ffe50c71bec5ec6310'   itemscope=\"itemscope\" itemtype=\"https:\/\/schema.org\/CreativeWork\" ><div class='avia_textblock'  itemprop=\"text\" ><h5>\n<style type=\"text\/css\" data-created_by=\"avia_inline_auto\" id=\"style-css-av-qawvnx-fce5fda4b64db0f6e9b68007adc8dc16\">\n.av_font_icon.av-qawvnx-fce5fda4b64db0f6e9b68007adc8dc16{\ncolor:#7bb0e7;\nborder-color:#7bb0e7;\n}\n.av_font_icon.av-qawvnx-fce5fda4b64db0f6e9b68007adc8dc16 .av-icon-char{\nfont-size:20px;\nline-height:20px;\n}\n<\/style>\n<span  class='av_font_icon av-qawvnx-fce5fda4b64db0f6e9b68007adc8dc16 avia_animate_when_visible av-icon-style- avia-icon-pos-left avia-icon-animate'><span class='av-icon-char' aria-hidden='true' data-av_icon='\ue881' data-av_iconfont='entypo-fontello' ><\/span><\/span><\/h5>\n<p><strong>The WISSTITWIN project aims at the development of an integrated network of smart sensors within an electrical machine, that will constantly stream data in order to update the numerical model of the electrical machine, known as its \u2018digital twin\u2019. Therefore, it is highly desirable to have access to a numerical model that is constantly updated through physical multi-parameters measurements provided by a network of sensors integrated in the real machine.<\/strong> For this purpose, we need reliable sensors that are compatible with an integration in low space and harsh environments, along with a reliable communication for data streaming. Thus, the project will exploit the combination of advanced functional materials and Surface Acoustic Wave technology to elaborate multiphysics sensors (temperature, strain, magnetic field\u2026) with performances adapted to these constraints. A demonstrator of an electrical machine with several distributed sensors for temperature, stress, and magnetic field will be developed, along with its digital twin.<br \/>\nThe WISSTITWIN partnership involves a large company JEUMONT ELECTRIC (high-tech company specialized in energy conversion solutions) as end users, and one small size industrial partner, JMH-Conception France, and three academic laboratories IEMN, IJL and L2EP. The WISSTITWIN project is led by IEMN and each partner brings specific competencies to tackle the multi-physical instrumentation of electrical machines with an objective to implement efficient model for electrical machine digital TWIN.<\/p>\n<p><a href=\"https:\/\/www.iemn.fr\/wp-content\/uploads\/2022\/10\/visuel_at_1.jpg\"><img loading=\"lazy\" decoding=\"async\" class=\"wp-image-55035 size-full aligncenter\" src=\"https:\/\/www.iemn.fr\/wp-content\/uploads\/2022\/10\/visuel_at_1.jpg\" alt=\"\" width=\"651\" height=\"328\" srcset=\"https:\/\/www.iemn.fr\/wp-content\/uploads\/2022\/10\/visuel_at_1.jpg 651w, https:\/\/www.iemn.fr\/wp-content\/uploads\/2022\/10\/visuel_at_1-300x151.jpg 300w, https:\/\/www.iemn.fr\/wp-content\/uploads\/2022\/10\/visuel_at_1-18x9.jpg 18w\" sizes=\"auto, (max-width: 651px) 100vw, 651px\" \/><\/a><\/p>\n<h5>\n<style type=\"text\/css\" data-created_by=\"avia_inline_auto\" id=\"style-css-av-qawvnx-fce5fda4b64db0f6e9b68007adc8dc16\">\n.av_font_icon.av-qawvnx-fce5fda4b64db0f6e9b68007adc8dc16{\ncolor:#7bb0e7;\nborder-color:#7bb0e7;\n}\n.av_font_icon.av-qawvnx-fce5fda4b64db0f6e9b68007adc8dc16 .av-icon-char{\nfont-size:20px;\nline-height:20px;\n}\n<\/style>\n<span  class='av_font_icon av-qawvnx-fce5fda4b64db0f6e9b68007adc8dc16 avia_animate_when_visible av-icon-style- avia-icon-pos-left avia-icon-animate'><span class='av-icon-char' aria-hidden='true' data-av_icon='\ue881' data-av_iconfont='entypo-fontello' ><\/span><\/span><\/h5>\n<p><strong>The main technological or characterization means that will be necessary to carry out the project:<\/strong><br \/>\nLe projet s\u2019appuiera fortement sur les plateformes techniques de l\u2019IEMN\u00a0: Micro\/Nano Fabrication, Syst\u00e8mes de communication avanc\u00e9e, Compatibilit\u00e9 \u00e9lectromagn\u00e9tique et Caract\u00e9risation. Et sur les moyens technologiques de Centrale Lille\u00a0: le FabLab et la plateforme Act &amp; Sense.<\/p>\n<h5>\n<style type=\"text\/css\" data-created_by=\"avia_inline_auto\" id=\"style-css-av-qawvnx-fce5fda4b64db0f6e9b68007adc8dc16\">\n.av_font_icon.av-qawvnx-fce5fda4b64db0f6e9b68007adc8dc16{\ncolor:#7bb0e7;\nborder-color:#7bb0e7;\n}\n.av_font_icon.av-qawvnx-fce5fda4b64db0f6e9b68007adc8dc16 .av-icon-char{\nfont-size:20px;\nline-height:20px;\n}\n<\/style>\n<span  class='av_font_icon av-qawvnx-fce5fda4b64db0f6e9b68007adc8dc16 avia_animate_when_visible av-icon-style- avia-icon-pos-left avia-icon-animate'><span class='av-icon-char' aria-hidden='true' data-av_icon='\ue881' data-av_iconfont='entypo-fontello' ><\/span><\/span><\/h5>\n<p><strong>Flagship projects concerned:<\/strong> \u00a0IoT Make Sense<br \/>\n<a href=\"https:\/\/www.iemn.fr\/wp-content\/uploads\/2022\/10\/visuel_at_2.jpg\"><img loading=\"lazy\" decoding=\"async\" class=\"wp-image-55036 size-full aligncenter\" src=\"https:\/\/www.iemn.fr\/wp-content\/uploads\/2022\/10\/visuel_at_2.jpg\" alt=\"\" width=\"702\" height=\"484\" srcset=\"https:\/\/www.iemn.fr\/wp-content\/uploads\/2022\/10\/visuel_at_2.jpg 702w, https:\/\/www.iemn.fr\/wp-content\/uploads\/2022\/10\/visuel_at_2-300x207.jpg 300w, https:\/\/www.iemn.fr\/wp-content\/uploads\/2022\/10\/visuel_at_2-18x12.jpg 18w\" sizes=\"auto, (max-width: 702px) 100vw, 702px\" \/><\/a><\/p>\n<\/div><\/section>\n\n<style type=\"text\/css\" data-created_by=\"avia_inline_auto\" id=\"style-css-av-lkgiy9-6fe9252508a87bef590816866096ff99\">\n.flex_column.av-lkgiy9-6fe9252508a87bef590816866096ff99{\nborder-radius:0px 0px 0px 0px;\npadding:20px 0px 20px 0px;\n}\n<\/style>\n<div  class='flex_column av-lkgiy9-6fe9252508a87bef590816866096ff99 av_one_full  avia-builder-el-11  el_after_av_textblock  el_before_av_one_half  first flex_column_div  column-top-margin'     ><section  class='av_textblock_section av-l48g5n3e-d14dff6097a6073ddf6a61e5992886d8'   itemscope=\"itemscope\" itemtype=\"https:\/\/schema.org\/CreativeWork\" ><div class='avia_textblock'  itemprop=\"text\" ><h4>\n<style type=\"text\/css\" data-created_by=\"avia_inline_auto\" id=\"style-css-av-mqde7m-b8f4c22e6bbeb9225144fbb1e9b8c6d8\">\n.av_font_icon.av-mqde7m-b8f4c22e6bbeb9225144fbb1e9b8c6d8{\ncolor:#ebb401;\nborder-color:#ebb401;\n}\n.av_font_icon.av-mqde7m-b8f4c22e6bbeb9225144fbb1e9b8c6d8 .av-icon-char{\nfont-size:25px;\nline-height:25px;\n}\n<\/style>\n<span  class='av_font_icon av-mqde7m-b8f4c22e6bbeb9225144fbb1e9b8c6d8 avia_animate_when_visible av-icon-style- avia-icon-pos-left avia-icon-animate'><span class='av-icon-char' aria-hidden='true' data-av_icon='\ue889' data-av_iconfont='entypo-fontello' ><\/span><\/span>Partners<\/h4>\n<h5><\/h5>\n<\/div><\/section><\/div>\n<div class='flex_column_table av-237o9w1-e31f98e4cf06d668c03c0d3978576c28 sc-av_one_half av-equal-height-column-flextable'>\n<style type=\"text\/css\" data-created_by=\"avia_inline_auto\" id=\"style-css-av-237o9w1-e31f98e4cf06d668c03c0d3978576c28\">\n@keyframes av_boxShadowEffect_av-237o9w1-e31f98e4cf06d668c03c0d3978576c28-column {\n0%   { box-shadow:  0 0 0 0 #d3d3d3; opacity: 1; }\n100% { box-shadow:  0 0 10px 0 #d3d3d3; opacity: 1; }\n}\n.flex_column.av-237o9w1-e31f98e4cf06d668c03c0d3978576c28{\nbox-shadow: 0 0 10px 0 #d3d3d3;\nborder-width:2px;\nborder-color:#cccccc;\nborder-style:solid;\nborder-radius:10px 10px 10px 10px;\npadding:20px 20px 20px 20px;\n}\n<\/style>\n<div  class='flex_column av-237o9w1-e31f98e4cf06d668c03c0d3978576c28 av_one_half  avia-builder-el-14  el_after_av_one_full  el_before_av_one_half  first flex_column_table_cell av-equal-height-column av-align-bottom shadow-not-animated  column-top-margin'     ><section  class='av_textblock_section av-l48gdxv4-2ae09003fd94017ae2e0fee6578cc2d3'   itemscope=\"itemscope\" itemtype=\"https:\/\/schema.org\/CreativeWork\" ><div class='avia_textblock'  itemprop=\"text\" ><h4><a href=\"https:\/\/www.iemn.fr\/wp-content\/uploads\/2022\/10\/logo_at_1.jpg\"><img loading=\"lazy\" decoding=\"async\" class=\"alignnone wp-image-55040 size-full\" src=\"https:\/\/www.iemn.fr\/wp-content\/uploads\/2022\/10\/logo_at_1.jpg\" alt=\"\" width=\"300\" height=\"199\" srcset=\"https:\/\/www.iemn.fr\/wp-content\/uploads\/2022\/10\/logo_at_1.jpg 300w, https:\/\/www.iemn.fr\/wp-content\/uploads\/2022\/10\/logo_at_1-18x12.jpg 18w\" sizes=\"auto, (max-width: 300px) 100vw, 300px\" \/><\/a><\/h4>\n<h4><strong>Institut d\u2019Electronique, de Micro\u00e9lectronique et de Nanotechnologie, IEMN<\/strong><\/h4>\n<h5><em>Coordinateur\u00a0: Abdelkrim Talbi<br \/>\nabdelkrim.talbi@iemn.fr, abdelkrim.talbi@centralelille.fr<\/em><\/h5>\n<p>Micro\/nanotechnologies<br \/>\n\u2192 Mat\u00e9riaux<br \/>\n\u2192 Capteurs<br \/>\n\u2192 Communications et Int\u00e9gration<\/p>\n<\/div><\/section><\/div>\n<div class='av-flex-placeholder'><\/div>\n<style type=\"text\/css\" data-created_by=\"avia_inline_auto\" id=\"style-css-av-237o9w1-7b69530381d1b97bd96abd8a80c1793f\">\n@keyframes av_boxShadowEffect_av-237o9w1-7b69530381d1b97bd96abd8a80c1793f-column {\n0%   { box-shadow:  0 0 0 0 #d3d3d3; opacity: 1; }\n100% { box-shadow:  0 0 10px 0 #d3d3d3; opacity: 1; }\n}\n.flex_column.av-237o9w1-7b69530381d1b97bd96abd8a80c1793f{\nbox-shadow: 0 0 10px 0 #d3d3d3;\nborder-width:2px;\nborder-color:#cccccc;\nborder-style:solid;\nborder-radius:10px 10px 10px 10px;\npadding:20px 20px 20px 20px;\n}\n<\/style>\n<div  class='flex_column av-237o9w1-7b69530381d1b97bd96abd8a80c1793f av_one_half  avia-builder-el-16  el_after_av_one_half  el_before_av_one_half  flex_column_table_cell av-equal-height-column av-align-bottom shadow-not-animated  column-top-margin'     ><section  class='av_textblock_section av-l48gdxv4-2ae09003fd94017ae2e0fee6578cc2d3'   itemscope=\"itemscope\" itemtype=\"https:\/\/schema.org\/CreativeWork\" ><div class='avia_textblock'  itemprop=\"text\" ><h4><\/h4>\n<h4><\/h4>\n<h4><a href=\"https:\/\/www.iemn.fr\/wp-content\/uploads\/2022\/10\/logo_at_2.jpg\"><img loading=\"lazy\" decoding=\"async\" class=\"alignnone wp-image-55041 size-full\" src=\"https:\/\/www.iemn.fr\/wp-content\/uploads\/2022\/10\/logo_at_2.jpg\" alt=\"\" width=\"300\" height=\"87\" srcset=\"https:\/\/www.iemn.fr\/wp-content\/uploads\/2022\/10\/logo_at_2.jpg 300w, https:\/\/www.iemn.fr\/wp-content\/uploads\/2022\/10\/logo_at_2-18x5.jpg 18w\" sizes=\"auto, (max-width: 300px) 100vw, 300px\" \/><\/a><\/h4>\n<p>Dispositifs de conversion d\u2019\u00e9nergie :<\/p>\n<p>\u2192 Monitoring<br \/>\n\u2192 Caract\u00e9risation des mat\u00e9riaux<br \/>\n\u2192 Mod\u00e9lisation multi-physiques<br \/>\n\u2192\u00a0 Jumeau num\u00e9rique : vers diagnostic avanc\u00e9<\/p>\n<\/div><\/section><\/div><\/div><!--close column table wrapper. Autoclose: 1 -->\n<div class='flex_column_table av-237o9w1-e31f98e4cf06d668c03c0d3978576c28 sc-av_one_half av-equal-height-column-flextable'>\n<style type=\"text\/css\" data-created_by=\"avia_inline_auto\" id=\"style-css-av-237o9w1-e31f98e4cf06d668c03c0d3978576c28\">\n@keyframes av_boxShadowEffect_av-237o9w1-e31f98e4cf06d668c03c0d3978576c28-column {\n0%   { box-shadow:  0 0 0 0 #d3d3d3; opacity: 1; }\n100% { box-shadow:  0 0 10px 0 #d3d3d3; opacity: 1; }\n}\n.flex_column.av-237o9w1-e31f98e4cf06d668c03c0d3978576c28{\nbox-shadow: 0 0 10px 0 #d3d3d3;\nborder-width:2px;\nborder-color:#cccccc;\nborder-style:solid;\nborder-radius:10px 10px 10px 10px;\npadding:20px 20px 20px 20px;\n}\n<\/style>\n<div  class='flex_column av-237o9w1-e31f98e4cf06d668c03c0d3978576c28 av_one_half  avia-builder-el-18  el_after_av_one_half  el_before_av_one_half  first flex_column_table_cell av-equal-height-column av-align-bottom shadow-not-animated  column-top-margin'     ><section  class='av_textblock_section av-l48gdxv4-2ae09003fd94017ae2e0fee6578cc2d3'   itemscope=\"itemscope\" itemtype=\"https:\/\/schema.org\/CreativeWork\" ><div class='avia_textblock'  itemprop=\"text\" ><h4><a href=\"https:\/\/www.iemn.fr\/wp-content\/uploads\/2022\/10\/logo_at_3.jpg\"><img loading=\"lazy\" decoding=\"async\" class=\"alignnone wp-image-55042 size-full\" src=\"https:\/\/www.iemn.fr\/wp-content\/uploads\/2022\/10\/logo_at_3.jpg\" alt=\"\" width=\"266\" height=\"88\" srcset=\"https:\/\/www.iemn.fr\/wp-content\/uploads\/2022\/10\/logo_at_3.jpg 266w, https:\/\/www.iemn.fr\/wp-content\/uploads\/2022\/10\/logo_at_3-18x6.jpg 18w\" sizes=\"auto, (max-width: 266px) 100vw, 266px\" \/><\/a><\/h4>\n<p>Solutions de conversion d\u2019\u00e9nergie \u00e0 Maintenance pr\u00e9dictive<br \/>\nCahier des charges pour Capteurs et Int\u00e9gration<\/p>\n<p>\u2192 machine \u00e9lectrique de forte puissance<br \/>\n\u2192 variateur de vitesse<br \/>\n\u2192 auxiliaires<\/p>\n<\/div><\/section><\/div>\n<div class='av-flex-placeholder'><\/div>\n<style type=\"text\/css\" data-created_by=\"avia_inline_auto\" id=\"style-css-av-237o9w1-7b69530381d1b97bd96abd8a80c1793f\">\n@keyframes av_boxShadowEffect_av-237o9w1-7b69530381d1b97bd96abd8a80c1793f-column {\n0%   { box-shadow:  0 0 0 0 #d3d3d3; opacity: 1; }\n100% { box-shadow:  0 0 10px 0 #d3d3d3; opacity: 1; }\n}\n.flex_column.av-237o9w1-7b69530381d1b97bd96abd8a80c1793f{\nbox-shadow: 0 0 10px 0 #d3d3d3;\nborder-width:2px;\nborder-color:#cccccc;\nborder-style:solid;\nborder-radius:10px 10px 10px 10px;\npadding:20px 20px 20px 20px;\n}\n<\/style>\n<div  class='flex_column av-237o9w1-7b69530381d1b97bd96abd8a80c1793f av_one_half  avia-builder-el-20  el_after_av_one_half  el_before_av_one_full  flex_column_table_cell av-equal-height-column av-align-bottom shadow-not-animated  column-top-margin'     ><section  class='av_textblock_section av-l48gdxv4-2ae09003fd94017ae2e0fee6578cc2d3'   itemscope=\"itemscope\" itemtype=\"https:\/\/schema.org\/CreativeWork\" ><div class='avia_textblock'  itemprop=\"text\" ><h4><a href=\"https:\/\/www.iemn.fr\/wp-content\/uploads\/2022\/10\/logo_at_4.jpg\"><img loading=\"lazy\" decoding=\"async\" class=\"alignnone wp-image-55043 size-full\" src=\"https:\/\/www.iemn.fr\/wp-content\/uploads\/2022\/10\/logo_at_4.jpg\" alt=\"\" width=\"245\" height=\"47\" srcset=\"https:\/\/www.iemn.fr\/wp-content\/uploads\/2022\/10\/logo_at_4.jpg 245w, https:\/\/www.iemn.fr\/wp-content\/uploads\/2022\/10\/logo_at_4-18x3.jpg 18w\" sizes=\"auto, (max-width: 245px) 100vw, 245px\" \/><\/a><\/h4>\n<p>Bureau d\u2019\u00e9tude d\u2019ing\u00e9nierie \u00e9lectronique et m\u00e9catronique<\/p>\n<p>\u2192 Prototypage rapide,<br \/>\n\u2192 Electronique de conditionnement<\/p>\n<\/div><\/section><\/div><\/div><!--close column table wrapper. Autoclose: 1 -->\n\n<style type=\"text\/css\" data-created_by=\"avia_inline_auto\" id=\"style-css-av-lkgiy9-6fe9252508a87bef590816866096ff99\">\n.flex_column.av-lkgiy9-6fe9252508a87bef590816866096ff99{\nborder-radius:0px 0px 0px 0px;\npadding:20px 0px 20px 0px;\n}\n<\/style>\n<div  class='flex_column av-lkgiy9-6fe9252508a87bef590816866096ff99 av_one_full  avia-builder-el-22  el_after_av_one_half  el_before_av_sidebar  first flex_column_div  column-top-margin'     ><section  class='av_textblock_section av-l48g5n3e-d14dff6097a6073ddf6a61e5992886d8'   itemscope=\"itemscope\" itemtype=\"https:\/\/schema.org\/CreativeWork\" ><div class='avia_textblock'  itemprop=\"text\" ><h4>\n<style type=\"text\/css\" data-created_by=\"avia_inline_auto\" id=\"style-css-av-mqde7m-b8f4c22e6bbeb9225144fbb1e9b8c6d8\">\n.av_font_icon.av-mqde7m-b8f4c22e6bbeb9225144fbb1e9b8c6d8{\ncolor:#ebb401;\nborder-color:#ebb401;\n}\n.av_font_icon.av-mqde7m-b8f4c22e6bbeb9225144fbb1e9b8c6d8 .av-icon-char{\nfont-size:25px;\nline-height:25px;\n}\n<\/style>\n<span  class='av_font_icon av-mqde7m-b8f4c22e6bbeb9225144fbb1e9b8c6d8 avia_animate_when_visible av-icon-style- avia-icon-pos-left avia-icon-animate'><span class='av-icon-char' aria-hidden='true' data-av_icon='\ue889' data-av_iconfont='entypo-fontello' ><\/span><\/span><a href=\"https:\/\/haltools.archives-ouvertes.fr\/Public\/afficheRequetePubli.php?projet_anr=51857&amp;CB_auteur=oui&amp;CB_titre=oui&amp;CB_identifiant=oui&amp;CB_article=oui&amp;CB_vignette=oui&amp;langue=Anglais&amp;tri_exp=annee_publi&amp;tri_exp2=typdoc&amp;tri_exp3=date_publi&amp;ordre_aff=TA&amp;CB_rubriqueDiv=oui&amp;Fen=Aff&amp;css=..\/css\/VisuRubriqueEncadre.css\" target=\"_blank\" rel=\"noopener\">D\u00e9couvrez toutes les publications du Projet WISSTITWIN<\/a><\/h4>\n<h5><\/h5>\n<\/div><\/section><\/div><div  class='avia-builder-widget-area clearfix  avia-builder-el-25  el_after_av_one_full  avia-builder-el-last'><div id=\"hal-plus-publications-10\" class=\"widget clearfix wphal-plus-publications\"><h3 class=\"widgettitle\">Recently published by partner IEMN<\/h3><ul class=\"widhal-ul\"><li class=\"widhal-li\"><a href=\"https:\/\/cnrs.hal.science\/hal-05534576v1\" target=\"_blank\" rel=\"noopener\">The 2026 guided acoustic waves roadmap<\/a><\/li><li class=\"widhal-li\"><a href=\"https:\/\/cnrs.hal.science\/hal-05424007v1\" target=\"_blank\" rel=\"noopener\">Surface Acoustic Waves for magnetic field sensing<\/a><\/li><li class=\"widhal-li\"><a href=\"https:\/\/hal.univ-lorraine.fr\/hal-04980112v1\" target=\"_blank\" rel=\"noopener\">Increasing the sensitivity of Love wave MSAW sensors by magnetoelastic layer thickness variation<\/a><\/li><li class=\"widhal-li\"><a href=\"https:\/\/hal.science\/hal-05389918v1\" target=\"_blank\" rel=\"noopener\">High Sensitivity SAW Magnetic Field Sensor based on a Co<sub>40<\/sub>Fe<sub>40<\/sub>B<sub>20<\/sub> Bilayer<\/a><\/li><li class=\"widhal-li\"><a href=\"https:\/\/hal.univ-lorraine.fr\/hal-05067847v1\" target=\"_blank\" rel=\"noopener\">Improvement of the Sensitivity of a Passive RFID Magnetic SAW Sensor Based on Love Waves<\/a><\/li><li class=\"widhal-li\"><a href=\"https:\/\/hal.science\/hal-04579791v1\" target=\"_blank\" rel=\"noopener\">Thermal Annealing Impact on the Sensitivity of Piezomagnetic Surface Acoustic Waveguide to Applied Magnetic Field<\/a><\/li><\/ul><\/div><\/div><\/p>","protected":false},"excerpt":{"rendered":"","protected":false},"author":2,"featured_media":0,"parent":0,"menu_order":0,"comment_status":"closed","ping_status":"closed","template":"","meta":{"footnotes":""},"class_list":["post-55034","page","type-page","status-publish","hentry"],"_links":{"self":[{"href":"https:\/\/www.iemn.fr\/en\/wp-json\/wp\/v2\/pages\/55034","targetHints":{"allow":["GET"]}}],"collection":[{"href":"https:\/\/www.iemn.fr\/en\/wp-json\/wp\/v2\/pages"}],"about":[{"href":"https:\/\/www.iemn.fr\/en\/wp-json\/wp\/v2\/types\/page"}],"author":[{"embeddable":true,"href":"https:\/\/www.iemn.fr\/en\/wp-json\/wp\/v2\/users\/2"}],"replies":[{"embeddable":true,"href":"https:\/\/www.iemn.fr\/en\/wp-json\/wp\/v2\/comments?post=55034"}],"version-history":[{"count":0,"href":"https:\/\/www.iemn.fr\/en\/wp-json\/wp\/v2\/pages\/55034\/revisions"}],"wp:attachment":[{"href":"https:\/\/www.iemn.fr\/en\/wp-json\/wp\/v2\/media?parent=55034"}],"curies":[{"name":"wp","href":"https:\/\/api.w.org\/{rel}","templated":true}]}}