{"id":54635,"date":"2022-09-09T08:44:15","date_gmt":"2022-09-09T06:44:15","guid":{"rendered":"https:\/\/www.iemn.fr\/?page_id=54635"},"modified":"2024-04-12T10:11:51","modified_gmt":"2024-04-12T08:11:51","slug":"anr-action","status":"publish","type":"page","link":"https:\/\/www.iemn.fr\/en\/anr-action","title":{"rendered":"Projet ANR ACTION"},"content":{"rendered":"<style type=\"text\/css\" data-created_by=\"avia_inline_auto\" id=\"style-css-av-obgwup-e849561b42eb2866e0aa5229228349dd\">\n.flex_column.av-obgwup-e849561b42eb2866e0aa5229228349dd{\nborder-radius:0px 0px 0px 0px;\npadding:0px 0px 0px 0px;\n}\n<\/style>\n<div  class='flex_column av-obgwup-e849561b42eb2866e0aa5229228349dd av_one_full  avia-builder-el-0  el_before_av_one_full  avia-builder-el-first  first flex_column_div av-zero-column-padding'     ><style type=\"text\/css\" data-created_by=\"avia_inline_auto\" id=\"style-css-av-l48hjacc-51f1c3abb998a01ce275ef5054d6adcb\">\n.avia-image-container.av-l48hjacc-51f1c3abb998a01ce275ef5054d6adcb img.avia_image{\nbox-shadow:none;\n}\n.avia-image-container.av-l48hjacc-51f1c3abb998a01ce275ef5054d6adcb .av-image-caption-overlay-center{\ncolor:#ffffff;\n}\n<\/style>\n<div  class='avia-image-container av-l48hjacc-51f1c3abb998a01ce275ef5054d6adcb av-styling- avia-align-center  avia-builder-el-1  avia-builder-el-no-sibling'   itemprop=\"image\" itemscope=\"itemscope\" itemtype=\"https:\/\/schema.org\/ImageObject\" ><div class=\"avia-image-container-inner\"><div class=\"avia-image-overlay-wrap\"><img decoding=\"async\" fetchpriority=\"high\" class='wp-image-53098 avia-img-lazy-loading-not-53098 avia_image' src=\"https:\/\/www.iemn.fr\/wp-content\/uploads\/2022\/06\/logo_anr.jpg\" alt='' title='logo_anr'  height=\"85\" width=\"300\"  itemprop=\"thumbnailUrl\" srcset=\"https:\/\/www.iemn.fr\/wp-content\/uploads\/2022\/06\/logo_anr.jpg 300w, https:\/\/www.iemn.fr\/wp-content\/uploads\/2022\/06\/logo_anr-18x5.jpg 18w\" sizes=\"(max-width: 300px) 100vw, 300px\" \/><\/div><\/div><\/div><\/div>\n\n<style type=\"text\/css\" data-created_by=\"avia_inline_auto\" id=\"style-css-av-l48hejsx-e4793490ff2a2a809d51b2d1d36f4496\">\n.flex_column.av-l48hejsx-e4793490ff2a2a809d51b2d1d36f4496{\nborder-radius:20px 20px 20px 20px;\npadding:10px 10px 10px 10px;\nbackground-color:#ebb401;\n}\n<\/style>\n<div  class='flex_column av-l48hejsx-e4793490ff2a2a809d51b2d1d36f4496 av_one_full  avia-builder-el-2  el_after_av_one_full  el_before_av_one_full  first flex_column_div  column-top-margin'     ><section  class='av_textblock_section av-l48hdtga-55abfa5656db44fdd76b37aed52962f6'   itemscope=\"itemscope\" itemtype=\"https:\/\/schema.org\/CreativeWork\" ><div class='avia_textblock'  itemprop=\"text\" ><h3 style=\"text-align: center;\">Projet ACTION ANR-22-CE05-0028-01<\/h3>\n<\/div><\/section><\/div>\n\n<style type=\"text\/css\" data-created_by=\"avia_inline_auto\" id=\"style-css-av-lkgiy9-6fe9252508a87bef590816866096ff99\">\n.flex_column.av-lkgiy9-6fe9252508a87bef590816866096ff99{\nborder-radius:0px 0px 0px 0px;\npadding:20px 0px 20px 0px;\n}\n<\/style>\n<div  class='flex_column av-lkgiy9-6fe9252508a87bef590816866096ff99 av_one_full  avia-builder-el-4  el_after_av_one_full  el_before_av_textblock  first flex_column_div  column-top-margin'     ><section  class='av_textblock_section av-l48g5n3e-d14dff6097a6073ddf6a61e5992886d8'   itemscope=\"itemscope\" itemtype=\"https:\/\/schema.org\/CreativeWork\" ><div class='avia_textblock'  itemprop=\"text\" ><h4>\n<style type=\"text\/css\" data-created_by=\"avia_inline_auto\" id=\"style-css-av-mqde7m-b8f4c22e6bbeb9225144fbb1e9b8c6d8\">\n.av_font_icon.av-mqde7m-b8f4c22e6bbeb9225144fbb1e9b8c6d8{\ncolor:#ebb401;\nborder-color:#ebb401;\n}\n.av_font_icon.av-mqde7m-b8f4c22e6bbeb9225144fbb1e9b8c6d8 .av-icon-char{\nfont-size:25px;\nline-height:25px;\n}\n<\/style>\n<span  class='av_font_icon av-mqde7m-b8f4c22e6bbeb9225144fbb1e9b8c6d8 avia_animate_when_visible av-icon-style- avia-icon-pos-left avia-icon-animate'><span class='av-icon-char' aria-hidden='true' data-av_icon='\ue889' data-av_iconfont='entypo-fontello' ><\/span><\/span>ACTION<\/h4>\n<h5>Novel AlGaN channel transistors for high voltage applications<\/h5>\n<\/div><\/section><\/div>\n<section  class='av_textblock_section av-l48g64e5-b1c6fc41ede5d9ffe50c71bec5ec6310'   itemscope=\"itemscope\" itemtype=\"https:\/\/schema.org\/CreativeWork\" ><div class='avia_textblock'  itemprop=\"text\" ><ul>\n<li><strong><span style=\"color: #800000;\">IEMN Project Sponsor:<\/span> F. Medjdoub<\/strong><\/li>\n<li><strong><span style=\"color: #800000;\">Coordinator:<\/span> IEMN<br \/>\n<\/strong><\/li>\n<li><strong><span style=\"color: #800000;\">Partners:<\/span> Institut N\u00e9el, soci\u00e9t\u00e9 EasyGaN, laboratoire CRHEA<\/strong><\/li>\n<\/ul>\n<p><a href=\"https:\/\/www.iemn.fr\/wp-content\/uploads\/2022\/09\/visuel1-1.jpg\"><img loading=\"lazy\" decoding=\"async\" class=\"wp-image-54620 size-full aligncenter\" src=\"https:\/\/www.iemn.fr\/wp-content\/uploads\/2022\/09\/visuel1-1.jpg\" alt=\"\" width=\"1000\" height=\"282\" srcset=\"https:\/\/www.iemn.fr\/wp-content\/uploads\/2022\/09\/visuel1-1.jpg 1000w, https:\/\/www.iemn.fr\/wp-content\/uploads\/2022\/09\/visuel1-1-300x85.jpg 300w, https:\/\/www.iemn.fr\/wp-content\/uploads\/2022\/09\/visuel1-1-768x217.jpg 768w, https:\/\/www.iemn.fr\/wp-content\/uploads\/2022\/09\/visuel1-1-18x5.jpg 18w, https:\/\/www.iemn.fr\/wp-content\/uploads\/2022\/09\/visuel1-1-705x199.jpg 705w\" sizes=\"auto, (max-width: 1000px) 100vw, 1000px\" \/><\/a><\/p>\n<ul>\n<li>The ACTION project aims to explore and develop a new breed of transistors using an ultra-wide bandgap AlGaN channel. This PRCE project is made up of three academic laboratories, CRHEA, IEMN and the N\u00e9el Institute, and the startup EasyGaN as the industrial partner.<\/li>\n<li>These AlGaN transistors will make it possible to lay the foundations for a future generation of power components that will offer higher operation voltage and temperature stability beyond the limits of GaN. The targeted performances will compete with contemporary SiC-based transistors. Thanks to the increased efficiency at high voltage operation (1200V), currently inaccessible to GaN-on-Silicon transistors, these components will reduce the losses that occur during the multiple transformations of electrical energy from its production to our daily use. The key point of the project is the development by molecular beam epitaxy (MBE) of AlGaN\/AlGaN heterostructures on large diameter silicon substrates. These novel and CMOS compatible semiconductors will strengthen the current efforts of the main French players in the field. In the context of decarbonization and therefore a massive electrification, the ACTION project will play an important and strategic role in the creation of a new generation of semiconductor components improving energy management.<\/li>\n<li>This project is based on remarkable preliminary results since a breakdown field greater than 2.5 MV\/cm has already been measured on extremely simple AlGaN channel HEMT structures. This breakdown field value is already beyond the state of the art of GaN-on-silicon HEMTs, which is typically around 1.5 MV\/cm. These promising results confirm the interest of this approach, especially since these extremely simple structures (without strain engineering or defect density reduction) have been epitaxially grown on a silicon substrate. The ACTION project aims to develop AlGaN channel HEMT structures optimized in terms of defects and strain engineering on large diameter silicon substrates based on the unique CRHEA know-how of more than 20 years of MBE epitaxy. Part of this know-how has been already transferred to the startup EasyGaN. In particular, a patent which makes it possible to reduce the density of dislocations in the AlGaN alloy has been licensed to EasyGaN. Another key point of the ACTION project is the optimization of the different processing steps and the realization of the device. The team of Farid Medjdoub (IEMN) is at the state of the art in this field. Their expertise will make it possible to optimize the performance of the structures grown in the project. Julien Pernot's team (Institut N\u00e9el), recognized as a leader in the field of ultra-wide-gap materials, will provide an in-depth study of the properties of the AlGaN. In particular, the team will provide expertise on the electron transport properties which are the core of the project. All things considered, the ACTION project will enable EasyGaN to add a high value and strategic product to its catalogue.<\/li>\n<li>The partnership offers perfect complementarity by bringing unique know-how to carry out this ambitious project aimed at innovative power components. The project will also benefit from the expertise of external partners such as: - the company Knowmade specialized in patent analysis and consulting in technology watch and intellectual property strategy, - the University of Padua for dynamic measurements, - the University of Bristol for thermal analyzes and, - the SME Riber for developments and technical support around MBE growth on 8\" substrates.<\/li>\n<\/ul>\n<p><strong><u>\n<style type=\"text\/css\" data-created_by=\"avia_inline_auto\" id=\"style-css-av-13ewzjw-b58072c982babce8ed7840ecc9331fc9\">\n.av_font_icon.av-13ewzjw-b58072c982babce8ed7840ecc9331fc9{\ncolor:#800000;\nborder-color:#800000;\n}\n.av_font_icon.av-13ewzjw-b58072c982babce8ed7840ecc9331fc9 .av-icon-char{\nfont-size:20px;\nline-height:20px;\n}\n<\/style>\n<span  class='av_font_icon av-13ewzjw-b58072c982babce8ed7840ecc9331fc9 avia_animate_when_visible av-icon-style- avia-icon-pos-left avia-icon-animate'><span class='av-icon-char' aria-hidden='true' data-av_icon='\ue885' data-av_iconfont='entypo-fontello' ><\/span><\/span><\/u><span style=\"color: #800000;\">The main technological or characterization means that will be necessary to carry out the project:<\/span><\/strong><\/p>\n<ul>\n<li style=\"font-weight: 400;\">CNMF\u00a0: Centrale de micro et nano fabrication<\/li>\n<li style=\"font-weight: 400;\">Plateforme CHOP\u00a0: caract\u00e9risation DC, puls\u00e9e, haute tension<\/li>\n<\/ul>\n<p><strong><u>\n<style type=\"text\/css\" data-created_by=\"avia_inline_auto\" id=\"style-css-av-13ewzjw-b58072c982babce8ed7840ecc9331fc9\">\n.av_font_icon.av-13ewzjw-b58072c982babce8ed7840ecc9331fc9{\ncolor:#800000;\nborder-color:#800000;\n}\n.av_font_icon.av-13ewzjw-b58072c982babce8ed7840ecc9331fc9 .av-icon-char{\nfont-size:20px;\nline-height:20px;\n}\n<\/style>\n<span  class='av_font_icon av-13ewzjw-b58072c982babce8ed7840ecc9331fc9 avia_animate_when_visible av-icon-style- avia-icon-pos-left avia-icon-animate'><span class='av-icon-char' aria-hidden='true' data-av_icon='\ue885' data-av_iconfont='entypo-fontello' ><\/span><\/span><\/u><span style=\"color: #800000;\">Flagship projects concerned:<\/span><\/strong><\/p>\n<ul>\n<li style=\"font-weight: 400;\">Transportation<\/li>\n<li style=\"font-weight: 400;\">Smart energy<\/li>\n<li style=\"font-weight: 400;\">Micro-nano-devices<\/li>\n<\/ul>\n<\/div><\/section>\n\n<style type=\"text\/css\" data-created_by=\"avia_inline_auto\" id=\"style-css-av-lkgiy9-6fe9252508a87bef590816866096ff99\">\n.flex_column.av-lkgiy9-6fe9252508a87bef590816866096ff99{\nborder-radius:0px 0px 0px 0px;\npadding:20px 0px 20px 0px;\n}\n<\/style>\n<div  class='flex_column av-lkgiy9-6fe9252508a87bef590816866096ff99 av_one_full  avia-builder-el-10  el_after_av_textblock  el_before_av_one_half  first flex_column_div  column-top-margin'     ><section  class='av_textblock_section av-l48g5n3e-d14dff6097a6073ddf6a61e5992886d8'   itemscope=\"itemscope\" itemtype=\"https:\/\/schema.org\/CreativeWork\" ><div class='avia_textblock'  itemprop=\"text\" ><h4>\n<style type=\"text\/css\" data-created_by=\"avia_inline_auto\" id=\"style-css-av-mqde7m-b8f4c22e6bbeb9225144fbb1e9b8c6d8\">\n.av_font_icon.av-mqde7m-b8f4c22e6bbeb9225144fbb1e9b8c6d8{\ncolor:#ebb401;\nborder-color:#ebb401;\n}\n.av_font_icon.av-mqde7m-b8f4c22e6bbeb9225144fbb1e9b8c6d8 .av-icon-char{\nfont-size:25px;\nline-height:25px;\n}\n<\/style>\n<span  class='av_font_icon av-mqde7m-b8f4c22e6bbeb9225144fbb1e9b8c6d8 avia_animate_when_visible av-icon-style- avia-icon-pos-left avia-icon-animate'><span class='av-icon-char' aria-hidden='true' data-av_icon='\ue889' data-av_iconfont='entypo-fontello' ><\/span><\/span>Partners<\/h4>\n<h5><\/h5>\n<\/div><\/section><\/div>\n<div class='flex_column_table av-237o9w1-e31f98e4cf06d668c03c0d3978576c28 sc-av_one_half av-equal-height-column-flextable'>\n<style type=\"text\/css\" data-created_by=\"avia_inline_auto\" id=\"style-css-av-237o9w1-e31f98e4cf06d668c03c0d3978576c28\">\n@keyframes av_boxShadowEffect_av-237o9w1-e31f98e4cf06d668c03c0d3978576c28-column {\n0%   { box-shadow:  0 0 0 0 #d3d3d3; opacity: 1; }\n100% { box-shadow:  0 0 10px 0 #d3d3d3; opacity: 1; }\n}\n.flex_column.av-237o9w1-e31f98e4cf06d668c03c0d3978576c28{\nbox-shadow: 0 0 10px 0 #d3d3d3;\nborder-width:2px;\nborder-color:#cccccc;\nborder-style:solid;\nborder-radius:10px 10px 10px 10px;\npadding:20px 20px 20px 20px;\n}\n<\/style>\n<div  class='flex_column av-237o9w1-e31f98e4cf06d668c03c0d3978576c28 av_one_half  avia-builder-el-13  el_after_av_one_full  el_before_av_one_half  first flex_column_table_cell av-equal-height-column av-align-bottom shadow-not-animated  column-top-margin'     ><section  class='av_textblock_section av-l48gdxv4-2ae09003fd94017ae2e0fee6578cc2d3'   itemscope=\"itemscope\" itemtype=\"https:\/\/schema.org\/CreativeWork\" ><div class='avia_textblock'  itemprop=\"text\" ><h4><a href=\"https:\/\/www.iemn.fr\/wp-content\/uploads\/2022\/09\/logo_neel.jpg\"><img loading=\"lazy\" decoding=\"async\" class=\"alignnone wp-image-54641 size-full aligncenter\" src=\"https:\/\/www.iemn.fr\/wp-content\/uploads\/2022\/09\/logo_neel.jpg\" alt=\"\" width=\"184\" height=\"119\" srcset=\"https:\/\/www.iemn.fr\/wp-content\/uploads\/2022\/09\/logo_neel.jpg 184w, https:\/\/www.iemn.fr\/wp-content\/uploads\/2022\/09\/logo_neel-18x12.jpg 18w\" sizes=\"auto, (max-width: 184px) 100vw, 184px\" \/><\/a><\/h4>\n<\/div><\/section><\/div>\n<div class='av-flex-placeholder'><\/div>\n<style type=\"text\/css\" data-created_by=\"avia_inline_auto\" id=\"style-css-av-237o9w1-7b69530381d1b97bd96abd8a80c1793f\">\n@keyframes av_boxShadowEffect_av-237o9w1-7b69530381d1b97bd96abd8a80c1793f-column {\n0%   { box-shadow:  0 0 0 0 #d3d3d3; opacity: 1; }\n100% { box-shadow:  0 0 10px 0 #d3d3d3; opacity: 1; }\n}\n.flex_column.av-237o9w1-7b69530381d1b97bd96abd8a80c1793f{\nbox-shadow: 0 0 10px 0 #d3d3d3;\nborder-width:2px;\nborder-color:#cccccc;\nborder-style:solid;\nborder-radius:10px 10px 10px 10px;\npadding:20px 20px 20px 20px;\n}\n<\/style>\n<div  class='flex_column av-237o9w1-7b69530381d1b97bd96abd8a80c1793f av_one_half  avia-builder-el-15  el_after_av_one_half  el_before_av_one_half  flex_column_table_cell av-equal-height-column av-align-bottom shadow-not-animated  column-top-margin'     ><section  class='av_textblock_section av-l48gdxv4-2ae09003fd94017ae2e0fee6578cc2d3'   itemscope=\"itemscope\" itemtype=\"https:\/\/schema.org\/CreativeWork\" ><div class='avia_textblock'  itemprop=\"text\" ><h4><a href=\"https:\/\/www.iemn.fr\/wp-content\/uploads\/2020\/09\/logo_iemn_def.jpg\"><img loading=\"lazy\" decoding=\"async\" class=\"alignnone size-medium wp-image-42329\" src=\"https:\/\/www.iemn.fr\/wp-content\/uploads\/2020\/09\/logo_iemn_def-300x110.jpg\" alt=\"\" width=\"300\" height=\"110\" srcset=\"https:\/\/www.iemn.fr\/wp-content\/uploads\/2020\/09\/logo_iemn_def-300x110.jpg 300w, https:\/\/www.iemn.fr\/wp-content\/uploads\/2020\/09\/logo_iemn_def.jpg 340w\" sizes=\"auto, (max-width: 300px) 100vw, 300px\" \/><\/a><\/h4>\n<h4><strong>Institut d\u2019Electronique, de Micro\u00e9lectronique et de Nanotechnologie, IEMN<\/strong><\/h4>\n<h5><em>Coordinateur\u00a0: Farid Medjdoub<\/em><\/h5>\n<\/div><\/section><\/div><\/div><!--close column table wrapper. Autoclose: 1 -->\n<div class='flex_column_table av-237o9w1-e31f98e4cf06d668c03c0d3978576c28 sc-av_one_half av-equal-height-column-flextable'>\n<style type=\"text\/css\" data-created_by=\"avia_inline_auto\" id=\"style-css-av-237o9w1-e31f98e4cf06d668c03c0d3978576c28\">\n@keyframes av_boxShadowEffect_av-237o9w1-e31f98e4cf06d668c03c0d3978576c28-column {\n0%   { box-shadow:  0 0 0 0 #d3d3d3; opacity: 1; }\n100% { box-shadow:  0 0 10px 0 #d3d3d3; opacity: 1; }\n}\n.flex_column.av-237o9w1-e31f98e4cf06d668c03c0d3978576c28{\nbox-shadow: 0 0 10px 0 #d3d3d3;\nborder-width:2px;\nborder-color:#cccccc;\nborder-style:solid;\nborder-radius:10px 10px 10px 10px;\npadding:20px 20px 20px 20px;\n}\n<\/style>\n<div  class='flex_column av-237o9w1-e31f98e4cf06d668c03c0d3978576c28 av_one_half  avia-builder-el-17  el_after_av_one_half  el_before_av_one_half  first flex_column_table_cell av-equal-height-column av-align-bottom shadow-not-animated  column-top-margin'     ><section  class='av_textblock_section av-l48gdxv4-2ae09003fd94017ae2e0fee6578cc2d3'   itemscope=\"itemscope\" itemtype=\"https:\/\/schema.org\/CreativeWork\" ><div class='avia_textblock'  itemprop=\"text\" ><h4><a href=\"https:\/\/www.iemn.fr\/wp-content\/uploads\/2022\/09\/logo_easygan.jpg\"><img loading=\"lazy\" decoding=\"async\" class=\"wp-image-54642 size-full aligncenter\" src=\"https:\/\/www.iemn.fr\/wp-content\/uploads\/2022\/09\/logo_easygan.jpg\" alt=\"\" width=\"294\" height=\"89\" srcset=\"https:\/\/www.iemn.fr\/wp-content\/uploads\/2022\/09\/logo_easygan.jpg 294w, https:\/\/www.iemn.fr\/wp-content\/uploads\/2022\/09\/logo_easygan-18x5.jpg 18w\" sizes=\"auto, (max-width: 294px) 100vw, 294px\" \/><\/a><\/h4>\n<\/div><\/section><\/div>\n<div class='av-flex-placeholder'><\/div>\n<style type=\"text\/css\" data-created_by=\"avia_inline_auto\" id=\"style-css-av-237o9w1-7b69530381d1b97bd96abd8a80c1793f\">\n@keyframes av_boxShadowEffect_av-237o9w1-7b69530381d1b97bd96abd8a80c1793f-column {\n0%   { box-shadow:  0 0 0 0 #d3d3d3; opacity: 1; }\n100% { box-shadow:  0 0 10px 0 #d3d3d3; opacity: 1; }\n}\n.flex_column.av-237o9w1-7b69530381d1b97bd96abd8a80c1793f{\nbox-shadow: 0 0 10px 0 #d3d3d3;\nborder-width:2px;\nborder-color:#cccccc;\nborder-style:solid;\nborder-radius:10px 10px 10px 10px;\npadding:20px 20px 20px 20px;\n}\n<\/style>\n<div  class='flex_column av-237o9w1-7b69530381d1b97bd96abd8a80c1793f av_one_half  avia-builder-el-19  el_after_av_one_half  el_before_av_one_full  flex_column_table_cell av-equal-height-column av-align-bottom shadow-not-animated  column-top-margin'     ><section  class='av_textblock_section av-l48gdxv4-2ae09003fd94017ae2e0fee6578cc2d3'   itemscope=\"itemscope\" itemtype=\"https:\/\/schema.org\/CreativeWork\" ><div class='avia_textblock'  itemprop=\"text\" ><h4><a href=\"https:\/\/www.iemn.fr\/wp-content\/uploads\/2022\/09\/logo_crhea.jpg\"><img loading=\"lazy\" decoding=\"async\" class=\"aligncenter wp-image-54643\" src=\"https:\/\/www.iemn.fr\/wp-content\/uploads\/2022\/09\/logo_crhea-300x144.jpg\" alt=\"\" width=\"200\" height=\"96\" srcset=\"https:\/\/www.iemn.fr\/wp-content\/uploads\/2022\/09\/logo_crhea-300x144.jpg 300w, https:\/\/www.iemn.fr\/wp-content\/uploads\/2022\/09\/logo_crhea-18x9.jpg 18w, https:\/\/www.iemn.fr\/wp-content\/uploads\/2022\/09\/logo_crhea.jpg 309w\" sizes=\"auto, (max-width: 200px) 100vw, 200px\" \/><\/a><\/h4>\n<\/div><\/section><\/div><\/div><!--close column table wrapper. Autoclose: 1 -->\n\n<style type=\"text\/css\" data-created_by=\"avia_inline_auto\" id=\"style-css-av-lkgiy9-6fe9252508a87bef590816866096ff99\">\n.flex_column.av-lkgiy9-6fe9252508a87bef590816866096ff99{\nborder-radius:0px 0px 0px 0px;\npadding:20px 0px 20px 0px;\n}\n<\/style>\n<div  class='flex_column av-lkgiy9-6fe9252508a87bef590816866096ff99 av_one_full  avia-builder-el-21  el_after_av_one_half  el_before_av_sidebar  first flex_column_div  column-top-margin'     ><section  class='av_textblock_section av-l48g5n3e-d14dff6097a6073ddf6a61e5992886d8'   itemscope=\"itemscope\" itemtype=\"https:\/\/schema.org\/CreativeWork\" ><div class='avia_textblock'  itemprop=\"text\" ><h4>\n<style type=\"text\/css\" data-created_by=\"avia_inline_auto\" id=\"style-css-av-mqde7m-e840e0f0038803c4902c4483cceaf705\">\n.av_font_icon.av-mqde7m-e840e0f0038803c4902c4483cceaf705{\ncolor:#ebb401;\nborder-color:#ebb401;\n}\n.av_font_icon.av-mqde7m-e840e0f0038803c4902c4483cceaf705 .av-icon-char{\nfont-size:25px;\nline-height:25px;\n}\n<\/style>\n<span  class='av_font_icon av-mqde7m-e840e0f0038803c4902c4483cceaf705 avia_animate_when_visible av-icon-style- avia-icon-pos-left avia-icon-animate'><span class='av-icon-char' aria-hidden='true' data-av_icon='\ue826' data-av_iconfont='entypo-fontello' ><\/span><\/span><\/h4>\n<h4><a href=\"https:\/\/haltools.archives-ouvertes.fr\/Public\/afficheRequetePubli.php?projet_anr=72568&amp;CB_auteur=oui&amp;CB_titre=oui&amp;CB_identifiant=oui&amp;CB_article=oui&amp;CB_vignette=oui&amp;langue=Anglais&amp;tri_exp=annee_publi&amp;tri_exp2=typdoc&amp;tri_exp3=date_publi&amp;ordre_aff=TA&amp;CB_rubriqueDiv=oui&amp;Fen=Aff&amp;css=..\/css\/VisuRubriqueEncadre.css\" target=\"_blank\" rel=\"noopener\">D\u00e9couvrez les publications du projet ACTION<\/a><\/h4>\n<h5><\/h5>\n<\/div><\/section><\/div><div  class='avia-builder-widget-area clearfix  avia-builder-el-24  el_after_av_one_full  avia-builder-el-last'><div id=\"hal-plus-publications-12\" class=\"widget clearfix wphal-plus-publications\"><h3 class=\"widgettitle\">Recently published by partner IEMN<\/h3><ul class=\"widhal-ul\"><li class=\"widhal-li\"><a href=\"https:\/\/hal.science\/hal-05345878v1\" target=\"_blank\" rel=\"noopener\">First demonstration of vertical AlGaN P-i-N diodes grown on silicon substrate for Next-Generation power electronics<\/a><\/li><li class=\"widhal-li\"><a href=\"https:\/\/hal.science\/hal-05398228v1\" target=\"_blank\" rel=\"noopener\">AlGaN channel high electron mobility transistors on Si for power electronics<\/a><\/li><li class=\"widhal-li\"><a href=\"https:\/\/hal.science\/hal-04761108v1\" target=\"_blank\" rel=\"noopener\">Evaluation of Self-Heating Effects in AlGaN Channel Heterostructure field-effect Transistors grown on bulk AlN substrate<\/a><\/li><li class=\"widhal-li\"><a href=\"https:\/\/hal.science\/hal-04665123v1\" target=\"_blank\" rel=\"noopener\">Al\u2010Rich AlGaN Channel High Electron Mobility Transistors on Silicon: A Relevant Approach for High Temperature Stability of Electron Mobility<\/a><\/li><li class=\"widhal-li\"><a href=\"https:\/\/hal.science\/hal-03952273v1\" target=\"_blank\" rel=\"noopener\">High Al-content AlGaN channel high electron mobility transistors on silicon substrate<\/a><\/li><\/ul><\/div><\/div><\/p>","protected":false},"excerpt":{"rendered":"","protected":false},"author":2,"featured_media":0,"parent":0,"menu_order":0,"comment_status":"closed","ping_status":"closed","template":"","meta":{"footnotes":""},"class_list":["post-54635","page","type-page","status-publish","hentry"],"_links":{"self":[{"href":"https:\/\/www.iemn.fr\/en\/wp-json\/wp\/v2\/pages\/54635","targetHints":{"allow":["GET"]}}],"collection":[{"href":"https:\/\/www.iemn.fr\/en\/wp-json\/wp\/v2\/pages"}],"about":[{"href":"https:\/\/www.iemn.fr\/en\/wp-json\/wp\/v2\/types\/page"}],"author":[{"embeddable":true,"href":"https:\/\/www.iemn.fr\/en\/wp-json\/wp\/v2\/users\/2"}],"replies":[{"embeddable":true,"href":"https:\/\/www.iemn.fr\/en\/wp-json\/wp\/v2\/comments?post=54635"}],"version-history":[{"count":0,"href":"https:\/\/www.iemn.fr\/en\/wp-json\/wp\/v2\/pages\/54635\/revisions"}],"wp:attachment":[{"href":"https:\/\/www.iemn.fr\/en\/wp-json\/wp\/v2\/media?parent=54635"}],"curies":[{"name":"wp","href":"https:\/\/api.w.org\/{rel}","templated":true}]}}