{"id":53478,"date":"2022-06-22T13:53:09","date_gmt":"2022-06-22T11:53:09","guid":{"rendered":"https:\/\/www.iemn.fr\/?page_id=53478"},"modified":"2025-09-03T14:48:43","modified_gmt":"2025-09-03T12:48:43","slug":"vous-etes-une-entreprise","status":"publish","type":"page","link":"https:\/\/www.iemn.fr\/en\/vous-etes-une-entreprise","title":{"rendered":"You are a company"},"content":{"rendered":"<div id='layer_slider_1'  class='avia-layerslider main_color avia-shadow  avia-builder-el-0  el_before_av_hr  avia-builder-el-first  container_wrap sidebar_right'  style='height: 261px;'  ><div id=\"layerslider_29_elxols4zrqcw\" data-ls-slug=\"homepageslider\" class=\"ls-wp-container fitvidsignore ls-selectable\" style=\"width:1140px;height:260px;margin:0 auto;margin-bottom: 0px;\"><div class=\"ls-slide\" data-ls=\"duration:4000;transition2d:5;\"><img loading=\"lazy\" decoding=\"async\" width=\"2600\" height=\"270\" src=\"https:\/\/www.iemn.fr\/wp-content\/uploads\/2018\/06\/sliders_linstitut2.jpg\" class=\"ls-bg\" alt=\"\" srcset=\"https:\/\/www.iemn.fr\/wp-content\/uploads\/2018\/06\/sliders_linstitut2.jpg 2600w, https:\/\/www.iemn.fr\/wp-content\/uploads\/2018\/06\/sliders_linstitut2-300x31.jpg 300w, https:\/\/www.iemn.fr\/wp-content\/uploads\/2018\/06\/sliders_linstitut2-768x80.jpg 768w, https:\/\/www.iemn.fr\/wp-content\/uploads\/2018\/06\/sliders_linstitut2-1030x107.jpg 1030w, https:\/\/www.iemn.fr\/wp-content\/uploads\/2018\/06\/sliders_linstitut2-1500x156.jpg 1500w, https:\/\/www.iemn.fr\/wp-content\/uploads\/2018\/06\/sliders_linstitut2-705x73.jpg 705w\" sizes=\"auto, (max-width: 2600px) 100vw, 2600px\" \/><ls-layer style=\"font-size:14px;text-align:left;font-style:normal;text-decoration:none;text-transform:none;font-weight:700;letter-spacing:0px;background-position:0% 0%;background-repeat:no-repeat;width:170px;height:30px;left:0px;top:231px;line-height:32px;color:#ffffff;border-radius:6px 6px 6px 6px;padding-left:50px;background-color:rgba(0, 0, 0, 0.57);\" class=\"ls-l ls-ib-icon ls-text-layer\"><i class=\"fa fa-flag\" style=\"color:#ffffff;margin-right:0.8em;font-size:1.3em;transform:translateY( -0.125em );\"><\/i>L'INSTITUT<\/ls-layer><\/div><div class=\"ls-slide\" data-ls=\"duration:4000;transition2d:5;\"><img loading=\"lazy\" decoding=\"async\" width=\"2600\" height=\"270\" src=\"https:\/\/www.iemn.fr\/wp-content\/uploads\/2018\/06\/sliders_linstitut2.jpg\" class=\"ls-bg\" alt=\"\" srcset=\"https:\/\/www.iemn.fr\/wp-content\/uploads\/2018\/06\/sliders_linstitut2.jpg 2600w, https:\/\/www.iemn.fr\/wp-content\/uploads\/2018\/06\/sliders_linstitut2-300x31.jpg 300w, https:\/\/www.iemn.fr\/wp-content\/uploads\/2018\/06\/sliders_linstitut2-768x80.jpg 768w, https:\/\/www.iemn.fr\/wp-content\/uploads\/2018\/06\/sliders_linstitut2-1030x107.jpg 1030w, https:\/\/www.iemn.fr\/wp-content\/uploads\/2018\/06\/sliders_linstitut2-1500x156.jpg 1500w, https:\/\/www.iemn.fr\/wp-content\/uploads\/2018\/06\/sliders_linstitut2-705x73.jpg 705w\" sizes=\"auto, (max-width: 2600px) 100vw, 2600px\" \/><img loading=\"lazy\" decoding=\"async\" width=\"2560\" height=\"266\" src=\"https:\/\/www.iemn.fr\/wp-content\/uploads\/2022\/01\/sliders_linstitut4-scaled.jpg\" class=\"ls-l ls-img-layer\" alt=\"\" srcset=\"https:\/\/www.iemn.fr\/wp-content\/uploads\/2022\/01\/sliders_linstitut4-scaled.jpg 2560w, https:\/\/www.iemn.fr\/wp-content\/uploads\/2022\/01\/sliders_linstitut4-300x31.jpg 300w, https:\/\/www.iemn.fr\/wp-content\/uploads\/2022\/01\/sliders_linstitut4-1030x107.jpg 1030w, https:\/\/www.iemn.fr\/wp-content\/uploads\/2022\/01\/sliders_linstitut4-768x80.jpg 768w, https:\/\/www.iemn.fr\/wp-content\/uploads\/2022\/01\/sliders_linstitut4-1536x160.jpg 1536w, https:\/\/www.iemn.fr\/wp-content\/uploads\/2022\/01\/sliders_linstitut4-2048x213.jpg 2048w, https:\/\/www.iemn.fr\/wp-content\/uploads\/2022\/01\/sliders_linstitut4-18x2.jpg 18w, https:\/\/www.iemn.fr\/wp-content\/uploads\/2022\/01\/sliders_linstitut4-1500x156.jpg 1500w, https:\/\/www.iemn.fr\/wp-content\/uploads\/2022\/01\/sliders_linstitut4-705x73.jpg 705w\" sizes=\"auto, (max-width: 2560px) 100vw, 2560px\" style=\"font-size:36px;color:#000;text-align:left;font-style:normal;text-decoration:none;text-transform:none;font-weight:400;letter-spacing:0px;background-position:0% 0%;background-repeat:no-repeat;top:0px;left:-750px;\"><ls-layer style=\"font-size:14px;text-align:left;font-style:normal;text-decoration:none;text-transform:none;font-weight:700;letter-spacing:0px;background-position:0% 0%;background-repeat:no-repeat;width:170px;height:30px;left:0px;top:231px;line-height:32px;color:#ffffff;border-radius:6px 6px 6px 6px;padding-left:50px;background-color:rgba(0, 0, 0, 0.57);\" class=\"ls-l ls-ib-icon ls-text-layer\"><i class=\"fa fa-flag\" style=\"color:#ffffff;margin-right:0.8em;font-size:1.3em;transform:translateY( -0.125em );\"><\/i>L'INSTITUT<\/ls-layer><\/div><\/div><\/div><div id='after_layer_slider_1'  class='main_color av_default_container_wrap container_wrap sidebar_right'  ><div class='container av-section-cont-open' ><div class='template-page content  av-content-small alpha units'><div class='post-entry post-entry-type-page post-entry-53478'><div class='entry-content-wrapper clearfix'>\n\n<style type=\"text\/css\" data-created_by=\"avia_inline_auto\" id=\"style-css-av-mf3yxkov-bb779ce0100c8e585656547741b07ad3\">\n#top .hr.hr-invisible.av-mf3yxkov-bb779ce0100c8e585656547741b07ad3{\nheight:50px;\n}\n<\/style>\n<div  class='hr av-mf3yxkov-bb779ce0100c8e585656547741b07ad3 hr-invisible  avia-builder-el-1  el_after_av_layerslider  el_before_av_textblock  avia-builder-el-first  av-small-hide'><span class='hr-inner'><span class=\"hr-inner-style\"><\/span><\/span><\/div>\n<section  class='av_textblock_section av-7v0hp3a-d8e2e3586971490c487bb95cbb6cd139'   itemscope=\"itemscope\" itemtype=\"https:\/\/schema.org\/CreativeWork\" ><div class='avia_textblock'  itemprop=\"text\" ><h1 style=\"text-align: left;\">_________Vous \u00eates une entreprise<\/h1>\n<\/div><\/section>\n<\/div><\/div><\/div><!-- close content main div --><\/div><\/div>\n<style type=\"text\/css\" data-created_by=\"avia_inline_auto\" id=\"style-css-av-kye6cqle-dab53b67cb1b767e94dc16b5a2a61bbf\">\n.avia-section.av-kye6cqle-dab53b67cb1b767e94dc16b5a2a61bbf{\nbackground-color:#f7f7f7;\nbackground-image:unset;\n}\n.avia-section.av-kye6cqle-dab53b67cb1b767e94dc16b5a2a61bbf .av-extra-border-element .av-extra-border-inner{\nbackground-color:#f7f7f7;\n}\n<\/style>\n<div id='av_section_1'  class='avia-section av-kye6cqle-dab53b67cb1b767e94dc16b5a2a61bbf main_color avia-section-no-padding avia-shadow  avia-builder-el-3  el_after_av_textblock  el_before_av_section  avia-bg-style-parallax av-arrow-down-section av-minimum-height av-minimum-height-custom av-height-custom  container_wrap sidebar_right'   data-av_minimum_height_px='300'><div class='container av-section-cont-open' style='height:300px'><div class='template-page content  av-content-small alpha units'><div class='post-entry post-entry-type-page post-entry-53478'><div class='entry-content-wrapper clearfix'>\n\n<style type=\"text\/css\" data-created_by=\"avia_inline_auto\" id=\"style-css-av-mf3ylet4-db647719de7eb7477cc9ed13abd93131\">\n#top .av-special-heading.av-mf3ylet4-db647719de7eb7477cc9ed13abd93131{\npadding-bottom:10px;\n}\nbody .av-special-heading.av-mf3ylet4-db647719de7eb7477cc9ed13abd93131 .av-special-heading-tag .heading-char{\nfont-size:25px;\npadding-bottom:10px;\n}\n.av-special-heading.av-mf3ylet4-db647719de7eb7477cc9ed13abd93131 .av-subheading{\nfont-size:15px;\n}\n<\/style>\n<div  class='av-special-heading av-mf3ylet4-db647719de7eb7477cc9ed13abd93131 av-special-heading-h3 blockquote elegant-quote elegant-centered  avia-builder-el-4  el_before_av_one_half  avia-builder-el-first  av-icon'><h3 class='av-special-heading-tag'  itemprop=\"headline\"  ><span class='heading-char avia-font-entypo-fontello' aria-hidden='true' data-av_icon='\ue805' data-av_iconfont='entypo-fontello'><\/span><span class=\"heading-wrap\">Contacts <\/span><\/h3><div class=\"special-heading-border\"><div class=\"special-heading-inner-border\"><\/div><\/div><\/div>\n\n<style type=\"text\/css\" data-created_by=\"avia_inline_auto\" id=\"style-css-av-7ixmoue-20e05183708e41ba2fd78a358609a9ed\">\n.flex_column.av-7ixmoue-20e05183708e41ba2fd78a358609a9ed{\nbackground-color:#f7f7f7;\n}\n<\/style>\n<div  class='flex_column av-7ixmoue-20e05183708e41ba2fd78a358609a9ed av_one_half  avia-builder-el-5  el_after_av_heading  el_before_av_one_half  first flex_column_div'     ><section  class='av_textblock_section av-73x13k6-5c88dd37ac0c92c24987d0d086d3b148'   itemscope=\"itemscope\" itemtype=\"https:\/\/schema.org\/CreativeWork\" ><div class='avia_textblock'  itemprop=\"text\" ><h5><\/h5>\n<p><strong><img loading=\"lazy\" decoding=\"async\" class=\"wp-image-74890 alignleft\" src=\"https:\/\/www.iemn.fr\/wp-content\/uploads\/2025\/09\/stephane.jpg\" alt=\"\" width=\"220\" height=\"180\" srcset=\"https:\/\/www.iemn.fr\/wp-content\/uploads\/2025\/09\/stephane.jpg 500w, https:\/\/www.iemn.fr\/wp-content\/uploads\/2025\/09\/stephane-300x245.jpg 300w, https:\/\/www.iemn.fr\/wp-content\/uploads\/2025\/09\/stephane-15x12.jpg 15w\" sizes=\"auto, (max-width: 220px) 100vw, 220px\" \/>St\u00e9phane BEAUSSART<\/strong><br \/>\nBusiness Manager<br \/>\nIndustrial partnerships and transfer<br \/>\nTel : +33 (0)3 20 19 79 57<br \/>\nMob. +33 (0)6 73 74 16 05<\/p>\n<div  class='avia-button-wrap av-6lbcqbq-9f7f31e4fc371e68b748083f06def484-wrap avia-button-left  avia-builder-el-7  avia-builder-el-no-sibling'><a href='mailto:stephane.beaussart@iemn.fr'  class='avia-button av-6lbcqbq-9f7f31e4fc371e68b748083f06def484 av-link-btn avia-icon_select-yes-left-icon avia-size-small avia-position-left avia-color-silver'   aria-label=\"stephane.beaussart@iemn.fr\"><span class='avia_button_icon avia_button_icon_left' aria-hidden='true' data-av_icon='\ue805' data-av_iconfont='entypo-fontello'><\/span><span class='avia_iconbox_title' >stephane.beaussart@iemn.fr<\/span><\/a><\/div>\n<hr \/>\n<\/div><\/section><\/div>\n<style type=\"text\/css\" data-created_by=\"avia_inline_auto\" id=\"style-css-av-67sikyu-8397586ba849e4ca10383a93f26f9737\">\n.flex_column.av-67sikyu-8397586ba849e4ca10383a93f26f9737{\nbackground-color:#f7f7f7;\n}\n<\/style>\n<div  class='flex_column av-67sikyu-8397586ba849e4ca10383a93f26f9737 av_one_half  avia-builder-el-8  el_after_av_one_half  avia-builder-el-last  flex_column_div'     ><section  class='av_textblock_section av-mf3yha4q-4dc2b8beb90a0ede73984a8c14616f04'   itemscope=\"itemscope\" itemtype=\"https:\/\/schema.org\/CreativeWork\" ><div class='avia_textblock'  itemprop=\"text\" ><h5><\/h5>\n<p><strong><img loading=\"lazy\" decoding=\"async\" class=\"wp-image-74891 alignleft\" src=\"https:\/\/www.iemn.fr\/wp-content\/uploads\/2025\/09\/christophe4.jpg\" alt=\"\" width=\"220\" height=\"180\" srcset=\"https:\/\/www.iemn.fr\/wp-content\/uploads\/2025\/09\/christophe4.jpg 500w, https:\/\/www.iemn.fr\/wp-content\/uploads\/2025\/09\/christophe4-300x245.jpg 300w, https:\/\/www.iemn.fr\/wp-content\/uploads\/2025\/09\/christophe4-15x12.jpg 15w\" sizes=\"auto, (max-width: 220px) 100vw, 220px\" \/>Christophe PAVAGEAU<\/strong><br \/>\nBusiness Manager<br \/>\nIndustrial partnerships and transfer<br \/>\nTel : +33 (0)3 20 19 79 57<br \/>\nMob. +33 (0)<\/p>\n<div  class='avia-button-wrap av-bi52c-902a886776afb4ec454001d5d8fa6b7c-wrap avia-button-left  avia-builder-el-10  avia-builder-el-no-sibling'><a href='mailto:christophe.pavageau@iemn.fr'  class='avia-button av-bi52c-902a886776afb4ec454001d5d8fa6b7c av-link-btn avia-icon_select-yes-left-icon avia-size-small avia-position-left avia-color-silver'   aria-label=\"Christophe.pavageau@iemn.fr\"><span class='avia_button_icon avia_button_icon_left' aria-hidden='true' data-av_icon='\ue805' data-av_iconfont='entypo-fontello'><\/span><span class='avia_iconbox_title' >Christophe.pavageau@iemn.fr<\/span><\/a><\/div>\n<hr \/>\n<\/div><\/section><\/div>\n\n<\/div><\/div><\/div><!-- close content main div --><\/div><div class='av-extra-border-element border-extra-arrow-down'><div class='av-extra-border-outer'><div class='av-extra-border-inner'><\/div><\/div><\/div><\/div>\n<style type=\"text\/css\" data-created_by=\"avia_inline_auto\" id=\"style-css-av-mf3z01zd-72aecfc1933259e51ccd8ac867dc404c\">\n.avia-section.av-mf3z01zd-72aecfc1933259e51ccd8ac867dc404c{\nbackground-color:#ffffff;\nbackground-image:unset;\n}\n.avia-section.av-mf3z01zd-72aecfc1933259e51ccd8ac867dc404c .av-extra-border-element .av-extra-border-inner{\nbackground-color:#ffffff;\n}\n<\/style>\n<div id='av_section_2'  class='avia-section av-mf3z01zd-72aecfc1933259e51ccd8ac867dc404c main_color avia-section-no-padding avia-shadow  avia-builder-el-11  el_after_av_section  avia-builder-el-last  avia-bg-style-parallax av-arrow-down-section av-minimum-height av-minimum-height-custom av-height-custom  container_wrap sidebar_right'   data-av_minimum_height_px='300'><div class='container av-section-cont-open' style='height:300px'><div class='template-page content  av-content-small alpha units'><div class='post-entry post-entry-type-page post-entry-53478'><div class='entry-content-wrapper clearfix'>\n\n<style type=\"text\/css\" data-created_by=\"avia_inline_auto\" id=\"style-css-av-mf3yr3b9-cc18028e46940b634e86d7fc26daf5d5\">\n#top .hr.hr-invisible.av-mf3yr3b9-cc18028e46940b634e86d7fc26daf5d5{\nheight:40px;\n}\n<\/style>\n<div  class='hr av-mf3yr3b9-cc18028e46940b634e86d7fc26daf5d5 hr-invisible  avia-builder-el-12  el_before_av_one_fifth  avia-builder-el-first'><span class='hr-inner'><span class=\"hr-inner-style\"><\/span><\/span><\/div>\n\n<style type=\"text\/css\" data-created_by=\"avia_inline_auto\" id=\"style-css-av-354e31i-4d698d40a6b86b61cf47e34913f76fb3\">\n.flex_column.av-354e31i-4d698d40a6b86b61cf47e34913f76fb3{\nborder-radius:0px 0px 0px 0px;\npadding:0px 0px 0px 0px;\nbackground-color:rgba(0,0,0,0.01);\n}\n<\/style>\n<div  class='flex_column av-354e31i-4d698d40a6b86b61cf47e34913f76fb3 av_one_fifth  avia-builder-el-13  el_after_av_hr  el_before_av_two_fifth  first no_margin flex_column_div av-zero-column-padding'     ><section  class='av_textblock_section av-2i0nixy-6b68315eb580134a4948259da72dd3b2'   itemscope=\"itemscope\" itemtype=\"https:\/\/schema.org\/CreativeWork\" ><div class='avia_textblock'  itemprop=\"text\" ><h3 style=\"text-align: left;\"><span style=\"color: #ffffff;\">.<\/span><\/h3>\n<h3><\/h3>\n<blockquote>\n<h3 style=\"text-align: left;\"><span style=\"color: #595959;\"><a style=\"color: #595959;\" href=\"https:\/\/www.iemn.fr\/en\/les-collaborations\/le-partenariat-industriel\/\">Industrial partnerships<\/a><\/span><\/h3>\n<\/blockquote>\n<h3 style=\"text-align: left;\"><\/h3>\n<h3 style=\"text-align: left;\"><span style=\"color: #ffffff;\">.<\/span><\/h3>\n<blockquote>\n<h3 style=\"text-align: left;\" class=\"translation-block\"><span style=\"color: #595959\"><a style=\"color: #595959\" href=\"https:\/\/www.iemn.fr\/en\/les-collaborations\/\" target=\"_self\">Research, Innovation, <\/a><\/span><span style=\"color: #595959\"><a style=\"color: #595959\" href=\"https:\/\/www.iemn. en\/collaborations\" target=\"_self\">Valorisation: the <\/a><\/span><span style=\"color: #595959\"><a style=\"color: #595959\" href=\"https:\/\/www.iemn.fr\/en\/les-collaborations\/\" target=\"_self\">3 vectors of the strategy<\/a><\/span><span style=\"color: #595959\"><a style=\"color: #595959\" href=\"https:\/\/www.iemn.fr\/en\/les-collaborations\/\" target=\"_self\">EMNI<\/a><\/span><\/span><\/h3>\n<\/blockquote>\n<h3 style=\"text-align: left;\"><span style=\"color: #ffffff;\">.<\/span><\/h3>\n<h3 style=\"text-align: left;\"><\/h3>\n<\/div><\/section><\/div>\n<style type=\"text\/css\" data-created_by=\"avia_inline_auto\" id=\"style-css-av-22pgf3a-603ea79b47e8cba030f4ae20fdd9f476\">\n.flex_column.av-22pgf3a-603ea79b47e8cba030f4ae20fdd9f476{\nborder-radius:0px 0px 0px 0px;\npadding:0px 0px 0px 0px;\nbackground-color:rgba(0,0,0,0.01);\n}\n<\/style>\n<div  class='flex_column av-22pgf3a-603ea79b47e8cba030f4ae20fdd9f476 av_two_fifth  avia-builder-el-15  el_after_av_one_fifth  el_before_av_one_fifth  no_margin flex_column_div av-zero-column-padding'     ><section  class='av_textblock_section av-1ki6qp2-bd2f0c76cc97be8d253f218e26a4744c'   itemscope=\"itemscope\" itemtype=\"https:\/\/schema.org\/CreativeWork\" ><div class='avia_textblock'  itemprop=\"text\" ><p><a href=\"https:\/\/www.iemn.fr\/wp-content\/uploads\/2023\/11\/entreprise-1.gif\"><img loading=\"lazy\" decoding=\"async\" class=\"alignnone wp-image-60883 size-full\" src=\"https:\/\/www.iemn.fr\/wp-content\/uploads\/2023\/11\/entreprise-1.gif\" alt=\"\" width=\"600\" height=\"721\" \/><\/a><\/p>\n<\/div><\/section><\/div>\n<style type=\"text\/css\" data-created_by=\"avia_inline_auto\" id=\"style-css-av-18lecti-19729aebdb542818a32c307d177e150c\">\n.flex_column.av-18lecti-19729aebdb542818a32c307d177e150c{\nborder-radius:0px 0px 0px 0px;\npadding:0px 0px 0px 0px;\nbackground-color:rgba(0,0,0,0.01);\n}\n<\/style>\n<div  class='flex_column av-18lecti-19729aebdb542818a32c307d177e150c av_one_fifth  avia-builder-el-17  el_after_av_two_fifth  avia-builder-el-last  no_margin flex_column_div av-zero-column-padding'     ><section  class='av_textblock_section av-w7voue-cc523b14bf8b759d75fa89fc0a2f473e'   itemscope=\"itemscope\" itemtype=\"https:\/\/schema.org\/CreativeWork\" ><div class='avia_textblock'  itemprop=\"text\" ><h3 style=\"text-align: left;\"><\/h3>\n<h3 style=\"text-align: left;\"><span style=\"color: #ffffff;\">.<\/span><\/h3>\n<h3 style=\"text-align: left;\"><span style=\"color: #ffffff;\">.<\/span><\/h3>\n<h3 style=\"text-align: left;\"><span style=\"color: #ffffff;\">.<\/span><\/h3>\n<h3 style=\"text-align: left;\"><\/h3>\n<blockquote>\n<h3 style=\"text-align: left;\" class=\"translation-block\"><span style=\"color: #595959\"><a style=\"color: #595959\" href=\"https:\/\/www.iemn.fr\/en\/les-collaborations\/les-laboratoires-communs-iemn-industrie\/\" target=\"_self\">Labs<br>\ncommon<br>\nIEMN \/ Industries<\/a><\/span><\/h3>\n<\/blockquote>\n<h3 style=\"text-align: left;\"><span style=\"color: #ffffff;\">.<\/span><\/h3>\n<h3 style=\"text-align: left;\"><\/h3>\n<h3 style=\"text-align: left;\"><span style=\"color: #ffffff;\">.<\/span><\/h3>\n<blockquote>\n<h3 style=\"text-align: left;\"><a href=\"https:\/\/www.iemn.fr\/wp-content\/uploads\/2024\/09\/recueil_equipements_4_Sept_2024.pdf\" target=\"_blank\" rel=\"noopener\"><span style=\"color: #595959;\"><span style=\"caret-color: #595959;\"><span style=\"color: #800000;\">T\u00e9l\u00e9chargez le recueil des \u00e9quipements<\/span><\/span><\/span><\/a><a href=\"https:\/\/www.iemn.fr\/wp-content\/uploads\/2024\/05\/plaquette_TOTALE_27_mai_2024.pdf\"><span style=\"color: #595959;\"><span style=\"caret-color: #595959;\"><br \/>\n<\/span><\/span><\/a><a href=\"https:\/\/www.iemn.fr\/wp-content\/uploads\/2022\/01\/telecharger_pdf.jpg\"><img loading=\"lazy\" decoding=\"async\" class=\"alignnone size-full wp-image-60570\" src=\"https:\/\/www.iemn.fr\/wp-content\/uploads\/2022\/01\/telecharger_pdf.jpg\" alt=\"\" width=\"40\" height=\"42\" srcset=\"https:\/\/www.iemn.fr\/wp-content\/uploads\/2022\/01\/telecharger_pdf.jpg 40w, https:\/\/www.iemn.fr\/wp-content\/uploads\/2022\/01\/telecharger_pdf-11x12.jpg 11w\" sizes=\"auto, (max-width: 40px) 100vw, 40px\" \/><\/a><\/h3>\n<\/blockquote>\n<\/div><\/section><\/div><\/div><\/div><\/div><!-- close content main div --><\/div><div class='av-extra-border-element border-extra-arrow-down'><div class='av-extra-border-outer'><div class='av-extra-border-inner'><\/div><\/div><\/div><\/div><div id='after_section_2'  class='main_color av_default_container_wrap container_wrap sidebar_right'  ><div class='container av-section-cont-open' ><div class='template-page content  av-content-small alpha units'><div class='post-entry post-entry-type-page post-entry-53478'><div class='entry-content-wrapper clearfix'>","protected":false},"excerpt":{"rendered":"","protected":false},"author":2,"featured_media":0,"parent":0,"menu_order":0,"comment_status":"closed","ping_status":"closed","template":"","meta":{"footnotes":""},"class_list":["post-53478","page","type-page","status-publish","hentry"],"_links":{"self":[{"href":"https:\/\/www.iemn.fr\/en\/wp-json\/wp\/v2\/pages\/53478","targetHints":{"allow":["GET"]}}],"collection":[{"href":"https:\/\/www.iemn.fr\/en\/wp-json\/wp\/v2\/pages"}],"about":[{"href":"https:\/\/www.iemn.fr\/en\/wp-json\/wp\/v2\/types\/page"}],"author":[{"embeddable":true,"href":"https:\/\/www.iemn.fr\/en\/wp-json\/wp\/v2\/users\/2"}],"replies":[{"embeddable":true,"href":"https:\/\/www.iemn.fr\/en\/wp-json\/wp\/v2\/comments?post=53478"}],"version-history":[{"count":19,"href":"https:\/\/www.iemn.fr\/en\/wp-json\/wp\/v2\/pages\/53478\/revisions"}],"predecessor-version":[{"id":74883,"href":"https:\/\/www.iemn.fr\/en\/wp-json\/wp\/v2\/pages\/53478\/revisions\/74883"}],"wp:attachment":[{"href":"https:\/\/www.iemn.fr\/en\/wp-json\/wp\/v2\/media?parent=53478"}],"curies":[{"name":"wp","href":"https:\/\/api.w.org\/{rel}","templated":true}]}}