{"id":53073,"date":"2022-06-10T14:55:51","date_gmt":"2022-06-10T12:55:51","guid":{"rendered":"https:\/\/www.iemn.fr\/?page_id=53073"},"modified":"2024-04-12T10:56:46","modified_gmt":"2024-04-12T08:56:46","slug":"projet-anr-tunne2d","status":"publish","type":"page","link":"https:\/\/www.iemn.fr\/en\/projet-anr-tunne2d","title":{"rendered":"Projet ANR TUNNE2D"},"content":{"rendered":"<style type=\"text\/css\" data-created_by=\"avia_inline_auto\" id=\"style-css-av-obgwup-e849561b42eb2866e0aa5229228349dd\">\n.flex_column.av-obgwup-e849561b42eb2866e0aa5229228349dd{\nborder-radius:0px 0px 0px 0px;\npadding:0px 0px 0px 0px;\n}\n<\/style>\n<div  class='flex_column av-obgwup-e849561b42eb2866e0aa5229228349dd av_one_full  avia-builder-el-0  el_before_av_one_full  avia-builder-el-first  first flex_column_div av-zero-column-padding'     ><style type=\"text\/css\" data-created_by=\"avia_inline_auto\" id=\"style-css-av-l48hjacc-51f1c3abb998a01ce275ef5054d6adcb\">\n.avia-image-container.av-l48hjacc-51f1c3abb998a01ce275ef5054d6adcb img.avia_image{\nbox-shadow:none;\n}\n.avia-image-container.av-l48hjacc-51f1c3abb998a01ce275ef5054d6adcb .av-image-caption-overlay-center{\ncolor:#ffffff;\n}\n<\/style>\n<div  class='avia-image-container av-l48hjacc-51f1c3abb998a01ce275ef5054d6adcb av-styling- avia-align-center  avia-builder-el-1  avia-builder-el-no-sibling'   itemprop=\"image\" itemscope=\"itemscope\" itemtype=\"https:\/\/schema.org\/ImageObject\" ><div class=\"avia-image-container-inner\"><div class=\"avia-image-overlay-wrap\"><img decoding=\"async\" fetchpriority=\"high\" class='wp-image-53098 avia-img-lazy-loading-not-53098 avia_image' src=\"https:\/\/www.iemn.fr\/wp-content\/uploads\/2022\/06\/logo_anr.jpg\" alt='' title='logo_anr'  height=\"85\" width=\"300\"  itemprop=\"thumbnailUrl\" srcset=\"https:\/\/www.iemn.fr\/wp-content\/uploads\/2022\/06\/logo_anr.jpg 300w, https:\/\/www.iemn.fr\/wp-content\/uploads\/2022\/06\/logo_anr-18x5.jpg 18w\" sizes=\"(max-width: 300px) 100vw, 300px\" \/><\/div><\/div><\/div><\/div>\n\n<style type=\"text\/css\" data-created_by=\"avia_inline_auto\" id=\"style-css-av-l48hejsx-e4793490ff2a2a809d51b2d1d36f4496\">\n.flex_column.av-l48hejsx-e4793490ff2a2a809d51b2d1d36f4496{\nborder-radius:20px 20px 20px 20px;\npadding:10px 10px 10px 10px;\nbackground-color:#ebb401;\n}\n<\/style>\n<div  class='flex_column av-l48hejsx-e4793490ff2a2a809d51b2d1d36f4496 av_one_full  avia-builder-el-2  el_after_av_one_full  el_before_av_one_full  first flex_column_div  column-top-margin'     ><section  class='av_textblock_section av-l48hdtga-55abfa5656db44fdd76b37aed52962f6'   itemscope=\"itemscope\" itemtype=\"https:\/\/schema.org\/CreativeWork\" ><div class='avia_textblock'  itemprop=\"text\" ><h3 style=\"text-align: center;\">Project ANR -21-CE24-0030<\/h3>\n<\/div><\/section><\/div>\n\n<style type=\"text\/css\" data-created_by=\"avia_inline_auto\" id=\"style-css-av-lkgiy9-6fe9252508a87bef590816866096ff99\">\n.flex_column.av-lkgiy9-6fe9252508a87bef590816866096ff99{\nborder-radius:0px 0px 0px 0px;\npadding:20px 0px 20px 0px;\n}\n<\/style>\n<div  class='flex_column av-lkgiy9-6fe9252508a87bef590816866096ff99 av_one_full  avia-builder-el-4  el_after_av_one_full  el_before_av_textblock  first flex_column_div  column-top-margin'     ><section  class='av_textblock_section av-l48g5n3e-d14dff6097a6073ddf6a61e5992886d8'   itemscope=\"itemscope\" itemtype=\"https:\/\/schema.org\/CreativeWork\" ><div class='avia_textblock'  itemprop=\"text\" ><h4>\n<style type=\"text\/css\" data-created_by=\"avia_inline_auto\" id=\"style-css-av-mqde7m-b8f4c22e6bbeb9225144fbb1e9b8c6d8\">\n.av_font_icon.av-mqde7m-b8f4c22e6bbeb9225144fbb1e9b8c6d8{\ncolor:#ebb401;\nborder-color:#ebb401;\n}\n.av_font_icon.av-mqde7m-b8f4c22e6bbeb9225144fbb1e9b8c6d8 .av-icon-char{\nfont-size:25px;\nline-height:25px;\n}\n<\/style>\n<span  class='av_font_icon av-mqde7m-b8f4c22e6bbeb9225144fbb1e9b8c6d8 avia_animate_when_visible av-icon-style- avia-icon-pos-left avia-icon-animate'><span class='av-icon-char' aria-hidden='true' data-av_icon='\ue889' data-av_iconfont='entypo-fontello' ><\/span><\/span>TUNNE2D<\/h4>\n<h5>Miniaturizable tunnel diodes based on 2D materials<\/h5>\n<\/div><\/section><\/div>\n<section  class='av_textblock_section av-l48g64e5-b1c6fc41ede5d9ffe50c71bec5ec6310'   itemscope=\"itemscope\" itemtype=\"https:\/\/schema.org\/CreativeWork\" ><div class='avia_textblock'  itemprop=\"text\" ><p>The information and communication society requires very high speed data transmission and processing networks, requiring high frequency (HF) components. Tunneling devices (TDs) are an essential building block, with potentially higher performance than thermionic devices. Indeed, inter-band tunneling carrier transport does not suffer from the limitations due to thermal activation and can lead to a negative differential resistance (NDR), a unique and differentiating feature for the development of HF sources and detectors. However, DTs are very sensitive to the chemical and electronic structure of the tunnel interface and their performance remains limited by the covalent nature of the bonds at the interface when fabricated using three-dimensional (3D) semiconductors such as Si, Ge or III-Vs.<br \/>\nIn contrast, the absence of surface dangling bonds in two-dimensional transition metal dichalcogenides (DMTs) allows the formation of van der Waals (vdW) heterostructures without lattice adaptation and stress-free integration. <strong>One of the main objectives of the TUNNE2D project is to study the fabrication of vdW heterostructures without dangling bonds at the interfaces.<\/strong> Recent experimental results have confirmed the added value of DMTs for DTs governed by band-to-band tunneling. However, to date, these devices have been developed from exfoliated or transferred layers. These processes result in poor interface integrity and limited reliability and scalability.<br \/>\n<strong>This proposal aims to evaluate the capabilities of DMTs for tunneling devices. To this end, backward, Esaki and resonant tunneling diodes will be fabricated at wafer scale and fully characterized at low and high frequencies.<\/strong> The objectives are: (i) growth of layers and heterostructures of DMTs by chemical vapor deposition (CVD) and molecular beam epitaxy (MBE); (ii) comprehensive characterization of the layers and heterostructures, including interface properties and band alignment; (iii) design of tunnel diodes based on DFT calculations of material properties and quantum transport in the devices; iv) Fabrication of tunnel diodes; v) Comparison of DTs fabricated by CVD or EJM to provide the community with insight into the advantages\/disadvantages of the two approaches; vi) Comparative evaluation of DMT-based diodes versus conventional 3D semiconductor-based diodes.<a href=\"https:\/\/www.iemn.fr\/wp-content\/uploads\/2022\/06\/croquis1.jpg\"><img loading=\"lazy\" decoding=\"async\" class=\"aligncenter wp-image-53074 size-full\" src=\"https:\/\/www.iemn.fr\/wp-content\/uploads\/2022\/06\/croquis1.jpg\" alt=\"\" width=\"700\" height=\"296\" srcset=\"https:\/\/www.iemn.fr\/wp-content\/uploads\/2022\/06\/croquis1.jpg 700w, https:\/\/www.iemn.fr\/wp-content\/uploads\/2022\/06\/croquis1-300x127.jpg 300w, https:\/\/www.iemn.fr\/wp-content\/uploads\/2022\/06\/croquis1-18x8.jpg 18w\" sizes=\"auto, (max-width: 700px) 100vw, 700px\" \/><\/a><br \/>\nThe project will focus on the family of Se-based DMTs offering the variety of materials required to fabricate these diodes, namely metallic, p-type and n-type semiconductor layers with different electronic affinities. Our approach is based on the strong interaction between the material aspects, the modeling and simulation and the electrical study of the devices. It gathers 3 academic partners (IEMN, CINTRA, C2N) with complementary skills and equipments in the elaboration and characterization of materials, fabrication and simulation of devices. IEMN has recently installed an EJM system entirely dedicated to the growth of DMTs and is expert in the development of 2D devices with advanced fabrication techniques. CINTRA is very active in the field of CVD growth of DMTs and has recently demonstrated the versatility of this technique for over 30 materials. C2N has a long history of tunneling device simulations and has recently focused on DMTs. The success of the consortium will build on both a long-term partnership of more than 10 years between IEMN and CINTRA and the long history of collaboration within IEMN and C2N projects.<\/p>\n<\/div><\/section>\n\n<style type=\"text\/css\" data-created_by=\"avia_inline_auto\" id=\"style-css-av-lkgiy9-6fe9252508a87bef590816866096ff99\">\n.flex_column.av-lkgiy9-6fe9252508a87bef590816866096ff99{\nborder-radius:0px 0px 0px 0px;\npadding:20px 0px 20px 0px;\n}\n<\/style>\n<div  class='flex_column av-lkgiy9-6fe9252508a87bef590816866096ff99 av_one_full  avia-builder-el-8  el_after_av_textblock  el_before_av_one_half  first flex_column_div  column-top-margin'     ><section  class='av_textblock_section av-l48g5n3e-d14dff6097a6073ddf6a61e5992886d8'   itemscope=\"itemscope\" itemtype=\"https:\/\/schema.org\/CreativeWork\" ><div class='avia_textblock'  itemprop=\"text\" ><h4>\n<style type=\"text\/css\" data-created_by=\"avia_inline_auto\" id=\"style-css-av-mqde7m-b8f4c22e6bbeb9225144fbb1e9b8c6d8\">\n.av_font_icon.av-mqde7m-b8f4c22e6bbeb9225144fbb1e9b8c6d8{\ncolor:#ebb401;\nborder-color:#ebb401;\n}\n.av_font_icon.av-mqde7m-b8f4c22e6bbeb9225144fbb1e9b8c6d8 .av-icon-char{\nfont-size:25px;\nline-height:25px;\n}\n<\/style>\n<span  class='av_font_icon av-mqde7m-b8f4c22e6bbeb9225144fbb1e9b8c6d8 avia_animate_when_visible av-icon-style- avia-icon-pos-left avia-icon-animate'><span class='av-icon-char' aria-hidden='true' data-av_icon='\ue889' data-av_iconfont='entypo-fontello' ><\/span><\/span>Partners<\/h4>\n<h5><\/h5>\n<\/div><\/section><\/div>\n<div class='flex_column_table av-237o9w1-e31f98e4cf06d668c03c0d3978576c28 sc-av_one_half av-equal-height-column-flextable'>\n<style type=\"text\/css\" data-created_by=\"avia_inline_auto\" id=\"style-css-av-237o9w1-e31f98e4cf06d668c03c0d3978576c28\">\n@keyframes av_boxShadowEffect_av-237o9w1-e31f98e4cf06d668c03c0d3978576c28-column {\n0%   { box-shadow:  0 0 0 0 #d3d3d3; opacity: 1; }\n100% { box-shadow:  0 0 10px 0 #d3d3d3; opacity: 1; }\n}\n.flex_column.av-237o9w1-e31f98e4cf06d668c03c0d3978576c28{\nbox-shadow: 0 0 10px 0 #d3d3d3;\nborder-width:2px;\nborder-color:#cccccc;\nborder-style:solid;\nborder-radius:10px 10px 10px 10px;\npadding:20px 20px 20px 20px;\n}\n<\/style>\n<div  class='flex_column av-237o9w1-e31f98e4cf06d668c03c0d3978576c28 av_one_half  avia-builder-el-11  el_after_av_one_full  el_before_av_one_half  first flex_column_table_cell av-equal-height-column av-align-bottom shadow-not-animated  column-top-margin'     ><section  class='av_textblock_section av-l48gdxv4-2ae09003fd94017ae2e0fee6578cc2d3'   itemscope=\"itemscope\" itemtype=\"https:\/\/schema.org\/CreativeWork\" ><div class='avia_textblock'  itemprop=\"text\" ><h4><a href=\"https:\/\/www.iemn.fr\/wp-content\/uploads\/2020\/09\/logo_iemn_def.jpg\"><img loading=\"lazy\" decoding=\"async\" class=\"alignnone size-medium wp-image-42329\" src=\"https:\/\/www.iemn.fr\/wp-content\/uploads\/2020\/09\/logo_iemn_def-300x110.jpg\" alt=\"\" width=\"300\" height=\"110\" srcset=\"https:\/\/www.iemn.fr\/wp-content\/uploads\/2020\/09\/logo_iemn_def-300x110.jpg 300w, https:\/\/www.iemn.fr\/wp-content\/uploads\/2020\/09\/logo_iemn_def.jpg 340w\" sizes=\"auto, (max-width: 300px) 100vw, 300px\" \/><\/a><\/h4>\n<h4><strong>Institut d\u2019Electronique, de Micro\u00e9lectronique et de Nanotechnologie, IEMN<\/strong><\/h4>\n<h5><em>Coordinateur\u00a0: Xavier Wallart<\/em><\/h5>\n<\/div><\/section><\/div>\n<div class='av-flex-placeholder'><\/div>\n<style type=\"text\/css\" data-created_by=\"avia_inline_auto\" id=\"style-css-av-237o9w1-7b69530381d1b97bd96abd8a80c1793f\">\n@keyframes av_boxShadowEffect_av-237o9w1-7b69530381d1b97bd96abd8a80c1793f-column {\n0%   { box-shadow:  0 0 0 0 #d3d3d3; opacity: 1; }\n100% { box-shadow:  0 0 10px 0 #d3d3d3; opacity: 1; }\n}\n.flex_column.av-237o9w1-7b69530381d1b97bd96abd8a80c1793f{\nbox-shadow: 0 0 10px 0 #d3d3d3;\nborder-width:2px;\nborder-color:#cccccc;\nborder-style:solid;\nborder-radius:10px 10px 10px 10px;\npadding:20px 20px 20px 20px;\n}\n<\/style>\n<div  class='flex_column av-237o9w1-7b69530381d1b97bd96abd8a80c1793f av_one_half  avia-builder-el-13  el_after_av_one_half  el_before_av_one_half  flex_column_table_cell av-equal-height-column av-align-bottom shadow-not-animated  column-top-margin'     ><section  class='av_textblock_section av-l48gdxv4-2ae09003fd94017ae2e0fee6578cc2d3'   itemscope=\"itemscope\" itemtype=\"https:\/\/schema.org\/CreativeWork\" ><div class='avia_textblock'  itemprop=\"text\" ><h4><a href=\"https:\/\/www.iemn.fr\/wp-content\/uploads\/2022\/06\/logo_cintra.jpg\"><img loading=\"lazy\" decoding=\"async\" class=\"alignnone size-full wp-image-53080\" src=\"https:\/\/www.iemn.fr\/wp-content\/uploads\/2022\/06\/logo_cintra.jpg\" alt=\"\" width=\"200\" height=\"83\" srcset=\"https:\/\/www.iemn.fr\/wp-content\/uploads\/2022\/06\/logo_cintra.jpg 200w, https:\/\/www.iemn.fr\/wp-content\/uploads\/2022\/06\/logo_cintra-18x7.jpg 18w\" sizes=\"auto, (max-width: 200px) 100vw, 200px\" \/><\/a><\/h4>\n<h4><strong>CNRS International \u2013 NTU \u2013 Thal\u00e8s reserach Alliance, CINTRA<\/strong><\/h4>\n<h5><em>Responsable scientifique\u00a0: Pr. Beng Kang Tay<\/em><\/h5>\n<\/div><\/section><\/div><\/div><!--close column table wrapper. Autoclose: 1 -->\n<div class='flex_column_table av-237o9w1-e31f98e4cf06d668c03c0d3978576c28 sc-av_one_half av-equal-height-column-flextable'>\n<style type=\"text\/css\" data-created_by=\"avia_inline_auto\" id=\"style-css-av-237o9w1-e31f98e4cf06d668c03c0d3978576c28\">\n@keyframes av_boxShadowEffect_av-237o9w1-e31f98e4cf06d668c03c0d3978576c28-column {\n0%   { box-shadow:  0 0 0 0 #d3d3d3; opacity: 1; }\n100% { box-shadow:  0 0 10px 0 #d3d3d3; opacity: 1; }\n}\n.flex_column.av-237o9w1-e31f98e4cf06d668c03c0d3978576c28{\nbox-shadow: 0 0 10px 0 #d3d3d3;\nborder-width:2px;\nborder-color:#cccccc;\nborder-style:solid;\nborder-radius:10px 10px 10px 10px;\npadding:20px 20px 20px 20px;\n}\n<\/style>\n<div  class='flex_column av-237o9w1-e31f98e4cf06d668c03c0d3978576c28 av_one_half  avia-builder-el-15  el_after_av_one_half  el_before_av_one_half  first flex_column_table_cell av-equal-height-column av-align-bottom shadow-not-animated  column-top-margin'     ><section  class='av_textblock_section av-l48gdxv4-2ae09003fd94017ae2e0fee6578cc2d3'   itemscope=\"itemscope\" itemtype=\"https:\/\/schema.org\/CreativeWork\" ><div class='avia_textblock'  itemprop=\"text\" ><h4><a href=\"https:\/\/www.iemn.fr\/wp-content\/uploads\/2022\/06\/logo_c2n.jpg\"><img loading=\"lazy\" decoding=\"async\" class=\"alignnone wp-image-53081\" src=\"https:\/\/www.iemn.fr\/wp-content\/uploads\/2022\/06\/logo_c2n.jpg\" alt=\"\" width=\"120\" height=\"118\" srcset=\"https:\/\/www.iemn.fr\/wp-content\/uploads\/2022\/06\/logo_c2n.jpg 150w, https:\/\/www.iemn.fr\/wp-content\/uploads\/2022\/06\/logo_c2n-80x80.jpg 80w, https:\/\/www.iemn.fr\/wp-content\/uploads\/2022\/06\/logo_c2n-12x12.jpg 12w, https:\/\/www.iemn.fr\/wp-content\/uploads\/2022\/06\/logo_c2n-36x36.jpg 36w\" sizes=\"auto, (max-width: 120px) 100vw, 120px\" \/><\/a><\/h4>\n<h4><strong>Centre de nanosciences et de Nanotechnologies, C2N<\/strong><\/h4>\n<h5><em>Responsable scientifique\u00a0: Marco Pala<\/em><\/h5>\n<\/div><\/section><\/div>\n<div class='av-flex-placeholder'><\/div>\n<style type=\"text\/css\" data-created_by=\"avia_inline_auto\" id=\"style-css-av-237o9w1-7b69530381d1b97bd96abd8a80c1793f\">\n@keyframes av_boxShadowEffect_av-237o9w1-7b69530381d1b97bd96abd8a80c1793f-column {\n0%   { box-shadow:  0 0 0 0 #d3d3d3; opacity: 1; }\n100% { box-shadow:  0 0 10px 0 #d3d3d3; opacity: 1; }\n}\n.flex_column.av-237o9w1-7b69530381d1b97bd96abd8a80c1793f{\nbox-shadow: 0 0 10px 0 #d3d3d3;\nborder-width:2px;\nborder-color:#cccccc;\nborder-style:solid;\nborder-radius:10px 10px 10px 10px;\npadding:20px 20px 20px 20px;\n}\n<\/style>\n<div  class='flex_column av-237o9w1-7b69530381d1b97bd96abd8a80c1793f av_one_half  avia-builder-el-17  el_after_av_one_half  el_before_av_one_full  flex_column_table_cell av-equal-height-column av-align-bottom shadow-not-animated  column-top-margin'     ><section  class='av_textblock_section av-l48gdxv4-2ae09003fd94017ae2e0fee6578cc2d3'   itemscope=\"itemscope\" itemtype=\"https:\/\/schema.org\/CreativeWork\" ><div class='avia_textblock'  itemprop=\"text\" ><h4><a href=\"https:\/\/www.iemn.fr\/wp-content\/uploads\/2022\/06\/logo_cp2m.jpg\"><img loading=\"lazy\" decoding=\"async\" class=\"alignnone size-full wp-image-53082\" src=\"https:\/\/www.iemn.fr\/wp-content\/uploads\/2022\/06\/logo_cp2m.jpg\" alt=\"\" width=\"200\" height=\"80\" srcset=\"https:\/\/www.iemn.fr\/wp-content\/uploads\/2022\/06\/logo_cp2m.jpg 200w, https:\/\/www.iemn.fr\/wp-content\/uploads\/2022\/06\/logo_cp2m-18x7.jpg 18w\" sizes=\"auto, (max-width: 200px) 100vw, 200px\" \/><\/a><\/h4>\n<h4><strong>Catalyse, Polym\u00e9risation, proc\u00e9d\u00e9s et mat\u00e9riaux, CP2M<\/strong><\/h4>\n<h5><em>Responsable scientifique\u00a0: St\u00e9phane Daniele<\/em><\/h5>\n<\/div><\/section><\/div><\/div><!--close column table wrapper. Autoclose: 1 -->\n\n<style type=\"text\/css\" data-created_by=\"avia_inline_auto\" id=\"style-css-av-lkgiy9-6fe9252508a87bef590816866096ff99\">\n.flex_column.av-lkgiy9-6fe9252508a87bef590816866096ff99{\nborder-radius:0px 0px 0px 0px;\npadding:20px 0px 20px 0px;\n}\n<\/style>\n<div  class='flex_column av-lkgiy9-6fe9252508a87bef590816866096ff99 av_one_full  avia-builder-el-19  el_after_av_one_half  el_before_av_sidebar  first flex_column_div  column-top-margin'     ><section  class='av_textblock_section av-l48g5n3e-d14dff6097a6073ddf6a61e5992886d8'   itemscope=\"itemscope\" itemtype=\"https:\/\/schema.org\/CreativeWork\" ><div class='avia_textblock'  itemprop=\"text\" ><h4>\n<style type=\"text\/css\" data-created_by=\"avia_inline_auto\" id=\"style-css-av-mqde7m-e840e0f0038803c4902c4483cceaf705\">\n.av_font_icon.av-mqde7m-e840e0f0038803c4902c4483cceaf705{\ncolor:#ebb401;\nborder-color:#ebb401;\n}\n.av_font_icon.av-mqde7m-e840e0f0038803c4902c4483cceaf705 .av-icon-char{\nfont-size:25px;\nline-height:25px;\n}\n<\/style>\n<span  class='av_font_icon av-mqde7m-e840e0f0038803c4902c4483cceaf705 avia_animate_when_visible av-icon-style- avia-icon-pos-left avia-icon-animate'><span class='av-icon-char' aria-hidden='true' data-av_icon='\ue826' data-av_iconfont='entypo-fontello' ><\/span><\/span><\/h4>\n<h4><a href=\"https:\/\/haltools.archives-ouvertes.fr\/Public\/afficheRequetePubli.php?projet_anr=TUNNE2D&amp;CB_auteur=oui&amp;CB_titre=oui&amp;CB_identifiant=oui&amp;CB_article=oui&amp;CB_vignette=oui&amp;langue=Anglais&amp;tri_exp=annee_publi&amp;tri_exp2=typdoc&amp;tri_exp3=date_publi&amp;ordre_aff=TA&amp;CB_rubriqueDiv=oui&amp;Fen=Aff&amp;css=..\/css\/VisuRubriqueEncadre.css\" target=\"_blank\" rel=\"noopener\">D\u00e9couvrez toutes les publications du projet TUNNE2D<\/a><\/h4>\n<h5><\/h5>\n<\/div><\/section><\/div><div  class='avia-builder-widget-area clearfix  avia-builder-el-22  el_after_av_one_full  avia-builder-el-last'><div id=\"hal-plus-publications-5\" class=\"widget clearfix wphal-plus-publications\"><h3 class=\"widgettitle\">R\u00e9cemment publi\u00e9<\/h3><ul class=\"widhal-ul\"><li class=\"widhal-li\"><a href=\"https:\/\/hal.science\/hal-05466868v1\" target=\"_blank\" rel=\"noopener\">Long-Term Aging Effects in Electrical Devices Based on High-Quality Chemical Vapor Deposition-Grown Single-Domain WSe <sub>2<\/sub><\/a><\/li><li class=\"widhal-li\"><a href=\"https:\/\/hal.science\/tel-05543607v1\" target=\"_blank\" rel=\"noopener\">Van der Waals epitaxy of TaSe2 and HfSe2-based heterostructures on semiconducting substrates<\/a><\/li><li class=\"widhal-li\"><a href=\"https:\/\/hal.science\/hal-05371725v1\" target=\"_blank\" rel=\"noopener\">Tunable electronic band structure in WS 2(1-x) Se 2x van der Waals Alloys<\/a><\/li><li class=\"widhal-li\"><a href=\"https:\/\/hal.science\/hal-05411859v1\" target=\"_blank\" rel=\"noopener\">Multi-Band Model Hamiltonian for Tunnel Devices with Van Der Waals Heterojunctions<\/a><\/li><\/ul><\/div><\/div><\/p>","protected":false},"excerpt":{"rendered":"","protected":false},"author":2,"featured_media":0,"parent":0,"menu_order":0,"comment_status":"closed","ping_status":"closed","template":"","meta":{"footnotes":""},"class_list":["post-53073","page","type-page","status-publish","hentry"],"_links":{"self":[{"href":"https:\/\/www.iemn.fr\/en\/wp-json\/wp\/v2\/pages\/53073","targetHints":{"allow":["GET"]}}],"collection":[{"href":"https:\/\/www.iemn.fr\/en\/wp-json\/wp\/v2\/pages"}],"about":[{"href":"https:\/\/www.iemn.fr\/en\/wp-json\/wp\/v2\/types\/page"}],"author":[{"embeddable":true,"href":"https:\/\/www.iemn.fr\/en\/wp-json\/wp\/v2\/users\/2"}],"replies":[{"embeddable":true,"href":"https:\/\/www.iemn.fr\/en\/wp-json\/wp\/v2\/comments?post=53073"}],"version-history":[{"count":1,"href":"https:\/\/www.iemn.fr\/en\/wp-json\/wp\/v2\/pages\/53073\/revisions"}],"predecessor-version":[{"id":73621,"href":"https:\/\/www.iemn.fr\/en\/wp-json\/wp\/v2\/pages\/53073\/revisions\/73621"}],"wp:attachment":[{"href":"https:\/\/www.iemn.fr\/en\/wp-json\/wp\/v2\/media?parent=53073"}],"curies":[{"name":"wp","href":"https:\/\/api.w.org\/{rel}","templated":true}]}}