{"id":51313,"date":"2022-03-16T16:53:27","date_gmt":"2022-03-16T14:53:27","guid":{"rendered":"https:\/\/www.iemn.fr\/?page_id=51313"},"modified":"2026-01-14T13:24:19","modified_gmt":"2026-01-14T11:24:19","slug":"staff-pcmp","status":"publish","type":"page","link":"https:\/\/www.iemn.fr\/en\/les_plateformes\/plateforme-de-caracterisation-multi-physique-pcmp\/staff-pcmp","title":{"rendered":"PCMP Staff"},"content":{"rendered":"<div id='layer_slider_1'  class='avia-layerslider main_color avia-shadow  avia-builder-el-0  el_before_av_heading  avia-builder-el-first  container_wrap sidebar_right'  style='height: 261px;'  ><div id=\"layerslider_57_cfaspcwhfyzj\" data-ls-slug=\"homepageslider\" class=\"ls-wp-container fitvidsignore ls-selectable\" style=\"width:1140px;height:260px;margin:0 auto;margin-bottom: 0px;\"><div class=\"ls-slide\" data-ls=\"duration:6000;transition2d:5;\"><img loading=\"lazy\" decoding=\"async\" width=\"2600\" height=\"270\" src=\"https:\/\/www.iemn.fr\/wp-content\/uploads\/2019\/01\/sliders_plateformes1.jpg\" class=\"ls-bg\" alt=\"\" srcset=\"https:\/\/www.iemn.fr\/wp-content\/uploads\/2019\/01\/sliders_plateformes1.jpg 2600w, https:\/\/www.iemn.fr\/wp-content\/uploads\/2019\/01\/sliders_plateformes1-300x31.jpg 300w, https:\/\/www.iemn.fr\/wp-content\/uploads\/2019\/01\/sliders_plateformes1-768x80.jpg 768w, https:\/\/www.iemn.fr\/wp-content\/uploads\/2019\/01\/sliders_plateformes1-1030x107.jpg 1030w, https:\/\/www.iemn.fr\/wp-content\/uploads\/2019\/01\/sliders_plateformes1-1500x156.jpg 1500w, https:\/\/www.iemn.fr\/wp-content\/uploads\/2019\/01\/sliders_plateformes1-705x73.jpg 705w\" sizes=\"auto, (max-width: 2600px) 100vw, 2600px\" \/><ls-layer style=\"font-size:14px;text-align:left;font-style:normal;text-decoration:none;text-transform:none;font-weight:700;letter-spacing:0px;background-position:0% 0%;background-repeat:no-repeat;width:300px;height:30px;left:0px;top:231px;line-height:32px;color:#ffffff;border-radius:6px 6px 6px 6px;padding-left:50px;background-color:rgba(0, 0, 0, 0.57);\" class=\"ls-l ls-ib-icon ls-text-layer\"><i class=\"fa fa-gear\" style=\"color:#ffffff;margin-right:0.8em;font-size:1.45em;transform:translateY( 0.025em );\"><\/i>LES PLATEFORMES TECHNIQUES<\/ls-layer><\/div><div class=\"ls-slide\" data-ls=\"duration:4000;transition2d:5;\"><img loading=\"lazy\" decoding=\"async\" width=\"2600\" height=\"270\" src=\"https:\/\/www.iemn.fr\/wp-content\/uploads\/2018\/09\/sliders_carc2.jpg\" class=\"ls-bg\" alt=\"\" srcset=\"https:\/\/www.iemn.fr\/wp-content\/uploads\/2018\/09\/sliders_carc2.jpg 2600w, https:\/\/www.iemn.fr\/wp-content\/uploads\/2018\/09\/sliders_carc2-300x31.jpg 300w, https:\/\/www.iemn.fr\/wp-content\/uploads\/2018\/09\/sliders_carc2-768x80.jpg 768w, https:\/\/www.iemn.fr\/wp-content\/uploads\/2018\/09\/sliders_carc2-1030x107.jpg 1030w, https:\/\/www.iemn.fr\/wp-content\/uploads\/2018\/09\/sliders_carc2-1500x156.jpg 1500w, https:\/\/www.iemn.fr\/wp-content\/uploads\/2018\/09\/sliders_carc2-705x73.jpg 705w\" sizes=\"auto, (max-width: 2600px) 100vw, 2600px\" \/><ls-layer style=\"font-size:14px;text-align:left;font-style:normal;text-decoration:none;text-transform:none;font-weight:700;letter-spacing:0px;background-position:0% 0%;background-repeat:no-repeat;width:300px;height:30px;left:0px;top:231px;line-height:32px;color:#ffffff;border-radius:6px 6px 6px 6px;padding-left:50px;background-color:rgba(0, 0, 0, 0.57);\" class=\"ls-l ls-ib-icon ls-text-layer\"><i class=\"fa fa-gear\" style=\"color:#ffffff;margin-right:0.8em;font-size:1.45em;transform:translateY( 0.025em );\"><\/i>LES PLATEFORMES TECHNIQUES<\/ls-layer><\/div><div class=\"ls-slide\" data-ls=\"duration:4000;transition2d:5;\"><img loading=\"lazy\" decoding=\"async\" width=\"2600\" height=\"270\" src=\"https:\/\/www.iemn.fr\/wp-content\/uploads\/2018\/09\/sliders_carc1.jpg\" class=\"ls-bg\" alt=\"\" srcset=\"https:\/\/www.iemn.fr\/wp-content\/uploads\/2018\/09\/sliders_carc1.jpg 2600w, https:\/\/www.iemn.fr\/wp-content\/uploads\/2018\/09\/sliders_carc1-300x31.jpg 300w, https:\/\/www.iemn.fr\/wp-content\/uploads\/2018\/09\/sliders_carc1-768x80.jpg 768w, https:\/\/www.iemn.fr\/wp-content\/uploads\/2018\/09\/sliders_carc1-1030x107.jpg 1030w, https:\/\/www.iemn.fr\/wp-content\/uploads\/2018\/09\/sliders_carc1-1500x156.jpg 1500w, https:\/\/www.iemn.fr\/wp-content\/uploads\/2018\/09\/sliders_carc1-705x73.jpg 705w\" sizes=\"auto, (max-width: 2600px) 100vw, 2600px\" \/><ls-layer style=\"font-size:14px;text-align:left;font-style:normal;text-decoration:none;text-transform:none;font-weight:700;letter-spacing:0px;background-position:0% 0%;background-repeat:no-repeat;width:300px;height:30px;left:0px;top:231px;line-height:32px;color:#ffffff;border-radius:6px 6px 6px 6px;padding-left:50px;background-color:rgba(0, 0, 0, 0.57);\" class=\"ls-l ls-ib-icon ls-text-layer\"><i class=\"fa fa-gear\" style=\"color:#ffffff;margin-right:0.8em;font-size:1.45em;transform:translateY( 0.025em );\"><\/i>LES PLATEFORMES TECHNIQUES<\/ls-layer><\/div><\/div><\/div><div id='after_layer_slider_1'  class='main_color av_default_container_wrap container_wrap sidebar_right'  ><div class='container av-section-cont-open' ><div class='template-page content  av-content-small alpha units'><div class='post-entry post-entry-type-page post-entry-51313'><div class='entry-content-wrapper clearfix'>\n\n<style type=\"text\/css\" data-created_by=\"avia_inline_auto\" id=\"style-css-av-1ath40h-82592c25f239e119b543eb82bab682f0\">\n#top .av-special-heading.av-1ath40h-82592c25f239e119b543eb82bab682f0{\npadding-bottom:10px;\nfont-size:33px;\n}\nbody .av-special-heading.av-1ath40h-82592c25f239e119b543eb82bab682f0 .av-special-heading-tag .heading-char{\nfont-size:25px;\n}\n#top #wrap_all .av-special-heading.av-1ath40h-82592c25f239e119b543eb82bab682f0 .av-special-heading-tag{\nfont-size:33px;\n}\n.av-special-heading.av-1ath40h-82592c25f239e119b543eb82bab682f0 .av-subheading{\nfont-size:15px;\n}\n\n@media only screen and (min-width: 480px) and (max-width: 767px){ \n#top #wrap_all .av-special-heading.av-1ath40h-82592c25f239e119b543eb82bab682f0 .av-special-heading-tag{\nfont-size:0.8em;\n}\n}\n\n@media only screen and (max-width: 479px){ \n#top #wrap_all .av-special-heading.av-1ath40h-82592c25f239e119b543eb82bab682f0 .av-special-heading-tag{\nfont-size:0.8em;\n}\n}\n<\/style>\n<div  class='av-special-heading av-1ath40h-82592c25f239e119b543eb82bab682f0 av-special-heading-h3 blockquote modern-quote modern-centered  avia-builder-el-1  el_after_av_layerslider  el_before_av_hr  avia-builder-el-first  av-inherit-size'><h3 class='av-special-heading-tag'  itemprop=\"headline\"  >STAFF of the PCMP Platform<\/h3><div class=\"special-heading-border\"><div class=\"special-heading-inner-border\"><\/div><\/div><\/div>\n<div  class='hr av-j2slw1-21e001f817e9a5891be20411e62773ef hr-default  avia-builder-el-2  el_after_av_heading  el_before_av_textblock'><span class='hr-inner'><span class=\"hr-inner-style\"><\/span><\/span><\/div>\n<section  class='av_textblock_section av-l0umxvjg-107d7d3bb71d46db0b9ed3e869c8f66f'   itemscope=\"itemscope\" itemtype=\"https:\/\/schema.org\/CreativeWork\" ><div class='avia_textblock'  itemprop=\"text\" ><h4>\n<style type=\"text\/css\" data-created_by=\"avia_inline_auto\" id=\"style-css-av-13ewzjw-8618a2d2cd9ec8f7ac5cddb6160916a6\">\n.av_font_icon.av-13ewzjw-8618a2d2cd9ec8f7ac5cddb6160916a6{\ncolor:#800000;\nborder-color:#800000;\n}\n.av_font_icon.av-13ewzjw-8618a2d2cd9ec8f7ac5cddb6160916a6 .av-icon-char{\nfont-size:25px;\nline-height:25px;\n}\n<\/style>\n<span  class='av_font_icon av-13ewzjw-8618a2d2cd9ec8f7ac5cddb6160916a6 avia_animate_when_visible av-icon-style- avia-icon-pos-left avia-icon-animate'><span class='av-icon-char' aria-hidden='true' data-av_icon='\ue80a' data-av_iconfont='entypo-fontello' ><\/span><\/span><\/h4>\n<h4>Sylvie GODEY<br \/>\nCoordinatrice de la PCMP<\/h4>\n<p>+33 (0)3 20 19 78 64<br \/>\nsylvie.godey<img loading=\"lazy\" decoding=\"async\" class=\"align=absbottom wp-image-73335 size-full\" src=\"https:\/\/www.iemn.fr\/wp-content\/uploads\/2025\/05\/arobase6.png\" alt=\"\" width=\"16\" height=\"14\" srcset=\"https:\/\/www.iemn.fr\/wp-content\/uploads\/2025\/05\/arobase6.png 16w, https:\/\/www.iemn.fr\/wp-content\/uploads\/2025\/05\/arobase6-14x12.png 14w\" sizes=\"auto, (max-width: 16px) 100vw, 16px\" \/>univ-lille.fr<\/p>\n<\/div><\/section>\n\n<style type=\"text\/css\" data-created_by=\"avia_inline_auto\" id=\"style-css-av-mkdxntrq-ba9f789db1b8da7be4851f5326b6888b\">\n#top .togglecontainer.av-mkdxntrq-ba9f789db1b8da7be4851f5326b6888b p.toggler{\nbackground-color:#f7ecdc;\nborder-color:rgba(10,8,0,0.56);\n}\n#top .togglecontainer.av-mkdxntrq-ba9f789db1b8da7be4851f5326b6888b p.toggler:not(.activeTitle):hover{\ncolor:#f7a927;\n}\n#top .togglecontainer.av-mkdxntrq-ba9f789db1b8da7be4851f5326b6888b p.toggler:not(.activeTitle):hover .toggle_icon, #top .togglecontainer.av-mkdxntrq-ba9f789db1b8da7be4851f5326b6888b p.toggler:not(.activeTitle):hover .toggle_icon *{\nborder-color:#f7a927 !important;\n}\n#top .togglecontainer.av-mkdxntrq-ba9f789db1b8da7be4851f5326b6888b .toggle_wrap .toggle_content{\nbackground-color:#f7ecdc;\nborder-color:rgba(10,8,0,0.56);\n}\n<\/style>\n<div  class='togglecontainer av-mkdxntrq-ba9f789db1b8da7be4851f5326b6888b av-elegant-toggle  avia-builder-el-5  el_after_av_textblock  avia-builder-el-last' >\n<section class='av_toggle_section av-av_toggle-9e4785a74bf8d17c68daa88525b2d1c9'  itemscope=\"itemscope\" itemtype=\"https:\/\/schema.org\/CreativeWork\" ><div role=\"tablist\" class=\"single_toggle\" data-tags=\"{All} \"  ><p id='toggle-toggle-id-1' data-fake-id='#toggle-id-1' class='toggler  av-title-above av-inherit-border-color'  itemprop=\"headline\"  role='tab' tabindex='0' aria-controls='toggle-id-1' data-slide-speed=\"200\" data-title=\"PCP Microscopie en Champ Proche\" data-title-open=\"\" data-aria_collapsed=\"Click to expand: PCP Microscopie en Champ Proche\" data-aria_expanded=\"Click to collapse: PCP Microscopie en Champ Proche\">SPM Facilities<span class=\"toggle_icon\"><span class=\"vert_icon\"><\/span><span class=\"hor_icon\"><\/span><\/span><\/p><div id='toggle-id-1' aria-labelledby='toggle-toggle-id-1' role='region' class='toggle_wrap  av-title-above'  ><div class='toggle_content invers-color av-inherit-border-color'  itemprop=\"text\" ><h4>Maxime BERTHE<br \/>\nHead of the PCP Division<\/h4>\n<p>+33 (0)3 20 19 78 63 \/ Central Laboratory - Office 036<br \/>\nmaxime.berthe<img loading=\"lazy\" decoding=\"async\" class=\"align=absbottom wp-image-73335 size-full\" src=\"https:\/\/www.iemn.fr\/wp-content\/uploads\/2025\/05\/arobase6.png\" alt=\"\" width=\"16\" height=\"14\" srcset=\"https:\/\/www.iemn.fr\/wp-content\/uploads\/2025\/05\/arobase6.png 16w, https:\/\/www.iemn.fr\/wp-content\/uploads\/2025\/05\/arobase6-14x12.png 14w\" sizes=\"auto, (max-width: 16px) 100vw, 16px\" \/>univ-lille.fr<\/p>\n<h4>Hugo DJEHA<\/h4>\n<p>+33 (0)3 20 19 78 63 \/ Central Laboratory - Office 036<br \/>\nhugo.djeha<img loading=\"lazy\" decoding=\"async\" class=\"align=absbottom wp-image-73335 size-full\" src=\"https:\/\/www.iemn.fr\/wp-content\/uploads\/2025\/05\/arobase6.png\" alt=\"\" width=\"16\" height=\"14\" srcset=\"https:\/\/www.iemn.fr\/wp-content\/uploads\/2025\/05\/arobase6.png 16w, https:\/\/www.iemn.fr\/wp-content\/uploads\/2025\/05\/arobase6-14x12.png 14w\" sizes=\"auto, (max-width: 16px) 100vw, 16px\" \/>univ-lille.fr<\/p>\n<h4>S\u00e9bastien GERMAIN<\/h4>\n<p>+33 (0)3 20 19 78 63 \/ Central Laboratory - Office 036<br \/>\nsebastien.germain<img loading=\"lazy\" decoding=\"async\" class=\"align=absbottom wp-image-73335 size-full\" src=\"https:\/\/www.iemn.fr\/wp-content\/uploads\/2025\/05\/arobase6.png\" alt=\"\" width=\"16\" height=\"14\" srcset=\"https:\/\/www.iemn.fr\/wp-content\/uploads\/2025\/05\/arobase6.png 16w, https:\/\/www.iemn.fr\/wp-content\/uploads\/2025\/05\/arobase6-14x12.png 14w\" sizes=\"auto, (max-width: 16px) 100vw, 16px\" \/>univ-lille.fr<\/p>\n<h4>\u00a0Sylvie GODEY<\/h4>\n<p>+33 (0)3 20 19 78 64\u00a0 \u00a0\/\u00a0 Laboratoire Central &#8211; Bureau 034<br \/>\nsylvie.godey<img loading=\"lazy\" decoding=\"async\" class=\"align=absbottom wp-image-73335 size-full\" src=\"https:\/\/www.iemn.fr\/wp-content\/uploads\/2025\/05\/arobase6.png\" alt=\"\" width=\"16\" height=\"14\" srcset=\"https:\/\/www.iemn.fr\/wp-content\/uploads\/2025\/05\/arobase6.png 16w, https:\/\/www.iemn.fr\/wp-content\/uploads\/2025\/05\/arobase6-14x12.png 14w\" sizes=\"auto, (max-width: 16px) 100vw, 16px\" \/>univ-lille.fr<\/p>\n<h4>Louis THOMAS<\/h4>\n<p>+33 (0)3 20 19 78 63 \/ Central Laboratory - Office 036<br \/>\nlouis.thomas<img loading=\"lazy\" decoding=\"async\" class=\"align=absbottom wp-image-73335 size-full\" src=\"https:\/\/www.iemn.fr\/wp-content\/uploads\/2025\/05\/arobase6.png\" alt=\"\" width=\"16\" height=\"14\" srcset=\"https:\/\/www.iemn.fr\/wp-content\/uploads\/2025\/05\/arobase6.png 16w, https:\/\/www.iemn.fr\/wp-content\/uploads\/2025\/05\/arobase6-14x12.png 14w\" sizes=\"auto, (max-width: 16px) 100vw, 16px\" \/>univ-lille.fr<\/p>\n<\/div><\/div><\/div><\/section>\n<section class='av_toggle_section av-mkdxnl6q-bfca5ca6e961150b4b28c2b3bd52996a'  itemscope=\"itemscope\" itemtype=\"https:\/\/schema.org\/CreativeWork\" ><div role=\"tablist\" class=\"single_toggle\" data-tags=\"{All} \"  ><p id='toggle-toggle-id-2' data-fake-id='#toggle-id-2' class='toggler  av-title-above av-inherit-border-color'  itemprop=\"headline\"  role='tab' tabindex='0' aria-controls='toggle-id-2' data-slide-speed=\"200\" data-title=\"CHOP - P\u00f4le Caract\u00e9risation Hyperfr\u00e9quence, Optique et Photonique\" data-title-open=\"\" data-aria_collapsed=\"Click to expand: CHOP - P\u00f4le Caract\u00e9risation Hyperfr\u00e9quence, Optique et Photonique\" data-aria_expanded=\"Click to collapse: CHOP - P\u00f4le Caract\u00e9risation Hyperfr\u00e9quence, Optique et Photonique\">Hyperfrequency, Optical and Photonic Characterization (CHOP)<span class=\"toggle_icon\"><span class=\"vert_icon\"><\/span><span class=\"hor_icon\"><\/span><\/span><\/p><div id='toggle-id-2' aria-labelledby='toggle-toggle-id-2' role='region' class='toggle_wrap  av-title-above'  ><div class='toggle_content invers-color av-inherit-border-color'  itemprop=\"text\" ><h4>Etienne OKADA<\/h4>\n<p><strong>\u2192 Head of the CHOP division<\/strong><\/p>\n<p>+33 (0)3 20 19 79 30 \/ Central Laboratory - Office 277<br \/>\netienne.okada<img loading=\"lazy\" decoding=\"async\" class=\"align=absbottom wp-image-73335 size-full\" src=\"https:\/\/www.iemn.fr\/wp-content\/uploads\/2025\/05\/arobase6.png\" alt=\"\" width=\"16\" height=\"14\" srcset=\"https:\/\/www.iemn.fr\/wp-content\/uploads\/2025\/05\/arobase6.png 16w, https:\/\/www.iemn.fr\/wp-content\/uploads\/2025\/05\/arobase6-14x12.png 14w\" sizes=\"auto, (max-width: 16px) 100vw, 16px\" \/>iemn.fr<\/p>\n<h4>Fr\u00e9d\u00e9ric DUTIN<\/h4>\n<p>Laboratoire Central &#8211; Bureau 123<br \/>\nfrederic.dutin@iemn.fr<\/p>\n<h4>Sophie ELIET<\/h4>\n<p>+33 (0)3 20 19 79 30\u00a0 \u00a0\/ \u00a0Laboratoire Central &#8211; Bureau 277<br \/>\nsophie.eliet<img loading=\"lazy\" decoding=\"async\" class=\"align=absbottom wp-image-73335 size-full\" src=\"https:\/\/www.iemn.fr\/wp-content\/uploads\/2025\/05\/arobase6.png\" alt=\"\" width=\"16\" height=\"14\" srcset=\"https:\/\/www.iemn.fr\/wp-content\/uploads\/2025\/05\/arobase6.png 16w, https:\/\/www.iemn.fr\/wp-content\/uploads\/2025\/05\/arobase6-14x12.png 14w\" sizes=\"auto, (max-width: 16px) 100vw, 16px\" \/>iemn.fr<\/p>\n<h4>Sylvie LEPILLIET<\/h4>\n<p>+33 (0)3 20 19 78 45 \/ Central Laboratory - Office 277<br \/>\nsylvie.lepilliet<img loading=\"lazy\" decoding=\"async\" class=\"align=absbottom wp-image-73335 size-full\" src=\"https:\/\/www.iemn.fr\/wp-content\/uploads\/2025\/05\/arobase6.png\" alt=\"\" width=\"16\" height=\"14\" srcset=\"https:\/\/www.iemn.fr\/wp-content\/uploads\/2025\/05\/arobase6.png 16w, https:\/\/www.iemn.fr\/wp-content\/uploads\/2025\/05\/arobase6-14x12.png 14w\" sizes=\"auto, (max-width: 16px) 100vw, 16px\" \/>iemn.fr<\/p>\n<h4>Alexandre RENAU<\/h4>\n<p>+33 (0)3 20 19 78 30\u00a0 \/ Laboratoire Central &#8211; Bureau 277<br \/>\nalexanre.renau@iemn.fr<\/p>\n<\/div><\/div><\/div><\/section>\n<section class='av_toggle_section av-av_toggle-e159dca6cf97e073c23a0536d9c7288f'  itemscope=\"itemscope\" itemtype=\"https:\/\/schema.org\/CreativeWork\" ><div role=\"tablist\" class=\"single_toggle\" data-tags=\"{All} \"  ><p id='toggle-toggle-id-3' data-fake-id='#toggle-id-3' class='toggler  av-title-above av-inherit-border-color'  itemprop=\"headline\"  role='tab' tabindex='0' aria-controls='toggle-id-3' data-slide-speed=\"200\" data-title=\"SigmaCOM - P\u00f4le Syst\u00e8mes COMmunicants et Prototypage\" data-title-open=\"\" data-aria_collapsed=\"Click to expand: SigmaCOM - P\u00f4le Syst\u00e8mes COMmunicants et Prototypage\" data-aria_expanded=\"Click to collapse: SigmaCOM - P\u00f4le Syst\u00e8mes COMmunicants et Prototypage\">SigmaCOM - P\u00f4le Syst\u00e8mes COMmunicants et Prototypage<span class=\"toggle_icon\"><span class=\"vert_icon\"><\/span><span class=\"hor_icon\"><\/span><\/span><\/p><div id='toggle-id-3' aria-labelledby='toggle-toggle-id-3' role='region' class='toggle_wrap  av-title-above'  ><div class='toggle_content invers-color av-inherit-border-color'  itemprop=\"text\" ><h4>R\u00e9dha Kassi<\/h4>\n<p><strong>\u2192 Head of the SigmaCOM division<\/strong><br \/>\n+33 (0)3 62 53 16 04 - IRCICA, Site de la Haute Borne<br \/>\nredha.kassi<img loading=\"lazy\" decoding=\"async\" class=\"align=absbottom wp-image-73335 size-full\" src=\"https:\/\/www.iemn.fr\/wp-content\/uploads\/2025\/05\/arobase6.png\" alt=\"\" width=\"16\" height=\"14\" srcset=\"https:\/\/www.iemn.fr\/wp-content\/uploads\/2025\/05\/arobase6.png 16w, https:\/\/www.iemn.fr\/wp-content\/uploads\/2025\/05\/arobase6-14x12.png 14w\" sizes=\"auto, (max-width: 16px) 100vw, 16px\" \/>univ-lille.fr<\/p>\n<h4>David Delcroix<\/h4>\n<p>+33 (0)3 62 53 16 04 - IRCICA, Site de la Haute Borne<br \/>\ndavid.delcroix<img loading=\"lazy\" decoding=\"async\" class=\"align=absbottom wp-image-73335 size-full\" src=\"https:\/\/www.iemn.fr\/wp-content\/uploads\/2025\/05\/arobase6.png\" alt=\"\" width=\"16\" height=\"14\" srcset=\"https:\/\/www.iemn.fr\/wp-content\/uploads\/2025\/05\/arobase6.png 16w, https:\/\/www.iemn.fr\/wp-content\/uploads\/2025\/05\/arobase6-14x12.png 14w\" sizes=\"auto, (max-width: 16px) 100vw, 16px\" \/>univ-lille.fr<\/p>\n<\/div><\/div><\/div><\/section>\n<section class='av_toggle_section av-av_toggle-eb73c18b0eec113084fff6b496bee373'  itemscope=\"itemscope\" itemtype=\"https:\/\/schema.org\/CreativeWork\" ><div role=\"tablist\" class=\"single_toggle\" data-tags=\"{All} \"  ><p id='toggle-toggle-id-4' data-fake-id='#toggle-id-4' class='toggler  av-title-above av-inherit-border-color'  itemprop=\"headline\"  role='tab' tabindex='0' aria-controls='toggle-id-4' data-slide-speed=\"200\" data-title=\"C2EM - P\u00f4le Caract\u00e9risation, Compatibilit\u00e9 ElectroMagn\u00e9tique et Prototypage\" data-title-open=\"\" data-aria_collapsed=\"Click to expand: C2EM - P\u00f4le Caract\u00e9risation, Compatibilit\u00e9 ElectroMagn\u00e9tique et Prototypage\" data-aria_expanded=\"Click to collapse: C2EM - P\u00f4le Caract\u00e9risation, Compatibilit\u00e9 ElectroMagn\u00e9tique et Prototypage\">C2EM - P\u00f4le Caract\u00e9risation, Compatibilit\u00e9 ElectroMagn\u00e9tique et Prototypage<span class=\"toggle_icon\"><span class=\"vert_icon\"><\/span><span class=\"hor_icon\"><\/span><\/span><\/p><div id='toggle-id-4' aria-labelledby='toggle-toggle-id-4' role='region' class='toggle_wrap  av-title-above'  ><div class='toggle_content invers-color av-inherit-border-color'  itemprop=\"text\" ><h4>Pierre Laly<\/h4>\n<h4><strong>\u2192 Head of the C2EM division<\/strong><\/h4>\n<p>+33 (0)3 20 33 59 59 \/ Universit\u00e9 de Lille, B\u00e2timent P3 - Bureau 002<br \/>\npierre.laly<img loading=\"lazy\" decoding=\"async\" class=\"align=absbottom wp-image-73335 size-full\" src=\"https:\/\/www.iemn.fr\/wp-content\/uploads\/2025\/05\/arobase6.png\" alt=\"\" width=\"16\" height=\"14\" srcset=\"https:\/\/www.iemn.fr\/wp-content\/uploads\/2025\/05\/arobase6.png 16w, https:\/\/www.iemn.fr\/wp-content\/uploads\/2025\/05\/arobase6-14x12.png 14w\" sizes=\"auto, (max-width: 16px) 100vw, 16px\" \/>univ-lille.fr<\/p>\n<h4>Valentin Picquet<\/h4>\n<p>+33 (0)3 20 33 59 59 \/ Universit\u00e9 de Lille, B\u00e2timent P3 - Bureau 002<br \/>\nvalentin.picquet@univ-lille.fr<\/p>\n<\/div><\/div><\/div><\/section>\n<\/div>","protected":false},"excerpt":{"rendered":"","protected":false},"author":2,"featured_media":0,"parent":51226,"menu_order":4,"comment_status":"closed","ping_status":"closed","template":"","meta":{"footnotes":""},"class_list":["post-51313","page","type-page","status-publish","hentry"],"_links":{"self":[{"href":"https:\/\/www.iemn.fr\/en\/wp-json\/wp\/v2\/pages\/51313","targetHints":{"allow":["GET"]}}],"collection":[{"href":"https:\/\/www.iemn.fr\/en\/wp-json\/wp\/v2\/pages"}],"about":[{"href":"https:\/\/www.iemn.fr\/en\/wp-json\/wp\/v2\/types\/page"}],"author":[{"embeddable":true,"href":"https:\/\/www.iemn.fr\/en\/wp-json\/wp\/v2\/users\/2"}],"replies":[{"embeddable":true,"href":"https:\/\/www.iemn.fr\/en\/wp-json\/wp\/v2\/comments?post=51313"}],"version-history":[{"count":9,"href":"https:\/\/www.iemn.fr\/en\/wp-json\/wp\/v2\/pages\/51313\/revisions"}],"predecessor-version":[{"id":76927,"href":"https:\/\/www.iemn.fr\/en\/wp-json\/wp\/v2\/pages\/51313\/revisions\/76927"}],"up":[{"embeddable":true,"href":"https:\/\/www.iemn.fr\/en\/wp-json\/wp\/v2\/pages\/51226"}],"wp:attachment":[{"href":"https:\/\/www.iemn.fr\/en\/wp-json\/wp\/v2\/media?parent=51313"}],"curies":[{"name":"wp","href":"https:\/\/api.w.org\/{rel}","templated":true}]}}