{"id":51226,"date":"2022-03-16T11:59:24","date_gmt":"2022-03-16T09:59:24","guid":{"rendered":"https:\/\/www.iemn.fr\/?page_id=51226"},"modified":"2025-05-19T15:26:53","modified_gmt":"2025-05-19T13:26:53","slug":"plateforme-de-caracterisation-multi-physique-pcmp","status":"publish","type":"page","link":"https:\/\/www.iemn.fr\/en\/les_plateformes\/plateforme-de-caracterisation-multi-physique-pcmp","title":{"rendered":"PCMP - Multi-Physics Characterization Platform"},"content":{"rendered":"<div id='layer_slider_1'  class='avia-layerslider main_color avia-shadow  avia-builder-el-0  el_before_av_heading  avia-builder-el-first  container_wrap sidebar_right'  style='height: 261px;'  ><div id=\"layerslider_73_tal49xmbw99u\" data-ls-slug=\"homepageslider\" class=\"ls-wp-container fitvidsignore ls-selectable\" style=\"width:1140px;height:260px;margin:0 auto;margin-bottom: 0px;\"><div class=\"ls-slide\" data-ls=\"duration:4000;transition2d:5;\"><img loading=\"lazy\" decoding=\"async\" width=\"2560\" height=\"266\" src=\"https:\/\/www.iemn.fr\/wp-content\/uploads\/2022\/03\/sliders_pcmp1-scaled.jpg\" class=\"ls-l ls-img-layer\" alt=\"\" srcset=\"https:\/\/www.iemn.fr\/wp-content\/uploads\/2022\/03\/sliders_pcmp1-scaled.jpg 2560w, https:\/\/www.iemn.fr\/wp-content\/uploads\/2022\/03\/sliders_pcmp1-300x31.jpg 300w, https:\/\/www.iemn.fr\/wp-content\/uploads\/2022\/03\/sliders_pcmp1-1030x107.jpg 1030w, https:\/\/www.iemn.fr\/wp-content\/uploads\/2022\/03\/sliders_pcmp1-768x80.jpg 768w, https:\/\/www.iemn.fr\/wp-content\/uploads\/2022\/03\/sliders_pcmp1-1536x160.jpg 1536w, https:\/\/www.iemn.fr\/wp-content\/uploads\/2022\/03\/sliders_pcmp1-2048x213.jpg 2048w, https:\/\/www.iemn.fr\/wp-content\/uploads\/2022\/03\/sliders_pcmp1-18x2.jpg 18w, https:\/\/www.iemn.fr\/wp-content\/uploads\/2022\/03\/sliders_pcmp1-1500x156.jpg 1500w, https:\/\/www.iemn.fr\/wp-content\/uploads\/2022\/03\/sliders_pcmp1-705x73.jpg 705w\" sizes=\"auto, (max-width: 2560px) 100vw, 2560px\" style=\"font-size:36px;color:#000;text-align:left;font-style:normal;text-decoration:none;text-transform:none;font-weight:400;letter-spacing:0px;border-style:solid;border-color:#000;background-position:0% 0%;background-repeat:no-repeat;top:-6px;left:-710px;\"><ls-layer style=\"font-size:14px;text-align:left;font-style:normal;text-decoration:none;text-transform:none;font-weight:700;letter-spacing:0px;background-position:0% 0%;background-repeat:no-repeat;mix-blend-mode:normal;top:231px;left:0px;height:30px;line-height:32px;color:#ffffff;border-radius:6px 6px 6px 6px;padding-left:50px;background-color:rgba(0, 0, 0, 0.57);width:470px;\" class=\"ls-l ls-ib-icon ls-text-layer\" data-ls=\"minfontsize:0;minmobilefontsize:0;\"><i class=\"fa fa-user-circle\" style=\"color:#f2f2f2;margin-right:0.8em;font-size:1em;transform:translateY( -0.125em );\"><\/i>PLATEFORME DE CARATERISATION MULTI-PHYSIQUES<\/ls-layer><\/div><\/div><\/div><div id='after_layer_slider_1'  class='main_color av_default_container_wrap container_wrap sidebar_right'  ><div class='container av-section-cont-open' ><div class='template-page content  av-content-small alpha units'><div class='post-entry post-entry-type-page post-entry-51226'><div class='entry-content-wrapper clearfix'>\n\n<style type=\"text\/css\" data-created_by=\"avia_inline_auto\" id=\"style-css-av-w6t27u-6f93976858542f2d352898b6c694f7c9\">\n#top .av-special-heading.av-w6t27u-6f93976858542f2d352898b6c694f7c9{\npadding-bottom:10px;\n}\nbody .av-special-heading.av-w6t27u-6f93976858542f2d352898b6c694f7c9 .av-special-heading-tag .heading-char{\nfont-size:25px;\n}\n.av-special-heading.av-w6t27u-6f93976858542f2d352898b6c694f7c9 .av-subheading{\nfont-size:15px;\n}\n<\/style>\n<div  class='av-special-heading av-w6t27u-6f93976858542f2d352898b6c694f7c9 av-special-heading-h1  avia-builder-el-1  el_after_av_layerslider  el_before_av_textblock  avia-builder-el-first'><h1 class='av-special-heading-tag'  itemprop=\"headline\"  >PCMP - Multi-Physics Characterization Platform<\/h1><div class=\"special-heading-border\"><div class=\"special-heading-inner-border\"><\/div><\/div><\/div>\n\n<style type=\"text\/css\" data-created_by=\"avia_inline_auto\" id=\"style-css-av-l0te60o6-c06e210a440c69a6cd233bf0a3d1b085\">\n#top .av_textblock_section.av-l0te60o6-c06e210a440c69a6cd233bf0a3d1b085 .avia_textblock{\nfont-size:17px;\n}\n<\/style>\n<section  class='av_textblock_section av-l0te60o6-c06e210a440c69a6cd233bf0a3d1b085'   itemscope=\"itemscope\" itemtype=\"https:\/\/schema.org\/CreativeWork\" ><div class='avia_textblock'  itemprop=\"text\" ><p style=\"text-align: left;\"><strong>The Multi-Physics Characterization Platform of the IEMN includes 4 poles dedicated to the characterization of materials, devices and electronic systems, from the nanometer scale to electronic systems in their environment.<\/strong><\/p>\n<p style=\"text-align: left;\"><strong>Beyond characterization, PCMP activities also include instrumental developments and prototype productions, particularly at the SigmaCom and C2EM poles.<\/strong><\/p>\n<p>The PCMP divisions are affiliated with the Renatech (PCP) and Rf-NET (CHOP \u2013 SigmaCom -C2EM) networks: they host external academic and industrial projects.<\/p>\n<\/div><\/section>\n\n<style type=\"text\/css\" data-created_by=\"avia_inline_auto\" id=\"style-css-av-1induvu-a2cef483061080c1900d72b592a4e3bc\">\n.flex_column.av-1induvu-a2cef483061080c1900d72b592a4e3bc{\nborder-radius:0px 0px 0px 0px;\npadding:0px 0px 0px 0px;\n}\n<\/style>\n<div  class='flex_column av-1induvu-a2cef483061080c1900d72b592a4e3bc av_two_fifth  avia-builder-el-3  el_after_av_textblock  el_before_av_three_fifth  first flex_column_div av-zero-column-padding  column-top-margin'     ><section  class='av_textblock_section av-l0tetbce-48fe4077b1840f0fcde10e17de2c5e64'   itemscope=\"itemscope\" itemtype=\"https:\/\/schema.org\/CreativeWork\" ><div class='avia_textblock'  itemprop=\"text\" ><p><a href=\"https:\/\/www.iemn.fr\/wp-content\/uploads\/2022\/03\/graphique_intro_sylvie5-1.jpg\"><img loading=\"lazy\" decoding=\"async\" class=\"wp-image-51247 size-full alignright\" src=\"https:\/\/www.iemn.fr\/wp-content\/uploads\/2022\/03\/graphique_intro_sylvie5-1.jpg\" alt=\"\" width=\"483\" height=\"600\" srcset=\"https:\/\/www.iemn.fr\/wp-content\/uploads\/2022\/03\/graphique_intro_sylvie5-1.jpg 483w, https:\/\/www.iemn.fr\/wp-content\/uploads\/2022\/03\/graphique_intro_sylvie5-1-242x300.jpg 242w, https:\/\/www.iemn.fr\/wp-content\/uploads\/2022\/03\/graphique_intro_sylvie5-1-10x12.jpg 10w\" sizes=\"auto, (max-width: 483px) 100vw, 483px\" \/><\/a><\/p>\n<\/div><\/section><\/div>\n\n<style type=\"text\/css\" data-created_by=\"avia_inline_auto\" id=\"style-css-av-194v6ka-e77f8cbe059e648ee473c54088306362\">\n.flex_column.av-194v6ka-e77f8cbe059e648ee473c54088306362{\nborder-radius:0px 0px 0px 0px;\npadding:25px 0px 50px 0px;\n}\n<\/style>\n<div  class='flex_column av-194v6ka-e77f8cbe059e648ee473c54088306362 av_three_fifth  avia-builder-el-5  el_after_av_two_fifth  el_before_av_one_full  flex_column_div  column-top-margin'     ><section  class='av_textblock_section av-vn7wey-3a1022c649beb6d6774289674d7606d8'   itemscope=\"itemscope\" itemtype=\"https:\/\/schema.org\/CreativeWork\" ><div class='avia_textblock'  itemprop=\"text\" ><h4><a href=\"https:\/\/www.iemn.fr\/en\/les_plateformes\/plateforme-de-caracterisation-multi-physique-pcmp\/microscopie-champ-proche\/\"><span style=\"color: #d37112;\">\n<style type=\"text\/css\" data-created_by=\"avia_inline_auto\" id=\"style-css-av-13ewzjw-fa75463b0ab18cab701375a1bf8be9ba\">\n.av_font_icon.av-13ewzjw-fa75463b0ab18cab701375a1bf8be9ba{\ncolor:#D37112;\nborder-color:#D37112;\n}\n.av_font_icon.av-13ewzjw-fa75463b0ab18cab701375a1bf8be9ba .av-icon-char{\nfont-size:30px;\nline-height:30px;\n}\n<\/style>\n<span  class='av_font_icon av-13ewzjw-fa75463b0ab18cab701375a1bf8be9ba avia_animate_when_visible av-icon-style- avia-icon-pos-left avia-icon-animate'><span class='av-icon-char' aria-hidden='true' data-av_icon='\ue881' data-av_iconfont='entypo-fontello' ><\/span><\/span>PCP<\/span><\/a><\/h4>\n<h6><span style=\"color: #808080;\">(SPM Facility)<\/span><\/h6>\n<p>\u2192 IEMN Central Laboratory and JUNIA Engineering School<\/p>\n<h4><a href=\"https:\/\/www.iemn.fr\/en\/les_plateformes\/plateforme-de-caracterisation-multi-physique-pcmp\/caracterisation-haute-frequence\/\"><span style=\"color: #d37112;\">\n<style type=\"text\/css\" data-created_by=\"avia_inline_auto\" id=\"style-css-av-13ewzjw-9-9401c39da100bb1caeffe714e68547b3\">\n.av_font_icon.av-13ewzjw-9-9401c39da100bb1caeffe714e68547b3{\ncolor:#ddce85;\nborder-color:#ddce85;\n}\n.av_font_icon.av-13ewzjw-9-9401c39da100bb1caeffe714e68547b3 .av-icon-char{\nfont-size:30px;\nline-height:30px;\n}\n<\/style>\n<span  class='av_font_icon av-13ewzjw-9-9401c39da100bb1caeffe714e68547b3 avia_animate_when_visible av-icon-style- avia-icon-pos-left avia-icon-animate'><span class='av-icon-char' aria-hidden='true' data-av_icon='\ue881' data-av_iconfont='entypo-fontello' ><\/span><\/span><\/span><\/a><\/h4>\n<h4><a href=\"https:\/\/www.iemn.fr\/en\/les_plateformes\/plateforme-de-caracterisation-multi-physique-pcmp\/caracterisation-haute-frequence\/\"><span style=\"color: #ddce85;\">CHOP<\/span><\/a><\/h4>\n<h6><span style=\"color: #808080;\">(Microwave, Optical and Photonic Characterisation)<\/span><\/h6>\n<p>\u2192 IEMN Central Laboratory<\/p>\n<h4><a href=\"https:\/\/www.iemn.fr\/en\/les_plateformes\/plateforme-de-caracterisation-multi-physique-pcmp\/systemes-communication-avances\/\"><span style=\"color: #d37112;\">\n<style type=\"text\/css\" data-created_by=\"avia_inline_auto\" id=\"style-css-av-13ewzjw-8-e15d9b4a004f42fbc9d94d2223e86821\">\n.av_font_icon.av-13ewzjw-8-e15d9b4a004f42fbc9d94d2223e86821{\ncolor:#F9B233;\nborder-color:#F9B233;\n}\n.av_font_icon.av-13ewzjw-8-e15d9b4a004f42fbc9d94d2223e86821 .av-icon-char{\nfont-size:30px;\nline-height:30px;\n}\n<\/style>\n<span  class='av_font_icon av-13ewzjw-8-e15d9b4a004f42fbc9d94d2223e86821 avia_animate_when_visible av-icon-style- avia-icon-pos-left avia-icon-animate'><span class='av-icon-char' aria-hidden='true' data-av_icon='\ue881' data-av_iconfont='entypo-fontello' ><\/span><\/span><\/span><\/a><\/h4>\n<h4><a href=\"https:\/\/www.iemn.fr\/en\/les_plateformes\/plateforme-de-caracterisation-multi-physique-pcmp\/systemes-communication-avances\/\"><span style=\"color: #f9b233;\">SigmaCom<\/span><\/a><\/h4>\n<h6><span style=\"color: #808080;\">(Caract\u00e9risation de Syst\u00e8mes COMmunicants et Prototypage)<\/span><\/h6>\n<p>\u2192 IRCICA Haute-Borne site<\/p>\n<h4><a href=\"https:\/\/www.iemn.fr\/en\/les_plateformes\/plateforme-de-caracterisation-multi-physique-pcmp\/compatibilite-electro-magnetique\/\"><span style=\"color: #d37112;\">\n<style type=\"text\/css\" data-created_by=\"avia_inline_auto\" id=\"style-css-av-13ewzjw-7-02e477bc7d05154be10df9a176fdb000\">\n.av_font_icon.av-13ewzjw-7-02e477bc7d05154be10df9a176fdb000{\ncolor:#A48A7B;\nborder-color:#A48A7B;\n}\n.av_font_icon.av-13ewzjw-7-02e477bc7d05154be10df9a176fdb000 .av-icon-char{\nfont-size:30px;\nline-height:30px;\n}\n<\/style>\n<span  class='av_font_icon av-13ewzjw-7-02e477bc7d05154be10df9a176fdb000 avia_animate_when_visible av-icon-style- avia-icon-pos-left avia-icon-animate'><span class='av-icon-char' aria-hidden='true' data-av_icon='\ue881' data-av_iconfont='entypo-fontello' ><\/span><\/span><\/span><\/a><\/h4>\n<h4><a href=\"https:\/\/www.iemn.fr\/en\/les_plateformes\/plateforme-de-caracterisation-multi-physique-pcmp\/compatibilite-electro-magnetique\/\"><span style=\"color: #a48a7b;\">C2EM<\/span><\/a><\/h4>\n<h6><span style=\"color: #808080;\">(Caract\u00e9risation, Compatibilit\u00e9 ElectroMagn\u00e9tique et Prototypage<\/span><span style=\"color: #808080;\">)<\/span><\/h6>\n<p>\u2192 Building P3 - University of Lille<\/p>\n<\/div><\/section><\/div>\n\n<style type=\"text\/css\" data-created_by=\"avia_inline_auto\" id=\"style-css-av-janj0a-5908965de887ae132b7e70cbd566581e\">\n.flex_column.av-janj0a-5908965de887ae132b7e70cbd566581e{\nborder-radius:15px 15px 15px 15px;\npadding:5px 20px 5px 20px;\nbackground-color:#f2f2f2;\n}\n<\/style>\n<div  class='flex_column av-janj0a-5908965de887ae132b7e70cbd566581e av_one_full  avia-builder-el-11  el_after_av_three_fifth  el_before_av_one_third  first flex_column_div'     ><style type=\"text\/css\" data-created_by=\"avia_inline_auto\" id=\"style-css-av-l0tl43fs-b9b1e3103ecdecb07df44cb73e7b2e37\">\n#top .av_textblock_section.av-l0tl43fs-b9b1e3103ecdecb07df44cb73e7b2e37 .avia_textblock{\nfont-size:14px;\n}\n<\/style>\n<section  class='av_textblock_section av-l0tl43fs-b9b1e3103ecdecb07df44cb73e7b2e37'   itemscope=\"itemscope\" itemtype=\"https:\/\/schema.org\/CreativeWork\" ><div class='avia_textblock'  itemprop=\"text\" ><p><strong>\n<style type=\"text\/css\" data-created_by=\"avia_inline_auto\" id=\"style-css-av-13ewzjw-6-da957843d9fdb7752868995c228d43e7\">\n.av_font_icon.av-13ewzjw-6-da957843d9fdb7752868995c228d43e7{\ncolor:#800000;\nborder-color:#800000;\n}\n.av_font_icon.av-13ewzjw-6-da957843d9fdb7752868995c228d43e7 .av-icon-char{\nfont-size:30px;\nline-height:30px;\n}\n<\/style>\n<span  class='av_font_icon av-13ewzjw-6-da957843d9fdb7752868995c228d43e7 avia_animate_when_visible av-icon-style- avia-icon-pos-left avia-icon-animate'><span class='av-icon-char' aria-hidden='true' data-av_icon='\ue871' data-av_iconfont='entypo-fontello' ><\/span><\/span>Access to the PCMP platform is regulated, please contact the manager of each PCMP hub to request access.<\/strong><\/p>\n<\/div><\/section><\/div>\n\n<style type=\"text\/css\" data-created_by=\"avia_inline_auto\" id=\"style-css-av-11c9l5m-7a6a0e1e15d66066282ec552668ed717\">\n.flex_column.av-11c9l5m-7a6a0e1e15d66066282ec552668ed717{\nborder-radius:0px 0px 0px 0px;\npadding:0px 0px 0px 0px;\n}\n<\/style>\n<div  class='flex_column av-11c9l5m-7a6a0e1e15d66066282ec552668ed717 av_one_third  avia-builder-el-14  el_after_av_one_full  el_before_av_one_third  first flex_column_div av-zero-column-padding  column-top-margin'     ><style type=\"text\/css\" data-created_by=\"avia_inline_auto\" id=\"style-css-av-l0tl43fs-5-fe8deaa9f0879888be5462ce42828dbe\">\n#top .av_textblock_section.av-l0tl43fs-5-fe8deaa9f0879888be5462ce42828dbe .avia_textblock{\nfont-size:14px;\n}\n<\/style>\n<section  class='av_textblock_section av-l0tl43fs-5-fe8deaa9f0879888be5462ce42828dbe'   itemscope=\"itemscope\" itemtype=\"https:\/\/schema.org\/CreativeWork\" ><div class='avia_textblock'  itemprop=\"text\" ><p>pcmp-contact<img loading=\"lazy\" decoding=\"async\" class=\"align=absbottom wp-image-73335 size-full\" src=\"https:\/\/www.iemn.fr\/wp-content\/uploads\/2025\/05\/arobase6.png\" alt=\"\" width=\"16\" height=\"14\" srcset=\"https:\/\/www.iemn.fr\/wp-content\/uploads\/2025\/05\/arobase6.png 16w, https:\/\/www.iemn.fr\/wp-content\/uploads\/2025\/05\/arobase6-14x12.png 14w\" sizes=\"auto, (max-width: 16px) 100vw, 16px\" \/>iemn.fr<\/p>\n<\/div><\/section><\/div>\n<style type=\"text\/css\" data-created_by=\"avia_inline_auto\" id=\"style-css-av-vg6zh6-88d21092b13e62309534b1e558d3454b\">\n.flex_column.av-vg6zh6-88d21092b13e62309534b1e558d3454b{\nborder-radius:0px 0px 0px 0px;\npadding:0px 0px 0px 0px;\n}\n<\/style>\n<div  class='flex_column av-vg6zh6-88d21092b13e62309534b1e558d3454b av_one_third  avia-builder-el-16  el_after_av_one_third  el_before_av_one_third  flex_column_div av-zero-column-padding  column-top-margin'     ><style type=\"text\/css\" data-created_by=\"avia_inline_auto\" id=\"style-css-av-l0tl7rqr-746bd67c768763c1aadef139a01a1d70\">\n#top .av_textblock_section.av-l0tl7rqr-746bd67c768763c1aadef139a01a1d70 .avia_textblock{\nfont-size:14px;\n}\n<\/style>\n<section  class='av_textblock_section av-l0tl7rqr-746bd67c768763c1aadef139a01a1d70'   itemscope=\"itemscope\" itemtype=\"https:\/\/schema.org\/CreativeWork\" ><div class='avia_textblock'  itemprop=\"text\" ><p><strong>\n<style type=\"text\/css\" data-created_by=\"avia_inline_auto\" id=\"style-css-av-13ewzjw-4-cb39e56b93e1317ec4088867c0967e8a\">\n.av_font_icon.av-13ewzjw-4-cb39e56b93e1317ec4088867c0967e8a{\ncolor:#800000;\nborder-color:#800000;\n}\n.av_font_icon.av-13ewzjw-4-cb39e56b93e1317ec4088867c0967e8a .av-icon-char{\nfont-size:30px;\nline-height:30px;\n}\n<\/style>\n<span  class='av_font_icon av-13ewzjw-4-cb39e56b93e1317ec4088867c0967e8a avia_animate_when_visible av-icon-style- avia-icon-pos-left avia-icon-animate'><span class='av-icon-char' aria-hidden='true' data-av_icon='\ue84e' data-av_iconfont='entypo-fontello' ><\/span><\/span><a href=\"https:\/\/www.iemn.fr\/wp-content\/uploads\/2024\/09\/recueil_equipements_4_Sept_2024.pdf\" target=\"_blank\" rel=\"noopener\"><span style=\"color: #800000;\"> Download the brochure \u00a0<\/span><\/a><\/strong><span style=\"color: #800000;\">(version 4 sept. 2024)<\/span><\/p>\n<\/div><\/section><\/div><\/p>\n\n<style type=\"text\/css\" data-created_by=\"avia_inline_auto\" id=\"style-css-av-vg6zh6-3-267695c53ec3ae4a3238ec4c812f95db\">\n.flex_column.av-vg6zh6-3-267695c53ec3ae4a3238ec4c812f95db{\nborder-radius:0px 0px 0px 0px;\npadding:0px 0px 0px 0px;\n}\n<\/style>\n<div  class='flex_column av-vg6zh6-3-267695c53ec3ae4a3238ec4c812f95db av_one_third  avia-builder-el-19  el_after_av_one_third  avia-builder-el-last  flex_column_div av-zero-column-padding  column-top-margin'     ><style type=\"text\/css\" data-created_by=\"avia_inline_auto\" id=\"style-css-av-l0tl7rqr-2-e409570afd98fe5fbd3a81e108e7ea9e\">\n#top .av_textblock_section.av-l0tl7rqr-2-e409570afd98fe5fbd3a81e108e7ea9e .avia_textblock{\nfont-size:14px;\n}\n<\/style>\n<section  class='av_textblock_section av-l0tl7rqr-2-e409570afd98fe5fbd3a81e108e7ea9e'   itemscope=\"itemscope\" itemtype=\"https:\/\/schema.org\/CreativeWork\" ><div class='avia_textblock'  itemprop=\"text\" ><p><strong>\n<style type=\"text\/css\" data-created_by=\"avia_inline_auto\" id=\"style-css-av-13ewzjw-1-c80808bd0ed8f254861f85ad7a2228e6\">\n.av_font_icon.av-13ewzjw-1-c80808bd0ed8f254861f85ad7a2228e6{\ncolor:#800000;\nborder-color:#800000;\n}\n.av_font_icon.av-13ewzjw-1-c80808bd0ed8f254861f85ad7a2228e6 .av-icon-char{\nfont-size:30px;\nline-height:30px;\n}\n<\/style>\n<span  class='av_font_icon av-13ewzjw-1-c80808bd0ed8f254861f85ad7a2228e6 avia_animate_when_visible av-icon-style- avia-icon-pos-left avia-icon-animate'><span class='av-icon-char' aria-hidden='true' data-av_icon='\ue849' data-av_iconfont='entypo-fontello' ><\/span><\/span><a href=\"https:\/\/haltools.archives-ouvertes.fr\/Public\/afficheRequetePubli.php?annee_publideb=2021&amp;collection_exp=IEMN&amp;collaboration=PCMP+C2EM%3BPCMP+CHOP%3BPCMP+PCP%3BPCMP+SigmaCom&amp;CB_auteur=oui&amp;CB_titre=oui&amp;CB_article=oui&amp;CB_vignette=oui&amp;langue=Anglais&amp;tri_exp=annee_publi&amp;tri_exp2=typdoc&amp;tri_exp3=date_publi&amp;ordre_aff=TA&amp;CB_rubriqueDiv=oui&amp;Fen=Aff&amp;css=..\/css\/VisuRubriqueEncadre.css\"><span style=\"color: #800000;\">PCMP's publications<\/span><\/a><\/strong><\/p>\n<\/div><\/section><\/div>","protected":false},"excerpt":{"rendered":"","protected":false},"author":2,"featured_media":0,"parent":50860,"menu_order":10,"comment_status":"closed","ping_status":"closed","template":"","meta":{"footnotes":""},"class_list":["post-51226","page","type-page","status-publish","hentry"],"_links":{"self":[{"href":"https:\/\/www.iemn.fr\/en\/wp-json\/wp\/v2\/pages\/51226","targetHints":{"allow":["GET"]}}],"collection":[{"href":"https:\/\/www.iemn.fr\/en\/wp-json\/wp\/v2\/pages"}],"about":[{"href":"https:\/\/www.iemn.fr\/en\/wp-json\/wp\/v2\/types\/page"}],"author":[{"embeddable":true,"href":"https:\/\/www.iemn.fr\/en\/wp-json\/wp\/v2\/users\/2"}],"replies":[{"embeddable":true,"href":"https:\/\/www.iemn.fr\/en\/wp-json\/wp\/v2\/comments?post=51226"}],"version-history":[{"count":2,"href":"https:\/\/www.iemn.fr\/en\/wp-json\/wp\/v2\/pages\/51226\/revisions"}],"predecessor-version":[{"id":76516,"href":"https:\/\/www.iemn.fr\/en\/wp-json\/wp\/v2\/pages\/51226\/revisions\/76516"}],"up":[{"embeddable":true,"href":"https:\/\/www.iemn.fr\/en\/wp-json\/wp\/v2\/pages\/50860"}],"wp:attachment":[{"href":"https:\/\/www.iemn.fr\/en\/wp-json\/wp\/v2\/media?parent=51226"}],"curies":[{"name":"wp","href":"https:\/\/api.w.org\/{rel}","templated":true}]}}