{"id":45559,"date":"2021-05-21T09:57:12","date_gmt":"2021-05-21T07:57:12","guid":{"rendered":"https:\/\/www.iemn.fr\/?page_id=45559"},"modified":"2025-06-04T11:36:39","modified_gmt":"2025-06-04T09:36:39","slug":"master-ingenierie-des-systemes-embarques-et-communications-mobiles","status":"publish","type":"page","link":"https:\/\/www.iemn.fr\/en\/master-ingenierie-des-systemes-embarques-et-communications-mobiles","title":{"rendered":"Master in Embedded Systems and Mobile Communications Engineering"},"content":{"rendered":"<style type=\"text\/css\" data-created_by=\"avia_inline_auto\" id=\"style-css-av-2c5ixj-3fcad149ff07124ad67116cba76afc18\">\n.flex_column.av-2c5ixj-3fcad149ff07124ad67116cba76afc18{\nborder-radius:0px 0px 0px 0px;\npadding:0px 0px 0px 0px;\n}\n<\/style>\n<div  class='flex_column av-2c5ixj-3fcad149ff07124ad67116cba76afc18 av_one_full  avia-builder-el-0  avia-builder-el-no-sibling  first flex_column_div av-zero-column-padding'     ><section  class='av_textblock_section av-koy10qh6-1ffc4d66292ba2f26393ff79659b954b'   itemscope=\"itemscope\" itemtype=\"https:\/\/schema.org\/CreativeWork\" ><div class='avia_textblock'  itemprop=\"text\" ><blockquote>\n<p class=\"translation-block\"><strong>Master <a href=\"https:\/\/www.google.com\/url?sa=t&amp;rct=j&amp;q=&amp;esrc=s&amp;source=web&amp;cd=1&amp;cad=rja&amp;uact=8&amp;ved=2ahUKEwjPquv82pbmAhVt8-AKHahBArwQFjAAegQIAhAB&amp;url=httpsformations.uphf.frcdmprogramFR_RNE_0593279U_PR_SOF-15667&amp;usg=AOvVaw3isKsHTAiLrhBq6dxyefGR\" target=\"_self\">TMR<\/a><\/strong><strong> (Transport, Mobilities, Networks)<\/strong><strong> Embedded Systems Engineering and Mobile Communications (<\/strong><a href=\"https:\/\/www.google.com\/url?sa=t&amp;rct=j&amp;q=&amp;esrc=s&amp;source=web&amp;cd=2&amp;cad=rja&amp;uact=8&amp;ved=2ahUKEwiPo_ik25bmAhXqBGMBHYDOD9AQFjABegQIBRAC&amp;url=httpwww.uphf.frformationsplaquettesistv-master-transports-mobilites-reseaux-isecom.pdf&amp;usg=AOvVaw2JI7n-Cr4g-rtJ3PymKXtH\" target=\"_blank\" rel=\"noopener noreferrer\"><strong>ISECOM<\/strong><\/a><strong>)<\/strong> path.<\/p>\n<p>Responsable p\u00e9dagogique : Iyad Daoub : iyad.dayoub<a href=\"https:\/\/www.iemn.fr\/wp-content\/uploads\/2025\/05\/arobase6.png\"><img loading=\"lazy\" decoding=\"async\" class=\"alignnone wp-image-73335 size-full\" src=\"https:\/\/www.iemn.fr\/wp-content\/uploads\/2025\/05\/arobase6.png\" alt=\"\" width=\"16\" height=\"14\" srcset=\"https:\/\/www.iemn.fr\/wp-content\/uploads\/2025\/05\/arobase6.png 16w, https:\/\/www.iemn.fr\/wp-content\/uploads\/2025\/05\/arobase6-14x12.png 14w\" sizes=\"auto, (max-width: 16px) 100vw, 16px\" \/><\/a>uphf.fr<\/p>\n<\/blockquote>\n<p class=\"translation-block\">Develop high-level skills in the <strong>field of embedded systems and digital communications<\/strong> (mobile telephony, wired and wireless networks, indoor and outdoor broadband communication, satellite link, ...) with a strong focus on transportation-related applications. The links are close with the regional ecosystem of land transport.<\/p>\n<p>This research path establishes a natural link with the research activities of the <strong>group <a href=\"https:\/\/www.iemn.fr\/en\/la-recherche\/les-groupes\/comnum\/\" target=\"_blank\" rel=\"noopener noreferrer\">COMNUM<\/a><\/strong> (Digital Communications) at the IEMN.<\/p>\n<\/div><\/section><br \/>\n<div  class='togglecontainer av-k3oag3dw-8664ffea2fc539cc2bd16e7e4a89571b  avia-builder-el-2  el_after_av_textblock  avia-builder-el-last  toggle_close_all' >\n<section class='av_toggle_section av-sn9b4n-be08f376896f15820fc86f5dde2ef138'  itemscope=\"itemscope\" itemtype=\"https:\/\/schema.org\/CreativeWork\" ><div role=\"tablist\" class=\"single_toggle\" data-tags=\"{All} \"  ><p id='toggle-toggle-id-1' data-fake-id='#toggle-id-1' class='toggler  activeTitle av-title-above'  itemprop=\"headline\"  role='tab' tabindex='0' aria-controls='toggle-id-1' data-slide-speed=\"200\" data-title=\"L\u2019\u00e9cosyst\u00e8me r\u00e9gional des transports\" data-title-open=\"\" data-aria_collapsed=\"Click to expand: L\u2019\u00e9cosyst\u00e8me r\u00e9gional des transports\" data-aria_expanded=\"Click to collapse: L\u2019\u00e9cosyst\u00e8me r\u00e9gional des transports\">The regional transportation ecosystem<span class=\"toggle_icon\"><span class=\"vert_icon\"><\/span><span class=\"hor_icon\"><\/span><\/span><\/p><div id='toggle-id-1' aria-labelledby='toggle-toggle-id-1' role='region' class='toggle_wrap  active_tc av-title-above' style='display:block;' ><div class='toggle_content invers-color'  itemprop=\"text\" ><p class=\"translation-block\"><a href=\"https:\/\/www.iemn.fr\/wp-content\/uploads\/2019\/11\/imageValenciennes003.jpg\" target=\"_self\" class=\"lightbox-added alignleft\" style=\"float: left;margin: 0px;padding: 0px\"><img class=\"wp-image-38414 alignleft\" src=\"https:\/\/www.iemn.fr\/wp-content\/uploads\/2019\/11\/imageValenciennes003-300x200.jpg\" alt=\"\" width=\"209\" height=\"140\"><span class=\"image-overlay overlay-type-image\" style=\"overflow: hidden;height: 139. 333px;width: 219px\"><span class=\"image-overlay-inside\"><\/span><\/span><\/a>The <strong>IEMN<\/strong> is <strong>associated with<\/strong> the <a href=\"http:\/\/www.frttm.fr\/\" target=\"_blank\" rel=\"noopener noreferrer\">CNRS Transports Terrestres et Mobilit\u00e9<\/a> (TTM) Research Federation on projects with three other UMRs. The Federation, the result of <strong>collaborative research<\/strong> initiated with the CISIT program 2007-2014, is supported by the Polytechnic University of Valenciennes, the University of Lille and Centrale Lille.<\/p>\n<p class=\"translation-block\"><strong>Note: <\/strong>the <a href=\"http:\/\/www.frttm.fr\/elsat2020\" target=\"_blank\" rel=\"noopener noreferrer\">ELSAT2020 collaborative project<\/a><strong> around the major issues<\/strong> of tomorrow in <strong>Transport and Ecomobility<\/strong>.<\/p>\n<p class=\"translation-block\"><strong>Around the<\/strong> <a href=\"https:\/\/www.univ-valenciennes.fr\/le-campus-du-transport-et-de-la-mobilite-durables\" target=\"_blank\" rel=\"noopener noreferrer\">\"Transportation\" R&amp;D pipeline,<\/a> initiated in the 2000s and linked to <strong>regional industry<\/strong>, a whole network of players has developed, with a number of business areas at its core:<\/p>\n<p class=\"translation-block\">- the <a href=\"http:\/\/www.transalley.com\/transalley-presentation\/transalley\" target=\"_blank\" rel=\"noopener noreferrer\">Technop\u00f4le Transalley<\/a>, which brings together companies, researchers and operators, is located in the extension of the Valenciennes campus and has <strong>1000m<sup>2<\/sup> of test platforms that are hosted by the <a href=\"http:\/\/www.transalley.com\/le-technopole\/immobilier-et-foncier\/230-cisit\" target=\"_blank\" rel=\"noopener noreferrer\">Cisit<\/a> (Campus International sur<\/p>\n<p>Safety and Intermodality in Transport) which is a program led by the university to bring together research in Hauts-de-France.<\/p>\n<p class=\"translation-block\"><a href=\"https:\/\/www.iemn.fr\/wp-content\/uploads\/2019\/11\/imagevalenciennes002.jpg\" target=\"_self\" class=\"lightbox-added alignright\" style=\"float: right;margin: 0px;padding: 0px\"><img loading=\"lazy\" class=\"wp-image-38412 alignright\" src=\"https:\/\/www.iemn.fr\/wp-content\/uploads\/2019\/11\/imagevalenciennes002-300x200.jpg\" alt=\"\" width=\"217\" height=\"145\"><span class=\"image-overlay over-type-image\"><span class=\"image-overlay-inside\"><\/span><\/span><\/a> the <a href=\"http:\/\/www. i-trans.org\/\" target=\"_self\">p\u00f4l<\/a><a href=\"http:\/\/www.i-trans.org\/\" target=\"_self\">e<\/a><a href=\"http:\/\/www.i-trans.org\/\" target=\"_self\"> I-Trans<\/a> is located on the Technop\u00f4le, which <strong>mounts and labels collaborative projects<\/strong> in transportation with the <a href=\"http:\/\/www.railenium. eu\/\" target=\"_blank\" rel=\"noopener noreferrer\">I<\/a><a href=\"http:\/\/www.railenium.eu\/\" target=\"_blank\" rel=\"noopener noreferrer\">RT Railenium<\/a> (Technological Research Institute) which, in turn, creates a <strong>synergy between<\/strong>the <strong>research centers,<\/strong>the <strong>companies<\/strong> and the <strong>network managers<\/strong>. This cluster has thus brought together since 2005 the main <strong>actors in industry, research and training in the field of transport<\/strong> systems and logistics for guided rail and automotive and intelligent transport services, to bring about innovative solutions.<\/p>\n<\/div><\/div><\/div><\/section>\n<\/div><\/p><\/div>","protected":false},"excerpt":{"rendered":"","protected":false},"author":2,"featured_media":0,"parent":0,"menu_order":0,"comment_status":"closed","ping_status":"closed","template":"","meta":{"footnotes":""},"class_list":["post-45559","page","type-page","status-publish","hentry"],"_links":{"self":[{"href":"https:\/\/www.iemn.fr\/en\/wp-json\/wp\/v2\/pages\/45559","targetHints":{"allow":["GET"]}}],"collection":[{"href":"https:\/\/www.iemn.fr\/en\/wp-json\/wp\/v2\/pages"}],"about":[{"href":"https:\/\/www.iemn.fr\/en\/wp-json\/wp\/v2\/types\/page"}],"author":[{"embeddable":true,"href":"https:\/\/www.iemn.fr\/en\/wp-json\/wp\/v2\/users\/2"}],"replies":[{"embeddable":true,"href":"https:\/\/www.iemn.fr\/en\/wp-json\/wp\/v2\/comments?post=45559"}],"version-history":[{"count":2,"href":"https:\/\/www.iemn.fr\/en\/wp-json\/wp\/v2\/pages\/45559\/revisions"}],"predecessor-version":[{"id":73848,"href":"https:\/\/www.iemn.fr\/en\/wp-json\/wp\/v2\/pages\/45559\/revisions\/73848"}],"wp:attachment":[{"href":"https:\/\/www.iemn.fr\/en\/wp-json\/wp\/v2\/media?parent=45559"}],"curies":[{"name":"wp","href":"https:\/\/api.w.org\/{rel}","templated":true}]}}