{"id":42846,"date":"2020-11-06T09:41:59","date_gmt":"2020-11-06T07:41:59","guid":{"rendered":"https:\/\/www.iemn.fr\/?page_id=42846"},"modified":"2025-02-27T16:24:04","modified_gmt":"2025-02-27T14:24:04","slug":"soft-lithographie","status":"publish","type":"page","link":"https:\/\/www.iemn.fr\/en\/les_plateformes\/cmnf\/l2\/soft-lithographie","title":{"rendered":"Soft lithography"},"content":{"rendered":"<style type=\"text\/css\" data-created_by=\"avia_inline_auto\" id=\"style-css-av-v0y3xa-1a77def5e70cfc94dcf788daafc0eda5\">\n#top .av-special-heading.av-v0y3xa-1a77def5e70cfc94dcf788daafc0eda5{\nmargin:15px 15px 15px 15px;\npadding-bottom:10px;\n}\nbody .av-special-heading.av-v0y3xa-1a77def5e70cfc94dcf788daafc0eda5 .av-special-heading-tag .heading-char{\nfont-size:25px;\n}\n.av-special-heading.av-v0y3xa-1a77def5e70cfc94dcf788daafc0eda5 .av-subheading{\nfont-size:15px;\n}\n<\/style>\n<div  class='av-special-heading av-v0y3xa-1a77def5e70cfc94dcf788daafc0eda5 av-special-heading-h2  avia-builder-el-0  el_before_av_textblock  avia-builder-el-first  av-linked-heading'><h2 class='av-special-heading-tag'  itemprop=\"headline\"  >Soft lithography<\/h2><div class=\"special-heading-border\"><div class=\"special-heading-inner-border\"><\/div><\/div><\/div>\n<section  class='av_textblock_section av-kh5z4eoh-e4471e5bee04015fac8cf601f8880b0f'   itemscope=\"itemscope\" itemtype=\"https:\/\/schema.org\/CreativeWork\" ><div class='avia_textblock'  itemprop=\"text\" ><h6>Continuit\u00e9 technologique et scientifique entre la ressource de soft-lithographie et le laboratoire de Bio-Microfluidique<\/h6>\n<\/div><\/section>\n<div  class='flex_column av-m7lrc7b1-55c25a21d6edfcbd0debd482266a4ce3 av_one_fifth  avia-builder-el-2  el_after_av_textblock  el_before_av_three_fifth  first flex_column_div av-hide-on-mobile  column-top-margin'     ><section  class='av_textblock_section av-m7nforz5-6ae5f882c005f58678d5ff83bbe75b5b'   itemscope=\"itemscope\" itemtype=\"https:\/\/schema.org\/CreativeWork\" ><div class='avia_textblock'  itemprop=\"text\" ><p><a href=\"https:\/\/www.youtube.com\/watch?v=QSrEtlUUsx4\">\n<style type=\"text\/css\" data-created_by=\"avia_inline_auto\" id=\"style-css-av-mqde7m-5348bf35f200fafd83bee5bfe49cb59f\">\n.av_font_icon.av-mqde7m-5348bf35f200fafd83bee5bfe49cb59f{\ncolor:red;\nborder-color:red;\n}\n.av_font_icon.av-mqde7m-5348bf35f200fafd83bee5bfe49cb59f .av-icon-char{\nfont-size:25px;\nline-height:25px;\n}\n<\/style>\n<span  class='av_font_icon av-mqde7m-5348bf35f200fafd83bee5bfe49cb59f avia_animate_when_visible av-icon-style- avia-icon-pos-left avia-icon-animate'><span class='av-icon-char' aria-hidden='true' data-av_icon='\ue921' data-av_iconfont='entypo-fontello' ><\/span><\/span>D\u00e9couvrez cette vid\u00e9o en ligne sur notre cha\u00eene Youtube<\/a><\/p>\n<\/div><\/section><\/div><div  class='flex_column av-k8emji-ffc091ba46247141dc175d54fe21ba68 av_three_fifth  avia-builder-el-5  el_after_av_one_fifth  el_before_av_one_full  flex_column_div  column-top-margin'     ><div  class='avia-video av-m7lr7096-8cfeea1fc5a78198cb1504f085187c39 avia-video-16-9 av-no-preview-image avia-video-load-always avia-video-html5'  itemprop=\"video\" itemtype=\"https:\/\/schema.org\/VideoObject\"  data-original_url='https:\/\/www.iemn.fr\/wp-content\/uploads\/2025\/02\/soft_litho.mp4'><video class='avia_video'  autoplay playsinline preload=\"auto\" muted controls id='player_42846_212273344_2055625227'><source src='https:\/\/www.iemn.fr\/wp-content\/uploads\/2025\/02\/soft_litho.mp4' type='video\/mp4' \/><\/video><\/div><\/div><\/p>\n<div class='flex_column_table av-tjyj32-351e508ee339cd34e95e33ebc7a53a7a sc-av_one_full av-equal-height-column-flextable'>\n<style type=\"text\/css\" data-created_by=\"avia_inline_auto\" id=\"style-css-av-tjyj32-351e508ee339cd34e95e33ebc7a53a7a\">\n.flex_column.av-tjyj32-351e508ee339cd34e95e33ebc7a53a7a{\nborder-radius:0px 0px 0px 0px;\npadding:0px 0px 0px 0px;\n}\n<\/style>\n<div  class='flex_column av-tjyj32-351e508ee339cd34e95e33ebc7a53a7a av_one_full  avia-builder-el-7  el_after_av_three_fifth  el_before_av_heading  first flex_column_table_cell av-equal-height-column av-align-top av-zero-column-padding'     ><section  class='av_textblock_section av-kh63ame1-79d1ca034668a223c409d4fb856cce07'   itemscope=\"itemscope\" itemtype=\"https:\/\/schema.org\/CreativeWork\" ><div class='avia_textblock'  itemprop=\"text\" ><p><img loading=\"lazy\" decoding=\"async\" class=\"size-large wp-image-65333 alignnone\" src=\"https:\/\/www.iemn.fr\/wp-content\/uploads\/2024\/06\/process-softlitho-et-biomicrofluidique-1030x579.png\" alt=\"\" width=\"1030\" height=\"579\" srcset=\"https:\/\/www.iemn.fr\/wp-content\/uploads\/2024\/06\/process-softlitho-et-biomicrofluidique-1030x579.png 1030w, https:\/\/www.iemn.fr\/wp-content\/uploads\/2024\/06\/process-softlitho-et-biomicrofluidique-300x169.png 300w, https:\/\/www.iemn.fr\/wp-content\/uploads\/2024\/06\/process-softlitho-et-biomicrofluidique-768x432.png 768w, https:\/\/www.iemn.fr\/wp-content\/uploads\/2024\/06\/process-softlitho-et-biomicrofluidique-1536x864.png 1536w, https:\/\/www.iemn.fr\/wp-content\/uploads\/2024\/06\/process-softlitho-et-biomicrofluidique-18x10.png 18w, https:\/\/www.iemn.fr\/wp-content\/uploads\/2024\/06\/process-softlitho-et-biomicrofluidique-1500x844.png 1500w, https:\/\/www.iemn.fr\/wp-content\/uploads\/2024\/06\/process-softlitho-et-biomicrofluidique-705x397.png 705w, https:\/\/www.iemn.fr\/wp-content\/uploads\/2024\/06\/process-softlitho-et-biomicrofluidique.png 1920w\" sizes=\"auto, (max-width: 1030px) 100vw, 1030px\" \/><\/p>\n<\/div><\/section><\/div><\/div><!--close column table wrapper. Autoclose: 1 -->\n\n<style type=\"text\/css\" data-created_by=\"avia_inline_auto\" id=\"style-css-av-lxneu5wo-2b8589d709becb10ebd556f8cc8e65a6\">\n#top .av-special-heading.av-lxneu5wo-2b8589d709becb10ebd556f8cc8e65a6{\npadding-bottom:10px;\n}\nbody .av-special-heading.av-lxneu5wo-2b8589d709becb10ebd556f8cc8e65a6 .av-special-heading-tag .heading-char{\nfont-size:25px;\n}\n.av-special-heading.av-lxneu5wo-2b8589d709becb10ebd556f8cc8e65a6 .av-subheading{\nfont-size:15px;\n}\n<\/style>\n<div  class='av-special-heading av-lxneu5wo-2b8589d709becb10ebd556f8cc8e65a6 av-special-heading-h3  avia-builder-el-9  el_after_av_one_full  el_before_av_one_full  av-linked-heading'><h3 class='av-special-heading-tag'  itemprop=\"headline\"  >1. Soft-Lithographie \u2013 Process<\/h3><div class=\"special-heading-border\"><div class=\"special-heading-inner-border\"><\/div><\/div><\/div>\n\n<style type=\"text\/css\" data-created_by=\"avia_inline_auto\" id=\"style-css-av-tr3qce-07fdcddc97f5f585524fa88e0068002f\">\n.flex_column.av-tr3qce-07fdcddc97f5f585524fa88e0068002f{\nborder-radius:0px 0px 0px 0px;\npadding:0px 0px 0px 0px;\n}\n<\/style>\n<div  class='flex_column av-tr3qce-07fdcddc97f5f585524fa88e0068002f av_one_full  avia-builder-el-10  el_after_av_heading  el_before_av_one_third  first flex_column_div av-zero-column-padding'     ><section  class='av_textblock_section av-kh5yaccm-60450e5507ca69e3234e9953e6159cbb'   itemscope=\"itemscope\" itemtype=\"https:\/\/schema.org\/CreativeWork\" ><div class='avia_textblock'  itemprop=\"text\" ><h5><strong><span style=\"color: #000000;\">Cette zone d\u00e9di\u00e9e \u00e0 l\u2019\u00e9laboration et la caract\u00e9risation de dispositifs microfluidiques fait partie int\u00e9grante de la partie salles propres de la CMNF<br \/>\n<\/span><\/strong><\/h5>\n<\/div><\/section><\/div>\n<div class='flex_column_table av-1bqe78e-4543acd6a50f348a3357c8ea14dc583c sc-av_one_third av-equal-height-column-flextable'>\n<style type=\"text\/css\" data-created_by=\"avia_inline_auto\" id=\"style-css-av-1bqe78e-4543acd6a50f348a3357c8ea14dc583c\">\n.flex_column.av-1bqe78e-4543acd6a50f348a3357c8ea14dc583c{\nborder-radius:0px 0px 0px 0px;\npadding:0px 0px 0px 0px;\n}\n<\/style>\n<div  class='flex_column av-1bqe78e-4543acd6a50f348a3357c8ea14dc583c av_one_third  avia-builder-el-12  el_after_av_one_full  el_before_av_two_third  first flex_column_table_cell av-equal-height-column av-align-middle av-zero-column-padding  column-top-margin'     ><section  class='av_textblock_section av-kh5z0afy-5f8a9dec0908acd49d38218349db90eb'   itemscope=\"itemscope\" itemtype=\"https:\/\/schema.org\/CreativeWork\" ><div class='avia_textblock'  itemprop=\"text\" ><p><a href=\"https:\/\/www.iemn.fr\/wp-content\/uploads\/2020\/11\/montage_visuel_soft_litho.jpg\"><img loading=\"lazy\" decoding=\"async\" class=\"aligncenter size-medium wp-image-42852\" src=\"https:\/\/www.iemn.fr\/wp-content\/uploads\/2020\/11\/montage_visuel_soft_litho-300x266.jpg\" alt=\"\" width=\"300\" height=\"266\" srcset=\"https:\/\/www.iemn.fr\/wp-content\/uploads\/2020\/11\/montage_visuel_soft_litho-300x266.jpg 300w, https:\/\/www.iemn.fr\/wp-content\/uploads\/2020\/11\/montage_visuel_soft_litho-14x12.jpg 14w, https:\/\/www.iemn.fr\/wp-content\/uploads\/2020\/11\/montage_visuel_soft_litho.jpg 450w\" sizes=\"auto, (max-width: 300px) 100vw, 300px\" \/><\/a><\/p>\n<\/div><\/section><\/div>\n<div class='av-flex-placeholder'><\/div>\n<style type=\"text\/css\" data-created_by=\"avia_inline_auto\" id=\"style-css-av-iw8npa-21abc9dadc14cf1979dbdeacf838b061\">\n.flex_column.av-iw8npa-21abc9dadc14cf1979dbdeacf838b061{\nborder-radius:0px 0px 0px 0px;\npadding:0px 0px 0px 0px;\n}\n<\/style>\n<div  class='flex_column av-iw8npa-21abc9dadc14cf1979dbdeacf838b061 av_two_third  avia-builder-el-14  el_after_av_one_third  el_before_av_hr  flex_column_table_cell av-equal-height-column av-align-middle av-zero-column-padding  column-top-margin'     ><style type=\"text\/css\" data-created_by=\"avia_inline_auto\" id=\"style-css-av-kh5yf9ok-699da3e3b25c9e81b215d7ab3a22712f\">\n#top .av_textblock_section.av-kh5yf9ok-699da3e3b25c9e81b215d7ab3a22712f .avia_textblock{\ntext-align:justify;\n}\n<\/style>\n<section  class='av_textblock_section av-kh5yf9ok-699da3e3b25c9e81b215d7ab3a22712f'   itemscope=\"itemscope\" itemtype=\"https:\/\/schema.org\/CreativeWork\" ><div class='avia_textblock'  itemprop=\"text\" ><ul>\n<li>Au sein de cette ressource, une <strong>commande \u00e0 fraiseuse num\u00e9rique<\/strong> plac\u00e9e en back-end permet l\u2019usinage de composants fluidiques (puces notamment), ou m\u00e9canique (moule par exemple) en polym\u00e8res ou autres mat\u00e9riaux durs. Une <strong>imprimante st\u00e9r\u00e9olithographique<\/strong> de chez Formlabs (Form 3B+) est \u00e9galement install\u00e9e en back-end. Il s\u2019agit d\u2019une imprimante 3D utilisant la technologie \u00ab\u00a0Low Force st\u00e9r\u00e9olithography \u00a0\u00bb (LFS). La large gamme de r\u00e9sines (biocompatible, translucide, transparent, noir, rigide, \u00e9lastique) ainsi que la r\u00e9solution XY de 25 \u00b5m (avec des couches d\u2019\u00e9paisseur de 25 \u00e0 300 \u00b5m selon le mat\u00e9riau utilis\u00e9) offrent de nombreuses possibilit\u00e9s pour concevoir des syst\u00e8mes microfluidiques avec des g\u00e9om\u00e9tries sur mesure<\/li>\n<li class=\"translation-block\">A <strong>workstation dedicated to the manufacture of polymers (PDMS mainly)<\/strong> includes all the necessary equipment for the formulation of polymer mixtures (planetary mixer, precision balance, degasser, oven, spin-coater...)<\/li>\n<li class=\"translation-block\">Thanks to the <strong>PICO plasma frame<\/strong>, cleaning as well as surface activation is possible<\/li>\n<li class=\"translation-block\">A station dedicated to <strong>xurography<\/strong> will allow the cutting of thin polymer films with a tracing knife<\/li>\n<li class=\"translation-block\">A KRUSS goniometer<\/strong> is also available to allow surface characterization for wettability and contact angle type measurements<\/li>\n<li class=\"translation-block\">Finally, a station dedicated to the control of chips at the end of the process is equipped with a <strong>pressure controller<\/strong> as well as a <strong>stereoscopic microscope<\/strong> for device observationFinally, a station dedicated to the control of chips at the end of the process is equipped with a <strong>pressure controller<\/strong> as well as a <strong>stereoscopic microscope<\/strong> for device observation<\/li>\n<\/ul>\n<\/div><\/section><\/div><\/div><!--close column table wrapper. Autoclose: 1 -->\n<div  class='hr av-t1fy66-51bfaa51b53639ff840746c820a1d233 hr-default  avia-builder-el-16  el_after_av_two_third  el_before_av_heading'><span class='hr-inner'><span class=\"hr-inner-style\"><\/span><\/span><\/div>\n\n<style type=\"text\/css\" data-created_by=\"avia_inline_auto\" id=\"style-css-av-lxneuxq8-db35448cbcf59c85588bee9653453831\">\n#top .av-special-heading.av-lxneuxq8-db35448cbcf59c85588bee9653453831{\npadding-bottom:10px;\n}\nbody .av-special-heading.av-lxneuxq8-db35448cbcf59c85588bee9653453831 .av-special-heading-tag .heading-char{\nfont-size:25px;\n}\n.av-special-heading.av-lxneuxq8-db35448cbcf59c85588bee9653453831 .av-subheading{\nfont-size:15px;\n}\n<\/style>\n<div  class='av-special-heading av-lxneuxq8-db35448cbcf59c85588bee9653453831 av-special-heading-h3  avia-builder-el-17  el_after_av_hr  el_before_av_two_third  av-linked-heading'><h3 class='av-special-heading-tag'  itemprop=\"headline\"  >2. Soft-Lithographie \u2013 usinage<\/h3><div class=\"special-heading-border\"><div class=\"special-heading-inner-border\"><\/div><\/div><\/div>\n\n<style type=\"text\/css\" data-created_by=\"avia_inline_auto\" id=\"style-css-av-19avhb2-235997e12e014eff7831ac61f056f317\">\n.flex_column.av-19avhb2-235997e12e014eff7831ac61f056f317{\nborder-radius:0px 0px 0px 0px;\npadding:0px 0px 0px 0px;\n}\n<\/style>\n<div  class='flex_column av-19avhb2-235997e12e014eff7831ac61f056f317 av_two_third  avia-builder-el-18  el_after_av_heading  el_before_av_one_third  first flex_column_div av-zero-column-padding'     ><section  class='av_textblock_section av-ly34balc-12f4ee530f8576b2b19f4dbb8cb38bf8'   itemscope=\"itemscope\" itemtype=\"https:\/\/schema.org\/CreativeWork\" ><div class='avia_textblock'  itemprop=\"text\" ><p>Cette ressource comprend une station d\u2019usinage \u00e0 commande num\u00e9rique (CNC Datron N\u00e9o) et une imprimante st\u00e9r\u00e9olithographique SLA (Formlabs 3b+). Apr\u00e8s une phase de conception, la CNC permet l\u2019usinage de moules et de pi\u00e8ces en mat\u00e9riaux de type aluminium et plexiglas notamment. L\u2019imprimante SLA permet la fabrication de moules et dispositifs en r\u00e9sines transparentes biocompatibles<\/p>\n<\/div><\/section><\/div>\n\n<style type=\"text\/css\" data-created_by=\"avia_inline_auto\" id=\"style-css-av-rm6izi-015dbed09859cd212e18976a2610bcdd\">\n.flex_column.av-rm6izi-015dbed09859cd212e18976a2610bcdd{\nborder-radius:0px 0px 0px 0px;\npadding:0px 0px 0px 0px;\n}\n<\/style>\n<div  class='flex_column av-rm6izi-015dbed09859cd212e18976a2610bcdd av_one_third  avia-builder-el-20  el_after_av_two_third  avia-builder-el-last  flex_column_div av-zero-column-padding'     ><style type=\"text\/css\" data-created_by=\"avia_inline_auto\" id=\"style-css-av-ly34cyl8-1f816c83ab7c256725c746755ccf8a16\">\n.avia-image-container.av-ly34cyl8-1f816c83ab7c256725c746755ccf8a16 img.avia_image{\nbox-shadow:none;\n}\n.avia-image-container.av-ly34cyl8-1f816c83ab7c256725c746755ccf8a16 .av-image-caption-overlay-center{\ncolor:#ffffff;\n}\n<\/style>\n<div  class='avia-image-container av-ly34cyl8-1f816c83ab7c256725c746755ccf8a16 av-styling- avia-align-center  avia-builder-el-21  avia-builder-el-no-sibling'   itemprop=\"image\" itemscope=\"itemscope\" itemtype=\"https:\/\/schema.org\/ImageObject\" ><div class=\"avia-image-container-inner\"><div class=\"avia-image-overlay-wrap\"><img decoding=\"async\" fetchpriority=\"high\" class='wp-image-67175 avia-img-lazy-loading-not-67175 avia_image' src=\"https:\/\/www.iemn.fr\/wp-content\/uploads\/2024\/07\/usinage-300x131.png\" alt='' title='usinage'  height=\"131\" width=\"300\"  itemprop=\"thumbnailUrl\" srcset=\"https:\/\/www.iemn.fr\/wp-content\/uploads\/2024\/07\/usinage-300x131.png 300w, https:\/\/www.iemn.fr\/wp-content\/uploads\/2024\/07\/usinage-1030x449.png 1030w, https:\/\/www.iemn.fr\/wp-content\/uploads\/2024\/07\/usinage-768x335.png 768w, https:\/\/www.iemn.fr\/wp-content\/uploads\/2024\/07\/usinage-1536x670.png 1536w, https:\/\/www.iemn.fr\/wp-content\/uploads\/2024\/07\/usinage-18x8.png 18w, https:\/\/www.iemn.fr\/wp-content\/uploads\/2024\/07\/usinage-1500x654.png 1500w, https:\/\/www.iemn.fr\/wp-content\/uploads\/2024\/07\/usinage-705x307.png 705w, https:\/\/www.iemn.fr\/wp-content\/uploads\/2024\/07\/usinage.png 1560w\" sizes=\"(max-width: 300px) 100vw, 300px\" \/><\/div><\/div><\/div><\/div>","protected":false},"excerpt":{"rendered":"","protected":false},"author":2,"featured_media":0,"parent":34144,"menu_order":0,"comment_status":"closed","ping_status":"closed","template":"","meta":{"footnotes":""},"class_list":["post-42846","page","type-page","status-publish","hentry"],"_links":{"self":[{"href":"https:\/\/www.iemn.fr\/en\/wp-json\/wp\/v2\/pages\/42846","targetHints":{"allow":["GET"]}}],"collection":[{"href":"https:\/\/www.iemn.fr\/en\/wp-json\/wp\/v2\/pages"}],"about":[{"href":"https:\/\/www.iemn.fr\/en\/wp-json\/wp\/v2\/types\/page"}],"author":[{"embeddable":true,"href":"https:\/\/www.iemn.fr\/en\/wp-json\/wp\/v2\/users\/2"}],"replies":[{"embeddable":true,"href":"https:\/\/www.iemn.fr\/en\/wp-json\/wp\/v2\/comments?post=42846"}],"version-history":[{"count":0,"href":"https:\/\/www.iemn.fr\/en\/wp-json\/wp\/v2\/pages\/42846\/revisions"}],"up":[{"embeddable":true,"href":"https:\/\/www.iemn.fr\/en\/wp-json\/wp\/v2\/pages\/34144"}],"wp:attachment":[{"href":"https:\/\/www.iemn.fr\/en\/wp-json\/wp\/v2\/media?parent=42846"}],"curies":[{"name":"wp","href":"https:\/\/api.w.org\/{rel}","templated":true}]}}