{"id":42799,"date":"2020-11-03T13:50:52","date_gmt":"2020-11-03T11:50:52","guid":{"rendered":"https:\/\/www.iemn.fr\/?page_id=42799"},"modified":"2022-02-07T17:51:56","modified_gmt":"2022-02-07T15:51:56","slug":"portrait-biographique-deugene-constant-directeur-de-liemn-1992-1998-redaction-karine-perrot-eugene-constant-un-guide-pour-liemn","status":"publish","type":"page","link":"https:\/\/www.iemn.fr\/en\/portrait-biographique-deugene-constant-directeur-de-liemn-1992-1998-redaction-karine-perrot-eugene-constant-un-guide-pour-liemn","title":{"rendered":"Portrait biographique d\u2019Eug\u00e8ne Constant, directeur de l\u2019IEMN, 1992-1998 &#8211; R\u00e9daction Karine Perrot"},"content":{"rendered":"<style type=\"text\/css\" data-created_by=\"avia_inline_auto\" id=\"style-css-av-rp7u4v-650ba13988f3d9f312feeb0d5d67cf81\">\n.flex_column.av-rp7u4v-650ba13988f3d9f312feeb0d5d67cf81{\nborder-radius:1px 1px 1px 1px;\npadding:0px 0px 0px 0px;\nbackground-color:#ede0ce;\n}\n<\/style>\n<div  class='flex_column av-rp7u4v-650ba13988f3d9f312feeb0d5d67cf81 av_one_full  avia-builder-el-0  el_before_av_textblock  avia-builder-el-first  first flex_column_div av-zero-column-padding'     ><section  class='av_textblock_section av-khc4pbl5-b417f15bb453749262b71441bd215e33'   itemscope=\"itemscope\" itemtype=\"https:\/\/schema.org\/CreativeWork\" ><div class='avia_textblock'  itemprop=\"text\" ><h3 style=\"text-align: center;\">Eug\u00e8ne Constant : un guide pour l\u2019IEMN<\/h3>\n<blockquote>\n<p><img loading=\"lazy\" decoding=\"async\" class=\"wp-image-43011 alignleft\" src=\"https:\/\/www.iemn.fr\/wp-content\/uploads\/2020\/11\/eugene_constant3.jpg\" alt=\"\" width=\"94\" height=\"102\" srcset=\"https:\/\/www.iemn.fr\/wp-content\/uploads\/2020\/11\/eugene_constant3.jpg 250w, https:\/\/www.iemn.fr\/wp-content\/uploads\/2020\/11\/eugene_constant3-11x12.jpg 11w\" sizes=\"auto, (max-width: 94px) 100vw, 94px\" \/><\/p>\n<h6>Georges Salmer <strong>(directeur de l\u2019IEMN, 1998-2002)<\/strong> <strong>se rem\u00e9more<\/strong> sa premi\u00e8re rencontre avec Eug\u00e8ne :<\/h6>\n<p>\u00ab il m\u2019avait accueilli avec un grand sourire, occup\u00e9 \u00e0 pr\u00e9parer le th\u00e9 du labo, sa blouse pleine de trous et de taches brunes, \u00e0 cause de l\u2019acide dont il \u00e9tudiait les solutions pour sa th\u00e8se. Par la suite, il m\u2019a guid\u00e9 de fa\u00e7on d\u00e9cisive pour ma th\u00e8se et je lui en garde une tr\u00e8s grande reconnaissance. \u00bb<\/p>\n<\/blockquote>\n<p>Ce portrait vivace et \u00e9mouvant de l\u2019un des fondateurs de l\u2019IEMN, fait appara\u00eetre <strong>trois facettes<\/strong> essentielles <strong>du personnage<\/strong> : <strong>l\u2019homme chaleureux et f\u00e9d\u00e9rateur<\/strong> alors jeune assistant, le <strong>chercheur passionn\u00e9<\/strong> d\u2019exp\u00e9riences, et celui qu\u2019on peut appeler le \u00ab <strong>guide<\/strong> \u00bb.<\/p>\n<\/div><\/section><\/div>\n<section  class='av_textblock_section av-kh1wt2kx-0bc2bd775ce4a186ff23fca8a11c6eba'   itemscope=\"itemscope\" itemtype=\"https:\/\/schema.org\/CreativeWork\" ><div class='avia_textblock'  itemprop=\"text\" ><hr \/>\n<h6 style=\"text-align: center;\">Un grand patron de laboratoire<\/h6>\n<p>Premier directeur de l\u2019IEMN, Eug\u00e8ne Constant a laiss\u00e9 une empreinte durable dans sa mani\u00e8re de diriger l\u2019Institut. Le soutien apport\u00e9 aux diff\u00e9rentes cat\u00e9gories de personnel cr\u00e9ait l\u2019adh\u00e9sion de tous \u00e0 ses id\u00e9es et ses projets et de la reconnaissance pour les postes obtenus gr\u00e2ce \u00e0 sa d\u00e9termination.<br \/>\n\u00ab\u00a0Son bureau nous \u00e9tait toujours ouvert\u00a0\u00bb, se rappelle Georges. Assur\u00e9ment, son <strong>ouverture <\/strong>et sa <strong>disponibilit\u00e9<\/strong> l\u2019ont pr\u00e9dispos\u00e9 \u00e0 exercer un <strong>management de proximit\u00e9<\/strong>. Ayant <strong>l\u2019esprit d\u2019entreprise<\/strong>, il poss\u00e9dait les qualit\u00e9s d\u2019un grand patron, un brin paternaliste.<br \/>\nLes termes qui reviennent dans la bouche de ceux qui l\u2019ont c\u00f4toy\u00e9 sont \u00ab cr\u00e9ateur, rassembleur, catalyseur\u00a0\u00bb. Il savait <strong>entra\u00eener, \u00e9couter, convaincre et d\u00e9cider pour constituer une \u00e9quipe autour d\u2019un objectif commun<\/strong>. Ses qualit\u00e9s d\u2019entra\u00eeneur allaient m\u00eame bien au-del\u00e0 de la sph\u00e8re strictement professionnelle, comme le montre cette p\u00e9rip\u00e9tie rapport\u00e9e par Georges :<\/p>\n<blockquote>\n<p>\u00ab il avait r\u00e9ussi en 1978, \u00e0 entra\u00eener une vingtaine d\u2019entre nous, dans sa seconde patrie, l\u2019Oisans (massif fran\u00e7ais des Alpes), pour un tour m\u00e9morable de huit jours en famille, ponctu\u00e9 de coups de fatigue et de feux de camp dans la neige ! \u00bb<\/p>\n<\/blockquote>\n<h6 style=\"text-align: center;\">Un scientifique passionn\u00e9 et un universitaire remarquable<\/h6>\n<p>L\u2019image de l\u2019\u00e9tudiant radieux fait ressortir le scientifique passionn\u00e9 et stimulant. Sa th\u00e8se de doctorat, consacr\u00e9e \u00e0 la dynamique mol\u00e9culaire dans les liquides polaires, comportait des exp\u00e9riences tr\u00e8s novatrices en spectrom\u00e9trie microondes. \u00c0 cette \u00e9poque, Eug\u00e8ne faisait des conf\u00e9rences sur la conqu\u00eate spatiale. Ses coll\u00e8gues le d\u00e9crivent comme un exp\u00e9rimentateur imaginatif :<\/p>\n<blockquote>\n<p>\u00ab dans les ann\u00e9es 60, il avait mont\u00e9 avec Yves Leroy, une exp\u00e9rience astucieuse d\u00e9cisive de spectrom\u00e9trie infrarouge avec une lampe \u00e0 bronzer et des papiers filtre. \u00bb Pr\u00e9occup\u00e9 des applications grand public, il a ouvert la voie \u00e0 la thermographie micro-onde qui sera d\u00e9velopp\u00e9e par une startup de Villeneuve d\u2019Ascq pour des applications \u00e0 la s\u00e9curit\u00e9. \u00bb<\/p>\n<\/blockquote>\n<p>En outre, le chercheur brillant \u00e9tait aussi un grand professeur tr\u00e8s appr\u00e9ci\u00e9 de ses \u00e9tudiants et jeunes coll\u00e8gues. Il avait ainsi le pouvoir remarquable de transmettre le sens physique des ph\u00e9nom\u00e8nes \u00e9tudi\u00e9s m\u00eame lorsque ceux-ci se cachaient derri\u00e8re des \u00e9quations complexes :<\/p>\n<blockquote>\n<p>\u00ab il sortait de ses cours la blouse et les cheveux macul\u00e9s de craie, mais ses \u00e9tudiants avaient tout compris \u00bb, se souvient Georges.<\/p>\n<\/blockquote>\n<p>Son audience \u00e9tait telle qu\u2019un jour, rapporte Georges, \u00ab un sp\u00e9cialiste des nanocomposants, n\u2019a-t-il pas d\u00e9clar\u00e9 devant une d\u00e9l\u00e9gation de chercheurs fran\u00e7ais visitant le centre de recherches d\u2019IBM aux Etats-Unis, qu\u2019il devait sa vocation \u00e0 une conf\u00e9rence donn\u00e9e par Eug\u00e8ne Constant lors d\u2019un s\u00e9minaire de l\u2019OTAN ! \u00bb<\/p>\n<h6 style=\"text-align: center;\">Un guide pour l\u2019IEMN<\/h6>\n<h6 style=\"text-align: center;\">\n<style type=\"text\/css\" data-created_by=\"avia_inline_auto\" id=\"style-css-av-vtxx1r-cc2e3d2d1ae7eeac6e3acef527bfbdfe\">\n.av_font_icon.av-vtxx1r-cc2e3d2d1ae7eeac6e3acef527bfbdfe{\ncolor:#7bb0e7;\nborder-color:#7bb0e7;\n}\n.av_font_icon.av-vtxx1r-cc2e3d2d1ae7eeac6e3acef527bfbdfe .av-icon-char{\nfont-size:50px;\nline-height:50px;\n}\n<\/style>\n<span  class='av_font_icon av-vtxx1r-cc2e3d2d1ae7eeac6e3acef527bfbdfe avia_animate_when_visible av-icon-style- avia-icon-pos-left avia-icon-animate'><span class='av-icon-char' aria-hidden='true' data-av_icon='\ue894' data-av_iconfont='entypo-fontello' ><\/span><\/span><\/h6>\n<p>La trajectoire de l\u2019IEMN doit beaucoup \u00e0 celui qui va progressivement en esquisser l\u2019architecture. Il cr\u00e9e sa propre \u00e9quipe en 65-66, puis \u0153uvre \u00e0 la mise en place de structures associ\u00e9es au CNRS : une \u00c9quipe puis un Laboratoire associ\u00e9s en 1971 et 1974 qui aboutiront \u00e0 la cr\u00e9ation de notre unit\u00e9 mixte en 1992, fruit du regroupement du Laboratoire d\u2019Opto-Acousto-\u00c9lectronique de Valenciennes, de l\u2019Institut Sup\u00e9rieur d\u2019\u00c9lectronique du Nord (ISEN) et du Centre Hyperfr\u00e9quences et Semiconducteurs (CHS), \u00e0 l\u2019initiative de la fusion.<br \/>\n\u00c0 partir de l\u00e0, <strong>l\u2019histoire de l\u2019Institut et l\u2019ambition visionnaire d\u2019Eug\u00e8ne vont converger<\/strong>. Son intuition et ses capacit\u00e9s d\u2019entreprendre vont impulser deux mouvements d\u00e9terminants pour l\u2019IEMN. D\u2019une part, <strong>il d\u00e9veloppe des relations suivies avec l\u2019industrie r\u00e9gionale<\/strong>. Georges t\u00e9moigne :<\/p>\n<blockquote>\n<p>\u00ab Eug\u00e8ne a \u00e9t\u00e9 pr\u00e9curseur quant \u00e0 l\u2019ouverture de l\u2019universit\u00e9 sur le monde \u00e9conomique, travaillant d\u00e8s les ann\u00e9es 60 avec les constructeurs de composants fran\u00e7ais \u00e9lectroniques LTT et Thomson \u00bb.<\/p>\n<\/blockquote>\n<p>D\u2019autre part, il s\u2019emploie \u00e0 accro\u00eetre l\u2019autonomie du laboratoire. D\u00e8s les ann\u00e9es 80, Eug\u00e8ne se fixe comme objectif <strong>le d\u00e9veloppement et la ma\u00eetrise de l\u2019ensemble de la cha\u00eene de comp\u00e9tences allant des mat\u00e9riaux, composants et syst\u00e8mes micro\u00e9lectroniques, <\/strong><strong>jusqu\u2019\u00e0 la m\u00e9trologie et la caract\u00e9risation<\/strong>. L\u2019autonomie gagn\u00e9e par la fabrication d\u2019objets d\u2019\u00e9tudes, aura un fort impact sur le <strong>d\u00e9veloppement de nombreux projets de recherche \u00e0 l\u2019IEMN<\/strong>.<\/p>\n<p class=\"western\" align=\"justify\">Pour <strong>Alain Cappy<\/strong> (directeur de l\u2019IEMN, 2002-2010) :<\/p>\n<blockquote>\n<p>\u00ab Eug\u00e8ne Constant a \u00e9t\u00e9 un mod\u00e8le pour une g\u00e9n\u00e9ration de chercheurs. Scientifique de haut niveau et accessible, il suscitait beaucoup d\u2019admiration dans la communaut\u00e9 des chercheurs en physique et en technologie \u00bb.<\/p>\n<\/blockquote>\n<p>Gr\u00e2ce \u00e0 lui, l\u2019IEMN a b\u00e9n\u00e9fici\u00e9 d\u2019une impulsion cr\u00e9atrice dont les ondes se font encore sentir. Il a contribu\u00e9 \u00e0 l\u2019expansion de la recherche en cultivant le potentiel humain et scientifique. Gageons qu\u2019il continuera \u00e0 \u00e9clairer notre avenir de son intelligence, son imagination et son optimisme permanent.<\/p>\n<h6 style=\"text-align: left;\">R\u00e9daction : Karine Perrot (service ECM)<\/h6>\n<\/div><\/section>","protected":false},"excerpt":{"rendered":"","protected":false},"author":2,"featured_media":0,"parent":0,"menu_order":0,"comment_status":"closed","ping_status":"closed","template":"","meta":{"footnotes":""},"class_list":["post-42799","page","type-page","status-publish","hentry"],"_links":{"self":[{"href":"https:\/\/www.iemn.fr\/en\/wp-json\/wp\/v2\/pages\/42799","targetHints":{"allow":["GET"]}}],"collection":[{"href":"https:\/\/www.iemn.fr\/en\/wp-json\/wp\/v2\/pages"}],"about":[{"href":"https:\/\/www.iemn.fr\/en\/wp-json\/wp\/v2\/types\/page"}],"author":[{"embeddable":true,"href":"https:\/\/www.iemn.fr\/en\/wp-json\/wp\/v2\/users\/2"}],"replies":[{"embeddable":true,"href":"https:\/\/www.iemn.fr\/en\/wp-json\/wp\/v2\/comments?post=42799"}],"version-history":[{"count":1,"href":"https:\/\/www.iemn.fr\/en\/wp-json\/wp\/v2\/pages\/42799\/revisions"}],"predecessor-version":[{"id":75730,"href":"https:\/\/www.iemn.fr\/en\/wp-json\/wp\/v2\/pages\/42799\/revisions\/75730"}],"wp:attachment":[{"href":"https:\/\/www.iemn.fr\/en\/wp-json\/wp\/v2\/media?parent=42799"}],"curies":[{"name":"wp","href":"https:\/\/api.w.org\/{rel}","templated":true}]}}