{"id":40078,"date":"2020-04-08T14:47:29","date_gmt":"2020-04-08T12:47:29","guid":{"rendered":"https:\/\/www.iemn.fr\/?page_id=40078"},"modified":"2025-10-30T19:31:49","modified_gmt":"2025-10-30T17:31:49","slug":"members","status":"publish","type":"page","link":"https:\/\/www.iemn.fr\/en\/la-recherche\/les-groupes\/biomems\/members","title":{"rendered":"Members"},"content":{"rendered":"<div id='layer_slider_1'  class='avia-layerslider main_color avia-shadow  avia-builder-el-0  el_before_av_submenu  avia-builder-el-first  container_wrap sidebar_right'  style='height: 261px;'  ><div id=\"layerslider_43_tbtf3bbhxekr\" data-ls-slug=\"homepageslider\" class=\"ls-wp-container fitvidsignore ls-selectable\" style=\"width:1140px;height:260px;margin:0 auto;margin-bottom: 0px;\"><div class=\"ls-slide\" data-ls=\"bgposition:50% 50%;duration:6000;transition2d:5;\"><img loading=\"lazy\" decoding=\"async\" width=\"2600\" height=\"270\" src=\"https:\/\/www.iemn.fr\/wp-content\/uploads\/2018\/10\/sliders_groupe_biomens.jpg\" class=\"ls-bg\" alt=\"\" srcset=\"https:\/\/www.iemn.fr\/wp-content\/uploads\/2018\/10\/sliders_groupe_biomens.jpg 2600w, https:\/\/www.iemn.fr\/wp-content\/uploads\/2018\/10\/sliders_groupe_biomens-300x31.jpg 300w, https:\/\/www.iemn.fr\/wp-content\/uploads\/2018\/10\/sliders_groupe_biomens-768x80.jpg 768w, https:\/\/www.iemn.fr\/wp-content\/uploads\/2018\/10\/sliders_groupe_biomens-1030x107.jpg 1030w, https:\/\/www.iemn.fr\/wp-content\/uploads\/2018\/10\/sliders_groupe_biomens-1500x156.jpg 1500w, https:\/\/www.iemn.fr\/wp-content\/uploads\/2018\/10\/sliders_groupe_biomens-705x73.jpg 705w\" sizes=\"auto, (max-width: 2600px) 100vw, 2600px\" \/><ls-layer style=\"font-size:14px;text-align:left;font-style:normal;text-decoration:none;text-transform:none;font-weight:700;letter-spacing:0px;background-position:0% 0%;background-repeat:no-repeat;mix-blend-mode:normal;top:231px;left:0px;height:30px;width:320px;line-height:32px;color:#ffffff;border-radius:6px 6px 6px 6px;padding-left:50px;background-color:rgba(0, 0, 0, 0.57);\" class=\"ls-l ls-ib-icon ls-text-layer\" data-ls=\"minfontsize:0;minmobilefontsize:0;\"><i class=\"fa fa-user-circle\" style=\"color:#f2f2f2;margin-right:0.8em;font-size:1em;transform:translateY( -0.125em );\"><\/i>GROUPE DE RECHERCHE : BioMEMS<\/ls-layer><\/div><\/div><\/div>\n<div id='sub_menu1'  class='av-submenu-container av-jrqfadqy-ce2f2ab09b07c9cd48b0b2cdd423b7d9 footer_color  avia-builder-el-1  el_after_av_layerslider  el_before_av_heading  submenu-not-first container_wrap sidebar_right' style='z-index:301' ><div class='container av-menu-mobile-disabled av-submenu-pos-left'><ul id='av-custom-submenu-1' class='av-subnav-menu' role='menu'>\n<li class='menu-item av-rtfnbz-056deec7692d277d1153b80d988f410a menu-item-top-level menu-item-top-level-1' role='menuitem'><a href='https:\/\/www.iemn.fr\/en\/la-recherche\/les-groupes\/biomems'  ><span class='avia-bullet'><\/span><span class='avia-menu-text'>Introduction<\/span><\/a><\/li>\n<li class='menu-item av-150yk73-c57aa7653d5612615c65b80664eaf5fd menu-item-top-level menu-item-top-level-2' role='menuitem'><a href='https:\/\/www.iemn.fr\/en\/la-recherche\/les-groupes\/biomems\/members'  ><span class='avia-bullet'><\/span><span class='avia-menu-text'>Members<\/span><\/a><\/li>\n<li class='menu-item av-1aop3en-559a4f35fc91b2dfcf72c0e080935c76 menu-item-top-level menu-item-top-level-3' role='menuitem'><a href='https:\/\/www.iemn.fr\/en\/la-recherche\/les-groupes\/biomems\/ongoingstudies\/'  ><span class='avia-bullet'><\/span><span class='avia-menu-text'>On going studies<\/span><\/a><\/li>\n<\/ul><\/div><\/div><div id='after_submenu_1'  class='main_color av_default_container_wrap container_wrap sidebar_right'  ><div class='container av-section-cont-open' ><div class='template-page content  av-content-small alpha units'><div class='post-entry post-entry-type-page post-entry-40078'><div class='entry-content-wrapper clearfix'>\n\n<style type=\"text\/css\" data-created_by=\"avia_inline_auto\" id=\"style-css-av-ikg7se-d243566057439b745f3f9ef58a7c2604\">\n#top .av-special-heading.av-ikg7se-d243566057439b745f3f9ef58a7c2604{\npadding-bottom:10px;\n}\nbody .av-special-heading.av-ikg7se-d243566057439b745f3f9ef58a7c2604 .av-special-heading-tag .heading-char{\nfont-size:25px;\n}\n.av-special-heading.av-ikg7se-d243566057439b745f3f9ef58a7c2604 .av-subheading{\nfont-size:15px;\n}\n<\/style>\n<div  class='av-special-heading av-ikg7se-d243566057439b745f3f9ef58a7c2604 av-special-heading-h2  avia-builder-el-2  el_after_av_submenu  el_before_av_textblock  avia-builder-el-first'><h2 class='av-special-heading-tag'  itemprop=\"headline\"  >BioMEMS Group Members<\/h2><div class=\"special-heading-border\"><div class=\"special-heading-inner-border\"><\/div><\/div><\/div>\n<section  class='av_textblock_section av-2edaz24-3850a6478624b562adf7df0bee0fdc81'   itemscope=\"itemscope\" itemtype=\"https:\/\/schema.org\/CreativeWork\" ><div class='avia_textblock'  itemprop=\"text\" ><h4>Permanent staff<\/h4>\n<ul>\n<li>Anthony TREIZEBRE Ma\u00eetre de Conf\u00e9rences, (anthony.treizebre@univ-lille.fr )<\/li>\n<li>Vincent THOMY, Ma\u00eetre de Conf\u00e9rences, (vincent.thomy@univ-lille.fr)<\/li>\n<li>C\u00e9line VIVIEN, Ma\u00eetre de Conf\u00e9rences, (celine.vivien@univ-lille.fr)<\/li>\n<li>J\u00e9r\u00f4me FOLLET, Ma\u00eetre de Conf\u00e9rences, (jerome.follet@yncrea.fr)<\/li>\n<li>Mich\u00e8le CARETTE, Ma\u00eetre de Conf\u00e9rences, (michele.carette@univ-lille.fr)<\/li>\n<li>Cagatay TARHAN, Ma\u00eetre de Conf\u00e9rences, (cagatay.tarhan@yncrea.fr)<\/li>\n<li>Alexis VLANDAS, Charg\u00e9 de Recherche,\u00a0 (alexis.vlandas@univ-lille.fr)<\/li>\n<li>Thomas DARGENT,Ma\u00eetre de Conf\u00e9rences, (thomas.dargent@univ-lille.fr)<\/li>\n<li>Feryal WINDAL, Ma\u00eetre de Conf\u00e9rences, (feryal.windal@yncrea.fr)<\/li>\n<li>Alexandre BACCOUCHE, Charg\u00e9 de Recherche, (Alexandre.baccouche@univ-lille.fr)<\/li>\n<li>Faruk SHAIK, Charg\u00e9 de Recherche \u00a0(<a href=\"mailto:faruk.shaik@univ-lille.fr\">faruk.shaik@univ-lille.fr<\/a>)<\/li>\n<\/ul>\n<h4>IE<\/h4>\n<ul>\n<li>Aude SIVERY, IE (aude.sivery <img loading=\"lazy\" decoding=\"async\" class=\"align=absbottom wp-image-73424\" src=\"https:\/\/www.iemn.fr\/wp-content\/uploads\/2035\/05\/arobase_noir.png\" alt=\"\" width=\"14\" height=\"14\" srcset=\"https:\/\/www.iemn.fr\/wp-content\/uploads\/2035\/05\/arobase_noir.png 24w, https:\/\/www.iemn.fr\/wp-content\/uploads\/2035\/05\/arobase_noir-12x12.png 12w\" sizes=\"auto, (max-width: 14px) 100vw, 14px\" \/> univ-lille.fr)<\/li>\n<\/ul>\n<h4>IR (on contract)<\/h4>\n<ul>\n<li>Marie GUILBERT, IR CPER TECSANTE (marie.guilbert <img loading=\"lazy\" decoding=\"async\" class=\"align=absbottom wp-image-73424\" src=\"https:\/\/www.iemn.fr\/wp-content\/uploads\/2035\/05\/arobase_noir.png\" alt=\"\" width=\"14\" height=\"14\" srcset=\"https:\/\/www.iemn.fr\/wp-content\/uploads\/2035\/05\/arobase_noir.png 24w, https:\/\/www.iemn.fr\/wp-content\/uploads\/2035\/05\/arobase_noir-12x12.png 12w\" sizes=\"auto, (max-width: 14px) 100vw, 14px\" \/> univ-lille.fr)<\/li>\n<li>Anne-Charlotte LENIERE (anne-charlotte.leniere <img loading=\"lazy\" decoding=\"async\" class=\"align=absbottom wp-image-73424\" src=\"https:\/\/www.iemn.fr\/wp-content\/uploads\/2035\/05\/arobase_noir.png\" alt=\"\" width=\"14\" height=\"14\" srcset=\"https:\/\/www.iemn.fr\/wp-content\/uploads\/2035\/05\/arobase_noir.png 24w, https:\/\/www.iemn.fr\/wp-content\/uploads\/2035\/05\/arobase_noir-12x12.png 12w\" sizes=\"auto, (max-width: 14px) 100vw, 14px\" \/> junia.com)<\/li>\n<\/ul>\n<h4>ATER position<\/h4>\n<ul>\n<li>Malika CHALH (Malika.chalh <img loading=\"lazy\" decoding=\"async\" class=\"align=absbottom wp-image-73424\" src=\"https:\/\/www.iemn.fr\/wp-content\/uploads\/2035\/05\/arobase_noir.png\" alt=\"\" width=\"14\" height=\"14\" srcset=\"https:\/\/www.iemn.fr\/wp-content\/uploads\/2035\/05\/arobase_noir.png 24w, https:\/\/www.iemn.fr\/wp-content\/uploads\/2035\/05\/arobase_noir-12x12.png 12w\" sizes=\"auto, (max-width: 14px) 100vw, 14px\" \/> univ-lille.fr) &#8211; <em>D\u00e9veloppement de membrane polym\u00e8re pour le confort thermique<\/em><\/li>\n<\/ul>\n<h4>PhD students<\/h4>\n<ul>\n<li>Pascal MEIN (pascal.mein <img loading=\"lazy\" decoding=\"async\" class=\"align=absbottom wp-image-73424\" src=\"https:\/\/www.iemn.fr\/wp-content\/uploads\/2035\/05\/arobase_noir.png\" alt=\"\" width=\"14\" height=\"14\" srcset=\"https:\/\/www.iemn.fr\/wp-content\/uploads\/2035\/05\/arobase_noir.png 24w, https:\/\/www.iemn.fr\/wp-content\/uploads\/2035\/05\/arobase_noir-12x12.png 12w\" sizes=\"auto, (max-width: 14px) 100vw, 14px\" \/> junia.com) &#8211; <em>projet \u00ab Cryptostrain \u00bb : Etude de la r\u00e9ponse imp\u00e9dim\u00e9trique de cellules infect\u00e9es par des souches de parasites appartenant au genre Cryptosporidium dans le cadre de la recherche de candidats m\u00e9dicaments.<\/em><\/li>\n<li>Stefan SANDU (Stefan.sandu <img loading=\"lazy\" decoding=\"async\" class=\"align=absbottom wp-image-73424\" src=\"https:\/\/www.iemn.fr\/wp-content\/uploads\/2035\/05\/arobase_noir.png\" alt=\"\" width=\"14\" height=\"14\" srcset=\"https:\/\/www.iemn.fr\/wp-content\/uploads\/2035\/05\/arobase_noir.png 24w, https:\/\/www.iemn.fr\/wp-content\/uploads\/2035\/05\/arobase_noir-12x12.png 12w\" sizes=\"auto, (max-width: 14px) 100vw, 14px\" \/> univ-lille.fr) &#8211; <em>Multifunctional polymer membrane for structural colour and thermoregulation<\/em><\/li>\n<li>Sarah DRIHEM (sarah.drihem@univ-lille.fr) &#8211; <em>Am\u00e9liorer la s\u00e9curit\u00e9 des perfusions intraveineuses de m\u00e9dicaments chez les patients gr\u00e2ce \u00e0 des mod\u00e8les novateurs de puces micro-fluidique<\/em><\/li>\n<li>Emma BRIX (emma.brix@univ-lille.fr)<\/li>\n<\/ul>\n<h4>Alumni<\/h4>\n<ul>\n<li>Salim Assaf, Technical Support Engineer , APEX Technologies (France)<\/li>\n<li>Justine DILLIES,<\/li>\n<li>Tiffany BAETENS, Cheffe de projet Innovation, Global Vision (France)<\/li>\n<li>Caroline DUC, Assistant Professor, IMT Lille Douai<\/li>\n<li>Maud VIALLON, Research associate, CHU de Qu\u00e9bec-Universit\u00e9 Laval<\/li>\n<li>Martha BAYDOUN, Project Manager Coordinator, ALIRI (France)<\/li>\n<li>Mathieu DANOY, Researcher, Chugai Pharmaceutical Co Ltd (Japon)<\/li>\n<li>S\u00e9bastien LAMANT, Research Engineer , Zymoptiq (IEMN Start up)<\/li>\n<li>Florent FOUCHE,\u00a0 Research Engineer , Stilla Technologies (France)<\/li>\n<li>Alfred DIBAO DINA, Technical Advisor, NAMSA (Germany)<\/li>\n<li>Christophe VIRGILIO, Product manager, AVANTIX \u00a0(France)<\/li>\n<li>Yovan ORLIC, Innovative System Designer, HUMMINK (France)<\/li>\n<li>Ievgen KURYLIO<\/li>\n<li>Majid\u00a0 LAYACHI, Post-Doctoral position, ULB (Belgique)<\/li>\n<li>Mohamed BOUTGHATIN, Assistant Professor, Centrale Lille (France)<\/li>\n<li>Dimitri HENNIQUAU<\/li>\n<li>Elise DELANNOY \u2013 Post-Doctoral position, CIIL \u2013 Institut Pasteur de Lille<\/li>\n<li>Quentin REZARD, Post-Doctoral position, USC Biomedical Microsystems Laboratory (US)<\/li>\n<li>Frederick de MIOLLIS<\/li>\n<li>Anne-Charlotte LENIERE \u2013 Post-Doctoral position, IEMN<\/li>\n<li>Abbas SALHAB<\/li>\n<li>Ruiwen HE, Assistant Professor, ESILV (France)<\/li>\n<li>Tarek MAYLAA, Post-Doctoral position, Universit\u00e9 de Reims Champagne-Ardenne<\/li>\n<li>Ziheng YANG, Artificial intelligence expert, NEXESS (France)<\/li>\n<li>Leonid PLINER, Post-Doctoral position, Phlam<\/li>\n<\/ul>\n<\/div><\/section>","protected":false},"excerpt":{"rendered":"","protected":false},"author":2,"featured_media":0,"parent":25695,"menu_order":5,"comment_status":"closed","ping_status":"closed","template":"","meta":{"footnotes":""},"class_list":["post-40078","page","type-page","status-publish","hentry"],"_links":{"self":[{"href":"https:\/\/www.iemn.fr\/en\/wp-json\/wp\/v2\/pages\/40078","targetHints":{"allow":["GET"]}}],"collection":[{"href":"https:\/\/www.iemn.fr\/en\/wp-json\/wp\/v2\/pages"}],"about":[{"href":"https:\/\/www.iemn.fr\/en\/wp-json\/wp\/v2\/types\/page"}],"author":[{"embeddable":true,"href":"https:\/\/www.iemn.fr\/en\/wp-json\/wp\/v2\/users\/2"}],"replies":[{"embeddable":true,"href":"https:\/\/www.iemn.fr\/en\/wp-json\/wp\/v2\/comments?post=40078"}],"version-history":[{"count":6,"href":"https:\/\/www.iemn.fr\/en\/wp-json\/wp\/v2\/pages\/40078\/revisions"}],"predecessor-version":[{"id":75416,"href":"https:\/\/www.iemn.fr\/en\/wp-json\/wp\/v2\/pages\/40078\/revisions\/75416"}],"up":[{"embeddable":true,"href":"https:\/\/www.iemn.fr\/en\/wp-json\/wp\/v2\/pages\/25695"}],"wp:attachment":[{"href":"https:\/\/www.iemn.fr\/en\/wp-json\/wp\/v2\/media?parent=40078"}],"curies":[{"name":"wp","href":"https:\/\/api.w.org\/{rel}","templated":true}]}}