{"id":34144,"date":"2019-02-14T15:48:53","date_gmt":"2019-02-14T13:48:53","guid":{"rendered":"https:\/\/www.iemn.fr\/?page_id=34144"},"modified":"2025-05-19T15:24:36","modified_gmt":"2025-05-19T13:24:36","slug":"l2","status":"publish","type":"page","link":"https:\/\/www.iemn.fr\/en\/les_plateformes\/cmnf\/l2","title":{"rendered":"Soft Lithography and Bio Microfluidics"},"content":{"rendered":"<div id='layer_slider_1'  class='avia-layerslider main_color avia-shadow  avia-builder-el-0  el_before_av_heading  avia-builder-el-first  container_wrap sidebar_right'  style='height: 261px;'  ><div id=\"layerslider_26_10pjl9nl24k80\" data-ls-slug=\"homepageslider\" class=\"ls-wp-container fitvidsignore ls-selectable\" style=\"width:1140px;height:260px;margin:0 auto;margin-bottom: 0px;\"><div class=\"ls-slide\" data-ls=\"duration:6000;transition2d:5;\"><img loading=\"lazy\" decoding=\"async\" width=\"2600\" height=\"270\" src=\"https:\/\/www.iemn.fr\/wp-content\/uploads\/2018\/06\/Slider_CMNF1.jpg\" class=\"ls-bg\" alt=\"\" srcset=\"https:\/\/www.iemn.fr\/wp-content\/uploads\/2018\/06\/Slider_CMNF1.jpg 2600w, https:\/\/www.iemn.fr\/wp-content\/uploads\/2018\/06\/Slider_CMNF1-300x31.jpg 300w, https:\/\/www.iemn.fr\/wp-content\/uploads\/2018\/06\/Slider_CMNF1-768x80.jpg 768w, https:\/\/www.iemn.fr\/wp-content\/uploads\/2018\/06\/Slider_CMNF1-1030x107.jpg 1030w, https:\/\/www.iemn.fr\/wp-content\/uploads\/2018\/06\/Slider_CMNF1-1500x156.jpg 1500w, https:\/\/www.iemn.fr\/wp-content\/uploads\/2018\/06\/Slider_CMNF1-705x73.jpg 705w\" sizes=\"auto, (max-width: 2600px) 100vw, 2600px\" \/><ls-layer style=\"font-size:14px;text-align:left;font-style:normal;text-decoration:none;text-transform:none;font-weight:700;letter-spacing:0px;background-position:0% 0%;background-repeat:no-repeat;mix-blend-mode:normal;top:231px;left:0px;height:30px;width:500px;line-height:32px;color:#ffffff;border-radius:6px 6px 6px 6px;padding-left:50px;background-color:rgba(0, 0, 0, 0.57);\" class=\"ls-l ls-ib-icon ls-text-layer\" data-ls=\"minfontsize:0;minmobilefontsize:0;\"><i class=\"fa fa-user-circle\" style=\"color:#f2f2f2;margin-right:0.8em;font-size:1em;transform:translateY( -0.125em );\"><\/i>PLATEFORME : CENTRALE DE MICRO NANO FABRICATION<\/ls-layer><\/div><div class=\"ls-slide\" data-ls=\"duration:4000;transition2d:5;\"><img loading=\"lazy\" decoding=\"async\" width=\"2600\" height=\"270\" src=\"https:\/\/www.iemn.fr\/wp-content\/uploads\/2018\/06\/Slider_CMNF2.jpg\" class=\"ls-bg\" alt=\"\" srcset=\"https:\/\/www.iemn.fr\/wp-content\/uploads\/2018\/06\/Slider_CMNF2.jpg 2600w, https:\/\/www.iemn.fr\/wp-content\/uploads\/2018\/06\/Slider_CMNF2-300x31.jpg 300w, https:\/\/www.iemn.fr\/wp-content\/uploads\/2018\/06\/Slider_CMNF2-768x80.jpg 768w, https:\/\/www.iemn.fr\/wp-content\/uploads\/2018\/06\/Slider_CMNF2-1030x107.jpg 1030w, https:\/\/www.iemn.fr\/wp-content\/uploads\/2018\/06\/Slider_CMNF2-1500x156.jpg 1500w, https:\/\/www.iemn.fr\/wp-content\/uploads\/2018\/06\/Slider_CMNF2-705x73.jpg 705w\" sizes=\"auto, (max-width: 2600px) 100vw, 2600px\" \/><ls-layer style=\"font-size:14px;text-align:left;font-style:normal;text-decoration:none;text-transform:none;font-weight:700;letter-spacing:0px;background-position:0% 0%;background-repeat:no-repeat;mix-blend-mode:normal;top:231px;left:0px;height:30px;width:500px;line-height:32px;color:#ffffff;border-radius:6px 6px 6px 6px;padding-left:50px;background-color:rgba(0, 0, 0, 0.57);\" class=\"ls-l ls-ib-icon ls-text-layer\" data-ls=\"minfontsize:0;minmobilefontsize:0;\"><i class=\"fa fa-user-circle\" style=\"color:#f2f2f2;margin-right:0.8em;font-size:1em;transform:translateY( -0.125em );\"><\/i>PLATEFORME : CENTRALE DE MICRO NANO FABRICATION<\/ls-layer><\/div><div class=\"ls-slide\" data-ls=\"duration:4000;transition2d:5;\"><img loading=\"lazy\" decoding=\"async\" width=\"2600\" height=\"270\" src=\"https:\/\/www.iemn.fr\/wp-content\/uploads\/2018\/06\/Slider_CMNF3-1.jpg\" class=\"ls-bg\" alt=\"\" srcset=\"https:\/\/www.iemn.fr\/wp-content\/uploads\/2018\/06\/Slider_CMNF3-1.jpg 2600w, https:\/\/www.iemn.fr\/wp-content\/uploads\/2018\/06\/Slider_CMNF3-1-300x31.jpg 300w, https:\/\/www.iemn.fr\/wp-content\/uploads\/2018\/06\/Slider_CMNF3-1-768x80.jpg 768w, https:\/\/www.iemn.fr\/wp-content\/uploads\/2018\/06\/Slider_CMNF3-1-1030x107.jpg 1030w, https:\/\/www.iemn.fr\/wp-content\/uploads\/2018\/06\/Slider_CMNF3-1-1500x156.jpg 1500w, https:\/\/www.iemn.fr\/wp-content\/uploads\/2018\/06\/Slider_CMNF3-1-705x73.jpg 705w\" sizes=\"auto, (max-width: 2600px) 100vw, 2600px\" \/><ls-layer style=\"font-size:14px;text-align:left;font-style:normal;text-decoration:none;text-transform:none;font-weight:700;letter-spacing:0px;background-position:0% 0%;background-repeat:no-repeat;mix-blend-mode:normal;top:231px;left:0px;height:30px;width:500px;line-height:32px;color:#ffffff;border-radius:6px 6px 6px 6px;padding-left:50px;background-color:rgba(0, 0, 0, 0.57);\" class=\"ls-l ls-ib-icon ls-text-layer\" data-ls=\"minfontsize:0;minmobilefontsize:0;\"><i class=\"fa fa-user-circle\" style=\"color:#f2f2f2;margin-right:0.8em;font-size:1em;transform:translateY( -0.125em );\"><\/i>PLATEFORME : CENTRALE DE MICRO NANO FABRICATION<\/ls-layer><\/div><div class=\"ls-slide\" data-ls=\"duration:4000;transition2d:5;\"><img loading=\"lazy\" decoding=\"async\" width=\"2600\" height=\"270\" src=\"https:\/\/www.iemn.fr\/wp-content\/uploads\/2018\/06\/Slider_CMNF4.jpg\" class=\"ls-bg\" alt=\"\" srcset=\"https:\/\/www.iemn.fr\/wp-content\/uploads\/2018\/06\/Slider_CMNF4.jpg 2600w, https:\/\/www.iemn.fr\/wp-content\/uploads\/2018\/06\/Slider_CMNF4-300x31.jpg 300w, https:\/\/www.iemn.fr\/wp-content\/uploads\/2018\/06\/Slider_CMNF4-768x80.jpg 768w, https:\/\/www.iemn.fr\/wp-content\/uploads\/2018\/06\/Slider_CMNF4-1030x107.jpg 1030w, https:\/\/www.iemn.fr\/wp-content\/uploads\/2018\/06\/Slider_CMNF4-1500x156.jpg 1500w, https:\/\/www.iemn.fr\/wp-content\/uploads\/2018\/06\/Slider_CMNF4-705x73.jpg 705w\" sizes=\"auto, (max-width: 2600px) 100vw, 2600px\" \/><ls-layer style=\"font-size:14px;text-align:left;font-style:normal;text-decoration:none;text-transform:none;font-weight:700;letter-spacing:0px;background-position:0% 0%;background-repeat:no-repeat;mix-blend-mode:normal;top:231px;left:0px;height:30px;width:500px;line-height:32px;color:#ffffff;border-radius:6px 6px 6px 6px;padding-left:50px;background-color:rgba(0, 0, 0, 0.57);\" class=\"ls-l ls-ib-icon ls-text-layer\" data-ls=\"minfontsize:0;minmobilefontsize:0;\"><i class=\"fa fa-user-circle\" style=\"color:#f2f2f2;margin-right:0.8em;font-size:1em;transform:translateY( -0.125em );\"><\/i>PLATEFORME : CENTRALE DE MICRO NANO FABRICATION<\/ls-layer><\/div><\/div><\/div><div id='after_layer_slider_1'  class='main_color av_default_container_wrap container_wrap sidebar_right'  ><div class='container av-section-cont-open' ><div class='template-page content  av-content-small alpha units'><div class='post-entry post-entry-type-page post-entry-34144'><div class='entry-content-wrapper clearfix'>\n\n<style type=\"text\/css\" data-created_by=\"avia_inline_auto\" id=\"style-css-av-l1c5kgod-ce825969f18237793407565908653128\">\n#top .av-special-heading.av-l1c5kgod-ce825969f18237793407565908653128{\npadding-bottom:10px;\n}\nbody .av-special-heading.av-l1c5kgod-ce825969f18237793407565908653128 .av-special-heading-tag .heading-char{\nfont-size:25px;\n}\n.av-special-heading.av-l1c5kgod-ce825969f18237793407565908653128 .av-subheading{\nfont-size:15px;\n}\n<\/style>\n<div  class='av-special-heading av-l1c5kgod-ce825969f18237793407565908653128 av-special-heading-h1  avia-builder-el-1  el_after_av_layerslider  el_before_av_one_fourth  avia-builder-el-first'><h1 class='av-special-heading-tag'  itemprop=\"headline\"  >Soft Lithography and Bio Microfluidics<\/h1><div class=\"special-heading-border\"><div class=\"special-heading-inner-border\"><\/div><\/div><\/div>\n<div class='flex_column_table av-18e4gbk-4fcb63f7cd2ddea60c996d3b53308c3d sc-av_one_fourth av-equal-height-column-flextable'>\n<style type=\"text\/css\" data-created_by=\"avia_inline_auto\" id=\"style-css-av-18e4gbk-4fcb63f7cd2ddea60c996d3b53308c3d\">\n.flex_column.av-18e4gbk-4fcb63f7cd2ddea60c996d3b53308c3d{\nborder-radius:0px 0px 0px 0px;\npadding:0px 0px 0px 0px;\n}\n<\/style>\n<div  class='flex_column av-18e4gbk-4fcb63f7cd2ddea60c996d3b53308c3d av_one_fourth  avia-builder-el-2  el_after_av_heading  el_before_av_one_fifth  first flex_column_table_cell av-equal-height-column av-align-middle av-zero-column-padding'     ><section  class='av_textblock_section av-nuuigw-fc5c2426a90ed2bd16ec35a7839dbf21'   itemscope=\"itemscope\" itemtype=\"https:\/\/schema.org\/CreativeWork\" ><div class='avia_textblock'  itemprop=\"text\" ><blockquote>\n<p><strong>Contact:<\/strong><\/p>\n<p>Aude Sivery<br \/>\nTechnical manager of the division<br \/>\n03 20 19 79 79<br \/>\naude.sivery<img loading=\"lazy\" decoding=\"async\" class=\"align=absbottom wp-image-73335 size-full\" src=\"https:\/\/www.iemn.fr\/wp-content\/uploads\/2025\/05\/arobase6.png\" alt=\"\" width=\"16\" height=\"14\" srcset=\"https:\/\/www.iemn.fr\/wp-content\/uploads\/2025\/05\/arobase6.png 16w, https:\/\/www.iemn.fr\/wp-content\/uploads\/2025\/05\/arobase6-14x12.png 14w\" sizes=\"auto, (max-width: 16px) 100vw, 16px\" \/><span id=\"OBJ_PREFIX_DWT48_ZmEmailObjectHandler\" class=\"Object\" role=\"link\"><span id=\"OBJ_PREFIX_DWT57_ZmEmailObjectHandler\" class=\"Object-hover\" role=\"link\">univ-lille.fr<\/span><\/span><\/p>\n<p>J\u00e9r\u00f4me Follet<br \/>\nScientific manager of the division<br \/>\njerome.follet<img loading=\"lazy\" decoding=\"async\" class=\"align=absbottom wp-image-73335 size-full\" src=\"https:\/\/www.iemn.fr\/wp-content\/uploads\/2025\/05\/arobase6.png\" alt=\"\" width=\"16\" height=\"14\" srcset=\"https:\/\/www.iemn.fr\/wp-content\/uploads\/2025\/05\/arobase6.png 16w, https:\/\/www.iemn.fr\/wp-content\/uploads\/2025\/05\/arobase6-14x12.png 14w\" sizes=\"auto, (max-width: 16px) 100vw, 16px\" \/><span id=\"OBJ_PREFIX_DWT48_ZmEmailObjectHandler\" class=\"Object\" role=\"link\"><span id=\"OBJ_PREFIX_DWT57_ZmEmailObjectHandler\" class=\"Object-hover\" role=\"link\">univ-lille.fr<\/span><\/span><\/p>\n<\/blockquote>\n<\/div><\/section><\/div><div class='av-flex-placeholder'><\/div><div  class='flex_column av-1frns4g-0e650e83378416b44c69a2ac8c12c8a5 av_one_fifth  avia-builder-el-4  el_after_av_one_fourth  el_before_av_one_fifth  flex_column_table_cell av-equal-height-column av-align-middle avia-link-column av-column-link'    data-link-column-url=\"https:\/\/www.iemn.fr\/en\/les_plateformes\/cmnf\/l2\/soft-lithographie\"   ><a class=\"av-screen-reader-only\" href=\"https:\/\/www.iemn.fr\/en\/les_plateformes\/cmnf\/l2\/soft-lithographie\" >Link to: Soft-Lithographie<\/a><p>\n<style type=\"text\/css\" data-created_by=\"avia_inline_auto\" id=\"style-css-av-lxep2bkf-c078272c6562c3433e19c7152e9e036d\">\n.avia-image-container.av-lxep2bkf-c078272c6562c3433e19c7152e9e036d img.avia_image{\nbox-shadow:none;\n}\n.avia-image-container.av-lxep2bkf-c078272c6562c3433e19c7152e9e036d .av-image-caption-overlay-center{\ncolor:#ffffff;\n}\n<\/style>\n<div  class='avia-image-container av-lxep2bkf-c078272c6562c3433e19c7152e9e036d av-styling- avia-align-center  avia-builder-el-5  el_before_av_textblock  avia-builder-el-first'   itemprop=\"image\" itemscope=\"itemscope\" itemtype=\"https:\/\/schema.org\/ImageObject\" ><div class=\"avia-image-container-inner\"><div class=\"avia-image-overlay-wrap\"><img decoding=\"async\" fetchpriority=\"high\" class='wp-image-65908 avia-img-lazy-loading-not-65908 avia_image' src=\"https:\/\/www.iemn.fr\/wp-content\/uploads\/2024\/06\/montage_visuel_soft_litho-300x266.jpg\" alt='' title='montage_visuel_soft_litho'  height=\"266\" width=\"300\"  itemprop=\"thumbnailUrl\" srcset=\"https:\/\/www.iemn.fr\/wp-content\/uploads\/2024\/06\/montage_visuel_soft_litho-300x266.jpg 300w, https:\/\/www.iemn.fr\/wp-content\/uploads\/2024\/06\/montage_visuel_soft_litho-14x12.jpg 14w, https:\/\/www.iemn.fr\/wp-content\/uploads\/2024\/06\/montage_visuel_soft_litho.jpg 450w\" sizes=\"(max-width: 300px) 100vw, 300px\" \/><\/div><\/div><\/div><br \/>\n<section  class='av_textblock_section av-lxd5yyoj-188065004ca5087ca491b6a3444c8b6c'   itemscope=\"itemscope\" itemtype=\"https:\/\/schema.org\/CreativeWork\" ><div class='avia_textblock'  itemprop=\"text\" ><h6 style=\"text-align: center;\">Soft Lithography<\/h6>\n<\/div><\/section><\/p><\/div><\/p>\n<div class='av-flex-placeholder'><\/div><div  class='flex_column av-1174w68-869a0fa7ad54aa3eb1935006e493ba45 av_one_fifth  avia-builder-el-7  el_after_av_one_fifth  el_before_av_one_fourth  flex_column_table_cell av-equal-height-column av-align-middle avia-link-column av-column-link'    data-link-column-url=\"https:\/\/www.iemn.fr\/en\/les_plateformes\/cmnf\/l2\/biomicroflu\"   ><a class=\"av-screen-reader-only\" href=\"https:\/\/www.iemn.fr\/en\/les_plateformes\/cmnf\/l2\/biomicroflu\" >Link to: BioMicroFluidique<\/a><p>\n<style type=\"text\/css\" data-created_by=\"avia_inline_auto\" id=\"style-css-av-lxen6rmu-836c1595ad5753204415ab40b45d14e5\">\n.avia-image-container.av-lxen6rmu-836c1595ad5753204415ab40b45d14e5 img.avia_image{\nbox-shadow:none;\n}\n.avia-image-container.av-lxen6rmu-836c1595ad5753204415ab40b45d14e5 .av-image-caption-overlay-center{\ncolor:#ffffff;\n}\n<\/style>\n<div  class='avia-image-container av-lxen6rmu-836c1595ad5753204415ab40b45d14e5 av-styling- avia-align-center  avia-builder-el-8  el_before_av_textblock  avia-builder-el-first'   itemprop=\"image\" itemscope=\"itemscope\" itemtype=\"https:\/\/schema.org\/ImageObject\" ><div class=\"avia-image-container-inner\"><div class=\"avia-image-overlay-wrap\"><img decoding=\"async\" fetchpriority=\"high\" class='wp-image-65909 avia-img-lazy-loading-not-65909 avia_image' src=\"https:\/\/www.iemn.fr\/wp-content\/uploads\/2024\/06\/PF-L2-450x312-1-300x208.png\" alt='' title='PF-L2-450x312'  height=\"208\" width=\"300\"  itemprop=\"thumbnailUrl\" srcset=\"https:\/\/www.iemn.fr\/wp-content\/uploads\/2024\/06\/PF-L2-450x312-1-300x208.png 300w, https:\/\/www.iemn.fr\/wp-content\/uploads\/2024\/06\/PF-L2-450x312-1-18x12.png 18w, https:\/\/www.iemn.fr\/wp-content\/uploads\/2024\/06\/PF-L2-450x312-1.png 450w\" sizes=\"(max-width: 300px) 100vw, 300px\" \/><\/div><\/div><\/div><br \/>\n<section  class='av_textblock_section av-lxd5zz0n-de01b6864c7f05a01f5d1972800d4eba'   itemscope=\"itemscope\" itemtype=\"https:\/\/schema.org\/CreativeWork\" ><div class='avia_textblock'  itemprop=\"text\" ><h6 style=\"text-align: center;\">Bio Micro Fluidics<\/h6>\n<\/div><\/section><\/p><\/div>\n<div class='av-flex-placeholder'><\/div>\n<style type=\"text\/css\" data-created_by=\"avia_inline_auto\" id=\"style-css-av-20ll1b9-71df578727bb90f2d1db91e09ff205b0\">\n.flex_column.av-20ll1b9-71df578727bb90f2d1db91e09ff205b0{\nborder-radius:0px 0px 0px 0px;\npadding:0px 0px 0px 0px;\n}\n<\/style>\n<div  class='flex_column av-20ll1b9-71df578727bb90f2d1db91e09ff205b0 av_one_fourth  avia-builder-el-10  el_after_av_one_fifth  el_before_av_hr  flex_column_table_cell av-equal-height-column av-align-middle av-zero-column-padding'     ><p><div  class='avia-video av-m7lw3f2f-0ad35dbac8bb97f84c89e81c1343d442 avia-video-16-9 av-no-preview-image avia-video-load-always avia-video-html5'  itemprop=\"video\" itemtype=\"https:\/\/schema.org\/VideoObject\"  data-original_url='https:\/\/www.iemn.fr\/wp-content\/uploads\/2025\/02\/9_images-1.mp4'><video class='avia_video'  autoplay playsinline loop preload=\"metadata\" muted controls id='player_34144_1719069316_154055060'><source src='https:\/\/www.iemn.fr\/wp-content\/uploads\/2025\/02\/9_images-1.mp4' type='video\/mp4' \/><\/video><\/div><br \/>\n<section  class='av_textblock_section av-m7lw8zp9-3f35f9691783b813e383441d866fa1b9'   itemscope=\"itemscope\" itemtype=\"https:\/\/schema.org\/CreativeWork\" ><div class='avia_textblock'  itemprop=\"text\" ><h6 style=\"text-align: center;\">Le laboratoire L2 en images&#8230;<\/h6>\n<\/div><\/section><\/p><\/div><\/div><!--close column table wrapper. Autoclose: 1 -->\n<div  class='hr av-b9tog-021716eac7c22c03c9d26ffcb652ed2e hr-default  avia-builder-el-13  el_after_av_one_fourth  el_before_av_one_full'><span class='hr-inner'><span class=\"hr-inner-style\"><\/span><\/span><\/div>\n\n<style type=\"text\/css\" data-created_by=\"avia_inline_auto\" id=\"style-css-av-js4pjpyf-7e9667744b2583cf20f800c1d5ac7cf0\">\n#top .flex_column.av-js4pjpyf-7e9667744b2583cf20f800c1d5ac7cf0{\nmargin-top:0px;\nmargin-bottom:0px;\n}\n.flex_column.av-js4pjpyf-7e9667744b2583cf20f800c1d5ac7cf0{\nborder-radius:0px 0px 0px 0px;\npadding:0px 0px 0px 0px;\n}\n.responsive #top #wrap_all .flex_column.av-js4pjpyf-7e9667744b2583cf20f800c1d5ac7cf0{\nmargin-top:0px;\nmargin-bottom:0px;\n}\n<\/style>\n<div  class='flex_column av-js4pjpyf-7e9667744b2583cf20f800c1d5ac7cf0 av_one_full  avia-builder-el-14  el_after_av_hr  el_before_av_hr  first no_margin flex_column_div av-zero-column-padding'     ><style type=\"text\/css\" data-created_by=\"avia_inline_auto\" id=\"style-css-av-js4pefr2-02d32e78b33bbc0a38f2184bb0d51652\">\n#top .av_textblock_section.av-js4pefr2-02d32e78b33bbc0a38f2184bb0d51652 .avia_textblock{\ntext-align:justify;\ncolumn-count:2;\ncolumn-gap:6%;\n}\n<\/style>\n<section  class='av_textblock_section av-js4pefr2-02d32e78b33bbc0a38f2184bb0d51652'   itemscope=\"itemscope\" itemtype=\"https:\/\/schema.org\/CreativeWork\" ><div class='avia_textblock av_multi_colums'  itemprop=\"text\" ><p class=\"moz-quote-pre\"><strong>Le p\u00f4le BioMicrofluidique et Soft Lithographie se compose de deux laboratoires de recherche.<\/strong><\/p>\n<p class=\"moz-quote-pre\"><strong><span style=\"color: #ff9900;\"><a style=\"color: #ff9900;\" href=\"https:\/\/www.iemn.fr\/en\/les_plateformes\/cmnf\/l2\/soft-lithographie\">\n<style type=\"text\/css\" data-created_by=\"avia_inline_auto\" id=\"style-css-av-mqde7m-4cc6768d8202d671afdda7016c691ed6\">\n.av_font_icon.av-mqde7m-4cc6768d8202d671afdda7016c691ed6{\ncolor:#ff9100;\nborder-color:#ff9100;\n}\n.av_font_icon.av-mqde7m-4cc6768d8202d671afdda7016c691ed6 .av-icon-char{\nfont-size:25px;\nline-height:25px;\n}\n<\/style>\n<span  class='av_font_icon av-mqde7m-4cc6768d8202d671afdda7016c691ed6 avia_animate_when_visible av-icon-style- avia-icon-pos-left avia-icon-animate'><span class='av-icon-char' aria-hidden='true' data-av_icon='\ue842' data-av_iconfont='entypo-fontello' ><\/span><\/span>Le premier laboratoire \u00ab Soft-Lithographie \u00bb<\/a> <\/span><\/strong>est un espace d\u00e9di\u00e9 \u00e0 la fabrication et la caract\u00e9risation de micro-dispositifs principalement en polym\u00e8re souple de type PDMS. Une fraiseuse \u00e0 commande num\u00e9rique permet l\u2019usinage de pi\u00e8ces en aluminium et plexiglas notamment, qui servent ensuite de moule pour les polym\u00e8res souples. Un ensemble d\u2019\u00e9quipements de lithographie douce permet la formulation de m\u00e9lange de polym\u00e8res jusqu\u2019\u00e0 la cr\u00e9ation du micro-dispositf final. Ces dispositifs fabriqu\u00e9s \u00e0 fa\u00e7on sont ensuite utilis\u00e9s dans le laboratoire de BioMicrofluidique pour aborder diff\u00e9rentes th\u00e9matiques de recherche telles que le cancer ou le diab\u00e8te notamment.<\/p>\n<p class=\"moz-quote-pre\"><strong><span style=\"color: #ff9900;\"><a style=\"color: #ff9900;\" href=\"https:\/\/www.iemn.fr\/en\/les_plateformes\/cmnf\/l2\/biomicroflu\">\n<style type=\"text\/css\" data-created_by=\"avia_inline_auto\" id=\"style-css-av-mqde7m-2-9ea6c2eb8a80acf0080eb44f46e4efcd\">\n.av_font_icon.av-mqde7m-2-9ea6c2eb8a80acf0080eb44f46e4efcd{\ncolor:#ff9100;\nborder-color:#ff9100;\n}\n.av_font_icon.av-mqde7m-2-9ea6c2eb8a80acf0080eb44f46e4efcd .av-icon-char{\nfont-size:25px;\nline-height:25px;\n}\n<\/style>\n<span  class='av_font_icon av-mqde7m-2-9ea6c2eb8a80acf0080eb44f46e4efcd avia_animate_when_visible av-icon-style- avia-icon-pos-left avia-icon-animate'><span class='av-icon-char' aria-hidden='true' data-av_icon='\ue842' data-av_iconfont='entypo-fontello' ><\/span><\/span>Ce laboratoire \u00ab BioMicrofluidique \u00bb<\/a><\/span><\/strong> offre dans un m\u00eame espace un laboratoire de biologie L2 associ\u00e9 \u00e0 un ensemble d\u2019\u00e9quipements microfluidiques, ainsi que d\u2019un espace de microscopie. Dans ce laboratoire de biologie cellulaire, les \u00e9quipemens microfluidiques permettent la mise en perfusion de dispositifs microfluidiques et l\u2019espace de microscopie l\u2019imagerie des cellules \u00e0 l\u2019int\u00e9rieur de ces m\u00eames dispositifs pour une imagerie en tant r\u00e9elle de m\u00e9canismes biologiques. Aujourd\u2019hui de nombreuses th\u00e9matiques de recherche sont en forte demande de d\u00e9veloppement et d\u2019utilisation de laboratoires sur puce (lab-on-chip).<\/p>\n<p class=\"moz-quote-pre\"><strong>La microfluidique est devenue un \u00e9l\u00e9ment incontournable de la biologie et le p\u00f4le BioMicrofluidique et Soft Lithographie offre un environnement de travail complet permettant de r\u00e9pondre \u00e0 cette demande.<\/strong><\/p>\n<\/div><\/section><\/div>\n<div  class='hr av-1as1aww-9621f5ff4906a94250bf0484bb240037 hr-default  avia-builder-el-18  el_after_av_one_full  el_before_av_one_half'><span class='hr-inner'><span class=\"hr-inner-style\"><\/span><\/span><\/div>\n<div  class='flex_column av-1ucf4w-40c5e5c14c47da0e18e30d25246821ae av_one_half  avia-builder-el-19  el_after_av_hr  el_before_av_one_half  first flex_column_div'     ><section  class='av_textblock_section av-js4pefr2-5-7ba25b0ab1d090610d367dd281c71eff'   itemscope=\"itemscope\" itemtype=\"https:\/\/schema.org\/CreativeWork\" ><div class='avia_textblock'  itemprop=\"text\" ><blockquote>\n<p>\u00a0Examples of research themes:<\/p>\n<\/blockquote>\n<ul>\n<li><b>Blood vessel models on a chip<\/b><\/li>\n<li><b>Neurology<\/b><\/li>\n<li><b>Parasitology<\/b><\/li>\n<li><b>Diabetes<\/b><\/li>\n<li><b>Pharmacologie<\/b><\/li>\n<li><b>High Resolution Microscopy<\/b><\/li>\n<\/ul>\n<\/div><\/section><\/div>\n\n<style type=\"text\/css\" data-created_by=\"avia_inline_auto\" id=\"style-css-av-120ff4w-9c111607ba8816355578a7d630cfb834\">\n.flex_column.av-120ff4w-9c111607ba8816355578a7d630cfb834{\nborder-radius:0px 0px 0px 0px;\npadding:0px 0px 0px 0px;\n}\n<\/style>\n<div  class='flex_column av-120ff4w-9c111607ba8816355578a7d630cfb834 av_one_half  avia-builder-el-21  el_after_av_one_half  avia-builder-el-last  flex_column_div av-zero-column-padding'     ><section  class='av_textblock_section av-kynnls-8da2f22a4acc53d75a169624f32f9352'   itemscope=\"itemscope\" itemtype=\"https:\/\/schema.org\/CreativeWork\" ><div class='avia_textblock'  itemprop=\"text\" ><blockquote>\n<p><strong>Le p\u00f4le Soft Lithographie et BioMicrofluidique est ouvert \u00e0 des projets acad\u00e9miques internes et externes. Il est par ailleurs ouvert \u00e0 des projets industriels (collaboration ou prestation).<\/strong><br \/>\n<span style=\"color: #ff9900;\"><strong>\n<style type=\"text\/css\" data-created_by=\"avia_inline_auto\" id=\"style-css-av-mqde7m-1-d76793a8e670d68618c6d8f8eb027306\">\n.av_font_icon.av-mqde7m-1-d76793a8e670d68618c6d8f8eb027306{\ncolor:#ff9100;\nborder-color:#ff9100;\n}\n.av_font_icon.av-mqde7m-1-d76793a8e670d68618c6d8f8eb027306 .av-icon-char{\nfont-size:25px;\nline-height:25px;\n}\n<\/style>\n<span  class='av_font_icon av-mqde7m-1-d76793a8e670d68618c6d8f8eb027306 avia_animate_when_visible av-icon-style- avia-icon-pos-left avia-icon-animate'><span class='av-icon-char' aria-hidden='true' data-av_icon='\ue826' data-av_iconfont='entypo-fontello' ><\/span><\/span> <\/strong><\/span><a href=\"https:\/\/www.iemn.fr\/en\/les_plateformes\/prestations\/\" target=\"_blank\" rel=\"noopener\"><strong><span style=\"color: #ff9100;\">Les tarifs de ces prestations sont disponibles ici.<\/span><\/strong><\/a><\/p>\n<\/blockquote>\n<\/div><\/section><\/div>","protected":false},"excerpt":{"rendered":"","protected":false},"author":12,"featured_media":0,"parent":9351,"menu_order":25,"comment_status":"closed","ping_status":"closed","template":"","meta":{"footnotes":""},"class_list":["post-34144","page","type-page","status-publish","hentry"],"_links":{"self":[{"href":"https:\/\/www.iemn.fr\/en\/wp-json\/wp\/v2\/pages\/34144","targetHints":{"allow":["GET"]}}],"collection":[{"href":"https:\/\/www.iemn.fr\/en\/wp-json\/wp\/v2\/pages"}],"about":[{"href":"https:\/\/www.iemn.fr\/en\/wp-json\/wp\/v2\/types\/page"}],"author":[{"embeddable":true,"href":"https:\/\/www.iemn.fr\/en\/wp-json\/wp\/v2\/users\/12"}],"replies":[{"embeddable":true,"href":"https:\/\/www.iemn.fr\/en\/wp-json\/wp\/v2\/comments?post=34144"}],"version-history":[{"count":2,"href":"https:\/\/www.iemn.fr\/en\/wp-json\/wp\/v2\/pages\/34144\/revisions"}],"predecessor-version":[{"id":73605,"href":"https:\/\/www.iemn.fr\/en\/wp-json\/wp\/v2\/pages\/34144\/revisions\/73605"}],"up":[{"embeddable":true,"href":"https:\/\/www.iemn.fr\/en\/wp-json\/wp\/v2\/pages\/9351"}],"wp:attachment":[{"href":"https:\/\/www.iemn.fr\/en\/wp-json\/wp\/v2\/media?parent=34144"}],"curies":[{"name":"wp","href":"https:\/\/api.w.org\/{rel}","templated":true}]}}