{"id":31957,"date":"2019-01-31T10:47:11","date_gmt":"2019-01-31T08:47:11","guid":{"rendered":"https:\/\/www.iemn.fr\/?page_id=31957"},"modified":"2023-02-21T11:07:57","modified_gmt":"2023-02-21T09:07:57","slug":"emploi","status":"publish","type":"page","link":"https:\/\/www.iemn.fr\/en\/emploi","title":{"rendered":"Job offers"},"content":{"rendered":"<div id='layer_slider_1'  class='avia-layerslider main_color avia-shadow  avia-builder-el-0  el_before_av_one_full  avia-builder-el-first  container_wrap sidebar_right'  style='height: 261px;'  ><div id=\"layerslider_58_qw6fcyftqy7e\" data-ls-slug=\"homepageslider\" class=\"ls-wp-container fitvidsignore ls-selectable\" style=\"width:1140px;height:260px;margin:0 auto;margin-bottom: 0px;\"><div class=\"ls-slide\" data-ls=\"duration:6000;transition2d:5;\"><img loading=\"lazy\" decoding=\"async\" width=\"2600\" height=\"270\" src=\"https:\/\/www.iemn.fr\/wp-content\/uploads\/2019\/01\/sliders_news1.jpg\" class=\"ls-bg\" alt=\"\" srcset=\"https:\/\/www.iemn.fr\/wp-content\/uploads\/2019\/01\/sliders_news1.jpg 2600w, https:\/\/www.iemn.fr\/wp-content\/uploads\/2019\/01\/sliders_news1-300x31.jpg 300w, https:\/\/www.iemn.fr\/wp-content\/uploads\/2019\/01\/sliders_news1-768x80.jpg 768w, https:\/\/www.iemn.fr\/wp-content\/uploads\/2019\/01\/sliders_news1-1030x107.jpg 1030w, https:\/\/www.iemn.fr\/wp-content\/uploads\/2019\/01\/sliders_news1-1500x156.jpg 1500w, https:\/\/www.iemn.fr\/wp-content\/uploads\/2019\/01\/sliders_news1-705x73.jpg 705w\" sizes=\"auto, (max-width: 2600px) 100vw, 2600px\" \/><ls-layer style=\"font-size:14px;text-align:left;font-style:normal;text-decoration:none;text-transform:none;font-weight:700;letter-spacing:0px;border-style:solid;border-color:#000;background-position:0% 0%;background-repeat:no-repeat;width:180px;height:30px;left:0px;top:231px;line-height:32px;color:#ffffff;border-radius:6px 6px 6px 6px;padding-left:50px;background-color:rgba(0, 0, 0, 0.57);\" class=\"ls-l ls-ib-icon ls-text-layer\" data-ls=\"minfontsize:0;minmobilefontsize:0;\"><i class=\"fa fa-quote-right\" style=\"color:#ffffff;margin-right:0.8em;font-size:1em;transform:translateY( -0.125em );\"><\/i>ACTUALITES<\/ls-layer><\/div><\/div><\/div><div id='after_layer_slider_1'  class='main_color av_default_container_wrap container_wrap sidebar_right'  ><div class='container av-section-cont-open' ><div class='template-page content  av-content-small alpha units'><div class='post-entry post-entry-type-page post-entry-31957'><div class='entry-content-wrapper clearfix'>\n\n<style type=\"text\/css\" data-created_by=\"avia_inline_auto\" id=\"style-css-av-scyst1-9659065ba23f6e74aa92f0945d211104\">\n.flex_column.av-scyst1-9659065ba23f6e74aa92f0945d211104{\nborder-radius:0px 0px 0px 0px;\npadding:0px 0px 40px 0px;\n}\n<\/style>\n<div  class='flex_column av-scyst1-9659065ba23f6e74aa92f0945d211104 av_one_full  avia-builder-el-1  el_after_av_layerslider  el_before_av_blog  avia-builder-el-first  first flex_column_div'     ><section  class='av_textblock_section av-lee0uyxn-9ef74c6df7bd21d74e0c74017a382ae3'   itemscope=\"itemscope\" itemtype=\"https:\/\/schema.org\/CreativeWork\" ><div class='avia_textblock'  itemprop=\"text\" ><h1 style=\"text-align: center;\">Job offers<\/h1>\n<hr \/>\n<h1 style=\"text-align: center;\"><\/h1>\n<\/div><\/section><\/div><div  class='av-alb-blogposts template-blog  av-blog-meta-author-disabled av-blog-meta-comments-disabled av-blog-meta-category-disabled av-blog-meta-date-disabled'  itemscope=\"itemscope\" itemtype=\"https:\/\/schema.org\/Blog\" ><article class=\"post-entry post-entry-type-standard post-entry-72923 post-loop-1 post-parity-odd bloglist-excerpt with-slider post-72923 post type-post status-publish format-standard has-post-thumbnail hentry category-news-2 category-offres-d-emploi\"  itemscope=\"itemscope\" itemtype=\"https:\/\/schema.org\/BlogPosting\" ><div class=\"blog-meta\"><\/div><div class='entry-content-wrapper clearfix standard-content'><header class=\"entry-content-header\" aria-label=\"Post: Chef d&rsquo;exploitation maintenance des installations \u00e9lectriques courants fort ou faible\"><h2 class='post-title entry-title'  itemprop=\"headline\" ><a href=\"https:\/\/www.iemn.fr\/en\/offres-d-emploi\/chef-dexploitation-maintenance-des-installations-electriques-courants-fort-ou-faible-h-f-ai-bap-g-en-cdi.html\" rel=\"bookmark\" title=\"Permanent Link: Chef d&rsquo;exploitation maintenance des installations \u00e9lectriques courants fort ou faible\">Chef d&rsquo;exploitation maintenance des installations \u00e9lectriques courants fort ou faible<span class=\"post-format-icon minor-meta\"><\/span><\/a><\/h2><span class=\"post-meta-infos\"><\/span><\/header><div class=\"read-more-link\"><a href=\"https:\/\/www.iemn.fr\/en\/offres-d-emploi\/chef-dexploitation-maintenance-des-installations-electriques-courants-fort-ou-faible-h-f-ai-bap-g-en-cdi.html\" class=\"more-link\">Read more<span class=\"more-link-arrow\"><\/span><\/a><\/div><footer class=\"entry-footer\"><\/footer><div class='post_delimiter'><\/div><\/div><div class=\"post_author_timeline\"><\/div><span class='hidden'>\n\t\t\t\t<span class='av-structured-data'  itemprop=\"image\" itemscope=\"itemscope\" itemtype=\"https:\/\/schema.org\/ImageObject\" >\n\t\t\t\t\t\t<span itemprop='url'>https:\/\/www.iemn.fr\/wp-content\/uploads\/2024\/12\/offre_emploi.jpg<\/span>\n\t\t\t\t\t\t<span itemprop='height'>277<\/span>\n\t\t\t\t\t\t<span itemprop='width'>388<\/span>\n\t\t\t\t<\/span>\n\t\t\t\t<span class='av-structured-data'  itemprop=\"publisher\" itemtype=\"https:\/\/schema.org\/Organization\" itemscope=\"itemscope\" >\n\t\t\t\t\t\t<span itemprop='name'>editor<\/span>\n\t\t\t\t\t\t<span itemprop='logo' itemscope itemtype='https:\/\/schema.org\/ImageObject'>\n\t\t\t\t\t\t\t<span itemprop='url'>https:\/\/www.iemn.fr\/wp-content\/uploads\/logos\/logo_IEMN.png<\/span>\n\t\t\t\t\t\t<\/span>\n\t\t\t\t<\/span><span class='av-structured-data'  itemprop=\"author\" itemscope=\"itemscope\" itemtype=\"https:\/\/schema.org\/Person\" ><span itemprop='name'>editor<\/span><\/span><span class='av-structured-data'  itemprop=\"datePublished\" datetime=\"2025-02-26T12:28:24+02:00\" >2025-02-26 12:28:24<\/span><span class='av-structured-data'  itemprop=\"dateModified\" itemtype=\"https:\/\/schema.org\/dateModified\" >2025-02-26 12:53:47<\/span><span class='av-structured-data'  itemprop=\"mainEntityOfPage\" itemtype=\"https:\/\/schema.org\/mainEntityOfPage\" ><span itemprop='name'>Chef d&rsquo;exploitation maintenance des installations \u00e9lectriques courants fort ou faible<\/span><\/span><\/span><\/article><article class=\"post-entry post-entry-type-standard post-entry-68099 post-loop-2 post-parity-even bloglist-excerpt  post-68099 post type-post status-publish format-standard hentry category-offres-d-emploi\"  itemscope=\"itemscope\" itemtype=\"https:\/\/schema.org\/BlogPosting\" ><div class=\"blog-meta\"><\/div><div class='entry-content-wrapper clearfix standard-content'><header class=\"entry-content-header\" aria-label=\"Post: \u00ab\u00a0Ing\u00e9nieur d\u2019Etudes en techniques exp\u00e9rimentales &#8211; mesures et d\u00e9veloppement de techniques hyperfr\u00e9quence \/radiofr\u00e9quence\u00a0\u00bb\"><h2 class='post-title entry-title'  itemprop=\"headline\" ><a href=\"https:\/\/www.iemn.fr\/en\/offres-d-emploi\/ingenieur-detudes-en-lithographie-electronique-concours-externe-universite-de-lille-2.html\" rel=\"bookmark\" title=\"Permanent Link: \u00ab\u00a0Ing\u00e9nieur d\u2019Etudes en techniques exp\u00e9rimentales &#8211; mesures et d\u00e9veloppement de techniques hyperfr\u00e9quence \/radiofr\u00e9quence\u00a0\u00bb\">\u00ab\u00a0Ing\u00e9nieur d\u2019Etudes en techniques exp\u00e9rimentales \u2013 mesures et d\u00e9veloppement de techniques hyperfr\u00e9quence \/radiofr\u00e9quence\u00a0\u00bb<span class=\"post-format-icon minor-meta\"><\/span><\/a><\/h2><span class=\"post-meta-infos\"><\/span><\/header><div class=\"read-more-link\"><a href=\"https:\/\/www.iemn.fr\/en\/offres-d-emploi\/ingenieur-detudes-en-lithographie-electronique-concours-externe-universite-de-lille-2.html\" class=\"more-link\">Read more<span class=\"more-link-arrow\"><\/span><\/a><\/div><footer class=\"entry-footer\"><\/footer><div class='post_delimiter'><\/div><\/div><div class=\"post_author_timeline\"><\/div><span class='hidden'>\n\t\t\t\t<span class='av-structured-data'  itemprop=\"image\" itemscope=\"itemscope\" itemtype=\"https:\/\/schema.org\/ImageObject\" >\n\t\t\t\t\t\t<span itemprop='url'>https:\/\/www.iemn.fr\/wp-content\/uploads\/logos\/logo_IEMN.png<\/span>\n\t\t\t\t\t\t<span itemprop='height'>0<\/span>\n\t\t\t\t\t\t<span itemprop='width'>0<\/span>\n\t\t\t\t<\/span>\n\t\t\t\t<span class='av-structured-data'  itemprop=\"publisher\" itemtype=\"https:\/\/schema.org\/Organization\" itemscope=\"itemscope\" >\n\t\t\t\t\t\t<span itemprop='name'>editor<\/span>\n\t\t\t\t\t\t<span itemprop='logo' itemscope itemtype='https:\/\/schema.org\/ImageObject'>\n\t\t\t\t\t\t\t<span itemprop='url'>https:\/\/www.iemn.fr\/wp-content\/uploads\/logos\/logo_IEMN.png<\/span>\n\t\t\t\t\t\t<\/span>\n\t\t\t\t<\/span><span class='av-structured-data'  itemprop=\"author\" itemscope=\"itemscope\" itemtype=\"https:\/\/schema.org\/Person\" ><span itemprop='name'>editor<\/span><\/span><span class='av-structured-data'  itemprop=\"datePublished\" datetime=\"2024-07-10T11:18:32+02:00\" >2024-07-10 11:18:32<\/span><span class='av-structured-data'  itemprop=\"dateModified\" itemtype=\"https:\/\/schema.org\/dateModified\" >2024-07-10 11:22:15<\/span><span class='av-structured-data'  itemprop=\"mainEntityOfPage\" itemtype=\"https:\/\/schema.org\/mainEntityOfPage\" ><span itemprop='name'>\u00ab\u00a0Ing\u00e9nieur d\u2019Etudes en techniques exp\u00e9rimentales \u2013 mesures et d\u00e9veloppement de techniques hyperfr\u00e9quence \/radiofr\u00e9quence\u00a0\u00bb<\/span><\/span><\/span><\/article><article class=\"post-entry post-entry-type-standard post-entry-60251 post-loop-3 post-parity-odd bloglist-excerpt  post-60251 post type-post status-publish format-standard hentry category-actualites category-offres-d-emploi\"  itemscope=\"itemscope\" itemtype=\"https:\/\/schema.org\/BlogPosting\" ><div class=\"blog-meta\"><\/div><div class='entry-content-wrapper clearfix standard-content'><header class=\"entry-content-header\" aria-label=\"Post: PostDoc position opening on the following topic: Conception and fabrication of ultrafast mid-infrared photodetectors\"><h2 class='post-title entry-title'  itemprop=\"headline\" ><a href=\"https:\/\/www.iemn.fr\/en\/offres-d-emploi\/offre-demploi-cdd-chercheur-chercheur-pour-le-developpement-dune-nouvelle-generation-de-detecteurs-moyen-infrarouge-a-puits-quantiques-ultra-rapides-2-2.html\" rel=\"bookmark\" title=\"Permanent Link: PostDoc position opening on the following topic: Conception and fabrication of ultrafast mid-infrared photodetectors\">PostDoc position opening on the following topic: Conception and fabrication of ultrafast mid-infrared photodetectors<span class=\"post-format-icon minor-meta\"><\/span><\/a><\/h2><span class=\"post-meta-infos\"><\/span><\/header><div class=\"read-more-link\"><a href=\"https:\/\/www.iemn.fr\/en\/offres-d-emploi\/offre-demploi-cdd-chercheur-chercheur-pour-le-developpement-dune-nouvelle-generation-de-detecteurs-moyen-infrarouge-a-puits-quantiques-ultra-rapides-2-2.html\" class=\"more-link\">Read more<span class=\"more-link-arrow\"><\/span><\/a><\/div><footer class=\"entry-footer\"><\/footer><div class='post_delimiter'><\/div><\/div><div class=\"post_author_timeline\"><\/div><span class='hidden'>\n\t\t\t\t<span class='av-structured-data'  itemprop=\"image\" itemscope=\"itemscope\" itemtype=\"https:\/\/schema.org\/ImageObject\" >\n\t\t\t\t\t\t<span itemprop='url'>https:\/\/www.iemn.fr\/wp-content\/uploads\/logos\/logo_IEMN.png<\/span>\n\t\t\t\t\t\t<span itemprop='height'>0<\/span>\n\t\t\t\t\t\t<span itemprop='width'>0<\/span>\n\t\t\t\t<\/span>\n\t\t\t\t<span class='av-structured-data'  itemprop=\"publisher\" itemtype=\"https:\/\/schema.org\/Organization\" itemscope=\"itemscope\" >\n\t\t\t\t\t\t<span itemprop='name'>editor<\/span>\n\t\t\t\t\t\t<span itemprop='logo' itemscope itemtype='https:\/\/schema.org\/ImageObject'>\n\t\t\t\t\t\t\t<span itemprop='url'>https:\/\/www.iemn.fr\/wp-content\/uploads\/logos\/logo_IEMN.png<\/span>\n\t\t\t\t\t\t<\/span>\n\t\t\t\t<\/span><span class='av-structured-data'  itemprop=\"author\" itemscope=\"itemscope\" itemtype=\"https:\/\/schema.org\/Person\" ><span itemprop='name'>editor<\/span><\/span><span class='av-structured-data'  itemprop=\"datePublished\" datetime=\"2023-05-16T10:31:27+02:00\" >2023-05-16 10:31:27<\/span><span class='av-structured-data'  itemprop=\"dateModified\" itemtype=\"https:\/\/schema.org\/dateModified\" >2023-10-10 16:12:47<\/span><span class='av-structured-data'  itemprop=\"mainEntityOfPage\" itemtype=\"https:\/\/schema.org\/mainEntityOfPage\" ><span itemprop='name'>PostDoc position opening on the following topic: Conception and fabrication of ultrafast mid-infrared photodetectors<\/span><\/span><\/span><\/article><article class=\"post-entry post-entry-type-standard post-entry-52541 post-loop-4 post-parity-even bloglist-excerpt  post-52541 post type-post status-publish format-standard hentry category-actualites category-offres-d-emploi\"  itemscope=\"itemscope\" itemtype=\"https:\/\/schema.org\/BlogPosting\" ><div class=\"blog-meta\"><\/div><div class='entry-content-wrapper clearfix standard-content'><header class=\"entry-content-header\" aria-label=\"Post: Offre d&#8217;emploi : Ing\u00e9nieur-e en techniques exp\u00e9rimentales &#8211; mesure hyperfr\u00e9quence \/radiofr\u00e9quence\"><h2 class='post-title entry-title'  itemprop=\"headline\" ><a href=\"https:\/\/www.iemn.fr\/en\/offres-d-emploi\/52541.html\" rel=\"bookmark\" title=\"Permanent Link: Offre d&#8217;emploi : Ing\u00e9nieur-e en techniques exp\u00e9rimentales &#8211; mesure hyperfr\u00e9quence \/radiofr\u00e9quence\">Job offer: Experimental engineer - microwave\/radio frequency measurement<span class=\"post-format-icon minor-meta\"><\/span><\/a><\/h2><span class=\"post-meta-infos\"><\/span><\/header><div class=\"read-more-link\"><a href=\"https:\/\/www.iemn.fr\/en\/offres-d-emploi\/52541.html\" class=\"more-link\">Read more<span class=\"more-link-arrow\"><\/span><\/a><\/div><footer class=\"entry-footer\"><\/footer><div class='post_delimiter'><\/div><\/div><div class=\"post_author_timeline\"><\/div><span class='hidden'>\n\t\t\t\t<span class='av-structured-data'  itemprop=\"image\" itemscope=\"itemscope\" itemtype=\"https:\/\/schema.org\/ImageObject\" >\n\t\t\t\t\t\t<span itemprop='url'>https:\/\/www.iemn.fr\/wp-content\/uploads\/logos\/logo_IEMN.png<\/span>\n\t\t\t\t\t\t<span itemprop='height'>0<\/span>\n\t\t\t\t\t\t<span itemprop='width'>0<\/span>\n\t\t\t\t<\/span>\n\t\t\t\t<span class='av-structured-data'  itemprop=\"publisher\" itemtype=\"https:\/\/schema.org\/Organization\" itemscope=\"itemscope\" >\n\t\t\t\t\t\t<span itemprop='name'>editor<\/span>\n\t\t\t\t\t\t<span itemprop='logo' itemscope itemtype='https:\/\/schema.org\/ImageObject'>\n\t\t\t\t\t\t\t<span itemprop='url'>https:\/\/www.iemn.fr\/wp-content\/uploads\/logos\/logo_IEMN.png<\/span>\n\t\t\t\t\t\t<\/span>\n\t\t\t\t<\/span><span class='av-structured-data'  itemprop=\"author\" itemscope=\"itemscope\" itemtype=\"https:\/\/schema.org\/Person\" ><span itemprop='name'>editor<\/span><\/span><span class='av-structured-data'  itemprop=\"datePublished\" datetime=\"2022-05-11T16:15:24+02:00\" >2022-05-11 16:15:24<\/span><span class='av-structured-data'  itemprop=\"dateModified\" itemtype=\"https:\/\/schema.org\/dateModified\" >2022-08-23 08:29:09<\/span><span class='av-structured-data'  itemprop=\"mainEntityOfPage\" itemtype=\"https:\/\/schema.org\/mainEntityOfPage\" ><span itemprop='name'>Job offer: Experimental engineer - microwave\/radio frequency measurement<\/span><\/span><\/span><\/article><article class=\"post-entry post-entry-type-standard post-entry-50730 post-loop-5 post-parity-odd bloglist-excerpt  post-50730 post type-post status-publish format-standard hentry category-actualites category-offres-d-emploi\"  itemscope=\"itemscope\" itemtype=\"https:\/\/schema.org\/BlogPosting\" ><div class=\"blog-meta\"><\/div><div class='entry-content-wrapper clearfix standard-content'><header class=\"entry-content-header\" aria-label=\"Post: Campagne d&#8217;emplois des enseignants-chercheurs &#8211; M\u00e9canique des Fluides ou acousto-fluidique\"><h2 class='post-title entry-title'  itemprop=\"headline\" ><a href=\"https:\/\/www.iemn.fr\/en\/offres-d-emploi\/offre-demploi-ingenieur-de-recherche-pour-la-fabrication-de-dispositif-multielectrodes-mea-transparentes-pour-lanalyse-multimodale-de-reseaux-de-neurones-h-f-2.html\" rel=\"bookmark\" title=\"Permanent Link: Campagne d&#8217;emplois des enseignants-chercheurs &#8211; M\u00e9canique des Fluides ou acousto-fluidique\">Vacancies for teacher-researchers - Fluid Mechanics or Acousto-fluidics<span class=\"post-format-icon minor-meta\"><\/span><\/a><\/h2><span class=\"post-meta-infos\"><\/span><\/header><div class=\"read-more-link\"><a href=\"https:\/\/www.iemn.fr\/en\/offres-d-emploi\/offre-demploi-ingenieur-de-recherche-pour-la-fabrication-de-dispositif-multielectrodes-mea-transparentes-pour-lanalyse-multimodale-de-reseaux-de-neurones-h-f-2.html\" class=\"more-link\">Read more<span class=\"more-link-arrow\"><\/span><\/a><\/div><footer class=\"entry-footer\"><\/footer><div class='post_delimiter'><\/div><\/div><div class=\"post_author_timeline\"><\/div><span class='hidden'>\n\t\t\t\t<span class='av-structured-data'  itemprop=\"image\" itemscope=\"itemscope\" itemtype=\"https:\/\/schema.org\/ImageObject\" >\n\t\t\t\t\t\t<span itemprop='url'>https:\/\/www.iemn.fr\/wp-content\/uploads\/logos\/logo_IEMN.png<\/span>\n\t\t\t\t\t\t<span itemprop='height'>0<\/span>\n\t\t\t\t\t\t<span itemprop='width'>0<\/span>\n\t\t\t\t<\/span>\n\t\t\t\t<span class='av-structured-data'  itemprop=\"publisher\" itemtype=\"https:\/\/schema.org\/Organization\" itemscope=\"itemscope\" >\n\t\t\t\t\t\t<span itemprop='name'>editor<\/span>\n\t\t\t\t\t\t<span itemprop='logo' itemscope itemtype='https:\/\/schema.org\/ImageObject'>\n\t\t\t\t\t\t\t<span itemprop='url'>https:\/\/www.iemn.fr\/wp-content\/uploads\/logos\/logo_IEMN.png<\/span>\n\t\t\t\t\t\t<\/span>\n\t\t\t\t<\/span><span class='av-structured-data'  itemprop=\"author\" itemscope=\"itemscope\" itemtype=\"https:\/\/schema.org\/Person\" ><span itemprop='name'>editor<\/span><\/span><span class='av-structured-data'  itemprop=\"datePublished\" datetime=\"2022-01-28T09:22:52+02:00\" >2022-01-28 09:22:52<\/span><span class='av-structured-data'  itemprop=\"dateModified\" itemtype=\"https:\/\/schema.org\/dateModified\" >2022-03-01 12:10:02<\/span><span class='av-structured-data'  itemprop=\"mainEntityOfPage\" itemtype=\"https:\/\/schema.org\/mainEntityOfPage\" ><span itemprop='name'>Vacancies for teacher-researchers - Fluid Mechanics or Acousto-fluidics<\/span><\/span><\/span><\/article><article class=\"post-entry post-entry-type-standard post-entry-45262 post-loop-6 post-parity-even post-entry-last bloglist-excerpt  post-45262 post type-post status-publish format-standard hentry category-actualites category-offres-d-emploi\"  itemscope=\"itemscope\" itemtype=\"https:\/\/schema.org\/BlogPosting\" ><div class=\"blog-meta\"><\/div><div class='entry-content-wrapper clearfix standard-content'><header class=\"entry-content-header\" aria-label=\"Post: Offre d&#8217;emploi : Chercheur CDD en microsyst\u00e8mes souples (H\/F)\"><h2 class='post-title entry-title'  itemprop=\"headline\" ><a href=\"https:\/\/www.iemn.fr\/en\/offres-d-emploi\/offre-demploi-chercheur-cdd-en-microsystemes-souples-h-f.html\" rel=\"bookmark\" title=\"Permanent Link: Offre d&#8217;emploi : Chercheur CDD en microsyst\u00e8mes souples (H\/F)\">Job offer: Researcher in flexible microsystems (M\/F)<span class=\"post-format-icon minor-meta\"><\/span><\/a><\/h2><span class=\"post-meta-infos\"><\/span><\/header><div class=\"read-more-link\"><a href=\"https:\/\/www.iemn.fr\/en\/offres-d-emploi\/offre-demploi-chercheur-cdd-en-microsystemes-souples-h-f.html\" class=\"more-link\">Read more<span class=\"more-link-arrow\"><\/span><\/a><\/div><footer class=\"entry-footer\"><\/footer><div class='post_delimiter'><\/div><\/div><div class=\"post_author_timeline\"><\/div><span class='hidden'>\n\t\t\t\t<span class='av-structured-data'  itemprop=\"image\" itemscope=\"itemscope\" itemtype=\"https:\/\/schema.org\/ImageObject\" >\n\t\t\t\t\t\t<span itemprop='url'>https:\/\/www.iemn.fr\/wp-content\/uploads\/logos\/logo_IEMN.png<\/span>\n\t\t\t\t\t\t<span itemprop='height'>0<\/span>\n\t\t\t\t\t\t<span itemprop='width'>0<\/span>\n\t\t\t\t<\/span>\n\t\t\t\t<span class='av-structured-data'  itemprop=\"publisher\" itemtype=\"https:\/\/schema.org\/Organization\" itemscope=\"itemscope\" >\n\t\t\t\t\t\t<span itemprop='name'>editor<\/span>\n\t\t\t\t\t\t<span itemprop='logo' itemscope itemtype='https:\/\/schema.org\/ImageObject'>\n\t\t\t\t\t\t\t<span itemprop='url'>https:\/\/www.iemn.fr\/wp-content\/uploads\/logos\/logo_IEMN.png<\/span>\n\t\t\t\t\t\t<\/span>\n\t\t\t\t<\/span><span class='av-structured-data'  itemprop=\"author\" itemscope=\"itemscope\" itemtype=\"https:\/\/schema.org\/Person\" ><span itemprop='name'>editor<\/span><\/span><span class='av-structured-data'  itemprop=\"datePublished\" datetime=\"2021-04-29T14:46:14+02:00\" >2021-04-29 14:46:14<\/span><span class='av-structured-data'  itemprop=\"dateModified\" itemtype=\"https:\/\/schema.org\/dateModified\" >2021-06-03 08:39:51<\/span><span class='av-structured-data'  itemprop=\"mainEntityOfPage\" itemtype=\"https:\/\/schema.org\/mainEntityOfPage\" ><span itemprop='name'>Job offer: Researcher in flexible microsystems (M\/F)<\/span><\/span><\/span><\/article><div class='bloglist-excerpt'><\/div><\/div><\/p>","protected":false},"excerpt":{"rendered":"","protected":false},"author":2,"featured_media":0,"parent":0,"menu_order":0,"comment_status":"closed","ping_status":"closed","template":"","meta":{"footnotes":""},"class_list":["post-31957","page","type-page","status-publish","hentry"],"_links":{"self":[{"href":"https:\/\/www.iemn.fr\/en\/wp-json\/wp\/v2\/pages\/31957","targetHints":{"allow":["GET"]}}],"collection":[{"href":"https:\/\/www.iemn.fr\/en\/wp-json\/wp\/v2\/pages"}],"about":[{"href":"https:\/\/www.iemn.fr\/en\/wp-json\/wp\/v2\/types\/page"}],"author":[{"embeddable":true,"href":"https:\/\/www.iemn.fr\/en\/wp-json\/wp\/v2\/users\/2"}],"replies":[{"embeddable":true,"href":"https:\/\/www.iemn.fr\/en\/wp-json\/wp\/v2\/comments?post=31957"}],"version-history":[{"count":1,"href":"https:\/\/www.iemn.fr\/en\/wp-json\/wp\/v2\/pages\/31957\/revisions"}],"predecessor-version":[{"id":77164,"href":"https:\/\/www.iemn.fr\/en\/wp-json\/wp\/v2\/pages\/31957\/revisions\/77164"}],"wp:attachment":[{"href":"https:\/\/www.iemn.fr\/en\/wp-json\/wp\/v2\/media?parent=31957"}],"curies":[{"name":"wp","href":"https:\/\/api.w.org\/{rel}","templated":true}]}}