{"id":30450,"date":"2019-01-14T16:04:59","date_gmt":"2019-01-14T14:04:59","guid":{"rendered":"https:\/\/www.iemn.fr\/?page_id=30450"},"modified":"2019-01-22T12:23:54","modified_gmt":"2019-01-22T10:23:54","slug":"une","status":"publish","type":"page","link":"https:\/\/www.iemn.fr\/en\/une","title":{"rendered":"Eug\u00e8ne Constant, a great scientist, has just left us.\nThe work of Micha\u00ebl Baudoin and his team on the use of acoustic vortices published in the journal Nature Communication\nThe CorDial-S project, coordinated by Sabine Szunerits and in interaction with David Devos from Lille University Hospital, winner of the European Commission Emergency Funding Action to fight against the SARS-CoV-2 coronavirus\n\"Acoustic waves to slide liquids on a surface\": a device developed by researchers at IEMN, a project led by Micha\u00ebl Baudoin\nWe are talking about the IEMN, Guillaume Ducournau and Terahertz waves right now in the press!\nJoin us ...\nJob offer: OPEN PhD POSITION - Development of robotic on-wafer probing station based on piezo-driven linear and rotation positioning stages for high frequency nanoelectronics metrology\nJob posting: Postdoc in developing NEMS \/ MEMS hybrid microwave device\nJob offer: Assistant engineer in instrumentation and experimental techniques M \/ F\nSave the date ...\nThesis \u00c1ngel de Dios Gonzales Santos - Ultra-low power continuous-time digital signal processing circuits in 28nm FDSOI technology for audio applications\n3rd annual international workshop of the French IEEE Sensors Council Chapter, carried out in collaboration with the France IEEE Instrumentation &amp; Measurement Chapter - \u00c9cole Centrale de Lille\nJNTE - National ThermoElectricity Days 2020 edition - IEMN"},"content":{"rendered":"<div id='layer_slider_1'  class='avia-layerslider main_color avia-shadow  avia-builder-el-0  el_before_av_heading  avia-builder-el-first  container_wrap sidebar_right'  style='height: 261px;'  ><div id=\"layerslider_58_1amt34w5d1cpc\" data-ls-slug=\"homepageslider\" class=\"ls-wp-container fitvidsignore ls-selectable\" style=\"width:1140px;height:260px;margin:0 auto;margin-bottom: 0px;\"><div class=\"ls-slide\" data-ls=\"duration:6000;transition2d:5;\"><img loading=\"lazy\" decoding=\"async\" width=\"2600\" height=\"270\" src=\"https:\/\/www.iemn.fr\/wp-content\/uploads\/2019\/01\/sliders_news1.jpg\" class=\"ls-bg\" alt=\"\" srcset=\"https:\/\/www.iemn.fr\/wp-content\/uploads\/2019\/01\/sliders_news1.jpg 2600w, https:\/\/www.iemn.fr\/wp-content\/uploads\/2019\/01\/sliders_news1-300x31.jpg 300w, https:\/\/www.iemn.fr\/wp-content\/uploads\/2019\/01\/sliders_news1-768x80.jpg 768w, https:\/\/www.iemn.fr\/wp-content\/uploads\/2019\/01\/sliders_news1-1030x107.jpg 1030w, https:\/\/www.iemn.fr\/wp-content\/uploads\/2019\/01\/sliders_news1-1500x156.jpg 1500w, https:\/\/www.iemn.fr\/wp-content\/uploads\/2019\/01\/sliders_news1-705x73.jpg 705w\" sizes=\"auto, (max-width: 2600px) 100vw, 2600px\" \/><ls-layer style=\"font-size:14px;text-align:left;font-style:normal;text-decoration:none;text-transform:none;font-weight:700;letter-spacing:0px;border-style:solid;border-color:#000;background-position:0% 0%;background-repeat:no-repeat;width:180px;height:30px;left:0px;top:231px;line-height:32px;color:#ffffff;border-radius:6px 6px 6px 6px;padding-left:50px;background-color:rgba(0, 0, 0, 0.57);\" class=\"ls-l ls-ib-icon ls-text-layer\" data-ls=\"minfontsize:0;minmobilefontsize:0;\"><i class=\"fa fa-quote-right\" style=\"color:#ffffff;margin-right:0.8em;font-size:1em;transform:translateY( -0.125em );\"><\/i>ACTUALITES<\/ls-layer><\/div><\/div><\/div><div id='after_layer_slider_1'  class='main_color av_default_container_wrap container_wrap sidebar_right'  ><div class='container av-section-cont-open' ><div class='template-page content  av-content-small alpha units'><div class='post-entry post-entry-type-page post-entry-30450'><div class='entry-content-wrapper clearfix'>\n\n<style type=\"text\/css\" data-created_by=\"avia_inline_auto\" id=\"style-css-av-av_heading-49853ddf13e8419c322c90c72af77f7d\">\n#top .av-special-heading.av-av_heading-49853ddf13e8419c322c90c72af77f7d{\npadding-bottom:10px;\n}\nbody .av-special-heading.av-av_heading-49853ddf13e8419c322c90c72af77f7d .av-special-heading-tag .heading-char{\nfont-size:25px;\n}\n.av-special-heading.av-av_heading-49853ddf13e8419c322c90c72af77f7d .av-subheading{\nfont-size:15px;\n}\n<\/style>\n<div  class='av-special-heading av-av_heading-49853ddf13e8419c322c90c72af77f7d av-special-heading-h2  avia-builder-el-1  el_after_av_layerslider  el_before_av_blog  avia-builder-el-first'><h2 class='av-special-heading-tag'  itemprop=\"headline\"  >A la Une de l\u2019IEMN<\/h2><div class=\"special-heading-border\"><div class=\"special-heading-inner-border\"><\/div><\/div><\/div>\n<div  class='av-alb-blogposts template-blog  av-blog-meta-author-disabled av-blog-meta-comments-disabled av-blog-meta-category-disabled av-blog-meta-date-disabled'  itemscope=\"itemscope\" itemtype=\"https:\/\/schema.org\/Blog\" ><article class=\"post-entry post-entry-type-standard post-entry-77853 post-loop-1 post-parity-odd single-small with-slider post-77853 post type-post status-publish format-standard has-post-thumbnail hentry category-a-la-une category-accueil-etudiants\"  itemscope=\"itemscope\" itemtype=\"https:\/\/schema.org\/BlogPosting\" ><div class=\"blog-meta\"><a href='https:\/\/www.iemn.fr\/en\/a-la-une\/seminaire-martine-lienard-7_04_2026-seminaire-de-vulgarisation-scientifique.html' class='small-preview'  title=\"seminar2\"   itemprop=\"image\" itemscope=\"itemscope\" itemtype=\"https:\/\/schema.org\/ImageObject\" ><img decoding=\"async\" loading=\"lazy\" width=\"180\" height=\"180\" src=\"https:\/\/www.iemn.fr\/wp-content\/uploads\/2025\/05\/seminar2-1-180x180.jpg\" class=\"wp-image-73855 avia-img-lazy-loading-73855 attachment-square size-square wp-post-image\" alt=\"\" srcset=\"https:\/\/www.iemn.fr\/wp-content\/uploads\/2025\/05\/seminar2-1-180x180.jpg 180w, https:\/\/www.iemn.fr\/wp-content\/uploads\/2025\/05\/seminar2-1-80x80.jpg 80w, https:\/\/www.iemn.fr\/wp-content\/uploads\/2025\/05\/seminar2-1-36x36.jpg 36w\" sizes=\"auto, (max-width: 180px) 100vw, 180px\" \/><span class=\"iconfont\" aria-hidden='true' data-av_icon='\ue836' data-av_iconfont='entypo-fontello'><\/span><\/a><\/div><div class='entry-content-wrapper clearfix standard-content'><header class=\"entry-content-header\" aria-label=\"Post: S\u00e9minaire : Martine LIENARD 7_04_2026 &#8211; S\u00e9minaire de vulgarisation scientifique\"><h2 class='post-title entry-title'  itemprop=\"headline\" ><a href=\"https:\/\/www.iemn.fr\/en\/a-la-une\/seminaire-martine-lienard-7_04_2026-seminaire-de-vulgarisation-scientifique.html\" rel=\"bookmark\" title=\"Permanent Link: S\u00e9minaire : Martine LIENARD 7_04_2026 &#8211; S\u00e9minaire de vulgarisation scientifique\">S\u00e9minaire : Martine LIENARD 7_04_2026 &#8211; S\u00e9minaire de vulgarisation scientifique<span class=\"post-format-icon minor-meta\"><\/span><\/a><\/h2><span class=\"post-meta-infos\"><\/span><\/header><div class=\"entry-content\"  itemprop=\"text\" ><div class=\"read-more-link\"><a href=\"https:\/\/www.iemn.fr\/en\/a-la-une\/seminaire-martine-lienard-7_04_2026-seminaire-de-vulgarisation-scientifique.html\" class=\"more-link\">Read more<span class=\"more-link-arrow\"><\/span><\/a><\/div>\n<\/div><footer class=\"entry-footer\"><\/footer><div class='post_delimiter'><\/div><\/div><div class=\"post_author_timeline\"><\/div><span class='hidden'>\n\t\t\t\t<span class='av-structured-data'  itemprop=\"image\" itemscope=\"itemscope\" itemtype=\"https:\/\/schema.org\/ImageObject\" >\n\t\t\t\t\t\t<span itemprop='url'>https:\/\/www.iemn.fr\/wp-content\/uploads\/2025\/05\/seminar2-1.jpg<\/span>\n\t\t\t\t\t\t<span itemprop='height'>277<\/span>\n\t\t\t\t\t\t<span itemprop='width'>388<\/span>\n\t\t\t\t<\/span>\n\t\t\t\t<span class='av-structured-data'  itemprop=\"publisher\" itemtype=\"https:\/\/schema.org\/Organization\" itemscope=\"itemscope\" >\n\t\t\t\t\t\t<span itemprop='name'>editor<\/span>\n\t\t\t\t\t\t<span itemprop='logo' itemscope itemtype='https:\/\/schema.org\/ImageObject'>\n\t\t\t\t\t\t\t<span itemprop='url'>https:\/\/www.iemn.fr\/wp-content\/uploads\/logos\/logo_IEMN.png<\/span>\n\t\t\t\t\t\t<\/span>\n\t\t\t\t<\/span><span class='av-structured-data'  itemprop=\"author\" itemscope=\"itemscope\" itemtype=\"https:\/\/schema.org\/Person\" ><span itemprop='name'>editor<\/span><\/span><span class='av-structured-data'  itemprop=\"datePublished\" datetime=\"2026-04-03T14:40:17+02:00\" >2026-04-03 14:40:17<\/span><span class='av-structured-data'  itemprop=\"dateModified\" itemtype=\"https:\/\/schema.org\/dateModified\" >2026-04-03 14:45:40<\/span><span class='av-structured-data'  itemprop=\"mainEntityOfPage\" itemtype=\"https:\/\/schema.org\/mainEntityOfPage\" ><span itemprop='name'>S\u00e9minaire : Martine LIENARD 7_04_2026 &#8211; S\u00e9minaire de vulgarisation scientifique<\/span><\/span><\/span><\/article><article class=\"post-entry post-entry-type-standard post-entry-77831 post-loop-2 post-parity-even single-small with-slider post-77831 post type-post status-publish format-standard has-post-thumbnail hentry category-a-la-une category-actualites category-these\"  itemscope=\"itemscope\" itemtype=\"https:\/\/schema.org\/BlogPosting\" ><div class=\"blog-meta\"><a href='https:\/\/www.iemn.fr\/en\/a-la-une\/etude-de-lhetero-integration-sur-substrat-si-et-de-la-gestion-thermique-du-transistor-bipolaire-a-double-heterojonction-inp-pour-lamplification-de-puissance-en-gamme-sub-thz-2.html' class='small-preview'  title=\"vignette_hdr_3\"   itemprop=\"image\" itemscope=\"itemscope\" itemtype=\"https:\/\/schema.org\/ImageObject\" ><img decoding=\"async\" loading=\"lazy\" width=\"180\" height=\"180\" src=\"https:\/\/www.iemn.fr\/wp-content\/uploads\/2025\/07\/vignette_hdr_3-180x180.jpg\" class=\"wp-image-74666 avia-img-lazy-loading-74666 attachment-square size-square wp-post-image\" alt=\"\" srcset=\"https:\/\/www.iemn.fr\/wp-content\/uploads\/2025\/07\/vignette_hdr_3-180x180.jpg 180w, https:\/\/www.iemn.fr\/wp-content\/uploads\/2025\/07\/vignette_hdr_3-80x80.jpg 80w, https:\/\/www.iemn.fr\/wp-content\/uploads\/2025\/07\/vignette_hdr_3-36x36.jpg 36w\" sizes=\"auto, (max-width: 180px) 100vw, 180px\" \/><span class=\"iconfont\" aria-hidden='true' data-av_icon='\ue836' data-av_iconfont='entypo-fontello'><\/span><\/a><\/div><div class='entry-content-wrapper clearfix standard-content'><header class=\"entry-content-header\" aria-label=\"Post: Bilel Hafsi HDR 12 Mai 2026- Dispositifs \u00e9lectroniques organiques: Vers de nouvelles g\u00e9n\u00e9rations de plateformes de d\u00e9tection multiphysiques\u00a0\u00bb.\"><h2 class='post-title entry-title'  itemprop=\"headline\" ><a href=\"https:\/\/www.iemn.fr\/en\/a-la-une\/etude-de-lhetero-integration-sur-substrat-si-et-de-la-gestion-thermique-du-transistor-bipolaire-a-double-heterojonction-inp-pour-lamplification-de-puissance-en-gamme-sub-thz-2.html\" rel=\"bookmark\" title=\"Permanent Link: Bilel Hafsi HDR 12 Mai 2026- Dispositifs \u00e9lectroniques organiques: Vers de nouvelles g\u00e9n\u00e9rations de plateformes de d\u00e9tection multiphysiques\u00a0\u00bb.\">Bilel Hafsi HDR 12 Mai 2026- Dispositifs \u00e9lectroniques organiques: Vers de nouvelles g\u00e9n\u00e9rations de plateformes de d\u00e9tection multiphysiques\u00a0\u00bb.<span class=\"post-format-icon minor-meta\"><\/span><\/a><\/h2><span class=\"post-meta-infos\"><\/span><\/header><div class=\"entry-content\"  itemprop=\"text\" ><div class=\"read-more-link\"><a href=\"https:\/\/www.iemn.fr\/en\/a-la-une\/etude-de-lhetero-integration-sur-substrat-si-et-de-la-gestion-thermique-du-transistor-bipolaire-a-double-heterojonction-inp-pour-lamplification-de-puissance-en-gamme-sub-thz-2.html\" class=\"more-link\">Read more<span class=\"more-link-arrow\"><\/span><\/a><\/div>\n<\/div><footer class=\"entry-footer\"><\/footer><div class='post_delimiter'><\/div><\/div><div class=\"post_author_timeline\"><\/div><span class='hidden'>\n\t\t\t\t<span class='av-structured-data'  itemprop=\"image\" itemscope=\"itemscope\" itemtype=\"https:\/\/schema.org\/ImageObject\" >\n\t\t\t\t\t\t<span itemprop='url'>https:\/\/www.iemn.fr\/wp-content\/uploads\/2025\/07\/vignette_hdr_3.jpg<\/span>\n\t\t\t\t\t\t<span itemprop='height'>277<\/span>\n\t\t\t\t\t\t<span itemprop='width'>388<\/span>\n\t\t\t\t<\/span>\n\t\t\t\t<span class='av-structured-data'  itemprop=\"publisher\" itemtype=\"https:\/\/schema.org\/Organization\" itemscope=\"itemscope\" >\n\t\t\t\t\t\t<span itemprop='name'>editor<\/span>\n\t\t\t\t\t\t<span itemprop='logo' itemscope itemtype='https:\/\/schema.org\/ImageObject'>\n\t\t\t\t\t\t\t<span itemprop='url'>https:\/\/www.iemn.fr\/wp-content\/uploads\/logos\/logo_IEMN.png<\/span>\n\t\t\t\t\t\t<\/span>\n\t\t\t\t<\/span><span class='av-structured-data'  itemprop=\"author\" itemscope=\"itemscope\" itemtype=\"https:\/\/schema.org\/Person\" ><span itemprop='name'>editor<\/span><\/span><span class='av-structured-data'  itemprop=\"datePublished\" datetime=\"2026-04-02T14:51:22+02:00\" >2026-04-02 14:51:22<\/span><span class='av-structured-data'  itemprop=\"dateModified\" itemtype=\"https:\/\/schema.org\/dateModified\" >2026-04-03 11:18:28<\/span><span class='av-structured-data'  itemprop=\"mainEntityOfPage\" itemtype=\"https:\/\/schema.org\/mainEntityOfPage\" ><span itemprop='name'>Bilel Hafsi HDR 12 Mai 2026- Dispositifs \u00e9lectroniques organiques: Vers de nouvelles g\u00e9n\u00e9rations de plateformes de d\u00e9tection multiphysiques\u00a0\u00bb.<\/span><\/span><\/span><\/article><article class=\"post-entry post-entry-type-standard post-entry-77691 post-loop-3 post-parity-odd single-small with-slider post-77691 post type-post status-publish format-standard has-post-thumbnail hentry category-a-la-une category-actualites\"  itemscope=\"itemscope\" itemtype=\"https:\/\/schema.org\/BlogPosting\" ><div class=\"blog-meta\"><a href='https:\/\/www.iemn.fr\/en\/a-la-une\/nataliya-kalashnyk-selectionnee-pour-faire-partie-des-femmes-mises-a-lhonneur-par-la-faculte-des-sciences-et-technologies.html' class='small-preview'  title=\"vignette_expo\"   itemprop=\"image\" itemscope=\"itemscope\" itemtype=\"https:\/\/schema.org\/ImageObject\" ><img decoding=\"async\" loading=\"lazy\" width=\"180\" height=\"180\" src=\"https:\/\/www.iemn.fr\/wp-content\/uploads\/2026\/03\/vignette_expo-180x180.jpg\" class=\"wp-image-77696 avia-img-lazy-loading-77696 attachment-square size-square wp-post-image\" alt=\"\" srcset=\"https:\/\/www.iemn.fr\/wp-content\/uploads\/2026\/03\/vignette_expo-180x180.jpg 180w, https:\/\/www.iemn.fr\/wp-content\/uploads\/2026\/03\/vignette_expo-80x80.jpg 80w, https:\/\/www.iemn.fr\/wp-content\/uploads\/2026\/03\/vignette_expo-36x36.jpg 36w\" sizes=\"auto, (max-width: 180px) 100vw, 180px\" \/><span class=\"iconfont\" aria-hidden='true' data-av_icon='\ue836' data-av_iconfont='entypo-fontello'><\/span><\/a><\/div><div class='entry-content-wrapper clearfix standard-content'><header class=\"entry-content-header\" aria-label=\"Post: Nataliya KALASHNYK s\u00e9lectionn\u00e9e pour faire partie des femmes mises \u00e0 l\u2019honneur par la Facult\u00e9 des sciences et technologies\"><h2 class='post-title entry-title'  itemprop=\"headline\" ><a href=\"https:\/\/www.iemn.fr\/en\/a-la-une\/nataliya-kalashnyk-selectionnee-pour-faire-partie-des-femmes-mises-a-lhonneur-par-la-faculte-des-sciences-et-technologies.html\" rel=\"bookmark\" title=\"Permanent Link: Nataliya KALASHNYK s\u00e9lectionn\u00e9e pour faire partie des femmes mises \u00e0 l\u2019honneur par la Facult\u00e9 des sciences et technologies\">Nataliya KALASHNYK s\u00e9lectionn\u00e9e pour faire partie des femmes mises \u00e0 l\u2019honneur par la Facult\u00e9 des sciences et technologies<span class=\"post-format-icon minor-meta\"><\/span><\/a><\/h2><span class=\"post-meta-infos\"><\/span><\/header><div class=\"entry-content\"  itemprop=\"text\" ><div class=\"read-more-link\"><a href=\"https:\/\/www.iemn.fr\/en\/a-la-une\/nataliya-kalashnyk-selectionnee-pour-faire-partie-des-femmes-mises-a-lhonneur-par-la-faculte-des-sciences-et-technologies.html\" class=\"more-link\">Read more<span class=\"more-link-arrow\"><\/span><\/a><\/div>\n<\/div><footer class=\"entry-footer\"><\/footer><div class='post_delimiter'><\/div><\/div><div class=\"post_author_timeline\"><\/div><span class='hidden'>\n\t\t\t\t<span class='av-structured-data'  itemprop=\"image\" itemscope=\"itemscope\" itemtype=\"https:\/\/schema.org\/ImageObject\" >\n\t\t\t\t\t\t<span itemprop='url'>https:\/\/www.iemn.fr\/wp-content\/uploads\/2026\/03\/vignette_expo.jpg<\/span>\n\t\t\t\t\t\t<span itemprop='height'>277<\/span>\n\t\t\t\t\t\t<span itemprop='width'>388<\/span>\n\t\t\t\t<\/span>\n\t\t\t\t<span class='av-structured-data'  itemprop=\"publisher\" itemtype=\"https:\/\/schema.org\/Organization\" itemscope=\"itemscope\" >\n\t\t\t\t\t\t<span itemprop='name'>editor<\/span>\n\t\t\t\t\t\t<span itemprop='logo' itemscope itemtype='https:\/\/schema.org\/ImageObject'>\n\t\t\t\t\t\t\t<span itemprop='url'>https:\/\/www.iemn.fr\/wp-content\/uploads\/logos\/logo_IEMN.png<\/span>\n\t\t\t\t\t\t<\/span>\n\t\t\t\t<\/span><span class='av-structured-data'  itemprop=\"author\" itemscope=\"itemscope\" itemtype=\"https:\/\/schema.org\/Person\" ><span itemprop='name'>editor<\/span><\/span><span class='av-structured-data'  itemprop=\"datePublished\" datetime=\"2026-03-31T10:22:31+02:00\" >2026-03-31 10:22:31<\/span><span class='av-structured-data'  itemprop=\"dateModified\" itemtype=\"https:\/\/schema.org\/dateModified\" >2026-03-31 10:55:15<\/span><span class='av-structured-data'  itemprop=\"mainEntityOfPage\" itemtype=\"https:\/\/schema.org\/mainEntityOfPage\" ><span itemprop='name'>Nataliya KALASHNYK s\u00e9lectionn\u00e9e pour faire partie des femmes mises \u00e0 l\u2019honneur par la Facult\u00e9 des sciences et technologies<\/span><\/span><\/span><\/article><article class=\"post-entry post-entry-type-standard post-entry-77589 post-loop-4 post-parity-even post-entry-last single-small with-slider post-77589 post type-post status-publish format-standard has-post-thumbnail hentry category-a-la-une category-actualites category-these\"  itemscope=\"itemscope\" itemtype=\"https:\/\/schema.org\/BlogPosting\" ><div class=\"blog-meta\"><a href='https:\/\/www.iemn.fr\/en\/a-la-une\/etude-de-lhetero-integration-sur-substrat-si-et-de-la-gestion-thermique-du-transistor-bipolaire-a-double-heterojonction-inp-pour-lamplification-de-puissance-en-gamme-sub-thz.html' class='small-preview'  title=\"THESIS\"   itemprop=\"image\" itemscope=\"itemscope\" itemtype=\"https:\/\/schema.org\/ImageObject\" ><img decoding=\"async\" loading=\"lazy\" width=\"180\" height=\"180\" src=\"https:\/\/www.iemn.fr\/wp-content\/uploads\/2024\/10\/THESES-180x180.jpg\" class=\"wp-image-71083 avia-img-lazy-loading-71083 attachment-square size-square wp-post-image\" alt=\"\" srcset=\"https:\/\/www.iemn.fr\/wp-content\/uploads\/2024\/10\/THESES-180x180.jpg 180w, https:\/\/www.iemn.fr\/wp-content\/uploads\/2024\/10\/THESES-80x80.jpg 80w, https:\/\/www.iemn.fr\/wp-content\/uploads\/2024\/10\/THESES-36x36.jpg 36w\" sizes=\"auto, (max-width: 180px) 100vw, 180px\" \/><span class=\"iconfont\" aria-hidden='true' data-av_icon='\ue836' data-av_iconfont='entypo-fontello'><\/span><\/a><\/div><div class='entry-content-wrapper clearfix standard-content'><header class=\"entry-content-header\" aria-label=\"Post: Abdelmalek Zemour 24\/03\/2026 &#8211; \u00ab \u00c9tude de l\u2019h\u00e9t\u00e9ro-int\u00e9gration sur substrat Si et de la gestion thermique du transistor bipolaire \u00e0 double h\u00e9t\u00e9rojonction InP pour l\u2019amplification de puissance en gamme sub-THz \u00bb\"><h2 class='post-title entry-title'  itemprop=\"headline\" ><a href=\"https:\/\/www.iemn.fr\/en\/a-la-une\/etude-de-lhetero-integration-sur-substrat-si-et-de-la-gestion-thermique-du-transistor-bipolaire-a-double-heterojonction-inp-pour-lamplification-de-puissance-en-gamme-sub-thz.html\" rel=\"bookmark\" title=\"Permanent Link: Abdelmalek Zemour 24\/03\/2026 &#8211; \u00ab \u00c9tude de l\u2019h\u00e9t\u00e9ro-int\u00e9gration sur substrat Si et de la gestion thermique du transistor bipolaire \u00e0 double h\u00e9t\u00e9rojonction InP pour l\u2019amplification de puissance en gamme sub-THz \u00bb\">Abdelmalek Zemour 24\/03\/2026 &#8211; \u00ab \u00c9tude de l\u2019h\u00e9t\u00e9ro-int\u00e9gration sur substrat Si et de la gestion thermique du transistor bipolaire \u00e0 double h\u00e9t\u00e9rojonction InP pour l\u2019amplification de puissance en gamme sub-THz \u00bb<span class=\"post-format-icon minor-meta\"><\/span><\/a><\/h2><span class=\"post-meta-infos\"><\/span><\/header><div class=\"entry-content\"  itemprop=\"text\" ><div class=\"read-more-link\"><a href=\"https:\/\/www.iemn.fr\/en\/a-la-une\/etude-de-lhetero-integration-sur-substrat-si-et-de-la-gestion-thermique-du-transistor-bipolaire-a-double-heterojonction-inp-pour-lamplification-de-puissance-en-gamme-sub-thz.html\" class=\"more-link\">Read more<span class=\"more-link-arrow\"><\/span><\/a><\/div>\n<\/div><footer class=\"entry-footer\"><\/footer><div class='post_delimiter'><\/div><\/div><div class=\"post_author_timeline\"><\/div><span class='hidden'>\n\t\t\t\t<span class='av-structured-data'  itemprop=\"image\" itemscope=\"itemscope\" itemtype=\"https:\/\/schema.org\/ImageObject\" >\n\t\t\t\t\t\t<span itemprop='url'>https:\/\/www.iemn.fr\/wp-content\/uploads\/2024\/10\/THESES.jpg<\/span>\n\t\t\t\t\t\t<span itemprop='height'>277<\/span>\n\t\t\t\t\t\t<span itemprop='width'>547<\/span>\n\t\t\t\t<\/span>\n\t\t\t\t<span class='av-structured-data'  itemprop=\"publisher\" itemtype=\"https:\/\/schema.org\/Organization\" itemscope=\"itemscope\" >\n\t\t\t\t\t\t<span itemprop='name'>editor<\/span>\n\t\t\t\t\t\t<span itemprop='logo' itemscope itemtype='https:\/\/schema.org\/ImageObject'>\n\t\t\t\t\t\t\t<span itemprop='url'>https:\/\/www.iemn.fr\/wp-content\/uploads\/logos\/logo_IEMN.png<\/span>\n\t\t\t\t\t\t<\/span>\n\t\t\t\t<\/span><span class='av-structured-data'  itemprop=\"author\" itemscope=\"itemscope\" itemtype=\"https:\/\/schema.org\/Person\" ><span itemprop='name'>editor<\/span><\/span><span class='av-structured-data'  itemprop=\"datePublished\" datetime=\"2026-03-23T15:58:23+02:00\" >2026-03-23 15:58:23<\/span><span class='av-structured-data'  itemprop=\"dateModified\" itemtype=\"https:\/\/schema.org\/dateModified\" >2026-03-23 15:58:23<\/span><span class='av-structured-data'  itemprop=\"mainEntityOfPage\" itemtype=\"https:\/\/schema.org\/mainEntityOfPage\" ><span itemprop='name'>Abdelmalek Zemour 24\/03\/2026 &#8211; \u00ab \u00c9tude de l\u2019h\u00e9t\u00e9ro-int\u00e9gration sur substrat Si et de la gestion thermique du transistor bipolaire \u00e0 double h\u00e9t\u00e9rojonction InP pour l\u2019amplification de puissance en gamme sub-THz \u00bb<\/span><\/span><\/span><\/article><div class='single-small'><nav class='pagination'><span class='pagination-meta'>Page 1 of 29<\/span><span class='current'>1<\/span><a href='https:\/\/www.iemn.fr\/wp-json\/wp\/v2\/pages\/30450\/page\/2' class='inactive next_page' >2<\/a><a href='https:\/\/www.iemn.fr\/wp-json\/wp\/v2\/pages\/30450\/page\/3' class='inactive' >3<\/a><a href='https:\/\/www.iemn.fr\/wp-json\/wp\/v2\/pages\/30450\/page\/2'>'<\/a><a href='https:\/\/www.iemn.fr\/wp-json\/wp\/v2\/pages\/30450\/page\/29'>\"<\/a><\/nav>\n<\/div><\/div>","protected":false},"excerpt":{"rendered":"","protected":false},"author":2,"featured_media":0,"parent":0,"menu_order":0,"comment_status":"closed","ping_status":"closed","template":"","meta":{"footnotes":""},"class_list":["post-30450","page","type-page","status-publish","hentry"],"_links":{"self":[{"href":"https:\/\/www.iemn.fr\/en\/wp-json\/wp\/v2\/pages\/30450","targetHints":{"allow":["GET"]}}],"collection":[{"href":"https:\/\/www.iemn.fr\/en\/wp-json\/wp\/v2\/pages"}],"about":[{"href":"https:\/\/www.iemn.fr\/en\/wp-json\/wp\/v2\/types\/page"}],"author":[{"embeddable":true,"href":"https:\/\/www.iemn.fr\/en\/wp-json\/wp\/v2\/users\/2"}],"replies":[{"embeddable":true,"href":"https:\/\/www.iemn.fr\/en\/wp-json\/wp\/v2\/comments?post=30450"}],"version-history":[{"count":0,"href":"https:\/\/www.iemn.fr\/en\/wp-json\/wp\/v2\/pages\/30450\/revisions"}],"wp:attachment":[{"href":"https:\/\/www.iemn.fr\/en\/wp-json\/wp\/v2\/media?parent=30450"}],"curies":[{"name":"wp","href":"https:\/\/api.w.org\/{rel}","templated":true}]}}