{"id":29490,"date":"2018-04-25T09:58:15","date_gmt":"2018-04-25T07:58:15","guid":{"rendered":"https:\/\/www.iemn.fr\/?page_id=29490"},"modified":"2019-02-08T17:53:49","modified_gmt":"2019-02-08T15:53:49","slug":"funded-projects","status":"publish","type":"page","link":"https:\/\/www.iemn.fr\/en\/la-recherche\/les-groupes\/physique\/ephoni\/funded-projects","title":{"rendered":"Funded projects"},"content":{"rendered":"<div id='layer_slider_1'  class='avia-layerslider main_color avia-shadow  avia-builder-el-0  el_before_av_submenu  avia-builder-el-first  container_wrap sidebar_right'  style='height: 261px;'  ><div id=\"layerslider_52_18d9c3abdry39\" data-ls-slug=\"homepageslider\" class=\"ls-wp-container fitvidsignore ls-selectable\" style=\"width:1140px;height:260px;margin:0 auto;margin-bottom: 0px;\"><div class=\"ls-slide\" data-ls=\"duration:6000;transition2d:5;\"><img loading=\"lazy\" decoding=\"async\" width=\"2600\" height=\"270\" src=\"https:\/\/www.iemn.fr\/wp-content\/uploads\/2018\/11\/sliders_groupe_physique.jpg\" class=\"ls-bg\" alt=\"\" srcset=\"https:\/\/www.iemn.fr\/wp-content\/uploads\/2018\/11\/sliders_groupe_physique.jpg 2600w, https:\/\/www.iemn.fr\/wp-content\/uploads\/2018\/11\/sliders_groupe_physique-300x31.jpg 300w, https:\/\/www.iemn.fr\/wp-content\/uploads\/2018\/11\/sliders_groupe_physique-768x80.jpg 768w, https:\/\/www.iemn.fr\/wp-content\/uploads\/2018\/11\/sliders_groupe_physique-1030x107.jpg 1030w, https:\/\/www.iemn.fr\/wp-content\/uploads\/2018\/11\/sliders_groupe_physique-1500x156.jpg 1500w, https:\/\/www.iemn.fr\/wp-content\/uploads\/2018\/11\/sliders_groupe_physique-705x73.jpg 705w\" sizes=\"auto, (max-width: 2600px) 100vw, 2600px\" \/><ls-layer style=\"font-size:14px;text-align:left;font-style:normal;text-decoration:none;text-transform:none;font-weight:700;letter-spacing:0px;background-position:0% 0%;background-repeat:no-repeat;mix-blend-mode:normal;top:231px;left:0px;height:30px;width:350px;line-height:32px;color:#ffffff;border-radius:6px 6px 6px 6px;padding-left:50px;background-color:rgba(0, 0, 0, 0.57);\" class=\"ls-l ls-ib-icon ls-text-layer\" data-ls=\"minfontsize:0;minmobilefontsize:0;\"><i class=\"fa fa-user-circle\" style=\"color:#f2f2f2;margin-right:0.8em;font-size:1em;transform:translateY( -0.125em );\"><\/i>GROUPE DE RECHERCHE : PHYSIQUE<\/ls-layer><\/div><div class=\"ls-slide\" data-ls=\"duration:6000;transition2d:5;\"><img loading=\"lazy\" decoding=\"async\" width=\"2600\" height=\"270\" src=\"https:\/\/www.iemn.fr\/wp-content\/uploads\/2018\/12\/sliders_groupe_physique2.jpg\" class=\"ls-bg\" alt=\"\" srcset=\"https:\/\/www.iemn.fr\/wp-content\/uploads\/2018\/12\/sliders_groupe_physique2.jpg 2600w, https:\/\/www.iemn.fr\/wp-content\/uploads\/2018\/12\/sliders_groupe_physique2-300x31.jpg 300w, https:\/\/www.iemn.fr\/wp-content\/uploads\/2018\/12\/sliders_groupe_physique2-768x80.jpg 768w, https:\/\/www.iemn.fr\/wp-content\/uploads\/2018\/12\/sliders_groupe_physique2-1030x107.jpg 1030w, https:\/\/www.iemn.fr\/wp-content\/uploads\/2018\/12\/sliders_groupe_physique2-1500x156.jpg 1500w, https:\/\/www.iemn.fr\/wp-content\/uploads\/2018\/12\/sliders_groupe_physique2-705x73.jpg 705w\" sizes=\"auto, (max-width: 2600px) 100vw, 2600px\" \/><ls-layer style=\"font-size:14px;text-align:left;font-style:normal;text-decoration:none;text-transform:none;font-weight:700;letter-spacing:0px;background-position:0% 0%;background-repeat:no-repeat;mix-blend-mode:normal;top:231px;left:0px;height:30px;width:350px;line-height:32px;color:#ffffff;border-radius:6px 6px 6px 6px;padding-left:50px;background-color:rgba(0, 0, 0, 0.57);\" class=\"ls-l ls-ib-icon ls-text-layer\" data-ls=\"minfontsize:0;minmobilefontsize:0;\"><i class=\"fa fa-user-circle\" style=\"color:#f2f2f2;margin-right:0.8em;font-size:1em;transform:translateY( -0.125em );\"><\/i>GROUPE DE RECHERCHE : PHYSIQUE<\/ls-layer><\/div><\/div><\/div>\n\n<style type=\"text\/css\" data-created_by=\"avia_inline_auto\" id=\"style-css-av-jrkvu07q-ecc0b386e9c094401276d78e56fc75d3\">\n#top .av-special-heading.av-jrkvu07q-ecc0b386e9c094401276d78e56fc75d3{\npadding-bottom:10px;\n}\nbody .av-special-heading.av-jrkvu07q-ecc0b386e9c094401276d78e56fc75d3 .av-special-heading-tag .heading-char{\nfont-size:25px;\n}\n.av-special-heading.av-jrkvu07q-ecc0b386e9c094401276d78e56fc75d3 .av-subheading{\nfont-size:15px;\n}\n<\/style>\n<div  class='av-special-heading av-jrkvu07q-ecc0b386e9c094401276d78e56fc75d3 av-special-heading-h3'><h3 class='av-special-heading-tag'  itemprop=\"headline\"  >EPHONI  Funded projects<\/h3><div class=\"special-heading-border\"><div class=\"special-heading-inner-border\"><\/div><\/div><\/div>\n<section  class='av_textblock_section av-jo5sn737-feb967e99328c3bf118f9ce1659679cb'   itemscope=\"itemscope\" itemtype=\"https:\/\/schema.org\/CreativeWork\" ><div class='avia_textblock'  itemprop=\"text\" ><p>EPHONI has succeeded in four European calls which objectives are detailed below.<\/p>\n<\/div><\/section>\n<div  class='togglecontainer av-jpcpu0wk-210d6fcb71c1e5cbcd734a5c0339cfbf toggle_close_all' >\n<section class='av_toggle_section av-ppl3si-a92118a0cd0a1ce47ae462fb30159776'  itemscope=\"itemscope\" itemtype=\"https:\/\/schema.org\/CreativeWork\" ><div role=\"tablist\" class=\"single_toggle\" data-tags=\"{All} \"  ><p id='toggle-toggle-id-1' data-fake-id='#toggle-id-1' class='toggler  av-title-above'  itemprop=\"headline\"  role='tab' tabindex='0' aria-controls='toggle-id-1' data-slide-speed=\"200\" data-title=\"PHENOMEN : All-optical Phononic circuits enabled by Optomechanics\" data-title-open=\"\" data-aria_collapsed=\"Click to expand: PHENOMEN : All-optical Phononic circuits enabled by Optomechanics\" data-aria_expanded=\"Click to collapse: PHENOMEN : All-optical Phononic circuits enabled by Optomechanics\">PHENOMEN : All-optical Phononic circuits enabled by Optomechanics<span class=\"toggle_icon\"><span class=\"vert_icon\"><\/span><span class=\"hor_icon\"><\/span><\/span><\/p><div id='toggle-id-1' aria-labelledby='toggle-toggle-id-1' role='region' class='toggle_wrap  av-title-above'  ><div class='toggle_content invers-color'  itemprop=\"text\" ><p><a href=\"https:\/\/www.iemn.fr\/wp-content\/uploads\/2018\/12\/ephoni_projects_1_phenomen.png\"><img loading=\"lazy\" decoding=\"async\" class=\"size-full wp-image-29517 alignright\" src=\"https:\/\/www.iemn.fr\/wp-content\/uploads\/2018\/12\/ephoni_projects_1_phenomen.png\" alt=\"\" width=\"259\" height=\"98\" \/><\/a>(2016-2020)<\/p>\n<p>Funding : FET-OPEN H2020 program<\/p>\n<p>Consortium members : Institut Catal\u00e0 de Nanoci\u00e8ncia i Nanotecnologia (ICN2) Barcelona, Universitat Polit\u00e8cnica de Val\u00e8ncia (UPVLC); Consiglio Nazionale delle Ricerche (CNR) Pisa, Universit\u00e0 Politecnica delle Marche (UNIVPM), Ancona (It), VTT Teknologian Tutkimuskeskus (VTT), Finland, Universit\u00e9 des Sciences et Technologie de Lille (USTL) IEMN, Lille, Menapic (SAS), Lille<\/p>\n<p>Objectives : This project is at the intersection of photonics, RF signal processing and phononics, aiming to achieve an all-optical phononic circuit using coherent phonons as the state variable. The concept is based on cavity optomechanics (OM) to develop GHz- frequency in-chip phononic circuits for room temperature operation. The circuits will integrate OM-pumped phonon sources and detectors as well as phonon processing components (waveguides, splitters, memories, photonic RF signal processing) to process information with phonons outside the cavity. The project seeks to prove two concepts. One is the efficient generation of GHz to tens of GHz coherent phonons, coupling them efficiently into a waveguide, engineering their propagation with low losses and detecting them at room temperature. The other is the synchronisation of two or more self-sustained OM cavities, which relies on the integration of several phononic components. Phonon-based processing will enable on-chip synchronisation and transfer of information carried between optical channels by phonons, which could eventually serve as a future scalable platform for, e.g., practical information processing with phonons.<\/p>\n<p><a href=\"https:\/\/www.iemn.fr\/wp-content\/uploads\/2018\/12\/ephoni_projects_2_phenomen.png\"><img loading=\"lazy\" decoding=\"async\" class=\"size-full wp-image-29519 aligncenter\" src=\"https:\/\/www.iemn.fr\/wp-content\/uploads\/2018\/12\/ephoni_projects_2_phenomen.png\" alt=\"\" width=\"448\" height=\"278\" srcset=\"https:\/\/www.iemn.fr\/wp-content\/uploads\/2018\/12\/ephoni_projects_2_phenomen.png 448w, https:\/\/www.iemn.fr\/wp-content\/uploads\/2018\/12\/ephoni_projects_2_phenomen-300x186.png 300w\" sizes=\"auto, (max-width: 448px) 100vw, 448px\" \/><\/a><\/p>\n<\/div><\/div><\/div><\/section>\n<section class='av_toggle_section av-v5gpte-bd4fea44234c318478363451bc52bf80'  itemscope=\"itemscope\" itemtype=\"https:\/\/schema.org\/CreativeWork\" ><div role=\"tablist\" class=\"single_toggle\" data-tags=\"{All} \"  ><p id='toggle-toggle-id-2' data-fake-id='#toggle-id-2' class='toggler  av-title-above'  itemprop=\"headline\"  role='tab' tabindex='0' aria-controls='toggle-id-2' data-slide-speed=\"200\" data-title=\" PHOTOTEX : Photonic smart textile\" data-title-open=\"\" data-aria_collapsed=\"Click to expand:  PHOTOTEX : Photonic smart textile\" data-aria_expanded=\"Click to collapse:  PHOTOTEX : Photonic smart textile\"> PHOTOTEX : Photonic smart textile<span class=\"toggle_icon\"><span class=\"vert_icon\"><\/span><span class=\"hor_icon\"><\/span><\/span><\/p><div id='toggle-id-2' aria-labelledby='toggle-toggle-id-2' role='region' class='toggle_wrap  av-title-above'  ><div class='toggle_content invers-color'  itemprop=\"text\" ><p><a href=\"https:\/\/www.iemn.fr\/wp-content\/uploads\/2018\/12\/ephoni_projects_3_interreg.png\"><img loading=\"lazy\" decoding=\"async\" class=\"size-medium wp-image-29524 alignright\" src=\"https:\/\/www.iemn.fr\/wp-content\/uploads\/2018\/12\/ephoni_projects_3_interreg-300x130.png\" alt=\"\" width=\"300\" height=\"130\" srcset=\"https:\/\/www.iemn.fr\/wp-content\/uploads\/2018\/12\/ephoni_projects_3_interreg-300x130.png 300w, https:\/\/www.iemn.fr\/wp-content\/uploads\/2018\/12\/ephoni_projects_3_interreg.png 461w\" sizes=\"auto, (max-width: 300px) 100vw, 300px\" \/><\/a>(2018-2022)<\/p>\n<p>Funding : European Intereg France-Wallonie-Vlaanderen<\/p>\n<p>Consortium members : Materia Nova (MANO) Belgique; Universit\u00e9 de Mons (Be); Universit\u00e9 de Gand (UGENT), Be; Centre Europ\u00e9en du Textile innovant (CETI), Lille; UPTEX, Lille; Ecole Nationale Sup\u00e9rieure des Arts et Industries du Textiles (ENSAIT), Roubaix; Hautes Etudes Industrielles (HEI), Lille, Universit\u00e9 des Sciences et Technologie de Lille (USTL) IEMN, Lille.<\/p>\n<p>Objectives : The textile industry is a pillar of the regional economy of the Hauts-de-France region and Belgium. However, the sector has suffered a deep crisis related notably to the modernization of the productive apparatus and the competition of emerging countries. The objective of PHOTOTEX is to propose smart active textile materials (membrane, filament), able to adjust their reflectance in near and medium infrared (5-15 \u03bcm) according to the temperature or the humidity, thus allowing a better thermal regulation. The work will consist of studying the interaction of electromagnetic waves of a nanostructured photonic textile membrane \/ fiber in the MIR domain (5-15 \u03bcm), corresponding to the radiation of the human body.<\/p>\n<div id=\"attachment_29522\" style=\"width: 1098px\" class=\"wp-caption aligncenter\"><a href=\"https:\/\/www.iemn.fr\/wp-content\/uploads\/2018\/12\/ephoni_projects_4_pheototex.png\"><img loading=\"lazy\" decoding=\"async\" aria-describedby=\"caption-attachment-29522\" class=\"wp-image-29522 size-full\" title=\"Figure : Control of the photonic radiations of the human body in the MIR.\" src=\"https:\/\/www.iemn.fr\/wp-content\/uploads\/2018\/12\/ephoni_projects_4_pheototex.png\" alt=\"Figure : Control of the photonic radiations of the human body in the MIR.\" width=\"1088\" height=\"488\" srcset=\"https:\/\/www.iemn.fr\/wp-content\/uploads\/2018\/12\/ephoni_projects_4_pheototex.png 1088w, https:\/\/www.iemn.fr\/wp-content\/uploads\/2018\/12\/ephoni_projects_4_pheototex-300x135.png 300w, https:\/\/www.iemn.fr\/wp-content\/uploads\/2018\/12\/ephoni_projects_4_pheototex-768x344.png 768w, https:\/\/www.iemn.fr\/wp-content\/uploads\/2018\/12\/ephoni_projects_4_pheototex-1030x462.png 1030w, https:\/\/www.iemn.fr\/wp-content\/uploads\/2018\/12\/ephoni_projects_4_pheototex-705x316.png 705w\" sizes=\"auto, (max-width: 1088px) 100vw, 1088px\" \/><\/a><p id=\"caption-attachment-29522\" class=\"wp-caption-text\">Figure : Control of the photonic radiations of the human body in the MIR.<\/p><\/div>\n<\/div><\/div><\/div><\/section>\n<section class='av_toggle_section av-w3ca4y-25819d64993fffb418b00bb88f2a9d40'  itemscope=\"itemscope\" itemtype=\"https:\/\/schema.org\/CreativeWork\" ><div role=\"tablist\" class=\"single_toggle\" data-tags=\"{All} \"  ><p id='toggle-toggle-id-3' data-fake-id='#toggle-id-3' class='toggler  av-title-above'  itemprop=\"headline\"  role='tab' tabindex='0' aria-controls='toggle-id-3' data-slide-speed=\"200\" data-title=\"TUBULAR BELL : Tubular Phononic Crystal for sensing\" data-title-open=\"\" data-aria_collapsed=\"Click to expand: TUBULAR BELL : Tubular Phononic Crystal for sensing\" data-aria_expanded=\"Click to collapse: TUBULAR BELL : Tubular Phononic Crystal for sensing\">TUBULAR BELL : Tubular Phononic Crystal for sensing<span class=\"toggle_icon\"><span class=\"vert_icon\"><\/span><span class=\"hor_icon\"><\/span><\/span><\/p><div id='toggle-id-3' aria-labelledby='toggle-toggle-id-3' role='region' class='toggle_wrap  av-title-above'  ><div class='toggle_content invers-color'  itemprop=\"text\" ><p><a href=\"https:\/\/www.iemn.fr\/wp-content\/uploads\/2018\/12\/ephoni_projects_5_tubular.png\"><img loading=\"lazy\" decoding=\"async\" class=\"size-full wp-image-29529 alignright\" src=\"https:\/\/www.iemn.fr\/wp-content\/uploads\/2018\/12\/ephoni_projects_5_tubular.png\" alt=\"\" width=\"262\" height=\"126\" srcset=\"https:\/\/www.iemn.fr\/wp-content\/uploads\/2018\/12\/ephoni_projects_5_tubular.png 262w, https:\/\/www.iemn.fr\/wp-content\/uploads\/2018\/12\/ephoni_projects_5_tubular-260x126.png 260w\" sizes=\"auto, (max-width: 262px) 100vw, 262px\" \/><\/a>(2018-2021)<\/p>\n<p>Funding : ANR International \/ DFG program<\/p>\n<p>Consortium members : Institut des nanosciences de Paris (INSP), University Magdeburg (Ge), University Bremen (Ge), Universit\u00e9 des Sciences et Technologie de Lille (USTL) IEMN, Lille.<\/p>\n<p>Objectives : In the context of phononic and acoustic metamaterial, the project aims at a new class of phononic crystals, Tubular Phononic Crystals (TPCs) and their application as Tubular Phononic Crystal Sensor, the Tubular Bell. The vision behind is a fundamentally new sensor concept for in-line monitoring of liquids in cylindrical structures like pipes (chemistry) or vessels (medicine). The physical challenge is formulation and physical description of phononic crystals created by radical change of phononic crystal geometry from 2D planar or 3D Cartesian with translational symmetry to 3D cylindrical with both translational and rotational symmetries. The engineering challenge is the ultimate change from chemical sensors determining properties at the interface to the analyte to a new class of sensors measuring volumetric properties of the analyte.<\/p>\n<div id=\"attachment_29527\" style=\"width: 430px\" class=\"wp-caption aligncenter\"><a href=\"https:\/\/www.iemn.fr\/wp-content\/uploads\/2018\/12\/ephoni_projects_6_tubular.png\"><img loading=\"lazy\" decoding=\"async\" aria-describedby=\"caption-attachment-29527\" class=\"wp-image-29527 size-full\" title=\"Figure : Example of Tubular Phononic Crystals\" src=\"https:\/\/www.iemn.fr\/wp-content\/uploads\/2018\/12\/ephoni_projects_6_tubular.png\" alt=\"Figure : Example of Tubular Phononic Crystals\" width=\"420\" height=\"335\" srcset=\"https:\/\/www.iemn.fr\/wp-content\/uploads\/2018\/12\/ephoni_projects_6_tubular.png 420w, https:\/\/www.iemn.fr\/wp-content\/uploads\/2018\/12\/ephoni_projects_6_tubular-300x239.png 300w\" sizes=\"auto, (max-width: 420px) 100vw, 420px\" \/><\/a><p id=\"caption-attachment-29527\" class=\"wp-caption-text\">Figure : Example of Tubular Phononic Crystals<\/p><\/div>\n<\/div><\/div><\/div><\/section>\n<section class='av_toggle_section av-m0calu-2797755d97a329d6218a7b6e98d94ef4'  itemscope=\"itemscope\" itemtype=\"https:\/\/schema.org\/CreativeWork\" ><div role=\"tablist\" class=\"single_toggle\" data-tags=\"{All} \"  ><p id='toggle-toggle-id-4' data-fake-id='#toggle-id-4' class='toggler  av-title-above'  itemprop=\"headline\"  role='tab' tabindex='0' aria-controls='toggle-id-4' data-slide-speed=\"200\" data-title=\"INSPIRE : Innovative Ground Interface Concepts for Structure Protection\" data-title-open=\"\" data-aria_collapsed=\"Click to expand: INSPIRE : Innovative Ground Interface Concepts for Structure Protection\" data-aria_expanded=\"Click to collapse: INSPIRE : Innovative Ground Interface Concepts for Structure Protection\">INSPIRE : Innovative Ground Interface Concepts for Structure Protection<span class=\"toggle_icon\"><span class=\"vert_icon\"><\/span><span class=\"hor_icon\"><\/span><\/span><\/p><div id='toggle-id-4' aria-labelledby='toggle-toggle-id-4' role='region' class='toggle_wrap  av-title-above'  ><div class='toggle_content invers-color'  itemprop=\"text\" ><p><a href=\"https:\/\/www.iemn.fr\/wp-content\/uploads\/2018\/12\/ephoni_projects_7_inspire.png\"><img loading=\"lazy\" decoding=\"async\" class=\"size-full wp-image-29532 alignright\" src=\"https:\/\/www.iemn.fr\/wp-content\/uploads\/2018\/12\/ephoni_projects_7_inspire.png\" alt=\"\" width=\"167\" height=\"149\" \/><\/a>(2019-2023)<\/p>\n<p>Funding : European Marie Sklodowska Curie ITN H2020 program<\/p>\n<p>Objectives : INSPIRE aims to foster a new generation of holistic and novel soil-foundation-structure concept for the efficient protection of structures from all ground induced hazards, including earthquakes and all other sources of low-frequency noise and vibration excitations. INSPIRE mainly relies on recent innovative scientific and technological concepts, mainly developed within the broad concept of acoustic meta-materials.<\/p>\n<p>Consortium members :<\/p>\n<p>Academic partners : University of Athens, University of Trento, Swiss Institute of Technology, CNRS, University of Lille, Technical University of Kaiserslautern, Univeristy of Bologna, University of Mons, RINAC consulting (It), FIP Industrial (It), ADT-OMEGA (Greece), Ingenieurgesellschaft (De), Group science (Greece),<\/p>\n<p>Non-academic partners : SNCF (Fr), Joint Research Center (It), TREVI (It), ADK (Greece), Isolgomma (It), Gantrex (Be), Baudyn GmbH (De).<\/p>\n<p><a href=\"https:\/\/www.iemn.fr\/wp-content\/uploads\/2018\/12\/ephoni_projects_8_inspire.png\"><img loading=\"lazy\" decoding=\"async\" class=\"wp-image-29534 size-full aligncenter\" src=\"https:\/\/www.iemn.fr\/wp-content\/uploads\/2018\/12\/ephoni_projects_8_inspire.png\" alt=\"\" width=\"856\" height=\"436\" srcset=\"https:\/\/www.iemn.fr\/wp-content\/uploads\/2018\/12\/ephoni_projects_8_inspire.png 856w, https:\/\/www.iemn.fr\/wp-content\/uploads\/2018\/12\/ephoni_projects_8_inspire-300x153.png 300w, https:\/\/www.iemn.fr\/wp-content\/uploads\/2018\/12\/ephoni_projects_8_inspire-768x391.png 768w, https:\/\/www.iemn.fr\/wp-content\/uploads\/2018\/12\/ephoni_projects_8_inspire-705x359.png 705w\" sizes=\"auto, (max-width: 856px) 100vw, 856px\" \/><\/a><\/p>\n<\/div><\/div><\/div><\/section>\n<\/div>\n<div  class='hr av-av_hr-23b3846cdd0fbd0e234720a594f6db24 hr-default'><span class='hr-inner'><span class=\"hr-inner-style\"><\/span><\/span><\/div>\n<div  class='avia-buttonrow-wrap av-jrkt33o4-eabd4c61ca4993f67a3a1602eb97cbc6 avia-buttonrow-left'>\n\n<style type=\"text\/css\" data-created_by=\"avia_inline_auto\" id=\"style-css-av-av_buttonrow_item-b03754985d19c1c78425e000ab6b58e3\">\n#top #wrap_all .avia-button.av-av_buttonrow_item-b03754985d19c1c78425e000ab6b58e3{\nmargin-bottom:3px;\nmargin-right:3px;\n}\n<\/style>\n<a href='https:\/\/www.iemn.fr\/en\/la-recherche\/les-groupes\/physique\/namaste'  class='avia-button av-av_buttonrow_item-b03754985d19c1c78425e000ab6b58e3 avia-icon_select-no avia-size-small avia-color-theme-color-subtle'   aria-label=\"NAMASTE\"><span class='avia_iconbox_title' >NAMASTE<\/span><\/a>\n\n<style type=\"text\/css\" data-created_by=\"avia_inline_auto\" id=\"style-css-av-14vnxsd-d998e922fcf9cefbda178e13cde5bd30\">\n#top #wrap_all .avia-button.av-14vnxsd-d998e922fcf9cefbda178e13cde5bd30{\nmargin-bottom:3px;\nmargin-right:3px;\n}\n<\/style>\n<a href=''  class='avia-button av-14vnxsd-d998e922fcf9cefbda178e13cde5bd30 avia-icon_select-no avia-size-small avia-color-theme-color-subtle'   aria-label=\"Electrostatics and Physics of Nanosructures\"><span class='avia_iconbox_title' >Electrostatics and Physics of Nanosructures<\/span><\/a>\n\n<style type=\"text\/css\" data-created_by=\"avia_inline_auto\" id=\"style-css-av-av_buttonrow_item-b6ad5ace616fbea8ccc625fc546bd04a\">\n#top #wrap_all .avia-button.av-av_buttonrow_item-b6ad5ace616fbea8ccc625fc546bd04a{\nmargin-bottom:3px;\nmargin-right:3px;\n}\n<\/style>\n<a href='https:\/\/www.iemn.fr\/en\/la-recherche\/les-groupes\/physique\/nanoacoustique'  class='avia-button av-av_buttonrow_item-b6ad5ace616fbea8ccc625fc546bd04a avia-icon_select-no avia-size-small avia-color-theme-color-subtle'   aria-label=\"Nanoacoustics\"><span class='avia_iconbox_title' >Nanoacoustics<\/span><\/a>\n\n<style type=\"text\/css\" data-created_by=\"avia_inline_auto\" id=\"style-css-av-av_buttonrow_item-8ffe3c30ac76ec4e88ac53d612ecd2a9\">\n#top #wrap_all .avia-button.av-av_buttonrow_item-8ffe3c30ac76ec4e88ac53d612ecd2a9{\nmargin-bottom:3px;\nmargin-right:3px;\n}\n<\/style>\n<a href='https:\/\/www.iemn.fr\/en\/la-recherche\/les-groupes\/physique\/nanostructures-quantum'  class='avia-button av-av_buttonrow_item-8ffe3c30ac76ec4e88ac53d612ecd2a9 avia-icon_select-no avia-size-small avia-color-theme-color-subtle'   aria-label=\"Physics of Nanostructures &amp; Devices\"><span class='avia_iconbox_title' >Physics of Nanostructures &amp; Devices<\/span><\/a>\n\n<style type=\"text\/css\" data-created_by=\"avia_inline_auto\" id=\"style-css-av-t60r65-42539c8f196a3159d6e14b20ff046b69\">\n#top #wrap_all .avia-button.av-t60r65-42539c8f196a3159d6e14b20ff046b69{\nmargin-bottom:3px;\nmargin-right:3px;\n}\n<\/style>\n<a href='https:\/\/www.iemn.fr\/en\/la-recherche\/les-groupes\/physique\/ephoni'  class='avia-button av-t60r65-42539c8f196a3159d6e14b20ff046b69 avia-icon_select-no avia-size-small avia-color-theme-color-subtle'   aria-label=\"EPHONI\"><span class='avia_iconbox_title' >EPHONI<\/span><\/a>\n<\/div>","protected":false},"excerpt":{"rendered":"","protected":false},"author":2,"featured_media":0,"parent":29440,"menu_order":20,"comment_status":"closed","ping_status":"closed","template":"","meta":{"footnotes":""},"class_list":["post-29490","page","type-page","status-publish","hentry"],"_links":{"self":[{"href":"https:\/\/www.iemn.fr\/en\/wp-json\/wp\/v2\/pages\/29490","targetHints":{"allow":["GET"]}}],"collection":[{"href":"https:\/\/www.iemn.fr\/en\/wp-json\/wp\/v2\/pages"}],"about":[{"href":"https:\/\/www.iemn.fr\/en\/wp-json\/wp\/v2\/types\/page"}],"author":[{"embeddable":true,"href":"https:\/\/www.iemn.fr\/en\/wp-json\/wp\/v2\/users\/2"}],"replies":[{"embeddable":true,"href":"https:\/\/www.iemn.fr\/en\/wp-json\/wp\/v2\/comments?post=29490"}],"version-history":[{"count":0,"href":"https:\/\/www.iemn.fr\/en\/wp-json\/wp\/v2\/pages\/29490\/revisions"}],"up":[{"embeddable":true,"href":"https:\/\/www.iemn.fr\/en\/wp-json\/wp\/v2\/pages\/29440"}],"wp:attachment":[{"href":"https:\/\/www.iemn.fr\/en\/wp-json\/wp\/v2\/media?parent=29490"}],"curies":[{"name":"wp","href":"https:\/\/api.w.org\/{rel}","templated":true}]}}