{"id":29288,"date":"2018-11-05T10:40:25","date_gmt":"2018-11-05T08:40:25","guid":{"rendered":"https:\/\/www.iemn.fr\/?page_id=29288"},"modified":"2025-05-16T11:20:48","modified_gmt":"2025-05-16T09:20:48","slug":"equipements","status":"publish","type":"page","link":"https:\/\/www.iemn.fr\/en\/la-recherche\/les-groupes\/groupe-nansee\/equipements","title":{"rendered":"Equipment"},"content":{"rendered":"<div id='layer_slider_1'  class='avia-layerslider main_color avia-shadow  avia-builder-el-0  el_before_av_submenu  avia-builder-el-first  container_wrap sidebar_right'  style='height: 261px;'  ><div id=\"layerslider_48_6h0asampf13w\" data-ls-slug=\"homepageslider\" class=\"ls-wp-container fitvidsignore ls-selectable\" style=\"width:1140px;height:260px;margin:0 auto;margin-bottom: 0px;\"><div class=\"ls-slide\" data-ls=\"bgposition:50% 50%;duration:6000;transition2d:5;\"><img loading=\"lazy\" decoding=\"async\" width=\"2600\" height=\"270\" src=\"https:\/\/www.iemn.fr\/wp-content\/uploads\/2019\/02\/bandeau_nanobiointerface_def_web10.jpg\" class=\"ls-bg\" alt=\"\" srcset=\"https:\/\/www.iemn.fr\/wp-content\/uploads\/2019\/02\/bandeau_nanobiointerface_def_web10.jpg 2600w, https:\/\/www.iemn.fr\/wp-content\/uploads\/2019\/02\/bandeau_nanobiointerface_def_web10-300x31.jpg 300w, https:\/\/www.iemn.fr\/wp-content\/uploads\/2019\/02\/bandeau_nanobiointerface_def_web10-768x80.jpg 768w, https:\/\/www.iemn.fr\/wp-content\/uploads\/2019\/02\/bandeau_nanobiointerface_def_web10-1030x107.jpg 1030w, https:\/\/www.iemn.fr\/wp-content\/uploads\/2019\/02\/bandeau_nanobiointerface_def_web10-1500x156.jpg 1500w, https:\/\/www.iemn.fr\/wp-content\/uploads\/2019\/02\/bandeau_nanobiointerface_def_web10-705x73.jpg 705w\" sizes=\"auto, (max-width: 2600px) 100vw, 2600px\" \/><ls-layer style=\"font-size:14px;font-weight:700;mix-blend-mode:normal;top:231px;left:0px;height:30px;width:420px;line-height:32px;color:#ffffff;border-radius:6px 6px 6px 6px;padding-left:50px;background-color:rgba(0, 0, 0, 0.57);\" class=\"ls-l ls-ib-icon ls-text-layer\" data-ls=\"minfontsize:0;minmobilefontsize:0;\"><i class=\"fa fa-user-circle\" style=\"color:#f2f2f2;margin-right:0.8em;font-size:1em;transform:translateY( -0.125em );\"><\/i>GROUPE DE RECHERCHE NANSEE<\/ls-layer><\/div><\/div><\/div>\n<div id='sub_menu1'  class='av-submenu-container av-jrqfadqy-ce2f2ab09b07c9cd48b0b2cdd423b7d9 footer_color  avia-builder-el-1  el_after_av_layerslider  el_before_av_heading  submenu-not-first container_wrap sidebar_right' style='z-index:301' ><div class='container av-menu-mobile-disabled av-submenu-pos-left'><ul id='av-custom-submenu-1' class='av-subnav-menu' role='menu'>\n<li class='menu-item av-2fhfcm2-9ce42289b9b57afd7eb293d08036ee03 menu-item-top-level menu-item-top-level-1' role='menuitem'><a href='https:\/\/www.iemn.fr\/en\/la-recherche\/les-groupes\/groupe-nansee'  ><span class='avia-bullet'><\/span><span class='avia-menu-text'>Introduction<\/span><\/a><\/li>\n<li class='menu-item av-11560ca-424d332f5168fa39f895d35a741d3445 menu-item-top-level menu-item-top-level-2' role='menuitem'><a href='https:\/\/www.iemn.fr\/en\/la-recherche\/les-groupes\/groupe-nansee\/membres'  ><span class='avia-bullet'><\/span><span class='avia-menu-text'>Members<\/span><\/a><\/li>\n<li class='menu-item av-npsfcm-a7e8271e56e80f0deb6fb6171b8da972 menu-item-top-level menu-item-top-level-3' role='menuitem'><a href='https:\/\/www.iemn.fr\/en\/la-recherche\/les-groupes\/groupe-nansee\/faits-marquants'  ><span class='avia-bullet'><\/span><span class='avia-menu-text'>Research Highlights<\/span><\/a><\/li>\n<li class='menu-item av-ooflp6-35c7a5ee4cdee9f65445b006763211f6 menu-item-top-level menu-item-top-level-4' role='menuitem'><a href='https:\/\/www.iemn.fr\/en\/la-recherche\/les-groupes\/groupe-nansee\/research-activity'  ><span class='avia-bullet'><\/span><span class='avia-menu-text'>Themes<\/span><\/a><\/li>\n<li class='menu-item av-26urey0-88736f14840fc12731643587400e13bb menu-item-top-level menu-item-top-level-5' role='menuitem'><a href='https:\/\/www.iemn.fr\/en\/la-recherche\/les-groupes\/groupe-nansee\/projets'  ><span class='avia-bullet'><\/span><span class='avia-menu-text'>Projects<\/span><\/a><\/li>\n<li class='menu-item av-1owhbzu-9626cf760c8ca77eea32db749fa7ab04 menu-item-top-level menu-item-top-level-6' role='menuitem'><a href='https:\/\/www.iemn.fr\/en\/la-recherche\/les-groupes\/groupe-nansee\/equipements'  ><span class='avia-bullet'><\/span><span class='avia-menu-text'>Equipment<\/span><\/a><\/li>\n<li class='menu-item av-pyte2w-ed5b0eb7e2cb9977a5698e62749c1e8e menu-item-top-level menu-item-top-level-7' role='menuitem'><a href='https:\/\/www.iemn.fr\/en\/la-recherche\/les-groupes'  ><span class='avia-bullet'><\/span><span class='avia-menu-text'>Other groups<\/span><\/a><\/li>\n<\/ul><\/div><\/div><div id='after_submenu_1'  class='main_color av_default_container_wrap container_wrap sidebar_right'  ><div class='container av-section-cont-open' ><div class='template-page content  av-content-small alpha units'><div class='post-entry post-entry-type-page post-entry-29288'><div class='entry-content-wrapper clearfix'>\n\n<style type=\"text\/css\" data-created_by=\"avia_inline_auto\" id=\"style-css-av-1qqv7qg-cf03eafbc441ca4b6474528dd8d22209\">\n#top .av-special-heading.av-1qqv7qg-cf03eafbc441ca4b6474528dd8d22209{\npadding-bottom:10px;\n}\nbody .av-special-heading.av-1qqv7qg-cf03eafbc441ca4b6474528dd8d22209 .av-special-heading-tag .heading-char{\nfont-size:25px;\n}\n.av-special-heading.av-1qqv7qg-cf03eafbc441ca4b6474528dd8d22209 .av-subheading{\nfont-size:15px;\n}\n<\/style>\n<div  class='av-special-heading av-1qqv7qg-cf03eafbc441ca4b6474528dd8d22209 av-special-heading-h2  avia-builder-el-2  el_after_av_submenu  el_before_av_one_full  avia-builder-el-first  av-linked-heading'><h2 class='av-special-heading-tag'  itemprop=\"headline\"  >Equipment<\/h2><div class=\"special-heading-border\"><div class=\"special-heading-inner-border\"><\/div><\/div><\/div>\n<div  class='flex_column av-qtruyw-df4f57e75c45d05814409c93217834cf av_one_full  avia-builder-el-3  el_after_av_heading  avia-builder-el-last  first flex_column_div'     ><style type=\"text\/css\" data-created_by=\"avia_inline_auto\" id=\"style-css-av-lyrc05mz-27b48654193dbf50ceb7a50ce3738451\">\n.iconbox.av-lyrc05mz-27b48654193dbf50ceb7a50ce3738451 .iconbox_icon{\nbackground-color:#edae44;\nborder:1px solid #b02b2c;\ncolor:#b02b2c;\n}\n.iconbox.av-lyrc05mz-27b48654193dbf50ceb7a50ce3738451 .iconbox_content_container{\nfont-size:17px;\n}\n<\/style>\n<article  class='iconbox iconbox_left_content av-lyrc05mz-27b48654193dbf50ceb7a50ce3738451  avia-builder-el-4  el_before_av_tab_container  avia-builder-el-first'  itemscope=\"itemscope\" itemtype=\"https:\/\/schema.org\/CreativeWork\" ><div class=\"iconbox_icon heading-color\" aria-hidden='true' data-av_icon='\ue855' data-av_iconfont='entypo-fontello'><\/div><div class=\"iconbox_content\"><header class=\"entry-content-header\" aria-label=\"Icon: \"><\/header><div class='iconbox_content_container'  itemprop=\"text\" ><p style=\"text-align: justify;\"><strong>For all requests for collaboration and\/or use of certain equipment<\/strong> : merci de contacter le responsable du groupe NANSEE<\/p>\n<p><span style=\"color: #f16728;\"><strong>\n<style type=\"text\/css\" data-created_by=\"avia_inline_auto\" id=\"style-css-av-mqde7m-1-ec2c04f41b7420486817f2e799a043b8\">\n.av_font_icon.av-mqde7m-1-ec2c04f41b7420486817f2e799a043b8{\ncolor:#f16728;\nborder-color:#f16728;\n}\n.av_font_icon.av-mqde7m-1-ec2c04f41b7420486817f2e799a043b8 .av-icon-char{\nfont-size:25px;\nline-height:25px;\n}\n<\/style>\n<span  class='av_font_icon av-mqde7m-1-ec2c04f41b7420486817f2e799a043b8 avia_animate_when_visible av-icon-style- avia-icon-pos-left avia-icon-animate'><span class='av-icon-char' aria-hidden='true' data-av_icon='\ue805' data-av_iconfont='entypo-fontello' ><\/span><\/span><\/strong><\/span>Contact : amar.abderrahmani <img loading=\"lazy\" decoding=\"async\" class=\"align=absbottom wp-image-73424\" src=\"https:\/\/www.iemn.fr\/wp-content\/uploads\/2035\/05\/arobase_noir.png\" alt=\"\" width=\"14\" height=\"14\" srcset=\"https:\/\/www.iemn.fr\/wp-content\/uploads\/2035\/05\/arobase_noir.png 24w, https:\/\/www.iemn.fr\/wp-content\/uploads\/2035\/05\/arobase_noir-12x12.png 12w\" sizes=\"auto, (max-width: 14px) 100vw, 14px\" \/> univ-lille.fr<\/p>\n<\/div><\/div><footer class=\"entry-footer\"><\/footer><\/article><br \/>\n<div  class='tabcontainer av-ly37fxp2-571dc9b3cf276b647916f21c0a5cdf3e top_tab  avia-builder-el-6  el_after_av_icon_box  avia-builder-el-last'>\n<section class='av_tab_section av_tab_section av-ly37bz0e-650c19be7758201660d3556f81d87b71'  itemscope=\"itemscope\" itemtype=\"https:\/\/schema.org\/CreativeWork\" ><div id='tab-id-1-tab' class='tab active_tab' role='tab' aria-selected=\"true\" tabindex=\"0\" data-fake-id='#tab-id-1' aria-controls='tab-id-1-content'  itemprop=\"headline\" >Laboratoires<\/div><div id='tab-id-1-content' class='tab_content active_tab_content' role='tabpanel' aria-labelledby='tab-id-1-tab' aria-hidden=\"false\"><div class='tab_inner_content invers-color'  itemprop=\"text\" ><p>The NANSEE group is located on the 1st floor of the IRI building on the CNRS Haute-Borne Campus and has several rooms and laboratories.<\/p>\n<div id=\"attachment_39968\" style=\"width: 375px\" class=\"wp-caption alignright\"><a href=\"https:\/\/www.iemn.fr\/wp-content\/uploads\/2020\/03\/nanobiointerfaces_equipements_n.jpg\"><img loading=\"lazy\" decoding=\"async\" aria-describedby=\"caption-attachment-39968\" class=\"wp-image-39968\" src=\"https:\/\/www.iemn.fr\/wp-content\/uploads\/2020\/03\/nanobiointerfaces_equipements_n.jpg\" alt=\"\" width=\"365\" height=\"203\" srcset=\"https:\/\/www.iemn.fr\/wp-content\/uploads\/2020\/03\/nanobiointerfaces_equipements_n.jpg 1380w, https:\/\/www.iemn.fr\/wp-content\/uploads\/2020\/03\/nanobiointerfaces_equipements_n-300x167.jpg 300w, https:\/\/www.iemn.fr\/wp-content\/uploads\/2020\/03\/nanobiointerfaces_equipements_n-1030x573.jpg 1030w, https:\/\/www.iemn.fr\/wp-content\/uploads\/2020\/03\/nanobiointerfaces_equipements_n-768x427.jpg 768w, https:\/\/www.iemn.fr\/wp-content\/uploads\/2020\/03\/nanobiointerfaces_equipements_n-705x392.jpg 705w\" sizes=\"auto, (max-width: 365px) 100vw, 365px\" \/><\/a><p id=\"caption-attachment-39968\" class=\"wp-caption-text\">IRI 1st floor - CNRS Haute-Borne Campus<\/p><\/div>\n<p><strong>Three chemistry laboratories:<\/strong><\/p>\n<ul>\n<li>laboratoire principal (pi\u00e8ce 122, <em>summary<\/em> organique et celle des mat\u00e9riaux)<\/li>\n<li>laboratoire de <em>characterisation <\/em>(pi\u00e8ce 123, analyse des mol\u00e9cules et des mat\u00e9riaux)<\/li>\n<li>laboratoire de <em>analytical chemistry<\/em> (pi\u00e8ce 125, <em>electrochemistry<\/em> et techniques d\u2019analyse compl\u00e9mentaires)<\/li>\n<\/ul>\n<p><strong>Three biology laboratories:<\/strong><\/p>\n<ul>\n<li>laboratoire de type BSL1 (pi\u00e8ce 113, <em>molecular biology<\/em>)<\/li>\n<li>laboratoire de type BSL2 (pi\u00e8ce 153, culture des <em>eukaryotic cells<\/em> humaines ou animales)<\/li>\n<li>laboratoire partag\u00e9 de type BSL2 (pi\u00e8ce 018, rez-de-chauss\u00e9e, <em>culture bact\u00e9rienne : <\/em><em>E. coli<\/em>,...)<\/li>\n<\/ul>\n<p><strong>Two laser rooms: <\/strong>pi\u00e8ce 108 (<em>laser irradiation<\/em> and <em>transdermal delivery<\/em> de principes actifs) et pi\u00e8ce 109 (<em>photoelectrochemistry<\/em> and <em>fluorescence microscopy<\/em>)<\/p>\n<p><strong>Three complementary rooms: <\/strong>salle de manipulation et\/ou stockage r\u00e9frig\u00e9r\u00e9e \u00e0 4 \u00b0C ; deux salles de stockage (produits chimiques et consommables)<\/p>\n<\/div><\/div><\/section>\n<section class='av_tab_section av_tab_section av-ly37cazj-4816a052b0d551b94b67ae0dc4873832'  itemscope=\"itemscope\" itemtype=\"https:\/\/schema.org\/CreativeWork\" ><div id='tab-id-2-tab' class='tab' role='tab' aria-selected=\"false\" tabindex=\"0\" data-fake-id='#tab-id-2' aria-controls='tab-id-2-content'  itemprop=\"headline\" >Analysis<\/div><div id='tab-id-2-content' class='tab_content' role='tabpanel' aria-labelledby='tab-id-2-tab' aria-hidden=\"true\"><div class='tab_inner_content invers-color'  itemprop=\"text\" ><ul>\n<li style=\"text-align: justify;\">Spectroscopie Ultraviolet-visible (UV-Vis UVmc2 \u2013 Safas)<a href=\"https:\/\/www.iemn.fr\/wp-content\/uploads\/2020\/04\/Equipement_2.png\"><img loading=\"lazy\" decoding=\"async\" class=\"alignright wp-image-39998\" src=\"https:\/\/www.iemn.fr\/wp-content\/uploads\/2020\/04\/Equipement_2.png\" alt=\"\" width=\"450\" height=\"280\" srcset=\"https:\/\/www.iemn.fr\/wp-content\/uploads\/2020\/04\/Equipement_2.png 1625w, https:\/\/www.iemn.fr\/wp-content\/uploads\/2020\/04\/Equipement_2-300x186.png 300w, https:\/\/www.iemn.fr\/wp-content\/uploads\/2020\/04\/Equipement_2-1030x640.png 1030w, https:\/\/www.iemn.fr\/wp-content\/uploads\/2020\/04\/Equipement_2-768x477.png 768w, https:\/\/www.iemn.fr\/wp-content\/uploads\/2020\/04\/Equipement_2-1536x955.png 1536w, https:\/\/www.iemn.fr\/wp-content\/uploads\/2020\/04\/Equipement_2-1500x932.png 1500w, https:\/\/www.iemn.fr\/wp-content\/uploads\/2020\/04\/Equipement_2-705x438.png 705w\" sizes=\"auto, (max-width: 450px) 100vw, 450px\" \/><\/a><\/li>\n<li style=\"text-align: justify;\">Spectroscopie Ultraviolet-visible-proche infrarouge (UV-Vis-NIR Lambda 950 \u2013 Perkin-Elmer)<\/li>\n<li style=\"text-align: justify;\">Spectroscopie infrarouge \u00e0 Transform\u00e9e de Fourier (FTIR Nicolet 8700 \u2013 Thermo Fisher Scientific)<\/li>\n<li style=\"text-align: justify;\">Spectroscopie IR de r\u00e9flexion-absorption \u00e0 modulation de phase (module PM-IRRAS)<\/li>\n<li style=\"text-align: justify;\">Fluorim\u00e8tre (Xenius \u2013 Safas)<\/li>\n<li style=\"text-align: justify;\">Diffusion dynamique de la lumi\u00e8re (DLS, Zetasizer Nano ZS et ZSP \u2013 Malvern Panalytical)<\/li>\n<li style=\"text-align: justify;\">Analyse thermogravim\u00e9trique (TG 209 F3 Tarsus\u00ae \u2013 Netzsch)<\/li>\n<li style=\"text-align: justify;\">Mesure de l\u2019angle de contact (Digidrop \u2013 GBX)<\/li>\n<li style=\"text-align: justify;\">Chromatographie liquide haute pression (LC-2010HT \u2013 Shimadzu)<\/li>\n<li style=\"text-align: justify;\">Chromatographie liquide \/ spectrom\u00e9trie de masse (LC 1260 Infinity II\/MSQ 6125 \u2013 Agilent)<\/li>\n<li style=\"text-align: justify;\">Chromatographie en phase gazeuse (GC Clarus 690 \u2013 Perkin-Elmer)<\/li>\n<\/ul>\n<\/div><\/div><\/section>\n<section class='av_tab_section av_tab_section av-ly37d2cd-1adf620214037439b61451d86c40bbcd'  itemscope=\"itemscope\" itemtype=\"https:\/\/schema.org\/CreativeWork\" ><div id='tab-id-3-tab' class='tab' role='tab' aria-selected=\"false\" tabindex=\"0\" data-fake-id='#tab-id-3' aria-controls='tab-id-3-content'  itemprop=\"headline\" >Summary<\/div><div id='tab-id-3-content' class='tab_content' role='tabpanel' aria-labelledby='tab-id-3-tab' aria-hidden=\"true\"><div class='tab_inner_content invers-color'  itemprop=\"text\" ><ul>\n<li style=\"text-align: justify;\">Balance et microbalance (XPR6UD5 \u2013 Mettler Tolero)<\/li>\n<li style=\"text-align: justify;\">Centrifugeuses, dont une \u00e0 haute vitesse (Biofuge Stratos \u2013 Thermo Scientific Heraeus)<a href=\"https:\/\/www.iemn.fr\/wp-content\/uploads\/2020\/04\/Equipement_1.png\"><img loading=\"lazy\" decoding=\"async\" class=\"alignright wp-image-39994\" src=\"https:\/\/www.iemn.fr\/wp-content\/uploads\/2020\/04\/Equipement_1.png\" alt=\"\" width=\"450\" height=\"274\" srcset=\"https:\/\/www.iemn.fr\/wp-content\/uploads\/2020\/04\/Equipement_1.png 1625w, https:\/\/www.iemn.fr\/wp-content\/uploads\/2020\/04\/Equipement_1-300x183.png 300w, https:\/\/www.iemn.fr\/wp-content\/uploads\/2020\/04\/Equipement_1-1030x628.png 1030w, https:\/\/www.iemn.fr\/wp-content\/uploads\/2020\/04\/Equipement_1-768x468.png 768w, https:\/\/www.iemn.fr\/wp-content\/uploads\/2020\/04\/Equipement_1-1536x936.png 1536w, https:\/\/www.iemn.fr\/wp-content\/uploads\/2020\/04\/Equipement_1-1500x914.png 1500w, https:\/\/www.iemn.fr\/wp-content\/uploads\/2020\/04\/Equipement_1-705x430.png 705w\" sizes=\"auto, (max-width: 450px) 100vw, 450px\" \/><\/a><\/li>\n<li style=\"text-align: justify;\">Lyophilisateur (Alpha 2-4 LD plus \u2013 Martin Christ)<\/li>\n<li style=\"text-align: justify;\">Evaporateur rotatif (Rotavapor\u00ae \u2013 B\u00fcchi)<\/li>\n<li style=\"text-align: justify;\">2 Broyeurs plan\u00e9taires \u00e0 billes (PM100 \u2013 Retsch)<\/li>\n<li style=\"text-align: justify;\">R\u00e9acteur micro-ondes (Monowave 450 \u2013 Anton Parr)<\/li>\n<li style=\"text-align: justify;\">Sonde \u00e0 ultrasons (Digital Sonifier 450 \u2013 Branson)<\/li>\n<li>Bains \u00e0 ultrasons<\/li>\n<li style=\"text-align: justify;\">Nettoyeur UV-ozone (UVO cleaner\u00ae 42-220 \u2013 Jelight)<\/li>\n<li style=\"text-align: justify;\">Fours, dont un four tubulaire (Nabertherm)<\/li>\n<li style=\"text-align: justify;\">Appareil \u00e0 enduction centrifuge (Delia 6 RG \u2013 SUSS MicroTec)<\/li>\n<li style=\"text-align: justify;\">Plaques chauffantes \/ agitateurs magn\u00e9tiques<\/li>\n<li style=\"text-align: justify;\">Autoclaves<\/li>\n<\/ul>\n<\/div><\/div><\/section>\n<section class='av_tab_section av_tab_section av-ly37eua8-dbf41635637e6129c484e4f910b1c925'  itemscope=\"itemscope\" itemtype=\"https:\/\/schema.org\/CreativeWork\" ><div id='tab-id-4-tab' class='tab' role='tab' aria-selected=\"false\" tabindex=\"0\" data-fake-id='#tab-id-4' aria-controls='tab-id-4-content'  itemprop=\"headline\" >D\u00e9tection biomol\u00e9culaire \/ Electrochimie<\/div><div id='tab-id-4-content' class='tab_content' role='tabpanel' aria-labelledby='tab-id-4-tab' aria-hidden=\"true\"><div class='tab_inner_content invers-color'  itemprop=\"text\" ><ul>\n<li>Spectrophotom\u00e8tre UV-visible \u00e0 microvolume (Nanodrop One C \u2013 Thermo Fisher Scientific)<a href=\"https:\/\/www.iemn.fr\/wp-content\/uploads\/2020\/04\/Equipement_3.png\"><img loading=\"lazy\" decoding=\"async\" class=\"alignright wp-image-40000\" src=\"https:\/\/www.iemn.fr\/wp-content\/uploads\/2020\/04\/Equipement_3.png\" alt=\"\" width=\"450\" height=\"280\" srcset=\"https:\/\/www.iemn.fr\/wp-content\/uploads\/2020\/04\/Equipement_3.png 1625w, https:\/\/www.iemn.fr\/wp-content\/uploads\/2020\/04\/Equipement_3-300x186.png 300w, https:\/\/www.iemn.fr\/wp-content\/uploads\/2020\/04\/Equipement_3-1030x640.png 1030w, https:\/\/www.iemn.fr\/wp-content\/uploads\/2020\/04\/Equipement_3-768x477.png 768w, https:\/\/www.iemn.fr\/wp-content\/uploads\/2020\/04\/Equipement_3-1536x955.png 1536w, https:\/\/www.iemn.fr\/wp-content\/uploads\/2020\/04\/Equipement_3-1500x932.png 1500w, https:\/\/www.iemn.fr\/wp-content\/uploads\/2020\/04\/Equipement_3-705x438.png 705w\" sizes=\"auto, (max-width: 450px) 100vw, 450px\" \/><\/a><\/li>\n<li>Syst\u00e8me PCR en temps r\u00e9el (AriaMx \u2013 Agilent)<\/li>\n<li>Bioanalyseur (Bioanalyzer 2100 \u2013 Agilent)<\/li>\n<li>Lecteur \/ imageur multi-plaques (Cytation 5 \u2013 Biotek)<\/li>\n<li>Bioimageur (ChemiDoc MP \u2013 Biorad)<\/li>\n<li>Microscope de fluorescence invers\u00e9 (Ti-U Eclipse \u2013 Nikon)<\/li>\n<li>SPR (Springle - Autolab)<\/li>\n<li>SPR (betaSPR - Sensia)<\/li>\n<li>SPR (SPR00 - Photonicsys)<\/li>\n<li>2 Potentiostats (Pgstat12 - Autolab)<\/li>\n<li>2 Potentiostats (Modulab - Solartron Analytical)<\/li>\n<\/ul>\n<\/div><\/div><\/section>\n<section class='av_tab_section av_tab_section av-ly37fflo-1db80364e4b22d5e9b1648f6aec8ff74'  itemscope=\"itemscope\" itemtype=\"https:\/\/schema.org\/CreativeWork\" ><div id='tab-id-5-tab' class='tab' role='tab' aria-selected=\"false\" tabindex=\"0\" data-fake-id='#tab-id-5' aria-controls='tab-id-5-content'  itemprop=\"headline\" >Culture cellulaire<\/div><div id='tab-id-5-content' class='tab_content' role='tabpanel' aria-labelledby='tab-id-5-tab' aria-hidden=\"true\"><div class='tab_inner_content invers-color'  itemprop=\"text\" ><ul>\n<li>3 Postes de s\u00e9curit\u00e9 microbiologique<\/li>\n<li>2 Incubateurs \u00e0 CO<sub>2<\/sub><\/li>\n<li>Microscope invers\u00e9 (TS100 \u2013 Nikon)<\/li>\n<li>2 Centrifugeuses r\u00e9frig\u00e9r\u00e9es<\/li>\n<li>R\u00e9servoir de stockage d\u2019azote liquide<\/li>\n<\/ul>\n<\/div><\/div><\/section>\n<section class='av_tab_section av_tab_section av-ly37fkf8-3690bf56378a525d3d9df238558d0bb1'  itemscope=\"itemscope\" itemtype=\"https:\/\/schema.org\/CreativeWork\" ><div id='tab-id-6-tab' class='tab' role='tab' aria-selected=\"false\" tabindex=\"0\" data-fake-id='#tab-id-6' aria-controls='tab-id-6-content'  itemprop=\"headline\" >D\u00e9livrance transdermique<\/div><div id='tab-id-6-content' class='tab_content' role='tabpanel' aria-labelledby='tab-id-6-tab' aria-hidden=\"true\"><div class='tab_inner_content invers-color'  itemprop=\"text\" ><p><a href=\"https:\/\/www.iemn.fr\/wp-content\/uploads\/2020\/04\/Equipement_4.png\"><img loading=\"lazy\" decoding=\"async\" class=\"alignright wp-image-40002\" src=\"https:\/\/www.iemn.fr\/wp-content\/uploads\/2020\/04\/Equipement_4.png\" alt=\"\" width=\"450\" height=\"142\" srcset=\"https:\/\/www.iemn.fr\/wp-content\/uploads\/2020\/04\/Equipement_4.png 1625w, https:\/\/www.iemn.fr\/wp-content\/uploads\/2020\/04\/Equipement_4-300x94.png 300w, https:\/\/www.iemn.fr\/wp-content\/uploads\/2020\/04\/Equipement_4-1030x324.png 1030w, https:\/\/www.iemn.fr\/wp-content\/uploads\/2020\/04\/Equipement_4-768x242.png 768w, https:\/\/www.iemn.fr\/wp-content\/uploads\/2020\/04\/Equipement_4-1536x483.png 1536w, https:\/\/www.iemn.fr\/wp-content\/uploads\/2020\/04\/Equipement_4-1500x472.png 1500w, https:\/\/www.iemn.fr\/wp-content\/uploads\/2020\/04\/Equipement_4-705x222.png 705w\" sizes=\"auto, (max-width: 450px) 100vw, 450px\" \/><\/a><\/p>\n<ul>\n<li>2 Cellules de Franz (D-Skin \u2013 Proviskin)<\/li>\n<li>2 <span class=\"BxUVEf ILfuVd\" lang=\"fr\"><span class=\"hgKElc\">Bains-marie \u00e0 circulation<\/span><\/span><\/li>\n<li>2 Cam\u00e9ras \u00e0 infrarouge (Thermovision A40 and A655SC \u2013 FLIR)<\/li>\n<li>Cryostat (CM3500 S - Leica)<\/li>\n<\/ul>\n<\/div><\/div><\/section>\n<section class='av_tab_section av_tab_section av-ly37fpov-41844a4f62d9786a9627444051ec436f'  itemscope=\"itemscope\" itemtype=\"https:\/\/schema.org\/CreativeWork\" ><div id='tab-id-7-tab' class='tab' role='tab' aria-selected=\"false\" tabindex=\"0\" data-fake-id='#tab-id-7' aria-controls='tab-id-7-content'  itemprop=\"headline\" >Sources optiques<\/div><div id='tab-id-7-content' class='tab_content' role='tabpanel' aria-labelledby='tab-id-7-tab' aria-hidden=\"true\"><div class='tab_inner_content invers-color'  itemprop=\"text\" ><ul>\n<li>Laser \u00e0 solide 671 nm (MRL-W-671nm-3W \u2013 PhotonTec Berlin)<a href=\"https:\/\/www.iemn.fr\/wp-content\/uploads\/2020\/04\/Equipement_5.png\"><img loading=\"lazy\" decoding=\"async\" class=\"alignright wp-image-40004\" src=\"https:\/\/www.iemn.fr\/wp-content\/uploads\/2020\/04\/Equipement_5.png\" alt=\"\" width=\"450\" height=\"139\" srcset=\"https:\/\/www.iemn.fr\/wp-content\/uploads\/2020\/04\/Equipement_5.png 1625w, https:\/\/www.iemn.fr\/wp-content\/uploads\/2020\/04\/Equipement_5-300x93.png 300w, https:\/\/www.iemn.fr\/wp-content\/uploads\/2020\/04\/Equipement_5-1030x318.png 1030w, https:\/\/www.iemn.fr\/wp-content\/uploads\/2020\/04\/Equipement_5-768x237.png 768w, https:\/\/www.iemn.fr\/wp-content\/uploads\/2020\/04\/Equipement_5-1536x475.png 1536w, https:\/\/www.iemn.fr\/wp-content\/uploads\/2020\/04\/Equipement_5-1500x463.png 1500w, https:\/\/www.iemn.fr\/wp-content\/uploads\/2020\/04\/Equipement_5-705x218.png 705w\" sizes=\"auto, (max-width: 450px) 100vw, 450px\" \/><\/a><\/li>\n<li>Diode laser 810\/980 nm (GBOX 15W \u2013 Fournier Medical Soluion)<\/li>\n<li>Source UV 300 nm \u00e0 450 nm (LightningCure LC8 L9588-01A \u2013 Hamamatsu)<\/li>\n<li>Source lumi\u00e8re visible 400 nm \u00e0 700 nm (LightningCure LC8 L9566-03 \u2013 Hamamatsu)<\/li>\n<li>1400 nm laser (<em>en pr\u00eat<\/em>)<\/li>\n<\/ul>\n<\/div><\/div><\/section>\n<section class='av_tab_section av_tab_section av-ly37fue0-560dd24d018431ee38c2342598e6c649'  itemscope=\"itemscope\" itemtype=\"https:\/\/schema.org\/CreativeWork\" ><div id='tab-id-8-tab' class='tab' role='tab' aria-selected=\"false\" tabindex=\"0\" data-fake-id='#tab-id-8' aria-controls='tab-id-8-content'  itemprop=\"headline\" >Security<\/div><div id='tab-id-8-content' class='tab_content' role='tabpanel' aria-labelledby='tab-id-8-tab' aria-hidden=\"true\"><div class='tab_inner_content invers-color'  itemprop=\"text\" ><ul>\n<li>Hotte de pes\u00e9e s\u00e9curis\u00e9e produits chimiques\/nanoparticules (Nanoprotect \u2013 A1-safetech)<\/li>\n<li>Station de travail PCR (AirClean 600 \u2013 StarLab)<\/li>\n<li>9 Hottes aspirantes<\/li>\n<li>5 Armoires \u00e0 produits chimiques<\/li>\n<li>4 Douches de s\u00e9curit\u00e9<\/li>\n<\/ul>\n<\/div><\/div><\/section>\n<\/div><\/p><\/div>","protected":false},"excerpt":{"rendered":"","protected":false},"author":2,"featured_media":0,"parent":26970,"menu_order":10,"comment_status":"closed","ping_status":"closed","template":"","meta":{"footnotes":""},"class_list":["post-29288","page","type-page","status-publish","hentry"],"_links":{"self":[{"href":"https:\/\/www.iemn.fr\/en\/wp-json\/wp\/v2\/pages\/29288","targetHints":{"allow":["GET"]}}],"collection":[{"href":"https:\/\/www.iemn.fr\/en\/wp-json\/wp\/v2\/pages"}],"about":[{"href":"https:\/\/www.iemn.fr\/en\/wp-json\/wp\/v2\/types\/page"}],"author":[{"embeddable":true,"href":"https:\/\/www.iemn.fr\/en\/wp-json\/wp\/v2\/users\/2"}],"replies":[{"embeddable":true,"href":"https:\/\/www.iemn.fr\/en\/wp-json\/wp\/v2\/comments?post=29288"}],"version-history":[{"count":2,"href":"https:\/\/www.iemn.fr\/en\/wp-json\/wp\/v2\/pages\/29288\/revisions"}],"predecessor-version":[{"id":73485,"href":"https:\/\/www.iemn.fr\/en\/wp-json\/wp\/v2\/pages\/29288\/revisions\/73485"}],"up":[{"embeddable":true,"href":"https:\/\/www.iemn.fr\/en\/wp-json\/wp\/v2\/pages\/26970"}],"wp:attachment":[{"href":"https:\/\/www.iemn.fr\/en\/wp-json\/wp\/v2\/media?parent=29288"}],"curies":[{"name":"wp","href":"https:\/\/api.w.org\/{rel}","templated":true}]}}