{"id":27892,"date":"2018-04-25T09:58:15","date_gmt":"2018-04-25T07:58:15","guid":{"rendered":"https:\/\/www.iemn.fr\/?page_id=27892"},"modified":"2024-09-03T14:15:44","modified_gmt":"2024-09-03T12:15:44","slug":"partenaires","status":"publish","type":"page","link":"https:\/\/www.iemn.fr\/en\/la-recherche\/les-groupes\/groupe-acoustique\/partenaires","title":{"rendered":"Partners"},"content":{"rendered":"<div id='layer_slider_1'  class='avia-layerslider main_color avia-shadow  avia-builder-el-0  el_before_av_submenu  avia-builder-el-first  container_wrap sidebar_right'  style='height: 261px;'  ><div id=\"layerslider_50_1id09i3t5oun7\" data-ls-slug=\"homepageslider\" class=\"ls-wp-container fitvidsignore ls-selectable\" style=\"width:1140px;height:260px;margin:0 auto;margin-bottom: 0px;\"><div class=\"ls-slide\" data-ls=\"bgposition:50% 50%;duration:6000;transition2d:5;\"><img loading=\"lazy\" decoding=\"async\" width=\"2600\" height=\"270\" src=\"https:\/\/www.iemn.fr\/wp-content\/uploads\/2018\/11\/sliders_groupe_acoustique2.jpg\" class=\"ls-bg\" alt=\"\" srcset=\"https:\/\/www.iemn.fr\/wp-content\/uploads\/2018\/11\/sliders_groupe_acoustique2.jpg 2600w, https:\/\/www.iemn.fr\/wp-content\/uploads\/2018\/11\/sliders_groupe_acoustique2-300x31.jpg 300w, https:\/\/www.iemn.fr\/wp-content\/uploads\/2018\/11\/sliders_groupe_acoustique2-768x80.jpg 768w, https:\/\/www.iemn.fr\/wp-content\/uploads\/2018\/11\/sliders_groupe_acoustique2-1030x107.jpg 1030w, https:\/\/www.iemn.fr\/wp-content\/uploads\/2018\/11\/sliders_groupe_acoustique2-1500x156.jpg 1500w, https:\/\/www.iemn.fr\/wp-content\/uploads\/2018\/11\/sliders_groupe_acoustique2-705x73.jpg 705w\" sizes=\"auto, (max-width: 2600px) 100vw, 2600px\" \/><ls-layer style=\"font-size:14px;text-align:left;font-style:normal;text-decoration:none;text-transform:none;font-weight:700;letter-spacing:0px;background-position:0% 0%;background-repeat:no-repeat;mix-blend-mode:normal;top:231px;left:0px;height:30px;width:360px;line-height:32px;color:#ffffff;border-radius:6px 6px 6px 6px;padding-left:50px;background-color:rgba(0, 0, 0, 0.57);\" class=\"ls-l ls-ib-icon ls-text-layer\" data-ls=\"minfontsize:0;minmobilefontsize:0;\"><i class=\"fa fa-user-circle\" style=\"color:#f2f2f2;margin-right:0.8em;font-size:1em;transform:translateY( -0.125em );\"><\/i>GROUPE DE RECHERCHE : ACOUSTIQUE<\/ls-layer><\/div><div class=\"ls-slide\" data-ls=\"bgposition:50% 50%;duration:6000;transition2d:5;\"><img loading=\"lazy\" decoding=\"async\" width=\"2600\" height=\"270\" src=\"https:\/\/www.iemn.fr\/wp-content\/uploads\/2018\/11\/sliders_groupe_acoustique5.jpg\" class=\"ls-bg\" alt=\"\" srcset=\"https:\/\/www.iemn.fr\/wp-content\/uploads\/2018\/11\/sliders_groupe_acoustique5.jpg 2600w, https:\/\/www.iemn.fr\/wp-content\/uploads\/2018\/11\/sliders_groupe_acoustique5-300x31.jpg 300w, https:\/\/www.iemn.fr\/wp-content\/uploads\/2018\/11\/sliders_groupe_acoustique5-768x80.jpg 768w, https:\/\/www.iemn.fr\/wp-content\/uploads\/2018\/11\/sliders_groupe_acoustique5-1030x107.jpg 1030w, https:\/\/www.iemn.fr\/wp-content\/uploads\/2018\/11\/sliders_groupe_acoustique5-1500x156.jpg 1500w, https:\/\/www.iemn.fr\/wp-content\/uploads\/2018\/11\/sliders_groupe_acoustique5-705x73.jpg 705w\" sizes=\"auto, (max-width: 2600px) 100vw, 2600px\" \/><ls-layer style=\"font-size:14px;text-align:left;font-style:normal;text-decoration:none;text-transform:none;font-weight:700;letter-spacing:0px;background-position:0% 0%;background-repeat:no-repeat;mix-blend-mode:normal;top:231px;left:0px;height:30px;width:360px;line-height:32px;color:#ffffff;border-radius:6px 6px 6px 6px;padding-left:50px;background-color:rgba(0, 0, 0, 0.57);\" class=\"ls-l ls-ib-icon ls-text-layer\" data-ls=\"minfontsize:0;minmobilefontsize:0;\"><i class=\"fa fa-user-circle\" style=\"color:#f2f2f2;margin-right:0.8em;font-size:1em;transform:translateY( -0.125em );\"><\/i>GROUPE DE RECHERCHE : ACOUSTIQUE<\/ls-layer><\/div><div class=\"ls-slide\" data-ls=\"bgposition:50% 50%;duration:6000;transition2d:5;\"><img loading=\"lazy\" decoding=\"async\" width=\"2600\" height=\"270\" src=\"https:\/\/www.iemn.fr\/wp-content\/uploads\/2018\/11\/sliders_groupe_acoustique3.jpg\" class=\"ls-bg\" alt=\"\" srcset=\"https:\/\/www.iemn.fr\/wp-content\/uploads\/2018\/11\/sliders_groupe_acoustique3.jpg 2600w, https:\/\/www.iemn.fr\/wp-content\/uploads\/2018\/11\/sliders_groupe_acoustique3-300x31.jpg 300w, https:\/\/www.iemn.fr\/wp-content\/uploads\/2018\/11\/sliders_groupe_acoustique3-768x80.jpg 768w, https:\/\/www.iemn.fr\/wp-content\/uploads\/2018\/11\/sliders_groupe_acoustique3-1030x107.jpg 1030w, https:\/\/www.iemn.fr\/wp-content\/uploads\/2018\/11\/sliders_groupe_acoustique3-1500x156.jpg 1500w, https:\/\/www.iemn.fr\/wp-content\/uploads\/2018\/11\/sliders_groupe_acoustique3-705x73.jpg 705w\" sizes=\"auto, (max-width: 2600px) 100vw, 2600px\" \/><ls-layer style=\"font-size:14px;text-align:left;font-style:normal;text-decoration:none;text-transform:none;font-weight:700;letter-spacing:0px;background-position:0% 0%;background-repeat:no-repeat;mix-blend-mode:normal;top:231px;left:0px;height:30px;width:360px;line-height:32px;color:#ffffff;border-radius:6px 6px 6px 6px;padding-left:50px;background-color:rgba(0, 0, 0, 0.57);\" class=\"ls-l ls-ib-icon ls-text-layer\" data-ls=\"minfontsize:0;minmobilefontsize:0;\"><i class=\"fa fa-user-circle\" style=\"color:#f2f2f2;margin-right:0.8em;font-size:1em;transform:translateY( -0.125em );\"><\/i>GROUPE DE RECHERCHE : ACOUSTIQUE<\/ls-layer><\/div><\/div><\/div>\n<div id='sub_menu1'  class='av-submenu-container av-jrqfadqy-ce2f2ab09b07c9cd48b0b2cdd423b7d9 footer_color  avia-builder-el-1  el_after_av_layerslider  el_before_av_heading  submenu-not-first container_wrap sidebar_right' style='z-index:301' ><div class='container av-menu-mobile-disabled av-submenu-pos-left'><ul id='av-custom-submenu-1' class='av-subnav-menu' role='menu'>\n<li class='menu-item av-ofv2t6-5d9af1da2e4ae6ffa4d2b8756016a43d menu-item-top-level menu-item-top-level-1' role='menuitem'><a href='https:\/\/www.iemn.fr\/en\/la-recherche\/les-groupes\/groupe-acoustique'  ><span class='avia-bullet'><\/span><span class='avia-menu-text'>Presentation<\/span><\/a><\/li>\n<li class='menu-item av-2tw4b22-20d4695694f4d46e10f13a94c54a1cc3 menu-item-top-level menu-item-top-level-2' role='menuitem'><a href='https:\/\/www.iemn.fr\/en\/la-recherche\/les-groupes\/groupe-acoustique\/members-2'  ><span class='avia-bullet'><\/span><span class='avia-menu-text'>Members<\/span><\/a><\/li>\n<li class='menu-item av-2fy5qxm-36efc35c7251ea92558c770cc87cbd5b menu-item-top-level menu-item-top-level-3' role='menuitem'><a href='https:\/\/www.iemn.fr\/en\/la-recherche\/les-groupes\/groupe-acoustique\/partenaires'  ><span class='avia-bullet'><\/span><span class='avia-menu-text'>Partners<\/span><\/a><\/li>\n<li class='menu-item av-20h6qii-46f845f4e6c58e0e069010498134c570 menu-item-top-level menu-item-top-level-4' role='menuitem'><a href='https:\/\/www.iemn.fr\/en\/la-recherche\/les-groupes\/groupe-acoustique\/equipments'  ><span class='avia-bullet'><\/span><span class='avia-menu-text'>Equipment<\/span><\/a><\/li>\n<li class='menu-item av-1lup49m-5fa675d0b3b5c7ec8e2af848bf43c8b9 menu-item-top-level menu-item-top-level-5' role='menuitem'><a href='https:\/\/www.iemn.fr\/en\/la-recherche\/les-groupes\/groupe-acoustique\/contracts'  ><span class='avia-bullet'><\/span><span class='avia-menu-text'>Projets collaboratifs financ\u00e9s<\/span><\/a><\/li>\n<li class='menu-item av-41eqyi-25be5106cc7346eea61c5da2e28f6c02 menu-item-top-level menu-item-top-level-6' role='menuitem'><a href='https:\/\/www.iemn.fr\/en\/la-recherche\/les-groupes\/groupe-acoustique\/on-going-studies'  ><span class='avia-bullet'><\/span><span class='avia-menu-text'>Studies in progress and outlook<\/span><\/a><\/li>\n<li class='menu-item av-177jtqs-dfa5f1647a524eff92368189a22cc2fb menu-item-top-level menu-item-top-level-7' role='menuitem'><a href='https:\/\/www.iemn.fr\/en\/la-recherche\/les-groupes'  ><span class='avia-bullet'><\/span><span class='avia-menu-text'>Other Groups<\/span><\/a><\/li>\n<\/ul><\/div><\/div><div id='after_submenu_1'  class='main_color av_default_container_wrap container_wrap sidebar_right'  ><div class='container av-section-cont-open' ><div class='template-page content  av-content-small alpha units'><div class='post-entry post-entry-type-page post-entry-27892'><div class='entry-content-wrapper clearfix'>\n\n<style type=\"text\/css\" data-created_by=\"avia_inline_auto\" id=\"style-css-av-qq2xxw-72870aedfc9ca517e47403ec151fcd66\">\n#top .av-special-heading.av-qq2xxw-72870aedfc9ca517e47403ec151fcd66{\npadding-bottom:10px;\n}\nbody .av-special-heading.av-qq2xxw-72870aedfc9ca517e47403ec151fcd66 .av-special-heading-tag .heading-char{\nfont-size:25px;\n}\n.av-special-heading.av-qq2xxw-72870aedfc9ca517e47403ec151fcd66 .av-subheading{\nfont-size:15px;\n}\n<\/style>\n<div  class='av-special-heading av-qq2xxw-72870aedfc9ca517e47403ec151fcd66 av-special-heading-h2  avia-builder-el-2  el_after_av_submenu  el_before_av_one_full  avia-builder-el-first  av-linked-heading'><h2 class='av-special-heading-tag'  itemprop=\"headline\"  >Partners<\/h2><div class=\"special-heading-border\"><div class=\"special-heading-inner-border\"><\/div><\/div><\/div>\n<div  class='flex_column av-wwmrv8-062c7cfb789b8053f8d1f9d64d1b1454 av_one_full  avia-builder-el-3  el_after_av_heading  avia-builder-el-last  first flex_column_div'     ><div  class='tabcontainer av-lysnq7ar-56d79a0481606cdadbf6503a7106a66b top_tab  avia-builder-el-4  avia-builder-el-no-sibling'>\n<section class='av_tab_section av_tab_section av-lysnq4rc-52c226451830cc394dfebbf01e709742'  itemscope=\"itemscope\" itemtype=\"https:\/\/schema.org\/CreativeWork\" ><div id='tab-id-1-tab' class='tab active_tab' role='tab' aria-selected=\"true\" tabindex=\"0\" data-fake-id='#tab-id-1' aria-controls='tab-id-1-content'  itemprop=\"headline\" >Partenaires universitaires nationaux<\/div><div id='tab-id-1-content' class='tab_content active_tab_content' role='tabpanel' aria-labelledby='tab-id-1-tab' aria-hidden=\"false\"><div class='tab_inner_content invers-color'  itemprop=\"text\" ><p>GREMAN, Universit\u00e9 de Tours<\/p>\n<p>LOMC, Universit\u00e9 du Havre<\/p>\n<p>I2M, Universit\u00e9 de Bordeaux<\/p>\n<p>FEMTO-ST, Universit\u00e9 de Franche-Comt\u00e9, Besan\u00e7on<\/p>\n<p>INSTITUT JEAN LE ROND D\u2019ALEMBERT, Sorbonne Universit\u00e9, Paris<\/p>\n<p>IREMUS, Sorbonne Universit\u00e9, Paris<\/p>\n<p>UTRPP, Universit\u00e9 Sorbonne Paris Nord, Villetaneuse<\/p>\n<p>IBHGC, Universit\u00e9 Sorbonne Paris Nord, Paris<\/p>\n<p>Praxiling, Universit\u00e9 Paul Val\u00e9ry, Montpellier<\/p>\n<p>IRCICA\/Cristal, Universit\u00e9 de Lille, Lille<\/p>\n<p>LLL, Universit\u00e9 d\u2019Orl\u00e9ans<\/p>\n<p>LITL, Universit\u00e9 catholique de Lille<\/p>\n<p>Laboratoire d\u2019\u00e9lectrotechnique et d\u2019\u00e9lectronique de puissance \u2013 L2EP \u2013 Lille<\/p>\n<p>Laboratoire d\u2019acoustique de l\u2019universit\u00e9 du Mans (LAUM)<\/p>\n<\/div><\/div><\/section>\n<section class='av_tab_section av_tab_section av-10av2d0-da8ecbb5d3f07edd4eb2a600b1a85ced'  itemscope=\"itemscope\" itemtype=\"https:\/\/schema.org\/CreativeWork\" ><div id='tab-id-2-tab' class='tab' role='tab' aria-selected=\"false\" tabindex=\"0\" data-fake-id='#tab-id-2' aria-controls='tab-id-2-content'  itemprop=\"headline\" >Partenaires acad\u00e9miques internationaux<\/div><div id='tab-id-2-content' class='tab_content' role='tabpanel' aria-labelledby='tab-id-2-tab' aria-hidden=\"true\"><div class='tab_inner_content invers-color'  itemprop=\"text\" ><p>UNSW, Sydney, Australia<\/p>\n<p>University of Arizona, Tucson, USA<\/p>\n<p>Imperial College, London, UK<\/p>\n<p>LDEO, Columbia University, Palisades, USA<\/p>\n<p>University of Oregon, Eugene, USA<\/p>\n<p>University of Groningen, Leeuwarden, The Netherlands<\/p>\n<p>McGill University, Montreal, Canada<\/p>\n<p>University of Trento \u2013 IT<\/p>\n<p>University of Torino \u2013 IT<\/p>\n<p>Polytechnic of Torino \u2013 IT<\/p>\n<p>Swiss Federal Laboratories for Materials Science and Technology (Empa) \u2013 CH<\/p>\n<p>Swiss Federal Institute of Technology of Zurich (ETHZ) \u2013 CH<\/p>\n<p>Instytut Maszyn Przep\u0142ywowych [Institute of Fluid-Flow Machinery] \u2013 Polskiej Akademii Nauk [Polish Academy of Science] (IMP-PAN) \u2013 PL<\/p>\n<p>California Institute of Technology \u2013 USA<\/p>\n<p>University of California, San Diego (UCSD) \u2013 USA<\/p>\n<p>University of Manitoba, Winnipeg \u2013 Canada<\/p>\n<\/div><\/div><\/section>\n<section class='av_tab_section av_tab_section av-qcg46s-c9a09b3383451f6f6ed4f6ef2724bb6f'  itemscope=\"itemscope\" itemtype=\"https:\/\/schema.org\/CreativeWork\" ><div id='tab-id-3-tab' class='tab' role='tab' aria-selected=\"false\" tabindex=\"0\" data-fake-id='#tab-id-3' aria-controls='tab-id-3-content'  itemprop=\"headline\" >Partenaires industriels et non acad\u00e9miques<\/div><div id='tab-id-3-content' class='tab_content' role='tabpanel' aria-labelledby='tab-id-3-tab' aria-hidden=\"true\"><div class='tab_inner_content invers-color'  itemprop=\"text\" ><p>Thales Research Technology \u2013 Palaiseau<\/p>\n<p>Thales Underwater Systems - Sophia Antipolis<\/p>\n<p>Naval Group-Ollioulles et Naval Group \u2013 Cherbourg<\/p>\n<p>Frec'n'sys -Besan\u00e7on<\/p>\n<p>DGA- Toulon<\/p>\n<p>VERMON - Tours<\/p>\n<p>SINAPTEC - Lille<\/p>\n<p>MICROMECHATRONICS - State College - PS - USA<\/p>\n<p>A\u00c9RONEF -Lille<\/p>\n<p>Musique Pi Sourd \u2013 Toulouse<\/p>\n<p>Muzzix \u2013 Lille<\/p>\n<p>HOVERTONE \u2013 Mons, Belgique<\/p>\n<p>PHONONIC VIBES \u2013 Milan, Italie<\/p>\n<p>MULTIWAVE \u2013 Gen\u00e8ve, Suisse<\/p>\n<p>EXAIL, Eca Robotics \u2013 Belgique<\/p>\n<p>PASQAL \u2013 Paris Saclay<\/p>\n<p>GREENOV \u2013 Nantes<\/p>\n<\/div><\/div><\/section>\n<\/div><\/div>","protected":false},"excerpt":{"rendered":"","protected":false},"author":2,"featured_media":0,"parent":16659,"menu_order":10,"comment_status":"closed","ping_status":"closed","template":"","meta":{"footnotes":""},"class_list":["post-27892","page","type-page","status-publish","hentry"],"_links":{"self":[{"href":"https:\/\/www.iemn.fr\/en\/wp-json\/wp\/v2\/pages\/27892","targetHints":{"allow":["GET"]}}],"collection":[{"href":"https:\/\/www.iemn.fr\/en\/wp-json\/wp\/v2\/pages"}],"about":[{"href":"https:\/\/www.iemn.fr\/en\/wp-json\/wp\/v2\/types\/page"}],"author":[{"embeddable":true,"href":"https:\/\/www.iemn.fr\/en\/wp-json\/wp\/v2\/users\/2"}],"replies":[{"embeddable":true,"href":"https:\/\/www.iemn.fr\/en\/wp-json\/wp\/v2\/comments?post=27892"}],"version-history":[{"count":0,"href":"https:\/\/www.iemn.fr\/en\/wp-json\/wp\/v2\/pages\/27892\/revisions"}],"up":[{"embeddable":true,"href":"https:\/\/www.iemn.fr\/en\/wp-json\/wp\/v2\/pages\/16659"}],"wp:attachment":[{"href":"https:\/\/www.iemn.fr\/en\/wp-json\/wp\/v2\/media?parent=27892"}],"curies":[{"name":"wp","href":"https:\/\/api.w.org\/{rel}","templated":true}]}}