{"id":26988,"date":"2018-11-05T15:11:29","date_gmt":"2018-11-05T13:11:29","guid":{"rendered":"https:\/\/www.iemn.fr\/?page_id=26988"},"modified":"2024-07-19T16:42:34","modified_gmt":"2024-07-19T14:42:34","slug":"research-activity","status":"publish","type":"page","link":"https:\/\/www.iemn.fr\/en\/la-recherche\/les-groupes\/groupe-nansee\/research-activity","title":{"rendered":"Themes"},"content":{"rendered":"<div id='layer_slider_1'  class='avia-layerslider main_color avia-shadow  avia-builder-el-0  el_before_av_submenu  avia-builder-el-first  container_wrap sidebar_right'  style='height: 261px;'  ><div id=\"layerslider_48_1tw4y2ha0c1cs\" data-ls-slug=\"homepageslider\" class=\"ls-wp-container fitvidsignore ls-selectable\" style=\"width:1140px;height:260px;margin:0 auto;margin-bottom: 0px;\"><div class=\"ls-slide\" data-ls=\"bgposition:50% 50%;duration:6000;transition2d:5;\"><img loading=\"lazy\" decoding=\"async\" width=\"2600\" height=\"270\" src=\"https:\/\/www.iemn.fr\/wp-content\/uploads\/2019\/02\/bandeau_nanobiointerface_def_web10.jpg\" class=\"ls-bg\" alt=\"\" srcset=\"https:\/\/www.iemn.fr\/wp-content\/uploads\/2019\/02\/bandeau_nanobiointerface_def_web10.jpg 2600w, https:\/\/www.iemn.fr\/wp-content\/uploads\/2019\/02\/bandeau_nanobiointerface_def_web10-300x31.jpg 300w, https:\/\/www.iemn.fr\/wp-content\/uploads\/2019\/02\/bandeau_nanobiointerface_def_web10-768x80.jpg 768w, https:\/\/www.iemn.fr\/wp-content\/uploads\/2019\/02\/bandeau_nanobiointerface_def_web10-1030x107.jpg 1030w, https:\/\/www.iemn.fr\/wp-content\/uploads\/2019\/02\/bandeau_nanobiointerface_def_web10-1500x156.jpg 1500w, https:\/\/www.iemn.fr\/wp-content\/uploads\/2019\/02\/bandeau_nanobiointerface_def_web10-705x73.jpg 705w\" sizes=\"auto, (max-width: 2600px) 100vw, 2600px\" \/><ls-layer style=\"font-size:14px;font-weight:700;mix-blend-mode:normal;top:231px;left:0px;height:30px;width:420px;line-height:32px;color:#ffffff;border-radius:6px 6px 6px 6px;padding-left:50px;background-color:rgba(0, 0, 0, 0.57);\" class=\"ls-l ls-ib-icon ls-text-layer\" data-ls=\"minfontsize:0;minmobilefontsize:0;\"><i class=\"fa fa-user-circle\" style=\"color:#f2f2f2;margin-right:0.8em;font-size:1em;transform:translateY( -0.125em );\"><\/i>GROUPE DE RECHERCHE NANSEE<\/ls-layer><\/div><\/div><\/div>\n<div id='sub_menu1'  class='av-submenu-container av-jrqfadqy-ce2f2ab09b07c9cd48b0b2cdd423b7d9 footer_color  avia-builder-el-1  el_after_av_layerslider  el_before_av_heading  submenu-not-first container_wrap sidebar_right' style='z-index:301' ><div class='container av-menu-mobile-disabled av-submenu-pos-left'><ul id='av-custom-submenu-1' class='av-subnav-menu' role='menu'>\n<li class='menu-item av-2fhfcm2-9ce42289b9b57afd7eb293d08036ee03 menu-item-top-level menu-item-top-level-1' role='menuitem'><a href='https:\/\/www.iemn.fr\/en\/la-recherche\/les-groupes\/groupe-nansee'  ><span class='avia-bullet'><\/span><span class='avia-menu-text'>Introduction<\/span><\/a><\/li>\n<li class='menu-item av-11560ca-424d332f5168fa39f895d35a741d3445 menu-item-top-level menu-item-top-level-2' role='menuitem'><a href='https:\/\/www.iemn.fr\/en\/la-recherche\/les-groupes\/groupe-nansee\/membres'  ><span class='avia-bullet'><\/span><span class='avia-menu-text'>Members<\/span><\/a><\/li>\n<li class='menu-item av-npsfcm-a7e8271e56e80f0deb6fb6171b8da972 menu-item-top-level menu-item-top-level-3' role='menuitem'><a href='https:\/\/www.iemn.fr\/en\/la-recherche\/les-groupes\/groupe-nansee\/faits-marquants'  ><span class='avia-bullet'><\/span><span class='avia-menu-text'>Research Highlights<\/span><\/a><\/li>\n<li class='menu-item av-ooflp6-35c7a5ee4cdee9f65445b006763211f6 menu-item-top-level menu-item-top-level-4' role='menuitem'><a href='https:\/\/www.iemn.fr\/en\/la-recherche\/les-groupes\/groupe-nansee\/research-activity'  ><span class='avia-bullet'><\/span><span class='avia-menu-text'>Themes<\/span><\/a><\/li>\n<li class='menu-item av-lxuh4fkj-9b82781d298e2ce6397175cb98ea9ab7 menu-item-top-level menu-item-top-level-5' role='menuitem'><a href='https:\/\/www.iemn.fr\/en\/la-recherche\/les-groupes\/groupe-nansee\/projets'  ><span class='avia-bullet'><\/span><span class='avia-menu-text'>Projects<\/span><\/a><\/li>\n<li class='menu-item av-1owhbzu-9626cf760c8ca77eea32db749fa7ab04 menu-item-top-level menu-item-top-level-6' role='menuitem'><a href='https:\/\/www.iemn.fr\/en\/la-recherche\/les-groupes\/groupe-nansee\/equipements'  ><span class='avia-bullet'><\/span><span class='avia-menu-text'>Equipment<\/span><\/a><\/li>\n<li class='menu-item av-pyte2w-ed5b0eb7e2cb9977a5698e62749c1e8e menu-item-top-level menu-item-top-level-7' role='menuitem'><a href='https:\/\/www.iemn.fr\/en\/la-recherche\/les-groupes'  ><span class='avia-bullet'><\/span><span class='avia-menu-text'>Other groups<\/span><\/a><\/li>\n<\/ul><\/div><\/div><div id='after_submenu_1'  class='main_color av_default_container_wrap container_wrap sidebar_right'  ><div class='container av-section-cont-open' ><div class='template-page content  av-content-small alpha units'><div class='post-entry post-entry-type-page post-entry-26988'><div class='entry-content-wrapper clearfix'>\n\n<style type=\"text\/css\" data-created_by=\"avia_inline_auto\" id=\"style-css-av-lxuh42u3-45b492d5969cb92ec3e24d3d2ba356c6\">\n#top .av-special-heading.av-lxuh42u3-45b492d5969cb92ec3e24d3d2ba356c6{\npadding-bottom:10px;\n}\nbody .av-special-heading.av-lxuh42u3-45b492d5969cb92ec3e24d3d2ba356c6 .av-special-heading-tag .heading-char{\nfont-size:25px;\n}\n.av-special-heading.av-lxuh42u3-45b492d5969cb92ec3e24d3d2ba356c6 .av-subheading{\nfont-size:15px;\n}\n<\/style>\n<div  class='av-special-heading av-lxuh42u3-45b492d5969cb92ec3e24d3d2ba356c6 av-special-heading-h2  avia-builder-el-2  el_after_av_submenu  el_before_av_textblock  avia-builder-el-first  av-linked-heading'><h2 class='av-special-heading-tag'  itemprop=\"headline\"  >Research themes<\/h2><div class=\"special-heading-border\"><div class=\"special-heading-inner-border\"><\/div><\/div><\/div>\n<section  class='av_textblock_section av-jo4bdkj0-929276f2f2083237bae5ed2e3db86b17'   itemscope=\"itemscope\" itemtype=\"https:\/\/schema.org\/CreativeWork\" ><div class='avia_textblock'  itemprop=\"text\" ><blockquote>\n<h3><strong>En quelques mots\u2026<br \/>\n<\/strong><\/h3>\n<p style=\"text-align: justify\">L\u2019objectif g\u00e9n\u00e9ral de l\u2019\u00e9quipe NANSEE est de d\u00e9velopper et de caract\u00e9riser des mat\u00e9riaux m\u00e9talliques, polym\u00e8res ou semiconducteurs \u00e0 l\u2019\u00e9chelle nanom\u00e9trique, modifi\u00e9s chimiquement en surface afin de les rendre fonctionnels et utilisables comme outils pour la bioanalyse, la nano-m\u00e9decine, le stockage et\/ou la production d\u2019\u00e9nergie et la d\u00e9pollution de l\u2019environnement. Les th\u00e9matiques du groupe s\u2019ins\u00e8rent ainsi dans trois des principaux projets directeurs de l\u2019IEMN (technologies pour la sant\u00e9, IoT et mat\u00e9riaux).<\/p>\n<\/blockquote>\n<\/div><\/section>\n<div  class='hr av-jo4d99tz-00d004640b67707d093a928b12e69be6 hr-default  avia-builder-el-4  el_after_av_textblock  el_before_av_one_full'><span class='hr-inner'><span class=\"hr-inner-style\"><\/span><\/span><\/div>\n<div  class='flex_column av-46adws-fd6480dbb9967187c700de70ffbc0e32 av_one_full  avia-builder-el-5  el_after_av_hr  el_before_av_hr  first flex_column_div'     ><style type=\"text\/css\" data-created_by=\"avia_inline_auto\" id=\"style-css-av-lyrebecp-0e747dc617d22e38d04532eda7486eac\">\n.iconbox.av-lyrebecp-0e747dc617d22e38d04532eda7486eac .iconbox_icon{\nbackground-color:#edae44;\nborder:1px solid #b02b2c;\ncolor:#b02b2c;\n}\n<\/style>\n<article  class='iconbox iconbox_left_content av-lyrebecp-0e747dc617d22e38d04532eda7486eac  avia-builder-el-6  el_before_av_textblock  avia-builder-el-first'  itemscope=\"itemscope\" itemtype=\"https:\/\/schema.org\/CreativeWork\" ><div class=\"iconbox_icon heading-color\" aria-hidden='true' data-av_icon='\ue818' data-av_iconfont='entypo-fontello'><\/div><div class=\"iconbox_content\"><header class=\"entry-content-header\" aria-label=\"Icon: \"><\/header><div class='iconbox_content_container'  itemprop=\"text\" ><h4 style=\"text-align: justify\">Innovation dans l\u2019imagerie biom\u00e9dicale et les traitements<\/h4>\n<h4 style=\"text-align: justify\">via des nanoparticules<\/h4>\n<p style=\"text-align: justify\"><strong>D\u00e9veloppement de formulations originales d\u2019agents de contraste et de m\u00e9dicaments \u00e0 partir de nanoparticules<\/strong><\/p>\n<\/div><\/div><footer class=\"entry-footer\"><\/footer><\/article><br \/>\n<section  class='av_textblock_section av-ly7f8t26-f4a3e788f9018ae9d662dfd915a08e23'   itemscope=\"itemscope\" itemtype=\"https:\/\/schema.org\/CreativeWork\" ><div class='avia_textblock'  itemprop=\"text\" ><h5 style=\"text-align: justify\">Agents de contraste et th\u00e9ranostiques pour le traitement du diab\u00e8te<\/h5>\n<p style=\"text-align: justify\">Nous cherchons \u00e0 fabriquer des nanocapsules lipidiques transportant des ions Mn<sup>2+<\/sup> comme agents de contraste pour l\u2019imagerie par r\u00e9sonance magn\u00e9tique (IRM) afin de visualiser de fa\u00e7on non invasive des cellules b\u00eata du pancr\u00e9as. Ces nanocapsules doivent \u00eatre fonctionnalis\u00e9es avec des nanocorps afin de cibler sp\u00e9cifiquement les cellules b\u00eata. Cette formulation pourrait \u00eatre utilis\u00e9e par les entreprises biopharmaceutiques pour l\u2019\u00e9valuation pr\u00e9clinique de nouvelles th\u00e9rapies visant am\u00e9liorer la survie des cellules b\u00eata pancr\u00e9atiques dans les cas de diab\u00e8te.<\/p>\n<p style=\"text-align: justify\">Notre perspective est justement d\u2019ins\u00e9rer des m\u00e9dicaments dans ces nanocapsules, et de suivre l\u2019\u00e9tat des cellules soign\u00e9es par imagerie. Aucun m\u00e9dicament n\u2019\u00e9tant \u00e0 ce jour en mesure d\u2019emp\u00eacher la mort de ces cellules b\u00eata s\u00e9cr\u00e9trices d\u2019insuline, nous sommes \u00e9galement actifs dans ce domaine. Notre collaboration avec l\u2019entreprise pharmaceutique Boehringer Ingelheim a ainsi pour but de d\u00e9montrer le pouvoir protecteur et r\u00e9g\u00e9n\u00e9rateur d\u2019un peptide mim\u00e9tique du facteur de croissance humain vis-\u00e0-vis des organes et cellules m\u00e9taboliques. Nous travaillons \u00e9galement sur l\u2019identification des nutriments protecteurs des cellules b\u00eata pancr\u00e9atiques provenant du lait maternel de femmes ayant d\u00e9velopp\u00e9 un diab\u00e8te de type gestationnel.<\/p>\n<p style=\"text-align: justify\">La transposition de cette formulation pour cibler d\u2019autres organes (notamment les poumons) et maladies est \u00e0 l\u2019\u00e9tude, dans le cadre plus g\u00e9n\u00e9ral du d\u00e9veloppement de la m\u00e9decine personnalis\u00e9e et des formulations th\u00e9ranostiques \u00e0 base de nanoparticules.<\/p>\n<h5>Pansements intelligents<\/h5>\n<p style=\"text-align: justify\">Nous nous proposons de d\u00e9velopper un pansement th\u00e9ranostique sous la forme d\u2019un hydrogel de graph\u00e8ne charg\u00e9 de v\u00e9sicules extracellulaires riches en facteurs de croissance. En plus de d\u00e9tenir ces m\u00e9dicaments, le pansement aura la capacit\u00e9 de d\u00e9tecter la temp\u00e9rature et le pH, permettant ainsi le suivi de l\u2019\u00e9tat de cicatrisation. L\u2019int\u00e9gration de nanoactionneurs \u00e9lectrothermiques permettra la d\u00e9livrance \u00e0 la demande des v\u00e9sicules. Ce pansement cutan\u00e9 \u00ab\u00a0intelligent\u00a0\u00bb devrait pouvoir am\u00e9liorer la cicatrisation des plaies \u00e0 un stade pr\u00e9coce, notamment dans le cas de plaies chroniques telles que les ulc\u00e8res du pied diab\u00e9tique.<\/p>\n<\/div><\/section><\/p><\/div><div  class='hr av-tqutgs-cfce014e3116972429c5a3e55df4a898 hr-default  avia-builder-el-8  el_after_av_one_full  el_before_av_icon_box'><span class='hr-inner'><span class=\"hr-inner-style\"><\/span><\/span><\/div><\/p>\n\n<style type=\"text\/css\" data-created_by=\"avia_inline_auto\" id=\"style-css-av-lyriuks1-6d625a75c354d9b24017978248338b0e\">\n.iconbox.av-lyriuks1-6d625a75c354d9b24017978248338b0e .iconbox_icon{\nbackground-color:#edae44;\nborder:1px solid #b02b2c;\ncolor:#b02b2c;\n}\n<\/style>\n<article  class='iconbox iconbox_left_content av-lyriuks1-6d625a75c354d9b24017978248338b0e  avia-builder-el-9  el_after_av_hr  el_before_av_one_full'  itemscope=\"itemscope\" itemtype=\"https:\/\/schema.org\/CreativeWork\" ><div class=\"iconbox_icon heading-color\" aria-hidden='true' data-av_icon='\ue8a3' data-av_iconfont='entypo-fontello'><\/div><div class=\"iconbox_content\"><header class=\"entry-content-header\" aria-label=\"Icon: \"><\/header><div class='iconbox_content_container'  itemprop=\"text\" ><h4 style=\"text-align: justify\">D\u00e9tection ultrasensible<\/h4>\n<h4 style=\"text-align: justify\">de virus \u00e0 ADN double brin<\/h4>\n<p style=\"text-align: justify\"><strong>Mise au point de biocapteurs \u00e0 base d\u2019interactions \u00e0 l\u2019\u00e9chelle nanom\u00e9trique<br \/>\n<\/strong><\/p>\n<\/div><\/div><footer class=\"entry-footer\"><\/footer><\/article>\n<div  class='flex_column av-1i13q5o-f560ea0f2ee1193cf3e90b700cb2c70f av_one_full  avia-builder-el-10  el_after_av_icon_box  el_before_av_hr  first flex_column_div'     ><section  class='av_textblock_section av-ly7g4axh-cd8cc01b3baf7670699feb24c0acdb87'   itemscope=\"itemscope\" itemtype=\"https:\/\/schema.org\/CreativeWork\" ><div class='avia_textblock'  itemprop=\"text\" ><p style=\"text-align: justify\">Avec une grande exp\u00e9rience dans le domaine des capteurs, notre \u00e9quipe poursuit ses efforts dans le domaine biom\u00e9dical pour mettre au point des solutions de diagnostic des maladies infectieuses, notamment \u00e0 travers la d\u00e9tection des virus.<\/p>\n<p style=\"text-align: justify\">L\u2019ARN double brin est une caract\u00e9ristique de la grande majorit\u00e9 des infections virales, car il est produit par les virus \u00e0 ARN pendant la r\u00e9plication et par les virus \u00e0 ADN lors de la transcription convergente. nous avons donc pour objectif de d\u00e9velopper des outils de surveillance des ARN double brin et de valider leur application comme moyen facile, quantitatif et sp\u00e9cifique pour la surveillance des virus dans les organismes vivants, y compris les arthropodes et les plantes.<\/p>\n<p style=\"text-align: justify\">Le but ici est d\u2019exploiter les propri\u00e9t\u00e9s de liaison \u00e0 l\u2019ARN double brin de la prot\u00e9ine B2 du virus Flock House ou de nanocorps sp\u00e9cifiques, afin de d\u00e9velopper un dispositif portable de pointe permettant la quantification ultrasensible de l\u2019ARN double brin par r\u00e9sonance plasmonique de surface, ainsi que le s\u00e9quen\u00e7age direct de cet ARN par nanopores (<em>Oxford Nanopore Technologies<\/em>), pour l\u2019identification des virus en temps r\u00e9el.<\/p>\n<\/div><\/section><\/div>\n<div  class='hr av-14h6zws-2881e1b9b4d9d9885f0aa6e1b82a8976 hr-default  avia-builder-el-12  el_after_av_one_full  el_before_av_icon_box'><span class='hr-inner'><span class=\"hr-inner-style\"><\/span><\/span><\/div>\n\n<style type=\"text\/css\" data-created_by=\"avia_inline_auto\" id=\"style-css-av-vptorw-e2e1c1fb2c0657b5c9c7cbcceac53a97\">\n.iconbox.av-vptorw-e2e1c1fb2c0657b5c9c7cbcceac53a97 .iconbox_icon{\nbackground-color:#edae44;\nborder:1px solid #b02b2c;\ncolor:#b02b2c;\n}\n<\/style>\n<article  class='iconbox iconbox_left_content av-vptorw-e2e1c1fb2c0657b5c9c7cbcceac53a97  avia-builder-el-13  el_after_av_hr  el_before_av_one_full'  itemscope=\"itemscope\" itemtype=\"https:\/\/schema.org\/CreativeWork\" ><div class=\"iconbox_icon heading-color\" aria-hidden='true' data-av_icon='\ue8b1' data-av_iconfont='entypo-fontello'><\/div><div class=\"iconbox_content\"><header class=\"entry-content-header\" aria-label=\"Icon: \"><\/header><div class='iconbox_content_container'  itemprop=\"text\" ><h4 style=\"text-align: justify\">Production d\u2019\u00e9nergie \u00e0 partir de d\u00e9chets<\/h4>\n<h4 style=\"text-align: justify\">gr\u00e2ce aux nanomat\u00e9riaux<\/h4>\n<p style=\"text-align: justify\"><strong>Synth\u00e8se et utilisation de catalyseurs nanostructur\u00e9s pour la conversion \u00e9lectrochimique des polluants et des r\u00e9sidus organiques<br \/>\n<\/strong><\/p>\n<\/div><\/div><footer class=\"entry-footer\"><\/footer><\/article>\n<div  class='flex_column av-s2s6j0-5ca035cf4855659ee1c89a2e9632fcf0 av_one_full  avia-builder-el-14  el_after_av_icon_box  avia-builder-el-last  first flex_column_div'     ><section  class='av_textblock_section av-ly7g67im-fd18639eea7a496fc2811b3861b59b33'   itemscope=\"itemscope\" itemtype=\"https:\/\/schema.org\/CreativeWork\" ><div class='avia_textblock'  itemprop=\"text\" ><p style=\"text-align: justify\">Outre la sant\u00e9, notre \u00e9quipe ambitionne de d\u00e9velopper une recherche au profit du recyclage et de la production d\u2019\u00e9nergie verte.<\/p>\n<p style=\"text-align: justify\">En combinant des \u00e9tudes par simulation et des approches exp\u00e9rimentales, nous cherchons \u00e0 concevoir des nanostructures plasmoniques \u00e0 base de cuivre capables de g\u00e9n\u00e9rer \u00e9lectrochimiquement de l\u2019acide formique (ou des ions formate), un liquide organique transporteur d\u2019hydrog\u00e8ne prometteur. L\u2019objectif est de pouvoir produire cet acide formique \u00e0 la fois \u00e0 la cathode et \u00e0 l\u2019anode d\u2019un \u00e9lectrolyseur hybride, respectivement\u00a0 par l\u2019interm\u00e9diaire de la r\u00e9duction du CO<sub>2<\/sub> et de l\u2019oxydation des sucres d\u00e9riv\u00e9s de la biomasse.<\/p>\n<p style=\"text-align: justify\">Dans ce projet, nous ciblons des r\u00e9seaux de nanotrous de Cu (fabriqu\u00e9s par nanolithographie ou nanoimpression par ultrasons) recouverts de nanoparticules de bismuth ou de nanofils h\u00e9t\u00e9rostructur\u00e9s Cu\/Bi, Au\/Bi et Ag\/Bi pour g\u00e9n\u00e9rer une bande plasmonique dans le visible.<\/p>\n<p style=\"text-align: justify\">Les performances \u00e9lectrochimiques seront syst\u00e9matiquement \u00e9tudi\u00e9es sans et sous irradiation de lumi\u00e8re solaire simul\u00e9e, avec une quantification des produits g\u00e9n\u00e9r\u00e9s par r\u00e9sonance magn\u00e9tique nucl\u00e9aire, chromatographie liquide et chromatographie en phase gazeuse. Une \u00e9tude par spectroscopie pompe-sonde doit d\u2019ailleurs permettre d\u2019\u00e9lucider la photor\u00e9activit\u00e9 induite par les \u00e9lectrons chauds au cours des processus photo\u00e9lectrochimiques.<\/p>\n<p style=\"text-align: justify\">Ce travail est r\u00e9alis\u00e9 en partenariat le laboratoire international CINTRA (fabrication d\u2019\u00e9lectrodes et reformage de sucres d\u00e9riv\u00e9s de la biomasse), ainsi que les laboratoires LASIRE (spectroscopie d\u2019absorption transitoire femtoseconde) et UCCS (synth\u00e8se de pr\u00e9curseurs d\u00e9riv\u00e9s de la biomasse), tous deux bas\u00e9s \u00e0 l\u2019Universit\u00e9 de Lille.<\/p>\n<\/div><\/section><\/div>","protected":false},"excerpt":{"rendered":"","protected":false},"author":2,"featured_media":0,"parent":26970,"menu_order":10,"comment_status":"closed","ping_status":"closed","template":"","meta":{"footnotes":""},"class_list":["post-26988","page","type-page","status-publish","hentry"],"_links":{"self":[{"href":"https:\/\/www.iemn.fr\/en\/wp-json\/wp\/v2\/pages\/26988","targetHints":{"allow":["GET"]}}],"collection":[{"href":"https:\/\/www.iemn.fr\/en\/wp-json\/wp\/v2\/pages"}],"about":[{"href":"https:\/\/www.iemn.fr\/en\/wp-json\/wp\/v2\/types\/page"}],"author":[{"embeddable":true,"href":"https:\/\/www.iemn.fr\/en\/wp-json\/wp\/v2\/users\/2"}],"replies":[{"embeddable":true,"href":"https:\/\/www.iemn.fr\/en\/wp-json\/wp\/v2\/comments?post=26988"}],"version-history":[{"count":0,"href":"https:\/\/www.iemn.fr\/en\/wp-json\/wp\/v2\/pages\/26988\/revisions"}],"up":[{"embeddable":true,"href":"https:\/\/www.iemn.fr\/en\/wp-json\/wp\/v2\/pages\/26970"}],"wp:attachment":[{"href":"https:\/\/www.iemn.fr\/en\/wp-json\/wp\/v2\/media?parent=26988"}],"curies":[{"name":"wp","href":"https:\/\/api.w.org\/{rel}","templated":true}]}}