{"id":26970,"date":"2018-11-05T10:40:25","date_gmt":"2018-11-05T08:40:25","guid":{"rendered":"https:\/\/www.iemn.fr\/?page_id=26970"},"modified":"2024-07-15T15:55:55","modified_gmt":"2024-07-15T13:55:55","slug":"groupe-nansee","status":"publish","type":"page","link":"https:\/\/www.iemn.fr\/en\/la-recherche\/les-groupes\/groupe-nansee","title":{"rendered":"Group: NANSEE"},"content":{"rendered":"<div id='layer_slider_1'  class='avia-layerslider main_color avia-shadow  avia-builder-el-0  el_before_av_submenu  avia-builder-el-first  container_wrap sidebar_right'  style='height: 261px;'  ><div id=\"layerslider_48_3osn9bgi5q9x\" data-ls-slug=\"homepageslider\" class=\"ls-wp-container fitvidsignore ls-selectable\" style=\"width:1140px;height:260px;margin:0 auto;margin-bottom: 0px;\"><div class=\"ls-slide\" data-ls=\"bgposition:50% 50%;duration:6000;transition2d:5;\"><img loading=\"lazy\" decoding=\"async\" width=\"2600\" height=\"270\" src=\"https:\/\/www.iemn.fr\/wp-content\/uploads\/2019\/02\/bandeau_nanobiointerface_def_web10.jpg\" class=\"ls-bg\" alt=\"\" srcset=\"https:\/\/www.iemn.fr\/wp-content\/uploads\/2019\/02\/bandeau_nanobiointerface_def_web10.jpg 2600w, https:\/\/www.iemn.fr\/wp-content\/uploads\/2019\/02\/bandeau_nanobiointerface_def_web10-300x31.jpg 300w, https:\/\/www.iemn.fr\/wp-content\/uploads\/2019\/02\/bandeau_nanobiointerface_def_web10-768x80.jpg 768w, https:\/\/www.iemn.fr\/wp-content\/uploads\/2019\/02\/bandeau_nanobiointerface_def_web10-1030x107.jpg 1030w, https:\/\/www.iemn.fr\/wp-content\/uploads\/2019\/02\/bandeau_nanobiointerface_def_web10-1500x156.jpg 1500w, https:\/\/www.iemn.fr\/wp-content\/uploads\/2019\/02\/bandeau_nanobiointerface_def_web10-705x73.jpg 705w\" sizes=\"auto, (max-width: 2600px) 100vw, 2600px\" \/><ls-layer style=\"font-size:14px;font-weight:700;mix-blend-mode:normal;top:231px;left:0px;height:30px;width:420px;line-height:32px;color:#ffffff;border-radius:6px 6px 6px 6px;padding-left:50px;background-color:rgba(0, 0, 0, 0.57);\" class=\"ls-l ls-ib-icon ls-text-layer\" data-ls=\"minfontsize:0;minmobilefontsize:0;\"><i class=\"fa fa-user-circle\" style=\"color:#f2f2f2;margin-right:0.8em;font-size:1em;transform:translateY( -0.125em );\"><\/i>GROUPE DE RECHERCHE NANSEE<\/ls-layer><\/div><\/div><\/div>\n<div id='sub_menu1'  class='av-submenu-container av-jrqfadqy-ce2f2ab09b07c9cd48b0b2cdd423b7d9 footer_color  avia-builder-el-1  el_after_av_layerslider  el_before_av_heading  submenu-not-first container_wrap sidebar_right' style='z-index:301' ><div class='container av-menu-mobile-disabled av-submenu-pos-left'><ul id='av-custom-submenu-1' class='av-subnav-menu' role='menu'>\n<li class='menu-item av-2fhfcm2-9ce42289b9b57afd7eb293d08036ee03 menu-item-top-level menu-item-top-level-1' role='menuitem'><a href='https:\/\/www.iemn.fr\/en\/la-recherche\/les-groupes\/groupe-nansee'  ><span class='avia-bullet'><\/span><span class='avia-menu-text'>Introduction<\/span><\/a><\/li>\n<li class='menu-item av-11560ca-424d332f5168fa39f895d35a741d3445 menu-item-top-level menu-item-top-level-2' role='menuitem'><a href='https:\/\/www.iemn.fr\/en\/la-recherche\/les-groupes\/groupe-nansee\/membres'  ><span class='avia-bullet'><\/span><span class='avia-menu-text'>Members<\/span><\/a><\/li>\n<li class='menu-item av-npsfcm-a7e8271e56e80f0deb6fb6171b8da972 menu-item-top-level menu-item-top-level-3' role='menuitem'><a href='https:\/\/www.iemn.fr\/en\/la-recherche\/les-groupes\/groupe-nansee\/faits-marquants'  ><span class='avia-bullet'><\/span><span class='avia-menu-text'>Research Highlights<\/span><\/a><\/li>\n<li class='menu-item av-ooflp6-35c7a5ee4cdee9f65445b006763211f6 menu-item-top-level menu-item-top-level-4' role='menuitem'><a href='https:\/\/www.iemn.fr\/en\/la-recherche\/les-groupes\/groupe-nansee\/research-activity'  ><span class='avia-bullet'><\/span><span class='avia-menu-text'>Themes<\/span><\/a><\/li>\n<li class='menu-item av-z96b22-12d4bef743ee84f5a90313649bac2845 menu-item-top-level menu-item-top-level-5' role='menuitem'><a href='https:\/\/www.iemn.fr\/en\/la-recherche\/les-groupes\/groupe-nansee\/projets'  ><span class='avia-bullet'><\/span><span class='avia-menu-text'>Projects<\/span><\/a><\/li>\n<li class='menu-item av-1owhbzu-9626cf760c8ca77eea32db749fa7ab04 menu-item-top-level menu-item-top-level-6' role='menuitem'><a href='https:\/\/www.iemn.fr\/en\/la-recherche\/les-groupes\/groupe-nansee\/equipements'  ><span class='avia-bullet'><\/span><span class='avia-menu-text'>Equipment<\/span><\/a><\/li>\n<li class='menu-item av-pyte2w-ed5b0eb7e2cb9977a5698e62749c1e8e menu-item-top-level menu-item-top-level-7' role='menuitem'><a href='https:\/\/www.iemn.fr\/en\/la-recherche\/les-groupes'  ><span class='avia-bullet'><\/span><span class='avia-menu-text'>Other groups<\/span><\/a><\/li>\n<\/ul><\/div><\/div><div id='after_submenu_1'  class='main_color av_default_container_wrap container_wrap sidebar_right'  ><div class='container av-section-cont-open' ><div class='template-page content  av-content-small alpha units'><div class='post-entry post-entry-type-page post-entry-26970'><div class='entry-content-wrapper clearfix'>\n\n<style type=\"text\/css\" data-created_by=\"avia_inline_auto\" id=\"style-css-av-lvggz1zu-ed5f6c75249777247ab992f575108214\">\n#top .av-special-heading.av-lvggz1zu-ed5f6c75249777247ab992f575108214{\npadding-bottom:10px;\n}\nbody .av-special-heading.av-lvggz1zu-ed5f6c75249777247ab992f575108214 .av-special-heading-tag .heading-char{\nfont-size:25px;\n}\n.av-special-heading.av-lvggz1zu-ed5f6c75249777247ab992f575108214 .av-subheading{\nfont-size:15px;\n}\n<\/style>\n<div  class='av-special-heading av-lvggz1zu-ed5f6c75249777247ab992f575108214 av-special-heading-h2  avia-builder-el-2  el_after_av_submenu  el_before_av_textblock  avia-builder-el-first  av-linked-heading'><h2 class='av-special-heading-tag'  itemprop=\"headline\"  >NANSEE Group<\/h2><div class=\"special-heading-border\"><div class=\"special-heading-inner-border\"><\/div><\/div><\/div>\n<section  class='av_textblock_section av-nx83cq-a0480286a72b2713bb9eebb5fd880a6c'   itemscope=\"itemscope\" itemtype=\"https:\/\/schema.org\/CreativeWork\" ><div class='avia_textblock'  itemprop=\"text\" ><blockquote>\n<h4><strong>NANomaterials for Health, <\/strong><strong>l'<\/strong><strong>Energy and the Environment<\/strong><\/h4>\n<p><strong>3 permanent researchers and 3 permanent engineers<\/strong><\/p>\n<p>Manager: Amar Abderrahmani<\/p>\n<p>Location: IRI Building (1st floor), Campus CNRS Haute-Borne, 50 avenue Halley 59658 VILLENEUVE D'ASCQ<\/p>\n<\/blockquote>\n<h4><br class=\"avia-permanent-lb\" \/>Objectives<\/h4>\n<p style=\"text-align: justify\">Le groupe NANSEE a pour but d\u2019exploiter les propri\u00e9t\u00e9s physico-chimiques des nanostructures principalement m\u00e9talliques et semi-conductrices, et de tirer parti de leur fonctionnalisation contr\u00f4l\u00e9e et de l\u2019analyse de surface pour concevoir des mat\u00e9riaux composites fonctionnels.<\/p>\n<p style=\"text-align: justify\">Les mat\u00e9riaux con\u00e7us sont destin\u00e9s \u00e0 des applications dans des domaines allant des biocapteurs et de la nanom\u00e9decine (administration cibl\u00e9e, d\u00e9livrance contr\u00f4l\u00e9e de m\u00e9dicaments), \u00e0 la production d\u2019\u00e9nergie et \u00e0 l\u2019assainissement\u00a0 de l\u2019environnement.<\/p>\n<\/div><\/section>","protected":false},"excerpt":{"rendered":"","protected":false},"author":2,"featured_media":0,"parent":101,"menu_order":72,"comment_status":"closed","ping_status":"closed","template":"","meta":{"footnotes":""},"class_list":["post-26970","page","type-page","status-publish","hentry"],"_links":{"self":[{"href":"https:\/\/www.iemn.fr\/en\/wp-json\/wp\/v2\/pages\/26970","targetHints":{"allow":["GET"]}}],"collection":[{"href":"https:\/\/www.iemn.fr\/en\/wp-json\/wp\/v2\/pages"}],"about":[{"href":"https:\/\/www.iemn.fr\/en\/wp-json\/wp\/v2\/types\/page"}],"author":[{"embeddable":true,"href":"https:\/\/www.iemn.fr\/en\/wp-json\/wp\/v2\/users\/2"}],"replies":[{"embeddable":true,"href":"https:\/\/www.iemn.fr\/en\/wp-json\/wp\/v2\/comments?post=26970"}],"version-history":[{"count":0,"href":"https:\/\/www.iemn.fr\/en\/wp-json\/wp\/v2\/pages\/26970\/revisions"}],"up":[{"embeddable":true,"href":"https:\/\/www.iemn.fr\/en\/wp-json\/wp\/v2\/pages\/101"}],"wp:attachment":[{"href":"https:\/\/www.iemn.fr\/en\/wp-json\/wp\/v2\/media?parent=26970"}],"curies":[{"name":"wp","href":"https:\/\/api.w.org\/{rel}","templated":true}]}}