{"id":26318,"date":"2018-10-18T14:54:24","date_gmt":"2018-10-18T12:54:24","guid":{"rendered":"https:\/\/www.iemn.fr\/?page_id=26318"},"modified":"2018-10-18T16:25:13","modified_gmt":"2018-10-18T14:25:13","slug":"sergey-mitryukovskiy","status":"publish","type":"page","link":"https:\/\/www.iemn.fr\/en\/la-recherche\/les-groupes\/photonique-thz\/members\/sergey-mitryukovskiy","title":{"rendered":"Sergey MITRYUKOVSKIY"},"content":{"rendered":"<blockquote>\n<h4><a href=\"https:\/\/www.iemn.fr\/wp-content\/uploads\/2018\/10\/sergey_mitryukovskiy.png\"><img loading=\"lazy\" decoding=\"async\" class=\"size-full wp-image-26327 alignright\" src=\"https:\/\/www.iemn.fr\/wp-content\/uploads\/2018\/10\/sergey_mitryukovskiy.png\" alt=\"\" width=\"192\" height=\"300\" \/><\/a>Sergey MITRYUKOVSKIY<\/h4>\n<p>IEMN Laboratory - UMR 8520<br \/>\nAvenue Henri Poincar\u00e9<br \/>\n59,652 VILLENEUVE D'ASCQ<br \/>\nTel: +33 (0)3 20 19 78 60<br \/>\nEmail: <a href=\"mailto:sergey.mitryukovskiy@iemn.univ-lille1.fr\">sergey.mitryukovskiy@iemn.univ-lille1.fr<\/a><br \/>\n<a href=\"https:\/\/scholar.google.ru\/citations?user=IPKt7oYAAAAJ\">https:\/\/scholar.google.ru\/citations?user=IPKt7oYAAAAJ<\/a><\/p><\/blockquote>\n<p>Sergey Mitryukovskiy received his PhD in Physics in 2014 from Ecole Polytechnique (Palaiseau, France) where he worked within the Interaction Laser Matter group lead by Prof. A. Mysyrowicz and Dr. A. Houard. His principle research topics were the generation of THz radiation from femtosecond laser plasma filaments and secondary laser emission by filamentary plasma. In 2014 Dr. Mitryukovskiy joined the Russian Quantum Center (Skolkovo, Russia) as a research fellow. There, his work focused on nonlinear optical studies in the mid-IR range using a unique OPCPA (optical parametric chirped pulse amplification) based mid-IR femtosecond laser system.<\/p>\n<p>In January 2018 he joined the THz-Photonics group at the IEMN where he is working on the NeFiSToV project<\/p>\n<p><strong>Five selected publications<\/strong><\/p>\n<p>[1] Mitrofanov, A. Voronin, D. Sidorov-Biryukov, S. Mitryukovsky, A. Fedotov, E. Serebryannikov, D. Meshchankin, V. Shumakova, S. Ali\u0161auskas, A. Pug\u017elys, V. Panchenko, A. Baltu\u0161ka, A. Zheltikov.<a href=\"https:\/\/www.osapublishing.org\/abstract.cfm?uri=optica-3-3-299\">Subterawatt few-cycle mid-infrared pulses from a single filament<\/a>\"Optica <strong>3<\/strong>, 299 (2016)<br \/>\n[2] Mitryukovskiy, Y. Liu, P. Ding, A. Houard, A. Couairon, A. Mysyrowicz, \"<a href=\"https:\/\/journals.aps.org\/prl\/abstract\/10.1103\/PhysRevLett.114.063003\">Plasma luminescence from femtosecond filaments in air: evidence for impact excitation with circularly polarized light pulses<\/a>\"Phys. Rev. Lett. <strong>114<\/strong>, 063003 (2015)<br \/>\n[3] Mitrofanov, A. Voronin, S. Mitryukovskiy, D. Sidorov-Biryukov, A. Pug\u017elys, G. Andriukaitis, T. Fl\u00f6ry, E. Stepanov, A. Fedotov, A. Baltu\u0161ka, A. Zheltikov, \"<a href=\"https:\/\/www.osapublishing.org\/abstract.cfm?uri=ol-40-9-2068\">Mid-infrared-to-mid-ultraviolet supercontinuum enhanced by third-to-fifteenth odd harmonics<\/a>\"Opt. Lett. <strong>40<\/strong>, 2068 (2015)<br \/>\n[4] Mitryukovskiy, Y. Liu, P. Ding, A. Houard, A. Mysyrowicz, \"<a href=\"https:\/\/www.osapublishing.org\/abstract.cfm?uri=oe-22-11-12750\">Backward stimulated radiation from filaments in nitrogen gas and air pumped by circularly polarized 800 nm femtosecond laser pulses<\/a>\"Opt. Expr. <strong>22<\/strong>, 12750 (2014)<br \/>\n[5] Mitryukovskiy, Y. Liu, B. Prade, A. Houard, A. Mysyrowicz, \"<a href=\"http:\/\/aip.scitation.org\/doi\/abs\/10.1063\/1.4807917\">Coherent synthesis of terahertz radiation from femtosecond laser filaments in air<\/a>\"Appl. Phys. Lett. <strong>102<\/strong>, 221107 (2013)<\/p>","protected":false},"excerpt":{"rendered":"<p>Sergey MITRYUKOVSKIY Laboratoire IEMN\u2013 UMR 8520 Avenue Henri Poincar\u00e9 59 652 VILLENEUVE D\u2019ASCQ T\u00e9l : +33 (0)3 20 19 78 60 Email: sergey.mitryukovskiy@iemn.univ-lille1.fr https:\/\/scholar.google.ru\/citations?user=IPKt7oYAAAAJ Sergey Mitryukovskiy received his PhD in Physics in 2014 from Ecole Polytechnique (Palaiseau, France) where he worked within the Interaction Laser Matter group lead by Prof. A. Mysyrowicz and Dr. A. [&hellip;]<\/p>","protected":false},"author":2,"featured_media":0,"parent":26162,"menu_order":65,"comment_status":"closed","ping_status":"closed","template":"","meta":{"footnotes":""},"class_list":["post-26318","page","type-page","status-publish","hentry"],"_links":{"self":[{"href":"https:\/\/www.iemn.fr\/en\/wp-json\/wp\/v2\/pages\/26318","targetHints":{"allow":["GET"]}}],"collection":[{"href":"https:\/\/www.iemn.fr\/en\/wp-json\/wp\/v2\/pages"}],"about":[{"href":"https:\/\/www.iemn.fr\/en\/wp-json\/wp\/v2\/types\/page"}],"author":[{"embeddable":true,"href":"https:\/\/www.iemn.fr\/en\/wp-json\/wp\/v2\/users\/2"}],"replies":[{"embeddable":true,"href":"https:\/\/www.iemn.fr\/en\/wp-json\/wp\/v2\/comments?post=26318"}],"version-history":[{"count":0,"href":"https:\/\/www.iemn.fr\/en\/wp-json\/wp\/v2\/pages\/26318\/revisions"}],"up":[{"embeddable":true,"href":"https:\/\/www.iemn.fr\/en\/wp-json\/wp\/v2\/pages\/26162"}],"wp:attachment":[{"href":"https:\/\/www.iemn.fr\/en\/wp-json\/wp\/v2\/media?parent=26318"}],"curies":[{"name":"wp","href":"https:\/\/api.w.org\/{rel}","templated":true}]}}