{"id":26216,"date":"2018-10-18T14:54:24","date_gmt":"2018-10-18T12:54:24","guid":{"rendered":"https:\/\/www.iemn.fr\/?page_id=26216"},"modified":"2024-07-20T08:07:56","modified_gmt":"2024-07-20T06:07:56","slug":"guillaume-ducournau","status":"publish","type":"page","link":"https:\/\/www.iemn.fr\/en\/la-recherche\/les-groupes\/photonique-thz\/members\/guillaume-ducournau","title":{"rendered":"Guillaume DUCOURNAU"},"content":{"rendered":"<blockquote>\n<h4><a href=\"https:\/\/www.iemn.fr\/wp-content\/uploads\/2018\/10\/guillaume_ducournau.jpg\"><img loading=\"lazy\" decoding=\"async\" class=\"size-full wp-image-26219 alignright\" src=\"https:\/\/www.iemn.fr\/wp-content\/uploads\/2018\/10\/guillaume_ducournau.jpg\" alt=\"\" width=\"185\" height=\"300\" \/><\/a>Guillaume <strong>DUCOURNAU<\/strong><\/h4>\n<p>Professeur des Universit\u00e9s<br \/>\nIEMN - UMR 8520<br \/>\nAvenue Poincar\u00e9<br \/>\n59650 Villeneuve d'Ascq Cedex<br \/>\n+33 (0)3 20 19 78 47<br \/>\n<a href=\"mailto:guillaume.ducournau@univ-lille.fr\">guillaume.ducournau@univ-lille.fr<\/a><\/p><\/blockquote>\n<p>Guillaume Ducournau est professeur des Universit\u00e9s \u00e0 \u00e0 l\u2019Institut d\u2019Electronique, de Micro\u00e9lectronique et de Nanotechnologies (IEMN), UMR-CNRS 8520, Universit\u00e9 de Lille, Villeneuve d\u2019Ascq, France. Il a mis en place et est responsable de l\u2019activit\u00e9 communications sans fil THz \u00e0 l\u2019IEMN utilisant les sources et d\u00e9tecteurs THz \u00e9lectriques et opto\u00e9lectronique, \u00e0 savoir les photom\u00e9langeurs (UTC-PD), r\u00e9cepteurs \u00e9lectroniques \u00e0 diode Schottky. Il s\u2019int\u00e9resse \u00e9galement \u00e0 la caract\u00e9risation et l\u2019instrumentation associ\u00e9e en gamme millim\u00e9trique et THz, comme par exemple la mesure on-wafer jusque 1.1 THz et la caract\u00e9risation d\u2019antennes. Il a travaill\u00e9 sur plusieurs projets europ\u00e9ens : STREP ROOTHz 2010-2013, ThoR H2020, dont certains sont en cours : GRAPH-X, TIMES (6G SNS) ainsi que le r\u00e9seau Marie-Curie TERAOPTICS. Au niveau national, il a \u00e9t\u00e9 Coordonnateur du projet COM\u2019TONIQ de 2014 \u00e0 2017 financ\u00e9 par l\u2019ANR (INFRA 2013) d\u00e9di\u00e9 aux communications THz dans la bande 300 GHz, du projet ANR\/DFG TERASONIC pour l\u2019association de technologies photoniques THz et des technologies \u00e9lectriques \u00e0 \u00e9tat solide. Il coordonne \u00e9galement 2 projets sur les programmes nationaux France 2030 regroupant plusieurs laboratoires fran\u00e7ais dans le cadre des programmes \u00ab PEPR \u00bb financ\u00e9s par l\u2019ANR (Agence Nationale de la Recherche). Dans ce cadre, le projet FUNTERA (6 partenaires) \u00e9tudie les convertisseurs THz, tandis que le projet SYSTERA (12 partenaires) se consacre aux syst\u00e8mes au-del\u00e0 de 90 GHz pour les futurs r\u00e9seaux. Il participe \u00e9galement au laboratoire commun ST-IEMN, et plus particuli\u00e8rement impliqu\u00e9 dans la partie caract\u00e9risation des technologies silicium pour les gammes de fr\u00e9quence millim\u00e9triques. Il est l\u2019auteur ou le co-auteur de plus de 180 publications dans des revues internationales \u00e0 comit\u00e9 de lecture ou d\u2019actes de conf\u00e9rences \u00e0 comit\u00e9 de lecture et d\u00e9tient 1 brevet.<\/p>\n<p><strong>5 Publications r\u00e9centes:<br \/>\n<\/strong><\/p>\n<p>[1] Djevahirdjian, L., Lechevallier, L., Martin-Drumel, MA.\u00a0et al. \u00ab\u00a0Frequency stable and low phase noise THz synthesis for precision spectroscopy\u201d. Nat Commun\u00a014, 7162 (2023). <a href=\"https:\/\/doi.org\/10.1038\/s41467-023-42905-z\">https:\/\/doi.org\/10.1038\/s41467-023-42905-z<\/a><br \/>\n[2] Gupta, Manoj &amp; Navaratna, Nikhil &amp; Szriftgiser, Pascal &amp; Ducournau, Guillaume &amp; Singh, Ranjan. (2023). 327 Gbps THz silicon photonic interconnect with sub-\u03bb bends. Applied Physics Letters. 123. 10.1063\/5.0168016.<br \/>\n[3] Kim, M., Ducournau, G., Skrzypczak, S. et al. Monolayer molybdenum disulfide switches for 6G communication systems. Nat Electron 5, 367\u2013373 (2022). <a href=\"https:\/\/doi.org\/10.1038\/s41928-022-00766-2\">https:\/\/doi.org\/10.1038\/s41928-022-00766-2<\/a><br \/>\n[4] Kumar, A., Gupta, M., Pitchappa, P. et al. Phototunable chip-scale topological photonics: 160\u2009Gbps waveguide and demultiplexer for THz 6G communication. Nat Commun 13, 5404 (2022). <a href=\"https:\/\/doi.org\/10.1038\/s41467-022-32909-6\">https:\/\/doi.org\/10.1038\/s41467-022-32909-6<\/a><br \/>\n[5] A. Renau, C. Maye, D. Wrana et al. \u201c300 GHz super heterodyne link over 645 m with frequency duplexing for point to point backhauls\u201d, 2023 53RD EUROPEAN MICROWAVE CONFERENCE (EUMC), SEP 2023, BERLIN, GERMANY. PP.130-133, \u27e810.23919\/EUMC58039.2023.10290501\u27e9.<\/p>","protected":false},"excerpt":{"rendered":"<p>Guillaume DUCOURNAU Professeur des Universit\u00e9s IEMN \u2013 UMR 8520 Avenue Poincar\u00e9 59650 Villeneuve d\u2019Ascq Cedex +33 (0)3 20 19 78 47 guillaume.ducournau@univ-lille.fr Guillaume Ducournau est professeur des Universit\u00e9s \u00e0 \u00e0 l&rsquo;Institut d&rsquo;Electronique, de Micro\u00e9lectronique et de Nanotechnologies (IEMN), UMR-CNRS 8520, Universit\u00e9 de Lille, Villeneuve d&rsquo;Ascq, France. Il a mis en place et est responsable de [&hellip;]<\/p>","protected":false},"author":2,"featured_media":0,"parent":26162,"menu_order":30,"comment_status":"closed","ping_status":"closed","template":"","meta":{"footnotes":""},"class_list":["post-26216","page","type-page","status-publish","hentry"],"_links":{"self":[{"href":"https:\/\/www.iemn.fr\/en\/wp-json\/wp\/v2\/pages\/26216","targetHints":{"allow":["GET"]}}],"collection":[{"href":"https:\/\/www.iemn.fr\/en\/wp-json\/wp\/v2\/pages"}],"about":[{"href":"https:\/\/www.iemn.fr\/en\/wp-json\/wp\/v2\/types\/page"}],"author":[{"embeddable":true,"href":"https:\/\/www.iemn.fr\/en\/wp-json\/wp\/v2\/users\/2"}],"replies":[{"embeddable":true,"href":"https:\/\/www.iemn.fr\/en\/wp-json\/wp\/v2\/comments?post=26216"}],"version-history":[{"count":0,"href":"https:\/\/www.iemn.fr\/en\/wp-json\/wp\/v2\/pages\/26216\/revisions"}],"up":[{"embeddable":true,"href":"https:\/\/www.iemn.fr\/en\/wp-json\/wp\/v2\/pages\/26162"}],"wp:attachment":[{"href":"https:\/\/www.iemn.fr\/en\/wp-json\/wp\/v2\/media?parent=26216"}],"curies":[{"name":"wp","href":"https:\/\/api.w.org\/{rel}","templated":true}]}}