{"id":26095,"date":"2018-04-25T09:58:15","date_gmt":"2018-04-25T07:58:15","guid":{"rendered":"https:\/\/www.iemn.fr\/?page_id=26095"},"modified":"2026-04-02T16:38:43","modified_gmt":"2026-04-02T14:38:43","slug":"photonique-thz","status":"publish","type":"page","link":"https:\/\/www.iemn.fr\/en\/la-recherche\/les-groupes\/photonique-thz","title":{"rendered":"Group : PHOTONIQUE THz"},"content":{"rendered":"<div id='layer_slider_1'  class='avia-layerslider main_color avia-shadow  avia-builder-el-0  el_before_av_submenu  avia-builder-el-first  container_wrap sidebar_right'  style='height: 261px;'  ><div id=\"layerslider_46_18vcjc0ygel8d\" data-ls-slug=\"homepageslider\" class=\"ls-wp-container fitvidsignore ls-selectable\" style=\"width:1140px;height:260px;margin:0 auto;margin-bottom: 0px;\"><div class=\"ls-slide\" data-ls=\"bgposition:50% 50%;duration:6000;transition2d:5;\"><img loading=\"lazy\" decoding=\"async\" width=\"2600\" height=\"270\" src=\"https:\/\/www.iemn.fr\/wp-content\/uploads\/2018\/10\/sliders_groupe_photonique.jpg\" class=\"ls-bg\" alt=\"\" srcset=\"https:\/\/www.iemn.fr\/wp-content\/uploads\/2018\/10\/sliders_groupe_photonique.jpg 2600w, https:\/\/www.iemn.fr\/wp-content\/uploads\/2018\/10\/sliders_groupe_photonique-300x31.jpg 300w, https:\/\/www.iemn.fr\/wp-content\/uploads\/2018\/10\/sliders_groupe_photonique-768x80.jpg 768w, https:\/\/www.iemn.fr\/wp-content\/uploads\/2018\/10\/sliders_groupe_photonique-1030x107.jpg 1030w, https:\/\/www.iemn.fr\/wp-content\/uploads\/2018\/10\/sliders_groupe_photonique-1500x156.jpg 1500w, https:\/\/www.iemn.fr\/wp-content\/uploads\/2018\/10\/sliders_groupe_photonique-705x73.jpg 705w\" sizes=\"auto, (max-width: 2600px) 100vw, 2600px\" \/><ls-layer style=\"font-size:14px;text-align:left;font-style:normal;text-decoration:none;text-transform:none;font-weight:700;letter-spacing:0px;background-position:0% 0%;background-repeat:no-repeat;mix-blend-mode:normal;top:231px;left:0px;height:30px;width:400px;line-height:32px;color:#ffffff;border-radius:6px 6px 6px 6px;padding-left:50px;background-color:rgba(0, 0, 0, 0.57);\" class=\"ls-l ls-ib-icon ls-text-layer\" data-ls=\"minfontsize:0;minmobilefontsize:0;\"><i class=\"fa fa-user-circle\" style=\"color:#f2f2f2;margin-right:0.8em;font-size:1em;transform:translateY( -0.125em );\"><\/i>GROUPE DE RECHERCHE : PHOTONIQUE THz<\/ls-layer><\/div><\/div><\/div>\n<div id='sub_menu1'  class='av-submenu-container av-jrqfadqy-ce2f2ab09b07c9cd48b0b2cdd423b7d9 footer_color  avia-builder-el-1  el_after_av_layerslider  el_before_av_heading  submenu-not-first container_wrap sidebar_right' style='z-index:301' ><div class='container av-menu-mobile-disabled av-submenu-pos-left'><ul id='av-custom-submenu-1' class='av-subnav-menu' role='menu'>\n<li class='menu-item av-31gz4pb-c7c41091f35cbf45fdf92f6f1082d719 menu-item-top-level menu-item-top-level-1' role='menuitem'><a href='https:\/\/www.iemn.fr\/en\/la-recherche\/les-groupes\/photonique-thz'  ><span class='avia-bullet'><\/span><span class='avia-menu-text'>Introduction<\/span><\/a><\/li>\n<li class='menu-item av-97raen-cf0b839e02630ad6a0bb69cba620da49 menu-item-top-level menu-item-top-level-2' role='menuitem'><a href='https:\/\/www.iemn.fr\/en\/la-recherche\/les-groupes\/photonique-thz\/members'  ><span class='avia-bullet'><\/span><span class='avia-menu-text'>Members<\/span><\/a><\/li>\n<li class='menu-item av-26qy67j-859dd197b0fc5659187660ed96f8caa4 menu-item-top-level menu-item-top-level-3' role='menuitem'><a href='https:\/\/www.iemn.fr\/en\/la-recherche\/les-groupes\/photonique-thz\/research'  ><span class='avia-bullet'><\/span><span class='avia-menu-text'>Sujets de Recherche<\/span><\/a><\/li>\n<li class='menu-item av-1q0dcun-5205701533c0c904389700bf2559af12 menu-item-top-level menu-item-top-level-4' role='menuitem'><a href='https:\/\/www.iemn.fr\/en\/la-recherche\/les-groupes\/photonique-thz\/projets'  ><span class='avia-bullet'><\/span><span class='avia-menu-text'>Projects<\/span><\/a><\/li>\n<li class='menu-item av-31gz4pb-1-7ca7f4558b36cc06c74a6c5e52801b43 menu-item-top-level menu-item-top-level-5' role='menuitem'><a href='https:\/\/www.iemn.fr\/en\/la-recherche\/les-groupes\/photonique-thz'  target=\"_blank\"  rel=\"noopener noreferrer\" ><span class='avia-bullet'><\/span><span class='avia-menu-text'>News<\/span><\/a><\/li>\n<li class='menu-item av-1c5zecv-e3225a9ede9c458028e8f1e7a946c352 menu-item-top-level menu-item-top-level-6' role='menuitem'><a href='https:\/\/www.iemn.fr\/en\/la-recherche\/les-groupes'  ><span class='avia-bullet'><\/span><span class='avia-menu-text'>Other groups<\/span><\/a><\/li>\n<\/ul><\/div><\/div><div id='after_submenu_1'  class='main_color av_default_container_wrap container_wrap sidebar_right'  ><div class='container av-section-cont-open' ><div class='template-page content  av-content-small alpha units'><div class='post-entry post-entry-type-page post-entry-26095'><div class='entry-content-wrapper clearfix'>\n\n<style type=\"text\/css\" data-created_by=\"avia_inline_auto\" id=\"style-css-av-ldx6qjd0-6339bdbea8fabc72a2a8b68479b09d8a\">\n#top .av-special-heading.av-ldx6qjd0-6339bdbea8fabc72a2a8b68479b09d8a{\npadding-bottom:10px;\n}\nbody .av-special-heading.av-ldx6qjd0-6339bdbea8fabc72a2a8b68479b09d8a .av-special-heading-tag .heading-char{\nfont-size:25px;\n}\n.av-special-heading.av-ldx6qjd0-6339bdbea8fabc72a2a8b68479b09d8a .av-subheading{\nfont-size:15px;\n}\n<\/style>\n<div  class='av-special-heading av-ldx6qjd0-6339bdbea8fabc72a2a8b68479b09d8a av-special-heading-h2  avia-builder-el-2  el_after_av_submenu  el_before_av_hr  avia-builder-el-first'><h2 class='av-special-heading-tag'  itemprop=\"headline\"  >PHOTONIQUE THz Group <\/h2><div class=\"special-heading-border\"><div class=\"special-heading-inner-border\"><\/div><\/div><\/div>\n\n<style type=\"text\/css\" data-created_by=\"avia_inline_auto\" id=\"style-css-av-mnhkwm3a-778c3f8c08e3cae662d32839fd2a3e81\">\n#top .hr.hr-invisible.av-mnhkwm3a-778c3f8c08e3cae662d32839fd2a3e81{\nheight:25px;\n}\n<\/style>\n<div  class='hr av-mnhkwm3a-778c3f8c08e3cae662d32839fd2a3e81 hr-invisible  avia-builder-el-3  el_after_av_heading  el_before_av_textblock'><span class='hr-inner'><span class=\"hr-inner-style\"><\/span><\/span><\/div>\n<section  class='av_textblock_section av-t1yoer-f601b493965c934e5b6d9b3d01fb785a'   itemscope=\"itemscope\" itemtype=\"https:\/\/schema.org\/CreativeWork\" ><div class='avia_textblock'  itemprop=\"text\" ><h5><strong><span style=\"color: #800000;\"><span style=\"color: #f16728;\">\n<style type=\"text\/css\" data-created_by=\"avia_inline_auto\" id=\"style-css-av-mqde7m-7fda9ae86369a0303b476ef921727744\">\n.av_font_icon.av-mqde7m-7fda9ae86369a0303b476ef921727744{\ncolor:#f16728;\nborder-color:#f16728;\n}\n.av_font_icon.av-mqde7m-7fda9ae86369a0303b476ef921727744 .av-icon-char{\nfont-size:25px;\nline-height:25px;\n}\n<\/style>\n<span  class='av_font_icon av-mqde7m-7fda9ae86369a0303b476ef921727744 avia_animate_when_visible av-icon-style- avia-icon-pos-left avia-icon-animate'><span class='av-icon-char' aria-hidden='true' data-av_icon='\ue80a' data-av_iconfont='entypo-fontello' ><\/span><\/span><\/span><\/span><\/strong><\/h5>\n<h5><strong><span style=\"color: #800000;\">Responsable de groupe : Mathias VANWOLLEGHEM<\/span><\/strong><\/h5>\n<h5><strong><span style=\"color: #800000;\"><br \/>\n<span style=\"color: #f16728;\">\n<style type=\"text\/css\" data-created_by=\"avia_inline_auto\" id=\"style-css-av-mqde7m-1-ec2c04f41b7420486817f2e799a043b8\">\n.av_font_icon.av-mqde7m-1-ec2c04f41b7420486817f2e799a043b8{\ncolor:#f16728;\nborder-color:#f16728;\n}\n.av_font_icon.av-mqde7m-1-ec2c04f41b7420486817f2e799a043b8 .av-icon-char{\nfont-size:25px;\nline-height:25px;\n}\n<\/style>\n<span  class='av_font_icon av-mqde7m-1-ec2c04f41b7420486817f2e799a043b8 avia_animate_when_visible av-icon-style- avia-icon-pos-left avia-icon-animate'><span class='av-icon-char' aria-hidden='true' data-av_icon='\ue805' data-av_iconfont='entypo-fontello' ><\/span><\/span><\/span>Contact: <\/span><\/strong><strong><span style=\"color: #800000;\">mathias.vanwolleghem <\/span><\/strong><strong><span style=\"color: #800000;\"><a href=\"https:\/\/www.iemn.fr\/wp-content\/uploads\/2025\/05\/arobase5.png\"><img loading=\"lazy\" decoding=\"async\" class=\"alignnone size-full wp-image-73332\" src=\"https:\/\/www.iemn.fr\/wp-content\/uploads\/2025\/05\/arobase5.png\" alt=\"\" width=\"16\" height=\"14\" srcset=\"https:\/\/www.iemn.fr\/wp-content\/uploads\/2025\/05\/arobase5.png 16w, https:\/\/www.iemn.fr\/wp-content\/uploads\/2025\/05\/arobase5-14x12.png 14w\" sizes=\"auto, (max-width: 16px) 100vw, 16px\" \/><\/a> iemn.fr<\/span><\/strong><\/h5>\n<hr \/>\n<p>Des dispositifs aux applications<\/p>\n<p>Nos recherches sont principalement consacr\u00e9es au d\u00e9veloppement de dispositifs fonctionnant dans la gamme des ondes t\u00e9rahertz (THz) et moyen infrarouge , tels que des sources, des d\u00e9tecteurs, des lignes de transmission, des antennes\u2026.. Nous travaillons \u00e9galement sur l\u2019application du rayonnement THz dans les domaines de la spectroscopie, des communications \u00e0 haut d\u00e9bit et de l\u2019imagerie en champ proche. Plus pr\u00e9cis\u00e9ment, nos recherches se d\u00e9veloppent actuellement <a href=\"https:\/\/www.iemn.fr\/en\/la-recherche\/les-groupes\/photonique-thz\/research\">selon les axes suivants.<\/a><br \/>\n<a href=\"https:\/\/www.iemn.fr\/wp-content\/uploads\/2024\/08\/Groupe2023-scaled.jpg\"><img loading=\"lazy\" decoding=\"async\" class=\"wp-image-69782 size-large aligncenter\" src=\"https:\/\/www.iemn.fr\/wp-content\/uploads\/2024\/08\/Groupe2023-1030x687.jpg\" alt=\"\" width=\"1030\" height=\"687\" srcset=\"https:\/\/www.iemn.fr\/wp-content\/uploads\/2024\/08\/Groupe2023-1030x687.jpg 1030w, https:\/\/www.iemn.fr\/wp-content\/uploads\/2024\/08\/Groupe2023-300x200.jpg 300w, https:\/\/www.iemn.fr\/wp-content\/uploads\/2024\/08\/Groupe2023-768x512.jpg 768w, https:\/\/www.iemn.fr\/wp-content\/uploads\/2024\/08\/Groupe2023-1536x1024.jpg 1536w, https:\/\/www.iemn.fr\/wp-content\/uploads\/2024\/08\/Groupe2023-2048x1365.jpg 2048w, https:\/\/www.iemn.fr\/wp-content\/uploads\/2024\/08\/Groupe2023-18x12.jpg 18w, https:\/\/www.iemn.fr\/wp-content\/uploads\/2024\/08\/Groupe2023-1500x1000.jpg 1500w, https:\/\/www.iemn.fr\/wp-content\/uploads\/2024\/08\/Groupe2023-705x470.jpg 705w\" sizes=\"auto, (max-width: 1030px) 100vw, 1030px\" \/><\/a><\/p>\n<\/div><\/section>\n<section  class='av_textblock_section av-jnbrkjs6-ebb6b94f4bf34ee7379a2855261e9a85'   itemscope=\"itemscope\" itemtype=\"https:\/\/schema.org\/CreativeWork\" ><div class='avia_textblock'  itemprop=\"text\" ><p><a class=\"mtli_attachment mtli_pdf\" href=\"https:\/\/www.iemn.fr\/wp-content\/uploads\/2014\/02\/IEMN15_PosterGroup_THZ_def.pdf\" target=\"_blank\" rel=\"noopener noreferrer\">Poster_<\/a>THz PHOTONIC<\/p>\n<\/div><\/section>","protected":false},"excerpt":{"rendered":"","protected":false},"author":2,"featured_media":0,"parent":101,"menu_order":85,"comment_status":"closed","ping_status":"closed","template":"","meta":{"footnotes":""},"class_list":["post-26095","page","type-page","status-publish","hentry"],"_links":{"self":[{"href":"https:\/\/www.iemn.fr\/en\/wp-json\/wp\/v2\/pages\/26095","targetHints":{"allow":["GET"]}}],"collection":[{"href":"https:\/\/www.iemn.fr\/en\/wp-json\/wp\/v2\/pages"}],"about":[{"href":"https:\/\/www.iemn.fr\/en\/wp-json\/wp\/v2\/types\/page"}],"author":[{"embeddable":true,"href":"https:\/\/www.iemn.fr\/en\/wp-json\/wp\/v2\/users\/2"}],"replies":[{"embeddable":true,"href":"https:\/\/www.iemn.fr\/en\/wp-json\/wp\/v2\/comments?post=26095"}],"version-history":[{"count":4,"href":"https:\/\/www.iemn.fr\/en\/wp-json\/wp\/v2\/pages\/26095\/revisions"}],"predecessor-version":[{"id":77836,"href":"https:\/\/www.iemn.fr\/en\/wp-json\/wp\/v2\/pages\/26095\/revisions\/77836"}],"up":[{"embeddable":true,"href":"https:\/\/www.iemn.fr\/en\/wp-json\/wp\/v2\/pages\/101"}],"wp:attachment":[{"href":"https:\/\/www.iemn.fr\/en\/wp-json\/wp\/v2\/media?parent=26095"}],"curies":[{"name":"wp","href":"https:\/\/api.w.org\/{rel}","templated":true}]}}