{"id":26089,"date":"2018-04-25T09:58:15","date_gmt":"2018-04-25T07:58:15","guid":{"rendered":"https:\/\/www.iemn.fr\/?page_id=26089"},"modified":"2024-07-04T11:51:32","modified_gmt":"2024-07-04T09:51:32","slug":"nam6","status":"publish","type":"page","link":"https:\/\/www.iemn.fr\/en\/la-recherche\/les-groupes\/nam6","title":{"rendered":"Group : NAM6"},"content":{"rendered":"<div id='layer_slider_1'  class='avia-layerslider main_color avia-shadow  avia-builder-el-0  el_before_av_submenu  avia-builder-el-first  container_wrap sidebar_right'  style='height: 261px;'  ><div id=\"layerslider_54_1fj0v8a5mhre9\" data-ls-slug=\"homepageslider\" class=\"ls-wp-container fitvidsignore ls-selectable\" style=\"width:1140px;height:260px;margin:0 auto;margin-bottom: 0px;\"><div class=\"ls-slide\" data-ls=\"duration:6000;transition2d:5;\"><img loading=\"lazy\" decoding=\"async\" width=\"2600\" height=\"270\" src=\"https:\/\/www.iemn.fr\/wp-content\/uploads\/2018\/11\/sliders_groupe_nam6.jpg\" class=\"ls-bg\" alt=\"\" srcset=\"https:\/\/www.iemn.fr\/wp-content\/uploads\/2018\/11\/sliders_groupe_nam6.jpg 2600w, https:\/\/www.iemn.fr\/wp-content\/uploads\/2018\/11\/sliders_groupe_nam6-300x31.jpg 300w, https:\/\/www.iemn.fr\/wp-content\/uploads\/2018\/11\/sliders_groupe_nam6-768x80.jpg 768w, https:\/\/www.iemn.fr\/wp-content\/uploads\/2018\/11\/sliders_groupe_nam6-1030x107.jpg 1030w, https:\/\/www.iemn.fr\/wp-content\/uploads\/2018\/11\/sliders_groupe_nam6-1500x156.jpg 1500w, https:\/\/www.iemn.fr\/wp-content\/uploads\/2018\/11\/sliders_groupe_nam6-705x73.jpg 705w\" sizes=\"auto, (max-width: 2600px) 100vw, 2600px\" \/><ls-layer style=\"font-size:14px;text-align:left;font-style:normal;text-decoration:none;text-transform:none;font-weight:700;letter-spacing:0px;background-position:0% 0%;background-repeat:no-repeat;mix-blend-mode:normal;top:231px;left:0px;height:30px;width:360px;line-height:32px;color:#ffffff;border-radius:6px 6px 6px 6px;padding-left:50px;background-color:rgba(0, 0, 0, 0.57);\" class=\"ls-l ls-ib-icon ls-text-layer\" data-ls=\"minfontsize:0;minmobilefontsize:0;\"><i class=\"fa fa-user-circle\" style=\"color:#f2f2f2;margin-right:0.8em;font-size:1em;transform:translateY( -0.125em );\"><\/i>GROUPE DE RECHERCHE : NAM6<\/ls-layer><\/div><\/div><\/div>\n<div id='sub_menu1'  class='av-submenu-container av-jrqfadqy-ce2f2ab09b07c9cd48b0b2cdd423b7d9 footer_color  avia-builder-el-1  el_after_av_layerslider  el_before_av_heading  submenu-not-first container_wrap sidebar_right' style='z-index:301' ><div class='container av-menu-mobile-disabled av-submenu-pos-left'><ul id='av-custom-submenu-1' class='av-subnav-menu' role='menu'>\n<li class='menu-item av-23tbvhl-7b2de6d23fb5698c2d24fa5df900adbc menu-item-top-level menu-item-top-level-1' role='menuitem'><a href='https:\/\/www.iemn.fr\/en\/la-recherche\/les-groupes\/nam6'  ><span class='avia-bullet'><\/span><span class='avia-menu-text'>Introduction<\/span><\/a><\/li>\n<li class='menu-item av-2qowsll-44b4a94ebce88ab071bd2291ae8cef94 menu-item-top-level menu-item-top-level-2' role='menuitem'><a href='https:\/\/www.iemn.fr\/en\/la-recherche\/les-groupes\/nam6\/membres'  ><span class='avia-bullet'><\/span><span class='avia-menu-text'>Members<\/span><\/a><\/li>\n<li class='menu-item av-22ca5hl-dbff04b956100527e940633c2b17b2ff menu-item-top-level menu-item-top-level-3' role='menuitem'><a href=''  ><span class='avia-bullet'><\/span><span class='avia-menu-text'>Research projects<\/span><\/a><\/li>\n<li class='menu-item av-1iyqp55-a88e10fe08f56309b8a3f93bd36d0720 menu-item-top-level menu-item-top-level-4' role='menuitem'><a href='https:\/\/www.iemn.fr\/en\/la-recherche\/les-groupes\/nam6\/projets'  ><span class='avia-bullet'><\/span><span class='avia-menu-text'>Projects<\/span><\/a><\/li>\n<li class='menu-item av-3j6qy1-3b04681da8b2c834502f4a574b4a6262 menu-item-top-level menu-item-top-level-5' role='menuitem'><a href='https:\/\/www.iemn.fr\/en\/la-recherche\/les-groupes'  ><span class='avia-bullet'><\/span><span class='avia-menu-text'>Other groups<\/span><\/a><\/li>\n<\/ul><\/div><\/div><div id='after_submenu_1'  class='main_color av_default_container_wrap container_wrap sidebar_right'  ><div class='container av-section-cont-open' ><div class='template-page content  av-content-small alpha units'><div class='post-entry post-entry-type-page post-entry-26089'><div class='entry-content-wrapper clearfix'>\n\n<style type=\"text\/css\" data-created_by=\"avia_inline_auto\" id=\"style-css-av-imn7xl-134ac97e3d9f9270af6a4433914e4b69\">\n#top .av-special-heading.av-imn7xl-134ac97e3d9f9270af6a4433914e4b69{\npadding-bottom:10px;\n}\nbody .av-special-heading.av-imn7xl-134ac97e3d9f9270af6a4433914e4b69 .av-special-heading-tag .heading-char{\nfont-size:25px;\n}\n.av-special-heading.av-imn7xl-134ac97e3d9f9270af6a4433914e4b69 .av-subheading{\nfont-size:15px;\n}\n<\/style>\n<div  class='av-special-heading av-imn7xl-134ac97e3d9f9270af6a4433914e4b69 av-special-heading-h2  avia-builder-el-2  el_after_av_submenu  el_before_av_textblock  avia-builder-el-first'><h2 class='av-special-heading-tag'  itemprop=\"headline\"  >Groupe NAM6<\/h2><div class=\"special-heading-border\"><div class=\"special-heading-inner-border\"><\/div><\/div><\/div>\n<section  class='av_textblock_section av-t1yoer-fc3b50ca8b70e278d0259c1bca02aae0'   itemscope=\"itemscope\" itemtype=\"https:\/\/schema.org\/CreativeWork\" ><div class='avia_textblock'  itemprop=\"text\" ><p class=\"translation-block\">Le groupe <strong>Micro et Nano Syst\u00e8mes (NAM6)<\/strong> d\u00e9veloppe une expertise de <a href=\"https:\/\/www.iemn.fr\/wp-content\/uploads\/2018\/04\/page-en-construction.png\" target=\"_self\" class=\"lightbox-added alignright\" style=\"float: right;margin: 0px;padding: 0px\"><img loading=\"lazy\" class=\"alignright size-full wp-image-15371\" src=\"https:\/\/www.iemn.fr\/wp-content\/uploads\/2018\/04\/page-en-construction.png\" alt=\"\" width=\"159\" height=\"83\"><span class=\"image-overlay overlay-type-image\"><span class=\"image-overlay-inside\"><\/span><\/span><\/a>renomm\u00e9e internationale depuis de nombreuses ann\u00e9es, principalement dans le domaine du micro-actionnement, des micro-capteurs, des dispositifs r\u00e9sonants et des principes de transduction. L\u2019objectif principal du groupe NAM6 est de relever des d\u00e9fis pour \u00e9tablie un nouvel \u00e9tat\u200b\u200b de l\u2019art dans le domaine des micro-et nano- syst\u00e8mes \u00e9lectrom\u00e9caniques (MEMS et NEMS) en poursuivant une strat\u00e9gie en trois volets:<\/p>\n<ol>\n<li>benefit from the synergy between the skills and know-how of the group members and the IEMN environment in applied physics, electronic components, scientific instrumentation, modeling, technological processes, micro-nano-fabrication, and electrical characterization<\/li>\n<li>define research orientations and objectives based on a pragmatic balance between technological and scientific considerations and application issues;<\/li>\n<li>address research themes ranging from fundamental understanding and physical modeling, to device fabrication and evaluation, to system integration and potential technology transfer.<\/li>\n<\/ol>\n<p>Using IEMN's clean room technology, micro- and nano-manufacturing and machining technologies were used to explore and convert the physical effects and properties of materials into devices and microsystems for applications.<\/p>\n<p>Main topics :<\/p>\n<ol>\n<li>Innovative Micro and Nanofabrication<\/li>\n<li>Gallium Nitride MEMS<\/li>\n<li>Probes for AFM microscopy based on MEMS with integrated transducers<\/li>\n<li>Probes for multimodal measurements<\/li>\n<li>Instrumentation combining RF, MEMS and near field<\/li>\n<li>MEMS formicrowave optomechanics<\/li>\n<\/ol>\n<\/div><\/section>\n<section  class='av_textblock_section av-jnbvttuh-b91b887098ddd0679b532d3d5fc9abe1'   itemscope=\"itemscope\" itemtype=\"https:\/\/schema.org\/CreativeWork\" ><div class='avia_textblock'  itemprop=\"text\" ><div  class='avia-button-wrap av-sm91bd-0714f68d2002c5217b390b380ddde6cc-wrap avia-button-left  avia-builder-el-5  avia-builder-el-no-sibling'><a href='https:\/\/www.iemn.fr\/wp-content\/uploads\/2019\/04\/poster-groupe-NAM6_HCERES_2018_MFA2_DT02_SA_def.pdf' class='avia-button av-sm91bd-0714f68d2002c5217b390b380ddde6cc av-link-btn avia-icon_select-no avia-size-medium avia-position-left avia-color-teal' target=\"_blank\" rel=\"noopener noreferrer\" aria-label=\"NAM6 Poster\"><span class='avia_iconbox_title' >NAM6 Poster<\/span><\/a><\/div>\n<\/div><\/section>","protected":false},"excerpt":{"rendered":"","protected":false},"author":2,"featured_media":0,"parent":101,"menu_order":70,"comment_status":"closed","ping_status":"closed","template":"","meta":{"footnotes":""},"class_list":["post-26089","page","type-page","status-publish","hentry"],"_links":{"self":[{"href":"https:\/\/www.iemn.fr\/en\/wp-json\/wp\/v2\/pages\/26089","targetHints":{"allow":["GET"]}}],"collection":[{"href":"https:\/\/www.iemn.fr\/en\/wp-json\/wp\/v2\/pages"}],"about":[{"href":"https:\/\/www.iemn.fr\/en\/wp-json\/wp\/v2\/types\/page"}],"author":[{"embeddable":true,"href":"https:\/\/www.iemn.fr\/en\/wp-json\/wp\/v2\/users\/2"}],"replies":[{"embeddable":true,"href":"https:\/\/www.iemn.fr\/en\/wp-json\/wp\/v2\/comments?post=26089"}],"version-history":[{"count":0,"href":"https:\/\/www.iemn.fr\/en\/wp-json\/wp\/v2\/pages\/26089\/revisions"}],"up":[{"embeddable":true,"href":"https:\/\/www.iemn.fr\/en\/wp-json\/wp\/v2\/pages\/101"}],"wp:attachment":[{"href":"https:\/\/www.iemn.fr\/en\/wp-json\/wp\/v2\/media?parent=26089"}],"curies":[{"name":"wp","href":"https:\/\/api.w.org\/{rel}","templated":true}]}}