{"id":26086,"date":"2018-04-25T09:58:15","date_gmt":"2018-04-25T07:58:15","guid":{"rendered":"https:\/\/www.iemn.fr\/?page_id=26086"},"modified":"2025-05-19T10:11:11","modified_gmt":"2025-05-19T08:11:11","slug":"mamina","status":"publish","type":"page","link":"https:\/\/www.iemn.fr\/en\/la-recherche\/les-groupes\/mamina","title":{"rendered":"Group : MAMINA"},"content":{"rendered":"<div id='layer_slider_1'  class='avia-layerslider main_color avia-shadow  avia-builder-el-0  el_before_av_submenu  avia-builder-el-first  container_wrap sidebar_right'  style='height: 261px;'  ><div id=\"layerslider_51_1rhk8745adysw\" data-ls-slug=\"homepageslider\" class=\"ls-wp-container fitvidsignore ls-selectable\" style=\"width:1140px;height:260px;margin:0 auto;margin-bottom: 0px;\"><div class=\"ls-slide\" data-ls=\"bgposition:50% 50%;duration:6000;transition2d:5;\"><img loading=\"lazy\" decoding=\"async\" width=\"2600\" height=\"270\" src=\"https:\/\/www.iemn.fr\/wp-content\/uploads\/2018\/11\/sliders_groupe_mamina.jpg\" class=\"ls-bg\" alt=\"\" srcset=\"https:\/\/www.iemn.fr\/wp-content\/uploads\/2018\/11\/sliders_groupe_mamina.jpg 2600w, https:\/\/www.iemn.fr\/wp-content\/uploads\/2018\/11\/sliders_groupe_mamina-300x31.jpg 300w, https:\/\/www.iemn.fr\/wp-content\/uploads\/2018\/11\/sliders_groupe_mamina-768x80.jpg 768w, https:\/\/www.iemn.fr\/wp-content\/uploads\/2018\/11\/sliders_groupe_mamina-1030x107.jpg 1030w, https:\/\/www.iemn.fr\/wp-content\/uploads\/2018\/11\/sliders_groupe_mamina-1500x156.jpg 1500w, https:\/\/www.iemn.fr\/wp-content\/uploads\/2018\/11\/sliders_groupe_mamina-705x73.jpg 705w\" sizes=\"auto, (max-width: 2600px) 100vw, 2600px\" \/><ls-layer style=\"font-size:14px;text-align:left;font-style:normal;text-decoration:none;text-transform:none;font-weight:700;letter-spacing:0px;background-position:0% 0%;background-repeat:no-repeat;mix-blend-mode:normal;top:231px;left:0px;height:30px;width:320px;line-height:32px;color:#ffffff;border-radius:6px 6px 6px 6px;padding-left:50px;background-color:rgba(0, 0, 0, 0.57);\" class=\"ls-l ls-ib-icon ls-text-layer\" data-ls=\"minfontsize:0;minmobilefontsize:0;\"><i class=\"fa fa-user-circle\" style=\"color:#f2f2f2;margin-right:0.8em;font-size:1em;transform:translateY( -0.125em );\"><\/i>GROUPE DE RECHERCHE : MAMINA<\/ls-layer><\/div><div class=\"ls-slide\" data-ls=\"bgposition:50% 50%;duration:6000;transition2d:5;\"><img loading=\"lazy\" decoding=\"async\" width=\"2600\" height=\"270\" src=\"https:\/\/www.iemn.fr\/wp-content\/uploads\/2018\/11\/sliders_groupe_mamina2.jpg\" class=\"ls-bg\" alt=\"\" srcset=\"https:\/\/www.iemn.fr\/wp-content\/uploads\/2018\/11\/sliders_groupe_mamina2.jpg 2600w, https:\/\/www.iemn.fr\/wp-content\/uploads\/2018\/11\/sliders_groupe_mamina2-300x31.jpg 300w, https:\/\/www.iemn.fr\/wp-content\/uploads\/2018\/11\/sliders_groupe_mamina2-768x80.jpg 768w, https:\/\/www.iemn.fr\/wp-content\/uploads\/2018\/11\/sliders_groupe_mamina2-1030x107.jpg 1030w, https:\/\/www.iemn.fr\/wp-content\/uploads\/2018\/11\/sliders_groupe_mamina2-1500x156.jpg 1500w, https:\/\/www.iemn.fr\/wp-content\/uploads\/2018\/11\/sliders_groupe_mamina2-705x73.jpg 705w\" sizes=\"auto, (max-width: 2600px) 100vw, 2600px\" \/><ls-layer style=\"font-size:14px;text-align:left;font-style:normal;text-decoration:none;text-transform:none;font-weight:700;letter-spacing:0px;background-position:0% 0%;background-repeat:no-repeat;mix-blend-mode:normal;top:231px;left:0px;height:30px;width:320px;line-height:32px;color:#ffffff;border-radius:6px 6px 6px 6px;padding-left:50px;background-color:rgba(0, 0, 0, 0.57);\" class=\"ls-l ls-ib-icon ls-text-layer\" data-ls=\"minfontsize:0;minmobilefontsize:0;\"><i class=\"fa fa-user-circle\" style=\"color:#f2f2f2;margin-right:0.8em;font-size:1em;transform:translateY( -0.125em );\"><\/i>GROUPE DE RECHERCHE : MAMINA<\/ls-layer><\/div><\/div><\/div>\n<div id='sub_menu1'  class='av-submenu-container av-jrqfadqy-807d5a51dd3616f0d00a06e9b2d077f0 footer_color  avia-builder-el-1  el_after_av_layerslider  el_before_av_heading  submenu-not-first container_wrap sidebar_right' style='z-index:301' ><div class='container av-menu-mobile-disabled av-submenu-pos-left'><ul id='av-custom-submenu-1' class='av-subnav-menu' role='menu'>\n<li class='menu-item av-omgupy-c951e19b92d5269ad770291804f88d69 menu-item-top-level menu-item-top-level-1' role='menuitem'><a href='https:\/\/www.iemn.fr\/en\/la-recherche\/les-groupes\/mamina'  ><span class='avia-bullet'><\/span><span class='avia-menu-text'>Introduction<\/span><\/a><\/li>\n<li class='menu-item av-pyte2w-072d62ee059db8741ae95926880fcf71 menu-item-top-level menu-item-top-level-2' role='menuitem'><a href='https:\/\/www.iemn.fr\/en\/la-recherche\/les-groupes'  ><span class='avia-bullet'><\/span><span class='avia-menu-text'>Other groups<\/span><\/a><\/li>\n<\/ul><\/div><\/div><div id='after_submenu_1'  class='main_color av_default_container_wrap container_wrap sidebar_right'  ><div class='container av-section-cont-open' ><div class='template-page content  av-content-small alpha units'><div class='post-entry post-entry-type-page post-entry-26086'><div class='entry-content-wrapper clearfix'>\n\n<style type=\"text\/css\" data-created_by=\"avia_inline_auto\" id=\"style-css-av-lee9213d-88022e768374c2140c02aec061ef07ac\">\n#top .av-special-heading.av-lee9213d-88022e768374c2140c02aec061ef07ac{\npadding-bottom:10px;\n}\nbody .av-special-heading.av-lee9213d-88022e768374c2140c02aec061ef07ac .av-special-heading-tag .heading-char{\nfont-size:25px;\n}\n.av-special-heading.av-lee9213d-88022e768374c2140c02aec061ef07ac .av-subheading{\nfont-size:15px;\n}\n<\/style>\n<div  class='av-special-heading av-lee9213d-88022e768374c2140c02aec061ef07ac av-special-heading-h2  avia-builder-el-2  el_after_av_submenu  el_before_av_textblock  avia-builder-el-first'><h2 class='av-special-heading-tag'  itemprop=\"headline\"  >MAMINA Group<\/h2><div class=\"special-heading-border\"><div class=\"special-heading-inner-border\"><\/div><\/div><\/div>\n<section  class='av_textblock_section av-t1yoer-f601b493965c934e5b6d9b3d01fb785a'   itemscope=\"itemscope\" itemtype=\"https:\/\/schema.org\/CreativeWork\" ><div class='avia_textblock'  itemprop=\"text\" ><p>MAMINA : Mat\u00e9riaux et Acoustique pour les MIcro et NAno syst\u00e8mes int\u00e9gr\u00e9s (Materials and Acoustics for MIcro and NAno integrated systems)<\/p>\n<blockquote>\n<h4>Members<\/h4>\n<p><em>D. Callens-Debavelaere (MC), P. Campistron (MC), J. Carlier (MC- HDR, Head), E. Cattan (Pr), S. Grondel (Pr, F. Lefebvre (MC), G. Nassar (MC-HDR), B. Nongaillard (Pr), F. Ponchel (MC, &gt;2013), D. Remiens (Pr), C. Soyer (MC).\u00a0\u00a0\u00a0\u00a0\u00a0\u00a0\u00a0\u00a0 \u00a0\u00a0\u00a0\u00a0\u00a0\u00a0\u00a0\u00a0\u00a0\u00a0\u00a0\u00a0\u00a0\u00a0\u00a0 <\/em><\/p>\n<p><em>Contact\u00a0: julien.carlier<img loading=\"lazy\" decoding=\"async\" class=\"align=absbottom wp-image-73424\" src=\"https:\/\/www.iemn.fr\/wp-content\/uploads\/2035\/05\/arobase_noir.png\" alt=\"\" width=\"14\" height=\"14\" srcset=\"https:\/\/www.iemn.fr\/wp-content\/uploads\/2035\/05\/arobase_noir.png 24w, https:\/\/www.iemn.fr\/wp-content\/uploads\/2035\/05\/arobase_noir-12x12.png 12w\" sizes=\"auto, (max-width: 14px) 100vw, 14px\" \/>uphf.fr<\/em><\/p>\n<\/blockquote>\n<p>The main goal of MAMINA group (Mat\u00e9riaux et Acoustique pour les MIcro et NAnosyst\u00e8mes int\u00e9gr\u00e9s) is to develop transducer materials (thin films, polymers and composite materials) using electroactive and piezoelectric effects for the realization of micro and nano devices. Starting from these active materials development to their integration, MAMINA Group innovates in terms of the proposed applications: high frequency acoustic for detection, interface and complex media characterizations (until micro and nanoscales), energy harvesting or storage, but also local actuation, in the case of bioinspired microsystems, or for handling in acoustic Lab-on-chips.<\/p>\n<p>The research on electroactive functional materials has been focused on different electroactive materials: ferroelectric materials for rf tunable devices (growth of BST and doped BST), PST, BZN and hetero structures BST\/BZN ; anti ferroelectric materials (PZ) for energy storage ; artificial ferroic materials for which we change the permeability with an applied electric field (opportunity for future integration in MMIC circuits).<\/p>\n<p>Bulk composite materials (ceramic\/polymer) and polymer transducers have also been developed to induce flexibility. New transducer materials based on conductive polymers and interpenetrating polymer networks were for the first time integrated at micrometer scale into flexible microstructures.<\/p>\n<p>These materials developments are dedicated to applications in numerous domains: energy, health, transport\u2026 like storage and energy harvesting or acoustic transducers (sensors and actuators) with pMUT technology.<\/p>\n<p>One example of system developed in the group is a bioinspired nanoaerial vehicle (OVMI). The objective of this topic is to make a tethered object of the insect size capable of hovering while embarking the electronics and a payload like an on-board micro-camera. This work is based on the original concept of combination in phase quadrature of  the flapping (stroke angle) and twisting (angle of attack) vibratory modes of wings to reproduce insect wings kinematics and generate lift. In the light of this challenge, a polymeric prototype was micromachined with a wingspan of 3 cm, flexible wings and a single actuator.<\/p>\n<p>Another application concerns the integration of high frequency piezoelectric transducers for interface and complex media characterization but also for local actuation thanks to acoustic waves (until GHz range). It made it possible to develop acoustic methods to characterize interfaces at micro and nanoscales. As an example, we demonstrated the possibility to evaluate the critical surface tension of a liquid for which wetting occurs depending in nanostructures.  This method has  been developed in collaboration with STMicroelectronics. We have also demonstrated the possibility to use these high frequency acoustic  waves for microparticles detection and deflection in Lab-On-Chip. Increasing the power (30 dBm) made it also possible to create very local micromixing or deflection in the microchannels.<\/p>\n<div id=\"attachment_27334\" style=\"width: 416px\" class=\"wp-caption aligncenter\"><a href=\"https:\/\/www.iemn.fr\/wp-content\/uploads\/2018\/11\/mamina1.png\"><img loading=\"lazy\" decoding=\"async\" aria-describedby=\"caption-attachment-27334\" class=\"wp-image-27334 size-full\" title=\"BST co planar lines for 60 GHz characterization\" src=\"https:\/\/www.iemn.fr\/wp-content\/uploads\/2018\/11\/mamina1.png\" alt=\"BST co planar lines for 60 GHz characterization\" width=\"406\" height=\"310\" srcset=\"https:\/\/www.iemn.fr\/wp-content\/uploads\/2018\/11\/mamina1.png 406w, https:\/\/www.iemn.fr\/wp-content\/uploads\/2018\/11\/mamina1-300x229.png 300w\" sizes=\"auto, (max-width: 406px) 100vw, 406px\" \/><\/a><p id=\"caption-attachment-27334\" class=\"wp-caption-text\">BST co planar lines for 60 GHz characterization<\/p><\/div>\n<div id=\"attachment_27336\" style=\"width: 320px\" class=\"wp-caption aligncenter\"><a href=\"https:\/\/www.iemn.fr\/wp-content\/uploads\/2018\/11\/mamina_piece.jpg\"><img loading=\"lazy\" decoding=\"async\" aria-describedby=\"caption-attachment-27336\" class=\"wp-image-27336\" title=\"Actuator displacement at different magnitudes of applied voltage and Photo of the system\" src=\"https:\/\/www.iemn.fr\/wp-content\/uploads\/2018\/11\/mamina_piece.jpg\" alt=\"Actuator displacement at different magnitudes of applied voltage and Photo of the system\" width=\"310\" height=\"110\" srcset=\"https:\/\/www.iemn.fr\/wp-content\/uploads\/2018\/11\/mamina_piece.jpg 363w, https:\/\/www.iemn.fr\/wp-content\/uploads\/2018\/11\/mamina_piece-300x107.jpg 300w\" sizes=\"auto, (max-width: 310px) 100vw, 310px\" \/><\/a><p id=\"caption-attachment-27336\" class=\"wp-caption-text\">Actuator displacement at different magnitudes of applied voltage and Photo of the system<\/p><\/div>\n<div id=\"attachment_27340\" style=\"width: 409px\" class=\"wp-caption aligncenter\"><a href=\"https:\/\/www.iemn.fr\/wp-content\/uploads\/2018\/11\/nanodrone_insecte.jpg\"><img loading=\"lazy\" decoding=\"async\" aria-describedby=\"caption-attachment-27340\" class=\"wp-image-27340\" title=\"Bioinspired nanodrone prototype\" src=\"https:\/\/www.iemn.fr\/wp-content\/uploads\/2018\/11\/nanodrone_insecte.jpg\" alt=\"Bioinspired nanodrone prototype\" width=\"399\" height=\"292\" srcset=\"https:\/\/www.iemn.fr\/wp-content\/uploads\/2018\/11\/nanodrone_insecte.jpg 900w, https:\/\/www.iemn.fr\/wp-content\/uploads\/2018\/11\/nanodrone_insecte-300x220.jpg 300w, https:\/\/www.iemn.fr\/wp-content\/uploads\/2018\/11\/nanodrone_insecte-768x563.jpg 768w, https:\/\/www.iemn.fr\/wp-content\/uploads\/2018\/11\/nanodrone_insecte-705x517.jpg 705w\" sizes=\"auto, (max-width: 399px) 100vw, 399px\" \/><\/a><p id=\"caption-attachment-27340\" class=\"wp-caption-text\">Bioinspired nanodrone prototype<\/p><\/div>\n<div id=\"attachment_27343\" style=\"width: 524px\" class=\"wp-caption aligncenter\"><a href=\"https:\/\/www.iemn.fr\/wp-content\/uploads\/2018\/11\/mamina4.png\"><img loading=\"lazy\" decoding=\"async\" aria-describedby=\"caption-attachment-27343\" class=\"wp-image-27343\" title=\"High frequency acoustic characterization integrated in Lab-On-Chip\" src=\"https:\/\/www.iemn.fr\/wp-content\/uploads\/2018\/11\/mamina4.png\" alt=\"High frequency acoustic characterization integrated in Lab-On-Chip\" width=\"514\" height=\"232\" srcset=\"https:\/\/www.iemn.fr\/wp-content\/uploads\/2018\/11\/mamina4.png 747w, https:\/\/www.iemn.fr\/wp-content\/uploads\/2018\/11\/mamina4-300x135.png 300w, https:\/\/www.iemn.fr\/wp-content\/uploads\/2018\/11\/mamina4-705x318.png 705w\" sizes=\"auto, (max-width: 514px) 100vw, 514px\" \/><\/a><p id=\"caption-attachment-27343\" class=\"wp-caption-text\">High frequency acoustic characterization integrated in Lab-On-Chip<\/p><\/div>\n<\/div><\/section>\n<section  class='av_textblock_section av-jnbr2gfn-69d05c0262dd4ff0977baa3305673317'   itemscope=\"itemscope\" itemtype=\"https:\/\/schema.org\/CreativeWork\" ><div class='avia_textblock'  itemprop=\"text\" ><p><a href=\"https:\/\/www.uphf.fr\/iemn\/groupes-equipe\/mamina\/groupe-mamina\" target=\"_blank\" rel=\"noopener\">http:\/\/www.uphf.fr\/DOAE\/mamina-materiaux-et-acoustique-pour-micro-et-nano-systemes-integres<\/a><\/p>\n<\/div><\/section>\n<section  class='av_textblock_section av-jnbvjy4u-7f7aac8a6c229579fcb22b0e92c109bb'   itemscope=\"itemscope\" itemtype=\"https:\/\/schema.org\/CreativeWork\" ><div class='avia_textblock'  itemprop=\"text\" ><p><a href=\"https:\/\/www.iemn.fr\/wp-content\/uploads\/2025\/05\/MAMINA_poster_sept_2024v6.pdf\">poster_groupe_mamina<\/a><\/p>\n<\/div><\/section>","protected":false},"excerpt":{"rendered":"","protected":false},"author":2,"featured_media":0,"parent":101,"menu_order":55,"comment_status":"closed","ping_status":"closed","template":"","meta":{"footnotes":""},"class_list":["post-26086","page","type-page","status-publish","hentry"],"_links":{"self":[{"href":"https:\/\/www.iemn.fr\/en\/wp-json\/wp\/v2\/pages\/26086","targetHints":{"allow":["GET"]}}],"collection":[{"href":"https:\/\/www.iemn.fr\/en\/wp-json\/wp\/v2\/pages"}],"about":[{"href":"https:\/\/www.iemn.fr\/en\/wp-json\/wp\/v2\/types\/page"}],"author":[{"embeddable":true,"href":"https:\/\/www.iemn.fr\/en\/wp-json\/wp\/v2\/users\/2"}],"replies":[{"embeddable":true,"href":"https:\/\/www.iemn.fr\/en\/wp-json\/wp\/v2\/comments?post=26086"}],"version-history":[{"count":7,"href":"https:\/\/www.iemn.fr\/en\/wp-json\/wp\/v2\/pages\/26086\/revisions"}],"predecessor-version":[{"id":73736,"href":"https:\/\/www.iemn.fr\/en\/wp-json\/wp\/v2\/pages\/26086\/revisions\/73736"}],"up":[{"embeddable":true,"href":"https:\/\/www.iemn.fr\/en\/wp-json\/wp\/v2\/pages\/101"}],"wp:attachment":[{"href":"https:\/\/www.iemn.fr\/en\/wp-json\/wp\/v2\/media?parent=26086"}],"curies":[{"name":"wp","href":"https:\/\/api.w.org\/{rel}","templated":true}]}}