{"id":25758,"date":"2018-10-05T16:03:32","date_gmt":"2018-10-05T14:03:32","guid":{"rendered":"https:\/\/www.iemn.fr\/?page_id=25758"},"modified":"2022-01-03T16:49:12","modified_gmt":"2022-01-03T14:49:12","slug":"marie-lesecq","status":"publish","type":"page","link":"https:\/\/www.iemn.fr\/en\/la-recherche\/les-groupes\/groupe-puissance\/members\/marie-lesecq","title":{"rendered":"Marie LESECQ"},"content":{"rendered":"<div id='layer_slider_1'  class='avia-layerslider main_color avia-shadow  avia-builder-el-0  el_before_av_heading  avia-builder-el-first  container_wrap sidebar_right'  style='height: 261px;'  ><div id=\"layerslider_44_14ux8m2vsixti\" data-ls-slug=\"homepageslider\" class=\"ls-wp-container fitvidsignore ls-selectable\" style=\"width:1140px;height:260px;margin:0 auto;margin-bottom: 0px;\"><div class=\"ls-slide\" data-ls=\"bgposition:50% 50%;duration:6000;transition2d:5;\"><img loading=\"lazy\" decoding=\"async\" width=\"2600\" height=\"270\" src=\"https:\/\/www.iemn.fr\/wp-content\/uploads\/2018\/10\/sliders_groupe_puissance1.jpg\" class=\"ls-bg\" alt=\"\" srcset=\"https:\/\/www.iemn.fr\/wp-content\/uploads\/2018\/10\/sliders_groupe_puissance1.jpg 2600w, https:\/\/www.iemn.fr\/wp-content\/uploads\/2018\/10\/sliders_groupe_puissance1-300x31.jpg 300w, https:\/\/www.iemn.fr\/wp-content\/uploads\/2018\/10\/sliders_groupe_puissance1-768x80.jpg 768w, https:\/\/www.iemn.fr\/wp-content\/uploads\/2018\/10\/sliders_groupe_puissance1-1030x107.jpg 1030w, https:\/\/www.iemn.fr\/wp-content\/uploads\/2018\/10\/sliders_groupe_puissance1-1500x156.jpg 1500w, https:\/\/www.iemn.fr\/wp-content\/uploads\/2018\/10\/sliders_groupe_puissance1-705x73.jpg 705w\" sizes=\"auto, (max-width: 2600px) 100vw, 2600px\" \/><ls-layer style=\"font-size:14px;text-align:left;font-style:normal;text-decoration:none;text-transform:none;font-weight:700;letter-spacing:0px;background-position:0% 0%;background-repeat:no-repeat;mix-blend-mode:normal;top:231px;left:0px;height:30px;width:360px;line-height:32px;color:#ffffff;border-radius:6px 6px 6px 6px;padding-left:50px;background-color:rgba(0, 0, 0, 0.57);\" class=\"ls-l ls-ib-icon ls-text-layer\" data-ls=\"minfontsize:0;minmobilefontsize:0;\"><i class=\"fa fa-user-circle\" style=\"color:#f2f2f2;margin-right:0.8em;font-size:1em;transform:translateY( -0.125em );\"><\/i>GROUPE DE RECHERCHE : PUISSANCE<\/ls-layer><\/div><div class=\"ls-slide\" data-ls=\"bgposition:50% 50%;duration:6000;transition2d:5;\"><img loading=\"lazy\" decoding=\"async\" width=\"2600\" height=\"270\" src=\"https:\/\/www.iemn.fr\/wp-content\/uploads\/2018\/10\/sliders_groupe_puissance2.jpg\" class=\"ls-bg\" alt=\"\" srcset=\"https:\/\/www.iemn.fr\/wp-content\/uploads\/2018\/10\/sliders_groupe_puissance2.jpg 2600w, https:\/\/www.iemn.fr\/wp-content\/uploads\/2018\/10\/sliders_groupe_puissance2-300x31.jpg 300w, https:\/\/www.iemn.fr\/wp-content\/uploads\/2018\/10\/sliders_groupe_puissance2-768x80.jpg 768w, https:\/\/www.iemn.fr\/wp-content\/uploads\/2018\/10\/sliders_groupe_puissance2-1030x107.jpg 1030w, https:\/\/www.iemn.fr\/wp-content\/uploads\/2018\/10\/sliders_groupe_puissance2-1500x156.jpg 1500w, https:\/\/www.iemn.fr\/wp-content\/uploads\/2018\/10\/sliders_groupe_puissance2-705x73.jpg 705w\" sizes=\"auto, (max-width: 2600px) 100vw, 2600px\" \/><ls-layer style=\"font-size:14px;text-align:left;font-style:normal;text-decoration:none;text-transform:none;font-weight:700;letter-spacing:0px;background-position:0% 0%;background-repeat:no-repeat;mix-blend-mode:normal;top:231px;left:0px;height:30px;width:360px;line-height:32px;color:#ffffff;border-radius:6px 6px 6px 6px;padding-left:50px;background-color:rgba(0, 0, 0, 0.57);\" class=\"ls-l ls-ib-icon ls-text-layer\" data-ls=\"minfontsize:0;minmobilefontsize:0;\"><i class=\"fa fa-user-circle\" style=\"color:#f2f2f2;margin-right:0.8em;font-size:1em;transform:translateY( -0.125em );\"><\/i>GROUPE DE RECHERCHE : PUISSANCE<\/ls-layer><\/div><div class=\"ls-slide\" data-ls=\"bgposition:50% 50%;duration:6000;transition2d:5;\"><img loading=\"lazy\" decoding=\"async\" width=\"2600\" height=\"270\" src=\"https:\/\/www.iemn.fr\/wp-content\/uploads\/2018\/10\/sliders_groupe_puissance3.jpg\" class=\"ls-bg\" alt=\"\" srcset=\"https:\/\/www.iemn.fr\/wp-content\/uploads\/2018\/10\/sliders_groupe_puissance3.jpg 2600w, https:\/\/www.iemn.fr\/wp-content\/uploads\/2018\/10\/sliders_groupe_puissance3-300x31.jpg 300w, https:\/\/www.iemn.fr\/wp-content\/uploads\/2018\/10\/sliders_groupe_puissance3-768x80.jpg 768w, https:\/\/www.iemn.fr\/wp-content\/uploads\/2018\/10\/sliders_groupe_puissance3-1030x107.jpg 1030w, https:\/\/www.iemn.fr\/wp-content\/uploads\/2018\/10\/sliders_groupe_puissance3-1500x156.jpg 1500w, https:\/\/www.iemn.fr\/wp-content\/uploads\/2018\/10\/sliders_groupe_puissance3-705x73.jpg 705w\" sizes=\"auto, (max-width: 2600px) 100vw, 2600px\" \/><ls-layer style=\"font-size:14px;text-align:left;font-style:normal;text-decoration:none;text-transform:none;font-weight:700;letter-spacing:0px;background-position:0% 0%;background-repeat:no-repeat;mix-blend-mode:normal;top:231px;left:0px;height:30px;width:360px;line-height:32px;color:#ffffff;border-radius:6px 6px 6px 6px;padding-left:50px;background-color:rgba(0, 0, 0, 0.57);\" class=\"ls-l ls-ib-icon ls-text-layer\" data-ls=\"minfontsize:0;minmobilefontsize:0;\"><i class=\"fa fa-user-circle\" style=\"color:#f2f2f2;margin-right:0.8em;font-size:1em;transform:translateY( -0.125em );\"><\/i>GROUPE DE RECHERCHE : PUISSANCE<\/ls-layer><\/div><div class=\"ls-slide\" data-ls=\"bgposition:50% 50%;duration:6000;transition2d:5;\"><img loading=\"lazy\" decoding=\"async\" width=\"2600\" height=\"270\" src=\"https:\/\/www.iemn.fr\/wp-content\/uploads\/2018\/12\/sliders_groupe_puissance_v4.jpg\" class=\"ls-bg\" alt=\"\" srcset=\"https:\/\/www.iemn.fr\/wp-content\/uploads\/2018\/12\/sliders_groupe_puissance_v4.jpg 2600w, https:\/\/www.iemn.fr\/wp-content\/uploads\/2018\/12\/sliders_groupe_puissance_v4-300x31.jpg 300w, https:\/\/www.iemn.fr\/wp-content\/uploads\/2018\/12\/sliders_groupe_puissance_v4-768x80.jpg 768w, https:\/\/www.iemn.fr\/wp-content\/uploads\/2018\/12\/sliders_groupe_puissance_v4-1030x107.jpg 1030w, https:\/\/www.iemn.fr\/wp-content\/uploads\/2018\/12\/sliders_groupe_puissance_v4-1500x156.jpg 1500w, https:\/\/www.iemn.fr\/wp-content\/uploads\/2018\/12\/sliders_groupe_puissance_v4-705x73.jpg 705w\" sizes=\"auto, (max-width: 2600px) 100vw, 2600px\" \/><ls-layer style=\"font-size:14px;text-align:left;font-style:normal;text-decoration:none;text-transform:none;font-weight:700;letter-spacing:0px;background-position:0% 0%;background-repeat:no-repeat;mix-blend-mode:normal;top:231px;left:0px;height:30px;width:360px;line-height:32px;color:#ffffff;border-radius:6px 6px 6px 6px;padding-left:50px;background-color:rgba(0, 0, 0, 0.57);\" class=\"ls-l ls-ib-icon ls-text-layer\" data-ls=\"minfontsize:0;minmobilefontsize:0;\"><i class=\"fa fa-user-circle\" style=\"color:#f2f2f2;margin-right:0.8em;font-size:1em;transform:translateY( -0.125em );\"><\/i>GROUPE DE RECHERCHE : PUISSANCE<\/ls-layer><\/div><\/div><\/div><div id='after_layer_slider_1'  class='main_color av_default_container_wrap container_wrap sidebar_right'  ><div class='container av-section-cont-open' ><div class='template-page content  av-content-small alpha units'><div class='post-entry post-entry-type-page post-entry-25758'><div class='entry-content-wrapper clearfix'>\n\n<style type=\"text\/css\" data-created_by=\"avia_inline_auto\" id=\"style-css-av-jmw2zpg5-e520343b71e3b04be4bc4af0f21b88df\">\n#top .av-special-heading.av-jmw2zpg5-e520343b71e3b04be4bc4af0f21b88df{\npadding-bottom:10px;\n}\nbody .av-special-heading.av-jmw2zpg5-e520343b71e3b04be4bc4af0f21b88df .av-special-heading-tag .heading-char{\nfont-size:25px;\n}\n.av-special-heading.av-jmw2zpg5-e520343b71e3b04be4bc4af0f21b88df .av-subheading{\nfont-size:15px;\n}\n<\/style>\n<div  class='av-special-heading av-jmw2zpg5-e520343b71e3b04be4bc4af0f21b88df av-special-heading-h3  avia-builder-el-1  el_after_av_layerslider  el_before_av_textblock  avia-builder-el-first'><h3 class='av-special-heading-tag'  itemprop=\"headline\"  >Marie LESECQ <\/h3><div class=\"special-heading-border\"><div class=\"special-heading-inner-border\"><\/div><\/div><\/div>\n<section  class='av_textblock_section av-jmw2yzf0-113b45d81ee5a57515a02029f304c13f'   itemscope=\"itemscope\" itemtype=\"https:\/\/schema.org\/CreativeWork\" ><div class='avia_textblock'  itemprop=\"text\" ><p><strong><a href=\"https:\/\/www.iemn.fr\/wp-content\/uploads\/2018\/10\/marie_lesecq.jpg\"><img loading=\"lazy\" decoding=\"async\" class=\"size-full wp-image-25759 alignright\" src=\"https:\/\/www.iemn.fr\/wp-content\/uploads\/2018\/10\/marie_lesecq.jpg\" alt=\"\" width=\"138\" height=\"184\" \/><\/a>Marie LESECQ<\/strong> is currently an Assistant Professor at Institut d\u2019Electronique, de Micro\u00e9lectronique et de Nanotechnologie (IEMN), Villeneuve d\u2019Ascq, France. Since 2010, Marie Lesecq is leading research activities for GaN based devices at IEMN. Her skills include devices processing and characterization. She is responsible within the Microwave Power Devices research group at IEMN concerning devices fabrication in clean room. She is co-author of about 40 publications and communications. Since 2010, she was involved in several French national ANR projects and European contracts and in many national clusters (GaNEX, LEAF, CPER CIA). The projects involve the main academic and industrial laboratories and players involved in GaN electronics such as CRHEA, LAAS, OMMIC, \u2026 She managed six PhD dedicated to the GaN technology.<\/p>\n<h4>Actual Position<\/h4>\n<p>Associate Professor<\/p>\n<ul>\n<li>Microwave Power Devices research group at IEMN (Institut d\u2019Electronique de Micro\u00e9lectronique et de Nanotechnologies, Villeneuve d\u2019Ascq)<\/li>\n<li>Research topic: Technological fabrication and Electrical characterization of advanced wide-bandgap based devices (HEMTs) for high frequency\/high power applications<\/li>\n<li>Teaching at IUT A (Institut Universitaire de Technologie), University of Lille<\/li>\n<\/ul>\n<h4>Skills And Other Contributions<\/h4>\n<ul>\n<li>Technological process development of GaN based HEMTs<\/li>\n<li>Electrical and microwave characterization<\/li>\n<li>Strong implication within scientific projects (redaction of proposals, scientific responsible, reports\u2026): ANR CREATIVEPI, ANR SATELLITE, ANR FLEXIGaN ANR GoSIMP<\/li>\n<li>Responsible for the device fabrication tasks in clean room within the Power Devices group at IEMN<\/li>\n<li>Supervisor of PhD\u2019s<\/li>\n<li>Implication in staff responsible of cleanroom at IEMN<\/li>\n<\/ul>\n<h4>Cursus<\/h4>\n<ul>\n<li>2007\u00a0: Ph.D in Micro-Nanotechnologies IEMN, University of\u00a0 Lille<\/li>\n<\/ul>\n<p>Thesis work entitled: \u00ab\u00a0Fonctionnalit\u00e9s actives en optique\u00a0 int\u00e9gr\u00e9e \u00e0 base de fils optiques en fili\u00e8re InP : application \u00e0 la commutation optique\u00a0\u00bb<\/p>\n<ul>\n<li>2004\u00a0: M.Sc in Micro-Nanotechnologies<\/li>\n<\/ul>\n<p>M.Eng at Ecole Polytechnique Universitaire de Lille<\/p>\n<\/div><\/section>","protected":false},"excerpt":{"rendered":"","protected":false},"author":2,"featured_media":0,"parent":25729,"menu_order":1,"comment_status":"closed","ping_status":"closed","template":"","meta":{"footnotes":""},"class_list":["post-25758","page","type-page","status-publish","hentry"],"_links":{"self":[{"href":"https:\/\/www.iemn.fr\/en\/wp-json\/wp\/v2\/pages\/25758","targetHints":{"allow":["GET"]}}],"collection":[{"href":"https:\/\/www.iemn.fr\/en\/wp-json\/wp\/v2\/pages"}],"about":[{"href":"https:\/\/www.iemn.fr\/en\/wp-json\/wp\/v2\/types\/page"}],"author":[{"embeddable":true,"href":"https:\/\/www.iemn.fr\/en\/wp-json\/wp\/v2\/users\/2"}],"replies":[{"embeddable":true,"href":"https:\/\/www.iemn.fr\/en\/wp-json\/wp\/v2\/comments?post=25758"}],"version-history":[{"count":0,"href":"https:\/\/www.iemn.fr\/en\/wp-json\/wp\/v2\/pages\/25758\/revisions"}],"up":[{"embeddable":true,"href":"https:\/\/www.iemn.fr\/en\/wp-json\/wp\/v2\/pages\/25729"}],"wp:attachment":[{"href":"https:\/\/www.iemn.fr\/en\/wp-json\/wp\/v2\/media?parent=25758"}],"curies":[{"name":"wp","href":"https:\/\/api.w.org\/{rel}","templated":true}]}}