{"id":25695,"date":"2018-10-04T14:58:37","date_gmt":"2018-10-04T12:58:37","guid":{"rendered":"https:\/\/www.iemn.fr\/?page_id=25695"},"modified":"2025-05-15T16:59:17","modified_gmt":"2025-05-15T14:59:17","slug":"biomems","status":"publish","type":"page","link":"https:\/\/www.iemn.fr\/en\/la-recherche\/les-groupes\/biomems","title":{"rendered":"Group : BioMEMS"},"content":{"rendered":"<div id='layer_slider_1'  class='avia-layerslider main_color avia-shadow  avia-builder-el-0  el_before_av_submenu  avia-builder-el-first  container_wrap sidebar_right'  style='height: 261px;'  ><div id=\"layerslider_43_1syl4mftk0bbv\" data-ls-slug=\"homepageslider\" class=\"ls-wp-container fitvidsignore ls-selectable\" style=\"width:1140px;height:260px;margin:0 auto;margin-bottom: 0px;\"><div class=\"ls-slide\" data-ls=\"bgposition:50% 50%;duration:6000;transition2d:5;\"><img loading=\"lazy\" decoding=\"async\" width=\"2600\" height=\"270\" src=\"https:\/\/www.iemn.fr\/wp-content\/uploads\/2018\/10\/sliders_groupe_biomens.jpg\" class=\"ls-bg\" alt=\"\" srcset=\"https:\/\/www.iemn.fr\/wp-content\/uploads\/2018\/10\/sliders_groupe_biomens.jpg 2600w, https:\/\/www.iemn.fr\/wp-content\/uploads\/2018\/10\/sliders_groupe_biomens-300x31.jpg 300w, https:\/\/www.iemn.fr\/wp-content\/uploads\/2018\/10\/sliders_groupe_biomens-768x80.jpg 768w, https:\/\/www.iemn.fr\/wp-content\/uploads\/2018\/10\/sliders_groupe_biomens-1030x107.jpg 1030w, https:\/\/www.iemn.fr\/wp-content\/uploads\/2018\/10\/sliders_groupe_biomens-1500x156.jpg 1500w, https:\/\/www.iemn.fr\/wp-content\/uploads\/2018\/10\/sliders_groupe_biomens-705x73.jpg 705w\" sizes=\"auto, (max-width: 2600px) 100vw, 2600px\" \/><ls-layer style=\"font-size:14px;text-align:left;font-style:normal;text-decoration:none;text-transform:none;font-weight:700;letter-spacing:0px;background-position:0% 0%;background-repeat:no-repeat;mix-blend-mode:normal;top:231px;left:0px;height:30px;width:320px;line-height:32px;color:#ffffff;border-radius:6px 6px 6px 6px;padding-left:50px;background-color:rgba(0, 0, 0, 0.57);\" class=\"ls-l ls-ib-icon ls-text-layer\" data-ls=\"minfontsize:0;minmobilefontsize:0;\"><i class=\"fa fa-user-circle\" style=\"color:#f2f2f2;margin-right:0.8em;font-size:1em;transform:translateY( -0.125em );\"><\/i>GROUPE DE RECHERCHE : BioMEMS<\/ls-layer><\/div><\/div><\/div>\n<div id='sub_menu1'  class='av-submenu-container av-jrqfadqy-ce2f2ab09b07c9cd48b0b2cdd423b7d9 footer_color  avia-builder-el-1  el_after_av_layerslider  el_before_av_heading  submenu-not-first container_wrap sidebar_right' style='z-index:301' ><div class='container av-menu-mobile-disabled av-submenu-pos-left'><ul id='av-custom-submenu-1' class='av-subnav-menu' role='menu'>\n<li class='menu-item av-rtfnbz-056deec7692d277d1153b80d988f410a menu-item-top-level menu-item-top-level-1' role='menuitem'><a href='https:\/\/www.iemn.fr\/en\/la-recherche\/les-groupes\/biomems'  ><span class='avia-bullet'><\/span><span class='avia-menu-text'>Introduction<\/span><\/a><\/li>\n<li class='menu-item av-150yk73-c57aa7653d5612615c65b80664eaf5fd menu-item-top-level menu-item-top-level-2' role='menuitem'><a href='https:\/\/www.iemn.fr\/en\/la-recherche\/les-groupes\/biomems\/members\/'  ><span class='avia-bullet'><\/span><span class='avia-menu-text'>Members<\/span><\/a><\/li>\n<li class='menu-item av-159tx3z-062849a02ef3286568abd3afa274f539 menu-item-top-level menu-item-top-level-3' role='menuitem'><a href='https:\/\/www.iemn.fr\/en\/la-recherche\/les-groupes\/biomems\/ongoingstudies\/'  ><span class='avia-bullet'><\/span><span class='avia-menu-text'>On going studies<\/span><\/a><\/li>\n<\/ul><\/div><\/div><div id='after_submenu_1'  class='main_color av_default_container_wrap container_wrap sidebar_right'  ><div class='container av-section-cont-open' ><div class='template-page content  av-content-small alpha units'><div class='post-entry post-entry-type-page post-entry-25695'><div class='entry-content-wrapper clearfix'>\n\n<style type=\"text\/css\" data-created_by=\"avia_inline_auto\" id=\"style-css-av-lee8c9oy-22cf91e9e24eb7f68b2a06088a058598\">\n#top .av-special-heading.av-lee8c9oy-22cf91e9e24eb7f68b2a06088a058598{\npadding-bottom:10px;\n}\nbody .av-special-heading.av-lee8c9oy-22cf91e9e24eb7f68b2a06088a058598 .av-special-heading-tag .heading-char{\nfont-size:25px;\n}\n.av-special-heading.av-lee8c9oy-22cf91e9e24eb7f68b2a06088a058598 .av-subheading{\nfont-size:15px;\n}\n<\/style>\n<div  class='av-special-heading av-lee8c9oy-22cf91e9e24eb7f68b2a06088a058598 av-special-heading-h2  avia-builder-el-2  el_after_av_submenu  el_before_av_hr  avia-builder-el-first  av-linked-heading'><h2 class='av-special-heading-tag'  itemprop=\"headline\"  >BioMEMS Group <\/h2><div class=\"special-heading-border\"><div class=\"special-heading-inner-border\"><\/div><\/div><\/div>\n<div  class='hr av-2e86dnj-f9e4fe6249a2ddc77193454176b39ed0 hr-default  avia-builder-el-3  el_after_av_heading  el_before_av_textblock'><span class='hr-inner'><span class=\"hr-inner-style\"><\/span><\/span><\/div>\n<section  class='av_textblock_section av-jmula8uw-34383b37fe63ade0f9a4956ee4a3c1a5'   itemscope=\"itemscope\" itemtype=\"https:\/\/schema.org\/CreativeWork\" ><div class='avia_textblock'  itemprop=\"text\" ><p><a href=\"https:\/\/www.iemn.fr\/wp-content\/uploads\/2024\/07\/Unknown-6.jpeg\"><img loading=\"lazy\" decoding=\"async\" class=\"size-full wp-image-67953 alignright\" src=\"https:\/\/www.iemn.fr\/wp-content\/uploads\/2024\/07\/Unknown-6.jpeg\" alt=\"\" width=\"192\" height=\"154\" srcset=\"https:\/\/www.iemn.fr\/wp-content\/uploads\/2024\/07\/Unknown-6.jpeg 192w, https:\/\/www.iemn.fr\/wp-content\/uploads\/2024\/07\/Unknown-6-15x12.jpeg 15w\" sizes=\"auto, (max-width: 192px) 100vw, 192px\" \/><\/a>L\u2019\u00e9quipe BioMEMS se d\u00e9marque par son approche multidisciplinaire et ses recherches innovantes qui fusionnent les aspects de micro-fabrication, micro-fluidique, de bio-ing\u00e9nierie et de mat\u00e9riaux, autour de deux axes principaux. Cette synergie nous permet de r\u00e9pondre \u00e0 des enjeux importants de la recherche en biotechnologie et en sciences des mat\u00e9riaux. Au travers de ces diff\u00e9rentes th\u00e9matique mettant en lumi\u00e8re les points forts de l\u2019\u00e9quipe, elle a \u00e9tabli des collaborations fructueuses avec de nombreuses institutions \u00e0 l\u2019\u00e9chelle locale, nationale et internationale, renfor\u00e7ant ainsi son impact et son rayonnement dans le domaine des approches technologiques et m\u00e9thodologiques multi-\u00e9chelles pour une sant\u00e9 de pr\u00e9cision et la conception et caract\u00e9risation de mat\u00e9riaux innovants.<\/p>\n<h4><\/h4>\n<\/div><\/section>\n<div  class='flex_column av-kdkpr-7298a5023528c02fe94e3c0830598666 av_one_full  avia-builder-el-5  el_after_av_textblock  el_before_av_hr  first flex_column_div  column-top-margin'     ><section  class='av_textblock_section av-lyd382os-253396ab5f6b9b6bb777dd8c7a87f966'   itemscope=\"itemscope\" itemtype=\"https:\/\/schema.org\/CreativeWork\" ><div class='avia_textblock'  itemprop=\"text\" ><h4><\/h4>\n<h4><\/h4>\n<h4><\/h4>\n<h3 style=\"text-align: center;\"><span style=\"text-decoration: underline;\"><a href=\"https:\/\/www.iemn.fr\/wp-content\/uploads\/2024\/07\/Capture-decran-2024-07-08-a-16.26.34.png\"><img loading=\"lazy\" decoding=\"async\" class=\"alignleft wp-image-67948 size-square\" src=\"https:\/\/www.iemn.fr\/wp-content\/uploads\/2024\/07\/Capture-decran-2024-07-08-a-16.26.34-180x180.png\" alt=\"\" width=\"180\" height=\"180\" srcset=\"https:\/\/www.iemn.fr\/wp-content\/uploads\/2024\/07\/Capture-decran-2024-07-08-a-16.26.34-180x180.png 180w, https:\/\/www.iemn.fr\/wp-content\/uploads\/2024\/07\/Capture-decran-2024-07-08-a-16.26.34-80x80.png 80w, https:\/\/www.iemn.fr\/wp-content\/uploads\/2024\/07\/Capture-decran-2024-07-08-a-16.26.34-36x36.png 36w\" sizes=\"auto, (max-width: 180px) 100vw, 180px\" \/><\/a>Axe 1 : Approches technologiques et m\u00e9thodologiques multi-\u00e9chelles pour une sant\u00e9 de pr\u00e9cision : <\/span><\/h3>\n<p>Cet axe vise \u00e0 d\u00e9velopper des technologies novatrices pour une compr\u00e9hension approfondie <i>des processus biologiques. En promouvant une approche technologie pour la sant\u00e9, nous explorons des <\/i><i>biocapteurs MEMS pour d\u00e9tecter et quantifier les agents pathog\u00e8nes, des BioMEMS innovants pour la <\/i><i>caract\u00e9risation multiphysique de cellules circulantes, des mod\u00e8les alternatifs tels que les Organes sur <\/i><i>Puce et l\u2019utilisation de l\u2019intelligence artificielle.<\/i><\/p>\n<\/div><\/section><\/div>\n<div  class='hr av-28olvof-abceff7ee14fedd8ca7de76388df9249 hr-default  avia-builder-el-7  el_after_av_one_full  el_before_av_one_full'><span class='hr-inner'><span class=\"hr-inner-style\"><\/span><\/span><\/div>\n<div  class='flex_column av-1hphqv3-97caecf0a0567094a626eb6b701277f7 av_one_full  avia-builder-el-8  el_after_av_hr  el_before_av_hr  first flex_column_div'     ><section  class='av_textblock_section av-lyd1q1m3-4ef849caed0104d1725f8b3f048f6c8f'   itemscope=\"itemscope\" itemtype=\"https:\/\/schema.org\/CreativeWork\" ><div class='avia_textblock'  itemprop=\"text\" ><ul>\n<li><span style=\"text-decoration: underline;\"><strong><a href=\"https:\/\/www.iemn.fr\/en\/la-recherche\/les-groupes\/biomems\/ongoingstudies\/#toggle-id-1\"><span style=\"color: #800000; text-decoration: underline;\">D\u00e9veloppements de mod\u00e8les alternatifs de type Organes sur Puce \u2013 OoC<\/span> <\/a><\/strong><span style=\"color: #3366ff; text-decoration: underline;\">(<\/span><\/span><span style=\"color: #3366ff;\">anthony.treizebre<img loading=\"lazy\" decoding=\"async\" class=\"align=absbottom wp-image-73428\" src=\"https:\/\/www.iemn.fr\/wp-content\/uploads\/2025\/05\/arobase_bleu.png\" alt=\"\" width=\"14\" height=\"12\" srcset=\"https:\/\/www.iemn.fr\/wp-content\/uploads\/2025\/05\/arobase_bleu.png 28w, https:\/\/www.iemn.fr\/wp-content\/uploads\/2025\/05\/arobase_bleu-15x12.png 15w\" sizes=\"auto, (max-width: 14px) 100vw, 14px\" \/>univ-lille.fr)<\/span><\/li>\n<\/ul>\n<p>L\u2019\u00e9quipe est un acteur dans la cr\u00e9ation de dispositifs microfluidiques sophistiqu\u00e9s imitant fid\u00e8lement les organes humains. Ces mod\u00e8les in vitro ouvrent de nouvelles voies pour la recherche pharmaceutique et m\u00e9dicale, permettant des \u00e9tudes plus pr\u00e9cises et pr\u00e9dictives sur les interactions m\u00e9dicamenteuses et les r\u00e9ponses biologiques.<\/p>\n<ul>\n<li><span style=\"color: #800000;\"><strong><span style=\"text-decoration: underline;\"><a style=\"text-decoration: underline; color: #800000;\" href=\"https:\/\/www.iemn.fr\/en\/la-recherche\/les-groupes\/biomems\/ongoingstudies\/#toggle-id-2\">Biocapteurs pour l\u2019\u00e9tude et la quantification du<\/a><a style=\"text-decoration: underline; color: #800000;\" href=\"https:\/\/www.iemn.fr\/en\/la-recherche\/les-groupes\/biomems\/ongoingstudies\/#toggle-id-2\"> caract\u00e8re<\/a><\/span><span style=\"text-decoration: underline;\"><a style=\"text-decoration: underline; color: #800000;\" href=\"https:\/\/www.iemn.fr\/en\/la-recherche\/les-groupes\/biomems\/ongoingstudies\/#toggle-id-2\"> infectieux de parasite<\/a><\/span><\/strong><span style=\"text-decoration: underline;\"><strong>s <\/strong><\/span><\/span><span style=\"text-decoration: underline; color: #3366ff;\">(<\/span><span style=\"color: #3366ff;\"><span style=\"color: #3366ff;\">j<\/span>erome.follet<img loading=\"lazy\" decoding=\"async\" class=\"align=absbottom wp-image-73428\" src=\"https:\/\/www.iemn.fr\/wp-content\/uploads\/2025\/05\/arobase_bleu.png\" alt=\"\" width=\"14\" height=\"12\" srcset=\"https:\/\/www.iemn.fr\/wp-content\/uploads\/2025\/05\/arobase_bleu.png 28w, https:\/\/www.iemn.fr\/wp-content\/uploads\/2025\/05\/arobase_bleu-15x12.png 15w\" sizes=\"auto, (max-width: 14px) 100vw, 14px\" \/>junia.com)<\/span><\/li>\n<\/ul>\n<p>Gr\u00e2ce \u00e0 l\u2019utilisation de technologies avanc\u00e9es telles que la spectroscopie d\u2019imp\u00e9dance, l\u2019\u00e9quipe a d\u00e9velopp\u00e9 des biocapteurs innovants permettant une d\u00e9tection sensible et sp\u00e9cifique des parasites infectieux. Ces biocapteurs sont essentiels pour la surveillance \u00e9pid\u00e9miologique et le d\u00e9veloppement de nouvelles strat\u00e9gies de diagnostic et de traitement.<\/p>\n<ul>\n<li><strong><a href=\"https:\/\/www.iemn.fr\/en\/la-recherche\/les-groupes\/biomems\/ongoingstudies\/#toggle-id-3\"><span style=\"text-decoration: underline;\"><span style=\"color: #800000; text-decoration: underline;\">Microsyst\u00e8mes innovants pour la caract\u00e9risation multi-physique de cellules vivantes<\/span> <\/span><\/a><\/strong><span style=\"color: #3366ff;\"><span style=\"text-decoration: underline;\">(cagatay.tarhan<img loading=\"lazy\" decoding=\"async\" class=\"align=absbottom wp-image-73428\" src=\"https:\/\/www.iemn.fr\/wp-content\/uploads\/2025\/05\/arobase_bleu.png\" alt=\"\" width=\"14\" height=\"12\" srcset=\"https:\/\/www.iemn.fr\/wp-content\/uploads\/2025\/05\/arobase_bleu.png 28w, https:\/\/www.iemn.fr\/wp-content\/uploads\/2025\/05\/arobase_bleu-15x12.png 15w\" sizes=\"auto, (max-width: 14px) 100vw, 14px\" \/>junia.com<\/span>)<\/span><\/li>\n<\/ul>\n<p>L\u2019\u00e9quipe a d\u00e9velopp\u00e9 des microsyst\u00e8mes sophistiqu\u00e9s pour l\u2019analyse des propri\u00e9t\u00e9s biophysiques des cellules vivantes. Ces syst\u00e8mes permettent une caract\u00e9risation pr\u00e9cise multiphysique des cellules tumorales circulantes et des interactions cellulaires, ouvrant de nouvelles perspectives pour le diagnostic et le traitement du cancer.<\/p>\n<ul>\n<li><strong><span style=\"color: #800000;\"><span style=\"text-decoration: underline;\"><a style=\"text-decoration: underline; color: #800000;\" href=\"https:\/\/www.iemn.fr\/en\/la-recherche\/les-groupes\/biomems\/ongoingstudies\/#toggle-id-5\">Appro<\/a><\/span><span style=\"text-decoration: underline;\"><a style=\"text-decoration: underline; color: #800000;\" href=\"https:\/\/www.iemn.fr\/en\/la-recherche\/les-groupes\/biomems\/ongoingstudies\/#toggle-id-5\">ches<\/a><\/span><span style=\"text-decoration: underline;\"><a style=\"text-decoration: underline; color: #800000;\" href=\"https:\/\/www.iemn.fr\/en\/la-recherche\/les-groupes\/biomems\/ongoingstudies\/#toggle-id-5\"> mol\u00e9culaires innovantes pour analyser et manipuler le vivant<\/a><\/span><\/span><\/strong><span style=\"color: #3366ff;\"><span style=\"text-decoration: underline;\"> (alexandre.baccouche<img loading=\"lazy\" decoding=\"async\" class=\"align=absbottom wp-image-73428\" src=\"https:\/\/www.iemn.fr\/wp-content\/uploads\/2025\/05\/arobase_bleu.png\" alt=\"\" width=\"14\" height=\"12\" srcset=\"https:\/\/www.iemn.fr\/wp-content\/uploads\/2025\/05\/arobase_bleu.png 28w, https:\/\/www.iemn.fr\/wp-content\/uploads\/2025\/05\/arobase_bleu-15x12.png 15w\" sizes=\"auto, (max-width: 14px) 100vw, 14px\" \/>univ-lille.fr<\/span>)<\/span><\/li>\n<\/ul>\n<p>Notre recherche s\u2019articule autour de dispositifs capables de d\u00e9tecter et de r\u00e9agir \u00e0 leur environnement par le biais de programmes mol\u00e9culaires : des r\u00e9actions biochimiques en cascade, inspir\u00e9es des syst\u00e8mes de traitement de l\u2019information en biologie (r\u00e9seaux de r\u00e9gulation des g\u00e8nes). En utilisant des acides nucl\u00e9iques et des enzymes, nous recr\u00e9ons ces syst\u00e8mes en tant que i) biocapteurs intelligents en contact de dispositifs \u00e9lectroniques ou ii) cellules artificielles capables de reproduire des comportements cellulaires lorsque ces programmes sont int\u00e9gr\u00e9es dans des liposomes.<\/p>\n<ul>\n<li><strong><span style=\"color: #800000;\"><a style=\"color: #800000;\" href=\"https:\/\/www.iemn.fr\/en\/la-recherche\/les-groupes\/biomems\/ongoingstudies\/#toggle-id-4\"><span style=\"text-decoration: underline;\">D\u00e9veloppement d\u2019approches pharmacologiques innovantes et leur compr\u00e9hension\u00a0<\/span><\/a><\/span><\/strong><span style=\"color: #0000ff;\"><span style=\"text-decoration: underline;\">(<\/span>anthony.treizebre<span style=\"color: #3366ff;\"><img loading=\"lazy\" decoding=\"async\" class=\"align=absbottom wp-image-73428\" src=\"https:\/\/www.iemn.fr\/wp-content\/uploads\/2025\/05\/arobase_bleu.png\" alt=\"\" width=\"14\" height=\"12\" srcset=\"https:\/\/www.iemn.fr\/wp-content\/uploads\/2025\/05\/arobase_bleu.png 28w, https:\/\/www.iemn.fr\/wp-content\/uploads\/2025\/05\/arobase_bleu-15x12.png 15w\" sizes=\"auto, (max-width: 14px) 100vw, 14px\" \/><\/span>univ-lille.fr)<\/span><\/li>\n<\/ul>\n<p>L\u2019\u00e9quipe d\u00e9veloppe de nouvelles approches pharmacologiques. Ces collaborations ont conduit au d\u00e9veloppement de dispositifs opto-fluidiques innovants pour la cytom\u00e9trie, ainsi qu\u2019\u00e0 des avanc\u00e9es significatives dans la compr\u00e9hension des m\u00e9canismes d\u2019action des m\u00e9dicaments.<\/p>\n<ul>\n<li><strong><span style=\"color: #800000;\"><span style=\"text-decoration: underline;\"><a style=\"color: #800000; text-decoration: underline;\" href=\"https:\/\/www.iemn.fr\/en\/la-recherche\/les-groupes\/biomems\/ongoingstudies\/#toggle-id-6\">Utilisation<\/a><\/span><span style=\"text-decoration: underline;\"><a style=\"color: #800000; text-decoration: underline;\" href=\"https:\/\/www.iemn.fr\/en\/la-recherche\/les-groupes\/biomems\/ongoingstudies\/#toggle-id-6\"> de l\u2019IA pour la sant\u00e9<\/a><\/span><\/span><\/strong><span style=\"color: #0000ff;\"><span style=\"text-decoration: underline;\"> (<\/span>ferla.windal<span style=\"color: #3366ff;\"><img loading=\"lazy\" decoding=\"async\" class=\"align=absbottom wp-image-73428\" src=\"https:\/\/www.iemn.fr\/wp-content\/uploads\/2025\/05\/arobase_bleu.png\" alt=\"\" width=\"14\" height=\"12\" srcset=\"https:\/\/www.iemn.fr\/wp-content\/uploads\/2025\/05\/arobase_bleu.png 28w, https:\/\/www.iemn.fr\/wp-content\/uploads\/2025\/05\/arobase_bleu-15x12.png 15w\" sizes=\"auto, (max-width: 14px) 100vw, 14px\" \/><\/span>junia.com)<\/span><\/li>\n<\/ul>\n<p>L\u2019\u00e9quipe explore les applications de l\u2019intelligence artificielle dans le domaine de la sant\u00e9, en particulier pour le diagnostic et le traitement du cancer. Ces approches permettent une analyse pr\u00e9cise et automatis\u00e9e, ouvrant de nouvelles perspectives pour la m\u00e9decine personnalis\u00e9e et la d\u00e9couverte de biomarqueurs.<\/p>\n<\/div><\/section><\/div>\n<div  class='hr av-12i5yfz-c573334159c3d62ee8a14b3467319130 hr-default  avia-builder-el-10  el_after_av_one_full  el_before_av_one_full'><span class='hr-inner'><span class=\"hr-inner-style\"><\/span><\/span><\/div>\n<div  class='flex_column av-zghwtb-ea8cc93d4541b47d6571235ad005083c av_one_full  avia-builder-el-11  el_after_av_hr  el_before_av_one_full  first flex_column_div'     ><section  class='av_textblock_section av-lyd3ehmj-4c8ba463941bd7848b93c6de9d221d6f'   itemscope=\"itemscope\" itemtype=\"https:\/\/schema.org\/CreativeWork\" ><div class='avia_textblock'  itemprop=\"text\" ><h4><\/h4>\n<h4><\/h4>\n<h4><\/h4>\n<h3 style=\"text-align: center;\"><span style=\"text-decoration: underline;\"><a href=\"https:\/\/www.iemn.fr\/wp-content\/uploads\/2024\/07\/Capture-decran-2024-07-08-a-16.46.11.png\"><img loading=\"lazy\" decoding=\"async\" class=\"wp-image-67951 size-square alignright\" src=\"https:\/\/www.iemn.fr\/wp-content\/uploads\/2024\/07\/Capture-decran-2024-07-08-a-16.46.11-180x180.png\" alt=\"\" width=\"180\" height=\"180\" srcset=\"https:\/\/www.iemn.fr\/wp-content\/uploads\/2024\/07\/Capture-decran-2024-07-08-a-16.46.11-180x180.png 180w, https:\/\/www.iemn.fr\/wp-content\/uploads\/2024\/07\/Capture-decran-2024-07-08-a-16.46.11-300x300.png 300w, https:\/\/www.iemn.fr\/wp-content\/uploads\/2024\/07\/Capture-decran-2024-07-08-a-16.46.11-80x80.png 80w, https:\/\/www.iemn.fr\/wp-content\/uploads\/2024\/07\/Capture-decran-2024-07-08-a-16.46.11-12x12.png 12w, https:\/\/www.iemn.fr\/wp-content\/uploads\/2024\/07\/Capture-decran-2024-07-08-a-16.46.11-36x36.png 36w, https:\/\/www.iemn.fr\/wp-content\/uploads\/2024\/07\/Capture-decran-2024-07-08-a-16.46.11.png 491w\" sizes=\"auto, (max-width: 180px) 100vw, 180px\" \/><\/a>Axe 2 : Conception et caract\u00e9risation de mat\u00e9riaux innovants : <\/span><\/h3>\n<p>Cet axe vise \u00e0 r\u00e9pondre aux d\u00e9fis actuels sur la conception et la caract\u00e9risation de mat\u00e9riaux avanc\u00e9s pour diverses applications allant de l\u2019utilisation de mat\u00e9riaux biosourc\u00e9s \u00e0 la mise au point de mat\u00e9riaux thermor\u00e9gulateurs appliqu\u00e9s au textile pour am\u00e9liorer le confort.<\/p>\n<\/div><\/section><\/div>\n<div  class='flex_column av-ib7otb-f96aa3ea0af02feb336a408d0871dadd av_one_full  avia-builder-el-13  el_after_av_one_full  el_before_av_textblock  first flex_column_div  column-top-margin'     ><section  class='av_textblock_section av-lyd1rrz5-88d46823b176d60ef6aafdd5cc9982ae'   itemscope=\"itemscope\" itemtype=\"https:\/\/schema.org\/CreativeWork\" ><div class='avia_textblock'  itemprop=\"text\" ><ul>\n<li><strong><a href=\"https:\/\/www.iemn.fr\/en\/la-recherche\/les-groupes\/biomems\/ongoingstudies\/#toggle-id-7\"><span style=\"text-decoration: underline;\"><span style=\"color: #800000; text-decoration: underline;\">Mat\u00e9riaux biosourc\u00e9s et microtechnologies pour la bio-\u00e9conomie<\/span><\/span> <\/a><\/strong><span style=\"color: #0000ff;\">(C\u00e9line.vivien<span style=\"color: #3366ff;\"><img loading=\"lazy\" decoding=\"async\" class=\"align=absbottom wp-image-73428\" src=\"https:\/\/www.iemn.fr\/wp-content\/uploads\/2025\/05\/arobase_bleu.png\" alt=\"\" width=\"14\" height=\"12\" srcset=\"https:\/\/www.iemn.fr\/wp-content\/uploads\/2025\/05\/arobase_bleu.png 28w, https:\/\/www.iemn.fr\/wp-content\/uploads\/2025\/05\/arobase_bleu-15x12.png 15w\" sizes=\"auto, (max-width: 14px) 100vw, 14px\" \/><\/span>univ-lille.fr)<\/span><\/li>\n<\/ul>\n<p>L\u2019\u00e9quipe d\u00e9veloppe des outils de criblage enzymatique et de capteurs pour la valorisation de la biomasse (en collaboration avec l\u2019\u00e9quipe NCM) bas\u00e9e sur le d\u00e9veloppement d\u2019un capteur et d\u2019une m\u00e9thode innovante permettant une analyse enzymatique simple, rapide et fiable.<\/p>\n<ul>\n<li><strong><span style=\"color: #800000;\"><a style=\"color: #800000;\" href=\"https:\/\/www.iemn.fr\/en\/la-recherche\/les-groupes\/biomems\/ongoingstudies\/#toggle-id-8\"><span style=\"text-decoration: underline;\">Surfaces textur\u00e9es impr\u00e9gn\u00e9es glissantes<\/span><\/a><\/span> <\/strong><span style=\"color: #0000ff;\">(Vincent.thomy<span style=\"color: #3366ff;\"><img loading=\"lazy\" decoding=\"async\" class=\"align=absbottom wp-image-73428\" src=\"https:\/\/www.iemn.fr\/wp-content\/uploads\/2025\/05\/arobase_bleu.png\" alt=\"\" width=\"14\" height=\"12\" srcset=\"https:\/\/www.iemn.fr\/wp-content\/uploads\/2025\/05\/arobase_bleu.png 28w, https:\/\/www.iemn.fr\/wp-content\/uploads\/2025\/05\/arobase_bleu-15x12.png 15w\" sizes=\"auto, (max-width: 14px) 100vw, 14px\" \/><\/span>univ-lille.fr)<\/span><\/li>\n<\/ul>\n<p>Forte d\u2019une expertise historique sur les surfaces non mouillantes biomim\u00e9tiques et en collaboration avec l\u2019\u00e9quipe NCM, l\u2019\u00e9quipe a d\u00e9velopp\u00e9 et caract\u00e9ris\u00e9 des surfaces textur\u00e9es impr\u00e9gn\u00e9es, sur les rev\u00eatements transparents\u00a0et l\u2019optimisation de syst\u00e8mes de r\u00e9frig\u00e9ration secondaire.<\/p>\n<ul>\n<li><strong><a href=\"https:\/\/www.iemn.fr\/en\/la-recherche\/les-groupes\/biomems\/ongoingstudies\/#toggle-id-9\"><span style=\"text-decoration: underline;\"><span style=\"color: #800000; text-decoration: underline;\">Confort thermique et r\u00e9gulation<\/span><\/span><\/a> <\/strong><span style=\"color: #0000ff;\">(Michele.carette<span style=\"color: #3366ff;\"><img loading=\"lazy\" decoding=\"async\" class=\"align=absbottom wp-image-73428\" src=\"https:\/\/www.iemn.fr\/wp-content\/uploads\/2025\/05\/arobase_bleu.png\" alt=\"\" width=\"14\" height=\"12\" srcset=\"https:\/\/www.iemn.fr\/wp-content\/uploads\/2025\/05\/arobase_bleu.png 28w, https:\/\/www.iemn.fr\/wp-content\/uploads\/2025\/05\/arobase_bleu-15x12.png 15w\" sizes=\"auto, (max-width: 14px) 100vw, 14px\" \/><\/span>univ-lille.fr)<\/span><\/li>\n<\/ul>\n<p>L\u2019\u00e9quipe d\u00e9veloppe des membranes polym\u00e8res micro-structur\u00e9es pour am\u00e9liorer le confort thermique, en collaboration avec l\u2019\u00e9quipe Physique (Ephoni), en jouant sur l\u2019interaction entre le textile et les radiations \u00e9mises par le corps humain dans le moyen infra-rouge (MIR) (5-15\u03bcm).<\/p>\n<\/div><\/section><\/div>\n<style type=\"text\/css\" data-created_by=\"avia_inline_auto\" id=\"style-css-av-jnbsfzai-f12bd619f8c81aadc729d8a3c67108fb\">\n#top .av_textblock_section.av-jnbsfzai-f12bd619f8c81aadc729d8a3c67108fb .avia_textblock{\nfont-size:20px;\n}\n<\/style>\n<section  class='av_textblock_section av-jnbsfzai-f12bd619f8c81aadc729d8a3c67108fb'   itemscope=\"itemscope\" itemtype=\"https:\/\/schema.org\/CreativeWork\" ><div class='avia_textblock'  itemprop=\"text\" ><p><a href=\"https:\/\/www.iemn.fr\/wp-content\/uploads\/2020\/11\/poster-groupe-BioMEMS.pdf\">Poster<\/a> BioMEMS<\/p>\n<\/div><\/section><\/p>","protected":false},"excerpt":{"rendered":"","protected":false},"author":2,"featured_media":0,"parent":101,"menu_order":20,"comment_status":"closed","ping_status":"closed","template":"","meta":{"footnotes":""},"class_list":["post-25695","page","type-page","status-publish","hentry"],"_links":{"self":[{"href":"https:\/\/www.iemn.fr\/en\/wp-json\/wp\/v2\/pages\/25695","targetHints":{"allow":["GET"]}}],"collection":[{"href":"https:\/\/www.iemn.fr\/en\/wp-json\/wp\/v2\/pages"}],"about":[{"href":"https:\/\/www.iemn.fr\/en\/wp-json\/wp\/v2\/types\/page"}],"author":[{"embeddable":true,"href":"https:\/\/www.iemn.fr\/en\/wp-json\/wp\/v2\/users\/2"}],"replies":[{"embeddable":true,"href":"https:\/\/www.iemn.fr\/en\/wp-json\/wp\/v2\/comments?post=25695"}],"version-history":[{"count":7,"href":"https:\/\/www.iemn.fr\/en\/wp-json\/wp\/v2\/pages\/25695\/revisions"}],"predecessor-version":[{"id":73423,"href":"https:\/\/www.iemn.fr\/en\/wp-json\/wp\/v2\/pages\/25695\/revisions\/73423"}],"up":[{"embeddable":true,"href":"https:\/\/www.iemn.fr\/en\/wp-json\/wp\/v2\/pages\/101"}],"wp:attachment":[{"href":"https:\/\/www.iemn.fr\/en\/wp-json\/wp\/v2\/media?parent=25695"}],"curies":[{"name":"wp","href":"https:\/\/api.w.org\/{rel}","templated":true}]}}