{"id":25486,"date":"2018-09-28T11:13:01","date_gmt":"2018-09-28T09:13:01","guid":{"rendered":"https:\/\/www.iemn.fr\/?page_id=25486"},"modified":"2024-07-09T10:59:02","modified_gmt":"2024-07-09T08:59:02","slug":"aiman-films","status":"publish","type":"page","link":"https:\/\/www.iemn.fr\/en\/la-recherche\/les-groupes\/aiman-films","title":{"rendered":"Group : AIMAN-FILMS"},"content":{"rendered":"<div id='layer_slider_1'  class='avia-layerslider main_color avia-shadow  avia-builder-el-0  el_before_av_submenu  avia-builder-el-first  container_wrap sidebar_right'  style='height: 261px;'  ><div id=\"layerslider_40_14ctwyfxicod8\" data-ls-slug=\"homepageslider\" class=\"ls-wp-container fitvidsignore ls-selectable\" style=\"width:1140px;height:260px;margin:0 auto;margin-bottom: 0px;\"><div class=\"ls-slide\" data-ls=\"bgposition:50% 50%;duration:6000;transition2d:5;\"><img loading=\"lazy\" decoding=\"async\" width=\"2600\" height=\"270\" src=\"https:\/\/www.iemn.fr\/wp-content\/uploads\/2018\/09\/sliders_carc1.jpg\" class=\"ls-bg\" alt=\"\" srcset=\"https:\/\/www.iemn.fr\/wp-content\/uploads\/2018\/09\/sliders_carc1.jpg 2600w, https:\/\/www.iemn.fr\/wp-content\/uploads\/2018\/09\/sliders_carc1-300x31.jpg 300w, https:\/\/www.iemn.fr\/wp-content\/uploads\/2018\/09\/sliders_carc1-768x80.jpg 768w, https:\/\/www.iemn.fr\/wp-content\/uploads\/2018\/09\/sliders_carc1-1030x107.jpg 1030w, https:\/\/www.iemn.fr\/wp-content\/uploads\/2018\/09\/sliders_carc1-1500x156.jpg 1500w, https:\/\/www.iemn.fr\/wp-content\/uploads\/2018\/09\/sliders_carc1-705x73.jpg 705w\" sizes=\"auto, (max-width: 2600px) 100vw, 2600px\" \/><ls-layer style=\"font-size:14px;text-align:left;font-style:normal;text-decoration:none;text-transform:none;font-weight:700;letter-spacing:0px;background-position:0% 0%;background-repeat:no-repeat;mix-blend-mode:normal;top:231px;left:0px;height:30px;width:360px;line-height:32px;color:#ffffff;border-radius:6px 6px 6px 6px;padding-left:50px;background-color:rgba(0, 0, 0, 0.57);\" class=\"ls-l ls-ib-icon ls-text-layer\" data-ls=\"minfontsize:0;minmobilefontsize:0;\"><i class=\"fa fa-user-circle\" style=\"color:#f2f2f2;margin-right:0.8em;font-size:1em;transform:translateY( -0.125em );\"><\/i>RESEARCH GROUP: AIMAN-FILMS<\/ls-layer><\/div><\/div><\/div>\n<div id='sub_menu1'  class='av-submenu-container av-jrqfadqy-ce2f2ab09b07c9cd48b0b2cdd423b7d9 footer_color  avia-builder-el-1  el_after_av_layerslider  el_before_av_one_full  submenu-not-first container_wrap sidebar_right' style='z-index:301' ><div class='container av-menu-mobile-disabled av-submenu-pos-left'><ul id='av-custom-submenu-1' class='av-subnav-menu' role='menu'>\n<li class='menu-item av-34y2afi-c7e50c717bbf63b300d548dfa3cbca8b menu-item-top-level menu-item-top-level-1' role='menuitem'><a href='https:\/\/www.iemn.fr\/en\/la-recherche\/les-groupes\/aiman-films'  ><span class='avia-bullet'><\/span><span class='avia-menu-text'>Introduction<\/span><\/a><\/li>\n<li class='menu-item av-2q4hm32-cc657549caec218a87c5a8ebd17572be menu-item-top-level menu-item-top-level-2' role='menuitem'><a href='https:\/\/www.iemn.fr\/en\/la-recherche\/les-groupes\/aiman-films\/membres'  ><span class='avia-bullet'><\/span><span class='avia-menu-text'>Members<\/span><\/a><\/li>\n<li class='menu-item av-20qgy6m-bd0a1d10f87924952cb8c4fecac31b80 menu-item-top-level menu-item-top-level-3' role='menuitem'><a href='https:\/\/www.iemn.fr\/en\/la-recherche\/les-groupes\/aiman-films\/recherche'  ><span class='avia-bullet'><\/span><span class='avia-menu-text'>Research areas<\/span><\/a><\/li>\n<li class='menu-item av-1o0kgtq-4044f1e3928064ebf25d0b17aeac577b menu-item-top-level menu-item-top-level-4' role='menuitem'><a href='https:\/\/www.iemn.fr\/en\/la-recherche\/les-groupes\/aiman-films\/projets'  ><span class='avia-bullet'><\/span><span class='avia-menu-text'>Projects<\/span><\/a><\/li>\n<li class='menu-item av-1bervji-36da1fc67e4b70e2160e6d4a7a65ceef menu-item-top-level menu-item-top-level-5' role='menuitem'><a href='https:\/\/www.iemn.fr\/en\/la-recherche\/les-groupes\/aiman-films\/publications'  ><span class='avia-bullet'><\/span><span class='avia-menu-text'>Publications<\/span><\/a><\/li>\n<li class='menu-item av-p3o9n2-e6ceaa8a86b1826cdbce3ada747fb1d4 menu-item-top-level menu-item-top-level-6' role='menuitem'><a href='https:\/\/www.iemn.fr\/en\/la-recherche\/les-groupes\/aiman-films\/collaborations'  ><span class='avia-bullet'><\/span><span class='avia-menu-text'>Collaborations<\/span><\/a><\/li>\n<li class='menu-item av-v7q2tq-f850d6157ecf2638c8ac6302485c66c6 menu-item-top-level menu-item-top-level-7' role='menuitem'><a href='https:\/\/www.iemn.fr\/en\/la-recherche\/les-groupes'  ><span class='avia-bullet'><\/span><span class='avia-menu-text'>Other groups<\/span><\/a><\/li>\n<\/ul><\/div><\/div><div id='after_submenu_1'  class='main_color av_default_container_wrap container_wrap sidebar_right'  ><div class='container av-section-cont-open' ><div class='template-page content  av-content-small alpha units'><div class='post-entry post-entry-type-page post-entry-25486'><div class='entry-content-wrapper clearfix'>\n\n<style type=\"text\/css\" data-created_by=\"avia_inline_auto\" id=\"style-css-av-7ggq6-dbe524e03d32254027c3293166a7bb33\">\n.flex_column.av-7ggq6-dbe524e03d32254027c3293166a7bb33{\nborder-radius:0px 0px 0px 0px;\npadding:0px 0px 0px 0px;\n}\n<\/style>\n<div  class='flex_column av-7ggq6-dbe524e03d32254027c3293166a7bb33 av_one_full  avia-builder-el-2  el_after_av_submenu  avia-builder-el-no-sibling  first flex_column_div av-zero-column-padding'     ><p>\n<style type=\"text\/css\" data-created_by=\"avia_inline_auto\" id=\"style-css-av-2qui32-10fc83f00c3e787460fae2da8c1f0501\">\n#top .av-special-heading.av-2qui32-10fc83f00c3e787460fae2da8c1f0501{\npadding-bottom:10px;\n}\nbody .av-special-heading.av-2qui32-10fc83f00c3e787460fae2da8c1f0501 .av-special-heading-tag .heading-char{\nfont-size:25px;\n}\n.av-special-heading.av-2qui32-10fc83f00c3e787460fae2da8c1f0501 .av-subheading{\nfont-size:15px;\n}\n<\/style>\n<div  class='av-special-heading av-2qui32-10fc83f00c3e787460fae2da8c1f0501 av-special-heading-h2  avia-builder-el-3  el_before_av_textblock  avia-builder-el-first'><h2 class='av-special-heading-tag'  itemprop=\"headline\"  >AIMAN-FILMS Group<\/h2><div class=\"special-heading-border\"><div class=\"special-heading-inner-border\"><\/div><\/div><\/div><br \/>\n<section  class='av_textblock_section av-jmlsj1or-b4a8f5de76c19a1c125cc208ba9a79c0'   itemscope=\"itemscope\" itemtype=\"https:\/\/schema.org\/CreativeWork\" ><div class='avia_textblock'  itemprop=\"text\" ><section class=\"av_textblock_section av-jmqecl0s-da25c825b152f1a6a1d799bdfb08a45b\">\n<div class=\"avia_textblock\">\n<blockquote>\n<h4><strong>Impulse Acoustics and Nonlinear Magnetoacoustics<\/strong><\/h4>\n<h4><strong>Fluides, Interfaces Liquides &amp; Micro-Syst\u00e8mes<\/strong><\/h4>\n<p><strong>18 permanent researchers and teacher-researchers.<\/strong><\/p>\n<p>Manager: Nicolas TIERCELIN<\/p>\n<\/blockquote>\n<p>The AIMAN-FILMS group focuses on the study of static, quasi-static and dynamic critical and supercritical phenomena in the multiphysics fields of functional electronics, acoustics and fluidics. Our scientific approach is based on an interdisciplinary approach, combining skills in physics, engineering and materials science to develop innovative solutions to contemporary challenges. Our activities are organised around 3 main themes and one cross-disciplinary theme.<\/p>\n<p><strong>Area 1: Micro and nanosystems (MEMS) and surface acoustic wave (SAW) devices.<\/strong><\/p>\n<ul>\n<li><strong>Micro-devices for intelligent and green transport<\/strong> We are developing micro-fluidic devices that combine small-scale fluid mechanics with other physical quantities to manipulate fluid flows and their metrology in transport and industrial systems. The aim is to reduce drag and increase the range, agility and safety of vehicles. Between 2018 and 2023, this activity saw a sharp rise in TRL (5\/6) for the anemometric sensors developed, and are the subjects of a WP in the RESISTE targeted project of the Electronics PEPR.<\/li>\n<li>There was a lot of activity around the <strong>surface acoustic wave (SAW) devices<\/strong> These include: (i) for actuation purposes, such as the development of devices for cleaning surfaces, which led to a significant IP and the creation of the VISION start-up; (ii) for the production of passive multiphysical sensors that can be interrogated remotely; and (iii) for the production of filters and other devices for telecoms.<\/li>\n<li>The integration of a young researcher has initiated a promising activity on <strong>miniature atomic sensors<\/strong> \u00e0 des fins de mesures de champs magn\u00e9tiques et \u00e9lectriques mais ayant d\u2019autres applications : sources de photons uniques, m\u00e9moires quantiques, etc.<\/li>\n<\/ul>\n<p><strong>Area 2: Fluidics and acoustics.<\/strong><\/p>\n<ul>\n<li><strong>Acousto-fluidics<\/strong> This theme concerns the use of ultrasonic acoustic waves to manipulate liquids and objects. In particular, we have developed acoustic tweezers, analogous to optical tweezers, for the micromanipulation of cells and micro-organisms. New concepts are also being studied, such as micro-swimmers for drug delivery.<\/li>\n<li><strong>Fluids and Interfaces<\/strong> We study free-surface flows and various hydrodynamic phenomena, such as hydraulic jumps and jets. The team is particularly interested in understanding the effect of the presence of particles on modifying the properties of fluid interfaces. In this way, we have shown that it is possible to stabilise interfaces and obtain bubbles and anti-bubbles with extremely long lifetimes, which has been noted in the press (see portfolio).<\/li>\n<li><strong>Acoustic imaging techniques<\/strong> : The group has considerable expertise in non-linear elastography techniques, which provide new tools for diagnostic imaging.<\/li>\n<\/ul>\n<p><strong>Area 3: Multiphysical magnetism. <\/strong><\/p>\n<p>The group works on the possibilities offered by couplings in thin-film magnetic materials, and in particular magneto-elastic coupling.<\/p>\n<ul>\n<li><strong>THz Spintronic Emitters<\/strong> We have been working on this new type of THz emitter since 2018. We have demonstrated the possibility of controlling the direction of polarisation using a variable magnetic field, as well as using the magnetoelectric effect. With the Fraunhofer ITMW institute in Mainz, we have developed THz transmitters integrated into optical fibres, for which a patent application has been filed. This theme is part of the PEPR SPIN TOAST project.<\/li>\n<li><strong>Coupling with SAW<\/strong> - Magneto-acoustic devices: Coupled with SAW devices, we can produce magnetic sensors because the elastic parameters of the layers vary greatly when the field is applied, which causes a change in the propagation speed of acoustic waves. This activity has been integrated into the Targeted ADAGE and SPINMAT projects of the PEPR SPIN programme, which started in 2023. Possible extensions to the quantum field are being explored.<\/li>\n<\/ul>\n<p><strong>Cross-disciplinary theme: Health applications. <\/strong><\/p>\n<p>The group has chosen to focus on health-related applications. The first interactions took place with local players, but progressed to the European level. This has resulted in the selection of European research projects, such as the SWEATPACH project on cancer biomarker sensors, and teaching projects, such as the ITN CanDoIt network on the same theme. The Group has also benefited from the creation of a CPJ Chair in Biotechnology.<\/p>\n<\/div>\n<\/section>\n<\/div><\/section><br \/>\n<section  class='av_textblock_section av-kx4bvyap-e12a8b4d3a5c1dbb8a69afa966181345'   itemscope=\"itemscope\" itemtype=\"https:\/\/schema.org\/CreativeWork\" ><div class='avia_textblock'  itemprop=\"text\" ><p><a href=\"https:\/\/haltools.archives-ouvertes.fr\/Public\/afficheRequetePubli.php?idHal=nicolas-tiercelin%3Bphilippe-pernod%3Balain-merlen%3Babdelkrim-talbi%3Bfarzam-zoueshtiagh%3Bolivier-bou-matar%3Bmarc-goueygou%3Bvladimir-preobrazhensky%3Bmichael-baudoin%3Bvladislav-aleshin%3Bstefano-giordano%3Balexis-duchesne%3Bcecile-ghouila-houri%3Bvmaurice%3Byannick-dusch&amp;struct=133695%3B1066989%3B1296%3B1066983&amp;CB_auteur=oui&amp;CB_titre=oui&amp;CB_identifiant=oui&amp;CB_article=oui&amp;CB_vignette=oui&amp;langue=Anglais&amp;tri_exp=annee_publi&amp;tri_exp2=typdoc&amp;tri_exp3=date_publi&amp;ordre_aff=TA&amp;CB_rubriqueDiv=oui&amp;Fen=Aff&amp;css=..\/css\/VisuRubriqueEncadre.css\" target=\"_blank\" rel=\"noopener\">\n<style type=\"text\/css\" data-created_by=\"avia_inline_auto\" id=\"style-css-av-13ewzjw-f88c9e6b74c5511df78dbfcade217943\">\n.av_font_icon.av-13ewzjw-f88c9e6b74c5511df78dbfcade217943{\ncolor:#800000;\nborder-color:#800000;\n}\n.av_font_icon.av-13ewzjw-f88c9e6b74c5511df78dbfcade217943 .av-icon-char{\nfont-size:20px;\nline-height:20px;\n}\n<\/style>\n<span  class='av_font_icon av-13ewzjw-f88c9e6b74c5511df78dbfcade217943 avia_animate_when_visible av-icon-style- avia-icon-pos-left avia-icon-animate'><span class='av-icon-char' aria-hidden='true' data-av_icon='\ue836' data-av_iconfont='entypo-fontello' ><\/span><\/span><strong><span style=\"color: #800000\">AIMAN-FILMS Group publications<\/span><\/strong><\/a><\/p>\n<\/div><\/section><\/p><\/div>","protected":false},"excerpt":{"rendered":"","protected":false},"author":2,"featured_media":0,"parent":101,"menu_order":10,"comment_status":"closed","ping_status":"closed","template":"","meta":{"footnotes":""},"class_list":["post-25486","page","type-page","status-publish","hentry"],"_links":{"self":[{"href":"https:\/\/www.iemn.fr\/en\/wp-json\/wp\/v2\/pages\/25486","targetHints":{"allow":["GET"]}}],"collection":[{"href":"https:\/\/www.iemn.fr\/en\/wp-json\/wp\/v2\/pages"}],"about":[{"href":"https:\/\/www.iemn.fr\/en\/wp-json\/wp\/v2\/types\/page"}],"author":[{"embeddable":true,"href":"https:\/\/www.iemn.fr\/en\/wp-json\/wp\/v2\/users\/2"}],"replies":[{"embeddable":true,"href":"https:\/\/www.iemn.fr\/en\/wp-json\/wp\/v2\/comments?post=25486"}],"version-history":[{"count":0,"href":"https:\/\/www.iemn.fr\/en\/wp-json\/wp\/v2\/pages\/25486\/revisions"}],"up":[{"embeddable":true,"href":"https:\/\/www.iemn.fr\/en\/wp-json\/wp\/v2\/pages\/101"}],"wp:attachment":[{"href":"https:\/\/www.iemn.fr\/en\/wp-json\/wp\/v2\/media?parent=25486"}],"curies":[{"name":"wp","href":"https:\/\/api.w.org\/{rel}","templated":true}]}}