{"id":24951,"date":"2018-09-20T15:49:16","date_gmt":"2018-09-20T13:49:16","guid":{"rendered":"https:\/\/www.iemn.fr\/?page_id=24951"},"modified":"2024-07-04T16:35:19","modified_gmt":"2024-07-04T14:35:19","slug":"thematiques","status":"publish","type":"page","link":"https:\/\/www.iemn.fr\/en\/la-recherche\/les-groupes\/mitec\/thematiques","title":{"rendered":"Themes"},"content":{"rendered":"<div id='layer_slider_1'  class='avia-layerslider main_color avia-shadow  avia-builder-el-0  el_before_av_submenu  avia-builder-el-first  container_wrap sidebar_right'  style='height: 261px;'  ><div id=\"layerslider_41_iasiprwqs4t5\" data-ls-slug=\"homepageslider\" class=\"ls-wp-container fitvidsignore ls-selectable\" style=\"width:1140px;height:260px;margin:0 auto;margin-bottom: 0px;\"><div class=\"ls-slide\" data-ls=\"bgposition:50% 50%;duration:6000;transition2d:5;\"><img loading=\"lazy\" decoding=\"async\" width=\"2600\" height=\"270\" src=\"https:\/\/www.iemn.fr\/wp-content\/uploads\/2018\/10\/sliders_groupe_mitec.jpg\" class=\"ls-bg\" alt=\"\" srcset=\"https:\/\/www.iemn.fr\/wp-content\/uploads\/2018\/10\/sliders_groupe_mitec.jpg 2600w, https:\/\/www.iemn.fr\/wp-content\/uploads\/2018\/10\/sliders_groupe_mitec-300x31.jpg 300w, https:\/\/www.iemn.fr\/wp-content\/uploads\/2018\/10\/sliders_groupe_mitec-768x80.jpg 768w, https:\/\/www.iemn.fr\/wp-content\/uploads\/2018\/10\/sliders_groupe_mitec-1030x107.jpg 1030w, https:\/\/www.iemn.fr\/wp-content\/uploads\/2018\/10\/sliders_groupe_mitec-1500x156.jpg 1500w, https:\/\/www.iemn.fr\/wp-content\/uploads\/2018\/10\/sliders_groupe_mitec-705x73.jpg 705w\" sizes=\"auto, (max-width: 2600px) 100vw, 2600px\" \/><ls-layer style=\"font-size:14px;text-align:left;font-style:normal;text-decoration:none;text-transform:none;font-weight:700;letter-spacing:0px;background-position:0% 0%;background-repeat:no-repeat;mix-blend-mode:normal;top:231px;left:0px;height:30px;width:360px;line-height:32px;color:#ffffff;border-radius:6px 6px 6px 6px;padding-left:50px;background-color:rgba(0, 0, 0, 0.57);\" class=\"ls-l ls-ib-icon ls-text-layer\" data-ls=\"minfontsize:0;minmobilefontsize:0;\"><i class=\"fa fa-user-circle\" style=\"color:#f2f2f2;margin-right:0.8em;font-size:1em;transform:translateY( -0.125em );\"><\/i>GROUPE DE RECHERCHE : MITEC<\/ls-layer><\/div><\/div><\/div>\n<div id='sub_menu1'  class='av-submenu-container av-jrqfadqy-ce2f2ab09b07c9cd48b0b2cdd423b7d9 footer_color  avia-builder-el-1  el_after_av_layerslider  el_before_av_heading  submenu-not-first container_wrap sidebar_right' style='z-index:301' ><div class='container av-menu-mobile-disabled av-submenu-pos-left'><ul id='av-custom-submenu-1' class='av-subnav-menu' role='menu'>\n<li class='menu-item av-1xztkqw-9d84057ccfa69edbbdca1ec7424830bd menu-item-top-level menu-item-top-level-1' role='menuitem'><a href='https:\/\/www.iemn.fr\/en\/la-recherche\/les-groupes\/mitec'  ><span class='avia-bullet'><\/span><span class='avia-menu-text'>Introduction<\/span><\/a><\/li>\n<li class='menu-item av-spn6l3-6d7b874c63ff864c4ddcd2ba5cf30f9d menu-item-top-level menu-item-top-level-2' role='menuitem'><a href='https:\/\/www.iemn.fr\/en\/la-recherche\/les-groupes\/mitec\/membres'  ><span class='avia-bullet'><\/span><span class='avia-menu-text'>Members<\/span><\/a><\/li>\n<li class='menu-item av-u2agmg-836e15f5b28b0a4304e82eb8daaf2e0a menu-item-top-level menu-item-top-level-3' role='menuitem'><a href='https:\/\/www.iemn.fr\/en\/la-recherche\/les-groupes\/mitec\/thematiques'  ><span class='avia-bullet'><\/span><span class='avia-menu-text'>Themes<\/span><\/a><\/li>\n<li class='menu-item av-11i7cxj-bf33beea051a6b87d78406ee5a634ddb menu-item-top-level menu-item-top-level-4' role='menuitem'><a href='https:\/\/www.iemn.fr\/en\/la-recherche\/les-groupes'  ><span class='avia-bullet'><\/span><span class='avia-menu-text'>Other groups<\/span><\/a><\/li>\n<\/ul><\/div><\/div><div id='after_submenu_1'  class='main_color av_default_container_wrap container_wrap sidebar_right'  ><div class='container av-section-cont-open' ><div class='template-page content  av-content-small alpha units'><div class='post-entry post-entry-type-page post-entry-24951'><div class='entry-content-wrapper clearfix'>\n\n<style type=\"text\/css\" data-created_by=\"avia_inline_auto\" id=\"style-css-av-ioo2if-a0e37ed210d6217be6fb992d919c96dc\">\n#top .av-special-heading.av-ioo2if-a0e37ed210d6217be6fb992d919c96dc{\npadding-bottom:10px;\n}\nbody .av-special-heading.av-ioo2if-a0e37ed210d6217be6fb992d919c96dc .av-special-heading-tag .heading-char{\nfont-size:25px;\n}\n.av-special-heading.av-ioo2if-a0e37ed210d6217be6fb992d919c96dc .av-subheading{\nfont-size:15px;\n}\n<\/style>\n<div  class='av-special-heading av-ioo2if-a0e37ed210d6217be6fb992d919c96dc av-special-heading-h2  avia-builder-el-2  el_after_av_submenu  el_before_av_one_full  avia-builder-el-first'><h2 class='av-special-heading-tag'  itemprop=\"headline\"  >Research Activities of the MITEC Group<\/h2><div class=\"special-heading-border\"><div class=\"special-heading-inner-border\"><\/div><\/div><\/div>\n\n<style type=\"text\/css\" data-created_by=\"avia_inline_auto\" id=\"style-css-av-1wk2ud3-0ad132a816d64388ed70eaa80b327c81\">\n.flex_column.av-1wk2ud3-0ad132a816d64388ed70eaa80b327c81{\nborder-radius:0px 0px 0px 0px;\npadding:0px 0px 0px 0px;\n}\n<\/style>\n<div  class='flex_column av-1wk2ud3-0ad132a816d64388ed70eaa80b327c81 av_one_full  avia-builder-el-3  el_after_av_heading  avia-builder-el-last  first flex_column_div av-zero-column-padding'     ><p><section  class='av_textblock_section av-jmamxuwv-70d87ebbf034c369257443325f138a25'   itemscope=\"itemscope\" itemtype=\"https:\/\/schema.org\/CreativeWork\" ><div class='avia_textblock'  itemprop=\"text\" ><p><strong>The research activities within the MITEC group are divided into several themes:<\/strong><\/p>\n<\/div><\/section><br \/>\n<div  class='togglecontainer av-1txamuv-f4c2525948be4f563d2d44b56ed80fe6  avia-builder-el-5  el_after_av_textblock  avia-builder-el-last  toggle_close_all' >\n<section class='av_toggle_section av-ikdqyf-89b9586dafb005a1a2e8c7c10beb2ae8'  itemscope=\"itemscope\" itemtype=\"https:\/\/schema.org\/CreativeWork\" ><div role=\"tablist\" class=\"single_toggle\" data-tags=\"{All} \"  ><p id='toggle-toggle-id-1' data-fake-id='#toggle-id-1' class='toggler  av-title-above'  itemprop=\"headline\"  role='tab' tabindex='0' aria-controls='toggle-id-1' data-slide-speed=\"200\" data-title=\"Mesure de la permittivit\u00e9 di\u00e9lectrique complexe de mat\u00e9riaux.\" data-title-open=\"\" data-aria_collapsed=\"Click to expand: Mesure de la permittivit\u00e9 di\u00e9lectrique complexe de mat\u00e9riaux.\" data-aria_expanded=\"Click to collapse: Mesure de la permittivit\u00e9 di\u00e9lectrique complexe de mat\u00e9riaux.\">Measurement of the complex dielectric permittivity of materials.<span class=\"toggle_icon\"><span class=\"vert_icon\"><\/span><span class=\"hor_icon\"><\/span><\/span><\/p><div id='toggle-id-1' aria-labelledby='toggle-toggle-id-1' role='region' class='toggle_wrap  av-title-above'  ><div class='toggle_content invers-color'  itemprop=\"text\" ><p>Knowledge of the electromagnetic properties of materials is required in many fields of application. The MITEC group is developing characterisation techniques adapted to a wide range of materials (solids, liquids, thin films, bio-sourced materials....). A few examples are given below.<\/p>\n<blockquote>\n<p>Waveguide measurement<\/p>\n<\/blockquote>\n<p>There are numerous methods for characterising dielectric materials in the centimetre and millimetre wavelength range. These vary in terms of their measurement frequency, the size and nature of the sample (solid, liquid, gas), the level of dielectric losses in the sample, the destructive or non-destructive nature of the measurement technique, the contact or non-contact aspect of the measurement and the temperature range. The split-guide technique is one of the methods we use. The permittivity is then extracted from the S parameters measured in transmission and reflection using an inversion model. Simulation studies using the HFSS software are also carried out in support.<\/p>\n<p><div id=\"attachment_66030\" style=\"width: 664px\" class=\"wp-caption aligncenter\"><img loading=\"lazy\" decoding=\"async\" aria-describedby=\"caption-attachment-66030\" class=\"wp-image-66030 size-full\" src=\"https:\/\/www.iemn.fr\/wp-content\/uploads\/2024\/06\/Sans-titreweb-5.jpg\" alt=\"\" width=\"654\" height=\"199\" srcset=\"https:\/\/www.iemn.fr\/wp-content\/uploads\/2024\/06\/Sans-titreweb-5.jpg 654w, https:\/\/www.iemn.fr\/wp-content\/uploads\/2024\/06\/Sans-titreweb-5-300x91.jpg 300w, https:\/\/www.iemn.fr\/wp-content\/uploads\/2024\/06\/Sans-titreweb-5-18x5.jpg 18w\" sizes=\"auto, (max-width: 654px) 100vw, 654px\" \/><p id=\"caption-attachment-66030\" class=\"wp-caption-text\">Exemple de caract\u00e9risation dans la bande 8-12 GHz &amp; Simulation HFSS<\/p><\/div><br \/>\n<div id=\"attachment_67710\" style=\"width: 1238px\" class=\"wp-caption aligncenter\"><img loading=\"lazy\" decoding=\"async\" aria-describedby=\"caption-attachment-67710\" class=\"wp-image-67710 size-full\" src=\"https:\/\/www.iemn.fr\/wp-content\/uploads\/2024\/07\/Sans-titre2-1.jpg\" alt=\"\" width=\"1228\" height=\"316\" srcset=\"https:\/\/www.iemn.fr\/wp-content\/uploads\/2024\/07\/Sans-titre2-1.jpg 1228w, https:\/\/www.iemn.fr\/wp-content\/uploads\/2024\/07\/Sans-titre2-1-300x77.jpg 300w, https:\/\/www.iemn.fr\/wp-content\/uploads\/2024\/07\/Sans-titre2-1-1030x265.jpg 1030w, https:\/\/www.iemn.fr\/wp-content\/uploads\/2024\/07\/Sans-titre2-1-768x198.jpg 768w, https:\/\/www.iemn.fr\/wp-content\/uploads\/2024\/07\/Sans-titre2-1-18x5.jpg 18w, https:\/\/www.iemn.fr\/wp-content\/uploads\/2024\/07\/Sans-titre2-1-705x181.jpg 705w\" sizes=\"auto, (max-width: 1228px) 100vw, 1228px\" \/><p id=\"caption-attachment-67710\" class=\"wp-caption-text\">Comparaison th\u00e9orie\/exp\u00e9rience pour S<sub>21<\/sub> pour un guide d\u2019ondes fonctionnant en bande X et une fente de 2.6 mm Comparaison effectu\u00e9e pour un \u00e9chantillon de t\u00e9flon (142mm x 32mm x 0.5mm).<\/p><\/div><\/p>\n<blockquote>\n<p>Measurement using coplanar lines<\/p>\n<\/blockquote>\n<p>For this method, the measured quantities are the parameters of the [S] matrix of CPW lines. These measurements are made using a vector analyser, connected to a sub-peak measurement station. The measurements of the [S] parameters then allow us to calculate the complex propagation constant \u03b3 = \u03b1 +j\u03b2 for the lines made, where \u03b1 is the attenuation constant (Np\/m) and \u03b2 the phase constant (Rad\/m). The calculation of \u03b3 requires the measurement of the parameters [S] for two transmission lines with the same transverse dimensions (and therefore the same characteristic impedance) but different lengths.<\/p>\n<p>Example: Dielectric characterisation of cellulose laurate.<\/p>\n<p><div id=\"attachment_65683\" style=\"width: 604px\" class=\"wp-caption aligncenter\"><img loading=\"lazy\" decoding=\"async\" aria-describedby=\"caption-attachment-65683\" class=\"wp-image-65683 size-full\" src=\"https:\/\/www.iemn.fr\/wp-content\/uploads\/2024\/06\/Sans-titreweb.jpg\" alt=\"\" width=\"594\" height=\"191\" srcset=\"https:\/\/www.iemn.fr\/wp-content\/uploads\/2024\/06\/Sans-titreweb.jpg 594w, https:\/\/www.iemn.fr\/wp-content\/uploads\/2024\/06\/Sans-titreweb-300x96.jpg 300w, https:\/\/www.iemn.fr\/wp-content\/uploads\/2024\/06\/Sans-titreweb-18x6.jpg 18w\" sizes=\"auto, (max-width: 594px) 100vw, 594px\" \/><p id=\"caption-attachment-65683\" class=\"wp-caption-text\">Synoptic of the method, example of lines made, measurements under spikes<\/p><\/div><br \/>\n<div id=\"attachment_65698\" style=\"width: 598px\" class=\"wp-caption aligncenter\"><img loading=\"lazy\" decoding=\"async\" aria-describedby=\"caption-attachment-65698\" class=\"wp-image-65698 size-full\" src=\"https:\/\/www.iemn.fr\/wp-content\/uploads\/2024\/06\/Sans-titreweb-1.jpg\" alt=\"\" width=\"588\" height=\"183\" srcset=\"https:\/\/www.iemn.fr\/wp-content\/uploads\/2024\/06\/Sans-titreweb-1.jpg 588w, https:\/\/www.iemn.fr\/wp-content\/uploads\/2024\/06\/Sans-titreweb-1-300x93.jpg 300w, https:\/\/www.iemn.fr\/wp-content\/uploads\/2024\/06\/Sans-titreweb-1-18x6.jpg 18w\" sizes=\"auto, (max-width: 588px) 100vw, 588px\" \/><p id=\"caption-attachment-65698\" class=\"wp-caption-text\">Results obtained for cellulose laurate<\/p><\/div><\/p>\n<\/div><\/div><\/div><\/section>\n<section class='av_toggle_section av-b373r-de5ef9e8e887563fa0ed3534c5d2460b'  itemscope=\"itemscope\" itemtype=\"https:\/\/schema.org\/CreativeWork\" ><div role=\"tablist\" class=\"single_toggle\" data-tags=\"{All} \"  ><p id='toggle-toggle-id-2' data-fake-id='#toggle-id-2' class='toggler  av-title-above'  itemprop=\"headline\"  role='tab' tabindex='0' aria-controls='toggle-id-2' data-slide-speed=\"200\" data-title=\"Mesure de la conductivit\u00e9 thermique de mat\u00e9riaux.\" data-title-open=\"\" data-aria_collapsed=\"Click to expand: Mesure de la conductivit\u00e9 thermique de mat\u00e9riaux.\" data-aria_expanded=\"Click to collapse: Mesure de la conductivit\u00e9 thermique de mat\u00e9riaux.\">Measurement of the thermal conductivity of materials.<span class=\"toggle_icon\"><span class=\"vert_icon\"><\/span><span class=\"hor_icon\"><\/span><\/span><\/p><div id='toggle-id-2' aria-labelledby='toggle-toggle-id-2' role='region' class='toggle_wrap  av-title-above'  ><div class='toggle_content invers-color'  itemprop=\"text\" ><p>The 3\u03c9 method, which appeared in the 1990s, is an electro-thermal method for measuring the thermal conductivity of substrates or thin films deposited on substrates. A metallic thermoresistive element is deposited on the surface of the sample and a harmonic current (\u03c9) is applied. The Joule effect, in I\u00b2 induces a local rise in the temperature of the metallic element at the frequency 2\u03c9.<\/p>\n<p>The resistivity of the metal used is linked to temperature (coefficient a of the order of 10<sup>-3<\/sup>K<sup>-1<\/sup>), the measured voltage contains a component modulated at frequency 3\u03c9. This component, amplified and measured by synchronous detection, makes it possible to determine the temperature rise of this element, which is inversely proportional to the thermal conductivity of the substrate.<a href=\"#_ftnref1\" name=\"_ftn1\"><\/a><\/p>\n<p><img loading=\"lazy\" decoding=\"async\" class=\"aligncenter wp-image-65660 size-full\" src=\"https:\/\/www.iemn.fr\/wp-content\/uploads\/2024\/06\/Diapositive1.jpg\" alt=\"\" width=\"1280\" height=\"720\" srcset=\"https:\/\/www.iemn.fr\/wp-content\/uploads\/2024\/06\/Diapositive1.jpg 1280w, https:\/\/www.iemn.fr\/wp-content\/uploads\/2024\/06\/Diapositive1-300x169.jpg 300w, https:\/\/www.iemn.fr\/wp-content\/uploads\/2024\/06\/Diapositive1-1030x579.jpg 1030w, https:\/\/www.iemn.fr\/wp-content\/uploads\/2024\/06\/Diapositive1-768x432.jpg 768w, https:\/\/www.iemn.fr\/wp-content\/uploads\/2024\/06\/Diapositive1-18x10.jpg 18w, https:\/\/www.iemn.fr\/wp-content\/uploads\/2024\/06\/Diapositive1-705x397.jpg 705w\" sizes=\"auto, (max-width: 1280px) 100vw, 1280px\" \/><\/p>\n<ul>\n<li>To build a 3-Omega measurement bench, it is necessary to assemble various components such as a synchronous detection amplifier, micro-positioners, a micro-ohmmeter and a current generator. A differential amplifier-based acquisition card was also manufactured. This picks up the signals present on the metal line and sends them to the inputs of the synchronous detection amplifier.<\/li>\n<\/ul>\n<p><img loading=\"lazy\" decoding=\"async\" class=\"aligncenter wp-image-65664 size-full\" src=\"https:\/\/www.iemn.fr\/wp-content\/uploads\/2024\/06\/Diapositive2.jpg\" alt=\"\" width=\"1280\" height=\"720\" srcset=\"https:\/\/www.iemn.fr\/wp-content\/uploads\/2024\/06\/Diapositive2.jpg 1280w, https:\/\/www.iemn.fr\/wp-content\/uploads\/2024\/06\/Diapositive2-300x169.jpg 300w, https:\/\/www.iemn.fr\/wp-content\/uploads\/2024\/06\/Diapositive2-1030x579.jpg 1030w, https:\/\/www.iemn.fr\/wp-content\/uploads\/2024\/06\/Diapositive2-768x432.jpg 768w, https:\/\/www.iemn.fr\/wp-content\/uploads\/2024\/06\/Diapositive2-18x10.jpg 18w, https:\/\/www.iemn.fr\/wp-content\/uploads\/2024\/06\/Diapositive2-705x397.jpg 705w\" sizes=\"auto, (max-width: 1280px) 100vw, 1280px\" \/><\/p>\n<ul>\n<li>The thermal conductivity values are obtained using inverse simulation methods developed in MATLAB<sup>\u00a9 <\/sup>(analytical methods) or COMSOL<sup>\u00a9 <\/sup>(numerical methods).<\/li>\n<\/ul>\n<div id=\"attachment_67541\" style=\"width: 410px\" class=\"wp-caption aligncenter\"><img loading=\"lazy\" decoding=\"async\" aria-describedby=\"caption-attachment-67541\" class=\"wp-image-67541 size-full\" src=\"https:\/\/www.iemn.fr\/wp-content\/uploads\/2024\/07\/animation_mitec2.gif\" alt=\"\" width=\"400\" height=\"300\" \/><p id=\"caption-attachment-67541\" class=\"wp-caption-text\">Example of temperature oscillations obtained for a line deposited on a biosourced polymer.<\/p><\/div>\n<\/div><\/div><\/div><\/section>\n<section class='av_toggle_section av-sj5k3b-eb6e543ebdb4765a79b87eb9aa0d0f10'  itemscope=\"itemscope\" itemtype=\"https:\/\/schema.org\/CreativeWork\" ><div role=\"tablist\" class=\"single_toggle\" data-tags=\"{All} \"  ><p id='toggle-toggle-id-3' data-fake-id='#toggle-id-3' class='toggler  av-title-above'  itemprop=\"headline\"  role='tab' tabindex='0' aria-controls='toggle-id-3' data-slide-speed=\"200\" data-title=\"Dispositifs RF sur substrats flexibles.\" data-title-open=\"\" data-aria_collapsed=\"Click to expand: Dispositifs RF sur substrats flexibles.\" data-aria_expanded=\"Click to collapse: Dispositifs RF sur substrats flexibles.\">RF devices on flexible substrates.<span class=\"toggle_icon\"><span class=\"vert_icon\"><\/span><span class=\"hor_icon\"><\/span><\/span><\/p><div id='toggle-id-3' aria-labelledby='toggle-toggle-id-3' role='region' class='toggle_wrap  av-title-above'  ><div class='toggle_content invers-color'  itemprop=\"text\" ><p>Many applications are developing around wireless communications, particularly for the IoT. It is therefore necessary to develop solutions capable of adapting to new constraints, such as flexibility and energy efficiency. The MITEC group is developing devices on flexible substrates in response to these issues. Particular attention is also paid to developing devices with low environmental impact.<\/p>\n<blockquote>\n<p>Production of a flexible bandpass filter at 2.45 GHz on cellulose laurate<\/p>\n<\/blockquote>\n<p><img loading=\"lazy\" decoding=\"async\" class=\"aligncenter size-full wp-image-66042\" src=\"https:\/\/www.iemn.fr\/wp-content\/uploads\/2024\/06\/Sans-titreweb-6.jpg\" alt=\"\" width=\"669\" height=\"501\" srcset=\"https:\/\/www.iemn.fr\/wp-content\/uploads\/2024\/06\/Sans-titreweb-6.jpg 669w, https:\/\/www.iemn.fr\/wp-content\/uploads\/2024\/06\/Sans-titreweb-6-300x225.jpg 300w, https:\/\/www.iemn.fr\/wp-content\/uploads\/2024\/06\/Sans-titreweb-6-16x12.jpg 16w\" sizes=\"auto, (max-width: 669px) 100vw, 669px\" \/><\/p>\n<blockquote>\n<p>Production of a flexible dual-band antenna on cellulose laurate for WBAN applications.<\/p>\n<\/blockquote>\n<p><img loading=\"lazy\" decoding=\"async\" class=\"aligncenter size-full wp-image-66047\" src=\"https:\/\/www.iemn.fr\/wp-content\/uploads\/2024\/06\/Sans-titreweb-7.jpg\" alt=\"\" width=\"478\" height=\"249\" srcset=\"https:\/\/www.iemn.fr\/wp-content\/uploads\/2024\/06\/Sans-titreweb-7.jpg 478w, https:\/\/www.iemn.fr\/wp-content\/uploads\/2024\/06\/Sans-titreweb-7-300x156.jpg 300w, https:\/\/www.iemn.fr\/wp-content\/uploads\/2024\/06\/Sans-titreweb-7-18x9.jpg 18w\" sizes=\"auto, (max-width: 478px) 100vw, 478px\" \/><\/p>\n<blockquote>\n<p>Making a rectenna on cellulose laurate<\/p>\n<\/blockquote>\n<p><img loading=\"lazy\" decoding=\"async\" class=\"aligncenter size-full wp-image-66052\" src=\"https:\/\/www.iemn.fr\/wp-content\/uploads\/2024\/06\/Sans-titreweb-8.jpg\" alt=\"\" width=\"582\" height=\"493\" srcset=\"https:\/\/www.iemn.fr\/wp-content\/uploads\/2024\/06\/Sans-titreweb-8.jpg 582w, https:\/\/www.iemn.fr\/wp-content\/uploads\/2024\/06\/Sans-titreweb-8-300x254.jpg 300w, https:\/\/www.iemn.fr\/wp-content\/uploads\/2024\/06\/Sans-titreweb-8-14x12.jpg 14w\" sizes=\"auto, (max-width: 582px) 100vw, 582px\" \/><\/p>\n<\/div><\/div><\/div><\/section>\n<\/div><\/p><\/div>","protected":false},"excerpt":{"rendered":"","protected":false},"author":2,"featured_media":0,"parent":17138,"menu_order":15,"comment_status":"closed","ping_status":"closed","template":"","meta":{"footnotes":""},"class_list":["post-24951","page","type-page","status-publish","hentry"],"_links":{"self":[{"href":"https:\/\/www.iemn.fr\/en\/wp-json\/wp\/v2\/pages\/24951","targetHints":{"allow":["GET"]}}],"collection":[{"href":"https:\/\/www.iemn.fr\/en\/wp-json\/wp\/v2\/pages"}],"about":[{"href":"https:\/\/www.iemn.fr\/en\/wp-json\/wp\/v2\/types\/page"}],"author":[{"embeddable":true,"href":"https:\/\/www.iemn.fr\/en\/wp-json\/wp\/v2\/users\/2"}],"replies":[{"embeddable":true,"href":"https:\/\/www.iemn.fr\/en\/wp-json\/wp\/v2\/comments?post=24951"}],"version-history":[{"count":0,"href":"https:\/\/www.iemn.fr\/en\/wp-json\/wp\/v2\/pages\/24951\/revisions"}],"up":[{"embeddable":true,"href":"https:\/\/www.iemn.fr\/en\/wp-json\/wp\/v2\/pages\/17138"}],"wp:attachment":[{"href":"https:\/\/www.iemn.fr\/en\/wp-json\/wp\/v2\/media?parent=24951"}],"curies":[{"name":"wp","href":"https:\/\/api.w.org\/{rel}","templated":true}]}}