{"id":24571,"date":"2018-09-13T14:36:58","date_gmt":"2018-09-13T12:36:58","guid":{"rendered":"https:\/\/www.iemn.fr\/?page_id=24571"},"modified":"2020-11-27T11:03:46","modified_gmt":"2020-11-27T09:03:46","slug":"ludovic-desplanque","status":"publish","type":"page","link":"https:\/\/www.iemn.fr\/en\/la-recherche\/les-groupes\/epiphy\/members\/ludovic-desplanque","title":{"rendered":"Ludovic DESPLANQUE"},"content":{"rendered":"<p><div id='layer_slider_1'  class='avia-layerslider main_color avia-shadow  avia-builder-el-0  el_before_av_submenu  avia-builder-el-first  container_wrap sidebar_right'  style='height: 261px;'  ><div id=\"layerslider_17_ofgiyrdgewip\" data-ls-slug=\"homepageslider\" class=\"ls-wp-container fitvidsignore ls-selectable\" style=\"width:1140px;height:260px;margin:0 auto;margin-bottom: 0px;\"><div class=\"ls-slide\" data-ls=\"bgposition:50% 50%;duration:6000;transition2d:5;\"><img loading=\"lazy\" decoding=\"async\" width=\"2600\" height=\"270\" src=\"https:\/\/www.iemn.fr\/wp-content\/uploads\/2018\/09\/sliders_groupe_epiphy_four1.jpg\" class=\"ls-bg\" alt=\"\" srcset=\"https:\/\/www.iemn.fr\/wp-content\/uploads\/2018\/09\/sliders_groupe_epiphy_four1.jpg 2600w, https:\/\/www.iemn.fr\/wp-content\/uploads\/2018\/09\/sliders_groupe_epiphy_four1-300x31.jpg 300w, https:\/\/www.iemn.fr\/wp-content\/uploads\/2018\/09\/sliders_groupe_epiphy_four1-768x80.jpg 768w, https:\/\/www.iemn.fr\/wp-content\/uploads\/2018\/09\/sliders_groupe_epiphy_four1-1030x107.jpg 1030w, https:\/\/www.iemn.fr\/wp-content\/uploads\/2018\/09\/sliders_groupe_epiphy_four1-1500x156.jpg 1500w, https:\/\/www.iemn.fr\/wp-content\/uploads\/2018\/09\/sliders_groupe_epiphy_four1-705x73.jpg 705w\" sizes=\"auto, (max-width: 2600px) 100vw, 2600px\" \/><ls-layer style=\"font-size:14px;text-align:left;font-style:normal;text-decoration:none;text-transform:none;font-weight:700;letter-spacing:0px;background-position:0% 0%;background-repeat:no-repeat;mix-blend-mode:normal;top:231px;left:0px;height:30px;width:320px;line-height:32px;color:#ffffff;border-radius:6px 6px 6px 6px;padding-left:50px;background-color:rgba(0, 0, 0, 0.57);\" class=\"ls-l ls-ib-icon ls-text-layer\" data-ls=\"minfontsize:0;minmobilefontsize:0;\"><i class=\"fa fa-user-circle\" style=\"color:#f2f2f2;margin-right:0.8em;font-size:1em;transform:translateY( -0.125em );\"><\/i>GROUPE DE RECHERCHE : EPIPHY<\/ls-layer><\/div><div class=\"ls-slide\" data-ls=\"duration:4000;transition2d:5;\"><img loading=\"lazy\" decoding=\"async\" width=\"2600\" height=\"270\" src=\"https:\/\/www.iemn.fr\/wp-content\/uploads\/2018\/04\/sliders_epiphy.jpg\" class=\"ls-bg\" alt=\"\" srcset=\"https:\/\/www.iemn.fr\/wp-content\/uploads\/2018\/04\/sliders_epiphy.jpg 2600w, https:\/\/www.iemn.fr\/wp-content\/uploads\/2018\/04\/sliders_epiphy-300x31.jpg 300w, https:\/\/www.iemn.fr\/wp-content\/uploads\/2018\/04\/sliders_epiphy-768x80.jpg 768w, https:\/\/www.iemn.fr\/wp-content\/uploads\/2018\/04\/sliders_epiphy-1030x107.jpg 1030w, https:\/\/www.iemn.fr\/wp-content\/uploads\/2018\/04\/sliders_epiphy-1500x156.jpg 1500w, https:\/\/www.iemn.fr\/wp-content\/uploads\/2018\/04\/sliders_epiphy-705x73.jpg 705w\" sizes=\"auto, (max-width: 2600px) 100vw, 2600px\" \/><ls-layer style=\"font-size:14px;text-align:left;font-style:normal;text-decoration:none;text-transform:none;font-weight:700;letter-spacing:0px;background-position:0% 0%;background-repeat:no-repeat;mix-blend-mode:normal;top:231px;left:0px;height:30px;width:320px;line-height:32px;color:#ffffff;border-radius:6px 6px 6px 6px;padding-left:50px;background-color:rgba(0, 0, 0, 0.57);\" class=\"ls-l ls-ib-icon ls-text-layer\" data-ls=\"minfontsize:0;minmobilefontsize:0;\"><i class=\"fa fa-user-circle\" style=\"color:#f2f2f2;margin-right:0.8em;font-size:1em;transform:translateY( -0.125em );\"><\/i>GROUPE DE RECHERCHE : EPIPHY<\/ls-layer><\/div><div class=\"ls-slide\" data-ls=\"duration:4000;transition2d:5;\"><img loading=\"lazy\" decoding=\"async\" width=\"2600\" height=\"270\" src=\"https:\/\/www.iemn.fr\/wp-content\/uploads\/2017\/04\/sliders_page-daccueil1_7.gif\" class=\"ls-bg\" alt=\"\" \/><ls-layer style=\"font-size:14px;text-align:left;font-style:normal;text-decoration:none;text-transform:none;font-weight:700;letter-spacing:0px;background-position:0% 0%;background-repeat:no-repeat;mix-blend-mode:normal;top:231px;left:0px;height:30px;width:320px;line-height:32px;color:#ffffff;border-radius:6px 6px 6px 6px;padding-left:50px;background-color:rgba(0, 0, 0, 0.57);\" class=\"ls-l ls-ib-icon ls-text-layer\" data-ls=\"minfontsize:0;minmobilefontsize:0;\"><i class=\"fa fa-user-circle\" style=\"color:#f2f2f2;margin-right:0.8em;font-size:1em;transform:translateY( -0.125em );\"><\/i>GROUPE DE RECHERCHE : EPIPHY<\/ls-layer><\/div><div class=\"ls-slide\" data-ls=\"duration:4000;transition2d:5;\"><img loading=\"lazy\" decoding=\"async\" width=\"2600\" height=\"270\" src=\"https:\/\/www.iemn.fr\/wp-content\/uploads\/2018\/09\/sliders_groupe_epiphy4-2.jpg\" class=\"ls-bg\" alt=\"\" srcset=\"https:\/\/www.iemn.fr\/wp-content\/uploads\/2018\/09\/sliders_groupe_epiphy4-2.jpg 2600w, https:\/\/www.iemn.fr\/wp-content\/uploads\/2018\/09\/sliders_groupe_epiphy4-2-300x31.jpg 300w, https:\/\/www.iemn.fr\/wp-content\/uploads\/2018\/09\/sliders_groupe_epiphy4-2-768x80.jpg 768w, https:\/\/www.iemn.fr\/wp-content\/uploads\/2018\/09\/sliders_groupe_epiphy4-2-1030x107.jpg 1030w, https:\/\/www.iemn.fr\/wp-content\/uploads\/2018\/09\/sliders_groupe_epiphy4-2-1500x156.jpg 1500w, https:\/\/www.iemn.fr\/wp-content\/uploads\/2018\/09\/sliders_groupe_epiphy4-2-705x73.jpg 705w\" sizes=\"auto, (max-width: 2600px) 100vw, 2600px\" \/><ls-layer style=\"font-size:14px;text-align:left;font-style:normal;text-decoration:none;text-transform:none;font-weight:700;letter-spacing:0px;background-position:0% 0%;background-repeat:no-repeat;mix-blend-mode:normal;top:231px;left:0px;height:30px;width:320px;line-height:32px;color:#ffffff;border-radius:6px 6px 6px 6px;padding-left:50px;background-color:rgba(0, 0, 0, 0.57);\" class=\"ls-l ls-ib-icon ls-text-layer\" data-ls=\"minfontsize:0;minmobilefontsize:0;\"><i class=\"fa fa-user-circle\" style=\"color:#f2f2f2;margin-right:0.8em;font-size:1em;transform:translateY( -0.125em );\"><\/i>GROUPE DE RECHERCHE : EPIPHY<\/ls-layer><\/div><\/div><\/div> <div id='sub_menu1'  class='av-submenu-container av-jrqfadqy-807d5a51dd3616f0d00a06e9b2d077f0 footer_color  avia-builder-el-1  el_after_av_layerslider  el_before_av_heading  submenu-not-first container_wrap sidebar_right' style='z-index:301' ><div class='container av-menu-mobile-disabled av-submenu-pos-left'><ul id='av-custom-submenu-1' class='av-subnav-menu' role='menu'> <li class='menu-item av-3zsq89f-ffc7642fa75de1b6dfc25fbf8fffda02 menu-item-top-level menu-item-top-level-1' role='menuitem'><a href='https:\/\/www.iemn.fr\/en\/la-recherche\/les-groupes\/epiphy'  ><span class='avia-bullet'><\/span><span class='avia-menu-text'>Introduction<\/span><\/a><\/li> <li class='menu-item av-3kowwb7-cbd4101b660a168347dd585fe7b912bb menu-item-top-level menu-item-top-level-2' role='menuitem'><a href='https:\/\/www.iemn.fr\/en\/la-recherche\/les-groupes\/epiphy\/members'  ><span class='avia-bullet'><\/span><span class='avia-menu-text'>Team members<\/span><\/a><\/li> <li class='menu-item av-2za0u8j-e7dcd24be13888719719b23be2667a98 menu-item-top-level menu-item-top-level-3' role='menuitem'><a href='https:\/\/www.iemn.fr\/en\/la-recherche\/les-groupes\/epiphy\/masters-phds'  ><span class='avia-bullet'><\/span><span class='avia-menu-text'>Masters - PhDs<\/span><\/a><\/li> <li class='menu-item av-2ctx6ur-b3b4165f8e981d71274790b74aa9a57d menu-item-top-level menu-item-top-level-4' role='menuitem'><a href='https:\/\/www.iemn.fr\/en\/la-recherche\/les-groupes\/epiphy\/equipment'  ><span class='avia-bullet'><\/span><span class='avia-menu-text'>Equipment<\/span><\/a><\/li> <li class='menu-item av-23ut8ur-9de78e8ce6ca0f0a9b2931da67ec7e13 menu-item-top-level menu-item-top-level-5' role='menuitem'><a href='https:\/\/www.iemn.fr\/en\/la-recherche\/les-groupes\/epiphy\/on-going-studies'  ><span class='avia-bullet'><\/span><span class='avia-menu-text'>On-going studies<\/span><\/a><\/li> <li class='menu-item av-1hoy92r-7edbf0348b8a9fef5ab314b47d22c8e1 menu-item-top-level menu-item-top-level-6' role='menuitem'><a href=''  ><span class='avia-bullet'><\/span><span class='avia-menu-text'>Publications<\/span><\/a><\/li> <li class='menu-item av-1d0xq5v-32e604d7fb55911665b880efb096f40c menu-item-top-level menu-item-top-level-7' role='menuitem'><a href='https:\/\/www.iemn.fr\/en\/la-recherche\/les-groupes'  ><span class='avia-bullet'><\/span><span class='avia-menu-text'>Other groups<\/span><\/a><\/li> <\/ul><\/div><\/div><div id='after_submenu_1'  class='main_color av_default_container_wrap container_wrap sidebar_right'  ><div class='container av-section-cont-open' ><div class='template-page content  av-content-small alpha units'><div class='post-entry post-entry-type-page post-entry-24571'><div class='entry-content-wrapper clearfix'> \n<style type=\"text\/css\" data-created_by=\"avia_inline_auto\" id=\"style-css-av-av_heading-537aa7de4f288d9a9461efb179d038ec\">\n#top .av-special-heading.av-av_heading-537aa7de4f288d9a9461efb179d038ec{\npadding-bottom:10px;\n}\nbody .av-special-heading.av-av_heading-537aa7de4f288d9a9461efb179d038ec .av-special-heading-tag .heading-char{\nfont-size:25px;\n}\n.av-special-heading.av-av_heading-537aa7de4f288d9a9461efb179d038ec .av-subheading{\nfont-size:15px;\n}\n<\/style>\n<div  class='av-special-heading av-av_heading-537aa7de4f288d9a9461efb179d038ec av-special-heading-h3  avia-builder-el-2  el_after_av_submenu  el_before_av_textblock  avia-builder-el-first'><h3 class='av-special-heading-tag'  itemprop=\"headline\"  >Ludovic DESPLANQUE<\/h3><div class=\"special-heading-border\"><div class=\"special-heading-inner-border\"><\/div><\/div><\/div> <section  class='av_textblock_section av-av_textblock-445188a952fb265869ea404d0e52fad7'   itemscope=\"itemscope\" itemtype=\"https:\/\/schema.org\/CreativeWork\" ><div class='avia_textblock'  itemprop=\"text\" ><\/p>\n<h4 style=\"text-align: center;\"><strong><a href=\"https:\/\/www.iemn.fr\/wp-content\/uploads\/2018\/09\/ludovic_desplanque.jpg\"><img loading=\"lazy\" decoding=\"async\" class=\"wp-image-24572 alignright\" src=\"https:\/\/www.iemn.fr\/wp-content\/uploads\/2018\/09\/ludovic_desplanque.jpg\" alt=\"\" width=\"200\" height=\"267\" srcset=\"https:\/\/www.iemn.fr\/wp-content\/uploads\/2018\/09\/ludovic_desplanque.jpg 300w, https:\/\/www.iemn.fr\/wp-content\/uploads\/2018\/09\/ludovic_desplanque-225x300.jpg 225w\" sizes=\"auto, (max-width: 200px) 100vw, 200px\" \/><\/a>Curriculum Vitae<\/strong><\/h4>\n<p><strong>Ludovic Desplanque<\/strong>, French, born in 1977.<\/p>\n<p>Position: Associate Professor at the University of Lille<\/p>\n<p><a href=\"https:\/\/orcid.org\/0000-0002-2197-4408\" target=\"_blank\" rel=\"noopener noreferrer\">https:\/\/orcid.org\/0000-0002-2197-4408<\/a><\/p>\n<h4>Education<\/h4>\n<p>2000: Degree from the French High School Ecole Centrale de Lille<\/p>\n<p>2000: Master degree in Electronics and Microtechnology, University of Lille<\/p>\n<p>2003: Ph.D. in Electronics, University of Lille<\/p>\n<p>2017: Accreditation to supervise research (HDR) in Physics, University of Lille<\/p>\n<h4>Professional experience<\/h4>\n<p>2001-2003: Teaching assistant at ISEN (Institut Sup\u00e9rieur d'Electronique et du Num\u00e9rique) and ICAM (Institut Catholique des Arts et M\u00e9tiers), French High Schools<\/p>\n<p>2003-2004: Teaching assistant (ATER) in the University of Lille<\/p>\n<p>2004-: Associate Professor (CNU 63) in the University of Lille<\/p>\n<h4>Teaching experience<\/h4>\n<p>2001-2003: Supervised practical works in Physics at ISEN and ICAM (undergraduate level)<\/p>\n<p>2003-2004: Courses in Electronics, Physics and Informatics at the undergraduate level in the University of Lille<\/p>\n<p>2004-: Courses in Electronics and Informatics at the undergraduate level in Industrial Informatics and Electrical Engineering in the University of Technology in Lille (IUT GEII)<\/p>\n<p>Direction or Co-direction of 2 masters, 4 PhD students and 2 post-docs<\/p>\n<h4>Scientific activities<\/h4>\n<p>2000-2004: Characterization of THz electronic devices using ultrafast electro-optic sampling: demonstration of a new sampling method based on the Franz-Keldysh effect in GaAs<\/p>\n<p>2005-: Molecular Beam Epitaxy (MBE) of InAs-based 2D heterostructures for high speed\/low power consumption electronics<\/p>\n<p>2008- : Exploration of InGaSb-based high mobility heterostructures<\/p>\n<p>2008- : Study of strain relaxation by interfacial misfit arrays in largely mismatched III-V semiconductor systems<\/p>\n<p>2012-2017: Sb-based tunnel field effect transistors<\/p>\n<p>2012-: Selective Area MBE of in-plane low electron effective mass III-V nanostructures (InGaAs, InAs, InSb...) for electronics and quantum technology.<\/p>\n<h4>Publications &amp; Impact<\/h4>\n<p>Scopus Author ID: 23388389400<\/p>\n<p>ResearcherID: I-2784-2017<\/p>\n<h4>Research grants<\/h4>\n<ul>\n<li><strong>TOPONANO<\/strong> (coord. S.De Francesci, CEA INAC): ANR OH RISQUE 2014 on Helical states and Majorana fermions in topological nanostructures (<a href=\"http:\/\/www.agence-nationale-recherche.fr\/?Project=ANR-14-OHRI-0017\" target=\"_blank\" rel=\"noopener noreferrer\">http:\/\/www.agence-nationale-recherche.fr\/?Project=ANR-14-OHRI-0017<\/a>).<\/li>\n<li><strong>DIRAC35 <\/strong>(coord. C. Delerue, IEMN): ANR PRC 2017 on Dirac antidot superlattices for electrons in III-V semiconductors (<a href=\"http:\/\/www.agence-nationale-recherche.fr\/Projet-ANR-16-CE24-0007\" target=\"_blank\" rel=\"noopener noreferrer\">http:\/\/www.agence-nationale-recherche.fr\/Projet-ANR-16-CE24-0007<\/a>)<\/li>\n<li><strong>SAMBA (Principal investigator)<\/strong>ANR JCJC 2012 on selective area molecular beam epitaxy of antimony based compounds for tunnel FET applications (<a href=\"http:\/\/www.agence-nationale-recherche.fr\/en\/anr-funded-project\/?tx_lwmsuivibilan_pi2%5bCODE%5d=ANR-12-JS03-0008\" target=\"_blank\" rel=\"noopener noreferrer\">http:\/\/www.agence-nationale-recherche.fr\/en\/anr-funded-project\/?tx_lwmsuivibilan_pi2[CODE]=ANR-12-JS03-0008<\/a>)<\/li>\n<li><strong>MOSINAS<\/strong> (coord. S.Bollaert, IEMN): ANR COSG 2013 on InAs ultra thin film-body (<a href=\"http:\/\/www.agence-nationale-recherche.fr\/?Project=ANR-13-NANO-0001\" target=\"_blank\" rel=\"noopener noreferrer\">http:\/\/www.agence-nationale-recherche.fr\/?Project=ANR-13-NANO-0001<\/a>)<\/li>\n<li><strong>MILLIPRISM<\/strong> (coord. J.-F.Lampin, IEMN): ANR COSG 2013 on Passive Radiometric Imaging SysteM (<a href=\"http:\/\/www.agence-nationale-recherche.fr\/?Project=ANR-13-SECU-0004\" target=\"_blank\" rel=\"noopener noreferrer\">http:\/\/www.agence-nationale-recherche.fr\/?Project=ANR-13-SECU-0004<\/a>)<\/li>\n<li><strong>LowIQ<\/strong> (coord. S.Bollaert, IEMN): ANR VERSO 2010 on the realization of ultra-low power consumption MMIC for ambient and cryogenic applications in Q-band space telecommunications<\/li>\n<li><strong>MOS35<\/strong> (coord. S.Bollaert, IEMN): ANR PNANO 2008 on the realization of III-V MOSFET devices for high speed and ultra-low power consumption applications<\/li>\n<li><strong>SMIC <\/strong>(coord. Y.Roelens, IEMN): ANR ASTRID 2011 on the fabrication of Switches for MIcrowave Cryogenic applications<\/li>\n<li><strong>MICATEC<\/strong> (coord. S.Huant, Institut N\u00e9el) : ANR PNANO 2007 on Advanced Microscopy of Coherent Electronic transport<\/li>\n<\/ul>\n<blockquote>\n<h4>Contact Us<\/h4>\n<p><em>+33 (0)3 20 19 79 88<\/em><br \/><a href=\"mailto:ludovic.desplanque@univ-lille.fr\">ludovic.desplanque@univ-lille.fr<\/a><\/p>\n<\/blockquote>\n<\/div><\/section><\/p>","protected":false},"excerpt":{"rendered":"","protected":false},"author":2,"featured_media":0,"parent":16184,"menu_order":10,"comment_status":"closed","ping_status":"closed","template":"","meta":{"footnotes":""},"class_list":["post-24571","page","type-page","status-publish","hentry"],"_links":{"self":[{"href":"https:\/\/www.iemn.fr\/en\/wp-json\/wp\/v2\/pages\/24571","targetHints":{"allow":["GET"]}}],"collection":[{"href":"https:\/\/www.iemn.fr\/en\/wp-json\/wp\/v2\/pages"}],"about":[{"href":"https:\/\/www.iemn.fr\/en\/wp-json\/wp\/v2\/types\/page"}],"author":[{"embeddable":true,"href":"https:\/\/www.iemn.fr\/en\/wp-json\/wp\/v2\/users\/2"}],"replies":[{"embeddable":true,"href":"https:\/\/www.iemn.fr\/en\/wp-json\/wp\/v2\/comments?post=24571"}],"version-history":[{"count":0,"href":"https:\/\/www.iemn.fr\/en\/wp-json\/wp\/v2\/pages\/24571\/revisions"}],"up":[{"embeddable":true,"href":"https:\/\/www.iemn.fr\/en\/wp-json\/wp\/v2\/pages\/16184"}],"wp:attachment":[{"href":"https:\/\/www.iemn.fr\/en\/wp-json\/wp\/v2\/media?parent=24571"}],"curies":[{"name":"wp","href":"https:\/\/api.w.org\/{rel}","templated":true}]}}