{"id":22121,"date":"2018-09-13T15:55:27","date_gmt":"2018-09-13T13:55:27","guid":{"rendered":"https:\/\/www.iemn.fr\/?page_id=22121"},"modified":"2020-09-08T15:23:42","modified_gmt":"2020-09-08T13:23:42","slug":"focus-sur-un-ingenieur-satt","status":"publish","type":"page","link":"https:\/\/www.iemn.fr\/en\/formation\/apres-la-these-de-doctorat\/focus-sur-un-ingenieur-satt","title":{"rendered":"FOCUS on a SATT engineer from the IEMN"},"content":{"rendered":"<div id='layer_slider_1'  class='avia-layerslider main_color avia-shadow  avia-builder-el-0  el_before_av_heading  avia-builder-el-first  container_wrap sidebar_right'  style='height: 261px;'  ><div id=\"layerslider_36_hcsb0spz7dns\" data-ls-slug=\"homepageslider\" class=\"ls-wp-container fitvidsignore ls-selectable\" style=\"width:1140px;height:260px;margin:0 auto;margin-bottom: 0px;\"><div class=\"ls-slide\" data-ls=\"duration:6000;transition2d:5;\"><img loading=\"lazy\" decoding=\"async\" width=\"2600\" height=\"270\" src=\"https:\/\/www.iemn.fr\/wp-content\/uploads\/2018\/09\/sliders_form3.jpg\" class=\"ls-bg\" alt=\"\" srcset=\"https:\/\/www.iemn.fr\/wp-content\/uploads\/2018\/09\/sliders_form3.jpg 2600w, https:\/\/www.iemn.fr\/wp-content\/uploads\/2018\/09\/sliders_form3-300x31.jpg 300w, https:\/\/www.iemn.fr\/wp-content\/uploads\/2018\/09\/sliders_form3-768x80.jpg 768w, https:\/\/www.iemn.fr\/wp-content\/uploads\/2018\/09\/sliders_form3-1030x107.jpg 1030w, https:\/\/www.iemn.fr\/wp-content\/uploads\/2018\/09\/sliders_form3-1500x156.jpg 1500w, https:\/\/www.iemn.fr\/wp-content\/uploads\/2018\/09\/sliders_form3-705x73.jpg 705w\" sizes=\"auto, (max-width: 2600px) 100vw, 2600px\" \/><ls-layer style=\"font-size:14px;text-align:left;font-style:normal;text-decoration:none;text-transform:none;font-weight:700;letter-spacing:0px;border-style:solid;border-color:#000;background-position:0% 0%;background-repeat:no-repeat;width:200px;height:30px;top:231px;line-height:32px;color:#ffffff;border-radius:6px 6px 6px 6px;padding-left:50px;background-color:rgba(0, 0, 0, 0.57);\" class=\"ls-l ls-ib-icon ls-text-layer\"><i class=\"fa fa-users\" style=\"color:#ffffff;margin-right:0.8em;font-size:1em;transform:translateY( -0.125em );\"><\/i>LA FORMATION<\/ls-layer><\/div><div class=\"ls-slide\" data-ls=\"duration:4000;transition2d:5;\"><img loading=\"lazy\" decoding=\"async\" width=\"2600\" height=\"270\" src=\"https:\/\/www.iemn.fr\/wp-content\/uploads\/2018\/09\/sliders_.form1_.jpg\" class=\"ls-bg\" alt=\"\" srcset=\"https:\/\/www.iemn.fr\/wp-content\/uploads\/2018\/09\/sliders_.form1_.jpg 2600w, https:\/\/www.iemn.fr\/wp-content\/uploads\/2018\/09\/sliders_.form1_-300x31.jpg 300w, https:\/\/www.iemn.fr\/wp-content\/uploads\/2018\/09\/sliders_.form1_-768x80.jpg 768w, https:\/\/www.iemn.fr\/wp-content\/uploads\/2018\/09\/sliders_.form1_-1030x107.jpg 1030w, https:\/\/www.iemn.fr\/wp-content\/uploads\/2018\/09\/sliders_.form1_-1500x156.jpg 1500w, https:\/\/www.iemn.fr\/wp-content\/uploads\/2018\/09\/sliders_.form1_-705x73.jpg 705w\" sizes=\"auto, (max-width: 2600px) 100vw, 2600px\" \/><ls-layer style=\"font-size:14px;text-align:left;font-style:normal;text-decoration:none;text-transform:none;font-weight:700;letter-spacing:0px;border-style:solid;border-color:#000;background-position:0% 0%;background-repeat:no-repeat;width:200px;height:30px;top:231px;line-height:32px;color:#ffffff;border-radius:6px 6px 6px 6px;padding-left:50px;background-color:rgba(0, 0, 0, 0.57);\" class=\"ls-l ls-ib-icon ls-text-layer\"><i class=\"fa fa-users\" style=\"color:#ffffff;margin-right:0.8em;font-size:1em;transform:translateY( -0.125em );\"><\/i>LA FORMATION<\/ls-layer><\/div><div class=\"ls-slide\" data-ls=\"duration:4000;transition2d:5;\"><img loading=\"lazy\" decoding=\"async\" width=\"2600\" height=\"270\" src=\"https:\/\/www.iemn.fr\/wp-content\/uploads\/2018\/09\/sliders_.form2_.jpg\" class=\"ls-bg\" alt=\"\" srcset=\"https:\/\/www.iemn.fr\/wp-content\/uploads\/2018\/09\/sliders_.form2_.jpg 2600w, https:\/\/www.iemn.fr\/wp-content\/uploads\/2018\/09\/sliders_.form2_-300x31.jpg 300w, https:\/\/www.iemn.fr\/wp-content\/uploads\/2018\/09\/sliders_.form2_-768x80.jpg 768w, https:\/\/www.iemn.fr\/wp-content\/uploads\/2018\/09\/sliders_.form2_-1030x107.jpg 1030w, https:\/\/www.iemn.fr\/wp-content\/uploads\/2018\/09\/sliders_.form2_-1500x156.jpg 1500w, https:\/\/www.iemn.fr\/wp-content\/uploads\/2018\/09\/sliders_.form2_-705x73.jpg 705w\" sizes=\"auto, (max-width: 2600px) 100vw, 2600px\" \/><ls-layer style=\"font-size:14px;text-align:left;font-style:normal;text-decoration:none;text-transform:none;font-weight:700;letter-spacing:0px;border-style:solid;border-color:#000;background-position:0% 0%;background-repeat:no-repeat;width:200px;height:30px;top:231px;line-height:32px;color:#ffffff;border-radius:6px 6px 6px 6px;padding-left:50px;background-color:rgba(0, 0, 0, 0.57);\" class=\"ls-l ls-ib-icon ls-text-layer\"><i class=\"fa fa-users\" style=\"color:#ffffff;margin-right:0.8em;font-size:1em;transform:translateY( -0.125em );\"><\/i>LA FORMATION<\/ls-layer><\/div><\/div><\/div><div id='after_layer_slider_1'  class='main_color av_default_container_wrap container_wrap sidebar_right'  ><div class='container av-section-cont-open' ><div class='template-page content  av-content-small alpha units'><div class='post-entry post-entry-type-page post-entry-22121'><div class='entry-content-wrapper clearfix'>\n\n<style type=\"text\/css\" data-created_by=\"avia_inline_auto\" id=\"style-css-av-av_heading-15156ecf9e82482f9f11ec2b12795a75\">\n#top .av-special-heading.av-av_heading-15156ecf9e82482f9f11ec2b12795a75{\npadding-bottom:10px;\n}\nbody .av-special-heading.av-av_heading-15156ecf9e82482f9f11ec2b12795a75 .av-special-heading-tag .heading-char{\nfont-size:25px;\n}\n.av-special-heading.av-av_heading-15156ecf9e82482f9f11ec2b12795a75 .av-subheading{\nfont-size:15px;\n}\n<\/style>\n<div  class='av-special-heading av-av_heading-15156ecf9e82482f9f11ec2b12795a75 av-special-heading-h3  avia-builder-el-1  el_after_av_layerslider  el_before_av_hr  avia-builder-el-first'><h3 class='av-special-heading-tag'  itemprop=\"headline\"  >Testimony of a SATT engineer from the IEMN<\/h3><div class=\"special-heading-border\"><div class=\"special-heading-inner-border\"><\/div><\/div><\/div>\n\n<style type=\"text\/css\" data-created_by=\"avia_inline_auto\" id=\"style-css-av-jm7fxugf-c2c561cd2ac75d0c3b8acdd76dd91f97\">\n#top .hr.hr-invisible.av-jm7fxugf-c2c561cd2ac75d0c3b8acdd76dd91f97{\nheight:10px;\n}\n<\/style>\n<div  class='hr av-jm7fxugf-c2c561cd2ac75d0c3b8acdd76dd91f97 hr-invisible  avia-builder-el-2  el_after_av_heading  el_before_av_textblock'><span class='hr-inner'><span class=\"hr-inner-style\"><\/span><\/span><\/div>\n<section  class='av_textblock_section av-vzpdnt-c16d7c0da3b49a623b0f6ba107057d7f'   itemscope=\"itemscope\" itemtype=\"https:\/\/schema.org\/CreativeWork\" ><div class='avia_textblock'  itemprop=\"text\" ><h4><\/h4>\n<h4><strong><a href=\"https:\/\/www.iemn.fr\/wp-content\/uploads\/2018\/09\/JCGS_01-1.jpg\"><img loading=\"lazy\" decoding=\"async\" class=\"wp-image-22154 alignleft\" src=\"https:\/\/www.iemn.fr\/wp-content\/uploads\/2018\/09\/JCGS_01-1.jpg\" alt=\"\" width=\"107\" height=\"143\" \/><\/a>Jean-Claude Gerbedoen,<\/strong><\/h4>\n<p><strong>the rich and diversified course <\/strong><strong>a maturation engineer at IEMN<\/strong><\/p>\n<p align=\"justify\" class=\"translation-block\">It is during his year of DESS (Master pro) in MRH (Microwave, Radio- and Hyperfrequency) during a 4 months internship at <a href=\"http:\/\/www.ommic.fr\/\" target=\"_self\">OMMIC<\/a> in the Paris region that Jean-Claude discovers the world of the clean room and takes a liking to it by setting up a characterization bench for HBT (Heterojunction Bipolar Transistor) transistors. Fascinated by research and the possibility of creating his own components, he validated a year of DEA (Master Research) and continued on to a doctorate.<\/p>\n<div id=\"attachment_24443\" style=\"width: 509px\" class=\"wp-caption alignright\"><a href=\"https:\/\/www.iemn.fr\/wp-content\/uploads\/2018\/09\/JCG_11.jpg\"><img loading=\"lazy\" decoding=\"async\" aria-describedby=\"caption-attachment-24443\" class=\"wp-image-24443\" src=\"https:\/\/www.iemn.fr\/wp-content\/uploads\/2018\/09\/JCG_11.jpg\" alt=\"\" width=\"499\" height=\"122\" srcset=\"https:\/\/www.iemn.fr\/wp-content\/uploads\/2018\/09\/JCG_11.jpg 552w, https:\/\/www.iemn.fr\/wp-content\/uploads\/2018\/09\/JCG_11-300x73.jpg 300w\" sizes=\"auto, (max-width: 499px) 100vw, 499px\" \/><\/a><p id=\"caption-attachment-24443\" class=\"wp-caption-text\">Fig. 1: FIB image of a cross-sectional view of a transistor with a debonded nitride gate.<\/p><\/div>\n<p align=\"justify\">Throughout his thesis, which he carried out in the PUISSANCE team of the IEMN from 2005 to 2009 under the direction of Jean-Claude De Jaeger and supervised by Ali Soltani, he extended his knowledge and mastery of transistors (Fig.1).<\/p>\n<p align=\"justify\">For his subject financed by a DGA (D\u00e9l\u00e9gation g\u00e9n\u00e9rale de l'Armement) grant, he designs, realizes and characterizes HEMT (High Electron Mobility Transistor) transistors on low-cost silicon substrates, for mobile telephony and satellite communication applications in order to get the best possible performances. At the same time, he broadens his skills by training in new equipment through related projects:<\/p>\n<div id=\"attachment_24784\" style=\"width: 554px\" class=\"wp-caption aligncenter\"><a href=\"https:\/\/www.iemn.fr\/wp-content\/uploads\/2018\/09\/jcg12.jpg\"><img loading=\"lazy\" decoding=\"async\" aria-describedby=\"caption-attachment-24784\" class=\"wp-image-24784\" src=\"https:\/\/www.iemn.fr\/wp-content\/uploads\/2018\/09\/jcg12.jpg\" alt=\"\" width=\"544\" height=\"203\" srcset=\"https:\/\/www.iemn.fr\/wp-content\/uploads\/2018\/09\/jcg12.jpg 1379w, https:\/\/www.iemn.fr\/wp-content\/uploads\/2018\/09\/jcg12-300x112.jpg 300w, https:\/\/www.iemn.fr\/wp-content\/uploads\/2018\/09\/jcg12-768x286.jpg 768w, https:\/\/www.iemn.fr\/wp-content\/uploads\/2018\/09\/jcg12-1030x384.jpg 1030w, https:\/\/www.iemn.fr\/wp-content\/uploads\/2018\/09\/jcg12-705x263.jpg 705w\" sizes=\"auto, (max-width: 544px) 100vw, 544px\" \/><\/a><p id=\"caption-attachment-24784\" class=\"wp-caption-text\">Fig. 2: SEM image (left) and optical image (right) of MSM produced by optical lithography with a diameter of 1mm\u00b2.<\/p><\/div>\n<p class=\"translation-block\">- Fabrication of MSM (metal\/semiconductor\/metal junction) photodetectors on large Gap materials for space applications in the framework of the K-star project in collaboration with the <a href=\"http:\/\/www.astro.oma.be\/fr\/\" target=\"_self\">ROB<\/a> (Fig. 2).<\/p>\n<p>- development of a process to improve the spreading of resins for lithography steps<\/p>\n<p>Once the thesis is in his pocket, a future full of opportunities is offered to him in the form of three postdoctorates!<\/p>\n<h4><strong>The big gap in Canada<\/strong><\/h4>\n<p><a href=\"https:\/\/www.iemn.fr\/wp-content\/uploads\/2018\/09\/Sherbrooke.png\"><img loading=\"lazy\" decoding=\"async\" class=\"wp-image-24787 alignright\" src=\"https:\/\/www.iemn.fr\/wp-content\/uploads\/2018\/09\/Sherbrooke.png\" alt=\"\" width=\"221\" height=\"57\" srcset=\"https:\/\/www.iemn.fr\/wp-content\/uploads\/2018\/09\/Sherbrooke.png 600w, https:\/\/www.iemn.fr\/wp-content\/uploads\/2018\/09\/Sherbrooke-300x78.png 300w\" sizes=\"auto, (max-width: 221px) 100vw, 221px\" \/><\/a>In 2009, the University of Sherbrooke in Canada, Quebec recruited him for two years to develop large gap transistors. He then completely redeveloped the manufacturing chain for hybrid vehicles. He uses AlGaN\/GaN epitaxy on SiC (Silicon Carbide) substrate for its better power performance and stability.<\/p>\n<p>In parallel to his main mission, he continues to train for new experiences:<\/p>\n<p>- it is developing GaN-based UV and blue LEDs for use in skin treatment<\/p>\n<p>- he supervises students at the end of their engineering cycle to develop characterization benches for HEMT AlGaN\/GaN transistors, characterize etchings of the same material and LEDs.<\/p>\n<h4><strong>IEMN comeback<\/strong><\/h4>\n<p align=\"justify\" class=\"translation-block\">For his second post-doc, he rejoins the PUISSANCE team in 2011 and works on an ANR project <a href=\"http:\/\/www.agence-nationale-recherche.fr\/projet-anr\/?tx_lwmsuivibilan_pi2CODE=ANR-08-BLAN-0195\" target=\"_self\">Deltadiam<\/a> in collaboration with <a href=\"http:\/\/www.esrf.eu\/\" target=\"_self\">ESRF<\/a>, <a href=\"http:\/\/www-centre-saclay.cea.fr\/\" target=\"_self\">CEA Saclay<\/a> and the <a href=\"http:\/\/neel.cnrs.fr\/\" target=\"_self\">N\u0116EL<\/a> institute in Grenoble. He resumes the processes of his thesis but this time for all-diamond transistors and material characterization patterns (Hall bars) in electron lithography (Fig.3) on single-crystal diamond substrates of very small dimensions (2x2mm\u00b2 and 3x3mm\u00b2).<\/p>\n<div id=\"attachment_24790\" style=\"width: 573px\" class=\"wp-caption aligncenter\"><a href=\"https:\/\/www.iemn.fr\/wp-content\/uploads\/2018\/09\/jcg13.jpg\"><img loading=\"lazy\" decoding=\"async\" aria-describedby=\"caption-attachment-24790\" class=\"wp-image-24790\" src=\"https:\/\/www.iemn.fr\/wp-content\/uploads\/2018\/09\/jcg13.jpg\" alt=\"\" width=\"563\" height=\"198\" srcset=\"https:\/\/www.iemn.fr\/wp-content\/uploads\/2018\/09\/jcg13.jpg 1459w, https:\/\/www.iemn.fr\/wp-content\/uploads\/2018\/09\/jcg13-300x105.jpg 300w, https:\/\/www.iemn.fr\/wp-content\/uploads\/2018\/09\/jcg13-768x270.jpg 768w, https:\/\/www.iemn.fr\/wp-content\/uploads\/2018\/09\/jcg13-1030x362.jpg 1030w, https:\/\/www.iemn.fr\/wp-content\/uploads\/2018\/09\/jcg13-705x248.jpg 705w, https:\/\/www.iemn.fr\/wp-content\/uploads\/2018\/09\/jcg13-1210x423.jpg 1210w\" sizes=\"auto, (max-width: 563px) 100vw, 563px\" \/><\/a><p id=\"caption-attachment-24790\" class=\"wp-caption-text\">Fig. 3: SEM (left) and optical (right) images of Hall bars after complete manufacturing process on single-crystal diamond.<\/p><\/div>\n<p align=\"justify\" class=\"translation-block\">His third post-doc from 2012 to 2015 which offers him the opportunity to diversify his skills in the <a href=\"https:\/\/aiman.iemn.fr\/\" target=\"_self\">AIMAN-FILMS<\/a> team on an ANR project <a href=\"http:\/\/www.agence-nationale-recherche.fr\/Project-ANR-12-VPTT-0001\" target=\"_self\">Livecams<\/a>. Turning to fluid mechanics and more particularly flow control, he designs and characterizes actuators called synthetic jets (Fig. 4) that are placed at the rear of a vehicle in order to optimize its aerodynamics. Indeed, active flow control by synthetic jets, characterized by a blowing phase and a suction phase, aims to modify the vortices that form at the rear of a vehicle during its movement and to reduce <em>in fine<\/em> fuel consumption. Fabrication of more than 120 actuators with packaging, on 4-inch silicon substrates, was required for this project.<\/p>\n<div id=\"attachment_24793\" style=\"width: 553px\" class=\"wp-caption aligncenter\"><a href=\"https:\/\/www.iemn.fr\/wp-content\/uploads\/2018\/09\/jcg14.jpg\"><img loading=\"lazy\" decoding=\"async\" aria-describedby=\"caption-attachment-24793\" class=\"wp-image-24793\" src=\"https:\/\/www.iemn.fr\/wp-content\/uploads\/2018\/09\/jcg14.jpg\" alt=\"\" width=\"543\" height=\"153\" srcset=\"https:\/\/www.iemn.fr\/wp-content\/uploads\/2018\/09\/jcg14.jpg 1430w, https:\/\/www.iemn.fr\/wp-content\/uploads\/2018\/09\/jcg14-300x85.jpg 300w, https:\/\/www.iemn.fr\/wp-content\/uploads\/2018\/09\/jcg14-768x216.jpg 768w, https:\/\/www.iemn.fr\/wp-content\/uploads\/2018\/09\/jcg14-1030x290.jpg 1030w, https:\/\/www.iemn.fr\/wp-content\/uploads\/2018\/09\/jcg14-705x199.jpg 705w\" sizes=\"auto, (max-width: 543px) 100vw, 543px\" \/><\/a><p id=\"caption-attachment-24793\" class=\"wp-caption-text\">Fig. 4: Complete actuator (Synthetic Jet) and packaging<\/p><\/div>\n<p class=\"translation-block\">This industrial-oriented project coordinated by <a href=\"http:\/\/philippepernod.ec-lille.fr\/\" target=\"_self\">Philippe Pernod was then part of a public-private partnership with the <a href=\"https:\/\/www.groupe-psa.com\/fr\" target=\"_self\">PSA<\/a> Peugeot Citro\u00ebn group.<\/p>\n<p>It associates several organizations:<\/p>\n<p>- IEMN for the design, realization and characterization of MMEMS (Magneto-MicroElectroMechanical Systems) jet arrays (Fig. 5 left)<\/p>\n<p class=\"translation-block\">- The <a href=\"https:\/\/www.univ-orleans.fr\/prisme\" target=\"_self\">PRISM<\/a><a href=\"https:\/\/www.univ-orleans.fr\/prisme\" target=\"_self\">E<\/a> laboratory (Pluridisciplinary Research Laboratory in Systems Engineering, Mechanics, Energy) in Orleans for the provision of the wind tunnel and the manufacture of the vehicle model (Fig. 5 right)<\/p>\n<p class=\"translation-block\">- the laboratory of Mathematics <a href=\"https:\/\/math.unice.fr\/\" target=\"_self\">Jean Alexandre Dieudonn\u00e9<\/a> (LJAD) in Nice for the numerical simulation part on model.<\/p>\n<div id=\"attachment_24795\" style=\"width: 604px\" class=\"wp-caption aligncenter\"><a href=\"https:\/\/www.iemn.fr\/wp-content\/uploads\/2018\/09\/jcg15.jpg\"><img loading=\"lazy\" decoding=\"async\" aria-describedby=\"caption-attachment-24795\" class=\"wp-image-24795\" src=\"https:\/\/www.iemn.fr\/wp-content\/uploads\/2018\/09\/jcg15.jpg\" alt=\"\" width=\"594\" height=\"145\" srcset=\"https:\/\/www.iemn.fr\/wp-content\/uploads\/2018\/09\/jcg15.jpg 1482w, https:\/\/www.iemn.fr\/wp-content\/uploads\/2018\/09\/jcg15-300x73.jpg 300w, https:\/\/www.iemn.fr\/wp-content\/uploads\/2018\/09\/jcg15-768x188.jpg 768w, https:\/\/www.iemn.fr\/wp-content\/uploads\/2018\/09\/jcg15-1030x252.jpg 1030w, https:\/\/www.iemn.fr\/wp-content\/uploads\/2018\/09\/jcg15-705x172.jpg 705w\" sizes=\"auto, (max-width: 594px) 100vw, 594px\" \/><\/a><p id=\"caption-attachment-24795\" class=\"wp-caption-text\">Fig. 5: Installation of a network of MMEMS JS on a base: left, assembly of 24 JS on an actuator holder - right, diagram of the model with interchangeable base used in the wind tunnel.<\/p><\/div>\n<p align=\"justify\" class=\"translation-block\">After a teaching position as an ATER for a year at <a href=\"http:\/\/centralelille.fr\/\" target=\"_self\">Centrale Lill<\/a><a href=\"http:\/\/centralelille.fr\/\" target=\"_self\">e<\/a> and after having trained a post-doc and a PhD student in clean room on the realization of multiphysics sensors measuring temperature, pressure and velocity, he is recruited the <a href=\"https:\/\/sattnord. fr\/\" target=\"_self\">SATT Nord<\/a> (Soci\u00e9t\u00e9 d'Acc\u00e9l\u00e9ration du Transfert de Technologie) in 2016 on a CDI Chantier for a position of maturation engineer where he participates in the development of a focused-wave acoustic clamp using the properties of a piezoelectric material (Fig. 6) as part of the Acoustipince project (see p. 14: <a href=\"https:\/\/www.satt.fr\/wp-content\/uploads\/2018\/01\/rapport-dactivite-pdf-interactif-2016.pdf\" target=\"_self\">https:\/\/www.satt.fr\/wp-content\/uploads\/2018\/01\/rapport-dactivite-pdf-interactif-2016.pdf<\/a>) at the IEMN Level 2 Biology laboratory for non-contact manipulation of micro-objects (polystyrene beads) and, eventually, living cells, in collaboration with biologists. The system can be adapted to inverted microscopes.<\/p>\n<div id=\"attachment_24797\" style=\"width: 518px\" class=\"wp-caption aligncenter\"><a href=\"https:\/\/www.iemn.fr\/wp-content\/uploads\/2018\/09\/jcg16.jpg\"><img loading=\"lazy\" decoding=\"async\" aria-describedby=\"caption-attachment-24797\" class=\"wp-image-24797\" src=\"https:\/\/www.iemn.fr\/wp-content\/uploads\/2018\/09\/jcg16.jpg\" alt=\"\" width=\"508\" height=\"242\" srcset=\"https:\/\/www.iemn.fr\/wp-content\/uploads\/2018\/09\/jcg16.jpg 1178w, https:\/\/www.iemn.fr\/wp-content\/uploads\/2018\/09\/jcg16-300x143.jpg 300w, https:\/\/www.iemn.fr\/wp-content\/uploads\/2018\/09\/jcg16-768x366.jpg 768w, https:\/\/www.iemn.fr\/wp-content\/uploads\/2018\/09\/jcg16-1030x491.jpg 1030w, https:\/\/www.iemn.fr\/wp-content\/uploads\/2018\/09\/jcg16-705x336.jpg 705w\" sizes=\"auto, (max-width: 508px) 100vw, 508px\" \/><\/a><p id=\"caption-attachment-24797\" class=\"wp-caption-text translation-block\">Fig. 6: Focused wave acoustic clamp (Acoustipince project)<br>Photo of the acoustic clamp and schematic diagram of a focused wave vortex<\/p><\/div>\n<p class=\"translation-block\">This work is carried out under the direction of Ms. Ouafae Cohin, project leader on the SATT * Nord side and <a href=\"http:\/\/films-lab.univ-lille1.fr\/michael\/\" target=\"_self\">Micha\u00ebl Baudoin<\/a>, project leader on the IEMN side.<\/p>\n<p align=\"justify\">In conclusion, his pleasure in designing and mastering a wide range of technological processes and machines has allowed Jean-Claude to shape a multi-faceted career path. It is quite natural that he turned to his current maturation project - an interdisciplinary project that offers prospects for industry or start-ups. To carry out this project, Jean-Claude, like any good researcher and especially for this project, uses his creativity, responsiveness and adaptability on a daily basis. In order to meet the deadlines, he must also be autonomous during each phase of the development chain and be a good communicator. We can also add another valuable quality that allowed us to draw up this portrait: his sense of collaboration.<\/p>\n<blockquote>\n<p>And to close this work, here is a quote from Jean-Claude, both theoretical and practical, to be meditated without restriction for researchers but also in everyday life:<\/p>\n<p><strong>\"For every problem, there is at least one solution. And, finding as many solutions as possible allows you to choose the best one.\"<br \/>\n<\/strong><\/p>\n<\/blockquote>\n<p align=\"justify\" class=\"translation-block\">* The <a href=\"https:\/\/www.satt.fr\/\" target=\"_self\">SATT<\/a> emerged from the \"investments of the future\" program launched by the government in 2010 in the form of calls for projects to increase innovation in France. Part of a national network of 14 entities, the Soci\u00e9t\u00e9 d'Acc\u00e9l\u00e9ration du Transfert de Technologie du Nord, which has covered the upper part of the territory (Hauts-de-France and Champagne Ardennes) since 2012, supports laboratories in the development of their projects. With a multidisciplinary team (project managers, business managers and legal experts), it applies its know-how to the maturation of projects, applied to the entire R&amp;D chain, supporting its expertise at each phase of development, from the detection of innovation potential and the analysis of patentability for which it drafts intellectual property reports to the marketing of the technique or product.<\/p>\n<p style=\"text-align: right;\">(c) <em>Author: Karine Perrot - IEMN-ECM<\/em><\/p>\n<\/div><\/section>","protected":false},"excerpt":{"rendered":"","protected":false},"author":2,"featured_media":0,"parent":24668,"menu_order":7,"comment_status":"closed","ping_status":"closed","template":"","meta":{"footnotes":""},"class_list":["post-22121","page","type-page","status-publish","hentry"],"_links":{"self":[{"href":"https:\/\/www.iemn.fr\/en\/wp-json\/wp\/v2\/pages\/22121","targetHints":{"allow":["GET"]}}],"collection":[{"href":"https:\/\/www.iemn.fr\/en\/wp-json\/wp\/v2\/pages"}],"about":[{"href":"https:\/\/www.iemn.fr\/en\/wp-json\/wp\/v2\/types\/page"}],"author":[{"embeddable":true,"href":"https:\/\/www.iemn.fr\/en\/wp-json\/wp\/v2\/users\/2"}],"replies":[{"embeddable":true,"href":"https:\/\/www.iemn.fr\/en\/wp-json\/wp\/v2\/comments?post=22121"}],"version-history":[{"count":0,"href":"https:\/\/www.iemn.fr\/en\/wp-json\/wp\/v2\/pages\/22121\/revisions"}],"up":[{"embeddable":true,"href":"https:\/\/www.iemn.fr\/en\/wp-json\/wp\/v2\/pages\/24668"}],"wp:attachment":[{"href":"https:\/\/www.iemn.fr\/en\/wp-json\/wp\/v2\/media?parent=22121"}],"curies":[{"name":"wp","href":"https:\/\/api.w.org\/{rel}","templated":true}]}}