{"id":22077,"date":"2018-09-10T11:45:57","date_gmt":"2018-09-10T09:45:57","guid":{"rendered":"https:\/\/www.iemn.fr\/?page_id=22077"},"modified":"2019-04-04T13:57:00","modified_gmt":"2019-04-04T11:57:00","slug":"dominique-vignaud","status":"publish","type":"page","link":"https:\/\/www.iemn.fr\/en\/la-recherche\/les-groupes\/epiphy\/members\/dominique-vignaud","title":{"rendered":"Dominique VIGNAUD"},"content":{"rendered":"<div id='layer_slider_1'  class='avia-layerslider main_color avia-shadow  avia-builder-el-0  el_before_av_submenu  avia-builder-el-first  container_wrap sidebar_right'  style='height: 261px;'  ><div id=\"layerslider_17_mbytpwvchz3x\" data-ls-slug=\"homepageslider\" class=\"ls-wp-container fitvidsignore ls-selectable\" style=\"width:1140px;height:260px;margin:0 auto;margin-bottom: 0px;\"><div class=\"ls-slide\" data-ls=\"bgposition:50% 50%;duration:6000;transition2d:5;\"><img loading=\"lazy\" decoding=\"async\" width=\"2600\" height=\"270\" src=\"https:\/\/www.iemn.fr\/wp-content\/uploads\/2018\/09\/sliders_groupe_epiphy_four1.jpg\" class=\"ls-bg\" alt=\"\" srcset=\"https:\/\/www.iemn.fr\/wp-content\/uploads\/2018\/09\/sliders_groupe_epiphy_four1.jpg 2600w, https:\/\/www.iemn.fr\/wp-content\/uploads\/2018\/09\/sliders_groupe_epiphy_four1-300x31.jpg 300w, https:\/\/www.iemn.fr\/wp-content\/uploads\/2018\/09\/sliders_groupe_epiphy_four1-768x80.jpg 768w, https:\/\/www.iemn.fr\/wp-content\/uploads\/2018\/09\/sliders_groupe_epiphy_four1-1030x107.jpg 1030w, https:\/\/www.iemn.fr\/wp-content\/uploads\/2018\/09\/sliders_groupe_epiphy_four1-1500x156.jpg 1500w, https:\/\/www.iemn.fr\/wp-content\/uploads\/2018\/09\/sliders_groupe_epiphy_four1-705x73.jpg 705w\" sizes=\"auto, (max-width: 2600px) 100vw, 2600px\" \/><ls-layer style=\"font-size:14px;text-align:left;font-style:normal;text-decoration:none;text-transform:none;font-weight:700;letter-spacing:0px;background-position:0% 0%;background-repeat:no-repeat;mix-blend-mode:normal;top:231px;left:0px;height:30px;width:320px;line-height:32px;color:#ffffff;border-radius:6px 6px 6px 6px;padding-left:50px;background-color:rgba(0, 0, 0, 0.57);\" class=\"ls-l ls-ib-icon ls-text-layer\" data-ls=\"minfontsize:0;minmobilefontsize:0;\"><i class=\"fa fa-user-circle\" style=\"color:#f2f2f2;margin-right:0.8em;font-size:1em;transform:translateY( -0.125em );\"><\/i>GROUPE DE RECHERCHE : EPIPHY<\/ls-layer><\/div><div class=\"ls-slide\" data-ls=\"duration:4000;transition2d:5;\"><img loading=\"lazy\" decoding=\"async\" width=\"2600\" height=\"270\" src=\"https:\/\/www.iemn.fr\/wp-content\/uploads\/2018\/04\/sliders_epiphy.jpg\" class=\"ls-bg\" alt=\"\" srcset=\"https:\/\/www.iemn.fr\/wp-content\/uploads\/2018\/04\/sliders_epiphy.jpg 2600w, https:\/\/www.iemn.fr\/wp-content\/uploads\/2018\/04\/sliders_epiphy-300x31.jpg 300w, https:\/\/www.iemn.fr\/wp-content\/uploads\/2018\/04\/sliders_epiphy-768x80.jpg 768w, https:\/\/www.iemn.fr\/wp-content\/uploads\/2018\/04\/sliders_epiphy-1030x107.jpg 1030w, https:\/\/www.iemn.fr\/wp-content\/uploads\/2018\/04\/sliders_epiphy-1500x156.jpg 1500w, https:\/\/www.iemn.fr\/wp-content\/uploads\/2018\/04\/sliders_epiphy-705x73.jpg 705w\" sizes=\"auto, (max-width: 2600px) 100vw, 2600px\" \/><ls-layer style=\"font-size:14px;text-align:left;font-style:normal;text-decoration:none;text-transform:none;font-weight:700;letter-spacing:0px;background-position:0% 0%;background-repeat:no-repeat;mix-blend-mode:normal;top:231px;left:0px;height:30px;width:320px;line-height:32px;color:#ffffff;border-radius:6px 6px 6px 6px;padding-left:50px;background-color:rgba(0, 0, 0, 0.57);\" class=\"ls-l ls-ib-icon ls-text-layer\" data-ls=\"minfontsize:0;minmobilefontsize:0;\"><i class=\"fa fa-user-circle\" style=\"color:#f2f2f2;margin-right:0.8em;font-size:1em;transform:translateY( -0.125em );\"><\/i>GROUPE DE RECHERCHE : EPIPHY<\/ls-layer><\/div><div class=\"ls-slide\" data-ls=\"duration:4000;transition2d:5;\"><img loading=\"lazy\" decoding=\"async\" width=\"2600\" height=\"270\" src=\"https:\/\/www.iemn.fr\/wp-content\/uploads\/2017\/04\/sliders_page-daccueil1_7.gif\" class=\"ls-bg\" alt=\"\" \/><ls-layer style=\"font-size:14px;text-align:left;font-style:normal;text-decoration:none;text-transform:none;font-weight:700;letter-spacing:0px;background-position:0% 0%;background-repeat:no-repeat;mix-blend-mode:normal;top:231px;left:0px;height:30px;width:320px;line-height:32px;color:#ffffff;border-radius:6px 6px 6px 6px;padding-left:50px;background-color:rgba(0, 0, 0, 0.57);\" class=\"ls-l ls-ib-icon ls-text-layer\" data-ls=\"minfontsize:0;minmobilefontsize:0;\"><i class=\"fa fa-user-circle\" style=\"color:#f2f2f2;margin-right:0.8em;font-size:1em;transform:translateY( -0.125em );\"><\/i>GROUPE DE RECHERCHE : EPIPHY<\/ls-layer><\/div><div class=\"ls-slide\" data-ls=\"duration:4000;transition2d:5;\"><img loading=\"lazy\" decoding=\"async\" width=\"2600\" height=\"270\" src=\"https:\/\/www.iemn.fr\/wp-content\/uploads\/2018\/09\/sliders_groupe_epiphy4-2.jpg\" class=\"ls-bg\" alt=\"\" srcset=\"https:\/\/www.iemn.fr\/wp-content\/uploads\/2018\/09\/sliders_groupe_epiphy4-2.jpg 2600w, https:\/\/www.iemn.fr\/wp-content\/uploads\/2018\/09\/sliders_groupe_epiphy4-2-300x31.jpg 300w, https:\/\/www.iemn.fr\/wp-content\/uploads\/2018\/09\/sliders_groupe_epiphy4-2-768x80.jpg 768w, https:\/\/www.iemn.fr\/wp-content\/uploads\/2018\/09\/sliders_groupe_epiphy4-2-1030x107.jpg 1030w, https:\/\/www.iemn.fr\/wp-content\/uploads\/2018\/09\/sliders_groupe_epiphy4-2-1500x156.jpg 1500w, https:\/\/www.iemn.fr\/wp-content\/uploads\/2018\/09\/sliders_groupe_epiphy4-2-705x73.jpg 705w\" sizes=\"auto, (max-width: 2600px) 100vw, 2600px\" \/><ls-layer style=\"font-size:14px;text-align:left;font-style:normal;text-decoration:none;text-transform:none;font-weight:700;letter-spacing:0px;background-position:0% 0%;background-repeat:no-repeat;mix-blend-mode:normal;top:231px;left:0px;height:30px;width:320px;line-height:32px;color:#ffffff;border-radius:6px 6px 6px 6px;padding-left:50px;background-color:rgba(0, 0, 0, 0.57);\" class=\"ls-l ls-ib-icon ls-text-layer\" data-ls=\"minfontsize:0;minmobilefontsize:0;\"><i class=\"fa fa-user-circle\" style=\"color:#f2f2f2;margin-right:0.8em;font-size:1em;transform:translateY( -0.125em );\"><\/i>GROUPE DE RECHERCHE : EPIPHY<\/ls-layer><\/div><\/div><\/div>\n<div id='sub_menu1'  class='av-submenu-container av-jrqfadqy-807d5a51dd3616f0d00a06e9b2d077f0 footer_color  avia-builder-el-1  el_after_av_layerslider  el_before_av_heading  submenu-not-first container_wrap sidebar_right' style='z-index:301' ><div class='container av-menu-mobile-disabled av-submenu-pos-left'><ul id='av-custom-submenu-1' class='av-subnav-menu' role='menu'>\n<li class='menu-item av-3zsq89f-ffc7642fa75de1b6dfc25fbf8fffda02 menu-item-top-level menu-item-top-level-1' role='menuitem'><a href='https:\/\/www.iemn.fr\/en\/la-recherche\/les-groupes\/epiphy'  ><span class='avia-bullet'><\/span><span class='avia-menu-text'>Introduction<\/span><\/a><\/li>\n<li class='menu-item av-3kowwb7-cbd4101b660a168347dd585fe7b912bb menu-item-top-level menu-item-top-level-2' role='menuitem'><a href='https:\/\/www.iemn.fr\/en\/la-recherche\/les-groupes\/epiphy\/members'  ><span class='avia-bullet'><\/span><span class='avia-menu-text'>Team members<\/span><\/a><\/li>\n<li class='menu-item av-2za0u8j-e7dcd24be13888719719b23be2667a98 menu-item-top-level menu-item-top-level-3' role='menuitem'><a href='https:\/\/www.iemn.fr\/en\/la-recherche\/les-groupes\/epiphy\/masters-phds'  ><span class='avia-bullet'><\/span><span class='avia-menu-text'>Masters - PhDs<\/span><\/a><\/li>\n<li class='menu-item av-2ctx6ur-b3b4165f8e981d71274790b74aa9a57d menu-item-top-level menu-item-top-level-4' role='menuitem'><a href='https:\/\/www.iemn.fr\/en\/la-recherche\/les-groupes\/epiphy\/equipment'  ><span class='avia-bullet'><\/span><span class='avia-menu-text'>Equipment<\/span><\/a><\/li>\n<li class='menu-item av-23ut8ur-9de78e8ce6ca0f0a9b2931da67ec7e13 menu-item-top-level menu-item-top-level-5' role='menuitem'><a href='https:\/\/www.iemn.fr\/en\/la-recherche\/les-groupes\/epiphy\/on-going-studies'  ><span class='avia-bullet'><\/span><span class='avia-menu-text'>On-going studies<\/span><\/a><\/li>\n<li class='menu-item av-1hoy92r-7edbf0348b8a9fef5ab314b47d22c8e1 menu-item-top-level menu-item-top-level-6' role='menuitem'><a href=''  ><span class='avia-bullet'><\/span><span class='avia-menu-text'>Publications<\/span><\/a><\/li>\n<li class='menu-item av-1d0xq5v-32e604d7fb55911665b880efb096f40c menu-item-top-level menu-item-top-level-7' role='menuitem'><a href='https:\/\/www.iemn.fr\/en\/la-recherche\/les-groupes'  ><span class='avia-bullet'><\/span><span class='avia-menu-text'>Other groups<\/span><\/a><\/li>\n<\/ul><\/div><\/div><div id='after_submenu_1'  class='main_color av_default_container_wrap container_wrap sidebar_right'  ><div class='container av-section-cont-open' ><div class='template-page content  av-content-small alpha units'><div class='post-entry post-entry-type-page post-entry-22077'><div class='entry-content-wrapper clearfix'>\n\n<style type=\"text\/css\" data-created_by=\"avia_inline_auto\" id=\"style-css-av-av_heading-706f6444721f9874e1914e617d9e8540\">\n#top .av-special-heading.av-av_heading-706f6444721f9874e1914e617d9e8540{\npadding-bottom:10px;\n}\nbody .av-special-heading.av-av_heading-706f6444721f9874e1914e617d9e8540 .av-special-heading-tag .heading-char{\nfont-size:25px;\n}\n.av-special-heading.av-av_heading-706f6444721f9874e1914e617d9e8540 .av-subheading{\nfont-size:15px;\n}\n<\/style>\n<div  class='av-special-heading av-av_heading-706f6444721f9874e1914e617d9e8540 av-special-heading-h3  avia-builder-el-2  el_after_av_submenu  el_before_av_textblock  avia-builder-el-first'><h3 class='av-special-heading-tag'  itemprop=\"headline\"  >Dominique VIGNAUD<\/h3><div class=\"special-heading-border\"><div class=\"special-heading-inner-border\"><\/div><\/div><\/div>\n<section  class='av_textblock_section av-av_textblock-445188a952fb265869ea404d0e52fad7'   itemscope=\"itemscope\" itemtype=\"https:\/\/schema.org\/CreativeWork\" ><div class='avia_textblock'  itemprop=\"text\" ><\/p>\n<h4><a href=\"https:\/\/www.iemn.fr\/wp-content\/uploads\/2018\/09\/vignaud_dominique.jpg\"><img loading=\"lazy\" decoding=\"async\" class=\"wp-image-24551 alignright\" src=\"https:\/\/www.iemn.fr\/wp-content\/uploads\/2018\/09\/vignaud_dominique.jpg\" alt=\"\" width=\"200\" height=\"267\" srcset=\"https:\/\/www.iemn.fr\/wp-content\/uploads\/2018\/09\/vignaud_dominique.jpg 300w, https:\/\/www.iemn.fr\/wp-content\/uploads\/2018\/09\/vignaud_dominique-225x300.jpg 225w\" sizes=\"auto, (max-width: 200px) 100vw, 200px\" \/><\/a>Ongoing research projects<\/h4>\n<ul>\n<li>h-BN growth under ultra-high vaccuum conditions<\/li>\n<li>graphene growth by molecular beam epitaxy, angle-resolved photoemission spectroscopy<\/li>\n<\/ul>\n<h4>Former studies<\/h4>\n<ul>\n<li>graphene growth by SiC graphitisation<\/li>\n<li>CVD of graphene on metals<\/li>\n<li>photoluminescence in metamorphic III-V heterostructures with Sb<\/li>\n<li>real-time flux measurements in molecular beam epitaxy<\/li>\n<li>photoluminescence study of arsenide and antimonide heterostructure interfaces<\/li>\n<li>electron lifetime measurements and saturable absorption in heavily p-doped InGaAs and GaAsSb<\/li>\n<li>growth and characterization of diamond films obtained by gas source molecular beam epitaxy<\/li>\n<li>conduction band offset study in GaInP\/GaInAlP heterostructures with strained barriers<\/li>\n<li>photoluminescence of InAs dots grown on metamorphic InAlAs buffers<\/li>\n<li>type II radiative recombinations at the interface in lattice-matched InAlAs\/InP heterostructures<\/li>\n<li>luminescence degradation in GaAlAs\/GaAs and ZnSe\/GaAs heterostructures<\/li>\n<li>lateral straggle study during focused ion beam implantation<\/li>\n<li>optical property study of plastically deformed semiconductors (InSb and GaAs)<\/li>\n<\/ul>\n<h4>CV :<\/h4>\n<ul>\n<li>09\/1979 : graduate student at the 'Laboratoire de Structure et Propri\u00e9t\u00e9s de l'Etat Solide', semiconductor group, (Universit\u00e9 des Sciences et Techniques de Lille, Villeneuve d'Ascq France)<\/li>\n<li>06\/1980 : graduate from ISEN (school of engineering)<\/li>\n<li>06\/1983: 3rd cycle thesis, \"Optical absorption study of dislocation-induced deep-levels in InSb\".<\/li>\n<li>10\/1983 : admission to CNRS<\/li>\n<li>10\/1989: French 'Th\u00e8se d'Etat', \"Optical properties of plastically deformed GaAs\".<\/li>\n<li>10\/1990-09\/1991: post-doctoral research scientist at the Research Laboratory for Electronics, 'Focused ion beam' group (MIT, Cambridge USA)<\/li>\n<li>01\/2000 : move to the 'Institut d'Electronique et de Micro\u00e9lectronique du Nord', epitaxy group, (CNRS-Universit\u00e9 des Sciences et Techniques de Lille, Villeneuve d'Ascq France)<\/li>\n<\/ul>\n<blockquote>\n<h4>Contact:<\/h4>\n<p>tel (33) 0 320 19 78 56<\/p>\n<p><a href=\"mailto:dominique.vignaud@univ-lille.fr\">dominique.vignaud@univ-lille.fr<\/a><\/p>\n<\/blockquote>\n<\/div><\/section>","protected":false},"excerpt":{"rendered":"","protected":false},"author":2,"featured_media":0,"parent":16184,"menu_order":30,"comment_status":"closed","ping_status":"closed","template":"","meta":{"footnotes":""},"class_list":["post-22077","page","type-page","status-publish","hentry"],"_links":{"self":[{"href":"https:\/\/www.iemn.fr\/en\/wp-json\/wp\/v2\/pages\/22077","targetHints":{"allow":["GET"]}}],"collection":[{"href":"https:\/\/www.iemn.fr\/en\/wp-json\/wp\/v2\/pages"}],"about":[{"href":"https:\/\/www.iemn.fr\/en\/wp-json\/wp\/v2\/types\/page"}],"author":[{"embeddable":true,"href":"https:\/\/www.iemn.fr\/en\/wp-json\/wp\/v2\/users\/2"}],"replies":[{"embeddable":true,"href":"https:\/\/www.iemn.fr\/en\/wp-json\/wp\/v2\/comments?post=22077"}],"version-history":[{"count":0,"href":"https:\/\/www.iemn.fr\/en\/wp-json\/wp\/v2\/pages\/22077\/revisions"}],"up":[{"embeddable":true,"href":"https:\/\/www.iemn.fr\/en\/wp-json\/wp\/v2\/pages\/16184"}],"wp:attachment":[{"href":"https:\/\/www.iemn.fr\/en\/wp-json\/wp\/v2\/media?parent=22077"}],"curies":[{"name":"wp","href":"https:\/\/api.w.org\/{rel}","templated":true}]}}