{"id":216,"date":"2012-03-20T09:32:34","date_gmt":"2012-03-20T07:32:34","guid":{"rendered":"https:\/\/www.iemn.fr\/?page_id=216"},"modified":"2025-05-16T16:27:42","modified_gmt":"2025-05-16T14:27:42","slug":"localisation","status":"publish","type":"page","link":"https:\/\/www.iemn.fr\/en\/localisation","title":{"rendered":"Location"},"content":{"rendered":"<style>\n        #container_wrap.container {<br \/>            width: 90%;<br \/>            margin: 20px auto;<br \/>            padding: 20px;<br \/>            background: #fff;<br \/>            border-radius: 10px;<br \/>            box-shadow: 0 0 10px rgba(0,0,0,0.1);<br \/>        }<br \/>        #container_wrap .container * {<br \/>            line-height: 1.6;<br \/>        }<br \/>        #container_wrap .container img {<br \/>            display: block;<br \/>            margin: 20px auto;<br \/>            border-radius: 10px;<br \/>            box-shadow: 0 0 10px rgba(0,0,0,0.1);<br \/>        }<br \/>        #container_wrap.container dl {<br \/>            margin: 20px 0;<br \/>        }<br \/>        #container_wrap.container dt {<br \/>            font-weight: bold;<br \/>        }<br \/>        #container_wrap.container dd {<br \/>            margin-left: 20px;<br \/>            margin-bottom: 10px;<br \/>        }<br \/>        #container_wrap.section-title {<br \/>            margin-top: 40px;<br \/>            font-size: 1.5em;<br \/>            border-bottom: 2px solid #333;<br \/>            padding-bottom: 5px;<br \/>            display: inline-block;<br \/>        }<br \/>        #container_wrap.contact-info, .hours, .directions{<br \/>            padding: 20px;<br \/>            border-top: 1px solid #ddd;<br \/>            margin-top: 20px;<br \/>        }<br \/>        #container_wrap.contact-info, .address{<br \/>            padding: 20px;<br \/>        }<br \/>    <\/style>\n<div class=\"container\">\n<div class=\"address\">\n<h2 class=\"section-title\">The Institute of Electronics, Microelectronics and Nanotechnology (Unit\u00e9 Mixte de Recherche 8520) is located on 5 sites:<\/h2>\n<p>The IEMN's central laboratory is in Villeneuve d'Ascq, but its activities are also carried out in three branches (<a href=\"https:\/\/www.univ-lille.fr\/\" target=\"_blank\" rel=\"noopener\">Lille University of Science and Technology<\/a>, <a href=\"https:\/\/www.uphf.fr\/\" target=\"_blank\" rel=\"noopener\">University of Valenciennes and Hainaut-Cambr\u00e9sis<\/a> and <a href=\"http:\/\/www.isen.fr\/\" target=\"_blank\" rel=\"noopener\">Institut Sup\u00e9rieur d'Electronique et du Num\u00e9rique<\/a>). Finally, some of our staff work at the<a href=\"https:\/\/ircica.univ-lille.fr\/\" target=\"_blank\" rel=\"noopener\">IRCICA<\/a>.<\/p>\n<\/div>\n<div class=\"directions\">\n<h2 class=\"section-title\">Addresses and telephone numbers<\/h2>\n<p>&nbsp;<\/p>\n<p>Cit\u00e9 Scientifique<br \/>\nAvenue Henri Poincar\u00e9<br \/>\nCS 60069<br \/>\n59 652 Villeneuve d'Ascq Cedex, France<\/p>\n<p><strong>Tel.: 03 20 19 79 79 \/ Fax: 03 20 19 78 78<\/strong><\/p>\n<p><span class=\"_fadeIn_m1hgl_8\"><strong>\n<style type=\"text\/css\" data-created_by=\"avia_inline_auto\" id=\"style-css-av-8beps-84e9cfcb73d715fefde7d1b6814c3aba\">\n.av_font_icon.av-8beps-84e9cfcb73d715fefde7d1b6814c3aba{\ncolor:#red;\nborder-color:#red;\n}\n.av_font_icon.av-8beps-84e9cfcb73d715fefde7d1b6814c3aba .av-icon-char{\nfont-size:20px;\nline-height:20px;\n}\n<\/style>\n<span  class='av_font_icon av-8beps-84e9cfcb73d715fefde7d1b6814c3aba avia_animate_when_visible av-icon-style- avia-icon-pos-left avia-icon-animate'><span class='av-icon-char' aria-hidden='true' data-av_icon='\ue889' data-av_iconfont='entypo-fontello' ><\/span><\/span><span style=\"color: #ff6600;\">Pour <\/span><\/strong><\/span><strong><span style=\"color: #ff6600;\"><span class=\"_fadeIn_m1hgl_8\">joindre <\/span><span class=\"_fadeIn_m1hgl_8\">a <\/span><span class=\"_fadeIn_m1hgl_8\">personne <\/span><span class=\"_fadeIn_m1hgl_8\">of <\/span><span class=\"_fadeIn_m1hgl_8\">laboratoire <\/span><span class=\"_fadeIn_m1hgl_8\">par <\/span><span class=\"_fadeIn_m1hgl_8\">e-<\/span><span class=\"_fadeIn_m1hgl_8\">mail, <\/span><span class=\"_fadeIn_m1hgl_8\">il <\/span><span class=\"_fadeIn_m1hgl_8\">vous <\/span><span class=\"_fadeIn_m1hgl_8\">suffit <\/span><span class=\"_fadeIn_m1hgl_8\">d\u2019utiliser <\/span><span class=\"_fadeIn_m1hgl_8\">la <\/span><span class=\"_fadeIn_m1hgl_8\">formule <\/span><span class=\"_fadeIn_m1hgl_8\">suivante :<\/span><\/span><\/strong><br data-start=\"238\" data-end=\"241\" \/><strong data-start=\"241\" data-end=\"263\"><span class=\"_fadeIn_m1hgl_8\">prenom.nom <img loading=\"lazy\" decoding=\"async\" class=\"align=absbottom wp-image-73424\" src=\"https:\/\/www.iemn.fr\/wp-content\/uploads\/2035\/05\/arobase_noir.png\" alt=\"\" width=\"14\" height=\"14\" srcset=\"https:\/\/www.iemn.fr\/wp-content\/uploads\/2035\/05\/arobase_noir.png 24w, https:\/\/www.iemn.fr\/wp-content\/uploads\/2035\/05\/arobase_noir-12x12.png 12w\" sizes=\"auto, (max-width: 14px) 100vw, 14px\" \/>\u00a0<\/span><span class=\"_fadeIn_m1hgl_8\">iemn.fr<\/span><\/strong><br data-start=\"263\" data-end=\"266\" \/><span class=\"_fadeIn_m1hgl_8\">(<\/span><span class=\"_fadeIn_m1hgl_8\">remplacez <\/span><em data-start=\"277\" data-end=\"285\"><span class=\"_fadeIn_m1hgl_8\">prenom<\/span><\/em> <span class=\"_fadeIn_m1hgl_8\">and <\/span><em data-start=\"289\" data-end=\"294\"><span class=\"_fadeIn_m1hgl_8\">nom<\/span><\/em> <span class=\"_fadeIn_m1hgl_8\">par <\/span><span class=\"_fadeIn_m1hgl_8\">ceux <\/span><span class=\"_fadeIn_m1hgl_8\">de <\/span><span class=\"_fadeIn_m1hgl_8\">la <\/span><span class=\"_fadeIn_m1hgl_8\">personne <\/span><span class=\"_fadeIn_m1hgl_8\">que <\/span><span class=\"_fadeIn_m1hgl_8\">vous <\/span><span class=\"_fadeIn_m1hgl_8\">souhaitez <\/span><span class=\"_fadeIn_m1hgl_8\">contacter, <\/span><span class=\"_fadeIn_m1hgl_8\">sans <\/span><span class=\"_fadeIn_m1hgl_8\">accents <\/span><span class=\"_fadeIn_m1hgl_8\">ni <\/span><span class=\"_fadeIn_m1hgl_8\">majuscules).<\/span><\/p>\n<h2 class=\"section-title\">How do I get to the IEMN central laboratory?<\/h2>\n<h3>By train<\/h3>\n<p>From Lille Flandres SNCF station, take metro line 1 towards 4 Cantons and get off at 4 Cantons station.<\/p>\n<p>From Lille Europe SNCF station, take metro line 2 towards St Philibert, change at Lille Flandres station, take line 1 towards 4 Cantons, get off at 4 Cantons station.<\/p>\n<p>When you leave the metro station, turn left and walk up Avenue Poincar\u00e9 for about 150m. You are now at the IEMN.<\/p>\n<h3>By plane<\/h3>\n<p>Lille-Lesquin airport is linked to the centre of Lille by shuttle bus (indicative journey time: 20 minutes). The airport shuttle bus stop is opposite the arrivals hall. In Lille, it is on rue Corbusier, Centre Eurallile.<\/p>\n<h3>By car<\/h3>\n<p>Coming from Lille, Paris, Valenciennes or Brussels, follow signs for Ghent and exit at Cit\u00e9 Scientifique. You are now on the Lille1 campus.<\/p>\n<p>Coming from Ghent, head towards Paris and exit at Cit\u00e9 Scientifique. You are now on the Lille1 campus.<\/p>\n<h3>LCI GPS coordinates<\/h3>\n<p><a href=\"https:\/\/www.google.fr\/maps\/place\/50%C2%B036'13.9%22N+3%C2%B008'15.7%22E\/@50.6038156,3.135395,17z\/data=!4m4!3m3!8m2!3d50.6038735!4d3.137691?entry=ttu\" target=\"_blank\" rel=\"noopener\">50.603873496347,3.1376910209655<\/a><\/p>\n<p><a href=\"https:\/\/www.iemn.fr\/wp-content\/uploads\/2024\/05\/LIEU-IEMN-1.jpg\"><img loading=\"lazy\" decoding=\"async\" class=\"alignnone size-medium wp-image-63928\" src=\"https:\/\/www.iemn.fr\/wp-content\/uploads\/2024\/05\/LIEU-IEMN-1-300x143.jpg\" alt=\"IEMN Laboratory\" width=\"300\" height=\"143\" srcset=\"https:\/\/www.iemn.fr\/wp-content\/uploads\/2024\/05\/LIEU-IEMN-1-300x143.jpg 300w, https:\/\/www.iemn.fr\/wp-content\/uploads\/2024\/05\/LIEU-IEMN-1-1030x492.jpg 1030w, https:\/\/www.iemn.fr\/wp-content\/uploads\/2024\/05\/LIEU-IEMN-1-768x367.jpg 768w, https:\/\/www.iemn.fr\/wp-content\/uploads\/2024\/05\/LIEU-IEMN-1-18x9.jpg 18w, https:\/\/www.iemn.fr\/wp-content\/uploads\/2024\/05\/LIEU-IEMN-1-705x337.jpg 705w, https:\/\/www.iemn.fr\/wp-content\/uploads\/2024\/05\/LIEU-IEMN-1.jpg 1307w\" sizes=\"auto, (max-width: 300px) 100vw, 300px\" \/><\/a><\/p>\n<\/div>\n<div class=\"hours\">\n<h2 class=\"section-title\">Opening hours<\/h2>\n<dl>\n<dt>Monday - Thursday<\/dt>\n<dd>8:30 to 12:00 | 13:30 to 16:30<\/dd>\n<dt>Friday<\/dt>\n<dd>8:30 to 12:00 | 13:30 to 16:00<\/dd>\n<dt>Saturday - Sunday<\/dt>\n<dd>Closed<\/dd>\n<\/dl>\n<\/div>\n<\/div>","protected":false},"excerpt":{"rendered":"<p>L&rsquo;Institut d&rsquo;Electronique, de Micro\u00e9lectronique et de Nanotechnologie (Unit\u00e9 Mixte de Recherche 8520) est implant\u00e9 sur 5 sites : Le laboratoire central de l&rsquo;IEMN se trouve \u00e0 Villeneuve d&rsquo;Ascq mais l&rsquo;activit\u00e9 de l&rsquo;IEMN s&rsquo;effectue \u00e9galement au sein de trois antennes (Universit\u00e9 des Sciences et Technologies de Lille, Universit\u00e9 de Valenciennes et du Hainaut-Cambr\u00e9sis et Institut Sup\u00e9rieur [&hellip;]<\/p>","protected":false},"author":2,"featured_media":0,"parent":0,"menu_order":8,"comment_status":"closed","ping_status":"open","template":"","meta":{"footnotes":""},"class_list":["post-216","page","type-page","status-publish","hentry"],"_links":{"self":[{"href":"https:\/\/www.iemn.fr\/en\/wp-json\/wp\/v2\/pages\/216","targetHints":{"allow":["GET"]}}],"collection":[{"href":"https:\/\/www.iemn.fr\/en\/wp-json\/wp\/v2\/pages"}],"about":[{"href":"https:\/\/www.iemn.fr\/en\/wp-json\/wp\/v2\/types\/page"}],"author":[{"embeddable":true,"href":"https:\/\/www.iemn.fr\/en\/wp-json\/wp\/v2\/users\/2"}],"replies":[{"embeddable":true,"href":"https:\/\/www.iemn.fr\/en\/wp-json\/wp\/v2\/comments?post=216"}],"version-history":[{"count":5,"href":"https:\/\/www.iemn.fr\/en\/wp-json\/wp\/v2\/pages\/216\/revisions"}],"predecessor-version":[{"id":73812,"href":"https:\/\/www.iemn.fr\/en\/wp-json\/wp\/v2\/pages\/216\/revisions\/73812"}],"wp:attachment":[{"href":"https:\/\/www.iemn.fr\/en\/wp-json\/wp\/v2\/media?parent=216"}],"curies":[{"name":"wp","href":"https:\/\/api.w.org\/{rel}","templated":true}]}}