{"id":19632,"date":"2016-07-18T13:39:02","date_gmt":"2016-07-18T11:39:02","guid":{"rendered":"https:\/\/www.iemn.fr?page_id=19632"},"modified":"2024-06-24T20:44:10","modified_gmt":"2024-06-24T18:44:10","slug":"jet-encre","status":"publish","type":"page","link":"https:\/\/www.iemn.fr\/en\/les_plateformes\/cmnf\/depots-couches-minces\/jet-encre","title":{"rendered":"Inkjet printing"},"content":{"rendered":"<div id='layer_slider_1'  class='avia-layerslider main_color avia-shadow  avia-builder-el-0  el_before_av_one_full  avia-builder-el-first  container_wrap sidebar_right'  style='height: 261px;'  ><div id=\"layerslider_26_18qy1p1qzw9q\" data-ls-slug=\"homepageslider\" class=\"ls-wp-container fitvidsignore ls-selectable\" style=\"width:1140px;height:260px;margin:0 auto;margin-bottom: 0px;\"><div class=\"ls-slide\" data-ls=\"duration:6000;transition2d:5;\"><img loading=\"lazy\" decoding=\"async\" width=\"2600\" height=\"270\" src=\"https:\/\/www.iemn.fr\/wp-content\/uploads\/2018\/06\/Slider_CMNF1.jpg\" class=\"ls-bg\" alt=\"\" srcset=\"https:\/\/www.iemn.fr\/wp-content\/uploads\/2018\/06\/Slider_CMNF1.jpg 2600w, https:\/\/www.iemn.fr\/wp-content\/uploads\/2018\/06\/Slider_CMNF1-300x31.jpg 300w, https:\/\/www.iemn.fr\/wp-content\/uploads\/2018\/06\/Slider_CMNF1-768x80.jpg 768w, https:\/\/www.iemn.fr\/wp-content\/uploads\/2018\/06\/Slider_CMNF1-1030x107.jpg 1030w, https:\/\/www.iemn.fr\/wp-content\/uploads\/2018\/06\/Slider_CMNF1-1500x156.jpg 1500w, https:\/\/www.iemn.fr\/wp-content\/uploads\/2018\/06\/Slider_CMNF1-705x73.jpg 705w\" sizes=\"auto, (max-width: 2600px) 100vw, 2600px\" \/><ls-layer style=\"font-size:14px;text-align:left;font-style:normal;text-decoration:none;text-transform:none;font-weight:700;letter-spacing:0px;background-position:0% 0%;background-repeat:no-repeat;mix-blend-mode:normal;top:231px;left:0px;height:30px;width:500px;line-height:32px;color:#ffffff;border-radius:6px 6px 6px 6px;padding-left:50px;background-color:rgba(0, 0, 0, 0.57);\" class=\"ls-l ls-ib-icon ls-text-layer\" data-ls=\"minfontsize:0;minmobilefontsize:0;\"><i class=\"fa fa-user-circle\" style=\"color:#f2f2f2;margin-right:0.8em;font-size:1em;transform:translateY( -0.125em );\"><\/i>PLATEFORME : CENTRALE DE MICRO NANO FABRICATION<\/ls-layer><\/div><div class=\"ls-slide\" data-ls=\"duration:4000;transition2d:5;\"><img loading=\"lazy\" decoding=\"async\" width=\"2600\" height=\"270\" src=\"https:\/\/www.iemn.fr\/wp-content\/uploads\/2018\/06\/Slider_CMNF2.jpg\" class=\"ls-bg\" alt=\"\" srcset=\"https:\/\/www.iemn.fr\/wp-content\/uploads\/2018\/06\/Slider_CMNF2.jpg 2600w, https:\/\/www.iemn.fr\/wp-content\/uploads\/2018\/06\/Slider_CMNF2-300x31.jpg 300w, https:\/\/www.iemn.fr\/wp-content\/uploads\/2018\/06\/Slider_CMNF2-768x80.jpg 768w, https:\/\/www.iemn.fr\/wp-content\/uploads\/2018\/06\/Slider_CMNF2-1030x107.jpg 1030w, https:\/\/www.iemn.fr\/wp-content\/uploads\/2018\/06\/Slider_CMNF2-1500x156.jpg 1500w, https:\/\/www.iemn.fr\/wp-content\/uploads\/2018\/06\/Slider_CMNF2-705x73.jpg 705w\" sizes=\"auto, (max-width: 2600px) 100vw, 2600px\" \/><ls-layer style=\"font-size:14px;text-align:left;font-style:normal;text-decoration:none;text-transform:none;font-weight:700;letter-spacing:0px;background-position:0% 0%;background-repeat:no-repeat;mix-blend-mode:normal;top:231px;left:0px;height:30px;width:500px;line-height:32px;color:#ffffff;border-radius:6px 6px 6px 6px;padding-left:50px;background-color:rgba(0, 0, 0, 0.57);\" class=\"ls-l ls-ib-icon ls-text-layer\" data-ls=\"minfontsize:0;minmobilefontsize:0;\"><i class=\"fa fa-user-circle\" style=\"color:#f2f2f2;margin-right:0.8em;font-size:1em;transform:translateY( -0.125em );\"><\/i>PLATEFORME : CENTRALE DE MICRO NANO FABRICATION<\/ls-layer><\/div><div class=\"ls-slide\" data-ls=\"duration:4000;transition2d:5;\"><img loading=\"lazy\" decoding=\"async\" width=\"2600\" height=\"270\" src=\"https:\/\/www.iemn.fr\/wp-content\/uploads\/2018\/06\/Slider_CMNF3-1.jpg\" class=\"ls-bg\" alt=\"\" srcset=\"https:\/\/www.iemn.fr\/wp-content\/uploads\/2018\/06\/Slider_CMNF3-1.jpg 2600w, https:\/\/www.iemn.fr\/wp-content\/uploads\/2018\/06\/Slider_CMNF3-1-300x31.jpg 300w, https:\/\/www.iemn.fr\/wp-content\/uploads\/2018\/06\/Slider_CMNF3-1-768x80.jpg 768w, https:\/\/www.iemn.fr\/wp-content\/uploads\/2018\/06\/Slider_CMNF3-1-1030x107.jpg 1030w, https:\/\/www.iemn.fr\/wp-content\/uploads\/2018\/06\/Slider_CMNF3-1-1500x156.jpg 1500w, https:\/\/www.iemn.fr\/wp-content\/uploads\/2018\/06\/Slider_CMNF3-1-705x73.jpg 705w\" sizes=\"auto, (max-width: 2600px) 100vw, 2600px\" \/><ls-layer style=\"font-size:14px;text-align:left;font-style:normal;text-decoration:none;text-transform:none;font-weight:700;letter-spacing:0px;background-position:0% 0%;background-repeat:no-repeat;mix-blend-mode:normal;top:231px;left:0px;height:30px;width:500px;line-height:32px;color:#ffffff;border-radius:6px 6px 6px 6px;padding-left:50px;background-color:rgba(0, 0, 0, 0.57);\" class=\"ls-l ls-ib-icon ls-text-layer\" data-ls=\"minfontsize:0;minmobilefontsize:0;\"><i class=\"fa fa-user-circle\" style=\"color:#f2f2f2;margin-right:0.8em;font-size:1em;transform:translateY( -0.125em );\"><\/i>PLATEFORME : CENTRALE DE MICRO NANO FABRICATION<\/ls-layer><\/div><div class=\"ls-slide\" data-ls=\"duration:4000;transition2d:5;\"><img loading=\"lazy\" decoding=\"async\" width=\"2600\" height=\"270\" src=\"https:\/\/www.iemn.fr\/wp-content\/uploads\/2018\/06\/Slider_CMNF4.jpg\" class=\"ls-bg\" alt=\"\" srcset=\"https:\/\/www.iemn.fr\/wp-content\/uploads\/2018\/06\/Slider_CMNF4.jpg 2600w, https:\/\/www.iemn.fr\/wp-content\/uploads\/2018\/06\/Slider_CMNF4-300x31.jpg 300w, https:\/\/www.iemn.fr\/wp-content\/uploads\/2018\/06\/Slider_CMNF4-768x80.jpg 768w, https:\/\/www.iemn.fr\/wp-content\/uploads\/2018\/06\/Slider_CMNF4-1030x107.jpg 1030w, https:\/\/www.iemn.fr\/wp-content\/uploads\/2018\/06\/Slider_CMNF4-1500x156.jpg 1500w, https:\/\/www.iemn.fr\/wp-content\/uploads\/2018\/06\/Slider_CMNF4-705x73.jpg 705w\" sizes=\"auto, (max-width: 2600px) 100vw, 2600px\" \/><ls-layer style=\"font-size:14px;text-align:left;font-style:normal;text-decoration:none;text-transform:none;font-weight:700;letter-spacing:0px;background-position:0% 0%;background-repeat:no-repeat;mix-blend-mode:normal;top:231px;left:0px;height:30px;width:500px;line-height:32px;color:#ffffff;border-radius:6px 6px 6px 6px;padding-left:50px;background-color:rgba(0, 0, 0, 0.57);\" class=\"ls-l ls-ib-icon ls-text-layer\" data-ls=\"minfontsize:0;minmobilefontsize:0;\"><i class=\"fa fa-user-circle\" style=\"color:#f2f2f2;margin-right:0.8em;font-size:1em;transform:translateY( -0.125em );\"><\/i>PLATEFORME : CENTRALE DE MICRO NANO FABRICATION<\/ls-layer><\/div><\/div><\/div><div id='after_layer_slider_1'  class='main_color av_default_container_wrap container_wrap sidebar_right'  ><div class='container av-section-cont-open' ><div class='template-page content  av-content-small alpha units'><div class='post-entry post-entry-type-page post-entry-19632'><div class='entry-content-wrapper clearfix'>\n<div  class='flex_column av-av_one_full-db3c685d37a83d385059f6f31cd9c4a7 av_one_full  avia-builder-el-1  el_after_av_layerslider  el_before_av_three_fourth  avia-builder-el-first  first flex_column_div'     ><p>\n<style type=\"text\/css\" data-created_by=\"avia_inline_auto\" id=\"style-css-av-in488g-de74a7497ed624b91f27a798ac1d7492\">\n#top .av-special-heading.av-in488g-de74a7497ed624b91f27a798ac1d7492{\npadding-bottom:10px;\n}\nbody .av-special-heading.av-in488g-de74a7497ed624b91f27a798ac1d7492 .av-special-heading-tag .heading-char{\nfont-size:25px;\n}\n.av-special-heading.av-in488g-de74a7497ed624b91f27a798ac1d7492 .av-subheading{\nfont-size:15px;\n}\n<\/style>\n<div  class='av-special-heading av-in488g-de74a7497ed624b91f27a798ac1d7492 av-special-heading-h3  avia-builder-el-2  el_before_av_textblock  avia-builder-el-first  av-linked-heading'><h3 class='av-special-heading-tag'  itemprop=\"headline\"  >Impression jet d\u2019encre<\/h3><div class=\"special-heading-border\"><div class=\"special-heading-inner-border\"><\/div><\/div><\/div><br \/>\n<section  class='av_textblock_section av-lxtbtlgo-82787dd5458be9ddf6a7de2cea124bb0'   itemscope=\"itemscope\" itemtype=\"https:\/\/schema.org\/CreativeWork\" ><div class='avia_textblock'  itemprop=\"text\" ><blockquote>\n<p>Contact: Isabelle Roch-Jeune<\/p>\n<\/blockquote>\n<\/div><\/section><\/p><\/div>\n<style type=\"text\/css\" data-created_by=\"avia_inline_auto\" id=\"style-css-av-cnacxww-b91425eab503a6024de205be847f3a3f\">\n.flex_column.av-cnacxww-b91425eab503a6024de205be847f3a3f{\nborder-radius:0px 0px 0px 0px;\npadding:0px 0px 0px 0px;\n}\n<\/style>\n<div  class='flex_column av-cnacxww-b91425eab503a6024de205be847f3a3f av_three_fourth  avia-builder-el-4  el_after_av_one_full  el_before_av_one_fourth  first flex_column_div av-zero-column-padding  column-top-margin'     ><section  class='av_textblock_section av-c04jd74-97a92de84c2b3177c954dd07dc7d08ae'   itemscope=\"itemscope\" itemtype=\"https:\/\/schema.org\/CreativeWork\" ><div class='avia_textblock'  itemprop=\"text\" ><p style=\"text-align: justify;\" class=\"translation-block\">Along with conventional vacuum deposition techniques, CMNF has also invested in <strong>alternative techniques<\/strong> in recent years.<\/p>\n<p style=\"text-align: justify;\">En effet, nous r\u00e9alisons des d\u00e9p\u00f4ts localis\u00e9s par \u00e9criture directe en utilisant la <strong>technique d\u2019impression jet d\u2019encre<\/strong>. Notre machine est \u00e9quip\u00e9e d\u2019une colonne d\u2019impression \u00e0 trois t\u00eates, deux t\u00eates multibuses (128 buses) et une t\u00eate monobuse, permettant de gagner en rapidit\u00e9 d\u2019impression et en r\u00e9alisation de motifs complexes. Nous l\u2019utilisons principalement pour la micro-\u00e9lectronique flexible avec la r\u00e9alisation de composants et circuits actifs ou passifs.<\/p>\n<\/div><\/section><\/div><\/p>\n\n<style type=\"text\/css\" data-created_by=\"avia_inline_auto\" id=\"style-css-av-e4tadao-d0a2f51e05a9fb734299c08785691974\">\n.flex_column.av-e4tadao-d0a2f51e05a9fb734299c08785691974{\nborder-radius:0px 0px 0px 0px;\npadding:0px 0px 0px 0px;\n}\n<\/style>\n<div  class='flex_column av-e4tadao-d0a2f51e05a9fb734299c08785691974 av_one_fourth  avia-builder-el-6  el_after_av_three_fourth  el_before_av_one_full  flex_column_div av-zero-column-padding  column-top-margin'     ><style type=\"text\/css\" data-created_by=\"avia_inline_auto\" id=\"style-css-av-do38uds-322f10409a1ef6d423f713bcd31232f8\">\n.avia-image-container.av-do38uds-322f10409a1ef6d423f713bcd31232f8 img.avia_image{\nbox-shadow:none;\n}\n.avia-image-container.av-do38uds-322f10409a1ef6d423f713bcd31232f8 .av-image-caption-overlay-center{\ncolor:#ffffff;\n}\n<\/style>\n<div  class='avia-image-container av-do38uds-322f10409a1ef6d423f713bcd31232f8 av-styling- avia-align-center  avia-builder-el-7  avia-builder-el-no-sibling'   itemprop=\"image\" itemscope=\"itemscope\" itemtype=\"https:\/\/schema.org\/ImageObject\" ><div class=\"avia-image-container-inner\"><div class=\"avia-image-overlay-wrap\"><img decoding=\"async\" fetchpriority=\"high\" class='wp-image- avia-img-lazy-loading-not- avia_image' src=\"https:\/\/www.iemn.fr\/wp-content\/uploads\/2012\/05\/d\u00e9p\u00f4ts-impression-jet-d-encre-180x180.png\" alt='' title=''   itemprop=\"thumbnailUrl\"  \/><\/div><\/div><\/div><\/div>\n\n<style type=\"text\/css\" data-created_by=\"avia_inline_auto\" id=\"style-css-av-rxf4eo-2bc304ba8aa54fc7c3803a9b5dbe0eff\">\n.flex_column.av-rxf4eo-2bc304ba8aa54fc7c3803a9b5dbe0eff{\nborder-radius:0px 0px 0px 0px;\npadding:0px 0px 0px 0px;\n}\n<\/style>\n<div  class='flex_column av-rxf4eo-2bc304ba8aa54fc7c3803a9b5dbe0eff av_one_full  avia-builder-el-8  el_after_av_one_fourth  el_before_av_three_fifth  first flex_column_div av-zero-column-padding  column-top-margin'     ><section  class='av_textblock_section av-jlgmyk16-995a5999cf03f6aaf91b94f59705a85a'   itemscope=\"itemscope\" itemtype=\"https:\/\/schema.org\/CreativeWork\" ><div class='avia_textblock'  itemprop=\"text\" ><h4>Know-how: some highlights<\/h4>\n<\/div><\/section><\/div>\n<div class='flex_column_table av-bcxn7lc-ef18a0f7ef083a97b903a8ed2707d679 sc-av_three_fifth av-equal-height-column-flextable'>\n<style type=\"text\/css\" data-created_by=\"avia_inline_auto\" id=\"style-css-av-bcxn7lc-ef18a0f7ef083a97b903a8ed2707d679\">\n.flex_column.av-bcxn7lc-ef18a0f7ef083a97b903a8ed2707d679{\nborder-radius:0px 0px 0px 0px;\npadding:0px 0px 0px 0px;\n}\n<\/style>\n<div  class='flex_column av-bcxn7lc-ef18a0f7ef083a97b903a8ed2707d679 av_three_fifth  avia-builder-el-10  el_after_av_one_full  el_before_av_one_fifth  first flex_column_table_cell av-equal-height-column av-align-middle av-zero-column-padding  column-top-margin'     ><section  class='av_textblock_section av-as40btc-f1b44e949f0103fe590f32e9fc91f180'   itemscope=\"itemscope\" itemtype=\"https:\/\/schema.org\/CreativeWork\" ><div class='avia_textblock'  itemprop=\"text\" ><p>\u2013 Transistors en technologie graph\u00e8ne ou nanotubes de carbone (formul\u00e9es par Cambridge) imprim\u00e9s sur substrat flexible Novele (NovaCentrix)<strong><br \/>\n<\/strong><\/p>\n<\/div><\/section><\/div>\n<div class='av-flex-placeholder'><\/div>\n<style type=\"text\/css\" data-created_by=\"avia_inline_auto\" id=\"style-css-av-aho7is0-cf9a93b57e803e1d3ee2538f534d9c3d\">\n.flex_column.av-aho7is0-cf9a93b57e803e1d3ee2538f534d9c3d{\nborder-radius:0px 0px 0px 0px;\npadding:0px 0px 0px 0px;\n}\n<\/style>\n<div  class='flex_column av-aho7is0-cf9a93b57e803e1d3ee2538f534d9c3d av_one_fifth  avia-builder-el-12  el_after_av_three_fifth  el_before_av_one_fifth  flex_column_table_cell av-equal-height-column av-align-middle av-zero-column-padding  column-top-margin'     ><style type=\"text\/css\" data-created_by=\"avia_inline_auto\" id=\"style-css-av-9rrwuls-728d16c4c25c7832cfdc04a8f7799345\">\n.avia-image-container.av-9rrwuls-728d16c4c25c7832cfdc04a8f7799345 img.avia_image{\nbox-shadow:none;\n}\n.avia-image-container.av-9rrwuls-728d16c4c25c7832cfdc04a8f7799345 .av-image-caption-overlay-center{\ncolor:#ffffff;\n}\n<\/style>\n<div  class='avia-image-container av-9rrwuls-728d16c4c25c7832cfdc04a8f7799345 av-styling- avia-align-center  avia-builder-el-13  avia-builder-el-no-sibling'   itemprop=\"image\" itemscope=\"itemscope\" itemtype=\"https:\/\/schema.org\/ImageObject\" ><div class=\"avia-image-container-inner\"><div class=\"avia-image-overlay-wrap\"><img decoding=\"async\" fetchpriority=\"high\" class='wp-image- avia-img-lazy-loading-not- avia_image' src=\"https:\/\/www.iemn.fr\/wp-content\/uploads\/2016\/07\/Ex1-impression-jet-dencre-80x80.png\" alt='' title=''   itemprop=\"thumbnailUrl\"  \/><\/div><\/div><\/div><\/div>\n<div class='av-flex-placeholder'><\/div>\n<style type=\"text\/css\" data-created_by=\"avia_inline_auto\" id=\"style-css-av-99vh9f4-7403885c6e288a547d4b6570aadcc95d\">\n.flex_column.av-99vh9f4-7403885c6e288a547d4b6570aadcc95d{\nborder-radius:0px 0px 0px 0px;\npadding:0px 0px 0px 0px;\n}\n<\/style>\n<div  class='flex_column av-99vh9f4-7403885c6e288a547d4b6570aadcc95d av_one_fifth  avia-builder-el-14  el_after_av_one_fifth  el_before_av_three_fifth  flex_column_table_cell av-equal-height-column av-align-middle av-zero-column-padding  column-top-margin'     ><style type=\"text\/css\" data-created_by=\"avia_inline_auto\" id=\"style-css-av-8scx2mo-10f47bb4cbe106fcf4b95afba10281f4\">\n#top .av_textblock_section.av-8scx2mo-10f47bb4cbe106fcf4b95afba10281f4 .avia_textblock{\nfont-size:10px;\n}\n<\/style>\n<section  class='av_textblock_section av-8scx2mo-10f47bb4cbe106fcf4b95afba10281f4'   itemscope=\"itemscope\" itemtype=\"https:\/\/schema.org\/CreativeWork\" ><div class='avia_textblock'  itemprop=\"text\" ><p style=\"text-align: justify;\" class=\"translation-block\"><em>1. Graphene Field Effect Transistors (carbon group), graphene ink channel, Ag ink electrodes, <\/em><em>Parylene C dielectric processed by SF6 plasma<\/em>.<\/p>\n<\/div><\/section><\/div><\/div><!--close column table wrapper. Autoclose: 1 -->\n<div class='flex_column_table av-8kqe3lc-5b7f4e9b8911f26b0f00c0d4650a4c6a sc-av_three_fifth av-equal-height-column-flextable'>\n<style type=\"text\/css\" data-created_by=\"avia_inline_auto\" id=\"style-css-av-8kqe3lc-5b7f4e9b8911f26b0f00c0d4650a4c6a\">\n.flex_column.av-8kqe3lc-5b7f4e9b8911f26b0f00c0d4650a4c6a{\nborder-radius:0px 0px 0px 0px;\npadding:0px 0px 0px 0px;\n}\n<\/style>\n<div  class='flex_column av-8kqe3lc-5b7f4e9b8911f26b0f00c0d4650a4c6a av_three_fifth  avia-builder-el-16  el_after_av_one_fifth  el_before_av_one_fifth  first flex_column_table_cell av-equal-height-column av-align-middle av-zero-column-padding  column-top-margin'     ><section  class='av_textblock_section av-7v8k9f4-01c90a0383bf8f91bca60f379ee1201b'   itemscope=\"itemscope\" itemtype=\"https:\/\/schema.org\/CreativeWork\" ><div class='avia_textblock'  itemprop=\"text\" ><p>\u2013 Dispositifs passifs en Ag sur flexible (Novele ou Kapton) par impression jet d\u2019encre<\/p>\n<\/div><\/section><\/div>\n<div class='av-flex-placeholder'><\/div>\n<style type=\"text\/css\" data-created_by=\"avia_inline_auto\" id=\"style-css-av-7hroucw-c5717e4df76bbe8763b45e212dbdda32\">\n.flex_column.av-7hroucw-c5717e4df76bbe8763b45e212dbdda32{\nborder-radius:0px 0px 0px 0px;\npadding:0px 0px 0px 0px;\n}\n<\/style>\n<div  class='flex_column av-7hroucw-c5717e4df76bbe8763b45e212dbdda32 av_one_fifth  avia-builder-el-18  el_after_av_three_fifth  el_before_av_one_fifth  flex_column_table_cell av-equal-height-column av-align-middle av-zero-column-padding  column-top-margin'     ><style type=\"text\/css\" data-created_by=\"avia_inline_auto\" id=\"style-css-av-6xx28y8-c2592cb67af14f0dbaa192a2d796a650\">\n.avia-image-container.av-6xx28y8-c2592cb67af14f0dbaa192a2d796a650 img.avia_image{\nbox-shadow:none;\n}\n.avia-image-container.av-6xx28y8-c2592cb67af14f0dbaa192a2d796a650 .av-image-caption-overlay-center{\ncolor:#ffffff;\n}\n<\/style>\n<div  class='avia-image-container av-6xx28y8-c2592cb67af14f0dbaa192a2d796a650 av-styling- avia-align-center  avia-builder-el-19  avia-builder-el-no-sibling'   itemprop=\"image\" itemscope=\"itemscope\" itemtype=\"https:\/\/schema.org\/ImageObject\" ><div class=\"avia-image-container-inner\"><div class=\"avia-image-overlay-wrap\"><img decoding=\"async\" fetchpriority=\"high\" class='wp-image- avia-img-lazy-loading-not- avia_image' src=\"https:\/\/www.iemn.fr\/wp-content\/uploads\/2016\/07\/Ex2-impression-jet-dencre-80x80.png\" alt='' title=''   itemprop=\"thumbnailUrl\"  \/><\/div><\/div><\/div><\/div>\n<div class='av-flex-placeholder'><\/div>\n<style type=\"text\/css\" data-created_by=\"avia_inline_auto\" id=\"style-css-av-6hz6iy8-085f214d47220339860638905144af08\">\n.flex_column.av-6hz6iy8-085f214d47220339860638905144af08{\nborder-radius:0px 0px 0px 0px;\npadding:0px 0px 0px 0px;\n}\n<\/style>\n<div  class='flex_column av-6hz6iy8-085f214d47220339860638905144af08 av_one_fifth  avia-builder-el-20  el_after_av_one_fifth  el_before_av_three_fifth  flex_column_table_cell av-equal-height-column av-align-middle av-zero-column-padding  column-top-margin'     ><style type=\"text\/css\" data-created_by=\"avia_inline_auto\" id=\"style-css-av-m5ickw-ea82bfae4cf652478532baf183682325\">\n#top .av_textblock_section.av-m5ickw-ea82bfae4cf652478532baf183682325 .avia_textblock{\nfont-size:10px;\n}\n<\/style>\n<section  class='av_textblock_section av-m5ickw-ea82bfae4cf652478532baf183682325'   itemscope=\"itemscope\" itemtype=\"https:\/\/schema.org\/CreativeWork\" ><div class='avia_textblock'  itemprop=\"text\" ><p style=\"text-align: justify;\"><em>2. Dispositif Ag passif sur flexible, 1\u00b5m d\u2019\u00e9paisseur, Recuit : 150\u00b0C 40min (Carbon group)<br \/>\n<\/em><\/p>\n<\/div><\/section><\/div><\/div><!--close column table wrapper. Autoclose: 1 -->\n<div class='flex_column_table av-l96ifk-bc4634b532ed2e714d5b7946d1a592e1 sc-av_three_fifth av-equal-height-column-flextable'>\n<style type=\"text\/css\" data-created_by=\"avia_inline_auto\" id=\"style-css-av-l96ifk-bc4634b532ed2e714d5b7946d1a592e1\">\n.flex_column.av-l96ifk-bc4634b532ed2e714d5b7946d1a592e1{\nborder-radius:0px 0px 0px 0px;\npadding:0px 0px 0px 0px;\n}\n<\/style>\n<div  class='flex_column av-l96ifk-bc4634b532ed2e714d5b7946d1a592e1 av_three_fifth  avia-builder-el-22  el_after_av_one_fifth  el_before_av_one_fifth  first flex_column_table_cell av-equal-height-column av-align-middle av-zero-column-padding  column-top-margin'     ><\/div>\n<div class='av-flex-placeholder'><\/div>\n<style type=\"text\/css\" data-created_by=\"avia_inline_auto\" id=\"style-css-av-hse21c-1591d3f828f0f9611587cdd8a4265582\">\n.flex_column.av-hse21c-1591d3f828f0f9611587cdd8a4265582{\nborder-radius:0px 0px 0px 0px;\npadding:0px 0px 0px 0px;\n}\n<\/style>\n<div  class='flex_column av-hse21c-1591d3f828f0f9611587cdd8a4265582 av_one_fifth  avia-builder-el-23  el_after_av_three_fifth  el_before_av_one_fifth  flex_column_table_cell av-equal-height-column av-align-middle av-zero-column-padding  column-top-margin'     ><\/div>\n<div class='av-flex-placeholder'><\/div>\n<style type=\"text\/css\" data-created_by=\"avia_inline_auto\" id=\"style-css-av-3t1zo7k-e03dbf4810700bb766205874b7a8fa02\">\n.flex_column.av-3t1zo7k-e03dbf4810700bb766205874b7a8fa02{\nborder-radius:0px 0px 0px 0px;\npadding:0px 0px 0px 0px;\n}\n<\/style>\n<div  class='flex_column av-3t1zo7k-e03dbf4810700bb766205874b7a8fa02 av_one_fifth  avia-builder-el-24  el_after_av_one_fifth  avia-builder-el-last  flex_column_table_cell av-equal-height-column av-align-middle av-zero-column-padding  column-top-margin'     ><\/div><\/div><!--close column table wrapper. Autoclose: 1 -->","protected":false},"excerpt":{"rendered":"","protected":false},"author":2,"featured_media":0,"parent":10722,"menu_order":15,"comment_status":"closed","ping_status":"closed","template":"","meta":{"footnotes":""},"class_list":["post-19632","page","type-page","status-publish","hentry"],"_links":{"self":[{"href":"https:\/\/www.iemn.fr\/en\/wp-json\/wp\/v2\/pages\/19632","targetHints":{"allow":["GET"]}}],"collection":[{"href":"https:\/\/www.iemn.fr\/en\/wp-json\/wp\/v2\/pages"}],"about":[{"href":"https:\/\/www.iemn.fr\/en\/wp-json\/wp\/v2\/types\/page"}],"author":[{"embeddable":true,"href":"https:\/\/www.iemn.fr\/en\/wp-json\/wp\/v2\/users\/2"}],"replies":[{"embeddable":true,"href":"https:\/\/www.iemn.fr\/en\/wp-json\/wp\/v2\/comments?post=19632"}],"version-history":[{"count":0,"href":"https:\/\/www.iemn.fr\/en\/wp-json\/wp\/v2\/pages\/19632\/revisions"}],"up":[{"embeddable":true,"href":"https:\/\/www.iemn.fr\/en\/wp-json\/wp\/v2\/pages\/10722"}],"wp:attachment":[{"href":"https:\/\/www.iemn.fr\/en\/wp-json\/wp\/v2\/media?parent=19632"}],"curies":[{"name":"wp","href":"https:\/\/api.w.org\/{rel}","templated":true}]}}